{"id":57493,"date":"2025-03-07T11:36:39","date_gmt":"2025-03-07T10:36:39","guid":{"rendered":"https:\/\/ecoprogress.eu\/kontakt\/"},"modified":"2025-03-11T11:19:25","modified_gmt":"2025-03-11T10:19:25","slug":"kontakt","status":"publish","type":"page","link":"https:\/\/ecoprogress.eu\/de\/kontakt\/","title":{"rendered":"Kontakt"},"content":{"rendered":"\t\t<div data-elementor-type=\"wp-page\" data-elementor-id=\"57493\" class=\"elementor elementor-57493 elementor-564\" data-elementor-post-type=\"page\">\n\t\t\t\t\t\t<section class=\"elementor-section elementor-top-section elementor-element elementor-element-5788f3a avo-section-mode1 elementor-section-full_width elementor-section-height-default elementor-section-height-default\" data-id=\"5788f3a\" data-element_type=\"section\" data-e-type=\"section\" data-settings=\"{&quot;background_background&quot;:&quot;classic&quot;}\">\n\t\t\t\t\t\t<div class=\"elementor-container elementor-column-gap-no\">\n\t\t\t\t\t<div class=\"elementor-column elementor-col-100 elementor-top-column elementor-element elementor-element-a5605c6\" data-id=\"a5605c6\" data-element_type=\"column\" data-e-type=\"column\">\n\t\t\t<div class=\"elementor-widget-wrap elementor-element-populated\">\n\t\t\t\t\t\t<div class=\"elementor-element elementor-element-8ab7ecf elementor-widget elementor-widget-heading\" data-id=\"8ab7ecf\" data-element_type=\"widget\" data-e-type=\"widget\" data-widget_type=\"heading.default\">\n\t\t\t\t\t<h2 class=\"elementor-heading-title elementor-size-default\">Kontakt<\/h2>\t\t\t\t<\/div>\n\t\t\t\t\t<\/div>\n\t\t<\/div>\n\t\t\t\t\t<\/div>\n\t\t<\/section>\n\t\t\t\t<section class=\"elementor-section elementor-top-section elementor-element elementor-element-40096b1 elementor-section-boxed elementor-section-height-default elementor-section-height-default\" data-id=\"40096b1\" data-element_type=\"section\" data-e-type=\"section\">\n\t\t\t\t\t\t<div class=\"elementor-container elementor-column-gap-default\">\n\t\t\t\t\t<div class=\"elementor-column elementor-col-33 elementor-top-column elementor-element elementor-element-8506ed8\" data-id=\"8506ed8\" data-element_type=\"column\" data-e-type=\"column\">\n\t\t\t<div class=\"elementor-widget-wrap elementor-element-populated\">\n\t\t\t\t\t\t<div class=\"elementor-element elementor-element-f9008a7 elementor-view-default elementor-position-block-start elementor-mobile-position-block-start elementor-widget elementor-widget-icon-box\" data-id=\"f9008a7\" data-element_type=\"widget\" data-e-type=\"widget\" data-widget_type=\"icon-box.default\">\n\t\t\t\t\t\t\t<div class=\"elementor-icon-box-wrapper\">\n\n\t\t\t\t\t\t<div class=\"elementor-icon-box-icon\">\n\t\t\t\t<span  class=\"elementor-icon\">\n\t\t\t\t<svg xmlns=\"http:\/\/www.w3.org\/2000\/svg\" xmlns:xlink=\"http:\/\/www.w3.org\/1999\/xlink\" id=\"Capa_1\" x=\"0px\" y=\"0px\" viewBox=\"0 0 512 512\" style=\"enable-background:new 0 0 512 512;\" xml:space=\"preserve\">  <g>\t<g>\t\t<path d=\"M467,76H45C20.137,76,0,96.262,0,121v270c0,24.885,20.285,45,45,45h422c24.655,0,45-20.03,45-45V121   C512,96.306,491.943,76,467,76z M460.698,106c-9.194,9.145-167.415,166.533-172.878,171.967c-8.5,8.5-19.8,13.18-31.82,13.18   s-23.32-4.681-31.848-13.208C220.478,274.284,64.003,118.634,51.302,106H460.698z M30,384.894V127.125L159.638,256.08L30,384.894z    M51.321,406l129.587-128.763l22.059,21.943c14.166,14.166,33,21.967,53.033,21.967c20.033,0,38.867-7.801,53.005-21.939   l22.087-21.971L460.679,406H51.321z M482,384.894L352.362,256.08L482,127.125V384.894z\"><\/path>\t<\/g><\/g>  <g><\/g>  <g><\/g>  <g><\/g>  <g><\/g>  <g><\/g>  <g><\/g>  <g><\/g>  <g><\/g>  <g><\/g>  <g><\/g>  <g><\/g>  <g><\/g>  <g><\/g>  <g><\/g>  <g><\/g><\/svg>\t\t\t\t<\/span>\n\t\t\t<\/div>\n\t\t\t\n\t\t\t\t\t\t<div class=\"elementor-icon-box-content\">\n\n\t\t\t\t\t\t\t\t\t<h4 class=\"elementor-icon-box-title\">\n\t\t\t\t\t\t<span  >\n\t\t\t\t\t\t\tKONTAKTANGABEN\t\t\t\t\t\t<\/span>\n\t\t\t\t\t<\/h4>\n\t\t\t\t\n\t\t\t\t\t\t\t\t\t<p class=\"elementor-icon-box-description\">\n\t\t\t\t\t\t<a href=\"mailto:%20ecoprogress@ecoprogress.eu\" style=\"color: black\">ecoprogress@ecoprogress.eu<\/a>\n<br><a href=\"mailto:%20marian.petrla@ecoprogress.eu\" style=\"color: black\">marian.petrla@ecoprogress.eu<\/a>\n\n<br><a href=\"tel:+421910322236\" style=\"color: black\">+421 910 322 236<\/a>\n<br><a href=\"tel:+421%20911%20459%20416\" style=\"color: black\">+421 911 459 416<\/a>\n\t\t\t\t\t<\/p>\n\t\t\t\t\n\t\t\t<\/div>\n\t\t\t\n\t\t<\/div>\n\t\t\t\t\t\t<\/div>\n\t\t\t\t<div class=\"elementor-element elementor-element-9d1cefc elementor-shape-circle elementor-grid-0 e-grid-align-center elementor-widget elementor-widget-social-icons\" data-id=\"9d1cefc\" data-element_type=\"widget\" data-e-type=\"widget\" data-widget_type=\"social-icons.default\">\n\t\t\t\t\t\t\t<div class=\"elementor-social-icons-wrapper elementor-grid\" role=\"list\">\n\t\t\t\t\t\t\t<span class=\"elementor-grid-item\" role=\"listitem\">\n\t\t\t\t\t<a class=\"elementor-icon elementor-social-icon elementor-social-icon- elementor-repeater-item-d1d6f04\" href=\"https:\/\/www.facebook.com\/ecoprogress.eu\" target=\"_blank\">\n\t\t\t\t\t\t<span class=\"elementor-screen-only\"><\/span>\n\t\t\t\t\t\t<svg xmlns=\"http:\/\/www.w3.org\/2000\/svg\" xmlns:xlink=\"http:\/\/www.w3.org\/1999\/xlink\" id=\"Capa_1\" x=\"0px\" y=\"0px\" viewBox=\"0 0 155.139 155.139\" style=\"enable-background:new 0 0 155.139 155.139;\" xml:space=\"preserve\">  <g>\t<path id=\"f_1_\" style=\"fill:#010002;\" d=\"M89.584,155.139V84.378h23.742l3.562-27.585H89.584V39.184  c0-7.984,2.208-13.425,13.67-13.425l14.595-0.006V1.08C115.325,0.752,106.661,0,96.577,0C75.52,0,61.104,12.853,61.104,36.452  v20.341H37.29v27.585h23.814v70.761H89.584z\"><\/path><\/g>  <g><\/g>  <g><\/g>  <g><\/g>  <g><\/g>  <g><\/g>  <g><\/g>  <g><\/g>  <g><\/g>  <g><\/g>  <g><\/g>  <g><\/g>  <g><\/g>  <g><\/g>  <g><\/g>  <g><\/g><\/svg>\t\t\t\t\t<\/a>\n\t\t\t\t<\/span>\n\t\t\t\t\t\t\t<span class=\"elementor-grid-item\" role=\"listitem\">\n\t\t\t\t\t<a class=\"elementor-icon elementor-social-icon elementor-social-icon- elementor-repeater-item-aeb1262\" href=\"https:\/\/instagram.com\/ecoprogress.eu\" target=\"_blank\">\n\t\t\t\t\t\t<span class=\"elementor-screen-only\"><\/span>\n\t\t\t\t\t\t<svg xmlns=\"http:\/\/www.w3.org\/2000\/svg\" height=\"511pt\" viewBox=\"0 0 511 511.9\" width=\"511pt\"><path d=\"m510.949219 150.5c-1.199219-27.199219-5.597657-45.898438-11.898438-62.101562-6.5-17.199219-16.5-32.597657-29.601562-45.398438-12.800781-13-28.300781-23.101562-45.300781-29.5-16.296876-6.300781-34.898438-10.699219-62.097657-11.898438-27.402343-1.300781-36.101562-1.601562-105.601562-1.601562s-78.199219.300781-105.5 1.5c-27.199219 1.199219-45.898438 5.601562-62.097657 11.898438-17.203124 6.5-32.601562 16.5-45.402343 29.601562-13 12.800781-23.097657 28.300781-29.5 45.300781-6.300781 16.300781-10.699219 34.898438-11.898438 62.097657-1.300781 27.402343-1.601562 36.101562-1.601562 105.601562s.300781 78.199219 1.5 105.5c1.199219 27.199219 5.601562 45.898438 11.902343 62.101562 6.5 17.199219 16.597657 32.597657 29.597657 45.398438 12.800781 13 28.300781 23.101562 45.300781 29.5 16.300781 6.300781 34.898438 10.699219 62.101562 11.898438 27.296876 1.203124 36 1.5 105.5 1.5s78.199219-.296876 105.5-1.5c27.199219-1.199219 45.898438-5.597657 62.097657-11.898438 34.402343-13.300781 61.601562-40.5 74.902343-74.898438 6.296876-16.300781 10.699219-34.902343 11.898438-62.101562 1.199219-27.300781 1.5-36 1.5-105.5s-.101562-78.199219-1.300781-105.5zm-46.097657 209c-1.101562 25-5.300781 38.5-8.800781 47.5-8.601562 22.300781-26.300781 40-48.601562 48.601562-9 3.5-22.597657 7.699219-47.5 8.796876-27 1.203124-35.097657 1.5-103.398438 1.5s-76.5-.296876-103.402343-1.5c-25-1.097657-38.5-5.296876-47.5-8.796876-11.097657-4.101562-21.199219-10.601562-29.398438-19.101562-8.5-8.300781-15-18.300781-19.101562-29.398438-3.5-9-7.699219-22.601562-8.796876-47.5-1.203124-27-1.5-35.101562-1.5-103.402343s.296876-76.5 1.5-103.398438c1.097657-25 5.296876-38.5 8.796876-47.5 4.101562-11.101562 10.601562-21.199219 19.203124-29.402343 8.296876-8.5 18.296876-15 29.398438-19.097657 9-3.5 22.601562-7.699219 47.5-8.800781 27-1.199219 35.101562-1.5 103.398438-1.5 68.402343 0 76.5.300781 103.402343 1.5 25 1.101562 38.5 5.300781 47.5 8.800781 11.097657 4.097657 21.199219 10.597657 29.398438 19.097657 8.5 8.300781 15 18.300781 19.101562 29.402343 3.5 9 7.699219 22.597657 8.800781 47.5 1.199219 27 1.5 35.097657 1.5 103.398438s-.300781 76.300781-1.5 103.300781zm0 0\"><\/path><path d=\"m256.449219 124.5c-72.597657 0-131.5 58.898438-131.5 131.5s58.902343 131.5 131.5 131.5c72.601562 0 131.5-58.898438 131.5-131.5s-58.898438-131.5-131.5-131.5zm0 216.800781c-47.097657 0-85.300781-38.199219-85.300781-85.300781s38.203124-85.300781 85.300781-85.300781c47.101562 0 85.300781 38.199219 85.300781 85.300781s-38.199219 85.300781-85.300781 85.300781zm0 0\"><\/path><path d=\"m423.851562 119.300781c0 16.953125-13.746093 30.699219-30.703124 30.699219-16.953126 0-30.699219-13.746094-30.699219-30.699219 0-16.957031 13.746093-30.699219 30.699219-30.699219 16.957031 0 30.703124 13.742188 30.703124 30.699219zm0 0\"><\/path><\/svg>\t\t\t\t\t<\/a>\n\t\t\t\t<\/span>\n\t\t\t\t\t<\/div>\n\t\t\t\t\t\t<\/div>\n\t\t\t\t\t<\/div>\n\t\t<\/div>\n\t\t\t\t<div class=\"elementor-column elementor-col-33 elementor-top-column elementor-element elementor-element-1b6436f\" data-id=\"1b6436f\" data-element_type=\"column\" data-e-type=\"column\">\n\t\t\t<div class=\"elementor-widget-wrap elementor-element-populated\">\n\t\t\t\t\t\t<div class=\"elementor-element elementor-element-93f14a2 elementor-view-default elementor-position-block-start elementor-mobile-position-block-start elementor-widget elementor-widget-icon-box\" data-id=\"93f14a2\" data-element_type=\"widget\" data-e-type=\"widget\" data-widget_type=\"icon-box.default\">\n\t\t\t\t\t\t\t<div class=\"elementor-icon-box-wrapper\">\n\n\t\t\t\t\t\t<div class=\"elementor-icon-box-icon\">\n\t\t\t\t<span  class=\"elementor-icon\">\n\t\t\t\t<svg xmlns=\"http:\/\/www.w3.org\/2000\/svg\" id=\"_x31__px\" height=\"512\" viewBox=\"0 0 24 24\" width=\"512\"><g id=\"XMLID_1_\"><path d=\"m14 9.09 8.81 1.75c.71.15 1.19.75 1.19 1.46v10.2c0 .83-.67 1.5-1.5 1.5h-9c.28 0 .5-.22.5-.5v-.5h8.5c.27 0 .5-.22.5-.5v-10.2c0-.23-.16-.44-.39-.49l-8.61-1.7z\"><\/path><path d=\"m19.5 14c.28 0 .5.22.5.5s-.22.5-.5.5h-2c-.28 0-.5-.22-.5-.5s.22-.5.5-.5z\"><\/path><path d=\"m19.5 17c.28 0 .5.22.5.5s-.22.5-.5.5h-2c-.28 0-.5-.22-.5-.5s.22-.5.5-.5z\"><\/path><path d=\"m19.5 20c.28 0 .5.22.5.5s-.22.5-.5.5h-2c-.28 0-.5-.22-.5-.5s.22-.5.5-.5z\"><\/path><path d=\"m14 23.5c0 .28-.22.5-.5.5s-.5-.22-.5-.5v-.5-13.5c0-.15.07-.29.18-.39.12-.09.27-.13.42-.1l.4.08v1.02 12.89z\"><\/path><path d=\"m13 23v.5c0 .28.22.5.5.5h-4c.28 0 .5-.22.5-.5v-.5z\"><\/path><path d=\"m10.5 5c.28 0 .5.22.5.5s-.22.5-.5.5h-2c-.28 0-.5-.22-.5-.5s.22-.5.5-.5z\"><\/path><path d=\"m11 8.5c0 .28-.22.5-.5.5h-2c-.28 0-.5-.22-.5-.5s.22-.5.5-.5h2c.28 0 .5.22.5.5z\"><\/path><path d=\"m10.5 11c.28 0 .5.22.5.5s-.22.5-.5.5h-2c-.28 0-.5-.22-.5-.5s.22-.5.5-.5z\"><\/path><path d=\"m10.5 14c.28 0 .5.22.5.5s-.22.5-.5.5h-2c-.28 0-.5-.22-.5-.5s.22-.5.5-.5z\"><\/path><path d=\"m6 14.5c0 .28-.22.5-.5.5h-2c-.28 0-.5-.22-.5-.5s.22-.5.5-.5h2c.28 0 .5.22.5.5z\"><\/path><path d=\"m5.5 5c.28 0 .5.22.5.5s-.22.5-.5.5h-2c-.28 0-.5-.22-.5-.5s.22-.5.5-.5z\"><\/path><path d=\"m5.5 8c.28 0 .5.22.5.5s-.22.5-.5.5h-2c-.28 0-.5-.22-.5-.5s.22-.5.5-.5z\"><\/path><path d=\"m5.5 11c.28 0 .5.22.5.5s-.22.5-.5.5h-2c-.28 0-.5-.22-.5-.5s.22-.5.5-.5z\"><\/path><path d=\"m9 18.5c0-.28-.23-.5-.5-.5h-3c-.28 0-.5.22-.5.5v4.5h-1v-4.5c0-.83.67-1.5 1.5-1.5h3c.83 0 1.5.67 1.5 1.5v4.5h-1z\"><\/path><path d=\"m5 23h4 1v.5c0 .28-.22.5-.5.5h-5c-.28 0-.5-.22-.5-.5v-.5z\"><\/path><path d=\"m1.75.2 10.99 1.67c.73.12 1.26.74 1.26 1.48v5.74l-.4-.08c-.15-.03-.3.01-.42.1-.11.1-.18.24-.18.39v-6.15c0-.25-.18-.46-.42-.5l-10.99-1.66c-.03-.01-.06-.01-.09-.01-.12 0-.23.04-.32.12-.12.1-.18.23-.18.38v20.82c0 .28.23.5.5.5h2.5v.5c0 .28.22.5.5.5h-3c-.83 0-1.5-.67-1.5-1.5v-20.82c0-.44.19-.86.53-1.14.34-.29.78-.41 1.22-.34z\"><\/path><\/g><\/svg>\t\t\t\t<\/span>\n\t\t\t<\/div>\n\t\t\t\n\t\t\t\t\t\t<div class=\"elementor-icon-box-content\">\n\n\t\t\t\t\t\t\t\t\t<h4 class=\"elementor-icon-box-title\">\n\t\t\t\t\t\t<span  >\n\t\t\t\t\t\t\tRECHNUNGSADRESSE\t\t\t\t\t\t<\/span>\n\t\t\t\t\t<\/h4>\n\t\t\t\t\n\t\t\t\t\t\t\t\t\t<p class=\"elementor-icon-box-description\">\n\t\t\t\t\t\tEcoprogress s.r.o.<br>Beskydsk\u00e1 9<br>811 05 Bratislava<br>Slowakei<br>\t\t\t\t\t<\/p>\n\t\t\t\t\n\t\t\t<\/div>\n\t\t\t\n\t\t<\/div>\n\t\t\t\t\t\t<\/div>\n\t\t\t\t\t<\/div>\n\t\t<\/div>\n\t\t\t\t<div class=\"elementor-column elementor-col-33 elementor-top-column elementor-element elementor-element-a7f2ce5\" data-id=\"a7f2ce5\" data-element_type=\"column\" data-e-type=\"column\">\n\t\t\t<div class=\"elementor-widget-wrap elementor-element-populated\">\n\t\t\t\t\t\t<div class=\"elementor-element elementor-element-26e5f62 elementor-view-default elementor-position-block-start elementor-mobile-position-block-start elementor-widget elementor-widget-icon-box\" data-id=\"26e5f62\" data-element_type=\"widget\" data-e-type=\"widget\" data-widget_type=\"icon-box.default\">\n\t\t\t\t\t\t\t<div class=\"elementor-icon-box-wrapper\">\n\n\t\t\t\t\t\t<div class=\"elementor-icon-box-icon\">\n\t\t\t\t<span  class=\"elementor-icon\">\n\t\t\t\t<svg xmlns=\"http:\/\/www.w3.org\/2000\/svg\" id=\"Layer_1\" height=\"512\" viewBox=\"0 0 480.059 480.059\" width=\"512\"><path d=\"m424.03 140.559v307.5c0 17.645-14.355 32-32 32h-304c-17.645 0-32-14.355-32-32v-416c0-17.645 14.355-32 32-32 256.835 0 241.225-.412 243.761.939 1.659.888 90.047 89.441 90.748 90.422 2.634 3.691 1.653 8.785-2.047 11.276-2.803 1.887.864 1.362-68.462 1.362-17.645 0-32-14.355-32-32 0-4.418 3.582-8 8-8s8 3.582 8 8c0 8.822 7.178 16 16 16h44.686c-11.726-11.726-64.727-64.727-72-72h-236.686c-8.822 0-16 7.178-16 16v416c0 8.822 7.178 16 16 16h304c8.822 0 16-7.178 16-16v-307.5c0-4.418 3.582-8 8-8s8 3.583 8 8.001zm-310 75.5c0-4.418 3.582-8 8-8h130c4.418 0 8 3.582 8 8s-3.582 8-8 8h-122v38.359h154v-46.359c0-4.418 3.582-8 8-8h66c4.418 0 8 3.582 8 8v164c0 4.418-3.582 8-8 8h-236c-4.418 0-8-3.582-8-8zm186 46.36h21c4.418 0 8 3.582 8 8s-3.582 8-8 8h-21v39.281h21c4.418 0 8 3.582 8 8s-3.582 8-8 8h-21v16.359c0 4.418-3.582 8-8 8s-8-3.582-8-8v-16.359h-154v38.359h220v-148h-50zm-170 16v39.281h154v-39.281zm-8-168.36h71c4.418 0 8-3.582 8-8s-3.582-8-8-8h-71c-4.418 0-8 3.582-8 8s3.582 8 8 8zm0 50h111c4.418 0 8-3.582 8-8s-3.582-8-8-8h-111c-4.418 0-8 3.582-8 8s3.582 8 8 8z\"><\/path><\/svg>\t\t\t\t<\/span>\n\t\t\t<\/div>\n\t\t\t\n\t\t\t\t\t\t<div class=\"elementor-icon-box-content\">\n\n\t\t\t\t\t\t\t\t\t<h4 class=\"elementor-icon-box-title\">\n\t\t\t\t\t\t<span  >\n\t\t\t\t\t\t\tRECHNUNGSDATEN\t\t\t\t\t\t<\/span>\n\t\t\t\t\t<\/h4>\n\t\t\t\t\n\t\t\t\t\t\t\t\t\t<p class=\"elementor-icon-box-description\">\n\t\t\t\t\t\tI\u010cO: 50 885 049<br>DI\u010c: 2120550850<br>I\u010c DPH: SK2120550850<br>\t\t\t\t\t<\/p>\n\t\t\t\t\n\t\t\t<\/div>\n\t\t\t\n\t\t<\/div>\n\t\t\t\t\t\t<\/div>\n\t\t\t\t\t<\/div>\n\t\t<\/div>\n\t\t\t\t\t<\/div>\n\t\t<\/section>\n\t\t\t\t<section class=\"elementor-section elementor-top-section elementor-element elementor-element-ea5a447 elementor-section-full_width elementor-section-height-default elementor-section-height-default\" data-id=\"ea5a447\" data-element_type=\"section\" data-e-type=\"section\">\n\t\t\t\t\t\t<div class=\"elementor-container elementor-column-gap-no\">\n\t\t\t\t\t<div class=\"elementor-column elementor-col-100 elementor-top-column elementor-element elementor-element-7c0e92c\" data-id=\"7c0e92c\" data-element_type=\"column\" data-e-type=\"column\">\n\t\t\t<div class=\"elementor-widget-wrap elementor-element-populated\">\n\t\t\t\t\t\t<div class=\"elementor-element elementor-element-300bad4 elementor-widget elementor-widget-google_maps\" data-id=\"300bad4\" data-element_type=\"widget\" data-e-type=\"widget\" data-widget_type=\"google_maps.default\">\n\t\t\t\t\t\t\t<div class=\"elementor-custom-embed\">\n\t\t\t<iframe loading=\"lazy\"\n\t\t\t\t\tsrc=\"https:\/\/maps.google.com\/maps?q=Beskydsk%C3%A1%209%2C%20811%2005&#038;t=m&#038;z=10&#038;output=embed&#038;iwloc=near\"\n\t\t\t\t\ttitle=\"Beskydsk\u00e1 9, 811 05\"\n\t\t\t\t\taria-label=\"Beskydsk\u00e1 9, 811 05\"\n\t\t\t><\/iframe>\n\t\t<\/div>\n\t\t\t\t\t\t<\/div>\n\t\t\t\t\t<\/div>\n\t\t<\/div>\n\t\t\t\t\t<\/div>\n\t\t<\/section>\n\t\t\t\t<\/div>\n\t\t","protected":false},"excerpt":{"rendered":"<p>KONTAKTANGABEN ecoprogress@ecoprogress.eu marian.petrla@ecoprogress.eu +421 910 322 236 +421 911 459 416 RECHNUNGSADRESSE Ecoprogress s.r.o.Beskydsk\u00e1 9811 05 BratislavaSlowakei RECHNUNGSDATEN I\u010cO: 50 885 049DI\u010c: 2120550850I\u010c DPH: SK2120550850<\/p>\n","protected":false},"author":3,"featured_media":0,"parent":0,"menu_order":0,"comment_status":"closed","ping_status":"closed","template":"","meta":{"footnotes":""},"class_list":["post-57493","page","type-page","status-publish","hentry"],"yoast_head":"<!-- This site is optimized with the Yoast SEO plugin v27.2 - https:\/\/yoast.com\/product\/yoast-seo-wordpress\/ -->\n<title>Kontakt | Ecoprogress<\/title>\n<meta name=\"robots\" content=\"index, follow, max-snippet:-1, max-image-preview:large, max-video-preview:-1\" \/>\n<link rel=\"canonical\" href=\"https:\/\/ecoprogress.eu\/de\/kontakt\/\" \/>\n<meta property=\"og:locale\" content=\"de_DE\" \/>\n<meta property=\"og:type\" content=\"article\" \/>\n<meta property=\"og:title\" content=\"Kontakt | Ecoprogress\" \/>\n<meta property=\"og:description\" content=\"KONTAKTANGABEN ecoprogress@ecoprogress.eu marian.petrla@ecoprogress.eu +421 910 322 236 +421 911 459 416 RECHNUNGSADRESSE Ecoprogress s.r.o.Beskydsk\u00e1 9811 05 BratislavaSlowakei RECHNUNGSDATEN I\u010cO: 50 885 049DI\u010c: 2120550850I\u010c DPH: SK2120550850\" \/>\n<meta property=\"og:url\" content=\"https:\/\/ecoprogress.eu\/de\/kontakt\/\" \/>\n<meta property=\"og:site_name\" content=\"Ecoprogress\" \/>\n<meta property=\"article:modified_time\" content=\"2025-03-11T10:19:25+00:00\" \/>\n<meta name=\"twitter:card\" content=\"summary_large_image\" \/>\n<meta name=\"twitter:label1\" content=\"Gesch\u00e4tzte Lesezeit\" \/>\n\t<meta name=\"twitter:data1\" content=\"1\u00a0Minute\" \/>\n<script type=\"application\/ld+json\" class=\"yoast-schema-graph\">{\"@context\":\"https:\/\/schema.org\",\"@graph\":[{\"@type\":\"WebPage\",\"@id\":\"https:\/\/ecoprogress.eu\/de\/kontakt\/\",\"url\":\"https:\/\/ecoprogress.eu\/de\/kontakt\/\",\"name\":\"Kontakt | Ecoprogress\",\"isPartOf\":{\"@id\":\"https:\/\/ecoprogress.eu\/de\/#website\"},\"datePublished\":\"2025-03-07T10:36:39+00:00\",\"dateModified\":\"2025-03-11T10:19:25+00:00\",\"inLanguage\":\"de\",\"potentialAction\":[{\"@type\":\"ReadAction\",\"target\":[\"https:\/\/ecoprogress.eu\/de\/kontakt\/\"]}]},{\"@type\":\"WebSite\",\"@id\":\"https:\/\/ecoprogress.eu\/de\/#website\",\"url\":\"https:\/\/ecoprogress.eu\/de\/\",\"name\":\"Ecoprogress\",\"description\":\"\",\"publisher\":{\"@id\":\"https:\/\/ecoprogress.eu\/de\/#organization\"},\"potentialAction\":[{\"@type\":\"SearchAction\",\"target\":{\"@type\":\"EntryPoint\",\"urlTemplate\":\"https:\/\/ecoprogress.eu\/de\/?s={search_term_string}\"},\"query-input\":{\"@type\":\"PropertyValueSpecification\",\"valueRequired\":true,\"valueName\":\"search_term_string\"}}],\"inLanguage\":\"de\"},{\"@type\":\"Organization\",\"@id\":\"https:\/\/ecoprogress.eu\/de\/#organization\",\"name\":\"Ecoprogress\",\"url\":\"https:\/\/ecoprogress.eu\/de\/\",\"logo\":{\"@type\":\"ImageObject\",\"inLanguage\":\"de\",\"@id\":\"https:\/\/ecoprogress.eu\/de\/#\/schema\/logo\/image\/\",\"url\":\"https:\/\/ecoprogress.eu\/wp-content\/uploads\/logo-2.svg\",\"contentUrl\":\"https:\/\/ecoprogress.eu\/wp-content\/uploads\/logo-2.svg\",\"width\":318,\"height\":349,\"caption\":\"Ecoprogress\"},\"image\":{\"@id\":\"https:\/\/ecoprogress.eu\/de\/#\/schema\/logo\/image\/\"}}]}<\/script>\n<!-- \/ Yoast SEO plugin. -->","yoast_head_json":{"title":"Kontakt | Ecoprogress","robots":{"index":"index","follow":"follow","max-snippet":"max-snippet:-1","max-image-preview":"max-image-preview:large","max-video-preview":"max-video-preview:-1"},"canonical":"https:\/\/ecoprogress.eu\/de\/kontakt\/","og_locale":"de_DE","og_type":"article","og_title":"Kontakt | Ecoprogress","og_description":"KONTAKTANGABEN ecoprogress@ecoprogress.eu marian.petrla@ecoprogress.eu +421 910 322 236 +421 911 459 416 RECHNUNGSADRESSE Ecoprogress s.r.o.Beskydsk\u00e1 9811 05 BratislavaSlowakei RECHNUNGSDATEN I\u010cO: 50 885 049DI\u010c: 2120550850I\u010c DPH: SK2120550850","og_url":"https:\/\/ecoprogress.eu\/de\/kontakt\/","og_site_name":"Ecoprogress","article_modified_time":"2025-03-11T10:19:25+00:00","twitter_card":"summary_large_image","twitter_misc":{"Gesch\u00e4tzte Lesezeit":"1\u00a0Minute"},"schema":{"@context":"https:\/\/schema.org","@graph":[{"@type":"WebPage","@id":"https:\/\/ecoprogress.eu\/de\/kontakt\/","url":"https:\/\/ecoprogress.eu\/de\/kontakt\/","name":"Kontakt | Ecoprogress","isPartOf":{"@id":"https:\/\/ecoprogress.eu\/de\/#website"},"datePublished":"2025-03-07T10:36:39+00:00","dateModified":"2025-03-11T10:19:25+00:00","inLanguage":"de","potentialAction":[{"@type":"ReadAction","target":["https:\/\/ecoprogress.eu\/de\/kontakt\/"]}]},{"@type":"WebSite","@id":"https:\/\/ecoprogress.eu\/de\/#website","url":"https:\/\/ecoprogress.eu\/de\/","name":"Ecoprogress","description":"","publisher":{"@id":"https:\/\/ecoprogress.eu\/de\/#organization"},"potentialAction":[{"@type":"SearchAction","target":{"@type":"EntryPoint","urlTemplate":"https:\/\/ecoprogress.eu\/de\/?s={search_term_string}"},"query-input":{"@type":"PropertyValueSpecification","valueRequired":true,"valueName":"search_term_string"}}],"inLanguage":"de"},{"@type":"Organization","@id":"https:\/\/ecoprogress.eu\/de\/#organization","name":"Ecoprogress","url":"https:\/\/ecoprogress.eu\/de\/","logo":{"@type":"ImageObject","inLanguage":"de","@id":"https:\/\/ecoprogress.eu\/de\/#\/schema\/logo\/image\/","url":"https:\/\/ecoprogress.eu\/wp-content\/uploads\/logo-2.svg","contentUrl":"https:\/\/ecoprogress.eu\/wp-content\/uploads\/logo-2.svg","width":318,"height":349,"caption":"Ecoprogress"},"image":{"@id":"https:\/\/ecoprogress.eu\/de\/#\/schema\/logo\/image\/"}}]}},"_links":{"self":[{"href":"https:\/\/ecoprogress.eu\/de\/wp-json\/wp\/v2\/pages\/57493","targetHints":{"allow":["GET"]}}],"collection":[{"href":"https:\/\/ecoprogress.eu\/de\/wp-json\/wp\/v2\/pages"}],"about":[{"href":"https:\/\/ecoprogress.eu\/de\/wp-json\/wp\/v2\/types\/page"}],"author":[{"embeddable":true,"href":"https:\/\/ecoprogress.eu\/de\/wp-json\/wp\/v2\/users\/3"}],"replies":[{"embeddable":true,"href":"https:\/\/ecoprogress.eu\/de\/wp-json\/wp\/v2\/comments?post=57493"}],"version-history":[{"count":6,"href":"https:\/\/ecoprogress.eu\/de\/wp-json\/wp\/v2\/pages\/57493\/revisions"}],"predecessor-version":[{"id":59352,"href":"https:\/\/ecoprogress.eu\/de\/wp-json\/wp\/v2\/pages\/57493\/revisions\/59352"}],"wp:attachment":[{"href":"https:\/\/ecoprogress.eu\/de\/wp-json\/wp\/v2\/media?parent=57493"}],"curies":[{"name":"wp","href":"https:\/\/api.w.org\/{rel}","templated":true}]}}