{"id":57504,"date":"2025-03-05T12:01:05","date_gmt":"2025-03-05T11:01:05","guid":{"rendered":"https:\/\/ecoprogress.eu\/ueber-uns\/"},"modified":"2025-03-07T11:36:42","modified_gmt":"2025-03-07T10:36:42","slug":"ueber-uns","status":"publish","type":"page","link":"https:\/\/ecoprogress.eu\/de\/ueber-uns\/","title":{"rendered":"\u00dcber uns"},"content":{"rendered":"\t\t<div data-elementor-type=\"wp-page\" data-elementor-id=\"57504\" class=\"elementor elementor-57504 elementor-3215\" data-elementor-post-type=\"page\">\n\t\t\t\t\t\t<section class=\"elementor-section elementor-top-section elementor-element elementor-element-18b9d49c avo-section-mode1 elementor-section-full_width elementor-section-height-default elementor-section-height-default\" data-id=\"18b9d49c\" data-element_type=\"section\" data-e-type=\"section\" data-settings=\"{&quot;background_background&quot;:&quot;classic&quot;}\">\n\t\t\t\t\t\t<div class=\"elementor-container elementor-column-gap-no\">\n\t\t\t\t\t<div class=\"elementor-column elementor-col-100 elementor-top-column elementor-element elementor-element-5df2ddbe\" data-id=\"5df2ddbe\" data-element_type=\"column\" data-e-type=\"column\">\n\t\t\t<div class=\"elementor-widget-wrap elementor-element-populated\">\n\t\t\t\t\t\t<div class=\"elementor-element elementor-element-7d4cd53 elementor-widget elementor-widget-heading\" data-id=\"7d4cd53\" data-element_type=\"widget\" data-e-type=\"widget\" data-widget_type=\"heading.default\">\n\t\t\t\t\t<h2 class=\"elementor-heading-title elementor-size-default\">\u00dcBER UNS<\/h2>\t\t\t\t<\/div>\n\t\t\t\t\t<\/div>\n\t\t<\/div>\n\t\t\t\t\t<\/div>\n\t\t<\/section>\n\t\t\t\t<section class=\"elementor-section elementor-top-section elementor-element elementor-element-497716c5 avo-section-mode1 elementor-section-boxed elementor-section-height-default elementor-section-height-default\" data-id=\"497716c5\" data-element_type=\"section\" data-e-type=\"section\" data-settings=\"{&quot;background_background&quot;:&quot;classic&quot;,&quot;animation&quot;:&quot;none&quot;}\">\n\t\t\t\t\t\t\t<div class=\"elementor-background-overlay\"><\/div>\n\t\t\t\t\t\t\t<div class=\"elementor-container elementor-column-gap-no\">\n\t\t\t\t\t<div class=\"elementor-column elementor-col-50 elementor-top-column elementor-element elementor-element-7338ac25\" data-id=\"7338ac25\" data-element_type=\"column\" data-e-type=\"column\" data-settings=\"{&quot;animation&quot;:&quot;none&quot;}\">\n\t\t\t<div class=\"elementor-widget-wrap elementor-element-populated\">\n\t\t\t\t\t\t<div class=\"elementor-element elementor-element-7cec3e3 elementor-widget elementor-widget-video\" data-id=\"7cec3e3\" data-element_type=\"widget\" data-e-type=\"widget\" data-settings=\"{&quot;youtube_url&quot;:&quot;https:\\\/\\\/youtu.be\\\/KLDAMF2VkJw&quot;,&quot;autoplay&quot;:&quot;yes&quot;,&quot;play_on_mobile&quot;:&quot;yes&quot;,&quot;mute&quot;:&quot;yes&quot;,&quot;video_type&quot;:&quot;youtube&quot;}\" data-widget_type=\"video.default\">\n\t\t\t\t\t\t\t<div class=\"elementor-wrapper elementor-open-inline\">\n\t\t\t<div class=\"elementor-video\"><\/div>\t\t<\/div>\n\t\t\t\t\t\t<\/div>\n\t\t\t\t\t<\/div>\n\t\t<\/div>\n\t\t\t\t<div class=\"elementor-column elementor-col-50 elementor-top-column elementor-element elementor-element-496a3839\" data-id=\"496a3839\" data-element_type=\"column\" data-e-type=\"column\">\n\t\t\t<div class=\"elementor-widget-wrap elementor-element-populated\">\n\t\t\t\t\t\t<div class=\"elementor-element elementor-element-6b888bc8 elementor-widget-tablet__width-inherit elementor-widget elementor-widget-heading\" data-id=\"6b888bc8\" data-element_type=\"widget\" data-e-type=\"widget\" data-widget_type=\"heading.default\">\n\t\t\t\t\t<h2 class=\"elementor-heading-title elementor-size-default\">Wir gestalten den \u00f6ffentlichen Raum zum Besseren.<\/h2>\t\t\t\t<\/div>\n\t\t\t\t<div class=\"elementor-element elementor-element-6b0caf1 elementor-widget elementor-widget-text-editor\" data-id=\"6b0caf1\" data-element_type=\"widget\" data-e-type=\"widget\" data-widget_type=\"text-editor.default\">\n\t\t\t\t\t\t\t\t\t<p>Seit 2017 spezialisiert sich Ecoprogress auf die Entwicklung und Produktion von Stadtmobiliar, Baul\u00f6sungen und modernen Technologien. Unsere Priorit\u00e4t ist es Nachhaltigkeit mit Innovation<\/p><p>zu verbinden und zu einer umweltfreundlicheren Umgebung in St\u00e4dten und Gemeinden beizutragen.<\/p><p>Wir haben bereits \u00fcber 120 erfolgreiche Projekte realisiert, wobei unsere wichtigsten L\u00f6sungen voll elektrifizierte Unterst\u00e4nde (nicht nur) f\u00fcr Fahrr\u00e4der umfassen. Bis heute haben wir mehr als 5.900 Parkpl\u00e4tze mit intelligenten Systemen geschaffen, die \u00fcber eine mobile App verwaltet werden k\u00f6nnen.<\/p>\t\t\t\t\t\t\t\t<\/div>\n\t\t\t\t<div class=\"elementor-element elementor-element-3868a7d0 elementor-widget__width-initial elementor-absolute elementor-widget elementor-widget-image\" data-id=\"3868a7d0\" data-element_type=\"widget\" data-e-type=\"widget\" data-settings=\"{&quot;_position&quot;:&quot;absolute&quot;}\" data-widget_type=\"image.default\">\n\t\t\t\t\t\t\t\t\t\t\t\t\t\t\t<img decoding=\"async\" width=\"221\" height=\"222\" src=\"https:\/\/ecoprogress.eu\/wp-content\/uploads\/grid.png\" class=\"attachment-full size-full wp-image-12249\" alt=\"\" srcset=\"https:\/\/ecoprogress.eu\/wp-content\/uploads\/grid.png 221w, https:\/\/ecoprogress.eu\/wp-content\/uploads\/grid-100x100.png 100w\" sizes=\"(max-width: 221px) 100vw, 221px\" \/>\t\t\t\t\t\t\t\t\t\t\t\t\t\t\t<\/div>\n\t\t\t\t\t<\/div>\n\t\t<\/div>\n\t\t\t\t\t<\/div>\n\t\t<\/section>\n\t\t\t\t<section class=\"elementor-section elementor-top-section elementor-element elementor-element-caf62d6 elementor-section-full_width elementor-section-height-default elementor-section-height-default\" data-id=\"caf62d6\" data-element_type=\"section\" data-e-type=\"section\">\n\t\t\t\t\t\t<div class=\"elementor-container elementor-column-gap-no\">\n\t\t\t\t\t<div class=\"elementor-column elementor-col-100 elementor-top-column elementor-element elementor-element-35aa106\" data-id=\"35aa106\" data-element_type=\"column\" data-e-type=\"column\">\n\t\t\t<div class=\"elementor-widget-wrap elementor-element-populated\">\n\t\t\t\t\t\t<section class=\"elementor-section elementor-inner-section elementor-element elementor-element-05f6a4f elementor-section-full_width elementor-section-height-default elementor-section-height-default\" data-id=\"05f6a4f\" data-element_type=\"section\" data-e-type=\"section\" data-settings=\"{&quot;background_background&quot;:&quot;video&quot;,&quot;background_video_link&quot;:&quot;https:\\\/\\\/youtu.be\\\/3CsKsICIRJU&quot;,&quot;background_play_on_mobile&quot;:&quot;yes&quot;}\">\n\t\t\t\t\t\t\t\t<div class=\"elementor-background-video-container\">\n\t\t\t\t\t\t\t\t\t\t\t\t\t<div class=\"elementor-background-video-embed\" role=\"presentation\"><\/div>\n\t\t\t\t\t\t\t\t\t\t\t\t<\/div>\n\t\t\t\t\t\t\t\t\t<div class=\"elementor-background-overlay\"><\/div>\n\t\t\t\t\t\t\t<div class=\"elementor-container elementor-column-gap-default\">\n\t\t\t\t\t<div class=\"elementor-column elementor-col-100 elementor-inner-column elementor-element elementor-element-8afac05\" data-id=\"8afac05\" data-element_type=\"column\" data-e-type=\"column\" data-settings=\"{&quot;background_background&quot;:&quot;slideshow&quot;,&quot;background_slideshow_gallery&quot;:[],&quot;background_slideshow_loop&quot;:&quot;yes&quot;,&quot;background_slideshow_slide_duration&quot;:5000,&quot;background_slideshow_slide_transition&quot;:&quot;fade&quot;,&quot;background_slideshow_transition_duration&quot;:500}\">\n\t\t\t<div class=\"elementor-widget-wrap\">\n\t\t\t\t\t\t\t<\/div>\n\t\t<\/div>\n\t\t\t\t\t<\/div>\n\t\t<\/section>\n\t\t\t\t\t<\/div>\n\t\t<\/div>\n\t\t\t\t\t<\/div>\n\t\t<\/section>\n\t\t\t\t<section class=\"elementor-section elementor-top-section elementor-element elementor-element-c81ba37 avo-section-mode1 elementor-section-boxed elementor-section-height-default elementor-section-height-default\" data-id=\"c81ba37\" data-element_type=\"section\" data-e-type=\"section\" data-settings=\"{&quot;animation&quot;:&quot;none&quot;}\">\n\t\t\t\t\t\t\t<div class=\"elementor-background-overlay\"><\/div>\n\t\t\t\t\t\t\t<div class=\"elementor-container elementor-column-gap-no\">\n\t\t\t\t\t<div class=\"elementor-column elementor-col-50 elementor-top-column elementor-element elementor-element-8a52734\" data-id=\"8a52734\" data-element_type=\"column\" data-e-type=\"column\">\n\t\t\t<div class=\"elementor-widget-wrap elementor-element-populated\">\n\t\t\t\t\t\t<div class=\"elementor-element elementor-element-789a517 elementor-widget-tablet__width-inherit elementor-widget elementor-widget-heading\" data-id=\"789a517\" data-element_type=\"widget\" data-e-type=\"widget\" data-widget_type=\"heading.default\">\n\t\t\t\t\t<h2 class=\"elementor-heading-title elementor-size-default\">Moderne und umweltfreundliche L\u00f6sungen\n<\/h2>\t\t\t\t<\/div>\n\t\t\t\t<div class=\"elementor-element elementor-element-7e92a3b elementor-widget elementor-widget-text-editor\" data-id=\"7e92a3b\" data-element_type=\"widget\" data-e-type=\"widget\" data-widget_type=\"text-editor.default\">\n\t\t\t\t\t\t\t\t\t<p>Wir sind in der Slowakei, Tschechien und Ungarn t\u00e4tig und erweitern unsere Aktivit\u00e4ten schrittweise nach \u00d6sterreich, Slowenien und weitere EU-L\u00e4nder. Dank unserer Qualit\u00e4t, Zuverl\u00e4ssigkeit und der F\u00e4higkeit, uns an die spezifischen Bed\u00fcrfnisse von Kommunen und \u00f6ffentlichen Institutionen anzupassen, haben wir uns eine starke Marktposition aufgebaut. Bis zu 90 % unserer Auftr\u00e4ge stammen aus \u00f6ffentlichen Ausschreibungen, was das Vertrauen unserer Kunden in unsere L\u00f6sungen zeigt.<\/p><p>\u00dcber die Standarddienstleistungen hinaus bieten wir auch fachkundige Beratung und Unterst\u00fctzung f\u00fcr Planer und Investoren w\u00e4hrend des gesamten Umsetzungsprozesses an. Wir helfen dabei, modernere und umweltfreundlichere St\u00e4dte und Gemeinden zu gestalten, die ihren Bewohnern eine h\u00f6here Lebensqualit\u00e4t bieten.<\/p>\t\t\t\t\t\t\t\t<\/div>\n\t\t\t\t<div class=\"elementor-element elementor-element-bcea70e elementor-widget__width-initial elementor-absolute elementor-hidden-tablet elementor-hidden-mobile elementor-widget elementor-widget-image\" data-id=\"bcea70e\" data-element_type=\"widget\" data-e-type=\"widget\" data-settings=\"{&quot;_position&quot;:&quot;absolute&quot;}\" data-widget_type=\"image.default\">\n\t\t\t\t\t\t\t\t\t\t\t\t\t\t\t<img decoding=\"async\" width=\"221\" height=\"222\" src=\"https:\/\/ecoprogress.eu\/wp-content\/uploads\/grid.png\" class=\"attachment-full size-full wp-image-12249\" alt=\"\" srcset=\"https:\/\/ecoprogress.eu\/wp-content\/uploads\/grid.png 221w, https:\/\/ecoprogress.eu\/wp-content\/uploads\/grid-100x100.png 100w\" sizes=\"(max-width: 221px) 100vw, 221px\" \/>\t\t\t\t\t\t\t\t\t\t\t\t\t\t\t<\/div>\n\t\t\t\t\t<\/div>\n\t\t<\/div>\n\t\t\t\t<div class=\"elementor-column elementor-col-50 elementor-top-column elementor-element elementor-element-4e8dc2d\" data-id=\"4e8dc2d\" data-element_type=\"column\" data-e-type=\"column\" data-settings=\"{&quot;animation&quot;:&quot;none&quot;}\">\n\t\t\t<div class=\"elementor-widget-wrap elementor-element-populated\">\n\t\t\t\t\t\t<div class=\"elementor-element elementor-element-7800419 elementor-widget elementor-widget-image\" data-id=\"7800419\" data-element_type=\"widget\" data-e-type=\"widget\" data-widget_type=\"image.default\">\n\t\t\t\t\t\t\t\t\t\t\t\t\t\t\t<img fetchpriority=\"high\" decoding=\"async\" width=\"800\" height=\"800\" src=\"https:\/\/ecoprogress.eu\/wp-content\/uploads\/mockup-1.jpg\" class=\"attachment-large size-large wp-image-57519\" alt=\"\" srcset=\"https:\/\/ecoprogress.eu\/wp-content\/uploads\/mockup-1.jpg 1080w, https:\/\/ecoprogress.eu\/wp-content\/uploads\/mockup-1-300x300.jpg 300w, https:\/\/ecoprogress.eu\/wp-content\/uploads\/mockup-1-100x100.jpg 100w, https:\/\/ecoprogress.eu\/wp-content\/uploads\/mockup-1-600x600.jpg 600w\" sizes=\"(max-width: 800px) 100vw, 800px\" \/>\t\t\t\t\t\t\t\t\t\t\t\t\t\t\t<\/div>\n\t\t\t\t\t<\/div>\n\t\t<\/div>\n\t\t\t\t\t<\/div>\n\t\t<\/section>\n\t\t\t\t<section class=\"elementor-section elementor-top-section elementor-element elementor-element-43388281 elementor-section-full_width elementor-section-height-default elementor-section-height-default\" data-id=\"43388281\" data-element_type=\"section\" data-e-type=\"section\">\n\t\t\t\t\t\t<div class=\"elementor-container elementor-column-gap-no\">\n\t\t\t\t\t<div class=\"elementor-column elementor-col-100 elementor-top-column elementor-element elementor-element-8f3717a\" data-id=\"8f3717a\" data-element_type=\"column\" data-e-type=\"column\">\n\t\t\t<div class=\"elementor-widget-wrap\">\n\t\t\t\t\t\t\t<\/div>\n\t\t<\/div>\n\t\t\t\t\t<\/div>\n\t\t<\/section>\n\t\t\t\t<section class=\"elementor-section elementor-top-section elementor-element elementor-element-ff5540b elementor-section-full_width elementor-section-height-default elementor-section-height-default\" data-id=\"ff5540b\" data-element_type=\"section\" data-e-type=\"section\">\n\t\t\t\t\t\t<div class=\"elementor-container elementor-column-gap-no\">\n\t\t\t\t\t<div class=\"elementor-column elementor-col-100 elementor-top-column elementor-element elementor-element-4b846b3\" data-id=\"4b846b3\" data-element_type=\"column\" data-e-type=\"column\">\n\t\t\t<div class=\"elementor-widget-wrap elementor-element-populated\">\n\t\t\t\t\t\t<section class=\"elementor-section elementor-inner-section elementor-element elementor-element-2b3d3b5 elementor-section-full_width elementor-section-height-default elementor-section-height-default\" data-id=\"2b3d3b5\" data-element_type=\"section\" data-e-type=\"section\" data-settings=\"{&quot;background_background&quot;:&quot;classic&quot;}\">\n\t\t\t\t\t\t\t<div class=\"elementor-background-overlay\"><\/div>\n\t\t\t\t\t\t\t<div class=\"elementor-container elementor-column-gap-default\">\n\t\t\t\t\t<div class=\"elementor-column elementor-col-100 elementor-inner-column elementor-element elementor-element-3ac4b60\" data-id=\"3ac4b60\" data-element_type=\"column\" data-e-type=\"column\" data-settings=\"{&quot;background_background&quot;:&quot;slideshow&quot;,&quot;background_slideshow_gallery&quot;:[],&quot;background_slideshow_loop&quot;:&quot;yes&quot;,&quot;background_slideshow_slide_duration&quot;:5000,&quot;background_slideshow_slide_transition&quot;:&quot;fade&quot;,&quot;background_slideshow_transition_duration&quot;:500}\">\n\t\t\t<div class=\"elementor-widget-wrap\">\n\t\t\t\t\t\t\t<\/div>\n\t\t<\/div>\n\t\t\t\t\t<\/div>\n\t\t<\/section>\n\t\t\t\t\t<\/div>\n\t\t<\/div>\n\t\t\t\t\t<\/div>\n\t\t<\/section>\n\t\t\t\t<\/div>\n\t\t","protected":false},"excerpt":{"rendered":"<p>\u00dcBER UNS https:\/\/youtu.be\/KLDAMF2VkJw Wir gestalten den \u00f6ffentlichen Raum zum Besseren. Seit 2017 spezialisiert sich Ecoprogress auf die Entwicklung und Produktion von Stadtmobiliar, Baul\u00f6sungen und modernen Technologien. Unsere Priorit\u00e4t ist es Nachhaltigkeit mit Innovation zu verbinden und zu einer umweltfreundlicheren Umgebung in St\u00e4dten und Gemeinden beizutragen. Wir haben bereits \u00fcber 120 erfolgreiche Projekte realisiert, wobei unsere [&hellip;]<\/p>\n","protected":false},"author":3,"featured_media":0,"parent":0,"menu_order":0,"comment_status":"closed","ping_status":"closed","template":"","meta":{"footnotes":""},"class_list":["post-57504","page","type-page","status-publish","hentry"],"yoast_head":"<!-- This site is optimized with the Yoast SEO plugin v27.2 - https:\/\/yoast.com\/product\/yoast-seo-wordpress\/ -->\n<title>\u00dcber uns | Ecoprogress<\/title>\n<meta name=\"robots\" content=\"index, follow, max-snippet:-1, max-image-preview:large, max-video-preview:-1\" \/>\n<link rel=\"canonical\" href=\"https:\/\/ecoprogress.eu\/de\/ueber-uns\/\" \/>\n<meta property=\"og:locale\" content=\"de_DE\" \/>\n<meta property=\"og:type\" content=\"article\" \/>\n<meta property=\"og:title\" content=\"\u00dcber uns | Ecoprogress\" \/>\n<meta property=\"og:description\" content=\"\u00dcBER UNS https:\/\/youtu.be\/KLDAMF2VkJw Wir gestalten den \u00f6ffentlichen Raum zum Besseren. Seit 2017 spezialisiert sich Ecoprogress auf die Entwicklung und Produktion von Stadtmobiliar, Baul\u00f6sungen und modernen Technologien. Unsere Priorit\u00e4t ist es Nachhaltigkeit mit Innovation zu verbinden und zu einer umweltfreundlicheren Umgebung in St\u00e4dten und Gemeinden beizutragen. Wir haben bereits \u00fcber 120 erfolgreiche Projekte realisiert, wobei unsere [&hellip;]\" \/>\n<meta property=\"og:url\" content=\"https:\/\/ecoprogress.eu\/de\/ueber-uns\/\" \/>\n<meta property=\"og:site_name\" content=\"Ecoprogress\" \/>\n<meta property=\"article:modified_time\" content=\"2025-03-07T10:36:42+00:00\" \/>\n<meta property=\"og:image\" content=\"https:\/\/ecoprogress.eu\/wp-content\/uploads\/grid.png\" \/>\n<meta name=\"twitter:card\" content=\"summary_large_image\" \/>\n<script type=\"application\/ld+json\" class=\"yoast-schema-graph\">{\"@context\":\"https:\/\/schema.org\",\"@graph\":[{\"@type\":\"WebPage\",\"@id\":\"https:\/\/ecoprogress.eu\/de\/ueber-uns\/\",\"url\":\"https:\/\/ecoprogress.eu\/de\/ueber-uns\/\",\"name\":\"\u00dcber uns | Ecoprogress\",\"isPartOf\":{\"@id\":\"https:\/\/ecoprogress.eu\/de\/#website\"},\"primaryImageOfPage\":{\"@id\":\"https:\/\/ecoprogress.eu\/de\/ueber-uns\/#primaryimage\"},\"image\":{\"@id\":\"https:\/\/ecoprogress.eu\/de\/ueber-uns\/#primaryimage\"},\"thumbnailUrl\":\"https:\/\/ecoprogress.eu\/wp-content\/uploads\/grid.png\",\"datePublished\":\"2025-03-05T11:01:05+00:00\",\"dateModified\":\"2025-03-07T10:36:42+00:00\",\"inLanguage\":\"de\",\"potentialAction\":[{\"@type\":\"ReadAction\",\"target\":[\"https:\/\/ecoprogress.eu\/de\/ueber-uns\/\"]}]},{\"@type\":\"ImageObject\",\"inLanguage\":\"de\",\"@id\":\"https:\/\/ecoprogress.eu\/de\/ueber-uns\/#primaryimage\",\"url\":\"https:\/\/ecoprogress.eu\/wp-content\/uploads\/grid.png\",\"contentUrl\":\"https:\/\/ecoprogress.eu\/wp-content\/uploads\/grid.png\"},{\"@type\":\"WebSite\",\"@id\":\"https:\/\/ecoprogress.eu\/de\/#website\",\"url\":\"https:\/\/ecoprogress.eu\/de\/\",\"name\":\"Ecoprogress\",\"description\":\"\",\"publisher\":{\"@id\":\"https:\/\/ecoprogress.eu\/de\/#organization\"},\"potentialAction\":[{\"@type\":\"SearchAction\",\"target\":{\"@type\":\"EntryPoint\",\"urlTemplate\":\"https:\/\/ecoprogress.eu\/de\/?s={search_term_string}\"},\"query-input\":{\"@type\":\"PropertyValueSpecification\",\"valueRequired\":true,\"valueName\":\"search_term_string\"}}],\"inLanguage\":\"de\"},{\"@type\":\"Organization\",\"@id\":\"https:\/\/ecoprogress.eu\/de\/#organization\",\"name\":\"Ecoprogress\",\"url\":\"https:\/\/ecoprogress.eu\/de\/\",\"logo\":{\"@type\":\"ImageObject\",\"inLanguage\":\"de\",\"@id\":\"https:\/\/ecoprogress.eu\/de\/#\/schema\/logo\/image\/\",\"url\":\"https:\/\/ecoprogress.eu\/wp-content\/uploads\/logo-2.svg\",\"contentUrl\":\"https:\/\/ecoprogress.eu\/wp-content\/uploads\/logo-2.svg\",\"width\":318,\"height\":349,\"caption\":\"Ecoprogress\"},\"image\":{\"@id\":\"https:\/\/ecoprogress.eu\/de\/#\/schema\/logo\/image\/\"}}]}<\/script>\n<!-- \/ Yoast SEO plugin. -->","yoast_head_json":{"title":"\u00dcber uns | Ecoprogress","robots":{"index":"index","follow":"follow","max-snippet":"max-snippet:-1","max-image-preview":"max-image-preview:large","max-video-preview":"max-video-preview:-1"},"canonical":"https:\/\/ecoprogress.eu\/de\/ueber-uns\/","og_locale":"de_DE","og_type":"article","og_title":"\u00dcber uns | Ecoprogress","og_description":"\u00dcBER UNS https:\/\/youtu.be\/KLDAMF2VkJw Wir gestalten den \u00f6ffentlichen Raum zum Besseren. Seit 2017 spezialisiert sich Ecoprogress auf die Entwicklung und Produktion von Stadtmobiliar, Baul\u00f6sungen und modernen Technologien. Unsere Priorit\u00e4t ist es Nachhaltigkeit mit Innovation zu verbinden und zu einer umweltfreundlicheren Umgebung in St\u00e4dten und Gemeinden beizutragen. Wir haben bereits \u00fcber 120 erfolgreiche Projekte realisiert, wobei unsere [&hellip;]","og_url":"https:\/\/ecoprogress.eu\/de\/ueber-uns\/","og_site_name":"Ecoprogress","article_modified_time":"2025-03-07T10:36:42+00:00","og_image":[{"url":"https:\/\/ecoprogress.eu\/wp-content\/uploads\/grid.png","type":"","width":"","height":""}],"twitter_card":"summary_large_image","schema":{"@context":"https:\/\/schema.org","@graph":[{"@type":"WebPage","@id":"https:\/\/ecoprogress.eu\/de\/ueber-uns\/","url":"https:\/\/ecoprogress.eu\/de\/ueber-uns\/","name":"\u00dcber uns | Ecoprogress","isPartOf":{"@id":"https:\/\/ecoprogress.eu\/de\/#website"},"primaryImageOfPage":{"@id":"https:\/\/ecoprogress.eu\/de\/ueber-uns\/#primaryimage"},"image":{"@id":"https:\/\/ecoprogress.eu\/de\/ueber-uns\/#primaryimage"},"thumbnailUrl":"https:\/\/ecoprogress.eu\/wp-content\/uploads\/grid.png","datePublished":"2025-03-05T11:01:05+00:00","dateModified":"2025-03-07T10:36:42+00:00","inLanguage":"de","potentialAction":[{"@type":"ReadAction","target":["https:\/\/ecoprogress.eu\/de\/ueber-uns\/"]}]},{"@type":"ImageObject","inLanguage":"de","@id":"https:\/\/ecoprogress.eu\/de\/ueber-uns\/#primaryimage","url":"https:\/\/ecoprogress.eu\/wp-content\/uploads\/grid.png","contentUrl":"https:\/\/ecoprogress.eu\/wp-content\/uploads\/grid.png"},{"@type":"WebSite","@id":"https:\/\/ecoprogress.eu\/de\/#website","url":"https:\/\/ecoprogress.eu\/de\/","name":"Ecoprogress","description":"","publisher":{"@id":"https:\/\/ecoprogress.eu\/de\/#organization"},"potentialAction":[{"@type":"SearchAction","target":{"@type":"EntryPoint","urlTemplate":"https:\/\/ecoprogress.eu\/de\/?s={search_term_string}"},"query-input":{"@type":"PropertyValueSpecification","valueRequired":true,"valueName":"search_term_string"}}],"inLanguage":"de"},{"@type":"Organization","@id":"https:\/\/ecoprogress.eu\/de\/#organization","name":"Ecoprogress","url":"https:\/\/ecoprogress.eu\/de\/","logo":{"@type":"ImageObject","inLanguage":"de","@id":"https:\/\/ecoprogress.eu\/de\/#\/schema\/logo\/image\/","url":"https:\/\/ecoprogress.eu\/wp-content\/uploads\/logo-2.svg","contentUrl":"https:\/\/ecoprogress.eu\/wp-content\/uploads\/logo-2.svg","width":318,"height":349,"caption":"Ecoprogress"},"image":{"@id":"https:\/\/ecoprogress.eu\/de\/#\/schema\/logo\/image\/"}}]}},"_links":{"self":[{"href":"https:\/\/ecoprogress.eu\/de\/wp-json\/wp\/v2\/pages\/57504","targetHints":{"allow":["GET"]}}],"collection":[{"href":"https:\/\/ecoprogress.eu\/de\/wp-json\/wp\/v2\/pages"}],"about":[{"href":"https:\/\/ecoprogress.eu\/de\/wp-json\/wp\/v2\/types\/page"}],"author":[{"embeddable":true,"href":"https:\/\/ecoprogress.eu\/de\/wp-json\/wp\/v2\/users\/3"}],"replies":[{"embeddable":true,"href":"https:\/\/ecoprogress.eu\/de\/wp-json\/wp\/v2\/comments?post=57504"}],"version-history":[{"count":8,"href":"https:\/\/ecoprogress.eu\/de\/wp-json\/wp\/v2\/pages\/57504\/revisions"}],"predecessor-version":[{"id":58904,"href":"https:\/\/ecoprogress.eu\/de\/wp-json\/wp\/v2\/pages\/57504\/revisions\/58904"}],"wp:attachment":[{"href":"https:\/\/ecoprogress.eu\/de\/wp-json\/wp\/v2\/media?parent=57504"}],"curies":[{"name":"wp","href":"https:\/\/api.w.org\/{rel}","templated":true}]}}