{"id":58239,"date":"2025-03-07T11:36:38","date_gmt":"2025-03-07T10:36:38","guid":{"rendered":"https:\/\/ecoprogress.eu\/cyclosafe-box\/"},"modified":"2025-03-07T11:36:38","modified_gmt":"2025-03-07T10:36:38","slug":"cyclosafe-box","status":"publish","type":"page","link":"https:\/\/ecoprogress.eu\/de\/cyclosafe-box\/","title":{"rendered":"Cyclosafe Box"},"content":{"rendered":"\t\t<div data-elementor-type=\"wp-page\" data-elementor-id=\"58239\" class=\"elementor elementor-58239 elementor-34384\" data-elementor-post-type=\"page\">\n\t\t\t\t\t\t<section class=\"elementor-section elementor-top-section elementor-element elementor-element-386ae333 elementor-section-boxed elementor-section-height-default elementor-section-height-default\" data-id=\"386ae333\" data-element_type=\"section\" data-e-type=\"section\" data-settings=\"{&quot;background_background&quot;:&quot;classic&quot;}\">\n\t\t\t\t\t\t<div class=\"elementor-container elementor-column-gap-default\">\n\t\t\t\t\t<div class=\"elementor-column elementor-col-100 elementor-top-column elementor-element elementor-element-70ecf0bb\" data-id=\"70ecf0bb\" data-element_type=\"column\" data-e-type=\"column\">\n\t\t\t<div class=\"elementor-widget-wrap elementor-element-populated\">\n\t\t\t\t\t\t<div class=\"elementor-element elementor-element-159eeb71 elementor-widget elementor-widget-heading\" data-id=\"159eeb71\" data-element_type=\"widget\" data-e-type=\"widget\" data-widget_type=\"heading.default\">\n\t\t\t\t\t<h2 class=\"elementor-heading-title elementor-size-default\">CYKLOSAFE BOX<\/h2>\t\t\t\t<\/div>\n\t\t\t\t\t<\/div>\n\t\t<\/div>\n\t\t\t\t\t<\/div>\n\t\t<\/section>\n\t\t\t\t<section class=\"elementor-section elementor-top-section elementor-element elementor-element-1102cd8 avo-section-mode1 elementor-section-boxed elementor-section-height-default elementor-section-height-default\" data-id=\"1102cd8\" data-element_type=\"section\" data-e-type=\"section\" data-settings=\"{&quot;background_background&quot;:&quot;classic&quot;,&quot;animation&quot;:&quot;none&quot;}\">\n\t\t\t\t\t\t\t<div class=\"elementor-background-overlay\"><\/div>\n\t\t\t\t\t\t\t<div class=\"elementor-container elementor-column-gap-no\">\n\t\t\t\t\t<div class=\"elementor-column elementor-col-50 elementor-top-column elementor-element elementor-element-723acc8d\" data-id=\"723acc8d\" data-element_type=\"column\" data-e-type=\"column\" data-settings=\"{&quot;animation&quot;:&quot;none&quot;}\">\n\t\t\t<div class=\"elementor-widget-wrap elementor-element-populated\">\n\t\t\t\t\t\t<div class=\"elementor-element elementor-element-69d5c683 elementor-widget elementor-widget-video\" data-id=\"69d5c683\" data-element_type=\"widget\" data-e-type=\"widget\" data-settings=\"{&quot;youtube_url&quot;:&quot;https:\\\/\\\/youtu.be\\\/cvbeiULcRE4&quot;,&quot;show_image_overlay&quot;:&quot;yes&quot;,&quot;image_overlay&quot;:{&quot;url&quot;:&quot;&quot;,&quot;id&quot;:&quot;&quot;,&quot;size&quot;:&quot;&quot;,&quot;alt&quot;:&quot;&quot;,&quot;source&quot;:&quot;library&quot;},&quot;video_type&quot;:&quot;youtube&quot;,&quot;controls&quot;:&quot;yes&quot;}\" data-widget_type=\"video.default\">\n\t\t\t\t\t\t\t<div class=\"elementor-wrapper elementor-open-inline\">\n\t\t\t<div class=\"elementor-video\"><\/div>\t\t<\/div>\n\t\t\t\t\t\t<\/div>\n\t\t\t\t\t<\/div>\n\t\t<\/div>\n\t\t\t\t<div class=\"elementor-column elementor-col-50 elementor-top-column elementor-element elementor-element-5ca80c41\" data-id=\"5ca80c41\" data-element_type=\"column\" data-e-type=\"column\">\n\t\t\t<div class=\"elementor-widget-wrap elementor-element-populated\">\n\t\t\t\t\t\t<div class=\"elementor-element elementor-element-39878c0d elementor-widget-tablet__width-inherit elementor-widget elementor-widget-heading\" data-id=\"39878c0d\" data-element_type=\"widget\" data-e-type=\"widget\" data-widget_type=\"heading.default\">\n\t\t\t\t\t<h3 class=\"elementor-heading-title elementor-size-default\">Abschlie\u00dfbare Box f\u00fcr 2 Fahrr\u00e4der<\/h3>\t\t\t\t<\/div>\n\t\t\t\t<div class=\"elementor-element elementor-element-519284a9 elementor-widget elementor-widget-heading\" data-id=\"519284a9\" data-element_type=\"widget\" data-e-type=\"widget\" data-widget_type=\"heading.default\">\n\t\t\t\t\t<h2 class=\"elementor-heading-title elementor-size-default\">Tragende Struktur und&nbsp;Verkleidung aus&nbsp;massiven Eisenprofilen und&nbsp;Blech. Behandelt mit Feuerverzinkung und&nbsp;Pulverbeschichtung in&nbsp;RAL-Farbton (je nach Kundenwunsch). Im Inneren des Unterstandes befinden sich 2 Fahrradst\u00e4nder, auf denen die Fahrr\u00e4der sicher befestigt werden k\u00f6nnen. Der Unterstand kann an das Stromnetz angeschlossen werden, um das Aufladen von Elektrofahrr\u00e4dern zu erm\u00f6glichen. Die Verriegelung erfolgt \u00fcber einen Petcock mit&nbsp;Sicherheitsschloss mit Patentschl\u00fcssel.    <\/h2>\t\t\t\t<\/div>\n\t\t\t\t<div class=\"elementor-element elementor-element-297c03c6 elementor-widget__width-initial elementor-absolute elementor-widget elementor-widget-image\" data-id=\"297c03c6\" data-element_type=\"widget\" data-e-type=\"widget\" data-settings=\"{&quot;_position&quot;:&quot;absolute&quot;}\" data-widget_type=\"image.default\">\n\t\t\t\t\t\t\t\t\t\t\t\t\t\t\t<img decoding=\"async\" width=\"221\" height=\"222\" src=\"https:\/\/ecoprogress.eu\/wp-content\/uploads\/grid.png\" class=\"attachment-full size-full wp-image-12249\" alt=\"\" srcset=\"https:\/\/ecoprogress.eu\/wp-content\/uploads\/grid.png 221w, https:\/\/ecoprogress.eu\/wp-content\/uploads\/grid-100x100.png 100w\" sizes=\"(max-width: 221px) 100vw, 221px\" \/>\t\t\t\t\t\t\t\t\t\t\t\t\t\t\t<\/div>\n\t\t\t\t\t<\/div>\n\t\t<\/div>\n\t\t\t\t\t<\/div>\n\t\t<\/section>\n\t\t\t\t<section class=\"elementor-section elementor-top-section elementor-element elementor-element-3312fc7b elementor-section-boxed elementor-section-height-default elementor-section-height-default\" data-id=\"3312fc7b\" data-element_type=\"section\" data-e-type=\"section\">\n\t\t\t\t\t\t<div class=\"elementor-container elementor-column-gap-default\">\n\t\t\t\t\t<div class=\"elementor-column elementor-col-100 elementor-top-column elementor-element elementor-element-5f60b2ec\" data-id=\"5f60b2ec\" data-element_type=\"column\" data-e-type=\"column\">\n\t\t\t<div class=\"elementor-widget-wrap elementor-element-populated\">\n\t\t\t\t\t\t<div class=\"elementor-element elementor-element-4a26b638 elementor-widget elementor-widget-gallery\" data-id=\"4a26b638\" data-element_type=\"widget\" data-e-type=\"widget\" data-settings=\"{&quot;lazyload&quot;:&quot;yes&quot;,&quot;gallery_layout&quot;:&quot;grid&quot;,&quot;columns&quot;:4,&quot;columns_tablet&quot;:2,&quot;columns_mobile&quot;:1,&quot;gap&quot;:{&quot;unit&quot;:&quot;px&quot;,&quot;size&quot;:10,&quot;sizes&quot;:[]},&quot;gap_tablet&quot;:{&quot;unit&quot;:&quot;px&quot;,&quot;size&quot;:10,&quot;sizes&quot;:[]},&quot;gap_mobile&quot;:{&quot;unit&quot;:&quot;px&quot;,&quot;size&quot;:10,&quot;sizes&quot;:[]},&quot;link_to&quot;:&quot;file&quot;,&quot;aspect_ratio&quot;:&quot;3:2&quot;,&quot;overlay_background&quot;:&quot;yes&quot;,&quot;content_hover_animation&quot;:&quot;fade-in&quot;}\" data-widget_type=\"gallery.default\">\n\t\t\t\t\t\t\t<div class=\"elementor-gallery__container\">\n\t\t\t\t\t\t\t<a class=\"e-gallery-item elementor-gallery-item elementor-animated-content\" href=\"https:\/\/ecoprogress.eu\/wp-content\/uploads\/01-5.jpg\" data-elementor-open-lightbox=\"yes\" data-elementor-lightbox-slideshow=\"4a26b638\" data-elementor-lightbox-title=\"01\" data-e-action-hash=\"#elementor-action%3Aaction%3Dlightbox%26settings%3DeyJpZCI6MzQzODcsInVybCI6Imh0dHBzOlwvXC9lY29wcm9ncmVzcy5ldVwvd3AtY29udGVudFwvdXBsb2Fkc1wvMDEtNS5qcGciLCJzbGlkZXNob3ciOiI0YTI2YjYzOCJ9\">\n\t\t\t\t\t<div class=\"e-gallery-image elementor-gallery-item__image\" data-thumbnail=\"https:\/\/ecoprogress.eu\/wp-content\/uploads\/01-5-1100x619.jpg\" data-width=\"800\" data-height=\"450\" aria-label=\"\" role=\"img\" ><\/div>\n\t\t\t\t\t\t\t\t\t\t\t<div class=\"elementor-gallery-item__overlay\"><\/div>\n\t\t\t\t\t\t\t\t\t\t\t\t\t\t<\/a>\n\t\t\t\t\t\t\t<a class=\"e-gallery-item elementor-gallery-item elementor-animated-content\" href=\"https:\/\/ecoprogress.eu\/wp-content\/uploads\/03-5.jpg\" data-elementor-open-lightbox=\"yes\" data-elementor-lightbox-slideshow=\"4a26b638\" data-elementor-lightbox-title=\"03\" data-e-action-hash=\"#elementor-action%3Aaction%3Dlightbox%26settings%3DeyJpZCI6MzQzOTEsInVybCI6Imh0dHBzOlwvXC9lY29wcm9ncmVzcy5ldVwvd3AtY29udGVudFwvdXBsb2Fkc1wvMDMtNS5qcGciLCJzbGlkZXNob3ciOiI0YTI2YjYzOCJ9\">\n\t\t\t\t\t<div class=\"e-gallery-image elementor-gallery-item__image\" data-thumbnail=\"https:\/\/ecoprogress.eu\/wp-content\/uploads\/03-5-1100x619.jpg\" data-width=\"800\" data-height=\"450\" aria-label=\"\" role=\"img\" ><\/div>\n\t\t\t\t\t\t\t\t\t\t\t<div class=\"elementor-gallery-item__overlay\"><\/div>\n\t\t\t\t\t\t\t\t\t\t\t\t\t\t<\/a>\n\t\t\t\t\t\t\t<a class=\"e-gallery-item elementor-gallery-item elementor-animated-content\" href=\"https:\/\/ecoprogress.eu\/wp-content\/uploads\/04-3.jpg\" data-elementor-open-lightbox=\"yes\" data-elementor-lightbox-slideshow=\"4a26b638\" data-elementor-lightbox-title=\"04\" data-e-action-hash=\"#elementor-action%3Aaction%3Dlightbox%26settings%3DeyJpZCI6MzQzOTMsInVybCI6Imh0dHBzOlwvXC9lY29wcm9ncmVzcy5ldVwvd3AtY29udGVudFwvdXBsb2Fkc1wvMDQtMy5qcGciLCJzbGlkZXNob3ciOiI0YTI2YjYzOCJ9\">\n\t\t\t\t\t<div class=\"e-gallery-image elementor-gallery-item__image\" data-thumbnail=\"https:\/\/ecoprogress.eu\/wp-content\/uploads\/04-3-1100x619.jpg\" data-width=\"800\" data-height=\"450\" aria-label=\"\" role=\"img\" ><\/div>\n\t\t\t\t\t\t\t\t\t\t\t<div class=\"elementor-gallery-item__overlay\"><\/div>\n\t\t\t\t\t\t\t\t\t\t\t\t\t\t<\/a>\n\t\t\t\t\t\t\t<a class=\"e-gallery-item elementor-gallery-item elementor-animated-content\" href=\"https:\/\/ecoprogress.eu\/wp-content\/uploads\/05-2.jpg\" data-elementor-open-lightbox=\"yes\" data-elementor-lightbox-slideshow=\"4a26b638\" data-elementor-lightbox-title=\"05\" data-e-action-hash=\"#elementor-action%3Aaction%3Dlightbox%26settings%3DeyJpZCI6MzQzOTUsInVybCI6Imh0dHBzOlwvXC9lY29wcm9ncmVzcy5ldVwvd3AtY29udGVudFwvdXBsb2Fkc1wvMDUtMi5qcGciLCJzbGlkZXNob3ciOiI0YTI2YjYzOCJ9\">\n\t\t\t\t\t<div class=\"e-gallery-image elementor-gallery-item__image\" data-thumbnail=\"https:\/\/ecoprogress.eu\/wp-content\/uploads\/05-2-1100x619.jpg\" data-width=\"800\" data-height=\"450\" aria-label=\"\" role=\"img\" ><\/div>\n\t\t\t\t\t\t\t\t\t\t\t<div class=\"elementor-gallery-item__overlay\"><\/div>\n\t\t\t\t\t\t\t\t\t\t\t\t\t\t<\/a>\n\t\t\t\t\t\t\t<a class=\"e-gallery-item elementor-gallery-item elementor-animated-content\" href=\"https:\/\/ecoprogress.eu\/wp-content\/uploads\/06-1.jpg\" data-elementor-open-lightbox=\"yes\" data-elementor-lightbox-slideshow=\"4a26b638\" data-elementor-lightbox-title=\"06\" data-e-action-hash=\"#elementor-action%3Aaction%3Dlightbox%26settings%3DeyJpZCI6NTgyMzQsInVybCI6Imh0dHBzOlwvXC9lY29wcm9ncmVzcy5ldVwvd3AtY29udGVudFwvdXBsb2Fkc1wvMDYtMS5qcGciLCJzbGlkZXNob3ciOiI0YTI2YjYzOCJ9\">\n\t\t\t\t\t<div class=\"e-gallery-image elementor-gallery-item__image\" data-thumbnail=\"https:\/\/ecoprogress.eu\/wp-content\/uploads\/06-1-1100x619.jpg\" data-width=\"800\" data-height=\"450\" aria-label=\"\" role=\"img\" ><\/div>\n\t\t\t\t\t\t\t\t\t\t\t<div class=\"elementor-gallery-item__overlay\"><\/div>\n\t\t\t\t\t\t\t\t\t\t\t\t\t\t<\/a>\n\t\t\t\t\t\t\t<a class=\"e-gallery-item elementor-gallery-item elementor-animated-content\" href=\"https:\/\/ecoprogress.eu\/wp-content\/uploads\/07.jpg\" data-elementor-open-lightbox=\"yes\" data-elementor-lightbox-slideshow=\"4a26b638\" data-elementor-lightbox-title=\"07\" data-e-action-hash=\"#elementor-action%3Aaction%3Dlightbox%26settings%3DeyJpZCI6MzQzOTksInVybCI6Imh0dHBzOlwvXC9lY29wcm9ncmVzcy5ldVwvd3AtY29udGVudFwvdXBsb2Fkc1wvMDcuanBnIiwic2xpZGVzaG93IjoiNGEyNmI2MzgifQ%3D%3D\">\n\t\t\t\t\t<div class=\"e-gallery-image elementor-gallery-item__image\" data-thumbnail=\"https:\/\/ecoprogress.eu\/wp-content\/uploads\/07-1100x619.jpg\" data-width=\"800\" data-height=\"450\" aria-label=\"\" role=\"img\" ><\/div>\n\t\t\t\t\t\t\t\t\t\t\t<div class=\"elementor-gallery-item__overlay\"><\/div>\n\t\t\t\t\t\t\t\t\t\t\t\t\t\t<\/a>\n\t\t\t\t\t\t\t<a class=\"e-gallery-item elementor-gallery-item elementor-animated-content\" href=\"https:\/\/ecoprogress.eu\/wp-content\/uploads\/08.jpg\" data-elementor-open-lightbox=\"yes\" data-elementor-lightbox-slideshow=\"4a26b638\" data-elementor-lightbox-title=\"08\" data-e-action-hash=\"#elementor-action%3Aaction%3Dlightbox%26settings%3DeyJpZCI6MzQ0MDEsInVybCI6Imh0dHBzOlwvXC9lY29wcm9ncmVzcy5ldVwvd3AtY29udGVudFwvdXBsb2Fkc1wvMDguanBnIiwic2xpZGVzaG93IjoiNGEyNmI2MzgifQ%3D%3D\">\n\t\t\t\t\t<div class=\"e-gallery-image elementor-gallery-item__image\" data-thumbnail=\"https:\/\/ecoprogress.eu\/wp-content\/uploads\/08-1100x619.jpg\" data-width=\"800\" data-height=\"450\" aria-label=\"\" role=\"img\" ><\/div>\n\t\t\t\t\t\t\t\t\t\t\t<div class=\"elementor-gallery-item__overlay\"><\/div>\n\t\t\t\t\t\t\t\t\t\t\t\t\t\t<\/a>\n\t\t\t\t\t\t\t<a class=\"e-gallery-item elementor-gallery-item elementor-animated-content\" href=\"https:\/\/ecoprogress.eu\/wp-content\/uploads\/09.jpg\" data-elementor-open-lightbox=\"yes\" data-elementor-lightbox-slideshow=\"4a26b638\" data-elementor-lightbox-title=\"09\" data-e-action-hash=\"#elementor-action%3Aaction%3Dlightbox%26settings%3DeyJpZCI6MzQ0MDMsInVybCI6Imh0dHBzOlwvXC9lY29wcm9ncmVzcy5ldVwvd3AtY29udGVudFwvdXBsb2Fkc1wvMDkuanBnIiwic2xpZGVzaG93IjoiNGEyNmI2MzgifQ%3D%3D\">\n\t\t\t\t\t<div class=\"e-gallery-image elementor-gallery-item__image\" data-thumbnail=\"https:\/\/ecoprogress.eu\/wp-content\/uploads\/09-1100x619.jpg\" data-width=\"800\" data-height=\"450\" aria-label=\"\" role=\"img\" ><\/div>\n\t\t\t\t\t\t\t\t\t\t\t<div class=\"elementor-gallery-item__overlay\"><\/div>\n\t\t\t\t\t\t\t\t\t\t\t\t\t\t<\/a>\n\t\t\t\t\t<\/div>\n\t\t\t\t\t<\/div>\n\t\t\t\t\t<\/div>\n\t\t<\/div>\n\t\t\t\t\t<\/div>\n\t\t<\/section>\n\t\t\t\t<section class=\"elementor-section elementor-top-section elementor-element elementor-element-da378cf elementor-section-full_width elementor-section-height-default elementor-section-height-default\" data-id=\"da378cf\" data-element_type=\"section\" data-e-type=\"section\">\n\t\t\t\t\t\t<div class=\"elementor-container elementor-column-gap-default\">\n\t\t\t\t\t<div class=\"elementor-column elementor-col-100 elementor-top-column elementor-element elementor-element-be66d0c\" data-id=\"be66d0c\" data-element_type=\"column\" data-e-type=\"column\">\n\t\t\t<div class=\"elementor-widget-wrap elementor-element-populated\">\n\t\t\t\t\t\t<div class=\"elementor-element elementor-element-95db171 elementor-widget elementor-widget-image\" data-id=\"95db171\" data-element_type=\"widget\" data-e-type=\"widget\" data-widget_type=\"image.default\">\n\t\t\t\t\t\t\t\t\t\t\t\t\t\t\t<img fetchpriority=\"high\" decoding=\"async\" width=\"1757\" height=\"1247\" src=\"https:\/\/ecoprogress.eu\/wp-content\/uploads\/A05_Cyklosafe-balik-1.jpg\" class=\"attachment-full size-full wp-image-58241\" alt=\"\" srcset=\"https:\/\/ecoprogress.eu\/wp-content\/uploads\/A05_Cyklosafe-balik-1.jpg 1757w, https:\/\/ecoprogress.eu\/wp-content\/uploads\/A05_Cyklosafe-balik-1-600x426.jpg 600w, https:\/\/ecoprogress.eu\/wp-content\/uploads\/A05_Cyklosafe-balik-1-350x248.jpg 350w, https:\/\/ecoprogress.eu\/wp-content\/uploads\/A05_Cyklosafe-balik-1-1100x781.jpg 1100w, https:\/\/ecoprogress.eu\/wp-content\/uploads\/A05_Cyklosafe-balik-1-768x545.jpg 768w, https:\/\/ecoprogress.eu\/wp-content\/uploads\/A05_Cyklosafe-balik-1-1536x1090.jpg 1536w\" sizes=\"(max-width: 1757px) 100vw, 1757px\" \/>\t\t\t\t\t\t\t\t\t\t\t\t\t\t\t<\/div>\n\t\t\t\t\t<\/div>\n\t\t<\/div>\n\t\t\t\t\t<\/div>\n\t\t<\/section>\n\t\t\t\t<section class=\"elementor-section elementor-top-section elementor-element elementor-element-3c4f2cac elementor-section-full_width elementor-section-height-default elementor-section-height-default\" data-id=\"3c4f2cac\" data-element_type=\"section\" data-e-type=\"section\">\n\t\t\t\t\t\t<div class=\"elementor-container elementor-column-gap-no\">\n\t\t\t\t\t<div class=\"elementor-column elementor-col-100 elementor-top-column elementor-element elementor-element-6aaa1bbd\" data-id=\"6aaa1bbd\" data-element_type=\"column\" data-e-type=\"column\">\n\t\t\t<div class=\"elementor-widget-wrap elementor-element-populated\">\n\t\t\t\t\t\t<div class=\"elementor-element elementor-element-439fbada elementor-align-center elementor-widget elementor-widget-button\" data-id=\"439fbada\" data-element_type=\"widget\" data-e-type=\"widget\" data-widget_type=\"button.default\">\n\t\t\t\t\t\t\t\t\t\t<a class=\"elementor-button elementor-button-link elementor-size-lg\" href=\"https:\/\/ecoprogress.eu\/de\/?page_id=57493\">\n\t\t\t\t\t\t<span class=\"elementor-button-content-wrapper\">\n\t\t\t\t\t\t\t\t\t<span class=\"elementor-button-text\">KONTAKT US<\/span>\n\t\t\t\t\t<\/span>\n\t\t\t\t\t<\/a>\n\t\t\t\t\t\t\t\t<\/div>\n\t\t\t\t\t<\/div>\n\t\t<\/div>\n\t\t\t\t\t<\/div>\n\t\t<\/section>\n\t\t\t\t<\/div>\n\t\t","protected":false},"excerpt":{"rendered":"<p>CYKLOSAFE BOX https:\/\/youtu.be\/cvbeiULcRE4 Abschlie\u00dfbare Box f\u00fcr 2 Fahrr\u00e4der Tragende Struktur und&nbsp;Verkleidung aus&nbsp;massiven Eisenprofilen und&nbsp;Blech. Behandelt mit Feuerverzinkung und&nbsp;Pulverbeschichtung in&nbsp;RAL-Farbton (je nach Kundenwunsch). Im Inneren des Unterstandes befinden sich 2 Fahrradst\u00e4nder, auf denen die Fahrr\u00e4der sicher befestigt werden k\u00f6nnen. Der Unterstand kann an das Stromnetz angeschlossen werden, um das Aufladen von Elektrofahrr\u00e4dern zu erm\u00f6glichen. Die Verriegelung [&hellip;]<\/p>\n","protected":false},"author":3,"featured_media":0,"parent":0,"menu_order":0,"comment_status":"closed","ping_status":"closed","template":"","meta":{"footnotes":""},"class_list":["post-58239","page","type-page","status-publish","hentry"],"yoast_head":"<!-- This site is optimized with the Yoast SEO plugin v27.2 - https:\/\/yoast.com\/product\/yoast-seo-wordpress\/ -->\n<title>Cyclosafe Box | Ecoprogress<\/title>\n<meta name=\"robots\" content=\"index, follow, max-snippet:-1, max-image-preview:large, max-video-preview:-1\" \/>\n<link rel=\"canonical\" href=\"https:\/\/ecoprogress.eu\/de\/cyclosafe-box\/\" \/>\n<meta property=\"og:locale\" content=\"de_DE\" \/>\n<meta property=\"og:type\" content=\"article\" \/>\n<meta property=\"og:title\" content=\"Cyclosafe Box | Ecoprogress\" \/>\n<meta property=\"og:description\" content=\"CYKLOSAFE BOX https:\/\/youtu.be\/cvbeiULcRE4 Abschlie\u00dfbare Box f\u00fcr 2 Fahrr\u00e4der Tragende Struktur und&nbsp;Verkleidung aus&nbsp;massiven Eisenprofilen und&nbsp;Blech. Behandelt mit Feuerverzinkung und&nbsp;Pulverbeschichtung in&nbsp;RAL-Farbton (je nach Kundenwunsch). Im Inneren des Unterstandes befinden sich 2 Fahrradst\u00e4nder, auf denen die Fahrr\u00e4der sicher befestigt werden k\u00f6nnen. Der Unterstand kann an das Stromnetz angeschlossen werden, um das Aufladen von Elektrofahrr\u00e4dern zu erm\u00f6glichen. Die Verriegelung [&hellip;]\" \/>\n<meta property=\"og:url\" content=\"https:\/\/ecoprogress.eu\/de\/cyclosafe-box\/\" \/>\n<meta property=\"og:site_name\" content=\"Ecoprogress\" \/>\n<meta property=\"og:image\" content=\"https:\/\/ecoprogress.eu\/wp-content\/uploads\/grid.png\" \/>\n<meta name=\"twitter:card\" content=\"summary_large_image\" \/>\n<script type=\"application\/ld+json\" class=\"yoast-schema-graph\">{\"@context\":\"https:\/\/schema.org\",\"@graph\":[{\"@type\":\"WebPage\",\"@id\":\"https:\/\/ecoprogress.eu\/de\/cyclosafe-box\/\",\"url\":\"https:\/\/ecoprogress.eu\/de\/cyclosafe-box\/\",\"name\":\"Cyclosafe Box | Ecoprogress\",\"isPartOf\":{\"@id\":\"https:\/\/ecoprogress.eu\/de\/#website\"},\"primaryImageOfPage\":{\"@id\":\"https:\/\/ecoprogress.eu\/de\/cyclosafe-box\/#primaryimage\"},\"image\":{\"@id\":\"https:\/\/ecoprogress.eu\/de\/cyclosafe-box\/#primaryimage\"},\"thumbnailUrl\":\"https:\/\/ecoprogress.eu\/wp-content\/uploads\/grid.png\",\"datePublished\":\"2025-03-07T10:36:38+00:00\",\"inLanguage\":\"de\",\"potentialAction\":[{\"@type\":\"ReadAction\",\"target\":[\"https:\/\/ecoprogress.eu\/de\/cyclosafe-box\/\"]}]},{\"@type\":\"ImageObject\",\"inLanguage\":\"de\",\"@id\":\"https:\/\/ecoprogress.eu\/de\/cyclosafe-box\/#primaryimage\",\"url\":\"https:\/\/ecoprogress.eu\/wp-content\/uploads\/grid.png\",\"contentUrl\":\"https:\/\/ecoprogress.eu\/wp-content\/uploads\/grid.png\"},{\"@type\":\"WebSite\",\"@id\":\"https:\/\/ecoprogress.eu\/de\/#website\",\"url\":\"https:\/\/ecoprogress.eu\/de\/\",\"name\":\"Ecoprogress\",\"description\":\"\",\"publisher\":{\"@id\":\"https:\/\/ecoprogress.eu\/de\/#organization\"},\"potentialAction\":[{\"@type\":\"SearchAction\",\"target\":{\"@type\":\"EntryPoint\",\"urlTemplate\":\"https:\/\/ecoprogress.eu\/de\/?s={search_term_string}\"},\"query-input\":{\"@type\":\"PropertyValueSpecification\",\"valueRequired\":true,\"valueName\":\"search_term_string\"}}],\"inLanguage\":\"de\"},{\"@type\":\"Organization\",\"@id\":\"https:\/\/ecoprogress.eu\/de\/#organization\",\"name\":\"Ecoprogress\",\"url\":\"https:\/\/ecoprogress.eu\/de\/\",\"logo\":{\"@type\":\"ImageObject\",\"inLanguage\":\"de\",\"@id\":\"https:\/\/ecoprogress.eu\/de\/#\/schema\/logo\/image\/\",\"url\":\"https:\/\/ecoprogress.eu\/wp-content\/uploads\/logo-2.svg\",\"contentUrl\":\"https:\/\/ecoprogress.eu\/wp-content\/uploads\/logo-2.svg\",\"width\":318,\"height\":349,\"caption\":\"Ecoprogress\"},\"image\":{\"@id\":\"https:\/\/ecoprogress.eu\/de\/#\/schema\/logo\/image\/\"}}]}<\/script>\n<!-- \/ Yoast SEO plugin. -->","yoast_head_json":{"title":"Cyclosafe Box | Ecoprogress","robots":{"index":"index","follow":"follow","max-snippet":"max-snippet:-1","max-image-preview":"max-image-preview:large","max-video-preview":"max-video-preview:-1"},"canonical":"https:\/\/ecoprogress.eu\/de\/cyclosafe-box\/","og_locale":"de_DE","og_type":"article","og_title":"Cyclosafe Box | Ecoprogress","og_description":"CYKLOSAFE BOX https:\/\/youtu.be\/cvbeiULcRE4 Abschlie\u00dfbare Box f\u00fcr 2 Fahrr\u00e4der Tragende Struktur und&nbsp;Verkleidung aus&nbsp;massiven Eisenprofilen und&nbsp;Blech. Behandelt mit Feuerverzinkung und&nbsp;Pulverbeschichtung in&nbsp;RAL-Farbton (je nach Kundenwunsch). Im Inneren des Unterstandes befinden sich 2 Fahrradst\u00e4nder, auf denen die Fahrr\u00e4der sicher befestigt werden k\u00f6nnen. Der Unterstand kann an das Stromnetz angeschlossen werden, um das Aufladen von Elektrofahrr\u00e4dern zu erm\u00f6glichen. Die Verriegelung [&hellip;]","og_url":"https:\/\/ecoprogress.eu\/de\/cyclosafe-box\/","og_site_name":"Ecoprogress","og_image":[{"url":"https:\/\/ecoprogress.eu\/wp-content\/uploads\/grid.png","type":"","width":"","height":""}],"twitter_card":"summary_large_image","schema":{"@context":"https:\/\/schema.org","@graph":[{"@type":"WebPage","@id":"https:\/\/ecoprogress.eu\/de\/cyclosafe-box\/","url":"https:\/\/ecoprogress.eu\/de\/cyclosafe-box\/","name":"Cyclosafe Box | Ecoprogress","isPartOf":{"@id":"https:\/\/ecoprogress.eu\/de\/#website"},"primaryImageOfPage":{"@id":"https:\/\/ecoprogress.eu\/de\/cyclosafe-box\/#primaryimage"},"image":{"@id":"https:\/\/ecoprogress.eu\/de\/cyclosafe-box\/#primaryimage"},"thumbnailUrl":"https:\/\/ecoprogress.eu\/wp-content\/uploads\/grid.png","datePublished":"2025-03-07T10:36:38+00:00","inLanguage":"de","potentialAction":[{"@type":"ReadAction","target":["https:\/\/ecoprogress.eu\/de\/cyclosafe-box\/"]}]},{"@type":"ImageObject","inLanguage":"de","@id":"https:\/\/ecoprogress.eu\/de\/cyclosafe-box\/#primaryimage","url":"https:\/\/ecoprogress.eu\/wp-content\/uploads\/grid.png","contentUrl":"https:\/\/ecoprogress.eu\/wp-content\/uploads\/grid.png"},{"@type":"WebSite","@id":"https:\/\/ecoprogress.eu\/de\/#website","url":"https:\/\/ecoprogress.eu\/de\/","name":"Ecoprogress","description":"","publisher":{"@id":"https:\/\/ecoprogress.eu\/de\/#organization"},"potentialAction":[{"@type":"SearchAction","target":{"@type":"EntryPoint","urlTemplate":"https:\/\/ecoprogress.eu\/de\/?s={search_term_string}"},"query-input":{"@type":"PropertyValueSpecification","valueRequired":true,"valueName":"search_term_string"}}],"inLanguage":"de"},{"@type":"Organization","@id":"https:\/\/ecoprogress.eu\/de\/#organization","name":"Ecoprogress","url":"https:\/\/ecoprogress.eu\/de\/","logo":{"@type":"ImageObject","inLanguage":"de","@id":"https:\/\/ecoprogress.eu\/de\/#\/schema\/logo\/image\/","url":"https:\/\/ecoprogress.eu\/wp-content\/uploads\/logo-2.svg","contentUrl":"https:\/\/ecoprogress.eu\/wp-content\/uploads\/logo-2.svg","width":318,"height":349,"caption":"Ecoprogress"},"image":{"@id":"https:\/\/ecoprogress.eu\/de\/#\/schema\/logo\/image\/"}}]}},"_links":{"self":[{"href":"https:\/\/ecoprogress.eu\/de\/wp-json\/wp\/v2\/pages\/58239","targetHints":{"allow":["GET"]}}],"collection":[{"href":"https:\/\/ecoprogress.eu\/de\/wp-json\/wp\/v2\/pages"}],"about":[{"href":"https:\/\/ecoprogress.eu\/de\/wp-json\/wp\/v2\/types\/page"}],"author":[{"embeddable":true,"href":"https:\/\/ecoprogress.eu\/de\/wp-json\/wp\/v2\/users\/3"}],"replies":[{"embeddable":true,"href":"https:\/\/ecoprogress.eu\/de\/wp-json\/wp\/v2\/comments?post=58239"}],"version-history":[{"count":3,"href":"https:\/\/ecoprogress.eu\/de\/wp-json\/wp\/v2\/pages\/58239\/revisions"}],"predecessor-version":[{"id":58254,"href":"https:\/\/ecoprogress.eu\/de\/wp-json\/wp\/v2\/pages\/58239\/revisions\/58254"}],"wp:attachment":[{"href":"https:\/\/ecoprogress.eu\/de\/wp-json\/wp\/v2\/media?parent=58239"}],"curies":[{"name":"wp","href":"https:\/\/api.w.org\/{rel}","templated":true}]}}