{"id":58245,"date":"2025-03-05T12:44:26","date_gmt":"2025-03-05T11:44:26","guid":{"rendered":"https:\/\/ecoprogress.eu\/datenschutzbestimmungen\/"},"modified":"2025-03-07T11:36:39","modified_gmt":"2025-03-07T10:36:39","slug":"datenschutzbestimmungen","status":"publish","type":"page","link":"https:\/\/ecoprogress.eu\/de\/datenschutzbestimmungen\/","title":{"rendered":"Datenschutzbestimmungen"},"content":{"rendered":"\t\t<div data-elementor-type=\"wp-page\" data-elementor-id=\"58245\" class=\"elementor elementor-58245 elementor-3433\" data-elementor-post-type=\"page\">\n\t\t\t\t\t\t<section class=\"elementor-section elementor-top-section elementor-element elementor-element-159b004e avo-section-mode1 elementor-section-full_width elementor-section-height-default elementor-section-height-default\" data-id=\"159b004e\" data-element_type=\"section\" data-e-type=\"section\" data-settings=\"{&quot;background_background&quot;:&quot;classic&quot;}\">\n\t\t\t\t\t\t<div class=\"elementor-container elementor-column-gap-no\">\n\t\t\t\t\t<div class=\"elementor-column elementor-col-100 elementor-top-column elementor-element elementor-element-52f1df9c\" data-id=\"52f1df9c\" data-element_type=\"column\" data-e-type=\"column\">\n\t\t\t<div class=\"elementor-widget-wrap elementor-element-populated\">\n\t\t\t\t\t\t<div class=\"elementor-element elementor-element-56e9f908 elementor-widget elementor-widget-heading\" data-id=\"56e9f908\" data-element_type=\"widget\" data-e-type=\"widget\" data-widget_type=\"heading.default\">\n\t\t\t\t\t<h2 class=\"elementor-heading-title elementor-size-default\">DATENSCHUTZ<\/h2>\t\t\t\t<\/div>\n\t\t\t\t\t<\/div>\n\t\t<\/div>\n\t\t\t\t\t<\/div>\n\t\t<\/section>\n\t\t\t\t<section class=\"elementor-section elementor-top-section elementor-element elementor-element-70d6c7f elementor-section-boxed elementor-section-height-default elementor-section-height-default\" data-id=\"70d6c7f\" data-element_type=\"section\" data-e-type=\"section\">\n\t\t\t\t\t\t<div class=\"elementor-container elementor-column-gap-default\">\n\t\t\t\t\t<div class=\"elementor-column elementor-col-100 elementor-top-column elementor-element elementor-element-7724189\" data-id=\"7724189\" data-element_type=\"column\" data-e-type=\"column\">\n\t\t\t<div class=\"elementor-widget-wrap elementor-element-populated\">\n\t\t\t\t\t\t<div class=\"elementor-element elementor-element-12503e1 elementor-widget elementor-widget-text-editor\" data-id=\"12503e1\" data-element_type=\"widget\" data-e-type=\"widget\" data-widget_type=\"text-editor.default\">\n\t\t\t\t\t\t\t\t\t<header class=\"entry-header ast-no-thumbnail ast-no-meta\"><\/header><div class=\"entry-content clear\"><div class=\"elementor elementor-3\" data-elementor-type=\"wp-page\" data-elementor-id=\"3\" data-elementor-settings=\"[]\"><div class=\"elementor-inner\"><div class=\"elementor-section-wrap\"><section class=\"elementor-section elementor-top-section elementor-element elementor-element-2a42d077 elementor-section-boxed elementor-section-height-default elementor-section-height-default\" data-id=\"2a42d077\" data-element_type=\"section\" data-settings=\"{\"><div class=\"elementor-container elementor-column-gap-default\"><div class=\"elementor-row\"><div class=\"elementor-column elementor-col-100 elementor-top-column elementor-element elementor-element-62d6f67f\" data-id=\"62d6f67f\" data-element_type=\"column\"><div class=\"elementor-column-wrap elementor-element-populated\"><div class=\"elementor-widget-wrap\"><div class=\"elementor-element elementor-element-7d8e15c elementor-widget elementor-widget-text-editor\" data-id=\"7d8e15c\" data-element_type=\"widget\" data-widget_type=\"text-editor.default\"><div class=\"elementor-widget-container\"><div class=\"elementor-text-editor elementor-clearfix\"><p>SCHUTZ PERSONENBEZOGENER DATEN<\/p><p>Wir legen gro\u00dfen Wert auf den Schutz Ihrer personenbezogenen Daten in unseren Gesch\u00e4ftsabl\u00e4ufen. Wir erheben und nutzen nur die personenbezogenen Daten, die unbedingt erforderlich sind, und verarbeiten diese ausschlie\u00dflich zu legitimen Zwecken. Diese Datenschutzerkl\u00e4rung gilt f\u00fcr alle von uns angebotenen Dienstleistungen und enth\u00e4lt Informationen zur Verarbeitung personenbezogener Daten. Ihre personenbezogenen Daten werden in \u00dcbereinstimmung mit allen anwendbaren und allgemein verbindlichen gesetzlichen Vorschriften der Slowakischen Republik verarbeitet, insbesondere, aber nicht ausschlie\u00dflich, in \u00dcbereinstimmung mit der Verordnung (EU) 2016\/679 des Europ\u00e4ischen Parlaments und des Rates vom 27. April 2016 zum Schutz nat\u00fcrlicher Personen bei der Verarbeitung personenbezogener Daten und zum freien Datenverkehr sowie mit dem Gesetz Nr. 18\/2018 Slg.<\/p><p>Wir empfehlen Ihnen, diese Datenschutzerkl\u00e4rung sorgf\u00e4ltig zu lesen, um sich \u00fcber Ihre Rechte zu informieren, bevor Sie eine vertragliche Beziehung mit uns eingehen.<\/p><p>Durch das Eingehen einer vertraglichen Beziehung mit uns und\/oder die Bereitstellung Ihrer personenbezogenen Daten best\u00e4tigen Sie, dass Sie verstanden haben, wie Ihre personenbezogenen Daten verarbeitet werden.<\/p><p>1. Wer sind wir?<\/p><p>Ihre personenbezogenen Daten werden verarbeitet von:<\/p><p>Ecoprogress s.r.o. Beskydsk\u00e1 9, 811 05 Bratislava \u2013 Star\u00e9 Mesto, Firmen-ID (I\u010cO): 50 885 049 Steuernummer (DI\u010c): 2120550850 Kontakt: ecoprogress@ecoprogress.eu<\/p><p>2. Welche personenbezogenen Daten verarbeiten wir?<\/p><p>Wir verarbeiten nur die personenbezogenen Daten, die f\u00fcr die Erbringung unserer Dienstleistungen und Unterst\u00fctzung erforderlich sind, um unsere gesetzlichen Verpflichtungen zu erf\u00fcllen und unsere berechtigten Interessen zu sch\u00fctzen.<\/p><p>Zu den von uns prim\u00e4r verarbeiteten personenbezogenen Daten geh\u00f6ren:<\/p><p>\u00b7 Grundlegende Identifikationsdaten: Diese Daten sind Bestandteil jedes Vertrags (Buchhaltungsdokuments), den Sie mit uns abschlie\u00dfen. Dazu geh\u00f6ren Name, Nachname, akademischer Titel. Falls Sie als Einzelunternehmer oder juristische Person t\u00e4tig sind, geh\u00f6ren dazu auch Firmen-ID (I\u010cO), Steuernummer (DI\u010c), Umsatzsteuer-ID (I\u010c DPH) und Gesch\u00e4ftsadresse\/Sitz.<\/p><p>\u00b7 Kontaktdaten: E-Mail, Telefonnummer, Lieferadresse und Rechnungsadresse.<\/p><p>\u00b7 Produkt- und Dienstleistungsinformationen (Angebotsanforderung): Dies umfasst Informationen zu unseren Produkten und Dienstleistungen zur Bearbeitung und Lieferung von Bestellungen.<\/p><p>\u00b7 Transaktionsdaten: Prim\u00e4r Informationen zu Zahlungen, wie Bankkontonummer oder Kreditkartendaten.<\/p><p>3. Zu welchen Zwecken verarbeiten wir Ihre personenbezogenen Daten?<\/p><p>Ihre personenbezogenen Daten werden auf folgenden Rechtsgrundlagen verarbeitet:<\/p><p>a) Vertragserf\u00fcllung Wir verarbeiten Ihre personenbezogenen Daten zur Erf\u00fcllung eines vorvertraglichen und vertraglichen Verh\u00e4ltnisses gem\u00e4\u00df \u00a7 13 Abs. 1 Buchst. b) des Gesetzes. Dies bedeutet, dass personenbezogene Daten, die im Vertrag oder in Buchhaltungsdokumenten angegeben sind, verarbeitet werden, um vertragliche Rechte und Pflichten zu erf\u00fcllen (z. B. Bearbeitung und Lieferung einer Bestellung).<\/p><p>b) Einhaltung gesetzlicher Verpflichtungen Wir verarbeiten Ihre personenbezogenen Daten zur Erf\u00fcllung gesetzlicher Pflichten, die durch allgemein verbindliche Rechtsvorschriften auferlegt sind, wie z. B. f\u00fcr Rechnungsstellung, Buchhaltung und Archivierungsanforderungen gem\u00e4\u00df dem Archiv- und Registraturgesetz.<\/p><p>c) Berechtigtes Interesse (Siehe Abschnitt 4)<\/p><p>d) Einwilligungsbasierte Verarbeitung (Siehe Abschnitt 5)<\/p><p>e) Marketingzwecke Wir verwenden Ihre E-Mail-Adresse zu Marketingzwecken nur mit Ihrer ausdr\u00fccklichen Zustimmung.<\/p><p>4. Was ist unser berechtigtes Interesse?<\/p><p>Wir verarbeiten und speichern Ihre grundlegenden personenbezogenen Daten (Name, Nachname, Titel, Kontaktdaten \u2013 Adresse, E-Mail und Telefonnummer) auf der Grundlage unseres berechtigten Interesses. Dies dient als Rechtsgrundlage f\u00fcr die Durchsetzung rechtlicher Anspr\u00fcche, die Verhinderung von Betrug, den Schutz vor Missbrauch und die Verarbeitung.<\/p><p>5. Wie k\u00f6nnen Sie Ihre Einwilligung erteilen?<\/p><p>Ihre Einwilligung zur Verarbeitung personenbezogener Daten wird nur in bestimmten F\u00e4llen eingeholt, z. B.:<\/p><p>\u00b7 Kontaktformulare<\/p><p>\u00b7 Registrierung<\/p><p>\u00b7 Anmeldung f\u00fcr den Newsletter<\/p><p>\u00b7 Anerkennung der Gesch\u00e4ftsbedingungen und Datenschutzrichtlinien<\/p><p>Die Einwilligung kann durch Ankreuzen des entsprechenden Feldes f\u00fcr die Datenverarbeitung erteilt werden.<\/p><p>6. Wie k\u00f6nnen Sie Ihre Einwilligung widerrufen?<\/p><p>Die Einwilligung zur Verarbeitung personenbezogener Daten ist freiwillig und kann jederzeit schriftlich oder elektronisch widerrufen werden.<\/p><p>7. An wen geben wir Ihre Daten weiter?<\/p><p>Wir nutzen die Dienste vertrauensw\u00fcrdiger und vertraglich gebundener Gesch\u00e4ftspartner zur Datenverarbeitung, um einen angemessenen Schutz zu gew\u00e4hrleisten. Zur Erbringung unserer Dienstleistungen teilen wir personenbezogene Daten mit:<\/p><p>\u00b7 Externen Buchhaltungsfirmen<\/p><p>\u00b7 Anbietern von Marketingdienstleistungen<\/p><p>\u00b7 Strafverfolgungsbeh\u00f6rden, staatlichen Beh\u00f6rden, Steuerbeh\u00f6rden, Gerichten (falls erforderlich)<\/p><p>\u00b7 Unternehmensjuristen im Falle von Forderungseinzug oder Rechtsstreitigkeiten<\/p><p>Unsere Auftragsverarbeiter sind vertraglich verpflichtet, strenge Datenschutzrichtlinien einzuhalten, einschlie\u00dflich Vertraulichkeitsverpflichtungen, um h\u00f6chste rechtliche Schutzstandards zu gew\u00e4hrleisten.<\/p><p>8. Wie lange speichern wir Ihre personenbezogenen Daten?<\/p><p>\u00b7 Buchhaltungsunterlagen: 10 Jahre (gesetzlich vorgeschrieben)<\/p><p>\u00b7 Forderungseinzug\/Rechtsstreitigkeiten: 10 Jahre<\/p><p>\u00b7 Dokumentenverwaltung: Bis zu 10 Jahre<\/p><p>\u00b7 Newsletter-Abonnements: Bis zum Widerruf der Einwilligung oder maximal 5 Jahre<\/p><p>\u00b7 Kundenregistrierung: 10 Jahre<\/p><p>9. \u00dcbermitteln wir Ihre personenbezogenen Daten au\u00dferhalb der EU?<\/p><p>Nein, wir \u00fcbermitteln keine personenbezogenen Daten in Drittl\u00e4nder au\u00dferhalb der Europ\u00e4ischen Union.<\/p><p>10. Welche Rechte haben Sie gem\u00e4\u00df der DSGVO?<\/p><p>Sie haben folgende Rechte gem\u00e4\u00df der DSGVO:<\/p><p>\u00b7 Recht auf Auskunft \u00fcber Ihre Daten<\/p><p>\u00b7 Recht auf Berichtigung<\/p><p>\u00b7 Recht auf L\u00f6schung (\u201eRecht auf Vergessenwerden\u201c)<\/p><p>\u00b7 Recht auf Einschr\u00e4nkung der Verarbeitung<\/p><p>\u00b7 Recht auf Daten\u00fcbertragbarkeit<\/p><p>\u00b7 Recht auf Widerspruch gegen die Verarbeitung<\/p><p>F\u00fcr weitere Informationen zur Aus\u00fcbung Ihrer Rechte kontaktieren Sie uns bitte.<\/p><p>11. Cookies und IP-Adressen<\/p><p>Wir verwenden Cookies auf unserer Website zur Verbesserung der Nutzererfahrung und Optimierung der Funktionalit\u00e4t. Durch den Besuch unserer Website stimmen Sie der Verwendung von Cookies zu. Sie k\u00f6nnen Ihre Cookie-Pr\u00e4ferenzen in den Browsereinstellungen verwalten.<\/p><p>12. Bearbeitung von Anfragen<\/p><p>Alle Anfragen bez\u00fcglich Ihrer personenbezogenen Daten werden unverz\u00fcglich bearbeitet. Falls erforderlich, kann die Frist um zwei Monate verl\u00e4ngert werden. Falls Sie der Meinung sind, dass Ihre Anfrage nicht DSGVO-konform bearbeitet wurde, haben Sie das Recht, eine Beschwerde bei der Datenschutzbeh\u00f6rde einzureichen (www.dataprotection.gov.sk).<\/p><\/div><\/div><\/div><\/div><\/div><\/div><\/div><\/div><\/section><\/div><\/div><\/div><\/div>\t\t\t\t\t\t\t\t<\/div>\n\t\t\t\t\t<\/div>\n\t\t<\/div>\n\t\t\t\t\t<\/div>\n\t\t<\/section>\n\t\t\t\t<section class=\"elementor-section elementor-top-section elementor-element elementor-element-62fd855f elementor-section-full_width elementor-section-height-default elementor-section-height-default\" data-id=\"62fd855f\" data-element_type=\"section\" data-e-type=\"section\">\n\t\t\t\t\t\t<div class=\"elementor-container elementor-column-gap-no\">\n\t\t\t\t\t<div class=\"elementor-column elementor-col-100 elementor-top-column elementor-element elementor-element-532eb0b8\" data-id=\"532eb0b8\" data-element_type=\"column\" data-e-type=\"column\">\n\t\t\t<div class=\"elementor-widget-wrap elementor-element-populated\">\n\t\t\t\t\t\t<section class=\"elementor-section elementor-inner-section elementor-element elementor-element-32510d2f elementor-section-boxed elementor-section-height-default elementor-section-height-default\" data-id=\"32510d2f\" data-element_type=\"section\" data-e-type=\"section\">\n\t\t\t\t\t\t<div class=\"elementor-container elementor-column-gap-default\">\n\t\t\t\t\t<div class=\"elementor-column elementor-col-100 elementor-inner-column elementor-element elementor-element-5c386e6c\" data-id=\"5c386e6c\" data-element_type=\"column\" data-e-type=\"column\">\n\t\t\t<div class=\"elementor-widget-wrap elementor-element-populated\">\n\t\t\t\t\t\t\t<\/div>\n\t\t<\/div>\n\t\t\t\t\t<\/div>\n\t\t<\/section>\n\t\t\t\t\t<\/div>\n\t\t<\/div>\n\t\t\t\t\t<\/div>\n\t\t<\/section>\n\t\t\t\t<\/div>\n\t\t","protected":false},"excerpt":{"rendered":"<p>DATENSCHUTZ SCHUTZ PERSONENBEZOGENER DATEN Wir legen gro\u00dfen Wert auf den Schutz Ihrer personenbezogenen Daten in unseren Gesch\u00e4ftsabl\u00e4ufen. Wir erheben und nutzen nur die personenbezogenen Daten, die unbedingt erforderlich sind, und verarbeiten diese ausschlie\u00dflich zu legitimen Zwecken. Diese Datenschutzerkl\u00e4rung gilt f\u00fcr alle von uns angebotenen Dienstleistungen und enth\u00e4lt Informationen zur Verarbeitung personenbezogener Daten. Ihre personenbezogenen Daten [&hellip;]<\/p>\n","protected":false},"author":3,"featured_media":0,"parent":0,"menu_order":0,"comment_status":"closed","ping_status":"closed","template":"blank-builder.php","meta":{"footnotes":""},"class_list":["post-58245","page","type-page","status-publish","hentry"],"yoast_head":"<!-- This site is optimized with the Yoast SEO plugin v27.2 - https:\/\/yoast.com\/product\/yoast-seo-wordpress\/ -->\n<title>Datenschutzbestimmungen | Ecoprogress<\/title>\n<meta name=\"robots\" content=\"index, follow, max-snippet:-1, max-image-preview:large, max-video-preview:-1\" \/>\n<link rel=\"canonical\" href=\"https:\/\/ecoprogress.eu\/de\/datenschutzbestimmungen\/\" \/>\n<meta property=\"og:locale\" content=\"de_DE\" \/>\n<meta property=\"og:type\" content=\"article\" \/>\n<meta property=\"og:title\" content=\"Datenschutzbestimmungen | Ecoprogress\" \/>\n<meta property=\"og:description\" content=\"DATENSCHUTZ SCHUTZ PERSONENBEZOGENER DATEN Wir legen gro\u00dfen Wert auf den Schutz Ihrer personenbezogenen Daten in unseren Gesch\u00e4ftsabl\u00e4ufen. Wir erheben und nutzen nur die personenbezogenen Daten, die unbedingt erforderlich sind, und verarbeiten diese ausschlie\u00dflich zu legitimen Zwecken. Diese Datenschutzerkl\u00e4rung gilt f\u00fcr alle von uns angebotenen Dienstleistungen und enth\u00e4lt Informationen zur Verarbeitung personenbezogener Daten. Ihre personenbezogenen Daten [&hellip;]\" \/>\n<meta property=\"og:url\" content=\"https:\/\/ecoprogress.eu\/de\/datenschutzbestimmungen\/\" \/>\n<meta property=\"og:site_name\" content=\"Ecoprogress\" \/>\n<meta property=\"article:modified_time\" content=\"2025-03-07T10:36:39+00:00\" \/>\n<meta name=\"twitter:card\" content=\"summary_large_image\" \/>\n<meta name=\"twitter:label1\" content=\"Gesch\u00e4tzte Lesezeit\" \/>\n\t<meta name=\"twitter:data1\" content=\"15\u00a0Minuten\" \/>\n<script type=\"application\/ld+json\" class=\"yoast-schema-graph\">{\"@context\":\"https:\/\/schema.org\",\"@graph\":[{\"@type\":\"WebPage\",\"@id\":\"https:\/\/ecoprogress.eu\/de\/datenschutzbestimmungen\/\",\"url\":\"https:\/\/ecoprogress.eu\/de\/datenschutzbestimmungen\/\",\"name\":\"Datenschutzbestimmungen | Ecoprogress\",\"isPartOf\":{\"@id\":\"https:\/\/ecoprogress.eu\/de\/#website\"},\"datePublished\":\"2025-03-05T11:44:26+00:00\",\"dateModified\":\"2025-03-07T10:36:39+00:00\",\"inLanguage\":\"de\",\"potentialAction\":[{\"@type\":\"ReadAction\",\"target\":[\"https:\/\/ecoprogress.eu\/de\/datenschutzbestimmungen\/\"]}]},{\"@type\":\"WebSite\",\"@id\":\"https:\/\/ecoprogress.eu\/de\/#website\",\"url\":\"https:\/\/ecoprogress.eu\/de\/\",\"name\":\"Ecoprogress\",\"description\":\"\",\"publisher\":{\"@id\":\"https:\/\/ecoprogress.eu\/de\/#organization\"},\"potentialAction\":[{\"@type\":\"SearchAction\",\"target\":{\"@type\":\"EntryPoint\",\"urlTemplate\":\"https:\/\/ecoprogress.eu\/de\/?s={search_term_string}\"},\"query-input\":{\"@type\":\"PropertyValueSpecification\",\"valueRequired\":true,\"valueName\":\"search_term_string\"}}],\"inLanguage\":\"de\"},{\"@type\":\"Organization\",\"@id\":\"https:\/\/ecoprogress.eu\/de\/#organization\",\"name\":\"Ecoprogress\",\"url\":\"https:\/\/ecoprogress.eu\/de\/\",\"logo\":{\"@type\":\"ImageObject\",\"inLanguage\":\"de\",\"@id\":\"https:\/\/ecoprogress.eu\/de\/#\/schema\/logo\/image\/\",\"url\":\"https:\/\/ecoprogress.eu\/wp-content\/uploads\/logo-2.svg\",\"contentUrl\":\"https:\/\/ecoprogress.eu\/wp-content\/uploads\/logo-2.svg\",\"width\":318,\"height\":349,\"caption\":\"Ecoprogress\"},\"image\":{\"@id\":\"https:\/\/ecoprogress.eu\/de\/#\/schema\/logo\/image\/\"}}]}<\/script>\n<!-- \/ Yoast SEO plugin. -->","yoast_head_json":{"title":"Datenschutzbestimmungen | Ecoprogress","robots":{"index":"index","follow":"follow","max-snippet":"max-snippet:-1","max-image-preview":"max-image-preview:large","max-video-preview":"max-video-preview:-1"},"canonical":"https:\/\/ecoprogress.eu\/de\/datenschutzbestimmungen\/","og_locale":"de_DE","og_type":"article","og_title":"Datenschutzbestimmungen | Ecoprogress","og_description":"DATENSCHUTZ SCHUTZ PERSONENBEZOGENER DATEN Wir legen gro\u00dfen Wert auf den Schutz Ihrer personenbezogenen Daten in unseren Gesch\u00e4ftsabl\u00e4ufen. Wir erheben und nutzen nur die personenbezogenen Daten, die unbedingt erforderlich sind, und verarbeiten diese ausschlie\u00dflich zu legitimen Zwecken. Diese Datenschutzerkl\u00e4rung gilt f\u00fcr alle von uns angebotenen Dienstleistungen und enth\u00e4lt Informationen zur Verarbeitung personenbezogener Daten. Ihre personenbezogenen Daten [&hellip;]","og_url":"https:\/\/ecoprogress.eu\/de\/datenschutzbestimmungen\/","og_site_name":"Ecoprogress","article_modified_time":"2025-03-07T10:36:39+00:00","twitter_card":"summary_large_image","twitter_misc":{"Gesch\u00e4tzte Lesezeit":"15\u00a0Minuten"},"schema":{"@context":"https:\/\/schema.org","@graph":[{"@type":"WebPage","@id":"https:\/\/ecoprogress.eu\/de\/datenschutzbestimmungen\/","url":"https:\/\/ecoprogress.eu\/de\/datenschutzbestimmungen\/","name":"Datenschutzbestimmungen | Ecoprogress","isPartOf":{"@id":"https:\/\/ecoprogress.eu\/de\/#website"},"datePublished":"2025-03-05T11:44:26+00:00","dateModified":"2025-03-07T10:36:39+00:00","inLanguage":"de","potentialAction":[{"@type":"ReadAction","target":["https:\/\/ecoprogress.eu\/de\/datenschutzbestimmungen\/"]}]},{"@type":"WebSite","@id":"https:\/\/ecoprogress.eu\/de\/#website","url":"https:\/\/ecoprogress.eu\/de\/","name":"Ecoprogress","description":"","publisher":{"@id":"https:\/\/ecoprogress.eu\/de\/#organization"},"potentialAction":[{"@type":"SearchAction","target":{"@type":"EntryPoint","urlTemplate":"https:\/\/ecoprogress.eu\/de\/?s={search_term_string}"},"query-input":{"@type":"PropertyValueSpecification","valueRequired":true,"valueName":"search_term_string"}}],"inLanguage":"de"},{"@type":"Organization","@id":"https:\/\/ecoprogress.eu\/de\/#organization","name":"Ecoprogress","url":"https:\/\/ecoprogress.eu\/de\/","logo":{"@type":"ImageObject","inLanguage":"de","@id":"https:\/\/ecoprogress.eu\/de\/#\/schema\/logo\/image\/","url":"https:\/\/ecoprogress.eu\/wp-content\/uploads\/logo-2.svg","contentUrl":"https:\/\/ecoprogress.eu\/wp-content\/uploads\/logo-2.svg","width":318,"height":349,"caption":"Ecoprogress"},"image":{"@id":"https:\/\/ecoprogress.eu\/de\/#\/schema\/logo\/image\/"}}]}},"_links":{"self":[{"href":"https:\/\/ecoprogress.eu\/de\/wp-json\/wp\/v2\/pages\/58245","targetHints":{"allow":["GET"]}}],"collection":[{"href":"https:\/\/ecoprogress.eu\/de\/wp-json\/wp\/v2\/pages"}],"about":[{"href":"https:\/\/ecoprogress.eu\/de\/wp-json\/wp\/v2\/types\/page"}],"author":[{"embeddable":true,"href":"https:\/\/ecoprogress.eu\/de\/wp-json\/wp\/v2\/users\/3"}],"replies":[{"embeddable":true,"href":"https:\/\/ecoprogress.eu\/de\/wp-json\/wp\/v2\/comments?post=58245"}],"version-history":[{"count":5,"href":"https:\/\/ecoprogress.eu\/de\/wp-json\/wp\/v2\/pages\/58245\/revisions"}],"predecessor-version":[{"id":58883,"href":"https:\/\/ecoprogress.eu\/de\/wp-json\/wp\/v2\/pages\/58245\/revisions\/58883"}],"wp:attachment":[{"href":"https:\/\/ecoprogress.eu\/de\/wp-json\/wp\/v2\/media?parent=58245"}],"curies":[{"name":"wp","href":"https:\/\/api.w.org\/{rel}","templated":true}]}}