{"id":59141,"date":"2025-03-10T11:07:45","date_gmt":"2025-03-10T10:07:45","guid":{"rendered":"https:\/\/ecoprogress.eu\/thank-you-page\/"},"modified":"2025-03-11T08:48:59","modified_gmt":"2025-03-11T07:48:59","slug":"thank-you-page","status":"publish","type":"page","link":"https:\/\/ecoprogress.eu\/de\/thank-you-page\/","title":{"rendered":"Thank you page"},"content":{"rendered":"\t\t<div data-elementor-type=\"wp-page\" data-elementor-id=\"59141\" class=\"elementor elementor-59141 elementor-59098\" data-elementor-post-type=\"page\">\n\t\t\t\t<div class=\"elementor-element elementor-element-47f6263 e-flex e-con-boxed e-con e-parent\" data-id=\"47f6263\" data-element_type=\"container\" data-e-type=\"container\">\n\t\t\t\t\t<div class=\"e-con-inner\">\n\t\t\t\t<div class=\"elementor-element elementor-element-2a5acbe elementor-widget elementor-widget-spacer\" data-id=\"2a5acbe\" data-element_type=\"widget\" data-e-type=\"widget\" data-widget_type=\"spacer.default\">\n\t\t\t\t\t\t\t<div class=\"elementor-spacer\">\n\t\t\t<div class=\"elementor-spacer-inner\"><\/div>\n\t\t<\/div>\n\t\t\t\t\t\t<\/div>\n\t\t\t\t<div class=\"elementor-element elementor-element-c243d61 elementor-widget elementor-widget-heading\" data-id=\"c243d61\" data-element_type=\"widget\" data-e-type=\"widget\" data-widget_type=\"heading.default\">\n\t\t\t\t\t<h2 class=\"elementor-heading-title elementor-size-default\">DANKE F\u00dcR IHR INTERESSE!<\/h2>\t\t\t\t<\/div>\n\t\t\t\t\t<\/div>\n\t\t\t\t<\/div>\n\t\t<div class=\"elementor-element elementor-element-f4766a9 e-flex e-con-boxed e-con e-parent\" data-id=\"f4766a9\" data-element_type=\"container\" data-e-type=\"container\">\n\t\t\t\t\t<div class=\"e-con-inner\">\n\t\t\t\t<div class=\"elementor-element elementor-element-9be71b9 elementor-widget elementor-widget-spacer\" data-id=\"9be71b9\" data-element_type=\"widget\" data-e-type=\"widget\" data-widget_type=\"spacer.default\">\n\t\t\t\t\t\t\t<div class=\"elementor-spacer\">\n\t\t\t<div class=\"elementor-spacer-inner\"><\/div>\n\t\t<\/div>\n\t\t\t\t\t\t<\/div>\n\t\t\t\t<div class=\"elementor-element elementor-element-d58e7d6 elementor-widget elementor-widget-text-editor\" data-id=\"d58e7d6\" data-element_type=\"widget\" data-e-type=\"widget\" data-widget_type=\"text-editor.default\">\n\t\t\t\t\t\t\t\t\t<p>Ihre Anfrage ist erfolgreich eingegangen und unser Team wird sich in K\u00fcrze mit Ihnen in Verbindung setzen. Wir freuen uns auf die <span style=\"text-align: var(--text-align); font-family: -apple-system, BlinkMacSystemFont, 'Segoe UI', Roboto, 'Helvetica Neue', Arial, 'Noto Sans', sans-serif, 'Apple Color Emoji', 'Segoe UI Emoji', 'Segoe UI Symbol', 'Noto Color Emoji'; font-size: 1rem;\">Zusammenarbeit mit Ihnen und helfen Ihnen gerne mit L\u00f6sungen, die zur Modernisierung und Nachhaltigkeit des <\/span><span style=\"text-align: var(--text-align); font-family: -apple-system, BlinkMacSystemFont, 'Segoe UI', Roboto, 'Helvetica Neue', Arial, 'Noto Sans', sans-serif, 'Apple Color Emoji', 'Segoe UI Emoji', 'Segoe UI Symbol', 'Noto Color Emoji'; font-size: 1rem;\">\u00f6ffentlichen Raums beitragen .<\/span> <\/p>\n<p><strong>Wenn Sie an einer sofortigen telefonischen Beratung interessiert sind, rufen Sie bitte unsere <span style=\"text-align: var(--text-align); font-family: -apple-system, BlinkMacSystemFont, 'Segoe UI', Roboto, 'Helvetica Neue', Arial, 'Noto Sans', sans-serif, 'Apple Color Emoji', 'Segoe UI Emoji', 'Segoe UI Symbol', 'Noto Color Emoji'; font-size: 1rem;\">24-Stunden-Hotlines an :<\/span><\/strong><\/p>\n<ul>\n<li><strong>Tel.: <a href=\"tel:+421911459416\">+421 911 459 416 (Deutsch)<\/a><\/strong><\/li>\n<li><strong>Tel.: <a href=\"tel:+421910322236\">+421 910 322 236 (English)<\/a><\/strong><\/li>\n<\/ul>\n<p><strong><br \/>Oder hinterlassen Sie uns Ihre Telefonnummer, und wir werden Sie so schnell wie m\u00f6glich kontaktieren:<br \/><\/strong><\/p>\n\t\t\t\t\t\t\t\t<\/div>\n\t\t\t\t\t<\/div>\n\t\t\t\t<\/div>\n\t\t<div class=\"elementor-element elementor-element-fb8491a e-flex e-con-boxed e-con e-parent\" data-id=\"fb8491a\" data-element_type=\"container\" data-e-type=\"container\">\n\t\t\t\t\t<div class=\"e-con-inner\">\n\t\t\t\t<div class=\"elementor-element elementor-element-5cc8b71 elementor-button-align-start elementor-widget__width-initial elementor-widget elementor-widget-form\" data-id=\"5cc8b71\" data-element_type=\"widget\" data-e-type=\"widget\" data-settings=\"{&quot;step_next_label&quot;:&quot;N\\u00e4chste&quot;,&quot;step_previous_label&quot;:&quot;Vorherige von&quot;,&quot;button_width&quot;:&quot;100&quot;,&quot;step_type&quot;:&quot;number_text&quot;,&quot;step_icon_shape&quot;:&quot;circle&quot;}\" data-widget_type=\"form.default\">\n\t\t\t\t\t\t\t<form class=\"elementor-form\" method=\"post\" name=\"ThankYou_tel\" aria-label=\"ThankYou_tel\">\n\t\t\t<input type=\"hidden\" name=\"post_id\" value=\"59141\"\/>\n\t\t\t<input type=\"hidden\" name=\"form_id\" value=\"5cc8b71\"\/>\n\t\t\t<input type=\"hidden\" name=\"referer_title\" value=\"Thank you page | Ecoprogress\" \/>\n\n\t\t\t\t\t\t\t<input type=\"hidden\" name=\"queried_id\" value=\"59141\"\/>\n\t\t\t\n\t\t\t<div class=\"elementor-form-fields-wrapper elementor-labels-\">\n\t\t\t\t\t\t\t\t<div class=\"elementor-field-type-tel elementor-field-group elementor-column elementor-field-group-tel elementor-col-33 elementor-field-required\">\n\t\t\t\t\t\t\t\t\t\t\t\t<label for=\"form-field-tel\" class=\"elementor-field-label elementor-screen-only\">\n\t\t\t\t\t\t\t\tRufnummer:\t\t\t\t\t\t\t<\/label>\n\t\t\t\t\t\t\t\t<input size=\"1\" type=\"tel\" name=\"form_fields[tel]\" id=\"form-field-tel\" class=\"elementor-field elementor-size-sm  elementor-field-textual\" placeholder=\"Rufnummer\" required=\"required\" pattern=\"[0-9()#&amp;+*-=.]+\" title=\"Nur Nummern oder Telefon-Zeichen (#, -, *, etc) werden akzeptiert.\">\n\n\t\t\t\t\t\t<\/div>\n\t\t\t\t\t\t\t\t<div class=\"elementor-field-group elementor-column elementor-field-type-submit elementor-col-100 e-form__buttons\">\n\t\t\t\t\t<button class=\"elementor-button elementor-size-sm\" type=\"submit\">\n\t\t\t\t\t\t<span class=\"elementor-button-content-wrapper\">\n\t\t\t\t\t\t\t\t\t\t\t\t\t\t\t\t\t\t\t\t\t\t<span class=\"elementor-button-text\">Senden<\/span>\n\t\t\t\t\t\t\t\t\t\t\t\t\t<\/span>\n\t\t\t\t\t<\/button>\n\t\t\t\t<\/div>\n\t\t\t<\/div>\n\t\t<\/form>\n\t\t\t\t\t\t<\/div>\n\t\t\t\t\t<\/div>\n\t\t\t\t<\/div>\n\t\t<div class=\"elementor-element elementor-element-c7b28cf e-flex e-con-boxed e-con e-parent\" data-id=\"c7b28cf\" data-element_type=\"container\" data-e-type=\"container\">\n\t\t\t\t\t<div class=\"e-con-inner\">\n\t\t\t\t<div class=\"elementor-element elementor-element-866ce74 elementor-widget elementor-widget-text-editor\" data-id=\"866ce74\" data-element_type=\"widget\" data-e-type=\"widget\" data-widget_type=\"text-editor.default\">\n\t\t\t\t\t\t\t\t\t<\/p>\n<p><strong>WER SIND WIR?<\/strong><\/p>\n<p>Ecoprogress geh\u00f6rt zu den f\u00fchrenden Anbietern von Stadtmobiliar und intelligenten Bau- L\u00f6sungen. Seit 2017 verbinden wir innovative Technologien mit \u00f6kologischen Ans\u00e4tzen, um St\u00e4dten und Gemeinden eine effizientere und nachhaltigere Umgebung zu erm\u00f6glichen. <\/p>\n<p>\u2705 Wir haben \u00fcber <strong>5.900 intelligente Parkpl\u00e4tze<\/strong> errichtet.<br \/>\u2705 Mehr als <strong>120 erfolgreiche Projekte<\/strong> wurden bereits umgesetzt.<br \/>\u2705 Wir sind in der <strong>Slowakei, Tschechien und Ungarn <\/strong>t\u00e4tig und expandieren erfolgreich nach <strong>\u00d6sterreich, Slowenien und weitere EU-L\u00e4nder.<\/strong><\/p>\n<\/p>\n<p><strong>REFERENZEN<\/strong><\/p>\n\t\t\t\t\t\t\t\t<\/div>\n\t\t\t\t\t<\/div>\n\t\t\t\t<\/div>\n\t\t<div class=\"elementor-element elementor-element-c678dbf e-flex e-con-boxed e-con e-parent\" data-id=\"c678dbf\" data-element_type=\"container\" data-e-type=\"container\">\n\t\t\t\t\t<div class=\"e-con-inner\">\n\t\t\t\t<div class=\"elementor-element elementor-element-f1677be elementor-widget elementor-widget-button\" data-id=\"f1677be\" data-element_type=\"widget\" data-e-type=\"widget\" data-widget_type=\"button.default\">\n\t\t\t\t\t\t\t\t\t\t<a class=\"elementor-button elementor-button-link elementor-size-sm\" href=\"https:\/\/ecoprogress.eu\/de\/referenzen\/\">\n\t\t\t\t\t\t<span class=\"elementor-button-content-wrapper\">\n\t\t\t\t\t\t\t\t\t<span class=\"elementor-button-text\">Alle Referenzen<\/span>\n\t\t\t\t\t<\/span>\n\t\t\t\t\t<\/a>\n\t\t\t\t\t\t\t\t<\/div>\n\t\t\t\t\t<\/div>\n\t\t\t\t<\/div>\n\t\t<div class=\"elementor-element elementor-element-e599bc7 e-flex e-con-boxed e-con e-parent\" data-id=\"e599bc7\" data-element_type=\"container\" data-e-type=\"container\">\n\t\t\t\t\t<div class=\"e-con-inner\">\n\t\t\t\t<div class=\"elementor-element elementor-element-96fa371 elementor-widget elementor-widget-spacer\" data-id=\"96fa371\" data-element_type=\"widget\" data-e-type=\"widget\" data-widget_type=\"spacer.default\">\n\t\t\t\t\t\t\t<div class=\"elementor-spacer\">\n\t\t\t<div class=\"elementor-spacer-inner\"><\/div>\n\t\t<\/div>\n\t\t\t\t\t\t<\/div>\n\t\t\t\t\t<\/div>\n\t\t\t\t<\/div>\n\t\t\t\t<\/div>\n\t\t","protected":false},"excerpt":{"rendered":"<p>DANKE F\u00dcR IHR INTERESSE! Ihre Anfrage ist erfolgreich eingegangen und unser Team wird sich in K\u00fcrze mit Ihnen in Verbindung setzen. Wir freuen uns auf die Zusammenarbeit mit Ihnen und helfen Ihnen gerne mit L\u00f6sungen, die zur Modernisierung und Nachhaltigkeit des \u00f6ffentlichen Raums beitragen . Wenn Sie an einer sofortigen telefonischen Beratung interessiert sind, rufen [&hellip;]<\/p>\n","protected":false},"author":23,"featured_media":0,"parent":0,"menu_order":0,"comment_status":"closed","ping_status":"closed","template":"","meta":{"footnotes":""},"class_list":["post-59141","page","type-page","status-publish","hentry"],"yoast_head":"<!-- This site is optimized with the Yoast SEO plugin v27.2 - https:\/\/yoast.com\/product\/yoast-seo-wordpress\/ -->\n<title>Thank you page | Ecoprogress<\/title>\n<meta name=\"robots\" content=\"index, follow, max-snippet:-1, max-image-preview:large, max-video-preview:-1\" \/>\n<link rel=\"canonical\" href=\"https:\/\/ecoprogress.eu\/de\/thank-you-page\/\" \/>\n<meta property=\"og:locale\" content=\"de_DE\" \/>\n<meta property=\"og:type\" content=\"article\" \/>\n<meta property=\"og:title\" content=\"Thank you page | Ecoprogress\" \/>\n<meta property=\"og:description\" content=\"DANKE F\u00dcR IHR INTERESSE! Ihre Anfrage ist erfolgreich eingegangen und unser Team wird sich in K\u00fcrze mit Ihnen in Verbindung setzen. Wir freuen uns auf die Zusammenarbeit mit Ihnen und helfen Ihnen gerne mit L\u00f6sungen, die zur Modernisierung und Nachhaltigkeit des \u00f6ffentlichen Raums beitragen . Wenn Sie an einer sofortigen telefonischen Beratung interessiert sind, rufen [&hellip;]\" \/>\n<meta property=\"og:url\" content=\"https:\/\/ecoprogress.eu\/de\/thank-you-page\/\" \/>\n<meta property=\"og:site_name\" content=\"Ecoprogress\" \/>\n<meta property=\"article:modified_time\" content=\"2025-03-11T07:48:59+00:00\" \/>\n<meta name=\"twitter:card\" content=\"summary_large_image\" \/>\n<meta name=\"twitter:label1\" content=\"Gesch\u00e4tzte Lesezeit\" \/>\n\t<meta name=\"twitter:data1\" content=\"1\u00a0Minute\" \/>\n<script type=\"application\/ld+json\" class=\"yoast-schema-graph\">{\"@context\":\"https:\/\/schema.org\",\"@graph\":[{\"@type\":\"WebPage\",\"@id\":\"https:\/\/ecoprogress.eu\/de\/thank-you-page\/\",\"url\":\"https:\/\/ecoprogress.eu\/de\/thank-you-page\/\",\"name\":\"Thank you page | Ecoprogress\",\"isPartOf\":{\"@id\":\"https:\/\/ecoprogress.eu\/de\/#website\"},\"datePublished\":\"2025-03-10T10:07:45+00:00\",\"dateModified\":\"2025-03-11T07:48:59+00:00\",\"inLanguage\":\"de\",\"potentialAction\":[{\"@type\":\"ReadAction\",\"target\":[\"https:\/\/ecoprogress.eu\/de\/thank-you-page\/\"]}]},{\"@type\":\"WebSite\",\"@id\":\"https:\/\/ecoprogress.eu\/de\/#website\",\"url\":\"https:\/\/ecoprogress.eu\/de\/\",\"name\":\"Ecoprogress\",\"description\":\"\",\"publisher\":{\"@id\":\"https:\/\/ecoprogress.eu\/de\/#organization\"},\"potentialAction\":[{\"@type\":\"SearchAction\",\"target\":{\"@type\":\"EntryPoint\",\"urlTemplate\":\"https:\/\/ecoprogress.eu\/de\/?s={search_term_string}\"},\"query-input\":{\"@type\":\"PropertyValueSpecification\",\"valueRequired\":true,\"valueName\":\"search_term_string\"}}],\"inLanguage\":\"de\"},{\"@type\":\"Organization\",\"@id\":\"https:\/\/ecoprogress.eu\/de\/#organization\",\"name\":\"Ecoprogress\",\"url\":\"https:\/\/ecoprogress.eu\/de\/\",\"logo\":{\"@type\":\"ImageObject\",\"inLanguage\":\"de\",\"@id\":\"https:\/\/ecoprogress.eu\/de\/#\/schema\/logo\/image\/\",\"url\":\"https:\/\/ecoprogress.eu\/wp-content\/uploads\/logo-2.svg\",\"contentUrl\":\"https:\/\/ecoprogress.eu\/wp-content\/uploads\/logo-2.svg\",\"width\":318,\"height\":349,\"caption\":\"Ecoprogress\"},\"image\":{\"@id\":\"https:\/\/ecoprogress.eu\/de\/#\/schema\/logo\/image\/\"}}]}<\/script>\n<!-- \/ Yoast SEO plugin. -->","yoast_head_json":{"title":"Thank you page | Ecoprogress","robots":{"index":"index","follow":"follow","max-snippet":"max-snippet:-1","max-image-preview":"max-image-preview:large","max-video-preview":"max-video-preview:-1"},"canonical":"https:\/\/ecoprogress.eu\/de\/thank-you-page\/","og_locale":"de_DE","og_type":"article","og_title":"Thank you page | Ecoprogress","og_description":"DANKE F\u00dcR IHR INTERESSE! Ihre Anfrage ist erfolgreich eingegangen und unser Team wird sich in K\u00fcrze mit Ihnen in Verbindung setzen. Wir freuen uns auf die Zusammenarbeit mit Ihnen und helfen Ihnen gerne mit L\u00f6sungen, die zur Modernisierung und Nachhaltigkeit des \u00f6ffentlichen Raums beitragen . Wenn Sie an einer sofortigen telefonischen Beratung interessiert sind, rufen [&hellip;]","og_url":"https:\/\/ecoprogress.eu\/de\/thank-you-page\/","og_site_name":"Ecoprogress","article_modified_time":"2025-03-11T07:48:59+00:00","twitter_card":"summary_large_image","twitter_misc":{"Gesch\u00e4tzte Lesezeit":"1\u00a0Minute"},"schema":{"@context":"https:\/\/schema.org","@graph":[{"@type":"WebPage","@id":"https:\/\/ecoprogress.eu\/de\/thank-you-page\/","url":"https:\/\/ecoprogress.eu\/de\/thank-you-page\/","name":"Thank you page | Ecoprogress","isPartOf":{"@id":"https:\/\/ecoprogress.eu\/de\/#website"},"datePublished":"2025-03-10T10:07:45+00:00","dateModified":"2025-03-11T07:48:59+00:00","inLanguage":"de","potentialAction":[{"@type":"ReadAction","target":["https:\/\/ecoprogress.eu\/de\/thank-you-page\/"]}]},{"@type":"WebSite","@id":"https:\/\/ecoprogress.eu\/de\/#website","url":"https:\/\/ecoprogress.eu\/de\/","name":"Ecoprogress","description":"","publisher":{"@id":"https:\/\/ecoprogress.eu\/de\/#organization"},"potentialAction":[{"@type":"SearchAction","target":{"@type":"EntryPoint","urlTemplate":"https:\/\/ecoprogress.eu\/de\/?s={search_term_string}"},"query-input":{"@type":"PropertyValueSpecification","valueRequired":true,"valueName":"search_term_string"}}],"inLanguage":"de"},{"@type":"Organization","@id":"https:\/\/ecoprogress.eu\/de\/#organization","name":"Ecoprogress","url":"https:\/\/ecoprogress.eu\/de\/","logo":{"@type":"ImageObject","inLanguage":"de","@id":"https:\/\/ecoprogress.eu\/de\/#\/schema\/logo\/image\/","url":"https:\/\/ecoprogress.eu\/wp-content\/uploads\/logo-2.svg","contentUrl":"https:\/\/ecoprogress.eu\/wp-content\/uploads\/logo-2.svg","width":318,"height":349,"caption":"Ecoprogress"},"image":{"@id":"https:\/\/ecoprogress.eu\/de\/#\/schema\/logo\/image\/"}}]}},"_links":{"self":[{"href":"https:\/\/ecoprogress.eu\/de\/wp-json\/wp\/v2\/pages\/59141","targetHints":{"allow":["GET"]}}],"collection":[{"href":"https:\/\/ecoprogress.eu\/de\/wp-json\/wp\/v2\/pages"}],"about":[{"href":"https:\/\/ecoprogress.eu\/de\/wp-json\/wp\/v2\/types\/page"}],"author":[{"embeddable":true,"href":"https:\/\/ecoprogress.eu\/de\/wp-json\/wp\/v2\/users\/23"}],"replies":[{"embeddable":true,"href":"https:\/\/ecoprogress.eu\/de\/wp-json\/wp\/v2\/comments?post=59141"}],"version-history":[{"count":7,"href":"https:\/\/ecoprogress.eu\/de\/wp-json\/wp\/v2\/pages\/59141\/revisions"}],"predecessor-version":[{"id":59181,"href":"https:\/\/ecoprogress.eu\/de\/wp-json\/wp\/v2\/pages\/59141\/revisions\/59181"}],"wp:attachment":[{"href":"https:\/\/ecoprogress.eu\/de\/wp-json\/wp\/v2\/media?parent=59141"}],"curies":[{"name":"wp","href":"https:\/\/api.w.org\/{rel}","templated":true}]}}