{"id":10136,"date":"2022-03-21T15:34:23","date_gmt":"2022-03-21T14:34:23","guid":{"rendered":"https:\/\/ecoprogress.eu\/?post_type=product&#038;p=10136"},"modified":"2025-02-28T14:32:02","modified_gmt":"2025-02-28T13:32:02","slug":"stojan-u-typ-10","status":"publish","type":"product","link":"https:\/\/ecoprogress.eu\/de\/produkt\/stojan-u-typ-10\/","title":{"rendered":"Stojan U typ 10"},"content":{"rendered":"<p>Dodanie 4-6 t\u00fd\u017ed\u0148ov (pod\u013ea stavu skladov\u00fdch z\u00e1sob)<\/p>\n\n<table id=\"tablepress-254\" class=\"tablepress tablepress-id-254\">\n<tbody class=\"row-striping row-hover\">\n<tr class=\"row-1\">\n\t<td class=\"column-1\">po\u010det stanov\u00edsk<\/td><td class=\"column-2\">2<\/td>\n<\/tr>\n<tr class=\"row-2\">\n\t<td class=\"column-1\">\u0161\u00edrka<\/td><td class=\"column-2\">80 cm<\/td>\n<\/tr>\n<tr class=\"row-3\">\n\t<td class=\"column-1\">v\u00fd\u0161ka<\/td><td class=\"column-2\">80 cm<\/td>\n<\/tr>\n<tr class=\"row-4\">\n\t<td class=\"column-1\">prierez <\/td><td class=\"column-2\">\u00d8 48,3 mm<\/td>\n<\/tr>\n<tr class=\"row-5\">\n\t<td class=\"column-1\">materi\u00e1l<\/td><td class=\"column-2\">oce\u013e pozinkovan\u00e1, oce\u013e nehrdzavej\u00faca, oce\u013e pozinkovan\u00e1 a ma\u013eovan\u00e1<\/td>\n<\/tr>\n<tr class=\"row-6\">\n\t<td class=\"column-1\">ukotvenie<\/td><td class=\"column-2\">skrutkami alebo zabet\u00f3novan\u00edm<\/td>\n<\/tr>\n<\/tbody>\n<\/table>\n<!-- #tablepress-254 from cache -->\n","protected":false},"excerpt":{"rendered":"<p>Stojan U typ 10 s charakteristickou diagon\u00e1lne zahnutou r\u00farou. Poskytuje bezpe\u010dn\u00fd a bezpe\u010dn\u00fd z\u00e1klad pre bicykle a z\u00e1rove\u0148 je zauj\u00edmav\u00fdm a origin\u00e1lnym typom nosi\u010da bicyklov.<\/p>\n<p>POZOR!!! Stojany v mo\u017enosti zabet\u00f3novania nemaj\u00fa maskovacie r\u00e1my. Volite\u013ene s\u00fa tu k dispoz\u00edcii maskovacie rozety.<\/p>\n<p>&nbsp;<\/p>\n","protected":false},"featured_media":10982,"template":"","meta":[],"product_brand":[],"product_cat":[156,225],"product_tag":[],"class_list":{"0":"post-10136","1":"product","2":"type-product","3":"status-publish","4":"has-post-thumbnail","6":"product_cat-stojany-na-bicykle","7":"product_cat-u","8":"product_shipping_class-stojany","10":"first","11":"instock","12":"taxable","13":"shipping-taxable","14":"purchasable","15":"product-type-variable"},"yoast_head":"<!-- This site is optimized with the Yoast SEO plugin v27.2 - https:\/\/yoast.com\/product\/yoast-seo-wordpress\/ -->\n<title>Stojan U typ 10 | Ecoprogress<\/title>\n<meta name=\"description\" content=\"Stojan U typ 10 s charakteristickou diagon\u00e1lne zahnutou r\u00farou. Poskytuje bezpe\u010dn\u00fd a bezpe\u010dn\u00fd z\u00e1klad pre bicykle a z\u00e1rove\u0148 je zauj\u00edmav\u00fdm a origin\u00e1lnym typom nosi\u010da bicyklov.\" \/>\n<meta name=\"robots\" content=\"index, follow, max-snippet:-1, max-image-preview:large, max-video-preview:-1\" \/>\n<link rel=\"canonical\" href=\"https:\/\/ecoprogress.eu\/de\/produkt\/stojan-u-typ-10\/\" \/>\n<meta property=\"og:locale\" content=\"de_DE\" \/>\n<meta property=\"og:type\" content=\"article\" \/>\n<meta property=\"og:title\" content=\"Stojan U typ 10 | Ecoprogress\" \/>\n<meta property=\"og:description\" content=\"Stojan U typ 10 s charakteristickou diagon\u00e1lne zahnutou r\u00farou. Poskytuje bezpe\u010dn\u00fd a bezpe\u010dn\u00fd z\u00e1klad pre bicykle a z\u00e1rove\u0148 je zauj\u00edmav\u00fdm a origin\u00e1lnym typom nosi\u010da bicyklov.\" \/>\n<meta property=\"og:url\" content=\"https:\/\/ecoprogress.eu\/de\/produkt\/stojan-u-typ-10\/\" \/>\n<meta property=\"og:site_name\" content=\"Ecoprogress\" \/>\n<meta property=\"article:modified_time\" content=\"2025-02-28T13:32:02+00:00\" \/>\n<meta property=\"og:image\" content=\"https:\/\/ecoprogress.eu\/wp-content\/uploads\/u10.jpg\" \/>\n\t<meta property=\"og:image:width\" content=\"800\" \/>\n\t<meta property=\"og:image:height\" content=\"600\" \/>\n\t<meta property=\"og:image:type\" content=\"image\/jpeg\" \/>\n<meta name=\"twitter:card\" content=\"summary_large_image\" \/>\n<meta name=\"twitter:label1\" content=\"Gesch\u00e4tzte Lesezeit\" \/>\n\t<meta name=\"twitter:data1\" content=\"1\u00a0Minute\" \/>\n<script type=\"application\/ld+json\" class=\"yoast-schema-graph\">{\"@context\":\"https:\/\/schema.org\",\"@graph\":[{\"@type\":\"WebPage\",\"@id\":\"https:\/\/ecoprogress.eu\/de\/produkt\/stojan-u-typ-10\/\",\"url\":\"https:\/\/ecoprogress.eu\/de\/produkt\/stojan-u-typ-10\/\",\"name\":\"Stojan U typ 10 | Ecoprogress\",\"isPartOf\":{\"@id\":\"https:\/\/ecoprogress.eu\/de\/#website\"},\"primaryImageOfPage\":{\"@id\":\"https:\/\/ecoprogress.eu\/de\/produkt\/stojan-u-typ-10\/#primaryimage\"},\"image\":{\"@id\":\"https:\/\/ecoprogress.eu\/de\/produkt\/stojan-u-typ-10\/#primaryimage\"},\"thumbnailUrl\":\"https:\/\/ecoprogress.eu\/wp-content\/uploads\/u10.jpg\",\"datePublished\":\"2022-03-21T14:34:23+00:00\",\"dateModified\":\"2025-02-28T13:32:02+00:00\",\"description\":\"Stojan U typ 10 s charakteristickou diagon\u00e1lne zahnutou r\u00farou. Poskytuje bezpe\u010dn\u00fd a bezpe\u010dn\u00fd z\u00e1klad pre bicykle a z\u00e1rove\u0148 je zauj\u00edmav\u00fdm a origin\u00e1lnym typom nosi\u010da bicyklov.\",\"breadcrumb\":{\"@id\":\"https:\/\/ecoprogress.eu\/de\/produkt\/stojan-u-typ-10\/#breadcrumb\"},\"inLanguage\":\"de\",\"potentialAction\":[{\"@type\":\"ReadAction\",\"target\":[\"https:\/\/ecoprogress.eu\/de\/produkt\/stojan-u-typ-10\/\"]}]},{\"@type\":\"ImageObject\",\"inLanguage\":\"de\",\"@id\":\"https:\/\/ecoprogress.eu\/de\/produkt\/stojan-u-typ-10\/#primaryimage\",\"url\":\"https:\/\/ecoprogress.eu\/wp-content\/uploads\/u10.jpg\",\"contentUrl\":\"https:\/\/ecoprogress.eu\/wp-content\/uploads\/u10.jpg\",\"width\":800,\"height\":600},{\"@type\":\"BreadcrumbList\",\"@id\":\"https:\/\/ecoprogress.eu\/de\/produkt\/stojan-u-typ-10\/#breadcrumb\",\"itemListElement\":[{\"@type\":\"ListItem\",\"position\":1,\"name\":\"Produkte\",\"item\":\"https:\/\/ecoprogress.eu\/de\/produkte\/\"},{\"@type\":\"ListItem\",\"position\":2,\"name\":\"Stojan U typ 10\"}]},{\"@type\":\"WebSite\",\"@id\":\"https:\/\/ecoprogress.eu\/de\/#website\",\"url\":\"https:\/\/ecoprogress.eu\/de\/\",\"name\":\"Ecoprogress\",\"description\":\"\",\"publisher\":{\"@id\":\"https:\/\/ecoprogress.eu\/de\/#organization\"},\"potentialAction\":[{\"@type\":\"SearchAction\",\"target\":{\"@type\":\"EntryPoint\",\"urlTemplate\":\"https:\/\/ecoprogress.eu\/de\/?s={search_term_string}\"},\"query-input\":{\"@type\":\"PropertyValueSpecification\",\"valueRequired\":true,\"valueName\":\"search_term_string\"}}],\"inLanguage\":\"de\"},{\"@type\":\"Organization\",\"@id\":\"https:\/\/ecoprogress.eu\/de\/#organization\",\"name\":\"Ecoprogress\",\"url\":\"https:\/\/ecoprogress.eu\/de\/\",\"logo\":{\"@type\":\"ImageObject\",\"inLanguage\":\"de\",\"@id\":\"https:\/\/ecoprogress.eu\/de\/#\/schema\/logo\/image\/\",\"url\":\"https:\/\/ecoprogress.eu\/wp-content\/uploads\/logo-2.svg\",\"contentUrl\":\"https:\/\/ecoprogress.eu\/wp-content\/uploads\/logo-2.svg\",\"width\":318,\"height\":349,\"caption\":\"Ecoprogress\"},\"image\":{\"@id\":\"https:\/\/ecoprogress.eu\/de\/#\/schema\/logo\/image\/\"}}]}<\/script>\n<!-- \/ Yoast SEO plugin. -->","yoast_head_json":{"title":"Stojan U typ 10 | Ecoprogress","description":"Stojan U typ 10 s charakteristickou diagon\u00e1lne zahnutou r\u00farou. Poskytuje bezpe\u010dn\u00fd a bezpe\u010dn\u00fd z\u00e1klad pre bicykle a z\u00e1rove\u0148 je zauj\u00edmav\u00fdm a origin\u00e1lnym typom nosi\u010da bicyklov.","robots":{"index":"index","follow":"follow","max-snippet":"max-snippet:-1","max-image-preview":"max-image-preview:large","max-video-preview":"max-video-preview:-1"},"canonical":"https:\/\/ecoprogress.eu\/de\/produkt\/stojan-u-typ-10\/","og_locale":"de_DE","og_type":"article","og_title":"Stojan U typ 10 | Ecoprogress","og_description":"Stojan U typ 10 s charakteristickou diagon\u00e1lne zahnutou r\u00farou. Poskytuje bezpe\u010dn\u00fd a bezpe\u010dn\u00fd z\u00e1klad pre bicykle a z\u00e1rove\u0148 je zauj\u00edmav\u00fdm a origin\u00e1lnym typom nosi\u010da bicyklov.","og_url":"https:\/\/ecoprogress.eu\/de\/produkt\/stojan-u-typ-10\/","og_site_name":"Ecoprogress","article_modified_time":"2025-02-28T13:32:02+00:00","og_image":[{"width":800,"height":600,"url":"https:\/\/ecoprogress.eu\/wp-content\/uploads\/u10.jpg","type":"image\/jpeg"}],"twitter_card":"summary_large_image","twitter_misc":{"Gesch\u00e4tzte Lesezeit":"1\u00a0Minute"},"schema":{"@context":"https:\/\/schema.org","@graph":[{"@type":"WebPage","@id":"https:\/\/ecoprogress.eu\/de\/produkt\/stojan-u-typ-10\/","url":"https:\/\/ecoprogress.eu\/de\/produkt\/stojan-u-typ-10\/","name":"Stojan U typ 10 | Ecoprogress","isPartOf":{"@id":"https:\/\/ecoprogress.eu\/de\/#website"},"primaryImageOfPage":{"@id":"https:\/\/ecoprogress.eu\/de\/produkt\/stojan-u-typ-10\/#primaryimage"},"image":{"@id":"https:\/\/ecoprogress.eu\/de\/produkt\/stojan-u-typ-10\/#primaryimage"},"thumbnailUrl":"https:\/\/ecoprogress.eu\/wp-content\/uploads\/u10.jpg","datePublished":"2022-03-21T14:34:23+00:00","dateModified":"2025-02-28T13:32:02+00:00","description":"Stojan U typ 10 s charakteristickou diagon\u00e1lne zahnutou r\u00farou. Poskytuje bezpe\u010dn\u00fd a bezpe\u010dn\u00fd z\u00e1klad pre bicykle a z\u00e1rove\u0148 je zauj\u00edmav\u00fdm a origin\u00e1lnym typom nosi\u010da bicyklov.","breadcrumb":{"@id":"https:\/\/ecoprogress.eu\/de\/produkt\/stojan-u-typ-10\/#breadcrumb"},"inLanguage":"de","potentialAction":[{"@type":"ReadAction","target":["https:\/\/ecoprogress.eu\/de\/produkt\/stojan-u-typ-10\/"]}]},{"@type":"ImageObject","inLanguage":"de","@id":"https:\/\/ecoprogress.eu\/de\/produkt\/stojan-u-typ-10\/#primaryimage","url":"https:\/\/ecoprogress.eu\/wp-content\/uploads\/u10.jpg","contentUrl":"https:\/\/ecoprogress.eu\/wp-content\/uploads\/u10.jpg","width":800,"height":600},{"@type":"BreadcrumbList","@id":"https:\/\/ecoprogress.eu\/de\/produkt\/stojan-u-typ-10\/#breadcrumb","itemListElement":[{"@type":"ListItem","position":1,"name":"Produkte","item":"https:\/\/ecoprogress.eu\/de\/produkte\/"},{"@type":"ListItem","position":2,"name":"Stojan U typ 10"}]},{"@type":"WebSite","@id":"https:\/\/ecoprogress.eu\/de\/#website","url":"https:\/\/ecoprogress.eu\/de\/","name":"Ecoprogress","description":"","publisher":{"@id":"https:\/\/ecoprogress.eu\/de\/#organization"},"potentialAction":[{"@type":"SearchAction","target":{"@type":"EntryPoint","urlTemplate":"https:\/\/ecoprogress.eu\/de\/?s={search_term_string}"},"query-input":{"@type":"PropertyValueSpecification","valueRequired":true,"valueName":"search_term_string"}}],"inLanguage":"de"},{"@type":"Organization","@id":"https:\/\/ecoprogress.eu\/de\/#organization","name":"Ecoprogress","url":"https:\/\/ecoprogress.eu\/de\/","logo":{"@type":"ImageObject","inLanguage":"de","@id":"https:\/\/ecoprogress.eu\/de\/#\/schema\/logo\/image\/","url":"https:\/\/ecoprogress.eu\/wp-content\/uploads\/logo-2.svg","contentUrl":"https:\/\/ecoprogress.eu\/wp-content\/uploads\/logo-2.svg","width":318,"height":349,"caption":"Ecoprogress"},"image":{"@id":"https:\/\/ecoprogress.eu\/de\/#\/schema\/logo\/image\/"}}]}},"_links":{"self":[{"href":"https:\/\/ecoprogress.eu\/de\/wp-json\/wp\/v2\/product\/10136","targetHints":{"allow":["GET"]}}],"collection":[{"href":"https:\/\/ecoprogress.eu\/de\/wp-json\/wp\/v2\/product"}],"about":[{"href":"https:\/\/ecoprogress.eu\/de\/wp-json\/wp\/v2\/types\/product"}],"version-history":[{"count":1,"href":"https:\/\/ecoprogress.eu\/de\/wp-json\/wp\/v2\/product\/10136\/revisions"}],"predecessor-version":[{"id":57435,"href":"https:\/\/ecoprogress.eu\/de\/wp-json\/wp\/v2\/product\/10136\/revisions\/57435"}],"wp:featuredmedia":[{"embeddable":true,"href":"https:\/\/ecoprogress.eu\/de\/wp-json\/wp\/v2\/media\/10982"}],"wp:attachment":[{"href":"https:\/\/ecoprogress.eu\/de\/wp-json\/wp\/v2\/media?parent=10136"}],"wp:term":[{"taxonomy":"product_brand","embeddable":true,"href":"https:\/\/ecoprogress.eu\/de\/wp-json\/wp\/v2\/product_brand?post=10136"},{"taxonomy":"product_cat","embeddable":true,"href":"https:\/\/ecoprogress.eu\/de\/wp-json\/wp\/v2\/product_cat?post=10136"},{"taxonomy":"product_tag","embeddable":true,"href":"https:\/\/ecoprogress.eu\/de\/wp-json\/wp\/v2\/product_tag?post=10136"}],"curies":[{"name":"wp","href":"https:\/\/api.w.org\/{rel}","templated":true}]}}