{"id":10610,"date":"2022-03-22T11:09:56","date_gmt":"2022-03-22T10:09:56","guid":{"rendered":"https:\/\/ecoprogress.eu\/?post_type=product&#038;p=10610"},"modified":"2025-03-03T15:25:34","modified_gmt":"2025-03-03T14:25:34","slug":"stojan-u-typ-38","status":"publish","type":"product","link":"https:\/\/ecoprogress.eu\/de\/produkt\/stojan-u-typ-38\/","title":{"rendered":"Stojan U typ 38"},"content":{"rendered":"<p>Dodanie 4-6 t\u00fd\u017ed\u0148ov (pod\u013ea stavu skladov\u00fdch z\u00e1sob)<\/p>\n\n<table id=\"tablepress-282\" class=\"tablepress tablepress-id-282\">\n<tbody class=\"row-striping row-hover\">\n<tr class=\"row-1\">\n\t<td class=\"column-1\">po\u010det stanov\u00edsk<\/td><td class=\"column-2\">6<\/td>\n<\/tr>\n<tr class=\"row-2\">\n\t<td class=\"column-1\">\u0161\u00edrka<\/td><td class=\"column-2\">178 cm<\/td>\n<\/tr>\n<tr class=\"row-3\">\n\t<td class=\"column-1\">v\u00fd\u0161ka<\/td><td class=\"column-2\">80 cm<\/td>\n<\/tr>\n<tr class=\"row-4\">\n\t<td class=\"column-1\">h\u013abka<\/td><td class=\"column-2\">100 cm<\/td>\n<\/tr>\n<tr class=\"row-5\">\n\t<td class=\"column-1\">nohy<\/td><td class=\"column-2\">60 x 8 mm<\/td>\n<\/tr>\n<tr class=\"row-6\">\n\t<td class=\"column-1\">priestor medzi bari\u00e9rami<\/td><td class=\"column-2\">80 cm<\/td>\n<\/tr>\n<tr class=\"row-7\">\n\t<td class=\"column-1\">regul\u00e1cia<\/td><td class=\"column-2\">90 a\u017e 45 stup\u0148ov<\/td>\n<\/tr>\n<tr class=\"row-8\">\n\t<td class=\"column-1\">komponenty<\/td><td class=\"column-2\">profil 50 x 50 x 2 mm, guma 30 mm<\/td>\n<\/tr>\n<tr class=\"row-9\">\n\t<td class=\"column-1\">materi\u00e1l<\/td><td class=\"column-2\">oce\u013e nehrdzavej\u00faca, oce\u013e pozinkovan\u00e1, oce\u013e pozinkovan\u00e1 a malovan\u00e1<\/td>\n<\/tr>\n<tr class=\"row-10\">\n\t<td class=\"column-1\">ukotvenie<\/td><td class=\"column-2\">skrutkami alebo zabet\u00f3novan\u00edm<\/td>\n<\/tr>\n<\/tbody>\n<\/table>\n\n","protected":false},"excerpt":{"rendered":"<p>Stojan U typ 38 je zostava 3 vz\u00e1jomne spojen\u00fdch z\u00e1bran do jednej zostavy. Z\u00e1brany s\u00fa navy\u0161e vybaven\u00e9 gumou, ktor\u00e1 dodato\u010dne stabilizuje bicykel pri parkovan\u00ed a poskytuje mu bezpe\u010dn\u00fa oporu. Pr\u00edtomnos\u0165 ochrannej gumy tie\u017e chr\u00e1ni r\u00e1m bicykla pred n\u00e1hodn\u00fdm po\u0161kriaban\u00edm. D\u00f4le\u017eitou v\u00fdhodou stojana je mo\u017enos\u0165 nastavenia s\u00fapravy do po\u017eadovan\u00e9ho uhla (90-45 stup\u0148ov). T\u00e1to mo\u017enos\u0165 je u\u017eito\u010dn\u00e1 najm\u00e4 vtedy, ke\u010f existuj\u00fa miestne obmedzenia, napr\u00edklad v pr\u00edpade umiestnenia stojana ved\u013ea chodn\u00edka.<\/p>\n<p>&nbsp;<\/p>\n","protected":false},"featured_media":11108,"template":"","meta":[],"product_brand":[],"product_cat":[156,225],"product_tag":[],"class_list":{"0":"post-10610","1":"product","2":"type-product","3":"status-publish","4":"has-post-thumbnail","6":"product_cat-stojany-na-bicykle","7":"product_cat-u","8":"product_shipping_class-stojany","10":"first","11":"instock","12":"taxable","13":"shipping-taxable","14":"purchasable","15":"product-type-variable"},"yoast_head":"<!-- This site is optimized with the Yoast SEO plugin v27.2 - https:\/\/yoast.com\/product\/yoast-seo-wordpress\/ -->\n<title>Stojan U typ 38 | Ecoprogress<\/title>\n<meta name=\"description\" content=\"Stojan U typ 38\u00a0je zostava 3 z\u00e1bran spojen\u00fdch dohromady do jednej zostavy. Z\u00e1brany s\u00fa navy\u0161e vybaven\u00e9 gumou, ktor\u00e1 dodato\u010dne stabilizuje bicykel pri parkovan\u00ed a poskytuje mu bezpe\u010dn\u00fa oporu.\" \/>\n<meta name=\"robots\" content=\"index, follow, max-snippet:-1, max-image-preview:large, max-video-preview:-1\" \/>\n<link rel=\"canonical\" href=\"https:\/\/ecoprogress.eu\/de\/produkt\/stojan-u-typ-38\/\" \/>\n<meta property=\"og:locale\" content=\"de_DE\" \/>\n<meta property=\"og:type\" content=\"article\" \/>\n<meta property=\"og:title\" content=\"Stojan U typ 38 | Ecoprogress\" \/>\n<meta property=\"og:description\" content=\"Stojan U typ 38\u00a0je zostava 3 z\u00e1bran spojen\u00fdch dohromady do jednej zostavy. Z\u00e1brany s\u00fa navy\u0161e vybaven\u00e9 gumou, ktor\u00e1 dodato\u010dne stabilizuje bicykel pri parkovan\u00ed a poskytuje mu bezpe\u010dn\u00fa oporu.\" \/>\n<meta property=\"og:url\" content=\"https:\/\/ecoprogress.eu\/de\/produkt\/stojan-u-typ-38\/\" \/>\n<meta property=\"og:site_name\" content=\"Ecoprogress\" \/>\n<meta property=\"article:modified_time\" content=\"2025-03-03T14:25:34+00:00\" \/>\n<meta property=\"og:image\" content=\"https:\/\/ecoprogress.eu\/wp-content\/uploads\/u38.jpg\" \/>\n\t<meta property=\"og:image:width\" content=\"800\" \/>\n\t<meta property=\"og:image:height\" content=\"600\" \/>\n\t<meta property=\"og:image:type\" content=\"image\/jpeg\" \/>\n<meta name=\"twitter:card\" content=\"summary_large_image\" \/>\n<meta name=\"twitter:label1\" content=\"Gesch\u00e4tzte Lesezeit\" \/>\n\t<meta name=\"twitter:data1\" content=\"1\u00a0Minute\" \/>\n<script type=\"application\/ld+json\" class=\"yoast-schema-graph\">{\"@context\":\"https:\/\/schema.org\",\"@graph\":[{\"@type\":\"WebPage\",\"@id\":\"https:\/\/ecoprogress.eu\/de\/produkt\/stojan-u-typ-38\/\",\"url\":\"https:\/\/ecoprogress.eu\/de\/produkt\/stojan-u-typ-38\/\",\"name\":\"Stojan U typ 38 | Ecoprogress\",\"isPartOf\":{\"@id\":\"https:\/\/ecoprogress.eu\/de\/#website\"},\"primaryImageOfPage\":{\"@id\":\"https:\/\/ecoprogress.eu\/de\/produkt\/stojan-u-typ-38\/#primaryimage\"},\"image\":{\"@id\":\"https:\/\/ecoprogress.eu\/de\/produkt\/stojan-u-typ-38\/#primaryimage\"},\"thumbnailUrl\":\"https:\/\/ecoprogress.eu\/wp-content\/uploads\/u38.jpg\",\"datePublished\":\"2022-03-22T10:09:56+00:00\",\"dateModified\":\"2025-03-03T14:25:34+00:00\",\"description\":\"Stojan U typ 38\u00a0je zostava 3 z\u00e1bran spojen\u00fdch dohromady do jednej zostavy. Z\u00e1brany s\u00fa navy\u0161e vybaven\u00e9 gumou, ktor\u00e1 dodato\u010dne stabilizuje bicykel pri parkovan\u00ed a poskytuje mu bezpe\u010dn\u00fa oporu.\",\"breadcrumb\":{\"@id\":\"https:\/\/ecoprogress.eu\/de\/produkt\/stojan-u-typ-38\/#breadcrumb\"},\"inLanguage\":\"de\",\"potentialAction\":[{\"@type\":\"ReadAction\",\"target\":[\"https:\/\/ecoprogress.eu\/de\/produkt\/stojan-u-typ-38\/\"]}]},{\"@type\":\"ImageObject\",\"inLanguage\":\"de\",\"@id\":\"https:\/\/ecoprogress.eu\/de\/produkt\/stojan-u-typ-38\/#primaryimage\",\"url\":\"https:\/\/ecoprogress.eu\/wp-content\/uploads\/u38.jpg\",\"contentUrl\":\"https:\/\/ecoprogress.eu\/wp-content\/uploads\/u38.jpg\",\"width\":800,\"height\":600},{\"@type\":\"BreadcrumbList\",\"@id\":\"https:\/\/ecoprogress.eu\/de\/produkt\/stojan-u-typ-38\/#breadcrumb\",\"itemListElement\":[{\"@type\":\"ListItem\",\"position\":1,\"name\":\"Produkte\",\"item\":\"https:\/\/ecoprogress.eu\/de\/produkte\/\"},{\"@type\":\"ListItem\",\"position\":2,\"name\":\"Stojan U typ 38\"}]},{\"@type\":\"WebSite\",\"@id\":\"https:\/\/ecoprogress.eu\/de\/#website\",\"url\":\"https:\/\/ecoprogress.eu\/de\/\",\"name\":\"Ecoprogress\",\"description\":\"\",\"publisher\":{\"@id\":\"https:\/\/ecoprogress.eu\/de\/#organization\"},\"potentialAction\":[{\"@type\":\"SearchAction\",\"target\":{\"@type\":\"EntryPoint\",\"urlTemplate\":\"https:\/\/ecoprogress.eu\/de\/?s={search_term_string}\"},\"query-input\":{\"@type\":\"PropertyValueSpecification\",\"valueRequired\":true,\"valueName\":\"search_term_string\"}}],\"inLanguage\":\"de\"},{\"@type\":\"Organization\",\"@id\":\"https:\/\/ecoprogress.eu\/de\/#organization\",\"name\":\"Ecoprogress\",\"url\":\"https:\/\/ecoprogress.eu\/de\/\",\"logo\":{\"@type\":\"ImageObject\",\"inLanguage\":\"de\",\"@id\":\"https:\/\/ecoprogress.eu\/de\/#\/schema\/logo\/image\/\",\"url\":\"https:\/\/ecoprogress.eu\/wp-content\/uploads\/logo-2.svg\",\"contentUrl\":\"https:\/\/ecoprogress.eu\/wp-content\/uploads\/logo-2.svg\",\"width\":318,\"height\":349,\"caption\":\"Ecoprogress\"},\"image\":{\"@id\":\"https:\/\/ecoprogress.eu\/de\/#\/schema\/logo\/image\/\"}}]}<\/script>\n<!-- \/ Yoast SEO plugin. -->","yoast_head_json":{"title":"Stojan U typ 38 | Ecoprogress","description":"Stojan U typ 38\u00a0je zostava 3 z\u00e1bran spojen\u00fdch dohromady do jednej zostavy. Z\u00e1brany s\u00fa navy\u0161e vybaven\u00e9 gumou, ktor\u00e1 dodato\u010dne stabilizuje bicykel pri parkovan\u00ed a poskytuje mu bezpe\u010dn\u00fa oporu.","robots":{"index":"index","follow":"follow","max-snippet":"max-snippet:-1","max-image-preview":"max-image-preview:large","max-video-preview":"max-video-preview:-1"},"canonical":"https:\/\/ecoprogress.eu\/de\/produkt\/stojan-u-typ-38\/","og_locale":"de_DE","og_type":"article","og_title":"Stojan U typ 38 | Ecoprogress","og_description":"Stojan U typ 38\u00a0je zostava 3 z\u00e1bran spojen\u00fdch dohromady do jednej zostavy. Z\u00e1brany s\u00fa navy\u0161e vybaven\u00e9 gumou, ktor\u00e1 dodato\u010dne stabilizuje bicykel pri parkovan\u00ed a poskytuje mu bezpe\u010dn\u00fa oporu.","og_url":"https:\/\/ecoprogress.eu\/de\/produkt\/stojan-u-typ-38\/","og_site_name":"Ecoprogress","article_modified_time":"2025-03-03T14:25:34+00:00","og_image":[{"width":800,"height":600,"url":"https:\/\/ecoprogress.eu\/wp-content\/uploads\/u38.jpg","type":"image\/jpeg"}],"twitter_card":"summary_large_image","twitter_misc":{"Gesch\u00e4tzte Lesezeit":"1\u00a0Minute"},"schema":{"@context":"https:\/\/schema.org","@graph":[{"@type":"WebPage","@id":"https:\/\/ecoprogress.eu\/de\/produkt\/stojan-u-typ-38\/","url":"https:\/\/ecoprogress.eu\/de\/produkt\/stojan-u-typ-38\/","name":"Stojan U typ 38 | Ecoprogress","isPartOf":{"@id":"https:\/\/ecoprogress.eu\/de\/#website"},"primaryImageOfPage":{"@id":"https:\/\/ecoprogress.eu\/de\/produkt\/stojan-u-typ-38\/#primaryimage"},"image":{"@id":"https:\/\/ecoprogress.eu\/de\/produkt\/stojan-u-typ-38\/#primaryimage"},"thumbnailUrl":"https:\/\/ecoprogress.eu\/wp-content\/uploads\/u38.jpg","datePublished":"2022-03-22T10:09:56+00:00","dateModified":"2025-03-03T14:25:34+00:00","description":"Stojan U typ 38\u00a0je zostava 3 z\u00e1bran spojen\u00fdch dohromady do jednej zostavy. Z\u00e1brany s\u00fa navy\u0161e vybaven\u00e9 gumou, ktor\u00e1 dodato\u010dne stabilizuje bicykel pri parkovan\u00ed a poskytuje mu bezpe\u010dn\u00fa oporu.","breadcrumb":{"@id":"https:\/\/ecoprogress.eu\/de\/produkt\/stojan-u-typ-38\/#breadcrumb"},"inLanguage":"de","potentialAction":[{"@type":"ReadAction","target":["https:\/\/ecoprogress.eu\/de\/produkt\/stojan-u-typ-38\/"]}]},{"@type":"ImageObject","inLanguage":"de","@id":"https:\/\/ecoprogress.eu\/de\/produkt\/stojan-u-typ-38\/#primaryimage","url":"https:\/\/ecoprogress.eu\/wp-content\/uploads\/u38.jpg","contentUrl":"https:\/\/ecoprogress.eu\/wp-content\/uploads\/u38.jpg","width":800,"height":600},{"@type":"BreadcrumbList","@id":"https:\/\/ecoprogress.eu\/de\/produkt\/stojan-u-typ-38\/#breadcrumb","itemListElement":[{"@type":"ListItem","position":1,"name":"Produkte","item":"https:\/\/ecoprogress.eu\/de\/produkte\/"},{"@type":"ListItem","position":2,"name":"Stojan U typ 38"}]},{"@type":"WebSite","@id":"https:\/\/ecoprogress.eu\/de\/#website","url":"https:\/\/ecoprogress.eu\/de\/","name":"Ecoprogress","description":"","publisher":{"@id":"https:\/\/ecoprogress.eu\/de\/#organization"},"potentialAction":[{"@type":"SearchAction","target":{"@type":"EntryPoint","urlTemplate":"https:\/\/ecoprogress.eu\/de\/?s={search_term_string}"},"query-input":{"@type":"PropertyValueSpecification","valueRequired":true,"valueName":"search_term_string"}}],"inLanguage":"de"},{"@type":"Organization","@id":"https:\/\/ecoprogress.eu\/de\/#organization","name":"Ecoprogress","url":"https:\/\/ecoprogress.eu\/de\/","logo":{"@type":"ImageObject","inLanguage":"de","@id":"https:\/\/ecoprogress.eu\/de\/#\/schema\/logo\/image\/","url":"https:\/\/ecoprogress.eu\/wp-content\/uploads\/logo-2.svg","contentUrl":"https:\/\/ecoprogress.eu\/wp-content\/uploads\/logo-2.svg","width":318,"height":349,"caption":"Ecoprogress"},"image":{"@id":"https:\/\/ecoprogress.eu\/de\/#\/schema\/logo\/image\/"}}]}},"_links":{"self":[{"href":"https:\/\/ecoprogress.eu\/de\/wp-json\/wp\/v2\/product\/10610","targetHints":{"allow":["GET"]}}],"collection":[{"href":"https:\/\/ecoprogress.eu\/de\/wp-json\/wp\/v2\/product"}],"about":[{"href":"https:\/\/ecoprogress.eu\/de\/wp-json\/wp\/v2\/types\/product"}],"version-history":[{"count":1,"href":"https:\/\/ecoprogress.eu\/de\/wp-json\/wp\/v2\/product\/10610\/revisions"}],"predecessor-version":[{"id":57469,"href":"https:\/\/ecoprogress.eu\/de\/wp-json\/wp\/v2\/product\/10610\/revisions\/57469"}],"wp:featuredmedia":[{"embeddable":true,"href":"https:\/\/ecoprogress.eu\/de\/wp-json\/wp\/v2\/media\/11108"}],"wp:attachment":[{"href":"https:\/\/ecoprogress.eu\/de\/wp-json\/wp\/v2\/media?parent=10610"}],"wp:term":[{"taxonomy":"product_brand","embeddable":true,"href":"https:\/\/ecoprogress.eu\/de\/wp-json\/wp\/v2\/product_brand?post=10610"},{"taxonomy":"product_cat","embeddable":true,"href":"https:\/\/ecoprogress.eu\/de\/wp-json\/wp\/v2\/product_cat?post=10610"},{"taxonomy":"product_tag","embeddable":true,"href":"https:\/\/ecoprogress.eu\/de\/wp-json\/wp\/v2\/product_tag?post=10610"}],"curies":[{"name":"wp","href":"https:\/\/api.w.org\/{rel}","templated":true}]}}