{"id":10697,"date":"2022-03-22T13:55:59","date_gmt":"2022-03-22T12:55:59","guid":{"rendered":"https:\/\/ecoprogress.eu\/?post_type=product&#038;p=10697"},"modified":"2024-05-28T13:26:58","modified_gmt":"2024-05-28T11:26:58","slug":"servisny-stojan-typ-06","status":"publish","type":"product","link":"https:\/\/ecoprogress.eu\/de\/produkt\/servisny-stojan-typ-06\/","title":{"rendered":"Servisn\u00fd stojan typ 06"},"content":{"rendered":"<p>\u0160pecifik\u00e1cia a in\u0161tal\u00e1cia<\/p>\n<ul>\n<li>nosn\u00fd ve\u0161iak ur\u010den\u00fd na pevn\u00e9 a \u013eahk\u00e9 uchytenie ak\u00e9hoko\u013evek typu r\u00e1mu bicykla<\/li>\n<li>k\u00e1ble na n\u00e1radie potiahnut\u00e9 PVC<\/li>\n<li>obsahuje 8 n\u00e1strojov na vykon\u00e1vanie najbe\u017enej\u0161\u00edch oper\u00e1ci\u00ed \u00fadr\u017eby a opr\u00e1v bicyklov<\/li>\n<li>ukotvenie na zem pod\u013ea miestnych \u0161pecifik\u00e1ci\u00ed<\/li>\n<\/ul>\n<p>Dodanie 4-6 t\u00fd\u017ed\u0148ov (pod\u013ea stavu skladov\u00fdch z\u00e1sob)<\/p>\n","protected":false},"excerpt":{"rendered":"<p>Servisn\u00fd stojan typ 6 je navrhnut\u00fd tak, aby pom\u00e1hal cyklistom pri ich jazd\u00e1ch a umo\u017enil im, aby mali miesto na opravu bicykla pomocou n\u00e1radia, aby sa v pr\u00edpade potreby dostali bez probl\u00e9mov domov alebo k mechanikovi bicyklov.<br \/>\nS 10 n\u00e1strojmi a univerz\u00e1lnym stojanom bol navrhnut\u00fd tak, aby sa ka\u017ed\u00fd bicykel dal \u013eahko udr\u017eiava\u0165 alebo opravova\u0165 bez ak\u00fdchko\u013evek komplik\u00e1ci\u00ed.<\/p>\n","protected":false},"featured_media":10742,"template":"","meta":[],"product_brand":[],"product_cat":[161],"product_tag":[],"class_list":{"0":"post-10697","1":"product","2":"type-product","3":"status-publish","4":"has-post-thumbnail","6":"product_cat-servisne-stojany-na-bicykle","7":"product_shipping_class-servisne-stojany","9":"first","10":"instock","11":"featured","12":"taxable","13":"shipping-taxable","14":"purchasable","15":"product-type-variable"},"yoast_head":"<!-- This site is optimized with the Yoast SEO plugin v27.2 - https:\/\/yoast.com\/product\/yoast-seo-wordpress\/ -->\n<title>Servisn\u00fd stojan typ 06 | Ecoprogress<\/title>\n<meta name=\"description\" content=\"Servisn\u00fd stojan typ 06 je navrhnut\u00fd tak, aby pom\u00e1hal cyklistom pri ich jazd\u00e1ch a umo\u017enil im opravu bicykla pomocou n\u00e1radia.\" \/>\n<meta name=\"robots\" content=\"index, follow, max-snippet:-1, max-image-preview:large, max-video-preview:-1\" \/>\n<link rel=\"canonical\" href=\"https:\/\/ecoprogress.eu\/de\/produkt\/servisny-stojan-typ-06\/\" \/>\n<meta property=\"og:locale\" content=\"de_DE\" \/>\n<meta property=\"og:type\" content=\"article\" \/>\n<meta property=\"og:title\" content=\"Servisn\u00fd stojan typ 06 | Ecoprogress\" \/>\n<meta property=\"og:description\" content=\"Servisn\u00fd stojan typ 06 je navrhnut\u00fd tak, aby pom\u00e1hal cyklistom pri ich jazd\u00e1ch a umo\u017enil im opravu bicykla pomocou n\u00e1radia.\" \/>\n<meta property=\"og:url\" content=\"https:\/\/ecoprogress.eu\/de\/produkt\/servisny-stojan-typ-06\/\" \/>\n<meta property=\"og:site_name\" content=\"Ecoprogress\" \/>\n<meta property=\"article:modified_time\" content=\"2024-05-28T11:26:58+00:00\" \/>\n<meta property=\"og:image\" content=\"https:\/\/ecoprogress.eu\/wp-content\/uploads\/UrbanFix-Std-2.jpg\" \/>\n\t<meta property=\"og:image:width\" content=\"720\" \/>\n\t<meta property=\"og:image:height\" content=\"960\" \/>\n\t<meta property=\"og:image:type\" content=\"image\/jpeg\" \/>\n<meta name=\"twitter:card\" content=\"summary_large_image\" \/>\n<meta name=\"twitter:label1\" content=\"Gesch\u00e4tzte Lesezeit\" \/>\n\t<meta name=\"twitter:data1\" content=\"1\u00a0Minute\" \/>\n<script type=\"application\/ld+json\" class=\"yoast-schema-graph\">{\"@context\":\"https:\/\/schema.org\",\"@graph\":[{\"@type\":\"WebPage\",\"@id\":\"https:\/\/ecoprogress.eu\/de\/produkt\/servisny-stojan-typ-06\/\",\"url\":\"https:\/\/ecoprogress.eu\/de\/produkt\/servisny-stojan-typ-06\/\",\"name\":\"Servisn\u00fd stojan typ 06 | Ecoprogress\",\"isPartOf\":{\"@id\":\"https:\/\/ecoprogress.eu\/de\/#website\"},\"primaryImageOfPage\":{\"@id\":\"https:\/\/ecoprogress.eu\/de\/produkt\/servisny-stojan-typ-06\/#primaryimage\"},\"image\":{\"@id\":\"https:\/\/ecoprogress.eu\/de\/produkt\/servisny-stojan-typ-06\/#primaryimage\"},\"thumbnailUrl\":\"https:\/\/ecoprogress.eu\/wp-content\/uploads\/UrbanFix-Std-2.jpg\",\"datePublished\":\"2022-03-22T12:55:59+00:00\",\"dateModified\":\"2024-05-28T11:26:58+00:00\",\"description\":\"Servisn\u00fd stojan typ 06 je navrhnut\u00fd tak, aby pom\u00e1hal cyklistom pri ich jazd\u00e1ch a umo\u017enil im opravu bicykla pomocou n\u00e1radia.\",\"breadcrumb\":{\"@id\":\"https:\/\/ecoprogress.eu\/de\/produkt\/servisny-stojan-typ-06\/#breadcrumb\"},\"inLanguage\":\"de\",\"potentialAction\":[{\"@type\":\"ReadAction\",\"target\":[\"https:\/\/ecoprogress.eu\/de\/produkt\/servisny-stojan-typ-06\/\"]}]},{\"@type\":\"ImageObject\",\"inLanguage\":\"de\",\"@id\":\"https:\/\/ecoprogress.eu\/de\/produkt\/servisny-stojan-typ-06\/#primaryimage\",\"url\":\"https:\/\/ecoprogress.eu\/wp-content\/uploads\/UrbanFix-Std-2.jpg\",\"contentUrl\":\"https:\/\/ecoprogress.eu\/wp-content\/uploads\/UrbanFix-Std-2.jpg\",\"width\":720,\"height\":960},{\"@type\":\"BreadcrumbList\",\"@id\":\"https:\/\/ecoprogress.eu\/de\/produkt\/servisny-stojan-typ-06\/#breadcrumb\",\"itemListElement\":[{\"@type\":\"ListItem\",\"position\":1,\"name\":\"Produkte\",\"item\":\"https:\/\/ecoprogress.eu\/de\/produkte\/\"},{\"@type\":\"ListItem\",\"position\":2,\"name\":\"Servisn\u00fd stojan typ 06\"}]},{\"@type\":\"WebSite\",\"@id\":\"https:\/\/ecoprogress.eu\/de\/#website\",\"url\":\"https:\/\/ecoprogress.eu\/de\/\",\"name\":\"Ecoprogress\",\"description\":\"\",\"publisher\":{\"@id\":\"https:\/\/ecoprogress.eu\/de\/#organization\"},\"potentialAction\":[{\"@type\":\"SearchAction\",\"target\":{\"@type\":\"EntryPoint\",\"urlTemplate\":\"https:\/\/ecoprogress.eu\/de\/?s={search_term_string}\"},\"query-input\":{\"@type\":\"PropertyValueSpecification\",\"valueRequired\":true,\"valueName\":\"search_term_string\"}}],\"inLanguage\":\"de\"},{\"@type\":\"Organization\",\"@id\":\"https:\/\/ecoprogress.eu\/de\/#organization\",\"name\":\"Ecoprogress\",\"url\":\"https:\/\/ecoprogress.eu\/de\/\",\"logo\":{\"@type\":\"ImageObject\",\"inLanguage\":\"de\",\"@id\":\"https:\/\/ecoprogress.eu\/de\/#\/schema\/logo\/image\/\",\"url\":\"https:\/\/ecoprogress.eu\/wp-content\/uploads\/logo-2.svg\",\"contentUrl\":\"https:\/\/ecoprogress.eu\/wp-content\/uploads\/logo-2.svg\",\"width\":318,\"height\":349,\"caption\":\"Ecoprogress\"},\"image\":{\"@id\":\"https:\/\/ecoprogress.eu\/de\/#\/schema\/logo\/image\/\"}}]}<\/script>\n<!-- \/ Yoast SEO plugin. -->","yoast_head_json":{"title":"Servisn\u00fd stojan typ 06 | Ecoprogress","description":"Servisn\u00fd stojan typ 06 je navrhnut\u00fd tak, aby pom\u00e1hal cyklistom pri ich jazd\u00e1ch a umo\u017enil im opravu bicykla pomocou n\u00e1radia.","robots":{"index":"index","follow":"follow","max-snippet":"max-snippet:-1","max-image-preview":"max-image-preview:large","max-video-preview":"max-video-preview:-1"},"canonical":"https:\/\/ecoprogress.eu\/de\/produkt\/servisny-stojan-typ-06\/","og_locale":"de_DE","og_type":"article","og_title":"Servisn\u00fd stojan typ 06 | Ecoprogress","og_description":"Servisn\u00fd stojan typ 06 je navrhnut\u00fd tak, aby pom\u00e1hal cyklistom pri ich jazd\u00e1ch a umo\u017enil im opravu bicykla pomocou n\u00e1radia.","og_url":"https:\/\/ecoprogress.eu\/de\/produkt\/servisny-stojan-typ-06\/","og_site_name":"Ecoprogress","article_modified_time":"2024-05-28T11:26:58+00:00","og_image":[{"width":720,"height":960,"url":"https:\/\/ecoprogress.eu\/wp-content\/uploads\/UrbanFix-Std-2.jpg","type":"image\/jpeg"}],"twitter_card":"summary_large_image","twitter_misc":{"Gesch\u00e4tzte Lesezeit":"1\u00a0Minute"},"schema":{"@context":"https:\/\/schema.org","@graph":[{"@type":"WebPage","@id":"https:\/\/ecoprogress.eu\/de\/produkt\/servisny-stojan-typ-06\/","url":"https:\/\/ecoprogress.eu\/de\/produkt\/servisny-stojan-typ-06\/","name":"Servisn\u00fd stojan typ 06 | Ecoprogress","isPartOf":{"@id":"https:\/\/ecoprogress.eu\/de\/#website"},"primaryImageOfPage":{"@id":"https:\/\/ecoprogress.eu\/de\/produkt\/servisny-stojan-typ-06\/#primaryimage"},"image":{"@id":"https:\/\/ecoprogress.eu\/de\/produkt\/servisny-stojan-typ-06\/#primaryimage"},"thumbnailUrl":"https:\/\/ecoprogress.eu\/wp-content\/uploads\/UrbanFix-Std-2.jpg","datePublished":"2022-03-22T12:55:59+00:00","dateModified":"2024-05-28T11:26:58+00:00","description":"Servisn\u00fd stojan typ 06 je navrhnut\u00fd tak, aby pom\u00e1hal cyklistom pri ich jazd\u00e1ch a umo\u017enil im opravu bicykla pomocou n\u00e1radia.","breadcrumb":{"@id":"https:\/\/ecoprogress.eu\/de\/produkt\/servisny-stojan-typ-06\/#breadcrumb"},"inLanguage":"de","potentialAction":[{"@type":"ReadAction","target":["https:\/\/ecoprogress.eu\/de\/produkt\/servisny-stojan-typ-06\/"]}]},{"@type":"ImageObject","inLanguage":"de","@id":"https:\/\/ecoprogress.eu\/de\/produkt\/servisny-stojan-typ-06\/#primaryimage","url":"https:\/\/ecoprogress.eu\/wp-content\/uploads\/UrbanFix-Std-2.jpg","contentUrl":"https:\/\/ecoprogress.eu\/wp-content\/uploads\/UrbanFix-Std-2.jpg","width":720,"height":960},{"@type":"BreadcrumbList","@id":"https:\/\/ecoprogress.eu\/de\/produkt\/servisny-stojan-typ-06\/#breadcrumb","itemListElement":[{"@type":"ListItem","position":1,"name":"Produkte","item":"https:\/\/ecoprogress.eu\/de\/produkte\/"},{"@type":"ListItem","position":2,"name":"Servisn\u00fd stojan typ 06"}]},{"@type":"WebSite","@id":"https:\/\/ecoprogress.eu\/de\/#website","url":"https:\/\/ecoprogress.eu\/de\/","name":"Ecoprogress","description":"","publisher":{"@id":"https:\/\/ecoprogress.eu\/de\/#organization"},"potentialAction":[{"@type":"SearchAction","target":{"@type":"EntryPoint","urlTemplate":"https:\/\/ecoprogress.eu\/de\/?s={search_term_string}"},"query-input":{"@type":"PropertyValueSpecification","valueRequired":true,"valueName":"search_term_string"}}],"inLanguage":"de"},{"@type":"Organization","@id":"https:\/\/ecoprogress.eu\/de\/#organization","name":"Ecoprogress","url":"https:\/\/ecoprogress.eu\/de\/","logo":{"@type":"ImageObject","inLanguage":"de","@id":"https:\/\/ecoprogress.eu\/de\/#\/schema\/logo\/image\/","url":"https:\/\/ecoprogress.eu\/wp-content\/uploads\/logo-2.svg","contentUrl":"https:\/\/ecoprogress.eu\/wp-content\/uploads\/logo-2.svg","width":318,"height":349,"caption":"Ecoprogress"},"image":{"@id":"https:\/\/ecoprogress.eu\/de\/#\/schema\/logo\/image\/"}}]}},"_links":{"self":[{"href":"https:\/\/ecoprogress.eu\/de\/wp-json\/wp\/v2\/product\/10697","targetHints":{"allow":["GET"]}}],"collection":[{"href":"https:\/\/ecoprogress.eu\/de\/wp-json\/wp\/v2\/product"}],"about":[{"href":"https:\/\/ecoprogress.eu\/de\/wp-json\/wp\/v2\/types\/product"}],"version-history":[{"count":1,"href":"https:\/\/ecoprogress.eu\/de\/wp-json\/wp\/v2\/product\/10697\/revisions"}],"predecessor-version":[{"id":52908,"href":"https:\/\/ecoprogress.eu\/de\/wp-json\/wp\/v2\/product\/10697\/revisions\/52908"}],"wp:featuredmedia":[{"embeddable":true,"href":"https:\/\/ecoprogress.eu\/de\/wp-json\/wp\/v2\/media\/10742"}],"wp:attachment":[{"href":"https:\/\/ecoprogress.eu\/de\/wp-json\/wp\/v2\/media?parent=10697"}],"wp:term":[{"taxonomy":"product_brand","embeddable":true,"href":"https:\/\/ecoprogress.eu\/de\/wp-json\/wp\/v2\/product_brand?post=10697"},{"taxonomy":"product_cat","embeddable":true,"href":"https:\/\/ecoprogress.eu\/de\/wp-json\/wp\/v2\/product_cat?post=10697"},{"taxonomy":"product_tag","embeddable":true,"href":"https:\/\/ecoprogress.eu\/de\/wp-json\/wp\/v2\/product_tag?post=10697"}],"curies":[{"name":"wp","href":"https:\/\/api.w.org\/{rel}","templated":true}]}}