{"id":10710,"date":"2022-03-22T14:12:50","date_gmt":"2022-03-22T13:12:50","guid":{"rendered":"https:\/\/ecoprogress.eu\/?post_type=product&#038;p=10710"},"modified":"2024-04-29T14:26:21","modified_gmt":"2024-04-29T12:26:21","slug":"servisny-stojan-typ-07","status":"publish","type":"product","link":"https:\/\/ecoprogress.eu\/de\/produkt\/servisny-stojan-typ-07\/","title":{"rendered":"Servisn\u00fd stojan typ 07"},"content":{"rendered":"<p>\u0160pecifik\u00e1cia a in\u0161tal\u00e1cia<\/p>\n<ul>\n<li>nosn\u00fd ve\u0161iak navrhnut\u00fd tak, aby pevne a \u013eahko dr\u017eal ak\u00fdko\u013evek typ r\u00e1mu bicykla<\/li>\n<li>k\u00e1ble na n\u00e1radie potiahnut\u00e9 PVC<\/li>\n<li>obsahuje 7 n\u00e1strojov na vykon\u00e1vanie najbe\u017enej\u0161\u00edch oper\u00e1ci\u00ed \u00fadr\u017eby a opr\u00e1v nosn\u00fd ve\u0161iak ur\u010den\u00fd na pevn\u00e9 a \u013eahk\u00e9 uchytenie ak\u00e9hoko\u013evek typu r\u00e1mu bicykla<\/li>\n<li>n\u00e1stenn\u00fd<\/li>\n<\/ul>\n<p>Dodanie 4-6 t\u00fd\u017ed\u0148ov (pod\u013ea stavu skladov\u00fdch z\u00e1sob)<\/p>\n","protected":false},"excerpt":{"rendered":"<p>Servisn\u00fd stojan typ 7 je mini-pracovn\u00e1 stanica vybaven\u00e1 7 n\u00e1rad\u00edm pre bicykle a univerz\u00e1lnym potiahnut\u00fdm dr\u017eiakom na opravu, ktor\u00fd umo\u017e\u0148uje pevne dr\u017ea\u0165 bicykle bez ich po\u0161kodenia.<br \/>\nT\u00e1to pracovn\u00e1 stanica navrhnut\u00e1 na mont\u00e1\u017e na stenu je ide\u00e1lna pre men\u0161ie miesta, \u010di u\u017e vo vn\u00fatri alebo vonku.<br \/>\nTermoplastick\u00fd pogumovan\u00fd nosn\u00fd r\u00e1m, ktor\u00fd odol\u00e1 po\u010dasiu a dr\u017e\u00ed bicykel bez ak\u00e9hoko\u013evek rizika, \u010di u\u017e ide o hlin\u00edk, karb\u00f3n, oce\u013e alebo in\u00fd materi\u00e1l.<\/p>\n","protected":false},"featured_media":10752,"template":"","meta":[],"product_brand":[],"product_cat":[161],"product_tag":[],"class_list":{"0":"post-10710","1":"product","2":"type-product","3":"status-publish","4":"has-post-thumbnail","6":"product_cat-servisne-stojany-na-bicykle","7":"product_shipping_class-servisne-stojany","9":"first","10":"instock","11":"taxable","12":"shipping-taxable","13":"purchasable","14":"product-type-variable"},"yoast_head":"<!-- This site is optimized with the Yoast SEO plugin v27.2 - https:\/\/yoast.com\/product\/yoast-seo-wordpress\/ -->\n<title>Servisn\u00fd stojan typ 07 | Ecoprogress<\/title>\n<meta name=\"description\" content=\"Servisn\u00fd stojan typ 07 je mini-pracovn\u00e1 stanica vybaven\u00e1 7 n\u00e1rad\u00edm pre bicykle a univerz\u00e1lnym potiahnut\u00fdm dr\u017eiakom na opravu\" \/>\n<meta name=\"robots\" content=\"index, follow, max-snippet:-1, max-image-preview:large, max-video-preview:-1\" \/>\n<link rel=\"canonical\" href=\"https:\/\/ecoprogress.eu\/de\/produkt\/servisny-stojan-typ-07\/\" \/>\n<meta property=\"og:locale\" content=\"de_DE\" \/>\n<meta property=\"og:type\" content=\"article\" \/>\n<meta property=\"og:title\" content=\"Servisn\u00fd stojan typ 07 | Ecoprogress\" \/>\n<meta property=\"og:description\" content=\"Servisn\u00fd stojan typ 07 je mini-pracovn\u00e1 stanica vybaven\u00e1 7 n\u00e1rad\u00edm pre bicykle a univerz\u00e1lnym potiahnut\u00fdm dr\u017eiakom na opravu\" \/>\n<meta property=\"og:url\" content=\"https:\/\/ecoprogress.eu\/de\/produkt\/servisny-stojan-typ-07\/\" \/>\n<meta property=\"og:site_name\" content=\"Ecoprogress\" \/>\n<meta property=\"article:modified_time\" content=\"2024-04-29T12:26:21+00:00\" \/>\n<meta property=\"og:image\" content=\"https:\/\/ecoprogress.eu\/wp-content\/uploads\/16684314_413802168963917_3526955924553358799_n.jpg\" \/>\n\t<meta property=\"og:image:width\" content=\"720\" \/>\n\t<meta property=\"og:image:height\" content=\"960\" \/>\n\t<meta property=\"og:image:type\" content=\"image\/jpeg\" \/>\n<meta name=\"twitter:card\" content=\"summary_large_image\" \/>\n<meta name=\"twitter:label1\" content=\"Gesch\u00e4tzte Lesezeit\" \/>\n\t<meta name=\"twitter:data1\" content=\"1\u00a0Minute\" \/>\n<script type=\"application\/ld+json\" class=\"yoast-schema-graph\">{\"@context\":\"https:\/\/schema.org\",\"@graph\":[{\"@type\":\"WebPage\",\"@id\":\"https:\/\/ecoprogress.eu\/de\/produkt\/servisny-stojan-typ-07\/\",\"url\":\"https:\/\/ecoprogress.eu\/de\/produkt\/servisny-stojan-typ-07\/\",\"name\":\"Servisn\u00fd stojan typ 07 | Ecoprogress\",\"isPartOf\":{\"@id\":\"https:\/\/ecoprogress.eu\/de\/#website\"},\"primaryImageOfPage\":{\"@id\":\"https:\/\/ecoprogress.eu\/de\/produkt\/servisny-stojan-typ-07\/#primaryimage\"},\"image\":{\"@id\":\"https:\/\/ecoprogress.eu\/de\/produkt\/servisny-stojan-typ-07\/#primaryimage\"},\"thumbnailUrl\":\"https:\/\/ecoprogress.eu\/wp-content\/uploads\/16684314_413802168963917_3526955924553358799_n.jpg\",\"datePublished\":\"2022-03-22T13:12:50+00:00\",\"dateModified\":\"2024-04-29T12:26:21+00:00\",\"description\":\"Servisn\u00fd stojan typ 07 je mini-pracovn\u00e1 stanica vybaven\u00e1 7 n\u00e1rad\u00edm pre bicykle a univerz\u00e1lnym potiahnut\u00fdm dr\u017eiakom na opravu\",\"breadcrumb\":{\"@id\":\"https:\/\/ecoprogress.eu\/de\/produkt\/servisny-stojan-typ-07\/#breadcrumb\"},\"inLanguage\":\"de\",\"potentialAction\":[{\"@type\":\"ReadAction\",\"target\":[\"https:\/\/ecoprogress.eu\/de\/produkt\/servisny-stojan-typ-07\/\"]}]},{\"@type\":\"ImageObject\",\"inLanguage\":\"de\",\"@id\":\"https:\/\/ecoprogress.eu\/de\/produkt\/servisny-stojan-typ-07\/#primaryimage\",\"url\":\"https:\/\/ecoprogress.eu\/wp-content\/uploads\/16684314_413802168963917_3526955924553358799_n.jpg\",\"contentUrl\":\"https:\/\/ecoprogress.eu\/wp-content\/uploads\/16684314_413802168963917_3526955924553358799_n.jpg\",\"width\":720,\"height\":960},{\"@type\":\"BreadcrumbList\",\"@id\":\"https:\/\/ecoprogress.eu\/de\/produkt\/servisny-stojan-typ-07\/#breadcrumb\",\"itemListElement\":[{\"@type\":\"ListItem\",\"position\":1,\"name\":\"Produkte\",\"item\":\"https:\/\/ecoprogress.eu\/de\/produkte\/\"},{\"@type\":\"ListItem\",\"position\":2,\"name\":\"Servisn\u00fd stojan typ 07\"}]},{\"@type\":\"WebSite\",\"@id\":\"https:\/\/ecoprogress.eu\/de\/#website\",\"url\":\"https:\/\/ecoprogress.eu\/de\/\",\"name\":\"Ecoprogress\",\"description\":\"\",\"publisher\":{\"@id\":\"https:\/\/ecoprogress.eu\/de\/#organization\"},\"potentialAction\":[{\"@type\":\"SearchAction\",\"target\":{\"@type\":\"EntryPoint\",\"urlTemplate\":\"https:\/\/ecoprogress.eu\/de\/?s={search_term_string}\"},\"query-input\":{\"@type\":\"PropertyValueSpecification\",\"valueRequired\":true,\"valueName\":\"search_term_string\"}}],\"inLanguage\":\"de\"},{\"@type\":\"Organization\",\"@id\":\"https:\/\/ecoprogress.eu\/de\/#organization\",\"name\":\"Ecoprogress\",\"url\":\"https:\/\/ecoprogress.eu\/de\/\",\"logo\":{\"@type\":\"ImageObject\",\"inLanguage\":\"de\",\"@id\":\"https:\/\/ecoprogress.eu\/de\/#\/schema\/logo\/image\/\",\"url\":\"https:\/\/ecoprogress.eu\/wp-content\/uploads\/logo-2.svg\",\"contentUrl\":\"https:\/\/ecoprogress.eu\/wp-content\/uploads\/logo-2.svg\",\"width\":318,\"height\":349,\"caption\":\"Ecoprogress\"},\"image\":{\"@id\":\"https:\/\/ecoprogress.eu\/de\/#\/schema\/logo\/image\/\"}}]}<\/script>\n<!-- \/ Yoast SEO plugin. -->","yoast_head_json":{"title":"Servisn\u00fd stojan typ 07 | Ecoprogress","description":"Servisn\u00fd stojan typ 07 je mini-pracovn\u00e1 stanica vybaven\u00e1 7 n\u00e1rad\u00edm pre bicykle a univerz\u00e1lnym potiahnut\u00fdm dr\u017eiakom na opravu","robots":{"index":"index","follow":"follow","max-snippet":"max-snippet:-1","max-image-preview":"max-image-preview:large","max-video-preview":"max-video-preview:-1"},"canonical":"https:\/\/ecoprogress.eu\/de\/produkt\/servisny-stojan-typ-07\/","og_locale":"de_DE","og_type":"article","og_title":"Servisn\u00fd stojan typ 07 | Ecoprogress","og_description":"Servisn\u00fd stojan typ 07 je mini-pracovn\u00e1 stanica vybaven\u00e1 7 n\u00e1rad\u00edm pre bicykle a univerz\u00e1lnym potiahnut\u00fdm dr\u017eiakom na opravu","og_url":"https:\/\/ecoprogress.eu\/de\/produkt\/servisny-stojan-typ-07\/","og_site_name":"Ecoprogress","article_modified_time":"2024-04-29T12:26:21+00:00","og_image":[{"width":720,"height":960,"url":"https:\/\/ecoprogress.eu\/wp-content\/uploads\/16684314_413802168963917_3526955924553358799_n.jpg","type":"image\/jpeg"}],"twitter_card":"summary_large_image","twitter_misc":{"Gesch\u00e4tzte Lesezeit":"1\u00a0Minute"},"schema":{"@context":"https:\/\/schema.org","@graph":[{"@type":"WebPage","@id":"https:\/\/ecoprogress.eu\/de\/produkt\/servisny-stojan-typ-07\/","url":"https:\/\/ecoprogress.eu\/de\/produkt\/servisny-stojan-typ-07\/","name":"Servisn\u00fd stojan typ 07 | Ecoprogress","isPartOf":{"@id":"https:\/\/ecoprogress.eu\/de\/#website"},"primaryImageOfPage":{"@id":"https:\/\/ecoprogress.eu\/de\/produkt\/servisny-stojan-typ-07\/#primaryimage"},"image":{"@id":"https:\/\/ecoprogress.eu\/de\/produkt\/servisny-stojan-typ-07\/#primaryimage"},"thumbnailUrl":"https:\/\/ecoprogress.eu\/wp-content\/uploads\/16684314_413802168963917_3526955924553358799_n.jpg","datePublished":"2022-03-22T13:12:50+00:00","dateModified":"2024-04-29T12:26:21+00:00","description":"Servisn\u00fd stojan typ 07 je mini-pracovn\u00e1 stanica vybaven\u00e1 7 n\u00e1rad\u00edm pre bicykle a univerz\u00e1lnym potiahnut\u00fdm dr\u017eiakom na opravu","breadcrumb":{"@id":"https:\/\/ecoprogress.eu\/de\/produkt\/servisny-stojan-typ-07\/#breadcrumb"},"inLanguage":"de","potentialAction":[{"@type":"ReadAction","target":["https:\/\/ecoprogress.eu\/de\/produkt\/servisny-stojan-typ-07\/"]}]},{"@type":"ImageObject","inLanguage":"de","@id":"https:\/\/ecoprogress.eu\/de\/produkt\/servisny-stojan-typ-07\/#primaryimage","url":"https:\/\/ecoprogress.eu\/wp-content\/uploads\/16684314_413802168963917_3526955924553358799_n.jpg","contentUrl":"https:\/\/ecoprogress.eu\/wp-content\/uploads\/16684314_413802168963917_3526955924553358799_n.jpg","width":720,"height":960},{"@type":"BreadcrumbList","@id":"https:\/\/ecoprogress.eu\/de\/produkt\/servisny-stojan-typ-07\/#breadcrumb","itemListElement":[{"@type":"ListItem","position":1,"name":"Produkte","item":"https:\/\/ecoprogress.eu\/de\/produkte\/"},{"@type":"ListItem","position":2,"name":"Servisn\u00fd stojan typ 07"}]},{"@type":"WebSite","@id":"https:\/\/ecoprogress.eu\/de\/#website","url":"https:\/\/ecoprogress.eu\/de\/","name":"Ecoprogress","description":"","publisher":{"@id":"https:\/\/ecoprogress.eu\/de\/#organization"},"potentialAction":[{"@type":"SearchAction","target":{"@type":"EntryPoint","urlTemplate":"https:\/\/ecoprogress.eu\/de\/?s={search_term_string}"},"query-input":{"@type":"PropertyValueSpecification","valueRequired":true,"valueName":"search_term_string"}}],"inLanguage":"de"},{"@type":"Organization","@id":"https:\/\/ecoprogress.eu\/de\/#organization","name":"Ecoprogress","url":"https:\/\/ecoprogress.eu\/de\/","logo":{"@type":"ImageObject","inLanguage":"de","@id":"https:\/\/ecoprogress.eu\/de\/#\/schema\/logo\/image\/","url":"https:\/\/ecoprogress.eu\/wp-content\/uploads\/logo-2.svg","contentUrl":"https:\/\/ecoprogress.eu\/wp-content\/uploads\/logo-2.svg","width":318,"height":349,"caption":"Ecoprogress"},"image":{"@id":"https:\/\/ecoprogress.eu\/de\/#\/schema\/logo\/image\/"}}]}},"_links":{"self":[{"href":"https:\/\/ecoprogress.eu\/de\/wp-json\/wp\/v2\/product\/10710","targetHints":{"allow":["GET"]}}],"collection":[{"href":"https:\/\/ecoprogress.eu\/de\/wp-json\/wp\/v2\/product"}],"about":[{"href":"https:\/\/ecoprogress.eu\/de\/wp-json\/wp\/v2\/types\/product"}],"version-history":[{"count":1,"href":"https:\/\/ecoprogress.eu\/de\/wp-json\/wp\/v2\/product\/10710\/revisions"}],"predecessor-version":[{"id":52906,"href":"https:\/\/ecoprogress.eu\/de\/wp-json\/wp\/v2\/product\/10710\/revisions\/52906"}],"wp:featuredmedia":[{"embeddable":true,"href":"https:\/\/ecoprogress.eu\/de\/wp-json\/wp\/v2\/media\/10752"}],"wp:attachment":[{"href":"https:\/\/ecoprogress.eu\/de\/wp-json\/wp\/v2\/media?parent=10710"}],"wp:term":[{"taxonomy":"product_brand","embeddable":true,"href":"https:\/\/ecoprogress.eu\/de\/wp-json\/wp\/v2\/product_brand?post=10710"},{"taxonomy":"product_cat","embeddable":true,"href":"https:\/\/ecoprogress.eu\/de\/wp-json\/wp\/v2\/product_cat?post=10710"},{"taxonomy":"product_tag","embeddable":true,"href":"https:\/\/ecoprogress.eu\/de\/wp-json\/wp\/v2\/product_tag?post=10710"}],"curies":[{"name":"wp","href":"https:\/\/api.w.org\/{rel}","templated":true}]}}