{"id":10719,"date":"2022-03-22T14:15:56","date_gmt":"2022-03-22T13:15:56","guid":{"rendered":"https:\/\/ecoprogress.eu\/?post_type=product&#038;p=10719"},"modified":"2024-04-29T14:27:46","modified_gmt":"2024-04-29T12:27:46","slug":"servisny-stojan-typ-08","status":"publish","type":"product","link":"https:\/\/ecoprogress.eu\/de\/produkt\/servisny-stojan-typ-08\/","title":{"rendered":"Servisn\u00fd stojan typ 08"},"content":{"rendered":"<p>\u0160pecifik\u00e1cia a in\u0161tal\u00e1cia<\/p>\n<ul>\n<li>nosn\u00fd ve\u0161iak ur\u010den\u00fd na pevn\u00e9 a jednoduch\u00e9 uchytenie ak\u00e9hoko\u013evek typu bicykla alebo r\u00e1mu<\/li>\n<li>obsahuje 10 n\u00e1strojov na vykon\u00e1vanie najbe\u017enej\u0161\u00edch oper\u00e1ci\u00ed \u00fadr\u017eby a opr\u00e1v<\/li>\n<li>ochrana z u\u0161\u013eachtilej ocele, aby sa predi\u0161lo po\u0161kodeniu laku sp\u00f4soben\u00e9mu n\u00e1rad\u00edm<\/li>\n<li>syst\u00e9m upevnenia do zeme na vn\u00fatornej strane s mo\u017enou in\u0161tal\u00e1ciou do v\u0161etk\u00fdch druhov ter\u00e9nu<\/li>\n<li>podlo\u017eka z PVC lisovan\u00e9ho povlaku pre kompletn\u00fa ochranu r\u00e1mu bicykla<\/li>\n<li>hadica na um\u00fdvanie bicyklov<\/li>\n<li>vodovodn\u00fd koh\u00fatik na plnenie f\u013ea\u0161e s vodou<\/li>\n<li>dvojkapacitn\u00e1 univerz\u00e1lna vzduchov\u00e1 pumpa s ru\u010dn\u00fdm ovl\u00e1dan\u00edm a zosilnenou hadicou<\/li>\n<li>\u0161peci\u00e1lny podporn\u00fd h\u00e1k na um\u00fdvanie bicyklov<\/li>\n<li>vzdialenos\u0165 medzi stenami: Zadn\u00e1 strana mus\u00ed by\u0165 minim\u00e1lne 700 mm od steny. Strany by mali zaru\u010dova\u0165 minim\u00e1lne 1 500 mm vo\u013en\u00e9ho priestoru k najbli\u017e\u0161ej prek\u00e1\u017eke pre stranu bez um\u00fdvacej \u010de\u013euste a 2 500 mm k um\u00fdvacej \u010de\u013eusti. Pri kolm\u00fdch in\u0161tal\u00e1ci\u00e1ch mus\u00ed by\u0165 zabezpe\u010den\u00e1 minim\u00e1lna vzdialenos\u0165 3000 mm.Stojan by v \u017eiadnom pr\u00edpade nemal zasahova\u0165 do ciest, cyklistick\u00fdch chodn\u00edkov alebo chodn\u00edkov. Vo\u013en\u00e1 in\u0161tal\u00e1cia alebo s povrchov\u00fdm upevnen\u00edm chemickou obj\u00edmkou alebo dilata\u010dn\u00fdm kotven\u00edm. Vodovod mus\u00ed by\u0165 napojen\u00fd na verejn\u00fd vodovod, ke\u010f\u017ee zah\u0155\u0148a aj vodu na \u013eudsk\u00fa spotrebu.<\/li>\n<\/ul>\n<p>Dodanie 4-6 t\u00fd\u017ed\u0148ov (pod\u013ea stavu skladov\u00fdch z\u00e1sob)<\/p>\n","protected":false},"excerpt":{"rendered":"<p>Servisn\u00fd stojan typ 8 je samoobslu\u017en\u00e1 oprav\u00e1rensk\u00e1 a um\u00fdvacia stanica pripraven\u00e1 na auton\u00f3mne pou\u017eitie. Obsahuje ve\u0161iak, n\u00e1radie a pumpu na pomoc cyklistom pri jazde, m\u00e1 tie\u017e napojenie na vodovodn\u00fd bod, ktor\u00fd umo\u017e\u0148uje naplnenie flia\u0161 s vodou a hadicu na um\u00fdvanie bicykla.<\/p>\n","protected":false},"featured_media":10765,"template":"","meta":[],"product_brand":[],"product_cat":[161],"product_tag":[],"class_list":{"0":"post-10719","1":"product","2":"type-product","3":"status-publish","4":"has-post-thumbnail","6":"product_cat-servisne-stojany-na-bicykle","7":"product_shipping_class-servisne-stojany","9":"first","10":"instock","11":"featured","12":"taxable","13":"shipping-taxable","14":"purchasable","15":"product-type-variable"},"yoast_head":"<!-- This site is optimized with the Yoast SEO plugin v27.2 - https:\/\/yoast.com\/product\/yoast-seo-wordpress\/ -->\n<title>Servisn\u00fd stojan typ 08 | Ecoprogress<\/title>\n<meta name=\"description\" content=\"Servisn\u00fd stojan typ 08 je samoobslu\u017en\u00e1 oprav\u00e1rensk\u00e1 a um\u00fdvacia stanica pripraven\u00e1 na auton\u00f3mne pou\u017eitie. Obsahuje ve\u0161iak, n\u00e1radie a pumpu.\" \/>\n<meta name=\"robots\" content=\"index, follow, max-snippet:-1, max-image-preview:large, max-video-preview:-1\" \/>\n<link rel=\"canonical\" href=\"https:\/\/ecoprogress.eu\/de\/produkt\/servisny-stojan-typ-08\/\" \/>\n<meta property=\"og:locale\" content=\"de_DE\" \/>\n<meta property=\"og:type\" content=\"article\" \/>\n<meta property=\"og:title\" content=\"Servisn\u00fd stojan typ 08 | Ecoprogress\" \/>\n<meta property=\"og:description\" content=\"Servisn\u00fd stojan typ 08 je samoobslu\u017en\u00e1 oprav\u00e1rensk\u00e1 a um\u00fdvacia stanica pripraven\u00e1 na auton\u00f3mne pou\u017eitie. Obsahuje ve\u0161iak, n\u00e1radie a pumpu.\" \/>\n<meta property=\"og:url\" content=\"https:\/\/ecoprogress.eu\/de\/produkt\/servisny-stojan-typ-08\/\" \/>\n<meta property=\"og:site_name\" content=\"Ecoprogress\" \/>\n<meta property=\"article:modified_time\" content=\"2024-04-29T12:27:46+00:00\" \/>\n<meta property=\"og:image\" content=\"https:\/\/ecoprogress.eu\/wp-content\/uploads\/UTRABALHADA_100_1853.png\" \/>\n\t<meta property=\"og:image:width\" content=\"500\" \/>\n\t<meta property=\"og:image:height\" content=\"751\" \/>\n\t<meta property=\"og:image:type\" content=\"image\/png\" \/>\n<meta name=\"twitter:card\" content=\"summary_large_image\" \/>\n<meta name=\"twitter:label1\" content=\"Gesch\u00e4tzte Lesezeit\" \/>\n\t<meta name=\"twitter:data1\" content=\"2\u00a0Minuten\" \/>\n<script type=\"application\/ld+json\" class=\"yoast-schema-graph\">{\"@context\":\"https:\/\/schema.org\",\"@graph\":[{\"@type\":\"WebPage\",\"@id\":\"https:\/\/ecoprogress.eu\/de\/produkt\/servisny-stojan-typ-08\/\",\"url\":\"https:\/\/ecoprogress.eu\/de\/produkt\/servisny-stojan-typ-08\/\",\"name\":\"Servisn\u00fd stojan typ 08 | Ecoprogress\",\"isPartOf\":{\"@id\":\"https:\/\/ecoprogress.eu\/de\/#website\"},\"primaryImageOfPage\":{\"@id\":\"https:\/\/ecoprogress.eu\/de\/produkt\/servisny-stojan-typ-08\/#primaryimage\"},\"image\":{\"@id\":\"https:\/\/ecoprogress.eu\/de\/produkt\/servisny-stojan-typ-08\/#primaryimage\"},\"thumbnailUrl\":\"https:\/\/ecoprogress.eu\/wp-content\/uploads\/UTRABALHADA_100_1853.png\",\"datePublished\":\"2022-03-22T13:15:56+00:00\",\"dateModified\":\"2024-04-29T12:27:46+00:00\",\"description\":\"Servisn\u00fd stojan typ 08 je samoobslu\u017en\u00e1 oprav\u00e1rensk\u00e1 a um\u00fdvacia stanica pripraven\u00e1 na auton\u00f3mne pou\u017eitie. Obsahuje ve\u0161iak, n\u00e1radie a pumpu.\",\"breadcrumb\":{\"@id\":\"https:\/\/ecoprogress.eu\/de\/produkt\/servisny-stojan-typ-08\/#breadcrumb\"},\"inLanguage\":\"de\",\"potentialAction\":[{\"@type\":\"ReadAction\",\"target\":[\"https:\/\/ecoprogress.eu\/de\/produkt\/servisny-stojan-typ-08\/\"]}]},{\"@type\":\"ImageObject\",\"inLanguage\":\"de\",\"@id\":\"https:\/\/ecoprogress.eu\/de\/produkt\/servisny-stojan-typ-08\/#primaryimage\",\"url\":\"https:\/\/ecoprogress.eu\/wp-content\/uploads\/UTRABALHADA_100_1853.png\",\"contentUrl\":\"https:\/\/ecoprogress.eu\/wp-content\/uploads\/UTRABALHADA_100_1853.png\",\"width\":500,\"height\":751},{\"@type\":\"BreadcrumbList\",\"@id\":\"https:\/\/ecoprogress.eu\/de\/produkt\/servisny-stojan-typ-08\/#breadcrumb\",\"itemListElement\":[{\"@type\":\"ListItem\",\"position\":1,\"name\":\"Produkte\",\"item\":\"https:\/\/ecoprogress.eu\/de\/produkte\/\"},{\"@type\":\"ListItem\",\"position\":2,\"name\":\"Servisn\u00fd stojan typ 08\"}]},{\"@type\":\"WebSite\",\"@id\":\"https:\/\/ecoprogress.eu\/de\/#website\",\"url\":\"https:\/\/ecoprogress.eu\/de\/\",\"name\":\"Ecoprogress\",\"description\":\"\",\"publisher\":{\"@id\":\"https:\/\/ecoprogress.eu\/de\/#organization\"},\"potentialAction\":[{\"@type\":\"SearchAction\",\"target\":{\"@type\":\"EntryPoint\",\"urlTemplate\":\"https:\/\/ecoprogress.eu\/de\/?s={search_term_string}\"},\"query-input\":{\"@type\":\"PropertyValueSpecification\",\"valueRequired\":true,\"valueName\":\"search_term_string\"}}],\"inLanguage\":\"de\"},{\"@type\":\"Organization\",\"@id\":\"https:\/\/ecoprogress.eu\/de\/#organization\",\"name\":\"Ecoprogress\",\"url\":\"https:\/\/ecoprogress.eu\/de\/\",\"logo\":{\"@type\":\"ImageObject\",\"inLanguage\":\"de\",\"@id\":\"https:\/\/ecoprogress.eu\/de\/#\/schema\/logo\/image\/\",\"url\":\"https:\/\/ecoprogress.eu\/wp-content\/uploads\/logo-2.svg\",\"contentUrl\":\"https:\/\/ecoprogress.eu\/wp-content\/uploads\/logo-2.svg\",\"width\":318,\"height\":349,\"caption\":\"Ecoprogress\"},\"image\":{\"@id\":\"https:\/\/ecoprogress.eu\/de\/#\/schema\/logo\/image\/\"}}]}<\/script>\n<!-- \/ Yoast SEO plugin. -->","yoast_head_json":{"title":"Servisn\u00fd stojan typ 08 | Ecoprogress","description":"Servisn\u00fd stojan typ 08 je samoobslu\u017en\u00e1 oprav\u00e1rensk\u00e1 a um\u00fdvacia stanica pripraven\u00e1 na auton\u00f3mne pou\u017eitie. Obsahuje ve\u0161iak, n\u00e1radie a pumpu.","robots":{"index":"index","follow":"follow","max-snippet":"max-snippet:-1","max-image-preview":"max-image-preview:large","max-video-preview":"max-video-preview:-1"},"canonical":"https:\/\/ecoprogress.eu\/de\/produkt\/servisny-stojan-typ-08\/","og_locale":"de_DE","og_type":"article","og_title":"Servisn\u00fd stojan typ 08 | Ecoprogress","og_description":"Servisn\u00fd stojan typ 08 je samoobslu\u017en\u00e1 oprav\u00e1rensk\u00e1 a um\u00fdvacia stanica pripraven\u00e1 na auton\u00f3mne pou\u017eitie. Obsahuje ve\u0161iak, n\u00e1radie a pumpu.","og_url":"https:\/\/ecoprogress.eu\/de\/produkt\/servisny-stojan-typ-08\/","og_site_name":"Ecoprogress","article_modified_time":"2024-04-29T12:27:46+00:00","og_image":[{"width":500,"height":751,"url":"https:\/\/ecoprogress.eu\/wp-content\/uploads\/UTRABALHADA_100_1853.png","type":"image\/png"}],"twitter_card":"summary_large_image","twitter_misc":{"Gesch\u00e4tzte Lesezeit":"2\u00a0Minuten"},"schema":{"@context":"https:\/\/schema.org","@graph":[{"@type":"WebPage","@id":"https:\/\/ecoprogress.eu\/de\/produkt\/servisny-stojan-typ-08\/","url":"https:\/\/ecoprogress.eu\/de\/produkt\/servisny-stojan-typ-08\/","name":"Servisn\u00fd stojan typ 08 | Ecoprogress","isPartOf":{"@id":"https:\/\/ecoprogress.eu\/de\/#website"},"primaryImageOfPage":{"@id":"https:\/\/ecoprogress.eu\/de\/produkt\/servisny-stojan-typ-08\/#primaryimage"},"image":{"@id":"https:\/\/ecoprogress.eu\/de\/produkt\/servisny-stojan-typ-08\/#primaryimage"},"thumbnailUrl":"https:\/\/ecoprogress.eu\/wp-content\/uploads\/UTRABALHADA_100_1853.png","datePublished":"2022-03-22T13:15:56+00:00","dateModified":"2024-04-29T12:27:46+00:00","description":"Servisn\u00fd stojan typ 08 je samoobslu\u017en\u00e1 oprav\u00e1rensk\u00e1 a um\u00fdvacia stanica pripraven\u00e1 na auton\u00f3mne pou\u017eitie. Obsahuje ve\u0161iak, n\u00e1radie a pumpu.","breadcrumb":{"@id":"https:\/\/ecoprogress.eu\/de\/produkt\/servisny-stojan-typ-08\/#breadcrumb"},"inLanguage":"de","potentialAction":[{"@type":"ReadAction","target":["https:\/\/ecoprogress.eu\/de\/produkt\/servisny-stojan-typ-08\/"]}]},{"@type":"ImageObject","inLanguage":"de","@id":"https:\/\/ecoprogress.eu\/de\/produkt\/servisny-stojan-typ-08\/#primaryimage","url":"https:\/\/ecoprogress.eu\/wp-content\/uploads\/UTRABALHADA_100_1853.png","contentUrl":"https:\/\/ecoprogress.eu\/wp-content\/uploads\/UTRABALHADA_100_1853.png","width":500,"height":751},{"@type":"BreadcrumbList","@id":"https:\/\/ecoprogress.eu\/de\/produkt\/servisny-stojan-typ-08\/#breadcrumb","itemListElement":[{"@type":"ListItem","position":1,"name":"Produkte","item":"https:\/\/ecoprogress.eu\/de\/produkte\/"},{"@type":"ListItem","position":2,"name":"Servisn\u00fd stojan typ 08"}]},{"@type":"WebSite","@id":"https:\/\/ecoprogress.eu\/de\/#website","url":"https:\/\/ecoprogress.eu\/de\/","name":"Ecoprogress","description":"","publisher":{"@id":"https:\/\/ecoprogress.eu\/de\/#organization"},"potentialAction":[{"@type":"SearchAction","target":{"@type":"EntryPoint","urlTemplate":"https:\/\/ecoprogress.eu\/de\/?s={search_term_string}"},"query-input":{"@type":"PropertyValueSpecification","valueRequired":true,"valueName":"search_term_string"}}],"inLanguage":"de"},{"@type":"Organization","@id":"https:\/\/ecoprogress.eu\/de\/#organization","name":"Ecoprogress","url":"https:\/\/ecoprogress.eu\/de\/","logo":{"@type":"ImageObject","inLanguage":"de","@id":"https:\/\/ecoprogress.eu\/de\/#\/schema\/logo\/image\/","url":"https:\/\/ecoprogress.eu\/wp-content\/uploads\/logo-2.svg","contentUrl":"https:\/\/ecoprogress.eu\/wp-content\/uploads\/logo-2.svg","width":318,"height":349,"caption":"Ecoprogress"},"image":{"@id":"https:\/\/ecoprogress.eu\/de\/#\/schema\/logo\/image\/"}}]}},"_links":{"self":[{"href":"https:\/\/ecoprogress.eu\/de\/wp-json\/wp\/v2\/product\/10719","targetHints":{"allow":["GET"]}}],"collection":[{"href":"https:\/\/ecoprogress.eu\/de\/wp-json\/wp\/v2\/product"}],"about":[{"href":"https:\/\/ecoprogress.eu\/de\/wp-json\/wp\/v2\/types\/product"}],"version-history":[{"count":1,"href":"https:\/\/ecoprogress.eu\/de\/wp-json\/wp\/v2\/product\/10719\/revisions"}],"predecessor-version":[{"id":52907,"href":"https:\/\/ecoprogress.eu\/de\/wp-json\/wp\/v2\/product\/10719\/revisions\/52907"}],"wp:featuredmedia":[{"embeddable":true,"href":"https:\/\/ecoprogress.eu\/de\/wp-json\/wp\/v2\/media\/10765"}],"wp:attachment":[{"href":"https:\/\/ecoprogress.eu\/de\/wp-json\/wp\/v2\/media?parent=10719"}],"wp:term":[{"taxonomy":"product_brand","embeddable":true,"href":"https:\/\/ecoprogress.eu\/de\/wp-json\/wp\/v2\/product_brand?post=10719"},{"taxonomy":"product_cat","embeddable":true,"href":"https:\/\/ecoprogress.eu\/de\/wp-json\/wp\/v2\/product_cat?post=10719"},{"taxonomy":"product_tag","embeddable":true,"href":"https:\/\/ecoprogress.eu\/de\/wp-json\/wp\/v2\/product_tag?post=10719"}],"curies":[{"name":"wp","href":"https:\/\/api.w.org\/{rel}","templated":true}]}}