{"id":11615,"date":"2022-04-12T10:35:49","date_gmt":"2022-04-12T08:35:49","guid":{"rendered":"https:\/\/ecoprogress.eu\/?post_type=product&#038;p=11615"},"modified":"2025-04-09T15:53:52","modified_gmt":"2025-04-09T13:53:52","slug":"blokovaci-stlp-typ-02","status":"publish","type":"product","link":"https:\/\/ecoprogress.eu\/de\/produkt\/blokovaci-stlp-typ-02\/","title":{"rendered":"Blokovac\u00ed st\u013ap typ 02"},"content":{"rendered":"<ul>\n<li>mont\u00e1\u017ene skrutky s\u00fa\u010das\u0165ou balenia<\/li>\n<li>galvanizovan\u00fd a lakovan\u00fd interlockov\u00fd n\u00e1ter<\/li>\n<li>2-ro\u010dn\u00e1 z\u00e1ruka v\u00fdrobcu<\/li>\n<li>gumen\u00e9 n\u00e1razn\u00edky, aby nedo\u0161lo k po\u0161kodeniu z\u00e1mku<\/li>\n<li>vr\u00e1tane 2 k\u013e\u00fa\u010dov<\/li>\n<\/ul>\n<p>Dodanie 4-6 t\u00fd\u017ed\u0148ov (pod\u013ea stavu skladov\u00fdch z\u00e1sob)<\/p>\n\n<table id=\"tablepress-307\" class=\"tablepress tablepress-id-307\">\n<tbody class=\"row-striping row-hover\">\n<tr class=\"row-1\">\n\t<td class=\"column-1\">v\u00fd\u0161ka<\/td><td class=\"column-2\">80 cm<\/td>\n<\/tr>\n<tr class=\"row-2\">\n\t<td class=\"column-1\">stopa<\/td><td class=\"column-2\">200 x 200 x 5 mm<\/td>\n<\/tr>\n<tr class=\"row-3\">\n\t<td class=\"column-1\">materi\u00e1l<\/td><td class=\"column-2\">oce\u013e pozinkovan\u00e1 aj malovan\u00e1<\/td>\n<\/tr>\n<tr class=\"row-4\">\n\t<td class=\"column-1\">system zamykania<\/td><td class=\"column-2\">na k\u013e\u00fa\u010d alebo vysiaci z\u00e1mok<\/td>\n<\/tr>\n<tr class=\"row-5\">\n\t<td class=\"column-1\">profil<\/td><td class=\"column-2\">50 x 50 x 2mm<\/td>\n<\/tr>\n<tr class=\"row-6\">\n\t<td class=\"column-1\">ukotvenie<\/td><td class=\"column-2\">4 rozporov\u00e9 skrutky \u00d8 12 x 60 mm, 8 x 80mm<\/td>\n<\/tr>\n<\/tbody>\n<\/table>\n<!-- #tablepress-307 from cache -->\n","protected":false},"excerpt":{"rendered":"<p>Blokovac\u00ed st\u013ap typ 2 je \u0161tandardne vybaven\u00fd samozamykac\u00edm z\u00e1mkom (2 k\u013e\u00fa\u010de s\u00fa s\u00fa\u010das\u0165ou balenia) a vybaven\u00fd z\u00e1tkou zabra\u0148uj\u00facou vniknutiu ne\u010dist\u00f4t do vn\u00fatra z\u00e1mku. Dostupn\u00fd je aj vo verzi\u00ed s uz\u00e1verom na visiaci z\u00e1mok. Je chr\u00e1nen\u00fd vrstvou zinku a pr\u00e1\u0161kovou farbou. Blok\u00e1da m\u00e1 n\u00e1razn\u00edky, aby sa zabr\u00e1nilo otlakom a po\u0161kodeniu zinkovej a lakovej vrstvy.<\/p>\n","protected":false},"featured_media":11765,"template":"","meta":[],"product_brand":[],"product_cat":[268],"product_tag":[],"class_list":{"0":"post-11615","1":"product","2":"type-product","3":"status-publish","4":"has-post-thumbnail","6":"product_cat-cestna-architektura","7":"product_shipping_class-stojany","9":"first","10":"instock","11":"taxable","12":"shipping-taxable","13":"purchasable","14":"product-type-variable"},"yoast_head":"<!-- This site is optimized with the Yoast SEO plugin v27.2 - https:\/\/yoast.com\/product\/yoast-seo-wordpress\/ -->\n<title>Blokovac\u00ed st\u013ap typ 02 | Ecoprogress<\/title>\n<meta name=\"description\" content=\"Blokovac\u00ed st\u013ap typ 02 je\u00a0 \u0161tandardne vybaven\u00fd samozamykac\u00edm z\u00e1mkom vybaven\u00fd z\u00e1tkou zabra\u0148uj\u00facou vniknutiu ne\u010dist\u00f4t do vn\u00fatra z\u00e1mku.\" \/>\n<meta name=\"robots\" content=\"index, follow, max-snippet:-1, max-image-preview:large, max-video-preview:-1\" \/>\n<link rel=\"canonical\" href=\"https:\/\/ecoprogress.eu\/de\/produkt\/blokovaci-stlp-typ-02\/\" \/>\n<meta property=\"og:locale\" content=\"de_DE\" \/>\n<meta property=\"og:type\" content=\"article\" \/>\n<meta property=\"og:title\" content=\"Blokovac\u00ed st\u013ap typ 02 | Ecoprogress\" \/>\n<meta property=\"og:description\" content=\"Blokovac\u00ed st\u013ap typ 02 je\u00a0 \u0161tandardne vybaven\u00fd samozamykac\u00edm z\u00e1mkom vybaven\u00fd z\u00e1tkou zabra\u0148uj\u00facou vniknutiu ne\u010dist\u00f4t do vn\u00fatra z\u00e1mku.\" \/>\n<meta property=\"og:url\" content=\"https:\/\/ecoprogress.eu\/de\/produkt\/blokovaci-stlp-typ-02\/\" \/>\n<meta property=\"og:site_name\" content=\"Ecoprogress\" \/>\n<meta property=\"article:modified_time\" content=\"2025-04-09T13:53:52+00:00\" \/>\n<meta property=\"og:image\" content=\"https:\/\/ecoprogress.eu\/wp-content\/uploads\/blokovacistlp2.jpg\" \/>\n\t<meta property=\"og:image:width\" content=\"800\" \/>\n\t<meta property=\"og:image:height\" content=\"600\" \/>\n\t<meta property=\"og:image:type\" content=\"image\/jpeg\" \/>\n<meta name=\"twitter:card\" content=\"summary_large_image\" \/>\n<meta name=\"twitter:label1\" content=\"Gesch\u00e4tzte Lesezeit\" \/>\n\t<meta name=\"twitter:data1\" content=\"1\u00a0Minute\" \/>\n<script type=\"application\/ld+json\" class=\"yoast-schema-graph\">{\"@context\":\"https:\/\/schema.org\",\"@graph\":[{\"@type\":\"WebPage\",\"@id\":\"https:\/\/ecoprogress.eu\/de\/produkt\/blokovaci-stlp-typ-02\/\",\"url\":\"https:\/\/ecoprogress.eu\/de\/produkt\/blokovaci-stlp-typ-02\/\",\"name\":\"Blokovac\u00ed st\u013ap typ 02 | Ecoprogress\",\"isPartOf\":{\"@id\":\"https:\/\/ecoprogress.eu\/de\/#website\"},\"primaryImageOfPage\":{\"@id\":\"https:\/\/ecoprogress.eu\/de\/produkt\/blokovaci-stlp-typ-02\/#primaryimage\"},\"image\":{\"@id\":\"https:\/\/ecoprogress.eu\/de\/produkt\/blokovaci-stlp-typ-02\/#primaryimage\"},\"thumbnailUrl\":\"https:\/\/ecoprogress.eu\/wp-content\/uploads\/blokovacistlp2.jpg\",\"datePublished\":\"2022-04-12T08:35:49+00:00\",\"dateModified\":\"2025-04-09T13:53:52+00:00\",\"description\":\"Blokovac\u00ed st\u013ap typ 02 je\u00a0 \u0161tandardne vybaven\u00fd samozamykac\u00edm z\u00e1mkom vybaven\u00fd z\u00e1tkou zabra\u0148uj\u00facou vniknutiu ne\u010dist\u00f4t do vn\u00fatra z\u00e1mku.\",\"breadcrumb\":{\"@id\":\"https:\/\/ecoprogress.eu\/de\/produkt\/blokovaci-stlp-typ-02\/#breadcrumb\"},\"inLanguage\":\"de\",\"potentialAction\":[{\"@type\":\"ReadAction\",\"target\":[\"https:\/\/ecoprogress.eu\/de\/produkt\/blokovaci-stlp-typ-02\/\"]}]},{\"@type\":\"ImageObject\",\"inLanguage\":\"de\",\"@id\":\"https:\/\/ecoprogress.eu\/de\/produkt\/blokovaci-stlp-typ-02\/#primaryimage\",\"url\":\"https:\/\/ecoprogress.eu\/wp-content\/uploads\/blokovacistlp2.jpg\",\"contentUrl\":\"https:\/\/ecoprogress.eu\/wp-content\/uploads\/blokovacistlp2.jpg\",\"width\":800,\"height\":600},{\"@type\":\"BreadcrumbList\",\"@id\":\"https:\/\/ecoprogress.eu\/de\/produkt\/blokovaci-stlp-typ-02\/#breadcrumb\",\"itemListElement\":[{\"@type\":\"ListItem\",\"position\":1,\"name\":\"Produkte\",\"item\":\"https:\/\/ecoprogress.eu\/de\/produkte\/\"},{\"@type\":\"ListItem\",\"position\":2,\"name\":\"Blokovac\u00ed st\u013ap typ 02\"}]},{\"@type\":\"WebSite\",\"@id\":\"https:\/\/ecoprogress.eu\/de\/#website\",\"url\":\"https:\/\/ecoprogress.eu\/de\/\",\"name\":\"Ecoprogress\",\"description\":\"\",\"publisher\":{\"@id\":\"https:\/\/ecoprogress.eu\/de\/#organization\"},\"potentialAction\":[{\"@type\":\"SearchAction\",\"target\":{\"@type\":\"EntryPoint\",\"urlTemplate\":\"https:\/\/ecoprogress.eu\/de\/?s={search_term_string}\"},\"query-input\":{\"@type\":\"PropertyValueSpecification\",\"valueRequired\":true,\"valueName\":\"search_term_string\"}}],\"inLanguage\":\"de\"},{\"@type\":\"Organization\",\"@id\":\"https:\/\/ecoprogress.eu\/de\/#organization\",\"name\":\"Ecoprogress\",\"url\":\"https:\/\/ecoprogress.eu\/de\/\",\"logo\":{\"@type\":\"ImageObject\",\"inLanguage\":\"de\",\"@id\":\"https:\/\/ecoprogress.eu\/de\/#\/schema\/logo\/image\/\",\"url\":\"https:\/\/ecoprogress.eu\/wp-content\/uploads\/logo-2.svg\",\"contentUrl\":\"https:\/\/ecoprogress.eu\/wp-content\/uploads\/logo-2.svg\",\"width\":318,\"height\":349,\"caption\":\"Ecoprogress\"},\"image\":{\"@id\":\"https:\/\/ecoprogress.eu\/de\/#\/schema\/logo\/image\/\"}}]}<\/script>\n<!-- \/ Yoast SEO plugin. -->","yoast_head_json":{"title":"Blokovac\u00ed st\u013ap typ 02 | Ecoprogress","description":"Blokovac\u00ed st\u013ap typ 02 je\u00a0 \u0161tandardne vybaven\u00fd samozamykac\u00edm z\u00e1mkom vybaven\u00fd z\u00e1tkou zabra\u0148uj\u00facou vniknutiu ne\u010dist\u00f4t do vn\u00fatra z\u00e1mku.","robots":{"index":"index","follow":"follow","max-snippet":"max-snippet:-1","max-image-preview":"max-image-preview:large","max-video-preview":"max-video-preview:-1"},"canonical":"https:\/\/ecoprogress.eu\/de\/produkt\/blokovaci-stlp-typ-02\/","og_locale":"de_DE","og_type":"article","og_title":"Blokovac\u00ed st\u013ap typ 02 | Ecoprogress","og_description":"Blokovac\u00ed st\u013ap typ 02 je\u00a0 \u0161tandardne vybaven\u00fd samozamykac\u00edm z\u00e1mkom vybaven\u00fd z\u00e1tkou zabra\u0148uj\u00facou vniknutiu ne\u010dist\u00f4t do vn\u00fatra z\u00e1mku.","og_url":"https:\/\/ecoprogress.eu\/de\/produkt\/blokovaci-stlp-typ-02\/","og_site_name":"Ecoprogress","article_modified_time":"2025-04-09T13:53:52+00:00","og_image":[{"width":800,"height":600,"url":"https:\/\/ecoprogress.eu\/wp-content\/uploads\/blokovacistlp2.jpg","type":"image\/jpeg"}],"twitter_card":"summary_large_image","twitter_misc":{"Gesch\u00e4tzte Lesezeit":"1\u00a0Minute"},"schema":{"@context":"https:\/\/schema.org","@graph":[{"@type":"WebPage","@id":"https:\/\/ecoprogress.eu\/de\/produkt\/blokovaci-stlp-typ-02\/","url":"https:\/\/ecoprogress.eu\/de\/produkt\/blokovaci-stlp-typ-02\/","name":"Blokovac\u00ed st\u013ap typ 02 | Ecoprogress","isPartOf":{"@id":"https:\/\/ecoprogress.eu\/de\/#website"},"primaryImageOfPage":{"@id":"https:\/\/ecoprogress.eu\/de\/produkt\/blokovaci-stlp-typ-02\/#primaryimage"},"image":{"@id":"https:\/\/ecoprogress.eu\/de\/produkt\/blokovaci-stlp-typ-02\/#primaryimage"},"thumbnailUrl":"https:\/\/ecoprogress.eu\/wp-content\/uploads\/blokovacistlp2.jpg","datePublished":"2022-04-12T08:35:49+00:00","dateModified":"2025-04-09T13:53:52+00:00","description":"Blokovac\u00ed st\u013ap typ 02 je\u00a0 \u0161tandardne vybaven\u00fd samozamykac\u00edm z\u00e1mkom vybaven\u00fd z\u00e1tkou zabra\u0148uj\u00facou vniknutiu ne\u010dist\u00f4t do vn\u00fatra z\u00e1mku.","breadcrumb":{"@id":"https:\/\/ecoprogress.eu\/de\/produkt\/blokovaci-stlp-typ-02\/#breadcrumb"},"inLanguage":"de","potentialAction":[{"@type":"ReadAction","target":["https:\/\/ecoprogress.eu\/de\/produkt\/blokovaci-stlp-typ-02\/"]}]},{"@type":"ImageObject","inLanguage":"de","@id":"https:\/\/ecoprogress.eu\/de\/produkt\/blokovaci-stlp-typ-02\/#primaryimage","url":"https:\/\/ecoprogress.eu\/wp-content\/uploads\/blokovacistlp2.jpg","contentUrl":"https:\/\/ecoprogress.eu\/wp-content\/uploads\/blokovacistlp2.jpg","width":800,"height":600},{"@type":"BreadcrumbList","@id":"https:\/\/ecoprogress.eu\/de\/produkt\/blokovaci-stlp-typ-02\/#breadcrumb","itemListElement":[{"@type":"ListItem","position":1,"name":"Produkte","item":"https:\/\/ecoprogress.eu\/de\/produkte\/"},{"@type":"ListItem","position":2,"name":"Blokovac\u00ed st\u013ap typ 02"}]},{"@type":"WebSite","@id":"https:\/\/ecoprogress.eu\/de\/#website","url":"https:\/\/ecoprogress.eu\/de\/","name":"Ecoprogress","description":"","publisher":{"@id":"https:\/\/ecoprogress.eu\/de\/#organization"},"potentialAction":[{"@type":"SearchAction","target":{"@type":"EntryPoint","urlTemplate":"https:\/\/ecoprogress.eu\/de\/?s={search_term_string}"},"query-input":{"@type":"PropertyValueSpecification","valueRequired":true,"valueName":"search_term_string"}}],"inLanguage":"de"},{"@type":"Organization","@id":"https:\/\/ecoprogress.eu\/de\/#organization","name":"Ecoprogress","url":"https:\/\/ecoprogress.eu\/de\/","logo":{"@type":"ImageObject","inLanguage":"de","@id":"https:\/\/ecoprogress.eu\/de\/#\/schema\/logo\/image\/","url":"https:\/\/ecoprogress.eu\/wp-content\/uploads\/logo-2.svg","contentUrl":"https:\/\/ecoprogress.eu\/wp-content\/uploads\/logo-2.svg","width":318,"height":349,"caption":"Ecoprogress"},"image":{"@id":"https:\/\/ecoprogress.eu\/de\/#\/schema\/logo\/image\/"}}]}},"_links":{"self":[{"href":"https:\/\/ecoprogress.eu\/de\/wp-json\/wp\/v2\/product\/11615","targetHints":{"allow":["GET"]}}],"collection":[{"href":"https:\/\/ecoprogress.eu\/de\/wp-json\/wp\/v2\/product"}],"about":[{"href":"https:\/\/ecoprogress.eu\/de\/wp-json\/wp\/v2\/types\/product"}],"version-history":[{"count":1,"href":"https:\/\/ecoprogress.eu\/de\/wp-json\/wp\/v2\/product\/11615\/revisions"}],"predecessor-version":[{"id":59675,"href":"https:\/\/ecoprogress.eu\/de\/wp-json\/wp\/v2\/product\/11615\/revisions\/59675"}],"wp:featuredmedia":[{"embeddable":true,"href":"https:\/\/ecoprogress.eu\/de\/wp-json\/wp\/v2\/media\/11765"}],"wp:attachment":[{"href":"https:\/\/ecoprogress.eu\/de\/wp-json\/wp\/v2\/media?parent=11615"}],"wp:term":[{"taxonomy":"product_brand","embeddable":true,"href":"https:\/\/ecoprogress.eu\/de\/wp-json\/wp\/v2\/product_brand?post=11615"},{"taxonomy":"product_cat","embeddable":true,"href":"https:\/\/ecoprogress.eu\/de\/wp-json\/wp\/v2\/product_cat?post=11615"},{"taxonomy":"product_tag","embeddable":true,"href":"https:\/\/ecoprogress.eu\/de\/wp-json\/wp\/v2\/product_tag?post=11615"}],"curies":[{"name":"wp","href":"https:\/\/api.w.org\/{rel}","templated":true}]}}