{"id":12735,"date":"2022-05-04T15:02:30","date_gmt":"2022-05-04T13:02:30","guid":{"rendered":"https:\/\/ecoprogress.eu\/?post_type=product&#038;p=12735"},"modified":"2025-05-14T11:20:01","modified_gmt":"2025-05-14T09:20:01","slug":"stojan-na-kolobezky-typ-15","status":"publish","type":"product","link":"https:\/\/ecoprogress.eu\/de\/produkt\/stojan-na-kolobezky-typ-15\/","title":{"rendered":"Stojan na kolobe\u017eky typ 15"},"content":{"rendered":"<p>Dodanie 4-6 t\u00fd\u017ed\u0148ov (pod\u013ea stavu skladov\u00fdch z\u00e1sob)<\/p>\n\n<table id=\"tablepress-333\" class=\"tablepress tablepress-id-333\">\n<tbody class=\"row-striping row-hover\">\n<tr class=\"row-1\">\n\t<td class=\"column-1\">po\u010det stanov\u00edsk<\/td><td class=\"column-2\">10<\/td>\n<\/tr>\n<tr class=\"row-2\">\n\t<td class=\"column-1\">\u0161\u00edrka<\/td><td class=\"column-2\">155 cm<\/td>\n<\/tr>\n<tr class=\"row-3\">\n\t<td class=\"column-1\">v\u00fd\u0161ka<\/td><td class=\"column-2\">60 cm<\/td>\n<\/tr>\n<tr class=\"row-4\">\n\t<td class=\"column-1\">priestor medzi stanoviskami<\/td><td class=\"column-2\">30 cm<\/td>\n<\/tr>\n<tr class=\"row-5\">\n\t<td class=\"column-1\">materi\u00e1l<\/td><td class=\"column-2\">oce\u013e nehdzavej\u00faca, oce\u013e pozinkovan\u00e1 a malovan\u00e1<\/td>\n<\/tr>\n<tr class=\"row-6\">\n\t<td class=\"column-1\">\u0161pecifik\u00e1cia<\/td><td class=\"column-2\">vodotesn\u00e1 panelov\u00e1 z\u00e1suvka s poklopom PCE, vodotesn\u00e1 trieda IP-44, 2,5 mm uzemnen\u00fd k\u00e1bel, nab\u00edjac\u00ed v\u00fdkon 3,6 KW (nomin\u00e1lny dlhodob\u00fd v\u00fdkon celej stanice), jednof\u00e1zov\u00e9 nap\u00e1janie<\/td>\n<\/tr>\n<tr class=\"row-7\">\n\t<td class=\"column-1\">ukotvenie<\/td><td class=\"column-2\">skrutkami alebo zabet\u00f3novan\u00edm<\/td>\n<\/tr>\n<\/tbody>\n<\/table>\n<!-- #tablepress-333 from cache -->\n","protected":false},"excerpt":{"rendered":"<p>Stojan na kolobe\u017eky typ 15\u00a0s 10 parkovac\u00edmi miestami a s 12 nab\u00edjac\u00edmi z\u00e1suvkami. Mo\u017enos\u0165 v\u00fdberu druhu ocele a farby. Stojan umo\u017e\u0148uje upevni\u0165 kolobe\u017eky a chr\u00e1ni\u0165 ich pred kr\u00e1de\u017eou.<\/p>\n","protected":false},"featured_media":12794,"template":"","meta":[],"product_brand":[],"product_cat":[330],"product_tag":[],"class_list":{"0":"post-12735","1":"product","2":"type-product","3":"status-publish","4":"has-post-thumbnail","6":"product_cat-elektricke-nabijacie-stanice","7":"product_shipping_class-stojany","9":"first","10":"instock","11":"taxable","12":"shipping-taxable","13":"purchasable","14":"product-type-variable"},"yoast_head":"<!-- This site is optimized with the Yoast SEO plugin v27.2 - https:\/\/yoast.com\/product\/yoast-seo-wordpress\/ -->\n<title>Stojan na kolobe\u017eky typ 15 | Ecoprogress<\/title>\n<meta name=\"description\" content=\"Stojan na kolobe\u017eky typ 15\u00a0s 10 parkovac\u00edmi miestami a s 12 nab\u00edjac\u00edmi z\u00e1suvkami. Mo\u017enos\u0165 v\u00fdberu druhu ocele a farby.\" \/>\n<meta name=\"robots\" content=\"index, follow, max-snippet:-1, max-image-preview:large, max-video-preview:-1\" \/>\n<link rel=\"canonical\" href=\"https:\/\/ecoprogress.eu\/de\/produkt\/stojan-na-kolobezky-typ-15\/\" \/>\n<meta property=\"og:locale\" content=\"de_DE\" \/>\n<meta property=\"og:type\" content=\"article\" \/>\n<meta property=\"og:title\" content=\"Stojan na kolobe\u017eky typ 15 | Ecoprogress\" \/>\n<meta property=\"og:description\" content=\"Stojan na kolobe\u017eky typ 15\u00a0s 10 parkovac\u00edmi miestami a s 12 nab\u00edjac\u00edmi z\u00e1suvkami. Mo\u017enos\u0165 v\u00fdberu druhu ocele a farby.\" \/>\n<meta property=\"og:url\" content=\"https:\/\/ecoprogress.eu\/de\/produkt\/stojan-na-kolobezky-typ-15\/\" \/>\n<meta property=\"og:site_name\" content=\"Ecoprogress\" \/>\n<meta property=\"article:modified_time\" content=\"2025-05-14T09:20:01+00:00\" \/>\n<meta property=\"og:image\" content=\"https:\/\/ecoprogress.eu\/wp-content\/uploads\/kolobezka15-.jpg\" \/>\n\t<meta property=\"og:image:width\" content=\"800\" \/>\n\t<meta property=\"og:image:height\" content=\"600\" \/>\n\t<meta property=\"og:image:type\" content=\"image\/jpeg\" \/>\n<meta name=\"twitter:card\" content=\"summary_large_image\" \/>\n<meta name=\"twitter:label1\" content=\"Gesch\u00e4tzte Lesezeit\" \/>\n\t<meta name=\"twitter:data1\" content=\"1\u00a0Minute\" \/>\n<script type=\"application\/ld+json\" class=\"yoast-schema-graph\">{\"@context\":\"https:\/\/schema.org\",\"@graph\":[{\"@type\":\"WebPage\",\"@id\":\"https:\/\/ecoprogress.eu\/de\/produkt\/stojan-na-kolobezky-typ-15\/\",\"url\":\"https:\/\/ecoprogress.eu\/de\/produkt\/stojan-na-kolobezky-typ-15\/\",\"name\":\"Stojan na kolobe\u017eky typ 15 | Ecoprogress\",\"isPartOf\":{\"@id\":\"https:\/\/ecoprogress.eu\/de\/#website\"},\"primaryImageOfPage\":{\"@id\":\"https:\/\/ecoprogress.eu\/de\/produkt\/stojan-na-kolobezky-typ-15\/#primaryimage\"},\"image\":{\"@id\":\"https:\/\/ecoprogress.eu\/de\/produkt\/stojan-na-kolobezky-typ-15\/#primaryimage\"},\"thumbnailUrl\":\"https:\/\/ecoprogress.eu\/wp-content\/uploads\/kolobezka15-.jpg\",\"datePublished\":\"2022-05-04T13:02:30+00:00\",\"dateModified\":\"2025-05-14T09:20:01+00:00\",\"description\":\"Stojan na kolobe\u017eky typ 15\u00a0s 10 parkovac\u00edmi miestami a s 12 nab\u00edjac\u00edmi z\u00e1suvkami. Mo\u017enos\u0165 v\u00fdberu druhu ocele a farby.\",\"breadcrumb\":{\"@id\":\"https:\/\/ecoprogress.eu\/de\/produkt\/stojan-na-kolobezky-typ-15\/#breadcrumb\"},\"inLanguage\":\"de\",\"potentialAction\":[{\"@type\":\"ReadAction\",\"target\":[\"https:\/\/ecoprogress.eu\/de\/produkt\/stojan-na-kolobezky-typ-15\/\"]}]},{\"@type\":\"ImageObject\",\"inLanguage\":\"de\",\"@id\":\"https:\/\/ecoprogress.eu\/de\/produkt\/stojan-na-kolobezky-typ-15\/#primaryimage\",\"url\":\"https:\/\/ecoprogress.eu\/wp-content\/uploads\/kolobezka15-.jpg\",\"contentUrl\":\"https:\/\/ecoprogress.eu\/wp-content\/uploads\/kolobezka15-.jpg\",\"width\":800,\"height\":600},{\"@type\":\"BreadcrumbList\",\"@id\":\"https:\/\/ecoprogress.eu\/de\/produkt\/stojan-na-kolobezky-typ-15\/#breadcrumb\",\"itemListElement\":[{\"@type\":\"ListItem\",\"position\":1,\"name\":\"Produkte\",\"item\":\"https:\/\/ecoprogress.eu\/de\/produkte\/\"},{\"@type\":\"ListItem\",\"position\":2,\"name\":\"Stojan na kolobe\u017eky typ 15\"}]},{\"@type\":\"WebSite\",\"@id\":\"https:\/\/ecoprogress.eu\/de\/#website\",\"url\":\"https:\/\/ecoprogress.eu\/de\/\",\"name\":\"Ecoprogress\",\"description\":\"\",\"publisher\":{\"@id\":\"https:\/\/ecoprogress.eu\/de\/#organization\"},\"potentialAction\":[{\"@type\":\"SearchAction\",\"target\":{\"@type\":\"EntryPoint\",\"urlTemplate\":\"https:\/\/ecoprogress.eu\/de\/?s={search_term_string}\"},\"query-input\":{\"@type\":\"PropertyValueSpecification\",\"valueRequired\":true,\"valueName\":\"search_term_string\"}}],\"inLanguage\":\"de\"},{\"@type\":\"Organization\",\"@id\":\"https:\/\/ecoprogress.eu\/de\/#organization\",\"name\":\"Ecoprogress\",\"url\":\"https:\/\/ecoprogress.eu\/de\/\",\"logo\":{\"@type\":\"ImageObject\",\"inLanguage\":\"de\",\"@id\":\"https:\/\/ecoprogress.eu\/de\/#\/schema\/logo\/image\/\",\"url\":\"https:\/\/ecoprogress.eu\/wp-content\/uploads\/logo-2.svg\",\"contentUrl\":\"https:\/\/ecoprogress.eu\/wp-content\/uploads\/logo-2.svg\",\"width\":318,\"height\":349,\"caption\":\"Ecoprogress\"},\"image\":{\"@id\":\"https:\/\/ecoprogress.eu\/de\/#\/schema\/logo\/image\/\"}}]}<\/script>\n<!-- \/ Yoast SEO plugin. -->","yoast_head_json":{"title":"Stojan na kolobe\u017eky typ 15 | Ecoprogress","description":"Stojan na kolobe\u017eky typ 15\u00a0s 10 parkovac\u00edmi miestami a s 12 nab\u00edjac\u00edmi z\u00e1suvkami. Mo\u017enos\u0165 v\u00fdberu druhu ocele a farby.","robots":{"index":"index","follow":"follow","max-snippet":"max-snippet:-1","max-image-preview":"max-image-preview:large","max-video-preview":"max-video-preview:-1"},"canonical":"https:\/\/ecoprogress.eu\/de\/produkt\/stojan-na-kolobezky-typ-15\/","og_locale":"de_DE","og_type":"article","og_title":"Stojan na kolobe\u017eky typ 15 | Ecoprogress","og_description":"Stojan na kolobe\u017eky typ 15\u00a0s 10 parkovac\u00edmi miestami a s 12 nab\u00edjac\u00edmi z\u00e1suvkami. Mo\u017enos\u0165 v\u00fdberu druhu ocele a farby.","og_url":"https:\/\/ecoprogress.eu\/de\/produkt\/stojan-na-kolobezky-typ-15\/","og_site_name":"Ecoprogress","article_modified_time":"2025-05-14T09:20:01+00:00","og_image":[{"width":800,"height":600,"url":"https:\/\/ecoprogress.eu\/wp-content\/uploads\/kolobezka15-.jpg","type":"image\/jpeg"}],"twitter_card":"summary_large_image","twitter_misc":{"Gesch\u00e4tzte Lesezeit":"1\u00a0Minute"},"schema":{"@context":"https:\/\/schema.org","@graph":[{"@type":"WebPage","@id":"https:\/\/ecoprogress.eu\/de\/produkt\/stojan-na-kolobezky-typ-15\/","url":"https:\/\/ecoprogress.eu\/de\/produkt\/stojan-na-kolobezky-typ-15\/","name":"Stojan na kolobe\u017eky typ 15 | Ecoprogress","isPartOf":{"@id":"https:\/\/ecoprogress.eu\/de\/#website"},"primaryImageOfPage":{"@id":"https:\/\/ecoprogress.eu\/de\/produkt\/stojan-na-kolobezky-typ-15\/#primaryimage"},"image":{"@id":"https:\/\/ecoprogress.eu\/de\/produkt\/stojan-na-kolobezky-typ-15\/#primaryimage"},"thumbnailUrl":"https:\/\/ecoprogress.eu\/wp-content\/uploads\/kolobezka15-.jpg","datePublished":"2022-05-04T13:02:30+00:00","dateModified":"2025-05-14T09:20:01+00:00","description":"Stojan na kolobe\u017eky typ 15\u00a0s 10 parkovac\u00edmi miestami a s 12 nab\u00edjac\u00edmi z\u00e1suvkami. Mo\u017enos\u0165 v\u00fdberu druhu ocele a farby.","breadcrumb":{"@id":"https:\/\/ecoprogress.eu\/de\/produkt\/stojan-na-kolobezky-typ-15\/#breadcrumb"},"inLanguage":"de","potentialAction":[{"@type":"ReadAction","target":["https:\/\/ecoprogress.eu\/de\/produkt\/stojan-na-kolobezky-typ-15\/"]}]},{"@type":"ImageObject","inLanguage":"de","@id":"https:\/\/ecoprogress.eu\/de\/produkt\/stojan-na-kolobezky-typ-15\/#primaryimage","url":"https:\/\/ecoprogress.eu\/wp-content\/uploads\/kolobezka15-.jpg","contentUrl":"https:\/\/ecoprogress.eu\/wp-content\/uploads\/kolobezka15-.jpg","width":800,"height":600},{"@type":"BreadcrumbList","@id":"https:\/\/ecoprogress.eu\/de\/produkt\/stojan-na-kolobezky-typ-15\/#breadcrumb","itemListElement":[{"@type":"ListItem","position":1,"name":"Produkte","item":"https:\/\/ecoprogress.eu\/de\/produkte\/"},{"@type":"ListItem","position":2,"name":"Stojan na kolobe\u017eky typ 15"}]},{"@type":"WebSite","@id":"https:\/\/ecoprogress.eu\/de\/#website","url":"https:\/\/ecoprogress.eu\/de\/","name":"Ecoprogress","description":"","publisher":{"@id":"https:\/\/ecoprogress.eu\/de\/#organization"},"potentialAction":[{"@type":"SearchAction","target":{"@type":"EntryPoint","urlTemplate":"https:\/\/ecoprogress.eu\/de\/?s={search_term_string}"},"query-input":{"@type":"PropertyValueSpecification","valueRequired":true,"valueName":"search_term_string"}}],"inLanguage":"de"},{"@type":"Organization","@id":"https:\/\/ecoprogress.eu\/de\/#organization","name":"Ecoprogress","url":"https:\/\/ecoprogress.eu\/de\/","logo":{"@type":"ImageObject","inLanguage":"de","@id":"https:\/\/ecoprogress.eu\/de\/#\/schema\/logo\/image\/","url":"https:\/\/ecoprogress.eu\/wp-content\/uploads\/logo-2.svg","contentUrl":"https:\/\/ecoprogress.eu\/wp-content\/uploads\/logo-2.svg","width":318,"height":349,"caption":"Ecoprogress"},"image":{"@id":"https:\/\/ecoprogress.eu\/de\/#\/schema\/logo\/image\/"}}]}},"_links":{"self":[{"href":"https:\/\/ecoprogress.eu\/de\/wp-json\/wp\/v2\/product\/12735","targetHints":{"allow":["GET"]}}],"collection":[{"href":"https:\/\/ecoprogress.eu\/de\/wp-json\/wp\/v2\/product"}],"about":[{"href":"https:\/\/ecoprogress.eu\/de\/wp-json\/wp\/v2\/types\/product"}],"version-history":[{"count":1,"href":"https:\/\/ecoprogress.eu\/de\/wp-json\/wp\/v2\/product\/12735\/revisions"}],"predecessor-version":[{"id":59917,"href":"https:\/\/ecoprogress.eu\/de\/wp-json\/wp\/v2\/product\/12735\/revisions\/59917"}],"wp:featuredmedia":[{"embeddable":true,"href":"https:\/\/ecoprogress.eu\/de\/wp-json\/wp\/v2\/media\/12794"}],"wp:attachment":[{"href":"https:\/\/ecoprogress.eu\/de\/wp-json\/wp\/v2\/media?parent=12735"}],"wp:term":[{"taxonomy":"product_brand","embeddable":true,"href":"https:\/\/ecoprogress.eu\/de\/wp-json\/wp\/v2\/product_brand?post=12735"},{"taxonomy":"product_cat","embeddable":true,"href":"https:\/\/ecoprogress.eu\/de\/wp-json\/wp\/v2\/product_cat?post=12735"},{"taxonomy":"product_tag","embeddable":true,"href":"https:\/\/ecoprogress.eu\/de\/wp-json\/wp\/v2\/product_tag?post=12735"}],"curies":[{"name":"wp","href":"https:\/\/api.w.org\/{rel}","templated":true}]}}