{"id":13310,"date":"2022-05-16T10:39:30","date_gmt":"2022-05-16T08:39:30","guid":{"rendered":"https:\/\/ecoprogress.eu\/?post_type=product&#038;p=13310"},"modified":"2022-12-14T12:10:28","modified_gmt":"2022-12-14T11:10:28","slug":"bezpecnostna-zabrana-typ-06","status":"publish","type":"product","link":"https:\/\/ecoprogress.eu\/de\/produkt\/bezpecnostna-zabrana-typ-06\/","title":{"rendered":"Bezpe\u010dnostn\u00e1 z\u00e1brana typ 06"},"content":{"rendered":"<p>Dodanie 4-6 t\u00fd\u017ed\u0148ov (pod\u013ea stavu skladov\u00fdch z\u00e1sob)<\/p>\n","protected":false},"excerpt":{"rendered":"<p>Bezpe\u010dnostn\u00e1 z\u00e1brana typ 6 pou\u017e\u00edvan\u00e1 na ochranu stien, st\u013apov a priemyseln\u00fdch zariaden\u00ed. Odpor\u00fa\u010dan\u00e9 hlavne do ve\u013ekoplo\u0161n\u00fdch skladov, v\u00fdrobn\u00fdch h\u00e1l, obchodov a pod. Poskytuj\u00fa \u00fa\u010dinn\u00fa ochranu pred ne\u017eiaducim po\u0161koden\u00edm vysokozdvi\u017en\u00fdmi voz\u00edkmi, automobilmi alebo inou \u0165a\u017ekou technikou. Vyroben\u00e1 z hrubej r\u00farky \u00d8 60,3 x 2 mm. Na \u017eelanie vyrob\u00edme aj blatn\u00edky z r\u00farky \u00d8 76,1 x 2 mm.<\/p>\n","protected":false},"featured_media":13409,"template":"","meta":[],"product_brand":[],"product_cat":[164],"product_tag":[],"class_list":{"0":"post-13310","1":"product","2":"type-product","3":"status-publish","4":"has-post-thumbnail","6":"product_cat-priemyselna-a-cestna-architektura","7":"product_shipping_class-stojany","9":"first","10":"instock","11":"taxable","12":"shipping-taxable","13":"purchasable","14":"product-type-variable"},"yoast_head":"<!-- This site is optimized with the Yoast SEO plugin v27.2 - https:\/\/yoast.com\/product\/yoast-seo-wordpress\/ -->\n<title>Bezpe\u010dnostn\u00e1 z\u00e1brana typ 06 | Ecoprogress<\/title>\n<meta name=\"description\" content=\"Bezpe\u010dnostn\u00e1 z\u00e1brana typ 06 pou\u017e\u00edvan\u00e1 na ochranu stien, st\u013apov a priemyseln\u00fdch zariaden\u00ed. Vyroben\u00e1 z hrubej r\u00farky \u00d8 60,3 x 2 mm.\" \/>\n<meta name=\"robots\" content=\"index, follow, max-snippet:-1, max-image-preview:large, max-video-preview:-1\" \/>\n<link rel=\"canonical\" href=\"https:\/\/ecoprogress.eu\/de\/produkt\/bezpecnostna-zabrana-typ-06\/\" \/>\n<meta property=\"og:locale\" content=\"de_DE\" \/>\n<meta property=\"og:type\" content=\"article\" \/>\n<meta property=\"og:title\" content=\"Bezpe\u010dnostn\u00e1 z\u00e1brana typ 06 | Ecoprogress\" \/>\n<meta property=\"og:description\" content=\"Bezpe\u010dnostn\u00e1 z\u00e1brana typ 06 pou\u017e\u00edvan\u00e1 na ochranu stien, st\u013apov a priemyseln\u00fdch zariaden\u00ed. Vyroben\u00e1 z hrubej r\u00farky \u00d8 60,3 x 2 mm.\" \/>\n<meta property=\"og:url\" content=\"https:\/\/ecoprogress.eu\/de\/produkt\/bezpecnostna-zabrana-typ-06\/\" \/>\n<meta property=\"og:site_name\" content=\"Ecoprogress\" \/>\n<meta property=\"article:modified_time\" content=\"2022-12-14T11:10:28+00:00\" \/>\n<meta property=\"og:image\" content=\"https:\/\/ecoprogress.eu\/wp-content\/uploads\/zabrana6-.jpg\" \/>\n\t<meta property=\"og:image:width\" content=\"800\" \/>\n\t<meta property=\"og:image:height\" content=\"600\" \/>\n\t<meta property=\"og:image:type\" content=\"image\/jpeg\" \/>\n<meta name=\"twitter:card\" content=\"summary_large_image\" \/>\n<meta name=\"twitter:label1\" content=\"Gesch\u00e4tzte Lesezeit\" \/>\n\t<meta name=\"twitter:data1\" content=\"1\u00a0Minute\" \/>\n<script type=\"application\/ld+json\" class=\"yoast-schema-graph\">{\"@context\":\"https:\/\/schema.org\",\"@graph\":[{\"@type\":\"WebPage\",\"@id\":\"https:\/\/ecoprogress.eu\/de\/produkt\/bezpecnostna-zabrana-typ-06\/\",\"url\":\"https:\/\/ecoprogress.eu\/de\/produkt\/bezpecnostna-zabrana-typ-06\/\",\"name\":\"Bezpe\u010dnostn\u00e1 z\u00e1brana typ 06 | Ecoprogress\",\"isPartOf\":{\"@id\":\"https:\/\/ecoprogress.eu\/de\/#website\"},\"primaryImageOfPage\":{\"@id\":\"https:\/\/ecoprogress.eu\/de\/produkt\/bezpecnostna-zabrana-typ-06\/#primaryimage\"},\"image\":{\"@id\":\"https:\/\/ecoprogress.eu\/de\/produkt\/bezpecnostna-zabrana-typ-06\/#primaryimage\"},\"thumbnailUrl\":\"https:\/\/ecoprogress.eu\/wp-content\/uploads\/zabrana6-.jpg\",\"datePublished\":\"2022-05-16T08:39:30+00:00\",\"dateModified\":\"2022-12-14T11:10:28+00:00\",\"description\":\"Bezpe\u010dnostn\u00e1 z\u00e1brana typ 06 pou\u017e\u00edvan\u00e1 na ochranu stien, st\u013apov a priemyseln\u00fdch zariaden\u00ed. Vyroben\u00e1 z hrubej r\u00farky \u00d8 60,3 x 2 mm.\",\"breadcrumb\":{\"@id\":\"https:\/\/ecoprogress.eu\/de\/produkt\/bezpecnostna-zabrana-typ-06\/#breadcrumb\"},\"inLanguage\":\"de\",\"potentialAction\":[{\"@type\":\"ReadAction\",\"target\":[\"https:\/\/ecoprogress.eu\/de\/produkt\/bezpecnostna-zabrana-typ-06\/\"]}]},{\"@type\":\"ImageObject\",\"inLanguage\":\"de\",\"@id\":\"https:\/\/ecoprogress.eu\/de\/produkt\/bezpecnostna-zabrana-typ-06\/#primaryimage\",\"url\":\"https:\/\/ecoprogress.eu\/wp-content\/uploads\/zabrana6-.jpg\",\"contentUrl\":\"https:\/\/ecoprogress.eu\/wp-content\/uploads\/zabrana6-.jpg\",\"width\":800,\"height\":600},{\"@type\":\"BreadcrumbList\",\"@id\":\"https:\/\/ecoprogress.eu\/de\/produkt\/bezpecnostna-zabrana-typ-06\/#breadcrumb\",\"itemListElement\":[{\"@type\":\"ListItem\",\"position\":1,\"name\":\"Produkte\",\"item\":\"https:\/\/ecoprogress.eu\/de\/produkte\/\"},{\"@type\":\"ListItem\",\"position\":2,\"name\":\"Bezpe\u010dnostn\u00e1 z\u00e1brana typ 06\"}]},{\"@type\":\"WebSite\",\"@id\":\"https:\/\/ecoprogress.eu\/de\/#website\",\"url\":\"https:\/\/ecoprogress.eu\/de\/\",\"name\":\"Ecoprogress\",\"description\":\"\",\"publisher\":{\"@id\":\"https:\/\/ecoprogress.eu\/de\/#organization\"},\"potentialAction\":[{\"@type\":\"SearchAction\",\"target\":{\"@type\":\"EntryPoint\",\"urlTemplate\":\"https:\/\/ecoprogress.eu\/de\/?s={search_term_string}\"},\"query-input\":{\"@type\":\"PropertyValueSpecification\",\"valueRequired\":true,\"valueName\":\"search_term_string\"}}],\"inLanguage\":\"de\"},{\"@type\":\"Organization\",\"@id\":\"https:\/\/ecoprogress.eu\/de\/#organization\",\"name\":\"Ecoprogress\",\"url\":\"https:\/\/ecoprogress.eu\/de\/\",\"logo\":{\"@type\":\"ImageObject\",\"inLanguage\":\"de\",\"@id\":\"https:\/\/ecoprogress.eu\/de\/#\/schema\/logo\/image\/\",\"url\":\"https:\/\/ecoprogress.eu\/wp-content\/uploads\/logo-2.svg\",\"contentUrl\":\"https:\/\/ecoprogress.eu\/wp-content\/uploads\/logo-2.svg\",\"width\":318,\"height\":349,\"caption\":\"Ecoprogress\"},\"image\":{\"@id\":\"https:\/\/ecoprogress.eu\/de\/#\/schema\/logo\/image\/\"}}]}<\/script>\n<!-- \/ Yoast SEO plugin. -->","yoast_head_json":{"title":"Bezpe\u010dnostn\u00e1 z\u00e1brana typ 06 | Ecoprogress","description":"Bezpe\u010dnostn\u00e1 z\u00e1brana typ 06 pou\u017e\u00edvan\u00e1 na ochranu stien, st\u013apov a priemyseln\u00fdch zariaden\u00ed. Vyroben\u00e1 z hrubej r\u00farky \u00d8 60,3 x 2 mm.","robots":{"index":"index","follow":"follow","max-snippet":"max-snippet:-1","max-image-preview":"max-image-preview:large","max-video-preview":"max-video-preview:-1"},"canonical":"https:\/\/ecoprogress.eu\/de\/produkt\/bezpecnostna-zabrana-typ-06\/","og_locale":"de_DE","og_type":"article","og_title":"Bezpe\u010dnostn\u00e1 z\u00e1brana typ 06 | Ecoprogress","og_description":"Bezpe\u010dnostn\u00e1 z\u00e1brana typ 06 pou\u017e\u00edvan\u00e1 na ochranu stien, st\u013apov a priemyseln\u00fdch zariaden\u00ed. Vyroben\u00e1 z hrubej r\u00farky \u00d8 60,3 x 2 mm.","og_url":"https:\/\/ecoprogress.eu\/de\/produkt\/bezpecnostna-zabrana-typ-06\/","og_site_name":"Ecoprogress","article_modified_time":"2022-12-14T11:10:28+00:00","og_image":[{"width":800,"height":600,"url":"https:\/\/ecoprogress.eu\/wp-content\/uploads\/zabrana6-.jpg","type":"image\/jpeg"}],"twitter_card":"summary_large_image","twitter_misc":{"Gesch\u00e4tzte Lesezeit":"1\u00a0Minute"},"schema":{"@context":"https:\/\/schema.org","@graph":[{"@type":"WebPage","@id":"https:\/\/ecoprogress.eu\/de\/produkt\/bezpecnostna-zabrana-typ-06\/","url":"https:\/\/ecoprogress.eu\/de\/produkt\/bezpecnostna-zabrana-typ-06\/","name":"Bezpe\u010dnostn\u00e1 z\u00e1brana typ 06 | Ecoprogress","isPartOf":{"@id":"https:\/\/ecoprogress.eu\/de\/#website"},"primaryImageOfPage":{"@id":"https:\/\/ecoprogress.eu\/de\/produkt\/bezpecnostna-zabrana-typ-06\/#primaryimage"},"image":{"@id":"https:\/\/ecoprogress.eu\/de\/produkt\/bezpecnostna-zabrana-typ-06\/#primaryimage"},"thumbnailUrl":"https:\/\/ecoprogress.eu\/wp-content\/uploads\/zabrana6-.jpg","datePublished":"2022-05-16T08:39:30+00:00","dateModified":"2022-12-14T11:10:28+00:00","description":"Bezpe\u010dnostn\u00e1 z\u00e1brana typ 06 pou\u017e\u00edvan\u00e1 na ochranu stien, st\u013apov a priemyseln\u00fdch zariaden\u00ed. Vyroben\u00e1 z hrubej r\u00farky \u00d8 60,3 x 2 mm.","breadcrumb":{"@id":"https:\/\/ecoprogress.eu\/de\/produkt\/bezpecnostna-zabrana-typ-06\/#breadcrumb"},"inLanguage":"de","potentialAction":[{"@type":"ReadAction","target":["https:\/\/ecoprogress.eu\/de\/produkt\/bezpecnostna-zabrana-typ-06\/"]}]},{"@type":"ImageObject","inLanguage":"de","@id":"https:\/\/ecoprogress.eu\/de\/produkt\/bezpecnostna-zabrana-typ-06\/#primaryimage","url":"https:\/\/ecoprogress.eu\/wp-content\/uploads\/zabrana6-.jpg","contentUrl":"https:\/\/ecoprogress.eu\/wp-content\/uploads\/zabrana6-.jpg","width":800,"height":600},{"@type":"BreadcrumbList","@id":"https:\/\/ecoprogress.eu\/de\/produkt\/bezpecnostna-zabrana-typ-06\/#breadcrumb","itemListElement":[{"@type":"ListItem","position":1,"name":"Produkte","item":"https:\/\/ecoprogress.eu\/de\/produkte\/"},{"@type":"ListItem","position":2,"name":"Bezpe\u010dnostn\u00e1 z\u00e1brana typ 06"}]},{"@type":"WebSite","@id":"https:\/\/ecoprogress.eu\/de\/#website","url":"https:\/\/ecoprogress.eu\/de\/","name":"Ecoprogress","description":"","publisher":{"@id":"https:\/\/ecoprogress.eu\/de\/#organization"},"potentialAction":[{"@type":"SearchAction","target":{"@type":"EntryPoint","urlTemplate":"https:\/\/ecoprogress.eu\/de\/?s={search_term_string}"},"query-input":{"@type":"PropertyValueSpecification","valueRequired":true,"valueName":"search_term_string"}}],"inLanguage":"de"},{"@type":"Organization","@id":"https:\/\/ecoprogress.eu\/de\/#organization","name":"Ecoprogress","url":"https:\/\/ecoprogress.eu\/de\/","logo":{"@type":"ImageObject","inLanguage":"de","@id":"https:\/\/ecoprogress.eu\/de\/#\/schema\/logo\/image\/","url":"https:\/\/ecoprogress.eu\/wp-content\/uploads\/logo-2.svg","contentUrl":"https:\/\/ecoprogress.eu\/wp-content\/uploads\/logo-2.svg","width":318,"height":349,"caption":"Ecoprogress"},"image":{"@id":"https:\/\/ecoprogress.eu\/de\/#\/schema\/logo\/image\/"}}]}},"_links":{"self":[{"href":"https:\/\/ecoprogress.eu\/de\/wp-json\/wp\/v2\/product\/13310","targetHints":{"allow":["GET"]}}],"collection":[{"href":"https:\/\/ecoprogress.eu\/de\/wp-json\/wp\/v2\/product"}],"about":[{"href":"https:\/\/ecoprogress.eu\/de\/wp-json\/wp\/v2\/types\/product"}],"version-history":[{"count":0,"href":"https:\/\/ecoprogress.eu\/de\/wp-json\/wp\/v2\/product\/13310\/revisions"}],"wp:featuredmedia":[{"embeddable":true,"href":"https:\/\/ecoprogress.eu\/de\/wp-json\/wp\/v2\/media\/13409"}],"wp:attachment":[{"href":"https:\/\/ecoprogress.eu\/de\/wp-json\/wp\/v2\/media?parent=13310"}],"wp:term":[{"taxonomy":"product_brand","embeddable":true,"href":"https:\/\/ecoprogress.eu\/de\/wp-json\/wp\/v2\/product_brand?post=13310"},{"taxonomy":"product_cat","embeddable":true,"href":"https:\/\/ecoprogress.eu\/de\/wp-json\/wp\/v2\/product_cat?post=13310"},{"taxonomy":"product_tag","embeddable":true,"href":"https:\/\/ecoprogress.eu\/de\/wp-json\/wp\/v2\/product_tag?post=13310"}],"curies":[{"name":"wp","href":"https:\/\/api.w.org\/{rel}","templated":true}]}}