{"id":13878,"date":"2022-05-19T10:29:49","date_gmt":"2022-05-19T08:29:49","guid":{"rendered":"https:\/\/ecoprogress.eu\/?post_type=product&#038;p=13878"},"modified":"2024-04-29T14:04:47","modified_gmt":"2024-04-29T12:04:47","slug":"box-pre-bicykle-typ-02","status":"publish","type":"product","link":"https:\/\/ecoprogress.eu\/de\/produkt\/box-pre-bicykle-typ-02\/","title":{"rendered":"Box pre bicykle typ 02"},"content":{"rendered":"<p>\u0160pecifik\u00e1cia:<\/p>\n<ul>\n<li>mimoriadne bezpe\u010dn\u00e9 a odoln\u00e9 rie\u0161enie<\/li>\n<li>evolut\u00edvny a modul\u00e1rny<\/li>\n<li>vo\u013ene stojaca alebo povrchov\u00e1 in\u0161tal\u00e1cia s kotven\u00edm<\/li>\n<li>mo\u017enos\u0165 \u00fapln\u00e9ho prisp\u00f4sobenia<\/li>\n<\/ul>\n<p>&nbsp;<\/p>\n<p>Dodanie 4-6 t\u00fd\u017ed\u0148ov (pod\u013ea stavu skladov\u00fdch z\u00e1sob)<\/p>\n","protected":false},"excerpt":{"rendered":"<p>Box pre bicykle typ 2 s\u00a0\u00a0obd\u013a\u017enikov\u00fdm tvarom ur\u010den\u00fd pre dva bicykle, jeden z ka\u017edej strany.<\/p>\n<p>To, \u010do rob\u00ed box pre bicykle typ 2 jedine\u010dn\u00fdm, je \u00falo\u017en\u00fd dizajn, ktor\u00fd umo\u017e\u0148uje uschova\u0165 dva bicykle, ka\u017ed\u00fd ulo\u017een\u00fd v samostatnom oddelen\u00ed. Jeden bicykel vch\u00e1dza na jednu stranu boxu a druh\u00fd na stranu opa\u010dn\u00fa. Tento syst\u00e9m je mimoriadne bezpe\u010dn\u00fd a je modul\u00e1rny, \u010do znamen\u00e1, \u017ee m\u00f4\u017eete ma\u0165 jednu jednotku alebo viacero kombinovan\u00fdch jednotiek.<\/p>\n","protected":false},"featured_media":13882,"template":"","meta":[],"product_brand":[],"product_cat":[328],"product_tag":[],"class_list":{"0":"post-13878","1":"product","2":"type-product","3":"status-publish","4":"has-post-thumbnail","6":"product_cat-boxy-pre-bicykle","7":"product_shipping_class-pristresky","9":"first","10":"instock","11":"featured","12":"taxable","13":"shipping-taxable","14":"purchasable","15":"product-type-simple"},"yoast_head":"<!-- This site is optimized with the Yoast SEO plugin v27.2 - https:\/\/yoast.com\/product\/yoast-seo-wordpress\/ -->\n<title>Box pre bicykle typ 02 | Ecoprogress<\/title>\n<meta name=\"description\" content=\"Box pre bicykle typ 02 s\u00a0\u00a0obd\u013a\u017enikov\u00fdm tvarom ur\u010den\u00fd pre dva bicykle, jeden z ka\u017edej strany.\" \/>\n<meta name=\"robots\" content=\"index, follow, max-snippet:-1, max-image-preview:large, max-video-preview:-1\" \/>\n<link rel=\"canonical\" href=\"https:\/\/ecoprogress.eu\/de\/produkt\/box-pre-bicykle-typ-02\/\" \/>\n<meta property=\"og:locale\" content=\"de_DE\" \/>\n<meta property=\"og:type\" content=\"article\" \/>\n<meta property=\"og:title\" content=\"Box pre bicykle typ 02 | Ecoprogress\" \/>\n<meta property=\"og:description\" content=\"Box pre bicykle typ 02 s\u00a0\u00a0obd\u013a\u017enikov\u00fdm tvarom ur\u010den\u00fd pre dva bicykle, jeden z ka\u017edej strany.\" \/>\n<meta property=\"og:url\" content=\"https:\/\/ecoprogress.eu\/de\/produkt\/box-pre-bicykle-typ-02\/\" \/>\n<meta property=\"og:site_name\" content=\"Ecoprogress\" \/>\n<meta property=\"article:modified_time\" content=\"2024-04-29T12:04:47+00:00\" \/>\n<meta property=\"og:image\" content=\"https:\/\/ecoprogress.eu\/wp-content\/uploads\/boxtyp2.jpg\" \/>\n\t<meta property=\"og:image:width\" content=\"840\" \/>\n\t<meta property=\"og:image:height\" content=\"668\" \/>\n\t<meta property=\"og:image:type\" content=\"image\/jpeg\" \/>\n<meta name=\"twitter:card\" content=\"summary_large_image\" \/>\n<meta name=\"twitter:label1\" content=\"Gesch\u00e4tzte Lesezeit\" \/>\n\t<meta name=\"twitter:data1\" content=\"1\u00a0Minute\" \/>\n<script type=\"application\/ld+json\" class=\"yoast-schema-graph\">{\"@context\":\"https:\/\/schema.org\",\"@graph\":[{\"@type\":\"WebPage\",\"@id\":\"https:\/\/ecoprogress.eu\/de\/produkt\/box-pre-bicykle-typ-02\/\",\"url\":\"https:\/\/ecoprogress.eu\/de\/produkt\/box-pre-bicykle-typ-02\/\",\"name\":\"Box pre bicykle typ 02 | Ecoprogress\",\"isPartOf\":{\"@id\":\"https:\/\/ecoprogress.eu\/de\/#website\"},\"primaryImageOfPage\":{\"@id\":\"https:\/\/ecoprogress.eu\/de\/produkt\/box-pre-bicykle-typ-02\/#primaryimage\"},\"image\":{\"@id\":\"https:\/\/ecoprogress.eu\/de\/produkt\/box-pre-bicykle-typ-02\/#primaryimage\"},\"thumbnailUrl\":\"https:\/\/ecoprogress.eu\/wp-content\/uploads\/boxtyp2.jpg\",\"datePublished\":\"2022-05-19T08:29:49+00:00\",\"dateModified\":\"2024-04-29T12:04:47+00:00\",\"description\":\"Box pre bicykle typ 02 s\u00a0\u00a0obd\u013a\u017enikov\u00fdm tvarom ur\u010den\u00fd pre dva bicykle, jeden z ka\u017edej strany.\",\"breadcrumb\":{\"@id\":\"https:\/\/ecoprogress.eu\/de\/produkt\/box-pre-bicykle-typ-02\/#breadcrumb\"},\"inLanguage\":\"de\",\"potentialAction\":[{\"@type\":\"ReadAction\",\"target\":[\"https:\/\/ecoprogress.eu\/de\/produkt\/box-pre-bicykle-typ-02\/\"]}]},{\"@type\":\"ImageObject\",\"inLanguage\":\"de\",\"@id\":\"https:\/\/ecoprogress.eu\/de\/produkt\/box-pre-bicykle-typ-02\/#primaryimage\",\"url\":\"https:\/\/ecoprogress.eu\/wp-content\/uploads\/boxtyp2.jpg\",\"contentUrl\":\"https:\/\/ecoprogress.eu\/wp-content\/uploads\/boxtyp2.jpg\",\"width\":840,\"height\":668},{\"@type\":\"BreadcrumbList\",\"@id\":\"https:\/\/ecoprogress.eu\/de\/produkt\/box-pre-bicykle-typ-02\/#breadcrumb\",\"itemListElement\":[{\"@type\":\"ListItem\",\"position\":1,\"name\":\"Produkte\",\"item\":\"https:\/\/ecoprogress.eu\/de\/produkte\/\"},{\"@type\":\"ListItem\",\"position\":2,\"name\":\"Box pre bicykle typ 02\"}]},{\"@type\":\"WebSite\",\"@id\":\"https:\/\/ecoprogress.eu\/de\/#website\",\"url\":\"https:\/\/ecoprogress.eu\/de\/\",\"name\":\"Ecoprogress\",\"description\":\"\",\"publisher\":{\"@id\":\"https:\/\/ecoprogress.eu\/de\/#organization\"},\"potentialAction\":[{\"@type\":\"SearchAction\",\"target\":{\"@type\":\"EntryPoint\",\"urlTemplate\":\"https:\/\/ecoprogress.eu\/de\/?s={search_term_string}\"},\"query-input\":{\"@type\":\"PropertyValueSpecification\",\"valueRequired\":true,\"valueName\":\"search_term_string\"}}],\"inLanguage\":\"de\"},{\"@type\":\"Organization\",\"@id\":\"https:\/\/ecoprogress.eu\/de\/#organization\",\"name\":\"Ecoprogress\",\"url\":\"https:\/\/ecoprogress.eu\/de\/\",\"logo\":{\"@type\":\"ImageObject\",\"inLanguage\":\"de\",\"@id\":\"https:\/\/ecoprogress.eu\/de\/#\/schema\/logo\/image\/\",\"url\":\"https:\/\/ecoprogress.eu\/wp-content\/uploads\/logo-2.svg\",\"contentUrl\":\"https:\/\/ecoprogress.eu\/wp-content\/uploads\/logo-2.svg\",\"width\":318,\"height\":349,\"caption\":\"Ecoprogress\"},\"image\":{\"@id\":\"https:\/\/ecoprogress.eu\/de\/#\/schema\/logo\/image\/\"}}]}<\/script>\n<!-- \/ Yoast SEO plugin. -->","yoast_head_json":{"title":"Box pre bicykle typ 02 | Ecoprogress","description":"Box pre bicykle typ 02 s\u00a0\u00a0obd\u013a\u017enikov\u00fdm tvarom ur\u010den\u00fd pre dva bicykle, jeden z ka\u017edej strany.","robots":{"index":"index","follow":"follow","max-snippet":"max-snippet:-1","max-image-preview":"max-image-preview:large","max-video-preview":"max-video-preview:-1"},"canonical":"https:\/\/ecoprogress.eu\/de\/produkt\/box-pre-bicykle-typ-02\/","og_locale":"de_DE","og_type":"article","og_title":"Box pre bicykle typ 02 | Ecoprogress","og_description":"Box pre bicykle typ 02 s\u00a0\u00a0obd\u013a\u017enikov\u00fdm tvarom ur\u010den\u00fd pre dva bicykle, jeden z ka\u017edej strany.","og_url":"https:\/\/ecoprogress.eu\/de\/produkt\/box-pre-bicykle-typ-02\/","og_site_name":"Ecoprogress","article_modified_time":"2024-04-29T12:04:47+00:00","og_image":[{"width":840,"height":668,"url":"https:\/\/ecoprogress.eu\/wp-content\/uploads\/boxtyp2.jpg","type":"image\/jpeg"}],"twitter_card":"summary_large_image","twitter_misc":{"Gesch\u00e4tzte Lesezeit":"1\u00a0Minute"},"schema":{"@context":"https:\/\/schema.org","@graph":[{"@type":"WebPage","@id":"https:\/\/ecoprogress.eu\/de\/produkt\/box-pre-bicykle-typ-02\/","url":"https:\/\/ecoprogress.eu\/de\/produkt\/box-pre-bicykle-typ-02\/","name":"Box pre bicykle typ 02 | Ecoprogress","isPartOf":{"@id":"https:\/\/ecoprogress.eu\/de\/#website"},"primaryImageOfPage":{"@id":"https:\/\/ecoprogress.eu\/de\/produkt\/box-pre-bicykle-typ-02\/#primaryimage"},"image":{"@id":"https:\/\/ecoprogress.eu\/de\/produkt\/box-pre-bicykle-typ-02\/#primaryimage"},"thumbnailUrl":"https:\/\/ecoprogress.eu\/wp-content\/uploads\/boxtyp2.jpg","datePublished":"2022-05-19T08:29:49+00:00","dateModified":"2024-04-29T12:04:47+00:00","description":"Box pre bicykle typ 02 s\u00a0\u00a0obd\u013a\u017enikov\u00fdm tvarom ur\u010den\u00fd pre dva bicykle, jeden z ka\u017edej strany.","breadcrumb":{"@id":"https:\/\/ecoprogress.eu\/de\/produkt\/box-pre-bicykle-typ-02\/#breadcrumb"},"inLanguage":"de","potentialAction":[{"@type":"ReadAction","target":["https:\/\/ecoprogress.eu\/de\/produkt\/box-pre-bicykle-typ-02\/"]}]},{"@type":"ImageObject","inLanguage":"de","@id":"https:\/\/ecoprogress.eu\/de\/produkt\/box-pre-bicykle-typ-02\/#primaryimage","url":"https:\/\/ecoprogress.eu\/wp-content\/uploads\/boxtyp2.jpg","contentUrl":"https:\/\/ecoprogress.eu\/wp-content\/uploads\/boxtyp2.jpg","width":840,"height":668},{"@type":"BreadcrumbList","@id":"https:\/\/ecoprogress.eu\/de\/produkt\/box-pre-bicykle-typ-02\/#breadcrumb","itemListElement":[{"@type":"ListItem","position":1,"name":"Produkte","item":"https:\/\/ecoprogress.eu\/de\/produkte\/"},{"@type":"ListItem","position":2,"name":"Box pre bicykle typ 02"}]},{"@type":"WebSite","@id":"https:\/\/ecoprogress.eu\/de\/#website","url":"https:\/\/ecoprogress.eu\/de\/","name":"Ecoprogress","description":"","publisher":{"@id":"https:\/\/ecoprogress.eu\/de\/#organization"},"potentialAction":[{"@type":"SearchAction","target":{"@type":"EntryPoint","urlTemplate":"https:\/\/ecoprogress.eu\/de\/?s={search_term_string}"},"query-input":{"@type":"PropertyValueSpecification","valueRequired":true,"valueName":"search_term_string"}}],"inLanguage":"de"},{"@type":"Organization","@id":"https:\/\/ecoprogress.eu\/de\/#organization","name":"Ecoprogress","url":"https:\/\/ecoprogress.eu\/de\/","logo":{"@type":"ImageObject","inLanguage":"de","@id":"https:\/\/ecoprogress.eu\/de\/#\/schema\/logo\/image\/","url":"https:\/\/ecoprogress.eu\/wp-content\/uploads\/logo-2.svg","contentUrl":"https:\/\/ecoprogress.eu\/wp-content\/uploads\/logo-2.svg","width":318,"height":349,"caption":"Ecoprogress"},"image":{"@id":"https:\/\/ecoprogress.eu\/de\/#\/schema\/logo\/image\/"}}]}},"_links":{"self":[{"href":"https:\/\/ecoprogress.eu\/de\/wp-json\/wp\/v2\/product\/13878","targetHints":{"allow":["GET"]}}],"collection":[{"href":"https:\/\/ecoprogress.eu\/de\/wp-json\/wp\/v2\/product"}],"about":[{"href":"https:\/\/ecoprogress.eu\/de\/wp-json\/wp\/v2\/types\/product"}],"version-history":[{"count":1,"href":"https:\/\/ecoprogress.eu\/de\/wp-json\/wp\/v2\/product\/13878\/revisions"}],"predecessor-version":[{"id":52886,"href":"https:\/\/ecoprogress.eu\/de\/wp-json\/wp\/v2\/product\/13878\/revisions\/52886"}],"wp:featuredmedia":[{"embeddable":true,"href":"https:\/\/ecoprogress.eu\/de\/wp-json\/wp\/v2\/media\/13882"}],"wp:attachment":[{"href":"https:\/\/ecoprogress.eu\/de\/wp-json\/wp\/v2\/media?parent=13878"}],"wp:term":[{"taxonomy":"product_brand","embeddable":true,"href":"https:\/\/ecoprogress.eu\/de\/wp-json\/wp\/v2\/product_brand?post=13878"},{"taxonomy":"product_cat","embeddable":true,"href":"https:\/\/ecoprogress.eu\/de\/wp-json\/wp\/v2\/product_cat?post=13878"},{"taxonomy":"product_tag","embeddable":true,"href":"https:\/\/ecoprogress.eu\/de\/wp-json\/wp\/v2\/product_tag?post=13878"}],"curies":[{"name":"wp","href":"https:\/\/api.w.org\/{rel}","templated":true}]}}