{"id":13886,"date":"2022-05-19T11:42:23","date_gmt":"2022-05-19T09:42:23","guid":{"rendered":"https:\/\/ecoprogress.eu\/?post_type=product&#038;p=13886"},"modified":"2023-11-06T15:53:03","modified_gmt":"2023-11-06T14:53:03","slug":"box-pre-bicykle-typ-01-kombo","status":"publish","type":"product","link":"https:\/\/ecoprogress.eu\/de\/produkt\/box-pre-bicykle-typ-01-kombo\/","title":{"rendered":"Box pre bicykle typ 01 kombo"},"content":{"rendered":"<p>\u0160pecifik\u00e1cia:<\/p>\n<ul>\n<li>mimoriadne bezpe\u010dn\u00e9 a odoln\u00e9 rie\u0161enie<\/li>\n<li>evolut\u00edvny a modul\u00e1rny<\/li>\n<li>vo\u013ene stojaca alebo povrchov\u00e1 in\u0161tal\u00e1cia s kotven\u00edm<\/li>\n<li>mo\u017enos\u0165 \u00fapln\u00e9ho prisp\u00f4sobenia<\/li>\n<\/ul>\n<p>Dodanie 4-6 t\u00fd\u017ed\u0148ov (pod\u013ea stavu skladov\u00fdch z\u00e1sob)<\/p>\n","protected":false},"excerpt":{"rendered":"<p>Box pre bicykle typ 1 kombo je polkruhov\u00e1 kon\u0161trukcia zlo\u017een\u00e1 zo siedmich samostatn\u00fdch bezpe\u010dn\u00fdch parkovac\u00edch miest.<\/p>\n<p>To, \u010do rob\u00ed tento box jedine\u010dn\u00fdm je jeho patentovan\u00fd tvar. Tento tvar umo\u017e\u0148uje boxy kombinova\u0165 v mnoh\u00fdch tvaroch, aby sa do nich zmestilo \u010do najv\u00e4\u010d\u0161ie mno\u017estvo bicyklov.<br \/>\nT\u00e1to v\u0161estrannos\u0165 umo\u017e\u0148uje vytv\u00e1ra\u0165 u\u017eito\u010dn\u00e9 tvary napr\u00edklad pre in\u0161tal\u00e1ciu boxov k sten\u00e1m(polkruh &#8211; 7 boxov)<\/p>\n<p>Pre box pre bicykle typ 1 je k dispoz\u00edcii cel\u00fd rad uzamykac\u00edch mechanizmov, od integrovan\u00e9ho vysok\u00e9ho zabezpe\u010denia<br \/>\nz\u00e1mkom, z\u00e1mkami na mince, visiacim z\u00e1mkom\/U-Lock dod\u00e1van\u00fdm pou\u017e\u00edvate\u013eom a dokonca aj elektronick\u00e9 riadenie pr\u00edstupu cez na\u0161u aplik\u00e1ciu.<\/p>\n","protected":false},"featured_media":13887,"template":"","meta":[],"product_brand":[],"product_cat":[328,659],"product_tag":[],"class_list":{"0":"post-13886","1":"product","2":"type-product","3":"status-publish","4":"has-post-thumbnail","6":"product_cat-boxy-pre-bicykle","7":"product_cat-ocelovy-mobiliar","8":"product_shipping_class-pristresky","10":"first","11":"instock","12":"featured","13":"taxable","14":"shipping-taxable","15":"purchasable","16":"product-type-simple"},"yoast_head":"<!-- This site is optimized with the Yoast SEO plugin v27.2 - https:\/\/yoast.com\/product\/yoast-seo-wordpress\/ -->\n<title>Box pre bicykle typ 01 kombo | Ecoprogress<\/title>\n<meta name=\"description\" content=\"Box pre bicykle typ 01 kombo je polkruhov\u00e1 kon\u0161trukcia zlo\u017een\u00e1 zo siedmich samostatn\u00fdch bezpe\u010dn\u00fdch parkovac\u00edch miest.\u00a0\" \/>\n<meta name=\"robots\" content=\"index, follow, max-snippet:-1, max-image-preview:large, max-video-preview:-1\" \/>\n<link rel=\"canonical\" href=\"https:\/\/ecoprogress.eu\/de\/produkt\/box-pre-bicykle-typ-01-kombo\/\" \/>\n<meta property=\"og:locale\" content=\"de_DE\" \/>\n<meta property=\"og:type\" content=\"article\" \/>\n<meta property=\"og:title\" content=\"Box pre bicykle typ 01 kombo | Ecoprogress\" \/>\n<meta property=\"og:description\" content=\"Box pre bicykle typ 01 kombo je polkruhov\u00e1 kon\u0161trukcia zlo\u017een\u00e1 zo siedmich samostatn\u00fdch bezpe\u010dn\u00fdch parkovac\u00edch miest.\u00a0\" \/>\n<meta property=\"og:url\" content=\"https:\/\/ecoprogress.eu\/de\/produkt\/box-pre-bicykle-typ-01-kombo\/\" \/>\n<meta property=\"og:site_name\" content=\"Ecoprogress\" \/>\n<meta property=\"article:modified_time\" content=\"2023-11-06T14:53:03+00:00\" \/>\n<meta property=\"og:image\" content=\"https:\/\/ecoprogress.eu\/wp-content\/uploads\/render4.png\" \/>\n\t<meta property=\"og:image:width\" content=\"800\" \/>\n\t<meta property=\"og:image:height\" content=\"640\" \/>\n\t<meta property=\"og:image:type\" content=\"image\/png\" \/>\n<meta name=\"twitter:card\" content=\"summary_large_image\" \/>\n<meta name=\"twitter:label1\" content=\"Gesch\u00e4tzte Lesezeit\" \/>\n\t<meta name=\"twitter:data1\" content=\"1\u00a0Minute\" \/>\n<script type=\"application\/ld+json\" class=\"yoast-schema-graph\">{\"@context\":\"https:\/\/schema.org\",\"@graph\":[{\"@type\":\"WebPage\",\"@id\":\"https:\/\/ecoprogress.eu\/de\/produkt\/box-pre-bicykle-typ-01-kombo\/\",\"url\":\"https:\/\/ecoprogress.eu\/de\/produkt\/box-pre-bicykle-typ-01-kombo\/\",\"name\":\"Box pre bicykle typ 01 kombo | Ecoprogress\",\"isPartOf\":{\"@id\":\"https:\/\/ecoprogress.eu\/de\/#website\"},\"primaryImageOfPage\":{\"@id\":\"https:\/\/ecoprogress.eu\/de\/produkt\/box-pre-bicykle-typ-01-kombo\/#primaryimage\"},\"image\":{\"@id\":\"https:\/\/ecoprogress.eu\/de\/produkt\/box-pre-bicykle-typ-01-kombo\/#primaryimage\"},\"thumbnailUrl\":\"https:\/\/ecoprogress.eu\/wp-content\/uploads\/render4.png\",\"datePublished\":\"2022-05-19T09:42:23+00:00\",\"dateModified\":\"2023-11-06T14:53:03+00:00\",\"description\":\"Box pre bicykle typ 01 kombo je polkruhov\u00e1 kon\u0161trukcia zlo\u017een\u00e1 zo siedmich samostatn\u00fdch bezpe\u010dn\u00fdch parkovac\u00edch miest.\u00a0\",\"breadcrumb\":{\"@id\":\"https:\/\/ecoprogress.eu\/de\/produkt\/box-pre-bicykle-typ-01-kombo\/#breadcrumb\"},\"inLanguage\":\"de\",\"potentialAction\":[{\"@type\":\"ReadAction\",\"target\":[\"https:\/\/ecoprogress.eu\/de\/produkt\/box-pre-bicykle-typ-01-kombo\/\"]}]},{\"@type\":\"ImageObject\",\"inLanguage\":\"de\",\"@id\":\"https:\/\/ecoprogress.eu\/de\/produkt\/box-pre-bicykle-typ-01-kombo\/#primaryimage\",\"url\":\"https:\/\/ecoprogress.eu\/wp-content\/uploads\/render4.png\",\"contentUrl\":\"https:\/\/ecoprogress.eu\/wp-content\/uploads\/render4.png\",\"width\":2000,\"height\":1600},{\"@type\":\"BreadcrumbList\",\"@id\":\"https:\/\/ecoprogress.eu\/de\/produkt\/box-pre-bicykle-typ-01-kombo\/#breadcrumb\",\"itemListElement\":[{\"@type\":\"ListItem\",\"position\":1,\"name\":\"Produkte\",\"item\":\"https:\/\/ecoprogress.eu\/de\/produkte\/\"},{\"@type\":\"ListItem\",\"position\":2,\"name\":\"Box pre bicykle typ 01 kombo\"}]},{\"@type\":\"WebSite\",\"@id\":\"https:\/\/ecoprogress.eu\/de\/#website\",\"url\":\"https:\/\/ecoprogress.eu\/de\/\",\"name\":\"Ecoprogress\",\"description\":\"\",\"publisher\":{\"@id\":\"https:\/\/ecoprogress.eu\/de\/#organization\"},\"potentialAction\":[{\"@type\":\"SearchAction\",\"target\":{\"@type\":\"EntryPoint\",\"urlTemplate\":\"https:\/\/ecoprogress.eu\/de\/?s={search_term_string}\"},\"query-input\":{\"@type\":\"PropertyValueSpecification\",\"valueRequired\":true,\"valueName\":\"search_term_string\"}}],\"inLanguage\":\"de\"},{\"@type\":\"Organization\",\"@id\":\"https:\/\/ecoprogress.eu\/de\/#organization\",\"name\":\"Ecoprogress\",\"url\":\"https:\/\/ecoprogress.eu\/de\/\",\"logo\":{\"@type\":\"ImageObject\",\"inLanguage\":\"de\",\"@id\":\"https:\/\/ecoprogress.eu\/de\/#\/schema\/logo\/image\/\",\"url\":\"https:\/\/ecoprogress.eu\/wp-content\/uploads\/logo-2.svg\",\"contentUrl\":\"https:\/\/ecoprogress.eu\/wp-content\/uploads\/logo-2.svg\",\"width\":318,\"height\":349,\"caption\":\"Ecoprogress\"},\"image\":{\"@id\":\"https:\/\/ecoprogress.eu\/de\/#\/schema\/logo\/image\/\"}}]}<\/script>\n<!-- \/ Yoast SEO plugin. -->","yoast_head_json":{"title":"Box pre bicykle typ 01 kombo | Ecoprogress","description":"Box pre bicykle typ 01 kombo je polkruhov\u00e1 kon\u0161trukcia zlo\u017een\u00e1 zo siedmich samostatn\u00fdch bezpe\u010dn\u00fdch parkovac\u00edch miest.\u00a0","robots":{"index":"index","follow":"follow","max-snippet":"max-snippet:-1","max-image-preview":"max-image-preview:large","max-video-preview":"max-video-preview:-1"},"canonical":"https:\/\/ecoprogress.eu\/de\/produkt\/box-pre-bicykle-typ-01-kombo\/","og_locale":"de_DE","og_type":"article","og_title":"Box pre bicykle typ 01 kombo | Ecoprogress","og_description":"Box pre bicykle typ 01 kombo je polkruhov\u00e1 kon\u0161trukcia zlo\u017een\u00e1 zo siedmich samostatn\u00fdch bezpe\u010dn\u00fdch parkovac\u00edch miest.\u00a0","og_url":"https:\/\/ecoprogress.eu\/de\/produkt\/box-pre-bicykle-typ-01-kombo\/","og_site_name":"Ecoprogress","article_modified_time":"2023-11-06T14:53:03+00:00","og_image":[{"url":"https:\/\/ecoprogress.eu\/wp-content\/uploads\/render4.png","width":800,"height":640,"type":"image\/png"}],"twitter_card":"summary_large_image","twitter_misc":{"Gesch\u00e4tzte Lesezeit":"1\u00a0Minute"},"schema":{"@context":"https:\/\/schema.org","@graph":[{"@type":"WebPage","@id":"https:\/\/ecoprogress.eu\/de\/produkt\/box-pre-bicykle-typ-01-kombo\/","url":"https:\/\/ecoprogress.eu\/de\/produkt\/box-pre-bicykle-typ-01-kombo\/","name":"Box pre bicykle typ 01 kombo | Ecoprogress","isPartOf":{"@id":"https:\/\/ecoprogress.eu\/de\/#website"},"primaryImageOfPage":{"@id":"https:\/\/ecoprogress.eu\/de\/produkt\/box-pre-bicykle-typ-01-kombo\/#primaryimage"},"image":{"@id":"https:\/\/ecoprogress.eu\/de\/produkt\/box-pre-bicykle-typ-01-kombo\/#primaryimage"},"thumbnailUrl":"https:\/\/ecoprogress.eu\/wp-content\/uploads\/render4.png","datePublished":"2022-05-19T09:42:23+00:00","dateModified":"2023-11-06T14:53:03+00:00","description":"Box pre bicykle typ 01 kombo je polkruhov\u00e1 kon\u0161trukcia zlo\u017een\u00e1 zo siedmich samostatn\u00fdch bezpe\u010dn\u00fdch parkovac\u00edch miest.\u00a0","breadcrumb":{"@id":"https:\/\/ecoprogress.eu\/de\/produkt\/box-pre-bicykle-typ-01-kombo\/#breadcrumb"},"inLanguage":"de","potentialAction":[{"@type":"ReadAction","target":["https:\/\/ecoprogress.eu\/de\/produkt\/box-pre-bicykle-typ-01-kombo\/"]}]},{"@type":"ImageObject","inLanguage":"de","@id":"https:\/\/ecoprogress.eu\/de\/produkt\/box-pre-bicykle-typ-01-kombo\/#primaryimage","url":"https:\/\/ecoprogress.eu\/wp-content\/uploads\/render4.png","contentUrl":"https:\/\/ecoprogress.eu\/wp-content\/uploads\/render4.png","width":2000,"height":1600},{"@type":"BreadcrumbList","@id":"https:\/\/ecoprogress.eu\/de\/produkt\/box-pre-bicykle-typ-01-kombo\/#breadcrumb","itemListElement":[{"@type":"ListItem","position":1,"name":"Produkte","item":"https:\/\/ecoprogress.eu\/de\/produkte\/"},{"@type":"ListItem","position":2,"name":"Box pre bicykle typ 01 kombo"}]},{"@type":"WebSite","@id":"https:\/\/ecoprogress.eu\/de\/#website","url":"https:\/\/ecoprogress.eu\/de\/","name":"Ecoprogress","description":"","publisher":{"@id":"https:\/\/ecoprogress.eu\/de\/#organization"},"potentialAction":[{"@type":"SearchAction","target":{"@type":"EntryPoint","urlTemplate":"https:\/\/ecoprogress.eu\/de\/?s={search_term_string}"},"query-input":{"@type":"PropertyValueSpecification","valueRequired":true,"valueName":"search_term_string"}}],"inLanguage":"de"},{"@type":"Organization","@id":"https:\/\/ecoprogress.eu\/de\/#organization","name":"Ecoprogress","url":"https:\/\/ecoprogress.eu\/de\/","logo":{"@type":"ImageObject","inLanguage":"de","@id":"https:\/\/ecoprogress.eu\/de\/#\/schema\/logo\/image\/","url":"https:\/\/ecoprogress.eu\/wp-content\/uploads\/logo-2.svg","contentUrl":"https:\/\/ecoprogress.eu\/wp-content\/uploads\/logo-2.svg","width":318,"height":349,"caption":"Ecoprogress"},"image":{"@id":"https:\/\/ecoprogress.eu\/de\/#\/schema\/logo\/image\/"}}]}},"_links":{"self":[{"href":"https:\/\/ecoprogress.eu\/de\/wp-json\/wp\/v2\/product\/13886","targetHints":{"allow":["GET"]}}],"collection":[{"href":"https:\/\/ecoprogress.eu\/de\/wp-json\/wp\/v2\/product"}],"about":[{"href":"https:\/\/ecoprogress.eu\/de\/wp-json\/wp\/v2\/types\/product"}],"version-history":[{"count":0,"href":"https:\/\/ecoprogress.eu\/de\/wp-json\/wp\/v2\/product\/13886\/revisions"}],"wp:featuredmedia":[{"embeddable":true,"href":"https:\/\/ecoprogress.eu\/de\/wp-json\/wp\/v2\/media\/13887"}],"wp:attachment":[{"href":"https:\/\/ecoprogress.eu\/de\/wp-json\/wp\/v2\/media?parent=13886"}],"wp:term":[{"taxonomy":"product_brand","embeddable":true,"href":"https:\/\/ecoprogress.eu\/de\/wp-json\/wp\/v2\/product_brand?post=13886"},{"taxonomy":"product_cat","embeddable":true,"href":"https:\/\/ecoprogress.eu\/de\/wp-json\/wp\/v2\/product_cat?post=13886"},{"taxonomy":"product_tag","embeddable":true,"href":"https:\/\/ecoprogress.eu\/de\/wp-json\/wp\/v2\/product_tag?post=13886"}],"curies":[{"name":"wp","href":"https:\/\/api.w.org\/{rel}","templated":true}]}}