{"id":14058,"date":"2022-05-24T09:11:28","date_gmt":"2022-05-24T07:11:28","guid":{"rendered":"https:\/\/ecoprogress.eu\/?post_type=product&#038;p=14058"},"modified":"2023-11-06T15:59:00","modified_gmt":"2023-11-06T14:59:00","slug":"stojan-zavesny-typ-04","status":"publish","type":"product","link":"https:\/\/ecoprogress.eu\/de\/produkt\/stojan-zavesny-typ-04\/","title":{"rendered":"Stojan z\u00e1vesn\u00fd typ 04"},"content":{"rendered":"<p>\u0160pecifik\u00e1cia:<\/p>\n<ul>\n<li>500 mm<\/li>\n<li>hmotnos\u0165 12 kg<\/li>\n<li>nerezov\u00e1 oce\u013e triedy 304 alebo m\u00e4kk\u00e1 oce\u013e<\/li>\n<li>vn\u00fatorn\u00e1 pod\u0161\u00edvka z neopr\u00e9novej gumy pom\u00e1ha elektricky izolova\u0165 Cyclehoop od st\u013apika lampy<\/li>\n<li>dod\u00e1van\u00e9 s bezpe\u010dnostn\u00fdmi maticami z nehrdzavej\u00facej ocele<\/li>\n<li>k dispoz\u00edcii je pr\u00e1\u0161kov\u00e9 lakovanie<\/li>\n<li>zni\u017euje riziko kr\u00e1de\u017ee<\/li>\n<li>ide\u00e1lny tam, kde je obmedzen\u00fd priestor na chodn\u00edku<\/li>\n<li>dizajn dostupn\u00fd pre st\u013apy s n\u00edzko pr\u00edstupov\u00fdmi panelmi<\/li>\n<li>vlastn\u00e1 konzola, ktor\u00e1 sa hod\u00ed na ak\u00fdko\u013evek kruhov\u00fd alebo nepravideln\u00fd st\u013ap<\/li>\n<\/ul>\n<p>Dodanie 4-6 t\u00fd\u017ed\u0148ov (pod\u013ea stavu skladov\u00fdch z\u00e1sob)<\/p>\n","protected":false},"excerpt":{"rendered":"<p>Stojan z\u00e1vesn\u00fd typ 4 premie\u0148a existuj\u00face osvetlenie a st\u013apy na bezpe\u010dn\u00e9 parkovisko pre dva bicykle. Tento produkt je vyroben\u00fd z nehrdzavej\u00facej ocele alebo m\u00e4kkej ocele a m\u00e1 neopr\u00e9nov\u00fa pod\u0161\u00edvku, ktor\u00e1 elektricky izoluje stojan od st\u013apika. Tento inovat\u00edvny dizajn br\u00e1ni zlodejom zdv\u00edha\u0165 zamknut\u00e9 bicykle cez st\u013apy verejn\u00e9ho osvetlenia a st\u013apy dopravn\u00e9ho zna\u010denia, \u010do umo\u017e\u0148uje cyklistom uzamkn\u00fa\u0165 r\u00e1m a koles\u00e1 a zabr\u00e1ni\u0165 tak ich prevr\u00e1teniu.<\/p>\n","protected":false},"featured_media":14192,"template":"","meta":[],"product_brand":[],"product_cat":[156,329],"product_tag":[],"class_list":{"0":"post-14058","1":"product","2":"type-product","3":"status-publish","4":"has-post-thumbnail","6":"product_cat-stojany-na-bicykle","7":"product_cat-zavesne","9":"first","10":"instock","11":"taxable","12":"shipping-taxable","13":"purchasable","14":"product-type-simple"},"yoast_head":"<!-- This site is optimized with the Yoast SEO plugin v27.2 - https:\/\/yoast.com\/product\/yoast-seo-wordpress\/ -->\n<title>Stojan z\u00e1vesn\u00fd typ 04 | Ecoprogress<\/title>\n<meta name=\"description\" content=\"Stojan z\u00e1vesn\u00fd typ 04 premie\u0148a existuj\u00face osvetlenie a st\u013apy na bezpe\u010dn\u00e9 parkovisko pre dva bicykle.\" \/>\n<meta name=\"robots\" content=\"index, follow, max-snippet:-1, max-image-preview:large, max-video-preview:-1\" \/>\n<link rel=\"canonical\" href=\"https:\/\/ecoprogress.eu\/de\/produkt\/stojan-zavesny-typ-04\/\" \/>\n<meta property=\"og:locale\" content=\"de_DE\" \/>\n<meta property=\"og:type\" content=\"article\" \/>\n<meta property=\"og:title\" content=\"Stojan z\u00e1vesn\u00fd typ 04 | Ecoprogress\" \/>\n<meta property=\"og:description\" content=\"Stojan z\u00e1vesn\u00fd typ 04 premie\u0148a existuj\u00face osvetlenie a st\u013apy na bezpe\u010dn\u00e9 parkovisko pre dva bicykle.\" \/>\n<meta property=\"og:url\" content=\"https:\/\/ecoprogress.eu\/de\/produkt\/stojan-zavesny-typ-04\/\" \/>\n<meta property=\"og:site_name\" content=\"Ecoprogress\" \/>\n<meta property=\"article:modified_time\" content=\"2023-11-06T14:59:00+00:00\" \/>\n<meta property=\"og:image\" content=\"https:\/\/ecoprogress.eu\/wp-content\/uploads\/Snimka-obrazovky-2022-05-24-o-13.49.12.png\" \/>\n\t<meta property=\"og:image:width\" content=\"1116\" \/>\n\t<meta property=\"og:image:height\" content=\"748\" \/>\n\t<meta property=\"og:image:type\" content=\"image\/png\" \/>\n<meta name=\"twitter:card\" content=\"summary_large_image\" \/>\n<meta name=\"twitter:label1\" content=\"Gesch\u00e4tzte Lesezeit\" \/>\n\t<meta name=\"twitter:data1\" content=\"1\u00a0Minute\" \/>\n<script type=\"application\/ld+json\" class=\"yoast-schema-graph\">{\"@context\":\"https:\/\/schema.org\",\"@graph\":[{\"@type\":\"WebPage\",\"@id\":\"https:\/\/ecoprogress.eu\/de\/produkt\/stojan-zavesny-typ-04\/\",\"url\":\"https:\/\/ecoprogress.eu\/de\/produkt\/stojan-zavesny-typ-04\/\",\"name\":\"Stojan z\u00e1vesn\u00fd typ 04 | Ecoprogress\",\"isPartOf\":{\"@id\":\"https:\/\/ecoprogress.eu\/de\/#website\"},\"primaryImageOfPage\":{\"@id\":\"https:\/\/ecoprogress.eu\/de\/produkt\/stojan-zavesny-typ-04\/#primaryimage\"},\"image\":{\"@id\":\"https:\/\/ecoprogress.eu\/de\/produkt\/stojan-zavesny-typ-04\/#primaryimage\"},\"thumbnailUrl\":\"https:\/\/ecoprogress.eu\/wp-content\/uploads\/Snimka-obrazovky-2022-05-24-o-13.49.12.png\",\"datePublished\":\"2022-05-24T07:11:28+00:00\",\"dateModified\":\"2023-11-06T14:59:00+00:00\",\"description\":\"Stojan z\u00e1vesn\u00fd typ 04 premie\u0148a existuj\u00face osvetlenie a st\u013apy na bezpe\u010dn\u00e9 parkovisko pre dva bicykle.\",\"breadcrumb\":{\"@id\":\"https:\/\/ecoprogress.eu\/de\/produkt\/stojan-zavesny-typ-04\/#breadcrumb\"},\"inLanguage\":\"de\",\"potentialAction\":[{\"@type\":\"ReadAction\",\"target\":[\"https:\/\/ecoprogress.eu\/de\/produkt\/stojan-zavesny-typ-04\/\"]}]},{\"@type\":\"ImageObject\",\"inLanguage\":\"de\",\"@id\":\"https:\/\/ecoprogress.eu\/de\/produkt\/stojan-zavesny-typ-04\/#primaryimage\",\"url\":\"https:\/\/ecoprogress.eu\/wp-content\/uploads\/Snimka-obrazovky-2022-05-24-o-13.49.12.png\",\"contentUrl\":\"https:\/\/ecoprogress.eu\/wp-content\/uploads\/Snimka-obrazovky-2022-05-24-o-13.49.12.png\",\"width\":1116,\"height\":748},{\"@type\":\"BreadcrumbList\",\"@id\":\"https:\/\/ecoprogress.eu\/de\/produkt\/stojan-zavesny-typ-04\/#breadcrumb\",\"itemListElement\":[{\"@type\":\"ListItem\",\"position\":1,\"name\":\"Produkte\",\"item\":\"https:\/\/ecoprogress.eu\/de\/produkte\/\"},{\"@type\":\"ListItem\",\"position\":2,\"name\":\"Stojan z\u00e1vesn\u00fd typ 04\"}]},{\"@type\":\"WebSite\",\"@id\":\"https:\/\/ecoprogress.eu\/de\/#website\",\"url\":\"https:\/\/ecoprogress.eu\/de\/\",\"name\":\"Ecoprogress\",\"description\":\"\",\"publisher\":{\"@id\":\"https:\/\/ecoprogress.eu\/de\/#organization\"},\"potentialAction\":[{\"@type\":\"SearchAction\",\"target\":{\"@type\":\"EntryPoint\",\"urlTemplate\":\"https:\/\/ecoprogress.eu\/de\/?s={search_term_string}\"},\"query-input\":{\"@type\":\"PropertyValueSpecification\",\"valueRequired\":true,\"valueName\":\"search_term_string\"}}],\"inLanguage\":\"de\"},{\"@type\":\"Organization\",\"@id\":\"https:\/\/ecoprogress.eu\/de\/#organization\",\"name\":\"Ecoprogress\",\"url\":\"https:\/\/ecoprogress.eu\/de\/\",\"logo\":{\"@type\":\"ImageObject\",\"inLanguage\":\"de\",\"@id\":\"https:\/\/ecoprogress.eu\/de\/#\/schema\/logo\/image\/\",\"url\":\"https:\/\/ecoprogress.eu\/wp-content\/uploads\/logo-2.svg\",\"contentUrl\":\"https:\/\/ecoprogress.eu\/wp-content\/uploads\/logo-2.svg\",\"width\":318,\"height\":349,\"caption\":\"Ecoprogress\"},\"image\":{\"@id\":\"https:\/\/ecoprogress.eu\/de\/#\/schema\/logo\/image\/\"}}]}<\/script>\n<!-- \/ Yoast SEO plugin. -->","yoast_head_json":{"title":"Stojan z\u00e1vesn\u00fd typ 04 | Ecoprogress","description":"Stojan z\u00e1vesn\u00fd typ 04 premie\u0148a existuj\u00face osvetlenie a st\u013apy na bezpe\u010dn\u00e9 parkovisko pre dva bicykle.","robots":{"index":"index","follow":"follow","max-snippet":"max-snippet:-1","max-image-preview":"max-image-preview:large","max-video-preview":"max-video-preview:-1"},"canonical":"https:\/\/ecoprogress.eu\/de\/produkt\/stojan-zavesny-typ-04\/","og_locale":"de_DE","og_type":"article","og_title":"Stojan z\u00e1vesn\u00fd typ 04 | Ecoprogress","og_description":"Stojan z\u00e1vesn\u00fd typ 04 premie\u0148a existuj\u00face osvetlenie a st\u013apy na bezpe\u010dn\u00e9 parkovisko pre dva bicykle.","og_url":"https:\/\/ecoprogress.eu\/de\/produkt\/stojan-zavesny-typ-04\/","og_site_name":"Ecoprogress","article_modified_time":"2023-11-06T14:59:00+00:00","og_image":[{"width":1116,"height":748,"url":"https:\/\/ecoprogress.eu\/wp-content\/uploads\/Snimka-obrazovky-2022-05-24-o-13.49.12.png","type":"image\/png"}],"twitter_card":"summary_large_image","twitter_misc":{"Gesch\u00e4tzte Lesezeit":"1\u00a0Minute"},"schema":{"@context":"https:\/\/schema.org","@graph":[{"@type":"WebPage","@id":"https:\/\/ecoprogress.eu\/de\/produkt\/stojan-zavesny-typ-04\/","url":"https:\/\/ecoprogress.eu\/de\/produkt\/stojan-zavesny-typ-04\/","name":"Stojan z\u00e1vesn\u00fd typ 04 | Ecoprogress","isPartOf":{"@id":"https:\/\/ecoprogress.eu\/de\/#website"},"primaryImageOfPage":{"@id":"https:\/\/ecoprogress.eu\/de\/produkt\/stojan-zavesny-typ-04\/#primaryimage"},"image":{"@id":"https:\/\/ecoprogress.eu\/de\/produkt\/stojan-zavesny-typ-04\/#primaryimage"},"thumbnailUrl":"https:\/\/ecoprogress.eu\/wp-content\/uploads\/Snimka-obrazovky-2022-05-24-o-13.49.12.png","datePublished":"2022-05-24T07:11:28+00:00","dateModified":"2023-11-06T14:59:00+00:00","description":"Stojan z\u00e1vesn\u00fd typ 04 premie\u0148a existuj\u00face osvetlenie a st\u013apy na bezpe\u010dn\u00e9 parkovisko pre dva bicykle.","breadcrumb":{"@id":"https:\/\/ecoprogress.eu\/de\/produkt\/stojan-zavesny-typ-04\/#breadcrumb"},"inLanguage":"de","potentialAction":[{"@type":"ReadAction","target":["https:\/\/ecoprogress.eu\/de\/produkt\/stojan-zavesny-typ-04\/"]}]},{"@type":"ImageObject","inLanguage":"de","@id":"https:\/\/ecoprogress.eu\/de\/produkt\/stojan-zavesny-typ-04\/#primaryimage","url":"https:\/\/ecoprogress.eu\/wp-content\/uploads\/Snimka-obrazovky-2022-05-24-o-13.49.12.png","contentUrl":"https:\/\/ecoprogress.eu\/wp-content\/uploads\/Snimka-obrazovky-2022-05-24-o-13.49.12.png","width":1116,"height":748},{"@type":"BreadcrumbList","@id":"https:\/\/ecoprogress.eu\/de\/produkt\/stojan-zavesny-typ-04\/#breadcrumb","itemListElement":[{"@type":"ListItem","position":1,"name":"Produkte","item":"https:\/\/ecoprogress.eu\/de\/produkte\/"},{"@type":"ListItem","position":2,"name":"Stojan z\u00e1vesn\u00fd typ 04"}]},{"@type":"WebSite","@id":"https:\/\/ecoprogress.eu\/de\/#website","url":"https:\/\/ecoprogress.eu\/de\/","name":"Ecoprogress","description":"","publisher":{"@id":"https:\/\/ecoprogress.eu\/de\/#organization"},"potentialAction":[{"@type":"SearchAction","target":{"@type":"EntryPoint","urlTemplate":"https:\/\/ecoprogress.eu\/de\/?s={search_term_string}"},"query-input":{"@type":"PropertyValueSpecification","valueRequired":true,"valueName":"search_term_string"}}],"inLanguage":"de"},{"@type":"Organization","@id":"https:\/\/ecoprogress.eu\/de\/#organization","name":"Ecoprogress","url":"https:\/\/ecoprogress.eu\/de\/","logo":{"@type":"ImageObject","inLanguage":"de","@id":"https:\/\/ecoprogress.eu\/de\/#\/schema\/logo\/image\/","url":"https:\/\/ecoprogress.eu\/wp-content\/uploads\/logo-2.svg","contentUrl":"https:\/\/ecoprogress.eu\/wp-content\/uploads\/logo-2.svg","width":318,"height":349,"caption":"Ecoprogress"},"image":{"@id":"https:\/\/ecoprogress.eu\/de\/#\/schema\/logo\/image\/"}}]}},"_links":{"self":[{"href":"https:\/\/ecoprogress.eu\/de\/wp-json\/wp\/v2\/product\/14058","targetHints":{"allow":["GET"]}}],"collection":[{"href":"https:\/\/ecoprogress.eu\/de\/wp-json\/wp\/v2\/product"}],"about":[{"href":"https:\/\/ecoprogress.eu\/de\/wp-json\/wp\/v2\/types\/product"}],"version-history":[{"count":0,"href":"https:\/\/ecoprogress.eu\/de\/wp-json\/wp\/v2\/product\/14058\/revisions"}],"wp:featuredmedia":[{"embeddable":true,"href":"https:\/\/ecoprogress.eu\/de\/wp-json\/wp\/v2\/media\/14192"}],"wp:attachment":[{"href":"https:\/\/ecoprogress.eu\/de\/wp-json\/wp\/v2\/media?parent=14058"}],"wp:term":[{"taxonomy":"product_brand","embeddable":true,"href":"https:\/\/ecoprogress.eu\/de\/wp-json\/wp\/v2\/product_brand?post=14058"},{"taxonomy":"product_cat","embeddable":true,"href":"https:\/\/ecoprogress.eu\/de\/wp-json\/wp\/v2\/product_cat?post=14058"},{"taxonomy":"product_tag","embeddable":true,"href":"https:\/\/ecoprogress.eu\/de\/wp-json\/wp\/v2\/product_tag?post=14058"}],"curies":[{"name":"wp","href":"https:\/\/api.w.org\/{rel}","templated":true}]}}