{"id":14062,"date":"2022-05-24T09:23:05","date_gmt":"2022-05-24T07:23:05","guid":{"rendered":"https:\/\/ecoprogress.eu\/?post_type=product&#038;p=14062"},"modified":"2024-04-29T14:10:47","modified_gmt":"2024-04-29T12:10:47","slug":"stojan-zavesny-typ-47","status":"publish","type":"product","link":"https:\/\/ecoprogress.eu\/de\/produkt\/stojan-zavesny-typ-47\/","title":{"rendered":"Stojan modulov\u00fd typ 47"},"content":{"rendered":"<p>\u0160pecifik\u00e1cie:<\/p>\n<ul>\n<li>10 miest (5 stojanov na jednotku)<\/li>\n<li>reg\u00e1ly: M\u00e4kk\u00e1 oce\u013e<\/li>\n<li>telo: hlin\u00edk<\/li>\n<li>ukotven\u00e9 do zeme pomocou skrutiek<\/li>\n<li>p\u00f4sob\u00ed ako bari\u00e9ra na ochranu zaparkovan\u00fdch bicyklov pred autami<\/li>\n<li>parkovanie bicyklov v z\u00e1bavnom tvare<\/li>\n<li>ploch\u00fd dizajn, jednoduch\u00fd na prepravu a in\u0161tal\u00e1ciu<\/li>\n<li>skvel\u00e9 pre udalosti aj trval\u00e9 parkovanie bicyklov<\/li>\n<li>2 \u0161tandardn\u00e9 farby: zelen\u00e1 (RAL 6018) a ru\u017eov\u00e1 (RAL 4010)<\/li>\n<\/ul>\n<p>Rozmery:<\/p>\n<ul>\n<li>4100 mm (d\u013a\u017eka) x 1320 mm (\u0161\u00edrka)<\/li>\n<li>hmotnos\u0165: 120kg<\/li>\n<\/ul>\n<p>Prisp\u00f4sobenie:<\/p>\n<ul>\n<li>m\u00f4\u017ee by\u0165 pr\u00e1\u0161kovo lakovan\u00fd v \u0161irokej \u0161k\u00e1le farieb<\/li>\n<li>reklamn\u00fd panel (predn\u00fd a bo\u010dn\u00fd)<\/li>\n<\/ul>\n<p>Dodanie 4-6 t\u00fd\u017ed\u0148ov (pod\u013ea stavu skladov\u00fdch z\u00e1sob)<\/p>\n","protected":false},"excerpt":{"rendered":"<p>Stojan z\u00e1vesn\u00fd typ 47 je p\u00fatav\u00e9 rie\u0161enie parkovania bicyklov, ktor\u00e9 poskytuje priestor pre 10 bicyklov na \u0161tandardnom parkovacom mieste.<\/p>\n","protected":false},"featured_media":14210,"template":"","meta":[],"product_brand":[],"product_cat":[219,659,156],"product_tag":[],"class_list":{"0":"post-14062","1":"product","2":"type-product","3":"status-publish","4":"has-post-thumbnail","6":"product_cat-modulove","7":"product_cat-ocelovy-mobiliar","8":"product_cat-stojany-na-bicykle","10":"first","11":"instock","12":"taxable","13":"shipping-taxable","14":"purchasable","15":"product-type-simple"},"yoast_head":"<!-- This site is optimized with the Yoast SEO plugin v27.2 - https:\/\/yoast.com\/product\/yoast-seo-wordpress\/ -->\n<title>Stojan modulov\u00fd typ 47 | Ecoprogress<\/title>\n<meta name=\"description\" content=\"Stojan z\u00e1vesn\u00fd typ 47 je p\u00fatav\u00e9 rie\u0161enie parkovania bicyklov, ktor\u00e9 poskytuje priestor pre 10 bicyklov na \u0161tandardnom parkovacom mieste.\" \/>\n<meta name=\"robots\" content=\"index, follow, max-snippet:-1, max-image-preview:large, max-video-preview:-1\" \/>\n<link rel=\"canonical\" href=\"https:\/\/ecoprogress.eu\/de\/produkt\/stojan-zavesny-typ-47\/\" \/>\n<meta property=\"og:locale\" content=\"de_DE\" \/>\n<meta property=\"og:type\" content=\"article\" \/>\n<meta property=\"og:title\" content=\"Stojan modulov\u00fd typ 47 | Ecoprogress\" \/>\n<meta property=\"og:description\" content=\"Stojan z\u00e1vesn\u00fd typ 47 je p\u00fatav\u00e9 rie\u0161enie parkovania bicyklov, ktor\u00e9 poskytuje priestor pre 10 bicyklov na \u0161tandardnom parkovacom mieste.\" \/>\n<meta property=\"og:url\" content=\"https:\/\/ecoprogress.eu\/de\/produkt\/stojan-zavesny-typ-47\/\" \/>\n<meta property=\"og:site_name\" content=\"Ecoprogress\" \/>\n<meta property=\"article:modified_time\" content=\"2024-04-29T12:10:47+00:00\" \/>\n<meta property=\"og:image\" content=\"https:\/\/ecoprogress.eu\/wp-content\/uploads\/Snimka-obrazovky-2022-05-24-o-13.55.54.png\" \/>\n\t<meta property=\"og:image:width\" content=\"1114\" \/>\n\t<meta property=\"og:image:height\" content=\"830\" \/>\n\t<meta property=\"og:image:type\" content=\"image\/png\" \/>\n<meta name=\"twitter:card\" content=\"summary_large_image\" \/>\n<meta name=\"twitter:label1\" content=\"Gesch\u00e4tzte Lesezeit\" \/>\n\t<meta name=\"twitter:data1\" content=\"1\u00a0Minute\" \/>\n<script type=\"application\/ld+json\" class=\"yoast-schema-graph\">{\"@context\":\"https:\/\/schema.org\",\"@graph\":[{\"@type\":\"WebPage\",\"@id\":\"https:\/\/ecoprogress.eu\/de\/produkt\/stojan-zavesny-typ-47\/\",\"url\":\"https:\/\/ecoprogress.eu\/de\/produkt\/stojan-zavesny-typ-47\/\",\"name\":\"Stojan modulov\u00fd typ 47 | Ecoprogress\",\"isPartOf\":{\"@id\":\"https:\/\/ecoprogress.eu\/de\/#website\"},\"primaryImageOfPage\":{\"@id\":\"https:\/\/ecoprogress.eu\/de\/produkt\/stojan-zavesny-typ-47\/#primaryimage\"},\"image\":{\"@id\":\"https:\/\/ecoprogress.eu\/de\/produkt\/stojan-zavesny-typ-47\/#primaryimage\"},\"thumbnailUrl\":\"https:\/\/ecoprogress.eu\/wp-content\/uploads\/Snimka-obrazovky-2022-05-24-o-13.55.54.png\",\"datePublished\":\"2022-05-24T07:23:05+00:00\",\"dateModified\":\"2024-04-29T12:10:47+00:00\",\"description\":\"Stojan z\u00e1vesn\u00fd typ 47 je p\u00fatav\u00e9 rie\u0161enie parkovania bicyklov, ktor\u00e9 poskytuje priestor pre 10 bicyklov na \u0161tandardnom parkovacom mieste.\",\"breadcrumb\":{\"@id\":\"https:\/\/ecoprogress.eu\/de\/produkt\/stojan-zavesny-typ-47\/#breadcrumb\"},\"inLanguage\":\"de\",\"potentialAction\":[{\"@type\":\"ReadAction\",\"target\":[\"https:\/\/ecoprogress.eu\/de\/produkt\/stojan-zavesny-typ-47\/\"]}]},{\"@type\":\"ImageObject\",\"inLanguage\":\"de\",\"@id\":\"https:\/\/ecoprogress.eu\/de\/produkt\/stojan-zavesny-typ-47\/#primaryimage\",\"url\":\"https:\/\/ecoprogress.eu\/wp-content\/uploads\/Snimka-obrazovky-2022-05-24-o-13.55.54.png\",\"contentUrl\":\"https:\/\/ecoprogress.eu\/wp-content\/uploads\/Snimka-obrazovky-2022-05-24-o-13.55.54.png\",\"width\":1114,\"height\":830},{\"@type\":\"BreadcrumbList\",\"@id\":\"https:\/\/ecoprogress.eu\/de\/produkt\/stojan-zavesny-typ-47\/#breadcrumb\",\"itemListElement\":[{\"@type\":\"ListItem\",\"position\":1,\"name\":\"Produkte\",\"item\":\"https:\/\/ecoprogress.eu\/de\/produkte\/\"},{\"@type\":\"ListItem\",\"position\":2,\"name\":\"Stojan modulov\u00fd typ 47\"}]},{\"@type\":\"WebSite\",\"@id\":\"https:\/\/ecoprogress.eu\/de\/#website\",\"url\":\"https:\/\/ecoprogress.eu\/de\/\",\"name\":\"Ecoprogress\",\"description\":\"\",\"publisher\":{\"@id\":\"https:\/\/ecoprogress.eu\/de\/#organization\"},\"potentialAction\":[{\"@type\":\"SearchAction\",\"target\":{\"@type\":\"EntryPoint\",\"urlTemplate\":\"https:\/\/ecoprogress.eu\/de\/?s={search_term_string}\"},\"query-input\":{\"@type\":\"PropertyValueSpecification\",\"valueRequired\":true,\"valueName\":\"search_term_string\"}}],\"inLanguage\":\"de\"},{\"@type\":\"Organization\",\"@id\":\"https:\/\/ecoprogress.eu\/de\/#organization\",\"name\":\"Ecoprogress\",\"url\":\"https:\/\/ecoprogress.eu\/de\/\",\"logo\":{\"@type\":\"ImageObject\",\"inLanguage\":\"de\",\"@id\":\"https:\/\/ecoprogress.eu\/de\/#\/schema\/logo\/image\/\",\"url\":\"https:\/\/ecoprogress.eu\/wp-content\/uploads\/logo-2.svg\",\"contentUrl\":\"https:\/\/ecoprogress.eu\/wp-content\/uploads\/logo-2.svg\",\"width\":318,\"height\":349,\"caption\":\"Ecoprogress\"},\"image\":{\"@id\":\"https:\/\/ecoprogress.eu\/de\/#\/schema\/logo\/image\/\"}}]}<\/script>\n<!-- \/ Yoast SEO plugin. -->","yoast_head_json":{"title":"Stojan modulov\u00fd typ 47 | Ecoprogress","description":"Stojan z\u00e1vesn\u00fd typ 47 je p\u00fatav\u00e9 rie\u0161enie parkovania bicyklov, ktor\u00e9 poskytuje priestor pre 10 bicyklov na \u0161tandardnom parkovacom mieste.","robots":{"index":"index","follow":"follow","max-snippet":"max-snippet:-1","max-image-preview":"max-image-preview:large","max-video-preview":"max-video-preview:-1"},"canonical":"https:\/\/ecoprogress.eu\/de\/produkt\/stojan-zavesny-typ-47\/","og_locale":"de_DE","og_type":"article","og_title":"Stojan modulov\u00fd typ 47 | Ecoprogress","og_description":"Stojan z\u00e1vesn\u00fd typ 47 je p\u00fatav\u00e9 rie\u0161enie parkovania bicyklov, ktor\u00e9 poskytuje priestor pre 10 bicyklov na \u0161tandardnom parkovacom mieste.","og_url":"https:\/\/ecoprogress.eu\/de\/produkt\/stojan-zavesny-typ-47\/","og_site_name":"Ecoprogress","article_modified_time":"2024-04-29T12:10:47+00:00","og_image":[{"width":1114,"height":830,"url":"https:\/\/ecoprogress.eu\/wp-content\/uploads\/Snimka-obrazovky-2022-05-24-o-13.55.54.png","type":"image\/png"}],"twitter_card":"summary_large_image","twitter_misc":{"Gesch\u00e4tzte Lesezeit":"1\u00a0Minute"},"schema":{"@context":"https:\/\/schema.org","@graph":[{"@type":"WebPage","@id":"https:\/\/ecoprogress.eu\/de\/produkt\/stojan-zavesny-typ-47\/","url":"https:\/\/ecoprogress.eu\/de\/produkt\/stojan-zavesny-typ-47\/","name":"Stojan modulov\u00fd typ 47 | Ecoprogress","isPartOf":{"@id":"https:\/\/ecoprogress.eu\/de\/#website"},"primaryImageOfPage":{"@id":"https:\/\/ecoprogress.eu\/de\/produkt\/stojan-zavesny-typ-47\/#primaryimage"},"image":{"@id":"https:\/\/ecoprogress.eu\/de\/produkt\/stojan-zavesny-typ-47\/#primaryimage"},"thumbnailUrl":"https:\/\/ecoprogress.eu\/wp-content\/uploads\/Snimka-obrazovky-2022-05-24-o-13.55.54.png","datePublished":"2022-05-24T07:23:05+00:00","dateModified":"2024-04-29T12:10:47+00:00","description":"Stojan z\u00e1vesn\u00fd typ 47 je p\u00fatav\u00e9 rie\u0161enie parkovania bicyklov, ktor\u00e9 poskytuje priestor pre 10 bicyklov na \u0161tandardnom parkovacom mieste.","breadcrumb":{"@id":"https:\/\/ecoprogress.eu\/de\/produkt\/stojan-zavesny-typ-47\/#breadcrumb"},"inLanguage":"de","potentialAction":[{"@type":"ReadAction","target":["https:\/\/ecoprogress.eu\/de\/produkt\/stojan-zavesny-typ-47\/"]}]},{"@type":"ImageObject","inLanguage":"de","@id":"https:\/\/ecoprogress.eu\/de\/produkt\/stojan-zavesny-typ-47\/#primaryimage","url":"https:\/\/ecoprogress.eu\/wp-content\/uploads\/Snimka-obrazovky-2022-05-24-o-13.55.54.png","contentUrl":"https:\/\/ecoprogress.eu\/wp-content\/uploads\/Snimka-obrazovky-2022-05-24-o-13.55.54.png","width":1114,"height":830},{"@type":"BreadcrumbList","@id":"https:\/\/ecoprogress.eu\/de\/produkt\/stojan-zavesny-typ-47\/#breadcrumb","itemListElement":[{"@type":"ListItem","position":1,"name":"Produkte","item":"https:\/\/ecoprogress.eu\/de\/produkte\/"},{"@type":"ListItem","position":2,"name":"Stojan modulov\u00fd typ 47"}]},{"@type":"WebSite","@id":"https:\/\/ecoprogress.eu\/de\/#website","url":"https:\/\/ecoprogress.eu\/de\/","name":"Ecoprogress","description":"","publisher":{"@id":"https:\/\/ecoprogress.eu\/de\/#organization"},"potentialAction":[{"@type":"SearchAction","target":{"@type":"EntryPoint","urlTemplate":"https:\/\/ecoprogress.eu\/de\/?s={search_term_string}"},"query-input":{"@type":"PropertyValueSpecification","valueRequired":true,"valueName":"search_term_string"}}],"inLanguage":"de"},{"@type":"Organization","@id":"https:\/\/ecoprogress.eu\/de\/#organization","name":"Ecoprogress","url":"https:\/\/ecoprogress.eu\/de\/","logo":{"@type":"ImageObject","inLanguage":"de","@id":"https:\/\/ecoprogress.eu\/de\/#\/schema\/logo\/image\/","url":"https:\/\/ecoprogress.eu\/wp-content\/uploads\/logo-2.svg","contentUrl":"https:\/\/ecoprogress.eu\/wp-content\/uploads\/logo-2.svg","width":318,"height":349,"caption":"Ecoprogress"},"image":{"@id":"https:\/\/ecoprogress.eu\/de\/#\/schema\/logo\/image\/"}}]}},"_links":{"self":[{"href":"https:\/\/ecoprogress.eu\/de\/wp-json\/wp\/v2\/product\/14062","targetHints":{"allow":["GET"]}}],"collection":[{"href":"https:\/\/ecoprogress.eu\/de\/wp-json\/wp\/v2\/product"}],"about":[{"href":"https:\/\/ecoprogress.eu\/de\/wp-json\/wp\/v2\/types\/product"}],"version-history":[{"count":1,"href":"https:\/\/ecoprogress.eu\/de\/wp-json\/wp\/v2\/product\/14062\/revisions"}],"predecessor-version":[{"id":52892,"href":"https:\/\/ecoprogress.eu\/de\/wp-json\/wp\/v2\/product\/14062\/revisions\/52892"}],"wp:featuredmedia":[{"embeddable":true,"href":"https:\/\/ecoprogress.eu\/de\/wp-json\/wp\/v2\/media\/14210"}],"wp:attachment":[{"href":"https:\/\/ecoprogress.eu\/de\/wp-json\/wp\/v2\/media?parent=14062"}],"wp:term":[{"taxonomy":"product_brand","embeddable":true,"href":"https:\/\/ecoprogress.eu\/de\/wp-json\/wp\/v2\/product_brand?post=14062"},{"taxonomy":"product_cat","embeddable":true,"href":"https:\/\/ecoprogress.eu\/de\/wp-json\/wp\/v2\/product_cat?post=14062"},{"taxonomy":"product_tag","embeddable":true,"href":"https:\/\/ecoprogress.eu\/de\/wp-json\/wp\/v2\/product_tag?post=14062"}],"curies":[{"name":"wp","href":"https:\/\/api.w.org\/{rel}","templated":true}]}}