{"id":14064,"date":"2022-05-24T09:33:08","date_gmt":"2022-05-24T07:33:08","guid":{"rendered":"https:\/\/ecoprogress.eu\/?post_type=product&#038;p=14064"},"modified":"2024-04-29T14:11:08","modified_gmt":"2024-04-29T12:11:08","slug":"stojan-modulovy-typ-48","status":"publish","type":"product","link":"https:\/\/ecoprogress.eu\/de\/produkt\/stojan-modulovy-typ-48\/","title":{"rendered":"Stojan modulov\u00fd typ 48"},"content":{"rendered":"<p>\u0160pecifik\u00e1cie:<\/p>\n<ul>\n<li>vynaliezav\u00fd kus pouli\u010dn\u00e9ho n\u00e1bytku, ktor\u00fd poskytuje jasn\u00e9 a dobre vidite\u013en\u00e9 parkovanie a\u017e pre 8 bicyklov<\/li>\n<li>p\u00fatav\u00fd produkt je vidite\u013en\u00fd na dia\u013eku a vysiela jasn\u00fa spr\u00e1vu o d\u00f4le\u017eitosti priestoru pre bicykle.<\/li>\n<li>robustn\u00fd a \u013eahko zostavite\u013en\u00fd dizajn rob\u00ed z tohoto stojanu ide\u00e1lne rie\u0161enie pre trval\u00e9 aj do\u010dasn\u00e9 parkovanie bicyklov.<\/li>\n<li>prich\u00e1dza s r\u00f4znymi mo\u017enos\u0165ami prisp\u00f4sobenia a ozna\u010denia, tak\u017ee si ho m\u00f4\u017eete prisp\u00f4sobi\u0165 svojim potreb\u00e1m.<\/li>\n<\/ul>\n<p>Dodanie 4-6 t\u00fd\u017ed\u0148ov (pod\u013ea stavu skladov\u00fdch z\u00e1sob)<\/p>\n","protected":false},"excerpt":{"rendered":"<p>Stojan z\u00e1vesn\u00fd typ 48 je p\u00fatav\u00fdm rie\u0161en\u00edm parkovania bicyklov, ktor\u00e9 poskytuje priestor pre 8 bicyklov v \u0161tandardnom parkovisku a m\u00e1 tvar bicykla.<\/p>\n","protected":false},"featured_media":14214,"template":"","meta":[],"product_brand":[],"product_cat":[219,659,156],"product_tag":[],"class_list":{"0":"post-14064","1":"product","2":"type-product","3":"status-publish","4":"has-post-thumbnail","6":"product_cat-modulove","7":"product_cat-ocelovy-mobiliar","8":"product_cat-stojany-na-bicykle","10":"first","11":"instock","12":"taxable","13":"shipping-taxable","14":"purchasable","15":"product-type-simple"},"yoast_head":"<!-- This site is optimized with the Yoast SEO plugin v27.2 - https:\/\/yoast.com\/product\/yoast-seo-wordpress\/ -->\n<title>Stojan modulov\u00fd typ 48 | Ecoprogress<\/title>\n<meta name=\"description\" content=\"Stojan z\u00e1vesn\u00fd typ 48 je p\u00fatav\u00fdm rie\u0161en\u00edm parkovania bicyklov, ktor\u00e9 poskytuje priestor pre 8 bicyklov v \u0161tandardnom parkovisku a m\u00e1 tvar bicykla.\" \/>\n<meta name=\"robots\" content=\"index, follow, max-snippet:-1, max-image-preview:large, max-video-preview:-1\" \/>\n<link rel=\"canonical\" href=\"https:\/\/ecoprogress.eu\/de\/produkt\/stojan-modulovy-typ-48\/\" \/>\n<meta property=\"og:locale\" content=\"de_DE\" \/>\n<meta property=\"og:type\" content=\"article\" \/>\n<meta property=\"og:title\" content=\"Stojan modulov\u00fd typ 48 | Ecoprogress\" \/>\n<meta property=\"og:description\" content=\"Stojan z\u00e1vesn\u00fd typ 48 je p\u00fatav\u00fdm rie\u0161en\u00edm parkovania bicyklov, ktor\u00e9 poskytuje priestor pre 8 bicyklov v \u0161tandardnom parkovisku a m\u00e1 tvar bicykla.\" \/>\n<meta property=\"og:url\" content=\"https:\/\/ecoprogress.eu\/de\/produkt\/stojan-modulovy-typ-48\/\" \/>\n<meta property=\"og:site_name\" content=\"Ecoprogress\" \/>\n<meta property=\"article:modified_time\" content=\"2024-04-29T12:11:08+00:00\" \/>\n<meta property=\"og:image\" content=\"https:\/\/ecoprogress.eu\/wp-content\/uploads\/Snimka-obrazovky-2022-05-24-o-13.57.08.png\" \/>\n\t<meta property=\"og:image:width\" content=\"1110\" \/>\n\t<meta property=\"og:image:height\" content=\"728\" \/>\n\t<meta property=\"og:image:type\" content=\"image\/png\" \/>\n<meta name=\"twitter:card\" content=\"summary_large_image\" \/>\n<meta name=\"twitter:label1\" content=\"Gesch\u00e4tzte Lesezeit\" \/>\n\t<meta name=\"twitter:data1\" content=\"1\u00a0Minute\" \/>\n<script type=\"application\/ld+json\" class=\"yoast-schema-graph\">{\"@context\":\"https:\/\/schema.org\",\"@graph\":[{\"@type\":\"WebPage\",\"@id\":\"https:\/\/ecoprogress.eu\/de\/produkt\/stojan-modulovy-typ-48\/\",\"url\":\"https:\/\/ecoprogress.eu\/de\/produkt\/stojan-modulovy-typ-48\/\",\"name\":\"Stojan modulov\u00fd typ 48 | Ecoprogress\",\"isPartOf\":{\"@id\":\"https:\/\/ecoprogress.eu\/de\/#website\"},\"primaryImageOfPage\":{\"@id\":\"https:\/\/ecoprogress.eu\/de\/produkt\/stojan-modulovy-typ-48\/#primaryimage\"},\"image\":{\"@id\":\"https:\/\/ecoprogress.eu\/de\/produkt\/stojan-modulovy-typ-48\/#primaryimage\"},\"thumbnailUrl\":\"https:\/\/ecoprogress.eu\/wp-content\/uploads\/Snimka-obrazovky-2022-05-24-o-13.57.08.png\",\"datePublished\":\"2022-05-24T07:33:08+00:00\",\"dateModified\":\"2024-04-29T12:11:08+00:00\",\"description\":\"Stojan z\u00e1vesn\u00fd typ 48 je p\u00fatav\u00fdm rie\u0161en\u00edm parkovania bicyklov, ktor\u00e9 poskytuje priestor pre 8 bicyklov v \u0161tandardnom parkovisku a m\u00e1 tvar bicykla.\",\"breadcrumb\":{\"@id\":\"https:\/\/ecoprogress.eu\/de\/produkt\/stojan-modulovy-typ-48\/#breadcrumb\"},\"inLanguage\":\"de\",\"potentialAction\":[{\"@type\":\"ReadAction\",\"target\":[\"https:\/\/ecoprogress.eu\/de\/produkt\/stojan-modulovy-typ-48\/\"]}]},{\"@type\":\"ImageObject\",\"inLanguage\":\"de\",\"@id\":\"https:\/\/ecoprogress.eu\/de\/produkt\/stojan-modulovy-typ-48\/#primaryimage\",\"url\":\"https:\/\/ecoprogress.eu\/wp-content\/uploads\/Snimka-obrazovky-2022-05-24-o-13.57.08.png\",\"contentUrl\":\"https:\/\/ecoprogress.eu\/wp-content\/uploads\/Snimka-obrazovky-2022-05-24-o-13.57.08.png\",\"width\":1110,\"height\":728},{\"@type\":\"BreadcrumbList\",\"@id\":\"https:\/\/ecoprogress.eu\/de\/produkt\/stojan-modulovy-typ-48\/#breadcrumb\",\"itemListElement\":[{\"@type\":\"ListItem\",\"position\":1,\"name\":\"Produkte\",\"item\":\"https:\/\/ecoprogress.eu\/de\/produkte\/\"},{\"@type\":\"ListItem\",\"position\":2,\"name\":\"Stojan modulov\u00fd typ 48\"}]},{\"@type\":\"WebSite\",\"@id\":\"https:\/\/ecoprogress.eu\/de\/#website\",\"url\":\"https:\/\/ecoprogress.eu\/de\/\",\"name\":\"Ecoprogress\",\"description\":\"\",\"publisher\":{\"@id\":\"https:\/\/ecoprogress.eu\/de\/#organization\"},\"potentialAction\":[{\"@type\":\"SearchAction\",\"target\":{\"@type\":\"EntryPoint\",\"urlTemplate\":\"https:\/\/ecoprogress.eu\/de\/?s={search_term_string}\"},\"query-input\":{\"@type\":\"PropertyValueSpecification\",\"valueRequired\":true,\"valueName\":\"search_term_string\"}}],\"inLanguage\":\"de\"},{\"@type\":\"Organization\",\"@id\":\"https:\/\/ecoprogress.eu\/de\/#organization\",\"name\":\"Ecoprogress\",\"url\":\"https:\/\/ecoprogress.eu\/de\/\",\"logo\":{\"@type\":\"ImageObject\",\"inLanguage\":\"de\",\"@id\":\"https:\/\/ecoprogress.eu\/de\/#\/schema\/logo\/image\/\",\"url\":\"https:\/\/ecoprogress.eu\/wp-content\/uploads\/logo-2.svg\",\"contentUrl\":\"https:\/\/ecoprogress.eu\/wp-content\/uploads\/logo-2.svg\",\"width\":318,\"height\":349,\"caption\":\"Ecoprogress\"},\"image\":{\"@id\":\"https:\/\/ecoprogress.eu\/de\/#\/schema\/logo\/image\/\"}}]}<\/script>\n<!-- \/ Yoast SEO plugin. -->","yoast_head_json":{"title":"Stojan modulov\u00fd typ 48 | Ecoprogress","description":"Stojan z\u00e1vesn\u00fd typ 48 je p\u00fatav\u00fdm rie\u0161en\u00edm parkovania bicyklov, ktor\u00e9 poskytuje priestor pre 8 bicyklov v \u0161tandardnom parkovisku a m\u00e1 tvar bicykla.","robots":{"index":"index","follow":"follow","max-snippet":"max-snippet:-1","max-image-preview":"max-image-preview:large","max-video-preview":"max-video-preview:-1"},"canonical":"https:\/\/ecoprogress.eu\/de\/produkt\/stojan-modulovy-typ-48\/","og_locale":"de_DE","og_type":"article","og_title":"Stojan modulov\u00fd typ 48 | Ecoprogress","og_description":"Stojan z\u00e1vesn\u00fd typ 48 je p\u00fatav\u00fdm rie\u0161en\u00edm parkovania bicyklov, ktor\u00e9 poskytuje priestor pre 8 bicyklov v \u0161tandardnom parkovisku a m\u00e1 tvar bicykla.","og_url":"https:\/\/ecoprogress.eu\/de\/produkt\/stojan-modulovy-typ-48\/","og_site_name":"Ecoprogress","article_modified_time":"2024-04-29T12:11:08+00:00","og_image":[{"width":1110,"height":728,"url":"https:\/\/ecoprogress.eu\/wp-content\/uploads\/Snimka-obrazovky-2022-05-24-o-13.57.08.png","type":"image\/png"}],"twitter_card":"summary_large_image","twitter_misc":{"Gesch\u00e4tzte Lesezeit":"1\u00a0Minute"},"schema":{"@context":"https:\/\/schema.org","@graph":[{"@type":"WebPage","@id":"https:\/\/ecoprogress.eu\/de\/produkt\/stojan-modulovy-typ-48\/","url":"https:\/\/ecoprogress.eu\/de\/produkt\/stojan-modulovy-typ-48\/","name":"Stojan modulov\u00fd typ 48 | Ecoprogress","isPartOf":{"@id":"https:\/\/ecoprogress.eu\/de\/#website"},"primaryImageOfPage":{"@id":"https:\/\/ecoprogress.eu\/de\/produkt\/stojan-modulovy-typ-48\/#primaryimage"},"image":{"@id":"https:\/\/ecoprogress.eu\/de\/produkt\/stojan-modulovy-typ-48\/#primaryimage"},"thumbnailUrl":"https:\/\/ecoprogress.eu\/wp-content\/uploads\/Snimka-obrazovky-2022-05-24-o-13.57.08.png","datePublished":"2022-05-24T07:33:08+00:00","dateModified":"2024-04-29T12:11:08+00:00","description":"Stojan z\u00e1vesn\u00fd typ 48 je p\u00fatav\u00fdm rie\u0161en\u00edm parkovania bicyklov, ktor\u00e9 poskytuje priestor pre 8 bicyklov v \u0161tandardnom parkovisku a m\u00e1 tvar bicykla.","breadcrumb":{"@id":"https:\/\/ecoprogress.eu\/de\/produkt\/stojan-modulovy-typ-48\/#breadcrumb"},"inLanguage":"de","potentialAction":[{"@type":"ReadAction","target":["https:\/\/ecoprogress.eu\/de\/produkt\/stojan-modulovy-typ-48\/"]}]},{"@type":"ImageObject","inLanguage":"de","@id":"https:\/\/ecoprogress.eu\/de\/produkt\/stojan-modulovy-typ-48\/#primaryimage","url":"https:\/\/ecoprogress.eu\/wp-content\/uploads\/Snimka-obrazovky-2022-05-24-o-13.57.08.png","contentUrl":"https:\/\/ecoprogress.eu\/wp-content\/uploads\/Snimka-obrazovky-2022-05-24-o-13.57.08.png","width":1110,"height":728},{"@type":"BreadcrumbList","@id":"https:\/\/ecoprogress.eu\/de\/produkt\/stojan-modulovy-typ-48\/#breadcrumb","itemListElement":[{"@type":"ListItem","position":1,"name":"Produkte","item":"https:\/\/ecoprogress.eu\/de\/produkte\/"},{"@type":"ListItem","position":2,"name":"Stojan modulov\u00fd typ 48"}]},{"@type":"WebSite","@id":"https:\/\/ecoprogress.eu\/de\/#website","url":"https:\/\/ecoprogress.eu\/de\/","name":"Ecoprogress","description":"","publisher":{"@id":"https:\/\/ecoprogress.eu\/de\/#organization"},"potentialAction":[{"@type":"SearchAction","target":{"@type":"EntryPoint","urlTemplate":"https:\/\/ecoprogress.eu\/de\/?s={search_term_string}"},"query-input":{"@type":"PropertyValueSpecification","valueRequired":true,"valueName":"search_term_string"}}],"inLanguage":"de"},{"@type":"Organization","@id":"https:\/\/ecoprogress.eu\/de\/#organization","name":"Ecoprogress","url":"https:\/\/ecoprogress.eu\/de\/","logo":{"@type":"ImageObject","inLanguage":"de","@id":"https:\/\/ecoprogress.eu\/de\/#\/schema\/logo\/image\/","url":"https:\/\/ecoprogress.eu\/wp-content\/uploads\/logo-2.svg","contentUrl":"https:\/\/ecoprogress.eu\/wp-content\/uploads\/logo-2.svg","width":318,"height":349,"caption":"Ecoprogress"},"image":{"@id":"https:\/\/ecoprogress.eu\/de\/#\/schema\/logo\/image\/"}}]}},"_links":{"self":[{"href":"https:\/\/ecoprogress.eu\/de\/wp-json\/wp\/v2\/product\/14064","targetHints":{"allow":["GET"]}}],"collection":[{"href":"https:\/\/ecoprogress.eu\/de\/wp-json\/wp\/v2\/product"}],"about":[{"href":"https:\/\/ecoprogress.eu\/de\/wp-json\/wp\/v2\/types\/product"}],"version-history":[{"count":2,"href":"https:\/\/ecoprogress.eu\/de\/wp-json\/wp\/v2\/product\/14064\/revisions"}],"predecessor-version":[{"id":52894,"href":"https:\/\/ecoprogress.eu\/de\/wp-json\/wp\/v2\/product\/14064\/revisions\/52894"}],"wp:featuredmedia":[{"embeddable":true,"href":"https:\/\/ecoprogress.eu\/de\/wp-json\/wp\/v2\/media\/14214"}],"wp:attachment":[{"href":"https:\/\/ecoprogress.eu\/de\/wp-json\/wp\/v2\/media?parent=14064"}],"wp:term":[{"taxonomy":"product_brand","embeddable":true,"href":"https:\/\/ecoprogress.eu\/de\/wp-json\/wp\/v2\/product_brand?post=14064"},{"taxonomy":"product_cat","embeddable":true,"href":"https:\/\/ecoprogress.eu\/de\/wp-json\/wp\/v2\/product_cat?post=14064"},{"taxonomy":"product_tag","embeddable":true,"href":"https:\/\/ecoprogress.eu\/de\/wp-json\/wp\/v2\/product_tag?post=14064"}],"curies":[{"name":"wp","href":"https:\/\/api.w.org\/{rel}","templated":true}]}}