{"id":14070,"date":"2022-05-24T10:24:32","date_gmt":"2022-05-24T08:24:32","guid":{"rendered":"https:\/\/ecoprogress.eu\/?post_type=product&#038;p=14070"},"modified":"2024-04-29T14:15:53","modified_gmt":"2024-04-29T12:15:53","slug":"nabijacia-stanica-typ-03","status":"publish","type":"product","link":"https:\/\/ecoprogress.eu\/de\/produkt\/nabijacia-stanica-typ-03\/","title":{"rendered":"Nab\u00edjacia stanica typ 03"},"content":{"rendered":"<p>V\u010faka svojej robustnej kon\u0161trukcii je nab\u00edjac\u00ed st\u013ap ide\u00e1lny do miest. \u0160tandardn\u00e1 verzia je dod\u00e1van\u00e1 s 2 vodotesn\u00fdmi z\u00e1suvkami. Preto\u017ee je pripojen\u00fd k sieti, jeho pou\u017eitie je ve\u013emi jednoduch\u00e9; sta\u010d\u00ed zapoji\u0165 a nabi\u0165 svoj e-bike, sk\u00fater, invalidn\u00fd voz\u00edk alebo in\u00e9 zariadenie.<\/p>\n<p>Dodanie 4-6 t\u00fd\u017ed\u0148ov (pod\u013ea stavu skladov\u00fdch z\u00e1sob)<\/p>\n","protected":false},"excerpt":{"rendered":"<p>Nab\u00edjacia stanica typ 3 je nab\u00edjac\u00edm st\u013apom pre elektrick\u00e9 bicykle, ktor\u00e1 je \u0161etrn\u00e1 k \u017eivotn\u00e9mu prostrediu a v\u0161estrann\u00e1. Umo\u017e\u0148uje nakladanie bicyklov, kolobe\u017eiek alebo elektrick\u00fdch invalidn\u00fdch voz\u00edkov, pri\u010dom je mimoriadne bezpe\u010dn\u00e1 a chr\u00e1nen\u00e1.<\/p>\n","protected":false},"featured_media":14160,"template":"","meta":[],"product_brand":[],"product_cat":[330,659],"product_tag":[],"class_list":{"0":"post-14070","1":"product","2":"type-product","3":"status-publish","4":"has-post-thumbnail","6":"product_cat-elektricke-nabijacie-stanice","7":"product_cat-ocelovy-mobiliar","9":"first","10":"instock","11":"featured","12":"taxable","13":"shipping-taxable","14":"purchasable","15":"product-type-variable"},"yoast_head":"<!-- This site is optimized with the Yoast SEO plugin v27.2 - https:\/\/yoast.com\/product\/yoast-seo-wordpress\/ -->\n<title>Nab\u00edjacia stanica typ 03 | Ecoprogress<\/title>\n<meta name=\"description\" content=\"Nab\u00edjacia stanica typ 03 je nab\u00edjac\u00edm st\u013apom pre elektrick\u00e9 bicykle, ktor\u00e1 je \u0161etrn\u00e1 k \u017eivotn\u00e9mu prostrediu a v\u0161estrann\u00e1.\" \/>\n<meta name=\"robots\" content=\"index, follow, max-snippet:-1, max-image-preview:large, max-video-preview:-1\" \/>\n<link rel=\"canonical\" href=\"https:\/\/ecoprogress.eu\/de\/produkt\/nabijacia-stanica-typ-03\/\" \/>\n<meta property=\"og:locale\" content=\"de_DE\" \/>\n<meta property=\"og:type\" content=\"article\" \/>\n<meta property=\"og:title\" content=\"Nab\u00edjacia stanica typ 03 | Ecoprogress\" \/>\n<meta property=\"og:description\" content=\"Nab\u00edjacia stanica typ 03 je nab\u00edjac\u00edm st\u013apom pre elektrick\u00e9 bicykle, ktor\u00e1 je \u0161etrn\u00e1 k \u017eivotn\u00e9mu prostrediu a v\u0161estrann\u00e1.\" \/>\n<meta property=\"og:url\" content=\"https:\/\/ecoprogress.eu\/de\/produkt\/nabijacia-stanica-typ-03\/\" \/>\n<meta property=\"og:site_name\" content=\"Ecoprogress\" \/>\n<meta property=\"article:modified_time\" content=\"2024-04-29T12:15:53+00:00\" \/>\n<meta property=\"og:image\" content=\"https:\/\/ecoprogress.eu\/wp-content\/uploads\/Bicicharger-Pole-Green-Bike.jpg\" \/>\n\t<meta property=\"og:image:width\" content=\"800\" \/>\n\t<meta property=\"og:image:height\" content=\"675\" \/>\n\t<meta property=\"og:image:type\" content=\"image\/jpeg\" \/>\n<meta name=\"twitter:card\" content=\"summary_large_image\" \/>\n<meta name=\"twitter:label1\" content=\"Gesch\u00e4tzte Lesezeit\" \/>\n\t<meta name=\"twitter:data1\" content=\"1\u00a0Minute\" \/>\n<script type=\"application\/ld+json\" class=\"yoast-schema-graph\">{\"@context\":\"https:\/\/schema.org\",\"@graph\":[{\"@type\":\"WebPage\",\"@id\":\"https:\/\/ecoprogress.eu\/de\/produkt\/nabijacia-stanica-typ-03\/\",\"url\":\"https:\/\/ecoprogress.eu\/de\/produkt\/nabijacia-stanica-typ-03\/\",\"name\":\"Nab\u00edjacia stanica typ 03 | Ecoprogress\",\"isPartOf\":{\"@id\":\"https:\/\/ecoprogress.eu\/de\/#website\"},\"primaryImageOfPage\":{\"@id\":\"https:\/\/ecoprogress.eu\/de\/produkt\/nabijacia-stanica-typ-03\/#primaryimage\"},\"image\":{\"@id\":\"https:\/\/ecoprogress.eu\/de\/produkt\/nabijacia-stanica-typ-03\/#primaryimage\"},\"thumbnailUrl\":\"https:\/\/ecoprogress.eu\/wp-content\/uploads\/Bicicharger-Pole-Green-Bike.jpg\",\"datePublished\":\"2022-05-24T08:24:32+00:00\",\"dateModified\":\"2024-04-29T12:15:53+00:00\",\"description\":\"Nab\u00edjacia stanica typ 03 je nab\u00edjac\u00edm st\u013apom pre elektrick\u00e9 bicykle, ktor\u00e1 je \u0161etrn\u00e1 k \u017eivotn\u00e9mu prostrediu a v\u0161estrann\u00e1.\",\"breadcrumb\":{\"@id\":\"https:\/\/ecoprogress.eu\/de\/produkt\/nabijacia-stanica-typ-03\/#breadcrumb\"},\"inLanguage\":\"de\",\"potentialAction\":[{\"@type\":\"ReadAction\",\"target\":[\"https:\/\/ecoprogress.eu\/de\/produkt\/nabijacia-stanica-typ-03\/\"]}]},{\"@type\":\"ImageObject\",\"inLanguage\":\"de\",\"@id\":\"https:\/\/ecoprogress.eu\/de\/produkt\/nabijacia-stanica-typ-03\/#primaryimage\",\"url\":\"https:\/\/ecoprogress.eu\/wp-content\/uploads\/Bicicharger-Pole-Green-Bike.jpg\",\"contentUrl\":\"https:\/\/ecoprogress.eu\/wp-content\/uploads\/Bicicharger-Pole-Green-Bike.jpg\",\"width\":800,\"height\":675},{\"@type\":\"BreadcrumbList\",\"@id\":\"https:\/\/ecoprogress.eu\/de\/produkt\/nabijacia-stanica-typ-03\/#breadcrumb\",\"itemListElement\":[{\"@type\":\"ListItem\",\"position\":1,\"name\":\"Produkte\",\"item\":\"https:\/\/ecoprogress.eu\/de\/produkte\/\"},{\"@type\":\"ListItem\",\"position\":2,\"name\":\"Nab\u00edjacia stanica typ 03\"}]},{\"@type\":\"WebSite\",\"@id\":\"https:\/\/ecoprogress.eu\/de\/#website\",\"url\":\"https:\/\/ecoprogress.eu\/de\/\",\"name\":\"Ecoprogress\",\"description\":\"\",\"publisher\":{\"@id\":\"https:\/\/ecoprogress.eu\/de\/#organization\"},\"potentialAction\":[{\"@type\":\"SearchAction\",\"target\":{\"@type\":\"EntryPoint\",\"urlTemplate\":\"https:\/\/ecoprogress.eu\/de\/?s={search_term_string}\"},\"query-input\":{\"@type\":\"PropertyValueSpecification\",\"valueRequired\":true,\"valueName\":\"search_term_string\"}}],\"inLanguage\":\"de\"},{\"@type\":\"Organization\",\"@id\":\"https:\/\/ecoprogress.eu\/de\/#organization\",\"name\":\"Ecoprogress\",\"url\":\"https:\/\/ecoprogress.eu\/de\/\",\"logo\":{\"@type\":\"ImageObject\",\"inLanguage\":\"de\",\"@id\":\"https:\/\/ecoprogress.eu\/de\/#\/schema\/logo\/image\/\",\"url\":\"https:\/\/ecoprogress.eu\/wp-content\/uploads\/logo-2.svg\",\"contentUrl\":\"https:\/\/ecoprogress.eu\/wp-content\/uploads\/logo-2.svg\",\"width\":318,\"height\":349,\"caption\":\"Ecoprogress\"},\"image\":{\"@id\":\"https:\/\/ecoprogress.eu\/de\/#\/schema\/logo\/image\/\"}}]}<\/script>\n<!-- \/ Yoast SEO plugin. -->","yoast_head_json":{"title":"Nab\u00edjacia stanica typ 03 | Ecoprogress","description":"Nab\u00edjacia stanica typ 03 je nab\u00edjac\u00edm st\u013apom pre elektrick\u00e9 bicykle, ktor\u00e1 je \u0161etrn\u00e1 k \u017eivotn\u00e9mu prostrediu a v\u0161estrann\u00e1.","robots":{"index":"index","follow":"follow","max-snippet":"max-snippet:-1","max-image-preview":"max-image-preview:large","max-video-preview":"max-video-preview:-1"},"canonical":"https:\/\/ecoprogress.eu\/de\/produkt\/nabijacia-stanica-typ-03\/","og_locale":"de_DE","og_type":"article","og_title":"Nab\u00edjacia stanica typ 03 | Ecoprogress","og_description":"Nab\u00edjacia stanica typ 03 je nab\u00edjac\u00edm st\u013apom pre elektrick\u00e9 bicykle, ktor\u00e1 je \u0161etrn\u00e1 k \u017eivotn\u00e9mu prostrediu a v\u0161estrann\u00e1.","og_url":"https:\/\/ecoprogress.eu\/de\/produkt\/nabijacia-stanica-typ-03\/","og_site_name":"Ecoprogress","article_modified_time":"2024-04-29T12:15:53+00:00","og_image":[{"width":800,"height":675,"url":"https:\/\/ecoprogress.eu\/wp-content\/uploads\/Bicicharger-Pole-Green-Bike.jpg","type":"image\/jpeg"}],"twitter_card":"summary_large_image","twitter_misc":{"Gesch\u00e4tzte Lesezeit":"1\u00a0Minute"},"schema":{"@context":"https:\/\/schema.org","@graph":[{"@type":"WebPage","@id":"https:\/\/ecoprogress.eu\/de\/produkt\/nabijacia-stanica-typ-03\/","url":"https:\/\/ecoprogress.eu\/de\/produkt\/nabijacia-stanica-typ-03\/","name":"Nab\u00edjacia stanica typ 03 | Ecoprogress","isPartOf":{"@id":"https:\/\/ecoprogress.eu\/de\/#website"},"primaryImageOfPage":{"@id":"https:\/\/ecoprogress.eu\/de\/produkt\/nabijacia-stanica-typ-03\/#primaryimage"},"image":{"@id":"https:\/\/ecoprogress.eu\/de\/produkt\/nabijacia-stanica-typ-03\/#primaryimage"},"thumbnailUrl":"https:\/\/ecoprogress.eu\/wp-content\/uploads\/Bicicharger-Pole-Green-Bike.jpg","datePublished":"2022-05-24T08:24:32+00:00","dateModified":"2024-04-29T12:15:53+00:00","description":"Nab\u00edjacia stanica typ 03 je nab\u00edjac\u00edm st\u013apom pre elektrick\u00e9 bicykle, ktor\u00e1 je \u0161etrn\u00e1 k \u017eivotn\u00e9mu prostrediu a v\u0161estrann\u00e1.","breadcrumb":{"@id":"https:\/\/ecoprogress.eu\/de\/produkt\/nabijacia-stanica-typ-03\/#breadcrumb"},"inLanguage":"de","potentialAction":[{"@type":"ReadAction","target":["https:\/\/ecoprogress.eu\/de\/produkt\/nabijacia-stanica-typ-03\/"]}]},{"@type":"ImageObject","inLanguage":"de","@id":"https:\/\/ecoprogress.eu\/de\/produkt\/nabijacia-stanica-typ-03\/#primaryimage","url":"https:\/\/ecoprogress.eu\/wp-content\/uploads\/Bicicharger-Pole-Green-Bike.jpg","contentUrl":"https:\/\/ecoprogress.eu\/wp-content\/uploads\/Bicicharger-Pole-Green-Bike.jpg","width":800,"height":675},{"@type":"BreadcrumbList","@id":"https:\/\/ecoprogress.eu\/de\/produkt\/nabijacia-stanica-typ-03\/#breadcrumb","itemListElement":[{"@type":"ListItem","position":1,"name":"Produkte","item":"https:\/\/ecoprogress.eu\/de\/produkte\/"},{"@type":"ListItem","position":2,"name":"Nab\u00edjacia stanica typ 03"}]},{"@type":"WebSite","@id":"https:\/\/ecoprogress.eu\/de\/#website","url":"https:\/\/ecoprogress.eu\/de\/","name":"Ecoprogress","description":"","publisher":{"@id":"https:\/\/ecoprogress.eu\/de\/#organization"},"potentialAction":[{"@type":"SearchAction","target":{"@type":"EntryPoint","urlTemplate":"https:\/\/ecoprogress.eu\/de\/?s={search_term_string}"},"query-input":{"@type":"PropertyValueSpecification","valueRequired":true,"valueName":"search_term_string"}}],"inLanguage":"de"},{"@type":"Organization","@id":"https:\/\/ecoprogress.eu\/de\/#organization","name":"Ecoprogress","url":"https:\/\/ecoprogress.eu\/de\/","logo":{"@type":"ImageObject","inLanguage":"de","@id":"https:\/\/ecoprogress.eu\/de\/#\/schema\/logo\/image\/","url":"https:\/\/ecoprogress.eu\/wp-content\/uploads\/logo-2.svg","contentUrl":"https:\/\/ecoprogress.eu\/wp-content\/uploads\/logo-2.svg","width":318,"height":349,"caption":"Ecoprogress"},"image":{"@id":"https:\/\/ecoprogress.eu\/de\/#\/schema\/logo\/image\/"}}]}},"_links":{"self":[{"href":"https:\/\/ecoprogress.eu\/de\/wp-json\/wp\/v2\/product\/14070","targetHints":{"allow":["GET"]}}],"collection":[{"href":"https:\/\/ecoprogress.eu\/de\/wp-json\/wp\/v2\/product"}],"about":[{"href":"https:\/\/ecoprogress.eu\/de\/wp-json\/wp\/v2\/types\/product"}],"version-history":[{"count":2,"href":"https:\/\/ecoprogress.eu\/de\/wp-json\/wp\/v2\/product\/14070\/revisions"}],"predecessor-version":[{"id":52899,"href":"https:\/\/ecoprogress.eu\/de\/wp-json\/wp\/v2\/product\/14070\/revisions\/52899"}],"wp:featuredmedia":[{"embeddable":true,"href":"https:\/\/ecoprogress.eu\/de\/wp-json\/wp\/v2\/media\/14160"}],"wp:attachment":[{"href":"https:\/\/ecoprogress.eu\/de\/wp-json\/wp\/v2\/media?parent=14070"}],"wp:term":[{"taxonomy":"product_brand","embeddable":true,"href":"https:\/\/ecoprogress.eu\/de\/wp-json\/wp\/v2\/product_brand?post=14070"},{"taxonomy":"product_cat","embeddable":true,"href":"https:\/\/ecoprogress.eu\/de\/wp-json\/wp\/v2\/product_cat?post=14070"},{"taxonomy":"product_tag","embeddable":true,"href":"https:\/\/ecoprogress.eu\/de\/wp-json\/wp\/v2\/product_tag?post=14070"}],"curies":[{"name":"wp","href":"https:\/\/api.w.org\/{rel}","templated":true}]}}