{"id":14072,"date":"2022-05-24T10:33:35","date_gmt":"2022-05-24T08:33:35","guid":{"rendered":"https:\/\/ecoprogress.eu\/?post_type=product&#038;p=14072"},"modified":"2024-04-29T14:14:50","modified_gmt":"2024-04-29T12:14:50","slug":"nabijacia-stanica-typ-04","status":"publish","type":"product","link":"https:\/\/ecoprogress.eu\/de\/produkt\/nabijacia-stanica-typ-04\/","title":{"rendered":"Nab\u00edjacia stanica typ 04"},"content":{"rendered":"<p>Nab\u00edjacia stanica typ 4 umo\u017e\u0148uje s\u00fa\u010dasn\u00e9 nab\u00edjanie a\u017e 3 bicyklov. Bola vyvinut\u00e1 na mont\u00e1\u017e na zvisl\u00e9 plochy a obsahuje certifikovan\u00e9 chr\u00e1nen\u00e9 z\u00e1suvky pri\u010dom je chr\u00e1nen\u00e1 proti vandalizmu.<\/p>\n<p>Ide o vn\u00fatorn\u00e9 alebo vonkaj\u0161ie rie\u0161enie ide\u00e1lne na pr\u00e1cu pripojen\u00fa k elektrickej sieti alebo k auton\u00f3mnemu sol\u00e1rnemu nab\u00edjaciemu bodu s bat\u00e9riami.<\/p>\n<p>&nbsp;<\/p>\n","protected":false},"excerpt":{"rendered":"<p>Nab\u00edjacia stanica typ 4 je ekologickou nab\u00edjacou stanicou pre elektrick\u00e9 bicykle, ktor\u00fa m\u00f4\u017eete umiestni\u0165 vo vn\u00fatri alebo vonku v\u010faka chr\u00e1nen\u00fdm z\u00e1suvk\u00e1m.<\/p>\n","protected":false},"featured_media":14232,"template":"","meta":[],"product_brand":[],"product_cat":[330,659],"product_tag":[],"class_list":{"0":"post-14072","1":"product","2":"type-product","3":"status-publish","4":"has-post-thumbnail","6":"product_cat-elektricke-nabijacie-stanice","7":"product_cat-ocelovy-mobiliar","9":"first","10":"instock","11":"featured","12":"taxable","13":"shipping-taxable","14":"purchasable","15":"product-type-simple"},"yoast_head":"<!-- This site is optimized with the Yoast SEO plugin v27.2 - https:\/\/yoast.com\/product\/yoast-seo-wordpress\/ -->\n<title>Nab\u00edjacia stanica typ 04 | Ecoprogress<\/title>\n<meta name=\"description\" content=\"Nab\u00edjacia stanica typ 04 je ekologickou nab\u00edjacou stanicou pre elektrick\u00e9 bicykle, ktor\u00fa m\u00f4\u017eete umiestni\u0165 vo vn\u00fatri alebo vonku v\u010faka chr\u00e1nen\u00fdm z\u00e1suvk\u00e1m.\" \/>\n<meta name=\"robots\" content=\"index, follow, max-snippet:-1, max-image-preview:large, max-video-preview:-1\" \/>\n<link rel=\"canonical\" href=\"https:\/\/ecoprogress.eu\/de\/produkt\/nabijacia-stanica-typ-04\/\" \/>\n<meta property=\"og:locale\" content=\"de_DE\" \/>\n<meta property=\"og:type\" content=\"article\" \/>\n<meta property=\"og:title\" content=\"Nab\u00edjacia stanica typ 04 | Ecoprogress\" \/>\n<meta property=\"og:description\" content=\"Nab\u00edjacia stanica typ 04 je ekologickou nab\u00edjacou stanicou pre elektrick\u00e9 bicykle, ktor\u00fa m\u00f4\u017eete umiestni\u0165 vo vn\u00fatri alebo vonku v\u010faka chr\u00e1nen\u00fdm z\u00e1suvk\u00e1m.\" \/>\n<meta property=\"og:url\" content=\"https:\/\/ecoprogress.eu\/de\/produkt\/nabijacia-stanica-typ-04\/\" \/>\n<meta property=\"og:site_name\" content=\"Ecoprogress\" \/>\n<meta property=\"article:modified_time\" content=\"2024-04-29T12:14:50+00:00\" \/>\n<meta property=\"og:image\" content=\"https:\/\/ecoprogress.eu\/wp-content\/uploads\/nabijaciastanica4-512.png\" \/>\n\t<meta property=\"og:image:width\" content=\"512\" \/>\n\t<meta property=\"og:image:height\" content=\"512\" \/>\n\t<meta property=\"og:image:type\" content=\"image\/png\" \/>\n<meta name=\"twitter:card\" content=\"summary_large_image\" \/>\n<meta name=\"twitter:label1\" content=\"Gesch\u00e4tzte Lesezeit\" \/>\n\t<meta name=\"twitter:data1\" content=\"1\u00a0Minute\" \/>\n<script type=\"application\/ld+json\" class=\"yoast-schema-graph\">{\"@context\":\"https:\/\/schema.org\",\"@graph\":[{\"@type\":\"WebPage\",\"@id\":\"https:\/\/ecoprogress.eu\/de\/produkt\/nabijacia-stanica-typ-04\/\",\"url\":\"https:\/\/ecoprogress.eu\/de\/produkt\/nabijacia-stanica-typ-04\/\",\"name\":\"Nab\u00edjacia stanica typ 04 | Ecoprogress\",\"isPartOf\":{\"@id\":\"https:\/\/ecoprogress.eu\/de\/#website\"},\"primaryImageOfPage\":{\"@id\":\"https:\/\/ecoprogress.eu\/de\/produkt\/nabijacia-stanica-typ-04\/#primaryimage\"},\"image\":{\"@id\":\"https:\/\/ecoprogress.eu\/de\/produkt\/nabijacia-stanica-typ-04\/#primaryimage\"},\"thumbnailUrl\":\"https:\/\/ecoprogress.eu\/wp-content\/uploads\/nabijaciastanica4-512.png\",\"datePublished\":\"2022-05-24T08:33:35+00:00\",\"dateModified\":\"2024-04-29T12:14:50+00:00\",\"description\":\"Nab\u00edjacia stanica typ 04 je ekologickou nab\u00edjacou stanicou pre elektrick\u00e9 bicykle, ktor\u00fa m\u00f4\u017eete umiestni\u0165 vo vn\u00fatri alebo vonku v\u010faka chr\u00e1nen\u00fdm z\u00e1suvk\u00e1m.\",\"breadcrumb\":{\"@id\":\"https:\/\/ecoprogress.eu\/de\/produkt\/nabijacia-stanica-typ-04\/#breadcrumb\"},\"inLanguage\":\"de\",\"potentialAction\":[{\"@type\":\"ReadAction\",\"target\":[\"https:\/\/ecoprogress.eu\/de\/produkt\/nabijacia-stanica-typ-04\/\"]}]},{\"@type\":\"ImageObject\",\"inLanguage\":\"de\",\"@id\":\"https:\/\/ecoprogress.eu\/de\/produkt\/nabijacia-stanica-typ-04\/#primaryimage\",\"url\":\"https:\/\/ecoprogress.eu\/wp-content\/uploads\/nabijaciastanica4-512.png\",\"contentUrl\":\"https:\/\/ecoprogress.eu\/wp-content\/uploads\/nabijaciastanica4-512.png\",\"width\":512,\"height\":512},{\"@type\":\"BreadcrumbList\",\"@id\":\"https:\/\/ecoprogress.eu\/de\/produkt\/nabijacia-stanica-typ-04\/#breadcrumb\",\"itemListElement\":[{\"@type\":\"ListItem\",\"position\":1,\"name\":\"Produkte\",\"item\":\"https:\/\/ecoprogress.eu\/de\/produkte\/\"},{\"@type\":\"ListItem\",\"position\":2,\"name\":\"Nab\u00edjacia stanica typ 04\"}]},{\"@type\":\"WebSite\",\"@id\":\"https:\/\/ecoprogress.eu\/de\/#website\",\"url\":\"https:\/\/ecoprogress.eu\/de\/\",\"name\":\"Ecoprogress\",\"description\":\"\",\"publisher\":{\"@id\":\"https:\/\/ecoprogress.eu\/de\/#organization\"},\"potentialAction\":[{\"@type\":\"SearchAction\",\"target\":{\"@type\":\"EntryPoint\",\"urlTemplate\":\"https:\/\/ecoprogress.eu\/de\/?s={search_term_string}\"},\"query-input\":{\"@type\":\"PropertyValueSpecification\",\"valueRequired\":true,\"valueName\":\"search_term_string\"}}],\"inLanguage\":\"de\"},{\"@type\":\"Organization\",\"@id\":\"https:\/\/ecoprogress.eu\/de\/#organization\",\"name\":\"Ecoprogress\",\"url\":\"https:\/\/ecoprogress.eu\/de\/\",\"logo\":{\"@type\":\"ImageObject\",\"inLanguage\":\"de\",\"@id\":\"https:\/\/ecoprogress.eu\/de\/#\/schema\/logo\/image\/\",\"url\":\"https:\/\/ecoprogress.eu\/wp-content\/uploads\/logo-2.svg\",\"contentUrl\":\"https:\/\/ecoprogress.eu\/wp-content\/uploads\/logo-2.svg\",\"width\":318,\"height\":349,\"caption\":\"Ecoprogress\"},\"image\":{\"@id\":\"https:\/\/ecoprogress.eu\/de\/#\/schema\/logo\/image\/\"}}]}<\/script>\n<!-- \/ Yoast SEO plugin. -->","yoast_head_json":{"title":"Nab\u00edjacia stanica typ 04 | Ecoprogress","description":"Nab\u00edjacia stanica typ 04 je ekologickou nab\u00edjacou stanicou pre elektrick\u00e9 bicykle, ktor\u00fa m\u00f4\u017eete umiestni\u0165 vo vn\u00fatri alebo vonku v\u010faka chr\u00e1nen\u00fdm z\u00e1suvk\u00e1m.","robots":{"index":"index","follow":"follow","max-snippet":"max-snippet:-1","max-image-preview":"max-image-preview:large","max-video-preview":"max-video-preview:-1"},"canonical":"https:\/\/ecoprogress.eu\/de\/produkt\/nabijacia-stanica-typ-04\/","og_locale":"de_DE","og_type":"article","og_title":"Nab\u00edjacia stanica typ 04 | Ecoprogress","og_description":"Nab\u00edjacia stanica typ 04 je ekologickou nab\u00edjacou stanicou pre elektrick\u00e9 bicykle, ktor\u00fa m\u00f4\u017eete umiestni\u0165 vo vn\u00fatri alebo vonku v\u010faka chr\u00e1nen\u00fdm z\u00e1suvk\u00e1m.","og_url":"https:\/\/ecoprogress.eu\/de\/produkt\/nabijacia-stanica-typ-04\/","og_site_name":"Ecoprogress","article_modified_time":"2024-04-29T12:14:50+00:00","og_image":[{"width":512,"height":512,"url":"https:\/\/ecoprogress.eu\/wp-content\/uploads\/nabijaciastanica4-512.png","type":"image\/png"}],"twitter_card":"summary_large_image","twitter_misc":{"Gesch\u00e4tzte Lesezeit":"1\u00a0Minute"},"schema":{"@context":"https:\/\/schema.org","@graph":[{"@type":"WebPage","@id":"https:\/\/ecoprogress.eu\/de\/produkt\/nabijacia-stanica-typ-04\/","url":"https:\/\/ecoprogress.eu\/de\/produkt\/nabijacia-stanica-typ-04\/","name":"Nab\u00edjacia stanica typ 04 | Ecoprogress","isPartOf":{"@id":"https:\/\/ecoprogress.eu\/de\/#website"},"primaryImageOfPage":{"@id":"https:\/\/ecoprogress.eu\/de\/produkt\/nabijacia-stanica-typ-04\/#primaryimage"},"image":{"@id":"https:\/\/ecoprogress.eu\/de\/produkt\/nabijacia-stanica-typ-04\/#primaryimage"},"thumbnailUrl":"https:\/\/ecoprogress.eu\/wp-content\/uploads\/nabijaciastanica4-512.png","datePublished":"2022-05-24T08:33:35+00:00","dateModified":"2024-04-29T12:14:50+00:00","description":"Nab\u00edjacia stanica typ 04 je ekologickou nab\u00edjacou stanicou pre elektrick\u00e9 bicykle, ktor\u00fa m\u00f4\u017eete umiestni\u0165 vo vn\u00fatri alebo vonku v\u010faka chr\u00e1nen\u00fdm z\u00e1suvk\u00e1m.","breadcrumb":{"@id":"https:\/\/ecoprogress.eu\/de\/produkt\/nabijacia-stanica-typ-04\/#breadcrumb"},"inLanguage":"de","potentialAction":[{"@type":"ReadAction","target":["https:\/\/ecoprogress.eu\/de\/produkt\/nabijacia-stanica-typ-04\/"]}]},{"@type":"ImageObject","inLanguage":"de","@id":"https:\/\/ecoprogress.eu\/de\/produkt\/nabijacia-stanica-typ-04\/#primaryimage","url":"https:\/\/ecoprogress.eu\/wp-content\/uploads\/nabijaciastanica4-512.png","contentUrl":"https:\/\/ecoprogress.eu\/wp-content\/uploads\/nabijaciastanica4-512.png","width":512,"height":512},{"@type":"BreadcrumbList","@id":"https:\/\/ecoprogress.eu\/de\/produkt\/nabijacia-stanica-typ-04\/#breadcrumb","itemListElement":[{"@type":"ListItem","position":1,"name":"Produkte","item":"https:\/\/ecoprogress.eu\/de\/produkte\/"},{"@type":"ListItem","position":2,"name":"Nab\u00edjacia stanica typ 04"}]},{"@type":"WebSite","@id":"https:\/\/ecoprogress.eu\/de\/#website","url":"https:\/\/ecoprogress.eu\/de\/","name":"Ecoprogress","description":"","publisher":{"@id":"https:\/\/ecoprogress.eu\/de\/#organization"},"potentialAction":[{"@type":"SearchAction","target":{"@type":"EntryPoint","urlTemplate":"https:\/\/ecoprogress.eu\/de\/?s={search_term_string}"},"query-input":{"@type":"PropertyValueSpecification","valueRequired":true,"valueName":"search_term_string"}}],"inLanguage":"de"},{"@type":"Organization","@id":"https:\/\/ecoprogress.eu\/de\/#organization","name":"Ecoprogress","url":"https:\/\/ecoprogress.eu\/de\/","logo":{"@type":"ImageObject","inLanguage":"de","@id":"https:\/\/ecoprogress.eu\/de\/#\/schema\/logo\/image\/","url":"https:\/\/ecoprogress.eu\/wp-content\/uploads\/logo-2.svg","contentUrl":"https:\/\/ecoprogress.eu\/wp-content\/uploads\/logo-2.svg","width":318,"height":349,"caption":"Ecoprogress"},"image":{"@id":"https:\/\/ecoprogress.eu\/de\/#\/schema\/logo\/image\/"}}]}},"_links":{"self":[{"href":"https:\/\/ecoprogress.eu\/de\/wp-json\/wp\/v2\/product\/14072","targetHints":{"allow":["GET"]}}],"collection":[{"href":"https:\/\/ecoprogress.eu\/de\/wp-json\/wp\/v2\/product"}],"about":[{"href":"https:\/\/ecoprogress.eu\/de\/wp-json\/wp\/v2\/types\/product"}],"version-history":[{"count":1,"href":"https:\/\/ecoprogress.eu\/de\/wp-json\/wp\/v2\/product\/14072\/revisions"}],"predecessor-version":[{"id":52897,"href":"https:\/\/ecoprogress.eu\/de\/wp-json\/wp\/v2\/product\/14072\/revisions\/52897"}],"wp:featuredmedia":[{"embeddable":true,"href":"https:\/\/ecoprogress.eu\/de\/wp-json\/wp\/v2\/media\/14232"}],"wp:attachment":[{"href":"https:\/\/ecoprogress.eu\/de\/wp-json\/wp\/v2\/media?parent=14072"}],"wp:term":[{"taxonomy":"product_brand","embeddable":true,"href":"https:\/\/ecoprogress.eu\/de\/wp-json\/wp\/v2\/product_brand?post=14072"},{"taxonomy":"product_cat","embeddable":true,"href":"https:\/\/ecoprogress.eu\/de\/wp-json\/wp\/v2\/product_cat?post=14072"},{"taxonomy":"product_tag","embeddable":true,"href":"https:\/\/ecoprogress.eu\/de\/wp-json\/wp\/v2\/product_tag?post=14072"}],"curies":[{"name":"wp","href":"https:\/\/api.w.org\/{rel}","templated":true}]}}