{"id":14078,"date":"2022-05-24T10:58:43","date_gmt":"2022-05-24T08:58:43","guid":{"rendered":"https:\/\/ecoprogress.eu\/?post_type=product&#038;p=14078"},"modified":"2024-04-29T14:17:43","modified_gmt":"2024-04-29T12:17:43","slug":"umyvacia-stanica-pre-bicykle-typ-02","status":"publish","type":"product","link":"https:\/\/ecoprogress.eu\/de\/produkt\/umyvacia-stanica-pre-bicykle-typ-02\/","title":{"rendered":"Um\u00fdvacia stanica pre bicykle typ 02"},"content":{"rendered":"<p>Um\u00fdvacia stanica typ 2 je vyvinut\u00e1 s oh\u013eadom na potreby cyklistov ak\u00e9hoko\u013evek typu (mestsk\u00e9, horsk\u00e9, cestn\u00e9). Je to ide\u00e1lna stanica pre r\u00fdchle opl\u00e1chnutie alebo d\u00f4slednej\u0161ie \u010distenie. Je pripraven\u00e1 na um\u00fdvanie pri n\u00edzkom tlaku, aby nedo\u0161lo k po\u0161kodeniu komponentov bicykla, ako s\u00fa lo\u017eisk\u00e1, p\u00e1ky a odpru\u017eenie.<\/p>\n<p>\u0160pecifik\u00e1cie:<\/p>\n<ul>\n<li>ur\u010den\u00e9 do stiesnen\u00fdch priestorov<\/li>\n<li>navrhnut\u00e9 tak, aby po\u010das \u010distenia nerozpty\u013eovalo vodu<\/li>\n<li>zah\u0155\u0148a \u0161peci\u00e1lne pr\u00edslu\u0161enstvo na \u010distenie bicyklov<\/li>\n<li>um\u00fdvanie vodou pri n\u00edzkom tlaku<\/li>\n<li>podporuje pou\u017e\u00edvanie a pravideln\u00fa \u00fadr\u017ebu bicykla<\/li>\n<\/ul>\n<p>M\u00f4\u017ee fungova\u0165 aj prostredn\u00edctvom platby (mince, bankovky, karty alebo cez aplik\u00e1ciu), \u010do umo\u017en\u00ed auton\u00f3mne fungovanie a dostupnos\u0165 24 hod\u00edn denne, 7 dn\u00ed v t\u00fd\u017edni.<\/p>\n<p>&nbsp;<\/p>\n","protected":false},"excerpt":{"rendered":"<p>Um\u00fdvacia stanica typ 2 stanica na um\u00fdvanie bicyklov vyvinut\u00e1 s oh\u013eadom na potreby cyklistov a starostlivos\u0165 o bicykel a jeho komponenty.<\/p>\n","protected":false},"featured_media":14094,"template":"","meta":[],"product_brand":[],"product_cat":[659,331],"product_tag":[],"class_list":{"0":"post-14078","1":"product","2":"type-product","3":"status-publish","4":"has-post-thumbnail","6":"product_cat-ocelovy-mobiliar","7":"product_cat-umyvacie-stanice-pre-bicykle","9":"first","10":"instock","11":"featured","12":"taxable","13":"shipping-taxable","14":"purchasable","15":"product-type-simple"},"yoast_head":"<!-- This site is optimized with the Yoast SEO plugin v27.2 - https:\/\/yoast.com\/product\/yoast-seo-wordpress\/ -->\n<title>Um\u00fdvacia stanica pre bicykle typ 02 | Ecoprogress<\/title>\n<meta name=\"description\" content=\"Um\u00fdvacia stanica typ 02 stanica na um\u00fdvanie bicyklov vyvinut\u00e1 s oh\u013eadom na potreby cyklistov a starostlivos\u0165 o bicykel a jeho komponenty.\" \/>\n<meta name=\"robots\" content=\"index, follow, max-snippet:-1, max-image-preview:large, max-video-preview:-1\" \/>\n<link rel=\"canonical\" href=\"https:\/\/ecoprogress.eu\/de\/produkt\/umyvacia-stanica-pre-bicykle-typ-02\/\" \/>\n<meta property=\"og:locale\" content=\"de_DE\" \/>\n<meta property=\"og:type\" content=\"article\" \/>\n<meta property=\"og:title\" content=\"Um\u00fdvacia stanica pre bicykle typ 02 | Ecoprogress\" \/>\n<meta property=\"og:description\" content=\"Um\u00fdvacia stanica typ 02 stanica na um\u00fdvanie bicyklov vyvinut\u00e1 s oh\u013eadom na potreby cyklistov a starostlivos\u0165 o bicykel a jeho komponenty.\" \/>\n<meta property=\"og:url\" content=\"https:\/\/ecoprogress.eu\/de\/produkt\/umyvacia-stanica-pre-bicykle-typ-02\/\" \/>\n<meta property=\"og:site_name\" content=\"Ecoprogress\" \/>\n<meta property=\"article:modified_time\" content=\"2024-04-29T12:17:43+00:00\" \/>\n<meta property=\"og:image\" content=\"https:\/\/ecoprogress.eu\/wp-content\/uploads\/Bicicleaner.png\" \/>\n\t<meta property=\"og:image:width\" content=\"800\" \/>\n\t<meta property=\"og:image:height\" content=\"680\" \/>\n\t<meta property=\"og:image:type\" content=\"image\/png\" \/>\n<meta name=\"twitter:card\" content=\"summary_large_image\" \/>\n<meta name=\"twitter:label1\" content=\"Gesch\u00e4tzte Lesezeit\" \/>\n\t<meta name=\"twitter:data1\" content=\"1\u00a0Minute\" \/>\n<script type=\"application\/ld+json\" class=\"yoast-schema-graph\">{\"@context\":\"https:\/\/schema.org\",\"@graph\":[{\"@type\":\"WebPage\",\"@id\":\"https:\/\/ecoprogress.eu\/de\/produkt\/umyvacia-stanica-pre-bicykle-typ-02\/\",\"url\":\"https:\/\/ecoprogress.eu\/de\/produkt\/umyvacia-stanica-pre-bicykle-typ-02\/\",\"name\":\"Um\u00fdvacia stanica pre bicykle typ 02 | Ecoprogress\",\"isPartOf\":{\"@id\":\"https:\/\/ecoprogress.eu\/de\/#website\"},\"primaryImageOfPage\":{\"@id\":\"https:\/\/ecoprogress.eu\/de\/produkt\/umyvacia-stanica-pre-bicykle-typ-02\/#primaryimage\"},\"image\":{\"@id\":\"https:\/\/ecoprogress.eu\/de\/produkt\/umyvacia-stanica-pre-bicykle-typ-02\/#primaryimage\"},\"thumbnailUrl\":\"https:\/\/ecoprogress.eu\/wp-content\/uploads\/Bicicleaner.png\",\"datePublished\":\"2022-05-24T08:58:43+00:00\",\"dateModified\":\"2024-04-29T12:17:43+00:00\",\"description\":\"Um\u00fdvacia stanica typ 02 stanica na um\u00fdvanie bicyklov vyvinut\u00e1 s oh\u013eadom na potreby cyklistov a starostlivos\u0165 o bicykel a jeho komponenty.\",\"breadcrumb\":{\"@id\":\"https:\/\/ecoprogress.eu\/de\/produkt\/umyvacia-stanica-pre-bicykle-typ-02\/#breadcrumb\"},\"inLanguage\":\"de\",\"potentialAction\":[{\"@type\":\"ReadAction\",\"target\":[\"https:\/\/ecoprogress.eu\/de\/produkt\/umyvacia-stanica-pre-bicykle-typ-02\/\"]}]},{\"@type\":\"ImageObject\",\"inLanguage\":\"de\",\"@id\":\"https:\/\/ecoprogress.eu\/de\/produkt\/umyvacia-stanica-pre-bicykle-typ-02\/#primaryimage\",\"url\":\"https:\/\/ecoprogress.eu\/wp-content\/uploads\/Bicicleaner.png\",\"contentUrl\":\"https:\/\/ecoprogress.eu\/wp-content\/uploads\/Bicicleaner.png\",\"width\":2017,\"height\":1714},{\"@type\":\"BreadcrumbList\",\"@id\":\"https:\/\/ecoprogress.eu\/de\/produkt\/umyvacia-stanica-pre-bicykle-typ-02\/#breadcrumb\",\"itemListElement\":[{\"@type\":\"ListItem\",\"position\":1,\"name\":\"Produkte\",\"item\":\"https:\/\/ecoprogress.eu\/de\/produkte\/\"},{\"@type\":\"ListItem\",\"position\":2,\"name\":\"Um\u00fdvacia stanica pre bicykle typ 02\"}]},{\"@type\":\"WebSite\",\"@id\":\"https:\/\/ecoprogress.eu\/de\/#website\",\"url\":\"https:\/\/ecoprogress.eu\/de\/\",\"name\":\"Ecoprogress\",\"description\":\"\",\"publisher\":{\"@id\":\"https:\/\/ecoprogress.eu\/de\/#organization\"},\"potentialAction\":[{\"@type\":\"SearchAction\",\"target\":{\"@type\":\"EntryPoint\",\"urlTemplate\":\"https:\/\/ecoprogress.eu\/de\/?s={search_term_string}\"},\"query-input\":{\"@type\":\"PropertyValueSpecification\",\"valueRequired\":true,\"valueName\":\"search_term_string\"}}],\"inLanguage\":\"de\"},{\"@type\":\"Organization\",\"@id\":\"https:\/\/ecoprogress.eu\/de\/#organization\",\"name\":\"Ecoprogress\",\"url\":\"https:\/\/ecoprogress.eu\/de\/\",\"logo\":{\"@type\":\"ImageObject\",\"inLanguage\":\"de\",\"@id\":\"https:\/\/ecoprogress.eu\/de\/#\/schema\/logo\/image\/\",\"url\":\"https:\/\/ecoprogress.eu\/wp-content\/uploads\/logo-2.svg\",\"contentUrl\":\"https:\/\/ecoprogress.eu\/wp-content\/uploads\/logo-2.svg\",\"width\":318,\"height\":349,\"caption\":\"Ecoprogress\"},\"image\":{\"@id\":\"https:\/\/ecoprogress.eu\/de\/#\/schema\/logo\/image\/\"}}]}<\/script>\n<!-- \/ Yoast SEO plugin. -->","yoast_head_json":{"title":"Um\u00fdvacia stanica pre bicykle typ 02 | Ecoprogress","description":"Um\u00fdvacia stanica typ 02 stanica na um\u00fdvanie bicyklov vyvinut\u00e1 s oh\u013eadom na potreby cyklistov a starostlivos\u0165 o bicykel a jeho komponenty.","robots":{"index":"index","follow":"follow","max-snippet":"max-snippet:-1","max-image-preview":"max-image-preview:large","max-video-preview":"max-video-preview:-1"},"canonical":"https:\/\/ecoprogress.eu\/de\/produkt\/umyvacia-stanica-pre-bicykle-typ-02\/","og_locale":"de_DE","og_type":"article","og_title":"Um\u00fdvacia stanica pre bicykle typ 02 | Ecoprogress","og_description":"Um\u00fdvacia stanica typ 02 stanica na um\u00fdvanie bicyklov vyvinut\u00e1 s oh\u013eadom na potreby cyklistov a starostlivos\u0165 o bicykel a jeho komponenty.","og_url":"https:\/\/ecoprogress.eu\/de\/produkt\/umyvacia-stanica-pre-bicykle-typ-02\/","og_site_name":"Ecoprogress","article_modified_time":"2024-04-29T12:17:43+00:00","og_image":[{"url":"https:\/\/ecoprogress.eu\/wp-content\/uploads\/Bicicleaner.png","width":800,"height":680,"type":"image\/png"}],"twitter_card":"summary_large_image","twitter_misc":{"Gesch\u00e4tzte Lesezeit":"1\u00a0Minute"},"schema":{"@context":"https:\/\/schema.org","@graph":[{"@type":"WebPage","@id":"https:\/\/ecoprogress.eu\/de\/produkt\/umyvacia-stanica-pre-bicykle-typ-02\/","url":"https:\/\/ecoprogress.eu\/de\/produkt\/umyvacia-stanica-pre-bicykle-typ-02\/","name":"Um\u00fdvacia stanica pre bicykle typ 02 | Ecoprogress","isPartOf":{"@id":"https:\/\/ecoprogress.eu\/de\/#website"},"primaryImageOfPage":{"@id":"https:\/\/ecoprogress.eu\/de\/produkt\/umyvacia-stanica-pre-bicykle-typ-02\/#primaryimage"},"image":{"@id":"https:\/\/ecoprogress.eu\/de\/produkt\/umyvacia-stanica-pre-bicykle-typ-02\/#primaryimage"},"thumbnailUrl":"https:\/\/ecoprogress.eu\/wp-content\/uploads\/Bicicleaner.png","datePublished":"2022-05-24T08:58:43+00:00","dateModified":"2024-04-29T12:17:43+00:00","description":"Um\u00fdvacia stanica typ 02 stanica na um\u00fdvanie bicyklov vyvinut\u00e1 s oh\u013eadom na potreby cyklistov a starostlivos\u0165 o bicykel a jeho komponenty.","breadcrumb":{"@id":"https:\/\/ecoprogress.eu\/de\/produkt\/umyvacia-stanica-pre-bicykle-typ-02\/#breadcrumb"},"inLanguage":"de","potentialAction":[{"@type":"ReadAction","target":["https:\/\/ecoprogress.eu\/de\/produkt\/umyvacia-stanica-pre-bicykle-typ-02\/"]}]},{"@type":"ImageObject","inLanguage":"de","@id":"https:\/\/ecoprogress.eu\/de\/produkt\/umyvacia-stanica-pre-bicykle-typ-02\/#primaryimage","url":"https:\/\/ecoprogress.eu\/wp-content\/uploads\/Bicicleaner.png","contentUrl":"https:\/\/ecoprogress.eu\/wp-content\/uploads\/Bicicleaner.png","width":2017,"height":1714},{"@type":"BreadcrumbList","@id":"https:\/\/ecoprogress.eu\/de\/produkt\/umyvacia-stanica-pre-bicykle-typ-02\/#breadcrumb","itemListElement":[{"@type":"ListItem","position":1,"name":"Produkte","item":"https:\/\/ecoprogress.eu\/de\/produkte\/"},{"@type":"ListItem","position":2,"name":"Um\u00fdvacia stanica pre bicykle typ 02"}]},{"@type":"WebSite","@id":"https:\/\/ecoprogress.eu\/de\/#website","url":"https:\/\/ecoprogress.eu\/de\/","name":"Ecoprogress","description":"","publisher":{"@id":"https:\/\/ecoprogress.eu\/de\/#organization"},"potentialAction":[{"@type":"SearchAction","target":{"@type":"EntryPoint","urlTemplate":"https:\/\/ecoprogress.eu\/de\/?s={search_term_string}"},"query-input":{"@type":"PropertyValueSpecification","valueRequired":true,"valueName":"search_term_string"}}],"inLanguage":"de"},{"@type":"Organization","@id":"https:\/\/ecoprogress.eu\/de\/#organization","name":"Ecoprogress","url":"https:\/\/ecoprogress.eu\/de\/","logo":{"@type":"ImageObject","inLanguage":"de","@id":"https:\/\/ecoprogress.eu\/de\/#\/schema\/logo\/image\/","url":"https:\/\/ecoprogress.eu\/wp-content\/uploads\/logo-2.svg","contentUrl":"https:\/\/ecoprogress.eu\/wp-content\/uploads\/logo-2.svg","width":318,"height":349,"caption":"Ecoprogress"},"image":{"@id":"https:\/\/ecoprogress.eu\/de\/#\/schema\/logo\/image\/"}}]}},"_links":{"self":[{"href":"https:\/\/ecoprogress.eu\/de\/wp-json\/wp\/v2\/product\/14078","targetHints":{"allow":["GET"]}}],"collection":[{"href":"https:\/\/ecoprogress.eu\/de\/wp-json\/wp\/v2\/product"}],"about":[{"href":"https:\/\/ecoprogress.eu\/de\/wp-json\/wp\/v2\/types\/product"}],"version-history":[{"count":1,"href":"https:\/\/ecoprogress.eu\/de\/wp-json\/wp\/v2\/product\/14078\/revisions"}],"predecessor-version":[{"id":52901,"href":"https:\/\/ecoprogress.eu\/de\/wp-json\/wp\/v2\/product\/14078\/revisions\/52901"}],"wp:featuredmedia":[{"embeddable":true,"href":"https:\/\/ecoprogress.eu\/de\/wp-json\/wp\/v2\/media\/14094"}],"wp:attachment":[{"href":"https:\/\/ecoprogress.eu\/de\/wp-json\/wp\/v2\/media?parent=14078"}],"wp:term":[{"taxonomy":"product_brand","embeddable":true,"href":"https:\/\/ecoprogress.eu\/de\/wp-json\/wp\/v2\/product_brand?post=14078"},{"taxonomy":"product_cat","embeddable":true,"href":"https:\/\/ecoprogress.eu\/de\/wp-json\/wp\/v2\/product_cat?post=14078"},{"taxonomy":"product_tag","embeddable":true,"href":"https:\/\/ecoprogress.eu\/de\/wp-json\/wp\/v2\/product_tag?post=14078"}],"curies":[{"name":"wp","href":"https:\/\/api.w.org\/{rel}","templated":true}]}}