{"id":15430,"date":"2022-06-04T12:22:12","date_gmt":"2022-06-04T10:22:12","guid":{"rendered":"https:\/\/ecoprogress.eu\/?post_type=product&#038;p=15430"},"modified":"2025-04-09T12:10:19","modified_gmt":"2025-04-09T10:10:19","slug":"odpadkovy-kos-typ-51","status":"publish","type":"product","link":"https:\/\/ecoprogress.eu\/de\/produkt\/odpadkovy-kos-typ-51\/","title":{"rendered":"Odpadkov\u00fd k\u00f4\u0161 typ 51"},"content":{"rendered":"<p>Dodanie 4-6 t\u00fd\u017ed\u0148ov (pod\u013ea stavu skladov\u00fdch z\u00e1sob)<\/p>\n\n<table id=\"tablepress-389\" class=\"tablepress tablepress-id-389\">\n<tbody class=\"row-striping row-hover\">\n<tr class=\"row-1\">\n\t<td class=\"column-1\">v\u00fd\u0161ka ko\u0161a<\/td><td class=\"column-2\">104 cm<\/td>\n<\/tr>\n<tr class=\"row-2\">\n\t<td class=\"column-1\">\u0161\u00edrka ko\u0161a<\/td><td class=\"column-2\">39 cm<\/td>\n<\/tr>\n<tr class=\"row-3\">\n\t<td class=\"column-1\">h\u013abka ko\u0161a<\/td><td class=\"column-2\">38 cm<\/td>\n<\/tr>\n<tr class=\"row-4\">\n\t<td class=\"column-1\">materi\u00e1l<\/td><td class=\"column-2\">oce\u013e nehrdzavej\u00faca, oce\u013e pozinkovan\u00e1 aj malovan\u00e1<\/td>\n<\/tr>\n<tr class=\"row-5\">\n\t<td class=\"column-1\">vypr\u00e1zd\u0148ovanie ko\u0161a<\/td><td class=\"column-2\">z boku<\/td>\n<\/tr>\n<tr class=\"row-6\">\n\t<td class=\"column-1\">strie\u0161ka<\/td><td class=\"column-2\">ano<\/td>\n<\/tr>\n<tr class=\"row-7\">\n\t<td class=\"column-1\">popoln\u00edk<\/td><td class=\"column-2\">ano<\/td>\n<\/tr>\n<tr class=\"row-8\">\n\t<td class=\"column-1\">kapacita<\/td><td class=\"column-2\">80l<\/td>\n<\/tr>\n<tr class=\"row-9\">\n\t<td class=\"column-1\">ukotvenie<\/td><td class=\"column-2\">skrutkami<\/td>\n<\/tr>\n<tr class=\"row-10\">\n\t<td class=\"column-1\">otvor ko\u0161a<\/td><td class=\"column-2\">z boku<\/td>\n<\/tr>\n<\/tbody>\n<\/table>\n\n","protected":false},"excerpt":{"rendered":"<p>Odpadkov\u00fd k\u00f4\u0161 typ 51 vyroben\u00fd z 1mm plechu. Mo\u017enos\u0165 v\u00fdberu farby a konfigur\u00e1cie ko\u0161a na triedenie odpadu.<\/p>\n","protected":false},"featured_media":15449,"template":"","meta":[],"product_brand":[],"product_cat":[177,155,183,187,181],"product_tag":[],"class_list":{"0":"post-15430","1":"product","2":"type-product","3":"status-publish","4":"has-post-thumbnail","6":"product_cat-kose-park-a-ulica","7":"product_cat-malaurbanistickaarchitektura","8":"product_cat-nerezove-2","9":"product_cat-obdlznikove","10":"product_cat-s-popolnikom","11":"product_shipping_class-kose","13":"first","14":"instock","15":"taxable","16":"shipping-taxable","17":"purchasable","18":"product-type-variable"},"yoast_head":"<!-- This site is optimized with the Yoast SEO plugin v27.2 - https:\/\/yoast.com\/product\/yoast-seo-wordpress\/ -->\n<title>Odpadkov\u00fd k\u00f4\u0161 typ 51 | Ecoprogress<\/title>\n<meta name=\"description\" content=\"Odpadkov\u00fd k\u00f4\u0161 typ 51 vyroben\u00fd z 1mm plechu. Mo\u017enos\u0165 v\u00fdberu farby a konfigur\u00e1cie ko\u0161a na triedenie odpadu.\" \/>\n<meta name=\"robots\" content=\"index, follow, max-snippet:-1, max-image-preview:large, max-video-preview:-1\" \/>\n<link rel=\"canonical\" href=\"https:\/\/ecoprogress.eu\/de\/produkt\/odpadkovy-kos-typ-51\/\" \/>\n<meta property=\"og:locale\" content=\"de_DE\" \/>\n<meta property=\"og:type\" content=\"article\" \/>\n<meta property=\"og:title\" content=\"Odpadkov\u00fd k\u00f4\u0161 typ 51 | Ecoprogress\" \/>\n<meta property=\"og:description\" content=\"Odpadkov\u00fd k\u00f4\u0161 typ 51 vyroben\u00fd z 1mm plechu. Mo\u017enos\u0165 v\u00fdberu farby a konfigur\u00e1cie ko\u0161a na triedenie odpadu.\" \/>\n<meta property=\"og:url\" content=\"https:\/\/ecoprogress.eu\/de\/produkt\/odpadkovy-kos-typ-51\/\" \/>\n<meta property=\"og:site_name\" content=\"Ecoprogress\" \/>\n<meta property=\"article:modified_time\" content=\"2025-04-09T10:10:19+00:00\" \/>\n<meta property=\"og:image\" content=\"https:\/\/ecoprogress.eu\/wp-content\/uploads\/kos51.jpg\" \/>\n\t<meta property=\"og:image:width\" content=\"800\" \/>\n\t<meta property=\"og:image:height\" content=\"600\" \/>\n\t<meta property=\"og:image:type\" content=\"image\/jpeg\" \/>\n<meta name=\"twitter:card\" content=\"summary_large_image\" \/>\n<meta name=\"twitter:label1\" content=\"Gesch\u00e4tzte Lesezeit\" \/>\n\t<meta name=\"twitter:data1\" content=\"1\u00a0Minute\" \/>\n<script type=\"application\/ld+json\" class=\"yoast-schema-graph\">{\"@context\":\"https:\/\/schema.org\",\"@graph\":[{\"@type\":\"WebPage\",\"@id\":\"https:\/\/ecoprogress.eu\/de\/produkt\/odpadkovy-kos-typ-51\/\",\"url\":\"https:\/\/ecoprogress.eu\/de\/produkt\/odpadkovy-kos-typ-51\/\",\"name\":\"Odpadkov\u00fd k\u00f4\u0161 typ 51 | Ecoprogress\",\"isPartOf\":{\"@id\":\"https:\/\/ecoprogress.eu\/de\/#website\"},\"primaryImageOfPage\":{\"@id\":\"https:\/\/ecoprogress.eu\/de\/produkt\/odpadkovy-kos-typ-51\/#primaryimage\"},\"image\":{\"@id\":\"https:\/\/ecoprogress.eu\/de\/produkt\/odpadkovy-kos-typ-51\/#primaryimage\"},\"thumbnailUrl\":\"https:\/\/ecoprogress.eu\/wp-content\/uploads\/kos51.jpg\",\"datePublished\":\"2022-06-04T10:22:12+00:00\",\"dateModified\":\"2025-04-09T10:10:19+00:00\",\"description\":\"Odpadkov\u00fd k\u00f4\u0161 typ 51 vyroben\u00fd z 1mm plechu. Mo\u017enos\u0165 v\u00fdberu farby a konfigur\u00e1cie ko\u0161a na triedenie odpadu.\",\"breadcrumb\":{\"@id\":\"https:\/\/ecoprogress.eu\/de\/produkt\/odpadkovy-kos-typ-51\/#breadcrumb\"},\"inLanguage\":\"de\",\"potentialAction\":[{\"@type\":\"ReadAction\",\"target\":[\"https:\/\/ecoprogress.eu\/de\/produkt\/odpadkovy-kos-typ-51\/\"]}]},{\"@type\":\"ImageObject\",\"inLanguage\":\"de\",\"@id\":\"https:\/\/ecoprogress.eu\/de\/produkt\/odpadkovy-kos-typ-51\/#primaryimage\",\"url\":\"https:\/\/ecoprogress.eu\/wp-content\/uploads\/kos51.jpg\",\"contentUrl\":\"https:\/\/ecoprogress.eu\/wp-content\/uploads\/kos51.jpg\",\"width\":800,\"height\":600},{\"@type\":\"BreadcrumbList\",\"@id\":\"https:\/\/ecoprogress.eu\/de\/produkt\/odpadkovy-kos-typ-51\/#breadcrumb\",\"itemListElement\":[{\"@type\":\"ListItem\",\"position\":1,\"name\":\"Produkte\",\"item\":\"https:\/\/ecoprogress.eu\/de\/produkte\/\"},{\"@type\":\"ListItem\",\"position\":2,\"name\":\"Odpadkov\u00fd k\u00f4\u0161 typ 51\"}]},{\"@type\":\"WebSite\",\"@id\":\"https:\/\/ecoprogress.eu\/de\/#website\",\"url\":\"https:\/\/ecoprogress.eu\/de\/\",\"name\":\"Ecoprogress\",\"description\":\"\",\"publisher\":{\"@id\":\"https:\/\/ecoprogress.eu\/de\/#organization\"},\"potentialAction\":[{\"@type\":\"SearchAction\",\"target\":{\"@type\":\"EntryPoint\",\"urlTemplate\":\"https:\/\/ecoprogress.eu\/de\/?s={search_term_string}\"},\"query-input\":{\"@type\":\"PropertyValueSpecification\",\"valueRequired\":true,\"valueName\":\"search_term_string\"}}],\"inLanguage\":\"de\"},{\"@type\":\"Organization\",\"@id\":\"https:\/\/ecoprogress.eu\/de\/#organization\",\"name\":\"Ecoprogress\",\"url\":\"https:\/\/ecoprogress.eu\/de\/\",\"logo\":{\"@type\":\"ImageObject\",\"inLanguage\":\"de\",\"@id\":\"https:\/\/ecoprogress.eu\/de\/#\/schema\/logo\/image\/\",\"url\":\"https:\/\/ecoprogress.eu\/wp-content\/uploads\/logo-2.svg\",\"contentUrl\":\"https:\/\/ecoprogress.eu\/wp-content\/uploads\/logo-2.svg\",\"width\":318,\"height\":349,\"caption\":\"Ecoprogress\"},\"image\":{\"@id\":\"https:\/\/ecoprogress.eu\/de\/#\/schema\/logo\/image\/\"}}]}<\/script>\n<!-- \/ Yoast SEO plugin. -->","yoast_head_json":{"title":"Odpadkov\u00fd k\u00f4\u0161 typ 51 | Ecoprogress","description":"Odpadkov\u00fd k\u00f4\u0161 typ 51 vyroben\u00fd z 1mm plechu. Mo\u017enos\u0165 v\u00fdberu farby a konfigur\u00e1cie ko\u0161a na triedenie odpadu.","robots":{"index":"index","follow":"follow","max-snippet":"max-snippet:-1","max-image-preview":"max-image-preview:large","max-video-preview":"max-video-preview:-1"},"canonical":"https:\/\/ecoprogress.eu\/de\/produkt\/odpadkovy-kos-typ-51\/","og_locale":"de_DE","og_type":"article","og_title":"Odpadkov\u00fd k\u00f4\u0161 typ 51 | Ecoprogress","og_description":"Odpadkov\u00fd k\u00f4\u0161 typ 51 vyroben\u00fd z 1mm plechu. Mo\u017enos\u0165 v\u00fdberu farby a konfigur\u00e1cie ko\u0161a na triedenie odpadu.","og_url":"https:\/\/ecoprogress.eu\/de\/produkt\/odpadkovy-kos-typ-51\/","og_site_name":"Ecoprogress","article_modified_time":"2025-04-09T10:10:19+00:00","og_image":[{"width":800,"height":600,"url":"https:\/\/ecoprogress.eu\/wp-content\/uploads\/kos51.jpg","type":"image\/jpeg"}],"twitter_card":"summary_large_image","twitter_misc":{"Gesch\u00e4tzte Lesezeit":"1\u00a0Minute"},"schema":{"@context":"https:\/\/schema.org","@graph":[{"@type":"WebPage","@id":"https:\/\/ecoprogress.eu\/de\/produkt\/odpadkovy-kos-typ-51\/","url":"https:\/\/ecoprogress.eu\/de\/produkt\/odpadkovy-kos-typ-51\/","name":"Odpadkov\u00fd k\u00f4\u0161 typ 51 | Ecoprogress","isPartOf":{"@id":"https:\/\/ecoprogress.eu\/de\/#website"},"primaryImageOfPage":{"@id":"https:\/\/ecoprogress.eu\/de\/produkt\/odpadkovy-kos-typ-51\/#primaryimage"},"image":{"@id":"https:\/\/ecoprogress.eu\/de\/produkt\/odpadkovy-kos-typ-51\/#primaryimage"},"thumbnailUrl":"https:\/\/ecoprogress.eu\/wp-content\/uploads\/kos51.jpg","datePublished":"2022-06-04T10:22:12+00:00","dateModified":"2025-04-09T10:10:19+00:00","description":"Odpadkov\u00fd k\u00f4\u0161 typ 51 vyroben\u00fd z 1mm plechu. Mo\u017enos\u0165 v\u00fdberu farby a konfigur\u00e1cie ko\u0161a na triedenie odpadu.","breadcrumb":{"@id":"https:\/\/ecoprogress.eu\/de\/produkt\/odpadkovy-kos-typ-51\/#breadcrumb"},"inLanguage":"de","potentialAction":[{"@type":"ReadAction","target":["https:\/\/ecoprogress.eu\/de\/produkt\/odpadkovy-kos-typ-51\/"]}]},{"@type":"ImageObject","inLanguage":"de","@id":"https:\/\/ecoprogress.eu\/de\/produkt\/odpadkovy-kos-typ-51\/#primaryimage","url":"https:\/\/ecoprogress.eu\/wp-content\/uploads\/kos51.jpg","contentUrl":"https:\/\/ecoprogress.eu\/wp-content\/uploads\/kos51.jpg","width":800,"height":600},{"@type":"BreadcrumbList","@id":"https:\/\/ecoprogress.eu\/de\/produkt\/odpadkovy-kos-typ-51\/#breadcrumb","itemListElement":[{"@type":"ListItem","position":1,"name":"Produkte","item":"https:\/\/ecoprogress.eu\/de\/produkte\/"},{"@type":"ListItem","position":2,"name":"Odpadkov\u00fd k\u00f4\u0161 typ 51"}]},{"@type":"WebSite","@id":"https:\/\/ecoprogress.eu\/de\/#website","url":"https:\/\/ecoprogress.eu\/de\/","name":"Ecoprogress","description":"","publisher":{"@id":"https:\/\/ecoprogress.eu\/de\/#organization"},"potentialAction":[{"@type":"SearchAction","target":{"@type":"EntryPoint","urlTemplate":"https:\/\/ecoprogress.eu\/de\/?s={search_term_string}"},"query-input":{"@type":"PropertyValueSpecification","valueRequired":true,"valueName":"search_term_string"}}],"inLanguage":"de"},{"@type":"Organization","@id":"https:\/\/ecoprogress.eu\/de\/#organization","name":"Ecoprogress","url":"https:\/\/ecoprogress.eu\/de\/","logo":{"@type":"ImageObject","inLanguage":"de","@id":"https:\/\/ecoprogress.eu\/de\/#\/schema\/logo\/image\/","url":"https:\/\/ecoprogress.eu\/wp-content\/uploads\/logo-2.svg","contentUrl":"https:\/\/ecoprogress.eu\/wp-content\/uploads\/logo-2.svg","width":318,"height":349,"caption":"Ecoprogress"},"image":{"@id":"https:\/\/ecoprogress.eu\/de\/#\/schema\/logo\/image\/"}}]}},"_links":{"self":[{"href":"https:\/\/ecoprogress.eu\/de\/wp-json\/wp\/v2\/product\/15430","targetHints":{"allow":["GET"]}}],"collection":[{"href":"https:\/\/ecoprogress.eu\/de\/wp-json\/wp\/v2\/product"}],"about":[{"href":"https:\/\/ecoprogress.eu\/de\/wp-json\/wp\/v2\/types\/product"}],"version-history":[{"count":1,"href":"https:\/\/ecoprogress.eu\/de\/wp-json\/wp\/v2\/product\/15430\/revisions"}],"predecessor-version":[{"id":59566,"href":"https:\/\/ecoprogress.eu\/de\/wp-json\/wp\/v2\/product\/15430\/revisions\/59566"}],"wp:featuredmedia":[{"embeddable":true,"href":"https:\/\/ecoprogress.eu\/de\/wp-json\/wp\/v2\/media\/15449"}],"wp:attachment":[{"href":"https:\/\/ecoprogress.eu\/de\/wp-json\/wp\/v2\/media?parent=15430"}],"wp:term":[{"taxonomy":"product_brand","embeddable":true,"href":"https:\/\/ecoprogress.eu\/de\/wp-json\/wp\/v2\/product_brand?post=15430"},{"taxonomy":"product_cat","embeddable":true,"href":"https:\/\/ecoprogress.eu\/de\/wp-json\/wp\/v2\/product_cat?post=15430"},{"taxonomy":"product_tag","embeddable":true,"href":"https:\/\/ecoprogress.eu\/de\/wp-json\/wp\/v2\/product_tag?post=15430"}],"curies":[{"name":"wp","href":"https:\/\/api.w.org\/{rel}","templated":true}]}}