{"id":16090,"date":"2022-06-05T19:41:47","date_gmt":"2022-06-05T17:41:47","guid":{"rendered":"https:\/\/ecoprogress.eu\/?post_type=product&#038;p=16090"},"modified":"2025-03-10T14:30:33","modified_gmt":"2025-03-10T13:30:33","slug":"stojan-modulovy-typ-09-pre-5-bicyklov-2","status":"publish","type":"product","link":"https:\/\/ecoprogress.eu\/de\/produkt\/stojan-modulovy-typ-09-pre-5-bicyklov-2\/","title":{"rendered":"Stojan modulov\u00fd typ 09 pre 05 bicyklov"},"content":{"rendered":"<p>Dodanie 4-6 t\u00fd\u017ed\u0148ov (pod\u013ea stavu skladov\u00fdch z\u00e1sob)<\/p>\n\n<table id=\"tablepress-423\" class=\"tablepress tablepress-id-423\">\n<tbody class=\"row-striping row-hover\">\n<tr class=\"row-1\">\n\t<td class=\"column-1\">po\u010det stanov\u00edsk<\/td><td class=\"column-2\">5<\/td>\n<\/tr>\n<tr class=\"row-2\">\n\t<td class=\"column-1\">\u0161\u00edrka stojana<\/td><td class=\"column-2\">180 cm <\/td>\n<\/tr>\n<tr class=\"row-3\">\n\t<td class=\"column-1\">v\u00fd\u0161ka stojana<\/td><td class=\"column-2\">44 cm<\/td>\n<\/tr>\n<tr class=\"row-4\">\n\t<td class=\"column-1\">h\u013abka stojana<\/td><td class=\"column-2\">55 cm<\/td>\n<\/tr>\n<tr class=\"row-5\">\n\t<td class=\"column-1\">\u0161\u00edrka stanoviska<\/td><td class=\"column-2\">6,5 cm<\/td>\n<\/tr>\n<tr class=\"row-6\">\n\t<td class=\"column-1\">medzi stanoviskami<\/td><td class=\"column-2\">42 cm<\/td>\n<\/tr>\n<tr class=\"row-7\">\n\t<td class=\"column-1\">prierez r\u00fary<\/td><td class=\"column-2\">18 mm<\/td>\n<\/tr>\n<tr class=\"row-8\">\n\t<td class=\"column-1\">hr\u00fabka r\u00fary<\/td><td class=\"column-2\">2 mm<\/td>\n<\/tr>\n<tr class=\"row-9\">\n\t<td class=\"column-1\">profil stojanu<\/td><td class=\"column-2\">30 x 30 x 1,5 mm<\/td>\n<\/tr>\n<tr class=\"row-10\">\n\t<td class=\"column-1\">v\u00fd\u0161ka bari\u00e9ry<\/td><td class=\"column-2\">80 cm<\/td>\n<\/tr>\n<tr class=\"row-11\">\n\t<td class=\"column-1\">materi\u00e1l<\/td><td class=\"column-2\">oce\u013e pozinkovan\u00e1 a malovan\u00e1<\/td>\n<\/tr>\n<tr class=\"row-12\">\n\t<td class=\"column-1\">sp\u00f4sob mont\u00e1\u017ee<\/td><td class=\"column-2\">skrutkami alebo zabet\u00f3novan\u00edm<\/td>\n<\/tr>\n<\/tbody>\n<\/table>\n<!-- #tablepress-423 from cache -->\n","protected":false},"excerpt":{"rendered":"<p>Stojan modulov\u00fd typ 9 pre 5 bicyklov s pr\u00eddavn\u00fdmi ko\u013eajni\u010dkami, umo\u017e\u0148uj\u00facimi pohodln\u00e9 a jednoduch\u00e9 upevnenie bicyklov na r\u00e1m pomocou ak\u00e9hoko\u013evek typu z\u00e1mku na bicykel. Stojan je vhodn\u00fd pre v\u0161etky typy a ve\u013ekosti bicyklov, vr\u00e1tane bicyklov s kot\u00fa\u010dov\u00fdmi brzdami.<\/p>\n","protected":false},"featured_media":16102,"template":"","meta":[],"product_brand":[],"product_cat":[219,156],"product_tag":[],"class_list":{"0":"post-16090","1":"product","2":"type-product","3":"status-publish","4":"has-post-thumbnail","6":"product_cat-modulove","7":"product_cat-stojany-na-bicykle","8":"product_shipping_class-stojany","10":"first","11":"instock","12":"taxable","13":"shipping-taxable","14":"purchasable","15":"product-type-variable"},"yoast_head":"<!-- This site is optimized with the Yoast SEO plugin v27.2 - https:\/\/yoast.com\/product\/yoast-seo-wordpress\/ -->\n<title>Stojan modulov\u00fd typ 09 pre 05 bicyklov | Ecoprogress<\/title>\n<meta name=\"description\" content=\"Stojan modulov\u00fd typ 09 pre 5 bicyklov\u00a0s pr\u00eddavn\u00fdmi ko\u013eajni\u010dkami, umo\u017e\u0148uj\u00facimi pohodln\u00e9 a jednoduch\u00e9 upevnenie bicyklov na r\u00e1m.\" \/>\n<meta name=\"robots\" content=\"index, follow, max-snippet:-1, max-image-preview:large, max-video-preview:-1\" \/>\n<link rel=\"canonical\" href=\"https:\/\/ecoprogress.eu\/de\/produkt\/stojan-modulovy-typ-09-pre-5-bicyklov-2\/\" \/>\n<meta property=\"og:locale\" content=\"de_DE\" \/>\n<meta property=\"og:type\" content=\"article\" \/>\n<meta property=\"og:title\" content=\"Stojan modulov\u00fd typ 09 pre 05 bicyklov | Ecoprogress\" \/>\n<meta property=\"og:description\" content=\"Stojan modulov\u00fd typ 09 pre 5 bicyklov\u00a0s pr\u00eddavn\u00fdmi ko\u013eajni\u010dkami, umo\u017e\u0148uj\u00facimi pohodln\u00e9 a jednoduch\u00e9 upevnenie bicyklov na r\u00e1m.\" \/>\n<meta property=\"og:url\" content=\"https:\/\/ecoprogress.eu\/de\/produkt\/stojan-modulovy-typ-09-pre-5-bicyklov-2\/\" \/>\n<meta property=\"og:site_name\" content=\"Ecoprogress\" \/>\n<meta property=\"article:modified_time\" content=\"2025-03-10T13:30:33+00:00\" \/>\n<meta property=\"og:image\" content=\"https:\/\/ecoprogress.eu\/wp-content\/uploads\/modulovy56-.jpg\" \/>\n\t<meta property=\"og:image:width\" content=\"800\" \/>\n\t<meta property=\"og:image:height\" content=\"600\" \/>\n\t<meta property=\"og:image:type\" content=\"image\/jpeg\" \/>\n<meta name=\"twitter:card\" content=\"summary_large_image\" \/>\n<meta name=\"twitter:label1\" content=\"Gesch\u00e4tzte Lesezeit\" \/>\n\t<meta name=\"twitter:data1\" content=\"1\u00a0Minute\" \/>\n<script type=\"application\/ld+json\" class=\"yoast-schema-graph\">{\"@context\":\"https:\/\/schema.org\",\"@graph\":[{\"@type\":\"WebPage\",\"@id\":\"https:\/\/ecoprogress.eu\/de\/produkt\/stojan-modulovy-typ-09-pre-5-bicyklov-2\/\",\"url\":\"https:\/\/ecoprogress.eu\/de\/produkt\/stojan-modulovy-typ-09-pre-5-bicyklov-2\/\",\"name\":\"Stojan modulov\u00fd typ 09 pre 05 bicyklov | Ecoprogress\",\"isPartOf\":{\"@id\":\"https:\/\/ecoprogress.eu\/de\/#website\"},\"primaryImageOfPage\":{\"@id\":\"https:\/\/ecoprogress.eu\/de\/produkt\/stojan-modulovy-typ-09-pre-5-bicyklov-2\/#primaryimage\"},\"image\":{\"@id\":\"https:\/\/ecoprogress.eu\/de\/produkt\/stojan-modulovy-typ-09-pre-5-bicyklov-2\/#primaryimage\"},\"thumbnailUrl\":\"https:\/\/ecoprogress.eu\/wp-content\/uploads\/modulovy56-.jpg\",\"datePublished\":\"2022-06-05T17:41:47+00:00\",\"dateModified\":\"2025-03-10T13:30:33+00:00\",\"description\":\"Stojan modulov\u00fd typ 09 pre 5 bicyklov\u00a0s pr\u00eddavn\u00fdmi ko\u013eajni\u010dkami, umo\u017e\u0148uj\u00facimi pohodln\u00e9 a jednoduch\u00e9 upevnenie bicyklov na r\u00e1m.\",\"breadcrumb\":{\"@id\":\"https:\/\/ecoprogress.eu\/de\/produkt\/stojan-modulovy-typ-09-pre-5-bicyklov-2\/#breadcrumb\"},\"inLanguage\":\"de\",\"potentialAction\":[{\"@type\":\"ReadAction\",\"target\":[\"https:\/\/ecoprogress.eu\/de\/produkt\/stojan-modulovy-typ-09-pre-5-bicyklov-2\/\"]}]},{\"@type\":\"ImageObject\",\"inLanguage\":\"de\",\"@id\":\"https:\/\/ecoprogress.eu\/de\/produkt\/stojan-modulovy-typ-09-pre-5-bicyklov-2\/#primaryimage\",\"url\":\"https:\/\/ecoprogress.eu\/wp-content\/uploads\/modulovy56-.jpg\",\"contentUrl\":\"https:\/\/ecoprogress.eu\/wp-content\/uploads\/modulovy56-.jpg\",\"width\":800,\"height\":600},{\"@type\":\"BreadcrumbList\",\"@id\":\"https:\/\/ecoprogress.eu\/de\/produkt\/stojan-modulovy-typ-09-pre-5-bicyklov-2\/#breadcrumb\",\"itemListElement\":[{\"@type\":\"ListItem\",\"position\":1,\"name\":\"Produkte\",\"item\":\"https:\/\/ecoprogress.eu\/de\/produkte\/\"},{\"@type\":\"ListItem\",\"position\":2,\"name\":\"Stojan modulov\u00fd typ 09 pre 05 bicyklov\"}]},{\"@type\":\"WebSite\",\"@id\":\"https:\/\/ecoprogress.eu\/de\/#website\",\"url\":\"https:\/\/ecoprogress.eu\/de\/\",\"name\":\"Ecoprogress\",\"description\":\"\",\"publisher\":{\"@id\":\"https:\/\/ecoprogress.eu\/de\/#organization\"},\"potentialAction\":[{\"@type\":\"SearchAction\",\"target\":{\"@type\":\"EntryPoint\",\"urlTemplate\":\"https:\/\/ecoprogress.eu\/de\/?s={search_term_string}\"},\"query-input\":{\"@type\":\"PropertyValueSpecification\",\"valueRequired\":true,\"valueName\":\"search_term_string\"}}],\"inLanguage\":\"de\"},{\"@type\":\"Organization\",\"@id\":\"https:\/\/ecoprogress.eu\/de\/#organization\",\"name\":\"Ecoprogress\",\"url\":\"https:\/\/ecoprogress.eu\/de\/\",\"logo\":{\"@type\":\"ImageObject\",\"inLanguage\":\"de\",\"@id\":\"https:\/\/ecoprogress.eu\/de\/#\/schema\/logo\/image\/\",\"url\":\"https:\/\/ecoprogress.eu\/wp-content\/uploads\/logo-2.svg\",\"contentUrl\":\"https:\/\/ecoprogress.eu\/wp-content\/uploads\/logo-2.svg\",\"width\":318,\"height\":349,\"caption\":\"Ecoprogress\"},\"image\":{\"@id\":\"https:\/\/ecoprogress.eu\/de\/#\/schema\/logo\/image\/\"}}]}<\/script>\n<!-- \/ Yoast SEO plugin. -->","yoast_head_json":{"title":"Stojan modulov\u00fd typ 09 pre 05 bicyklov | Ecoprogress","description":"Stojan modulov\u00fd typ 09 pre 5 bicyklov\u00a0s pr\u00eddavn\u00fdmi ko\u013eajni\u010dkami, umo\u017e\u0148uj\u00facimi pohodln\u00e9 a jednoduch\u00e9 upevnenie bicyklov na r\u00e1m.","robots":{"index":"index","follow":"follow","max-snippet":"max-snippet:-1","max-image-preview":"max-image-preview:large","max-video-preview":"max-video-preview:-1"},"canonical":"https:\/\/ecoprogress.eu\/de\/produkt\/stojan-modulovy-typ-09-pre-5-bicyklov-2\/","og_locale":"de_DE","og_type":"article","og_title":"Stojan modulov\u00fd typ 09 pre 05 bicyklov | Ecoprogress","og_description":"Stojan modulov\u00fd typ 09 pre 5 bicyklov\u00a0s pr\u00eddavn\u00fdmi ko\u013eajni\u010dkami, umo\u017e\u0148uj\u00facimi pohodln\u00e9 a jednoduch\u00e9 upevnenie bicyklov na r\u00e1m.","og_url":"https:\/\/ecoprogress.eu\/de\/produkt\/stojan-modulovy-typ-09-pre-5-bicyklov-2\/","og_site_name":"Ecoprogress","article_modified_time":"2025-03-10T13:30:33+00:00","og_image":[{"width":800,"height":600,"url":"https:\/\/ecoprogress.eu\/wp-content\/uploads\/modulovy56-.jpg","type":"image\/jpeg"}],"twitter_card":"summary_large_image","twitter_misc":{"Gesch\u00e4tzte Lesezeit":"1\u00a0Minute"},"schema":{"@context":"https:\/\/schema.org","@graph":[{"@type":"WebPage","@id":"https:\/\/ecoprogress.eu\/de\/produkt\/stojan-modulovy-typ-09-pre-5-bicyklov-2\/","url":"https:\/\/ecoprogress.eu\/de\/produkt\/stojan-modulovy-typ-09-pre-5-bicyklov-2\/","name":"Stojan modulov\u00fd typ 09 pre 05 bicyklov | Ecoprogress","isPartOf":{"@id":"https:\/\/ecoprogress.eu\/de\/#website"},"primaryImageOfPage":{"@id":"https:\/\/ecoprogress.eu\/de\/produkt\/stojan-modulovy-typ-09-pre-5-bicyklov-2\/#primaryimage"},"image":{"@id":"https:\/\/ecoprogress.eu\/de\/produkt\/stojan-modulovy-typ-09-pre-5-bicyklov-2\/#primaryimage"},"thumbnailUrl":"https:\/\/ecoprogress.eu\/wp-content\/uploads\/modulovy56-.jpg","datePublished":"2022-06-05T17:41:47+00:00","dateModified":"2025-03-10T13:30:33+00:00","description":"Stojan modulov\u00fd typ 09 pre 5 bicyklov\u00a0s pr\u00eddavn\u00fdmi ko\u013eajni\u010dkami, umo\u017e\u0148uj\u00facimi pohodln\u00e9 a jednoduch\u00e9 upevnenie bicyklov na r\u00e1m.","breadcrumb":{"@id":"https:\/\/ecoprogress.eu\/de\/produkt\/stojan-modulovy-typ-09-pre-5-bicyklov-2\/#breadcrumb"},"inLanguage":"de","potentialAction":[{"@type":"ReadAction","target":["https:\/\/ecoprogress.eu\/de\/produkt\/stojan-modulovy-typ-09-pre-5-bicyklov-2\/"]}]},{"@type":"ImageObject","inLanguage":"de","@id":"https:\/\/ecoprogress.eu\/de\/produkt\/stojan-modulovy-typ-09-pre-5-bicyklov-2\/#primaryimage","url":"https:\/\/ecoprogress.eu\/wp-content\/uploads\/modulovy56-.jpg","contentUrl":"https:\/\/ecoprogress.eu\/wp-content\/uploads\/modulovy56-.jpg","width":800,"height":600},{"@type":"BreadcrumbList","@id":"https:\/\/ecoprogress.eu\/de\/produkt\/stojan-modulovy-typ-09-pre-5-bicyklov-2\/#breadcrumb","itemListElement":[{"@type":"ListItem","position":1,"name":"Produkte","item":"https:\/\/ecoprogress.eu\/de\/produkte\/"},{"@type":"ListItem","position":2,"name":"Stojan modulov\u00fd typ 09 pre 05 bicyklov"}]},{"@type":"WebSite","@id":"https:\/\/ecoprogress.eu\/de\/#website","url":"https:\/\/ecoprogress.eu\/de\/","name":"Ecoprogress","description":"","publisher":{"@id":"https:\/\/ecoprogress.eu\/de\/#organization"},"potentialAction":[{"@type":"SearchAction","target":{"@type":"EntryPoint","urlTemplate":"https:\/\/ecoprogress.eu\/de\/?s={search_term_string}"},"query-input":{"@type":"PropertyValueSpecification","valueRequired":true,"valueName":"search_term_string"}}],"inLanguage":"de"},{"@type":"Organization","@id":"https:\/\/ecoprogress.eu\/de\/#organization","name":"Ecoprogress","url":"https:\/\/ecoprogress.eu\/de\/","logo":{"@type":"ImageObject","inLanguage":"de","@id":"https:\/\/ecoprogress.eu\/de\/#\/schema\/logo\/image\/","url":"https:\/\/ecoprogress.eu\/wp-content\/uploads\/logo-2.svg","contentUrl":"https:\/\/ecoprogress.eu\/wp-content\/uploads\/logo-2.svg","width":318,"height":349,"caption":"Ecoprogress"},"image":{"@id":"https:\/\/ecoprogress.eu\/de\/#\/schema\/logo\/image\/"}}]}},"_links":{"self":[{"href":"https:\/\/ecoprogress.eu\/de\/wp-json\/wp\/v2\/product\/16090","targetHints":{"allow":["GET"]}}],"collection":[{"href":"https:\/\/ecoprogress.eu\/de\/wp-json\/wp\/v2\/product"}],"about":[{"href":"https:\/\/ecoprogress.eu\/de\/wp-json\/wp\/v2\/types\/product"}],"version-history":[{"count":1,"href":"https:\/\/ecoprogress.eu\/de\/wp-json\/wp\/v2\/product\/16090\/revisions"}],"predecessor-version":[{"id":51821,"href":"https:\/\/ecoprogress.eu\/de\/wp-json\/wp\/v2\/product\/16090\/revisions\/51821"}],"wp:featuredmedia":[{"embeddable":true,"href":"https:\/\/ecoprogress.eu\/de\/wp-json\/wp\/v2\/media\/16102"}],"wp:attachment":[{"href":"https:\/\/ecoprogress.eu\/de\/wp-json\/wp\/v2\/media?parent=16090"}],"wp:term":[{"taxonomy":"product_brand","embeddable":true,"href":"https:\/\/ecoprogress.eu\/de\/wp-json\/wp\/v2\/product_brand?post=16090"},{"taxonomy":"product_cat","embeddable":true,"href":"https:\/\/ecoprogress.eu\/de\/wp-json\/wp\/v2\/product_cat?post=16090"},{"taxonomy":"product_tag","embeddable":true,"href":"https:\/\/ecoprogress.eu\/de\/wp-json\/wp\/v2\/product_tag?post=16090"}],"curies":[{"name":"wp","href":"https:\/\/api.w.org\/{rel}","templated":true}]}}