{"id":16175,"date":"2022-06-06T08:55:34","date_gmt":"2022-06-06T06:55:34","guid":{"rendered":"https:\/\/ecoprogress.eu\/?post_type=product&#038;p=16175"},"modified":"2025-03-10T14:42:29","modified_gmt":"2025-03-10T13:42:29","slug":"stojan-spiralovy-typ-05","status":"publish","type":"product","link":"https:\/\/ecoprogress.eu\/de\/produkt\/stojan-spiralovy-typ-05\/","title":{"rendered":"Stojan \u0161pir\u00e1lov\u00fd typ 05"},"content":{"rendered":"<p>Dodanie 4-6 t\u00fd\u017ed\u0148ov (pod\u013ea stavu skladov\u00fdch z\u00e1sob)<\/p>\n\n<table id=\"tablepress-428\" class=\"tablepress tablepress-id-428\">\n<tbody class=\"row-striping row-hover\">\n<tr class=\"row-1\">\n\t<td class=\"column-1\">po\u010det stanov\u00edsk<\/td><td class=\"column-2\">5<\/td>\n<\/tr>\n<tr class=\"row-2\">\n\t<td class=\"column-1\">\u0161\u00edrka stojanu<\/td><td class=\"column-2\">125 cm<\/td>\n<\/tr>\n<tr class=\"row-3\">\n\t<td class=\"column-1\">v\u00fd\u0161ka stojanu<\/td><td class=\"column-2\">55 cm<\/td>\n<\/tr>\n<tr class=\"row-4\">\n\t<td class=\"column-1\">\u0161\u00edrka stanoviska<\/td><td class=\"column-2\">9 cm<\/td>\n<\/tr>\n<tr class=\"row-5\">\n\t<td class=\"column-1\">prierez r\u00fary<\/td><td class=\"column-2\">33,7 mm<\/td>\n<\/tr>\n<tr class=\"row-6\">\n\t<td class=\"column-1\">hr\u00fabka r\u00fary<\/td><td class=\"column-2\">2 mm<\/td>\n<\/tr>\n<tr class=\"row-7\">\n\t<td class=\"column-1\">v\u00e1ha<\/td><td class=\"column-2\">28 kg<\/td>\n<\/tr>\n<tr class=\"row-8\">\n\t<td class=\"column-1\">regul\u00e1cia stanov\u00edsk<\/td><td class=\"column-2\">neregulovan\u00e9<\/td>\n<\/tr>\n<tr class=\"row-9\">\n\t<td class=\"column-1\">sp\u00f4sob parkovania<\/td><td class=\"column-2\">obojstrann\u00fd<\/td>\n<\/tr>\n<tr class=\"row-10\">\n\t<td class=\"column-1\">materi\u00e1l<\/td><td class=\"column-2\">oce\u013e pozinkovan\u00e1 a malovan\u00e1, oce\u013e nehrdzavej\u00faca<\/td>\n<\/tr>\n<tr class=\"row-11\">\n\t<td class=\"column-1\">sp\u00f4sob mont\u00e1\u017ee<\/td><td class=\"column-2\">skrutkami alebo zabet\u00f3novan\u00edm<\/td>\n<\/tr>\n<\/tbody>\n<\/table>\n<!-- #tablepress-428 from cache -->\n","protected":false},"excerpt":{"rendered":"<p>Stojan \u0161pir\u00e1lov\u00fd typ 5 je spojen\u00edm mas\u00edvnej kon\u0161trukcie s dizajnov\u00fdm a modern\u00fdm tvarom. Pou\u017eit\u00e1 je 33,7 mm hrub\u00e1 trubica a 3 z\u00e1kladne (nohy) stojana ho robia odoln\u00fdm vo\u010di vandalizmu a kr\u00e1de\u017ei. Odpor\u00fa\u010da sa pre mestsk\u00e9 n\u00e1mestia, parky, rekrea\u010dn\u00e9 a \u0161portov\u00e9 zariadenia.<\/p>\n","protected":false},"featured_media":16250,"template":"","meta":[],"product_brand":[],"product_cat":[219,208,156],"product_tag":[],"class_list":{"0":"post-16175","1":"product","2":"type-product","3":"status-publish","4":"has-post-thumbnail","6":"product_cat-modulove","7":"product_cat-spiralove","8":"product_cat-stojany-na-bicykle","9":"product_shipping_class-stojany","11":"first","12":"instock","13":"taxable","14":"shipping-taxable","15":"purchasable","16":"product-type-variable"},"yoast_head":"<!-- This site is optimized with the Yoast SEO plugin v27.2 - https:\/\/yoast.com\/product\/yoast-seo-wordpress\/ -->\n<title>Stojan \u0161pir\u00e1lov\u00fd typ 05 | Ecoprogress<\/title>\n<meta name=\"description\" content=\"Stojan \u0161pir\u00e1lov\u00fd typ 05 je spojen\u00edm mas\u00edvnej kon\u0161trukcie s dizajnov\u00fdm a modern\u00fdm tvarom. Pou\u017eit\u00e1 je 33,7 mm hrub\u00e1 trubica a 3 z\u00e1kladne (nohy) stojana ho robia odoln\u00fdm vo\u010di vandalizmu a kr\u00e1de\u017ei.\" \/>\n<meta name=\"robots\" content=\"index, follow, max-snippet:-1, max-image-preview:large, max-video-preview:-1\" \/>\n<link rel=\"canonical\" href=\"https:\/\/ecoprogress.eu\/de\/produkt\/stojan-spiralovy-typ-05\/\" \/>\n<meta property=\"og:locale\" content=\"de_DE\" \/>\n<meta property=\"og:type\" content=\"article\" \/>\n<meta property=\"og:title\" content=\"Stojan \u0161pir\u00e1lov\u00fd typ 05 | Ecoprogress\" \/>\n<meta property=\"og:description\" content=\"Stojan \u0161pir\u00e1lov\u00fd typ 05 je spojen\u00edm mas\u00edvnej kon\u0161trukcie s dizajnov\u00fdm a modern\u00fdm tvarom. Pou\u017eit\u00e1 je 33,7 mm hrub\u00e1 trubica a 3 z\u00e1kladne (nohy) stojana ho robia odoln\u00fdm vo\u010di vandalizmu a kr\u00e1de\u017ei.\" \/>\n<meta property=\"og:url\" content=\"https:\/\/ecoprogress.eu\/de\/produkt\/stojan-spiralovy-typ-05\/\" \/>\n<meta property=\"og:site_name\" content=\"Ecoprogress\" \/>\n<meta property=\"article:modified_time\" content=\"2025-03-10T13:42:29+00:00\" \/>\n<meta property=\"og:image\" content=\"https:\/\/ecoprogress.eu\/wp-content\/uploads\/modulovy61.jpg\" \/>\n\t<meta property=\"og:image:width\" content=\"800\" \/>\n\t<meta property=\"og:image:height\" content=\"600\" \/>\n\t<meta property=\"og:image:type\" content=\"image\/jpeg\" \/>\n<meta name=\"twitter:card\" content=\"summary_large_image\" \/>\n<meta name=\"twitter:label1\" content=\"Gesch\u00e4tzte Lesezeit\" \/>\n\t<meta name=\"twitter:data1\" content=\"1\u00a0Minute\" \/>\n<script type=\"application\/ld+json\" class=\"yoast-schema-graph\">{\"@context\":\"https:\/\/schema.org\",\"@graph\":[{\"@type\":\"WebPage\",\"@id\":\"https:\/\/ecoprogress.eu\/de\/produkt\/stojan-spiralovy-typ-05\/\",\"url\":\"https:\/\/ecoprogress.eu\/de\/produkt\/stojan-spiralovy-typ-05\/\",\"name\":\"Stojan \u0161pir\u00e1lov\u00fd typ 05 | Ecoprogress\",\"isPartOf\":{\"@id\":\"https:\/\/ecoprogress.eu\/de\/#website\"},\"primaryImageOfPage\":{\"@id\":\"https:\/\/ecoprogress.eu\/de\/produkt\/stojan-spiralovy-typ-05\/#primaryimage\"},\"image\":{\"@id\":\"https:\/\/ecoprogress.eu\/de\/produkt\/stojan-spiralovy-typ-05\/#primaryimage\"},\"thumbnailUrl\":\"https:\/\/ecoprogress.eu\/wp-content\/uploads\/modulovy61.jpg\",\"datePublished\":\"2022-06-06T06:55:34+00:00\",\"dateModified\":\"2025-03-10T13:42:29+00:00\",\"description\":\"Stojan \u0161pir\u00e1lov\u00fd typ 05 je spojen\u00edm mas\u00edvnej kon\u0161trukcie s dizajnov\u00fdm a modern\u00fdm tvarom. Pou\u017eit\u00e1 je 33,7 mm hrub\u00e1 trubica a 3 z\u00e1kladne (nohy) stojana ho robia odoln\u00fdm vo\u010di vandalizmu a kr\u00e1de\u017ei.\",\"breadcrumb\":{\"@id\":\"https:\/\/ecoprogress.eu\/de\/produkt\/stojan-spiralovy-typ-05\/#breadcrumb\"},\"inLanguage\":\"de\",\"potentialAction\":[{\"@type\":\"ReadAction\",\"target\":[\"https:\/\/ecoprogress.eu\/de\/produkt\/stojan-spiralovy-typ-05\/\"]}]},{\"@type\":\"ImageObject\",\"inLanguage\":\"de\",\"@id\":\"https:\/\/ecoprogress.eu\/de\/produkt\/stojan-spiralovy-typ-05\/#primaryimage\",\"url\":\"https:\/\/ecoprogress.eu\/wp-content\/uploads\/modulovy61.jpg\",\"contentUrl\":\"https:\/\/ecoprogress.eu\/wp-content\/uploads\/modulovy61.jpg\",\"width\":800,\"height\":600},{\"@type\":\"BreadcrumbList\",\"@id\":\"https:\/\/ecoprogress.eu\/de\/produkt\/stojan-spiralovy-typ-05\/#breadcrumb\",\"itemListElement\":[{\"@type\":\"ListItem\",\"position\":1,\"name\":\"Produkte\",\"item\":\"https:\/\/ecoprogress.eu\/de\/produkte\/\"},{\"@type\":\"ListItem\",\"position\":2,\"name\":\"Stojan \u0161pir\u00e1lov\u00fd typ 05\"}]},{\"@type\":\"WebSite\",\"@id\":\"https:\/\/ecoprogress.eu\/de\/#website\",\"url\":\"https:\/\/ecoprogress.eu\/de\/\",\"name\":\"Ecoprogress\",\"description\":\"\",\"publisher\":{\"@id\":\"https:\/\/ecoprogress.eu\/de\/#organization\"},\"potentialAction\":[{\"@type\":\"SearchAction\",\"target\":{\"@type\":\"EntryPoint\",\"urlTemplate\":\"https:\/\/ecoprogress.eu\/de\/?s={search_term_string}\"},\"query-input\":{\"@type\":\"PropertyValueSpecification\",\"valueRequired\":true,\"valueName\":\"search_term_string\"}}],\"inLanguage\":\"de\"},{\"@type\":\"Organization\",\"@id\":\"https:\/\/ecoprogress.eu\/de\/#organization\",\"name\":\"Ecoprogress\",\"url\":\"https:\/\/ecoprogress.eu\/de\/\",\"logo\":{\"@type\":\"ImageObject\",\"inLanguage\":\"de\",\"@id\":\"https:\/\/ecoprogress.eu\/de\/#\/schema\/logo\/image\/\",\"url\":\"https:\/\/ecoprogress.eu\/wp-content\/uploads\/logo-2.svg\",\"contentUrl\":\"https:\/\/ecoprogress.eu\/wp-content\/uploads\/logo-2.svg\",\"width\":318,\"height\":349,\"caption\":\"Ecoprogress\"},\"image\":{\"@id\":\"https:\/\/ecoprogress.eu\/de\/#\/schema\/logo\/image\/\"}}]}<\/script>\n<!-- \/ Yoast SEO plugin. -->","yoast_head_json":{"title":"Stojan \u0161pir\u00e1lov\u00fd typ 05 | Ecoprogress","description":"Stojan \u0161pir\u00e1lov\u00fd typ 05 je spojen\u00edm mas\u00edvnej kon\u0161trukcie s dizajnov\u00fdm a modern\u00fdm tvarom. Pou\u017eit\u00e1 je 33,7 mm hrub\u00e1 trubica a 3 z\u00e1kladne (nohy) stojana ho robia odoln\u00fdm vo\u010di vandalizmu a kr\u00e1de\u017ei.","robots":{"index":"index","follow":"follow","max-snippet":"max-snippet:-1","max-image-preview":"max-image-preview:large","max-video-preview":"max-video-preview:-1"},"canonical":"https:\/\/ecoprogress.eu\/de\/produkt\/stojan-spiralovy-typ-05\/","og_locale":"de_DE","og_type":"article","og_title":"Stojan \u0161pir\u00e1lov\u00fd typ 05 | Ecoprogress","og_description":"Stojan \u0161pir\u00e1lov\u00fd typ 05 je spojen\u00edm mas\u00edvnej kon\u0161trukcie s dizajnov\u00fdm a modern\u00fdm tvarom. Pou\u017eit\u00e1 je 33,7 mm hrub\u00e1 trubica a 3 z\u00e1kladne (nohy) stojana ho robia odoln\u00fdm vo\u010di vandalizmu a kr\u00e1de\u017ei.","og_url":"https:\/\/ecoprogress.eu\/de\/produkt\/stojan-spiralovy-typ-05\/","og_site_name":"Ecoprogress","article_modified_time":"2025-03-10T13:42:29+00:00","og_image":[{"width":800,"height":600,"url":"https:\/\/ecoprogress.eu\/wp-content\/uploads\/modulovy61.jpg","type":"image\/jpeg"}],"twitter_card":"summary_large_image","twitter_misc":{"Gesch\u00e4tzte Lesezeit":"1\u00a0Minute"},"schema":{"@context":"https:\/\/schema.org","@graph":[{"@type":"WebPage","@id":"https:\/\/ecoprogress.eu\/de\/produkt\/stojan-spiralovy-typ-05\/","url":"https:\/\/ecoprogress.eu\/de\/produkt\/stojan-spiralovy-typ-05\/","name":"Stojan \u0161pir\u00e1lov\u00fd typ 05 | Ecoprogress","isPartOf":{"@id":"https:\/\/ecoprogress.eu\/de\/#website"},"primaryImageOfPage":{"@id":"https:\/\/ecoprogress.eu\/de\/produkt\/stojan-spiralovy-typ-05\/#primaryimage"},"image":{"@id":"https:\/\/ecoprogress.eu\/de\/produkt\/stojan-spiralovy-typ-05\/#primaryimage"},"thumbnailUrl":"https:\/\/ecoprogress.eu\/wp-content\/uploads\/modulovy61.jpg","datePublished":"2022-06-06T06:55:34+00:00","dateModified":"2025-03-10T13:42:29+00:00","description":"Stojan \u0161pir\u00e1lov\u00fd typ 05 je spojen\u00edm mas\u00edvnej kon\u0161trukcie s dizajnov\u00fdm a modern\u00fdm tvarom. Pou\u017eit\u00e1 je 33,7 mm hrub\u00e1 trubica a 3 z\u00e1kladne (nohy) stojana ho robia odoln\u00fdm vo\u010di vandalizmu a kr\u00e1de\u017ei.","breadcrumb":{"@id":"https:\/\/ecoprogress.eu\/de\/produkt\/stojan-spiralovy-typ-05\/#breadcrumb"},"inLanguage":"de","potentialAction":[{"@type":"ReadAction","target":["https:\/\/ecoprogress.eu\/de\/produkt\/stojan-spiralovy-typ-05\/"]}]},{"@type":"ImageObject","inLanguage":"de","@id":"https:\/\/ecoprogress.eu\/de\/produkt\/stojan-spiralovy-typ-05\/#primaryimage","url":"https:\/\/ecoprogress.eu\/wp-content\/uploads\/modulovy61.jpg","contentUrl":"https:\/\/ecoprogress.eu\/wp-content\/uploads\/modulovy61.jpg","width":800,"height":600},{"@type":"BreadcrumbList","@id":"https:\/\/ecoprogress.eu\/de\/produkt\/stojan-spiralovy-typ-05\/#breadcrumb","itemListElement":[{"@type":"ListItem","position":1,"name":"Produkte","item":"https:\/\/ecoprogress.eu\/de\/produkte\/"},{"@type":"ListItem","position":2,"name":"Stojan \u0161pir\u00e1lov\u00fd typ 05"}]},{"@type":"WebSite","@id":"https:\/\/ecoprogress.eu\/de\/#website","url":"https:\/\/ecoprogress.eu\/de\/","name":"Ecoprogress","description":"","publisher":{"@id":"https:\/\/ecoprogress.eu\/de\/#organization"},"potentialAction":[{"@type":"SearchAction","target":{"@type":"EntryPoint","urlTemplate":"https:\/\/ecoprogress.eu\/de\/?s={search_term_string}"},"query-input":{"@type":"PropertyValueSpecification","valueRequired":true,"valueName":"search_term_string"}}],"inLanguage":"de"},{"@type":"Organization","@id":"https:\/\/ecoprogress.eu\/de\/#organization","name":"Ecoprogress","url":"https:\/\/ecoprogress.eu\/de\/","logo":{"@type":"ImageObject","inLanguage":"de","@id":"https:\/\/ecoprogress.eu\/de\/#\/schema\/logo\/image\/","url":"https:\/\/ecoprogress.eu\/wp-content\/uploads\/logo-2.svg","contentUrl":"https:\/\/ecoprogress.eu\/wp-content\/uploads\/logo-2.svg","width":318,"height":349,"caption":"Ecoprogress"},"image":{"@id":"https:\/\/ecoprogress.eu\/de\/#\/schema\/logo\/image\/"}}]}},"_links":{"self":[{"href":"https:\/\/ecoprogress.eu\/de\/wp-json\/wp\/v2\/product\/16175","targetHints":{"allow":["GET"]}}],"collection":[{"href":"https:\/\/ecoprogress.eu\/de\/wp-json\/wp\/v2\/product"}],"about":[{"href":"https:\/\/ecoprogress.eu\/de\/wp-json\/wp\/v2\/types\/product"}],"version-history":[{"count":1,"href":"https:\/\/ecoprogress.eu\/de\/wp-json\/wp\/v2\/product\/16175\/revisions"}],"predecessor-version":[{"id":51826,"href":"https:\/\/ecoprogress.eu\/de\/wp-json\/wp\/v2\/product\/16175\/revisions\/51826"}],"wp:featuredmedia":[{"embeddable":true,"href":"https:\/\/ecoprogress.eu\/de\/wp-json\/wp\/v2\/media\/16250"}],"wp:attachment":[{"href":"https:\/\/ecoprogress.eu\/de\/wp-json\/wp\/v2\/media?parent=16175"}],"wp:term":[{"taxonomy":"product_brand","embeddable":true,"href":"https:\/\/ecoprogress.eu\/de\/wp-json\/wp\/v2\/product_brand?post=16175"},{"taxonomy":"product_cat","embeddable":true,"href":"https:\/\/ecoprogress.eu\/de\/wp-json\/wp\/v2\/product_cat?post=16175"},{"taxonomy":"product_tag","embeddable":true,"href":"https:\/\/ecoprogress.eu\/de\/wp-json\/wp\/v2\/product_tag?post=16175"}],"curies":[{"name":"wp","href":"https:\/\/api.w.org\/{rel}","templated":true}]}}