{"id":16203,"date":"2022-06-06T09:10:57","date_gmt":"2022-06-06T07:10:57","guid":{"rendered":"https:\/\/ecoprogress.eu\/?post_type=product&#038;p=16203"},"modified":"2025-03-10T14:44:07","modified_gmt":"2025-03-10T13:44:07","slug":"stojan-modulovy-typ-11-pre-4bicykle","status":"publish","type":"product","link":"https:\/\/ecoprogress.eu\/de\/produkt\/stojan-modulovy-typ-11-pre-4bicykle\/","title":{"rendered":"Stojan modulov\u00fd typ 11 pre 04 bicykle"},"content":{"rendered":"<p>Dodanie 4-6 t\u00fd\u017ed\u0148ov (pod\u013ea stavu skladov\u00fdch z\u00e1sob)<\/p>\n\n<table id=\"tablepress-429\" class=\"tablepress tablepress-id-429\">\n<tbody class=\"row-striping row-hover\">\n<tr class=\"row-1\">\n\t<td class=\"column-1\">po\u010det stanov\u00edsk<\/td><td class=\"column-2\">5<\/td>\n<\/tr>\n<tr class=\"row-2\">\n\t<td class=\"column-1\">\u0161\u00edrka stojanu<\/td><td class=\"column-2\">144 cm<\/td>\n<\/tr>\n<tr class=\"row-3\">\n\t<td class=\"column-1\">v\u00fd\u0161ka stojanu<\/td><td class=\"column-2\">30 - 40 cm<\/td>\n<\/tr>\n<tr class=\"row-4\">\n\t<td class=\"column-1\">h\u013abka stojanu<\/td><td class=\"column-2\">43 cm<\/td>\n<\/tr>\n<tr class=\"row-5\">\n\t<td class=\"column-1\">\u0161\u00edrka stanoviska<\/td><td class=\"column-2\">6,5 cm<\/td>\n<\/tr>\n<tr class=\"row-6\">\n\t<td class=\"column-1\">vzdialenos\u0165 medzi stanoviskami<\/td><td class=\"column-2\">33 cm<\/td>\n<\/tr>\n<tr class=\"row-7\">\n\t<td class=\"column-1\">prierez r\u00fary<\/td><td class=\"column-2\">18 mm<\/td>\n<\/tr>\n<tr class=\"row-8\">\n\t<td class=\"column-1\">hr\u00fabka r\u00fary<\/td><td class=\"column-2\">2 mm<\/td>\n<\/tr>\n<tr class=\"row-9\">\n\t<td class=\"column-1\">regul\u00e1cia stanov\u00edsk<\/td><td class=\"column-2\">90 - 45 stup\u0148ov<\/td>\n<\/tr>\n<tr class=\"row-10\">\n\t<td class=\"column-1\">materi\u00e1l<\/td><td class=\"column-2\">oce\u013e pozinkovan\u00e1 a malovan\u00e1, oce\u013e nehrdzavej\u00faca<\/td>\n<\/tr>\n<tr class=\"row-11\">\n\t<td class=\"column-1\">sp\u00f4sob mont\u00e1\u017ee<\/td><td class=\"column-2\">skrutkami<\/td>\n<\/tr>\n<\/tbody>\n<\/table>\n<!-- #tablepress-429 from cache -->\n","protected":false},"excerpt":{"rendered":"<p>Stojan modulov\u00fd typ 11 je \u0161peci\u00e1lne navrhnut\u00fd stojan umo\u017e\u0148uj\u00faci parkovanie bicyklov na dvoch r\u00f4znych \u00farovniach, \u010do vylu\u010duje kontakt medzi zaparkovan\u00fdmi bicyklami. V\u010faka tomuto rie\u0161eniu je aj napriek men\u0161\u00edm priestorom medzi stojanmi plne zabezpe\u010den\u00fd komfort a bezpe\u010dnos\u0165 pou\u017e\u00edvania stojana.<\/p>\n","protected":false},"featured_media":16244,"template":"","meta":[],"product_brand":[],"product_cat":[219,207,156],"product_tag":[],"class_list":{"0":"post-16203","1":"product","2":"type-product","3":"status-publish","4":"has-post-thumbnail","6":"product_cat-modulove","7":"product_cat-nastenne-stojany-na-bicykle","8":"product_cat-stojany-na-bicykle","9":"product_shipping_class-stojany","11":"first","12":"instock","13":"taxable","14":"shipping-taxable","15":"purchasable","16":"product-type-variable"},"yoast_head":"<!-- This site is optimized with the Yoast SEO plugin v27.2 - https:\/\/yoast.com\/product\/yoast-seo-wordpress\/ -->\n<title>Stojan modulov\u00fd typ 11 pre 04 bicykle | Ecoprogress<\/title>\n<meta name=\"description\" content=\"Stojan modulov\u00fd typ 11 je \u0161peci\u00e1lne navrhnut\u00fd stojan umo\u017e\u0148uj\u00faci parkovanie bicyklov na dvoch r\u00f4znych \u00farovniach, \u010do vylu\u010duje kontakt medzi zaparkovan\u00fdmi bicyklami.\" \/>\n<meta name=\"robots\" content=\"index, follow, max-snippet:-1, max-image-preview:large, max-video-preview:-1\" \/>\n<link rel=\"canonical\" href=\"https:\/\/ecoprogress.eu\/de\/produkt\/stojan-modulovy-typ-11-pre-4bicykle\/\" \/>\n<meta property=\"og:locale\" content=\"de_DE\" \/>\n<meta property=\"og:type\" content=\"article\" \/>\n<meta property=\"og:title\" content=\"Stojan modulov\u00fd typ 11 pre 04 bicykle | Ecoprogress\" \/>\n<meta property=\"og:description\" content=\"Stojan modulov\u00fd typ 11 je \u0161peci\u00e1lne navrhnut\u00fd stojan umo\u017e\u0148uj\u00faci parkovanie bicyklov na dvoch r\u00f4znych \u00farovniach, \u010do vylu\u010duje kontakt medzi zaparkovan\u00fdmi bicyklami.\" \/>\n<meta property=\"og:url\" content=\"https:\/\/ecoprogress.eu\/de\/produkt\/stojan-modulovy-typ-11-pre-4bicykle\/\" \/>\n<meta property=\"og:site_name\" content=\"Ecoprogress\" \/>\n<meta property=\"article:modified_time\" content=\"2025-03-10T13:44:07+00:00\" \/>\n<meta property=\"og:image\" content=\"https:\/\/ecoprogress.eu\/wp-content\/uploads\/modulovy62.jpg\" \/>\n\t<meta property=\"og:image:width\" content=\"800\" \/>\n\t<meta property=\"og:image:height\" content=\"600\" \/>\n\t<meta property=\"og:image:type\" content=\"image\/jpeg\" \/>\n<meta name=\"twitter:card\" content=\"summary_large_image\" \/>\n<meta name=\"twitter:label1\" content=\"Gesch\u00e4tzte Lesezeit\" \/>\n\t<meta name=\"twitter:data1\" content=\"1\u00a0Minute\" \/>\n<script type=\"application\/ld+json\" class=\"yoast-schema-graph\">{\"@context\":\"https:\/\/schema.org\",\"@graph\":[{\"@type\":\"WebPage\",\"@id\":\"https:\/\/ecoprogress.eu\/de\/produkt\/stojan-modulovy-typ-11-pre-4bicykle\/\",\"url\":\"https:\/\/ecoprogress.eu\/de\/produkt\/stojan-modulovy-typ-11-pre-4bicykle\/\",\"name\":\"Stojan modulov\u00fd typ 11 pre 04 bicykle | Ecoprogress\",\"isPartOf\":{\"@id\":\"https:\/\/ecoprogress.eu\/de\/#website\"},\"primaryImageOfPage\":{\"@id\":\"https:\/\/ecoprogress.eu\/de\/produkt\/stojan-modulovy-typ-11-pre-4bicykle\/#primaryimage\"},\"image\":{\"@id\":\"https:\/\/ecoprogress.eu\/de\/produkt\/stojan-modulovy-typ-11-pre-4bicykle\/#primaryimage\"},\"thumbnailUrl\":\"https:\/\/ecoprogress.eu\/wp-content\/uploads\/modulovy62.jpg\",\"datePublished\":\"2022-06-06T07:10:57+00:00\",\"dateModified\":\"2025-03-10T13:44:07+00:00\",\"description\":\"Stojan modulov\u00fd typ 11 je \u0161peci\u00e1lne navrhnut\u00fd stojan umo\u017e\u0148uj\u00faci parkovanie bicyklov na dvoch r\u00f4znych \u00farovniach, \u010do vylu\u010duje kontakt medzi zaparkovan\u00fdmi bicyklami.\",\"breadcrumb\":{\"@id\":\"https:\/\/ecoprogress.eu\/de\/produkt\/stojan-modulovy-typ-11-pre-4bicykle\/#breadcrumb\"},\"inLanguage\":\"de\",\"potentialAction\":[{\"@type\":\"ReadAction\",\"target\":[\"https:\/\/ecoprogress.eu\/de\/produkt\/stojan-modulovy-typ-11-pre-4bicykle\/\"]}]},{\"@type\":\"ImageObject\",\"inLanguage\":\"de\",\"@id\":\"https:\/\/ecoprogress.eu\/de\/produkt\/stojan-modulovy-typ-11-pre-4bicykle\/#primaryimage\",\"url\":\"https:\/\/ecoprogress.eu\/wp-content\/uploads\/modulovy62.jpg\",\"contentUrl\":\"https:\/\/ecoprogress.eu\/wp-content\/uploads\/modulovy62.jpg\",\"width\":800,\"height\":600},{\"@type\":\"BreadcrumbList\",\"@id\":\"https:\/\/ecoprogress.eu\/de\/produkt\/stojan-modulovy-typ-11-pre-4bicykle\/#breadcrumb\",\"itemListElement\":[{\"@type\":\"ListItem\",\"position\":1,\"name\":\"Produkte\",\"item\":\"https:\/\/ecoprogress.eu\/de\/produkte\/\"},{\"@type\":\"ListItem\",\"position\":2,\"name\":\"Stojan modulov\u00fd typ 11 pre 04 bicykle\"}]},{\"@type\":\"WebSite\",\"@id\":\"https:\/\/ecoprogress.eu\/de\/#website\",\"url\":\"https:\/\/ecoprogress.eu\/de\/\",\"name\":\"Ecoprogress\",\"description\":\"\",\"publisher\":{\"@id\":\"https:\/\/ecoprogress.eu\/de\/#organization\"},\"potentialAction\":[{\"@type\":\"SearchAction\",\"target\":{\"@type\":\"EntryPoint\",\"urlTemplate\":\"https:\/\/ecoprogress.eu\/de\/?s={search_term_string}\"},\"query-input\":{\"@type\":\"PropertyValueSpecification\",\"valueRequired\":true,\"valueName\":\"search_term_string\"}}],\"inLanguage\":\"de\"},{\"@type\":\"Organization\",\"@id\":\"https:\/\/ecoprogress.eu\/de\/#organization\",\"name\":\"Ecoprogress\",\"url\":\"https:\/\/ecoprogress.eu\/de\/\",\"logo\":{\"@type\":\"ImageObject\",\"inLanguage\":\"de\",\"@id\":\"https:\/\/ecoprogress.eu\/de\/#\/schema\/logo\/image\/\",\"url\":\"https:\/\/ecoprogress.eu\/wp-content\/uploads\/logo-2.svg\",\"contentUrl\":\"https:\/\/ecoprogress.eu\/wp-content\/uploads\/logo-2.svg\",\"width\":318,\"height\":349,\"caption\":\"Ecoprogress\"},\"image\":{\"@id\":\"https:\/\/ecoprogress.eu\/de\/#\/schema\/logo\/image\/\"}}]}<\/script>\n<!-- \/ Yoast SEO plugin. -->","yoast_head_json":{"title":"Stojan modulov\u00fd typ 11 pre 04 bicykle | Ecoprogress","description":"Stojan modulov\u00fd typ 11 je \u0161peci\u00e1lne navrhnut\u00fd stojan umo\u017e\u0148uj\u00faci parkovanie bicyklov na dvoch r\u00f4znych \u00farovniach, \u010do vylu\u010duje kontakt medzi zaparkovan\u00fdmi bicyklami.","robots":{"index":"index","follow":"follow","max-snippet":"max-snippet:-1","max-image-preview":"max-image-preview:large","max-video-preview":"max-video-preview:-1"},"canonical":"https:\/\/ecoprogress.eu\/de\/produkt\/stojan-modulovy-typ-11-pre-4bicykle\/","og_locale":"de_DE","og_type":"article","og_title":"Stojan modulov\u00fd typ 11 pre 04 bicykle | Ecoprogress","og_description":"Stojan modulov\u00fd typ 11 je \u0161peci\u00e1lne navrhnut\u00fd stojan umo\u017e\u0148uj\u00faci parkovanie bicyklov na dvoch r\u00f4znych \u00farovniach, \u010do vylu\u010duje kontakt medzi zaparkovan\u00fdmi bicyklami.","og_url":"https:\/\/ecoprogress.eu\/de\/produkt\/stojan-modulovy-typ-11-pre-4bicykle\/","og_site_name":"Ecoprogress","article_modified_time":"2025-03-10T13:44:07+00:00","og_image":[{"width":800,"height":600,"url":"https:\/\/ecoprogress.eu\/wp-content\/uploads\/modulovy62.jpg","type":"image\/jpeg"}],"twitter_card":"summary_large_image","twitter_misc":{"Gesch\u00e4tzte Lesezeit":"1\u00a0Minute"},"schema":{"@context":"https:\/\/schema.org","@graph":[{"@type":"WebPage","@id":"https:\/\/ecoprogress.eu\/de\/produkt\/stojan-modulovy-typ-11-pre-4bicykle\/","url":"https:\/\/ecoprogress.eu\/de\/produkt\/stojan-modulovy-typ-11-pre-4bicykle\/","name":"Stojan modulov\u00fd typ 11 pre 04 bicykle | Ecoprogress","isPartOf":{"@id":"https:\/\/ecoprogress.eu\/de\/#website"},"primaryImageOfPage":{"@id":"https:\/\/ecoprogress.eu\/de\/produkt\/stojan-modulovy-typ-11-pre-4bicykle\/#primaryimage"},"image":{"@id":"https:\/\/ecoprogress.eu\/de\/produkt\/stojan-modulovy-typ-11-pre-4bicykle\/#primaryimage"},"thumbnailUrl":"https:\/\/ecoprogress.eu\/wp-content\/uploads\/modulovy62.jpg","datePublished":"2022-06-06T07:10:57+00:00","dateModified":"2025-03-10T13:44:07+00:00","description":"Stojan modulov\u00fd typ 11 je \u0161peci\u00e1lne navrhnut\u00fd stojan umo\u017e\u0148uj\u00faci parkovanie bicyklov na dvoch r\u00f4znych \u00farovniach, \u010do vylu\u010duje kontakt medzi zaparkovan\u00fdmi bicyklami.","breadcrumb":{"@id":"https:\/\/ecoprogress.eu\/de\/produkt\/stojan-modulovy-typ-11-pre-4bicykle\/#breadcrumb"},"inLanguage":"de","potentialAction":[{"@type":"ReadAction","target":["https:\/\/ecoprogress.eu\/de\/produkt\/stojan-modulovy-typ-11-pre-4bicykle\/"]}]},{"@type":"ImageObject","inLanguage":"de","@id":"https:\/\/ecoprogress.eu\/de\/produkt\/stojan-modulovy-typ-11-pre-4bicykle\/#primaryimage","url":"https:\/\/ecoprogress.eu\/wp-content\/uploads\/modulovy62.jpg","contentUrl":"https:\/\/ecoprogress.eu\/wp-content\/uploads\/modulovy62.jpg","width":800,"height":600},{"@type":"BreadcrumbList","@id":"https:\/\/ecoprogress.eu\/de\/produkt\/stojan-modulovy-typ-11-pre-4bicykle\/#breadcrumb","itemListElement":[{"@type":"ListItem","position":1,"name":"Produkte","item":"https:\/\/ecoprogress.eu\/de\/produkte\/"},{"@type":"ListItem","position":2,"name":"Stojan modulov\u00fd typ 11 pre 04 bicykle"}]},{"@type":"WebSite","@id":"https:\/\/ecoprogress.eu\/de\/#website","url":"https:\/\/ecoprogress.eu\/de\/","name":"Ecoprogress","description":"","publisher":{"@id":"https:\/\/ecoprogress.eu\/de\/#organization"},"potentialAction":[{"@type":"SearchAction","target":{"@type":"EntryPoint","urlTemplate":"https:\/\/ecoprogress.eu\/de\/?s={search_term_string}"},"query-input":{"@type":"PropertyValueSpecification","valueRequired":true,"valueName":"search_term_string"}}],"inLanguage":"de"},{"@type":"Organization","@id":"https:\/\/ecoprogress.eu\/de\/#organization","name":"Ecoprogress","url":"https:\/\/ecoprogress.eu\/de\/","logo":{"@type":"ImageObject","inLanguage":"de","@id":"https:\/\/ecoprogress.eu\/de\/#\/schema\/logo\/image\/","url":"https:\/\/ecoprogress.eu\/wp-content\/uploads\/logo-2.svg","contentUrl":"https:\/\/ecoprogress.eu\/wp-content\/uploads\/logo-2.svg","width":318,"height":349,"caption":"Ecoprogress"},"image":{"@id":"https:\/\/ecoprogress.eu\/de\/#\/schema\/logo\/image\/"}}]}},"_links":{"self":[{"href":"https:\/\/ecoprogress.eu\/de\/wp-json\/wp\/v2\/product\/16203","targetHints":{"allow":["GET"]}}],"collection":[{"href":"https:\/\/ecoprogress.eu\/de\/wp-json\/wp\/v2\/product"}],"about":[{"href":"https:\/\/ecoprogress.eu\/de\/wp-json\/wp\/v2\/types\/product"}],"version-history":[{"count":2,"href":"https:\/\/ecoprogress.eu\/de\/wp-json\/wp\/v2\/product\/16203\/revisions"}],"predecessor-version":[{"id":59212,"href":"https:\/\/ecoprogress.eu\/de\/wp-json\/wp\/v2\/product\/16203\/revisions\/59212"}],"wp:featuredmedia":[{"embeddable":true,"href":"https:\/\/ecoprogress.eu\/de\/wp-json\/wp\/v2\/media\/16244"}],"wp:attachment":[{"href":"https:\/\/ecoprogress.eu\/de\/wp-json\/wp\/v2\/media?parent=16203"}],"wp:term":[{"taxonomy":"product_brand","embeddable":true,"href":"https:\/\/ecoprogress.eu\/de\/wp-json\/wp\/v2\/product_brand?post=16203"},{"taxonomy":"product_cat","embeddable":true,"href":"https:\/\/ecoprogress.eu\/de\/wp-json\/wp\/v2\/product_cat?post=16203"},{"taxonomy":"product_tag","embeddable":true,"href":"https:\/\/ecoprogress.eu\/de\/wp-json\/wp\/v2\/product_tag?post=16203"}],"curies":[{"name":"wp","href":"https:\/\/api.w.org\/{rel}","templated":true}]}}