{"id":20695,"date":"2022-08-12T13:41:44","date_gmt":"2022-08-12T11:41:44","guid":{"rendered":"https:\/\/ecoprogress.eu\/?post_type=product&#038;p=20695"},"modified":"2022-12-14T10:46:38","modified_gmt":"2022-12-14T09:46:38","slug":"lezadlo-typ-02","status":"publish","type":"product","link":"https:\/\/ecoprogress.eu\/de\/produkt\/lezadlo-typ-02\/","title":{"rendered":"Le\u017eadlo typ 02"},"content":{"rendered":"<p>Dodanie 4-6 t\u00fd\u017ed\u0148ov (pod\u013ea stavu skladov\u00fdch z\u00e1sob)<\/p>\n\n<table id=\"tablepress-531\" class=\"tablepress tablepress-id-531\">\n<tbody class=\"row-striping row-hover\">\n<tr class=\"row-1\">\n\t<td class=\"column-1\">materi\u00e1l<\/td><td class=\"column-2\">oce\u013e pozinkovan\u00e1 a ma\u013eovan\u00e1, nehrdzavej\u00faca oce\u013e<\/td>\n<\/tr>\n<tr class=\"row-2\">\n\t<td class=\"column-1\">komponenty<\/td><td class=\"column-2\">dreven\u00e9 li\u0161ty 60 x 6 x 2,5 cm, plech 6 mm a 3 mm<\/td>\n<\/tr>\n<\/tbody>\n<\/table>\n\n","protected":false},"excerpt":{"rendered":"<pre id=\"tw-target-text\" class=\"tw-data-text tw-text-large tw-ta\" dir=\"ltr\" data-placeholder=\"P\u0159eklad\"><span class=\"Y2IQFc\" lang=\"sk\">Le\u017eadlo typ 2 je nevyhnutn\u00fdm kusom n\u00e1bytku pre dokonal\u00fd odpo\u010dinok v ka\u017edej z\u00e1hrade a perfektn\u00fdm doplnkom k pouli\u010dn\u00e9mu a parkov\u00e9mu mobili\u00e1ru.<\/span><\/pre>\n","protected":false},"featured_media":22139,"template":"","meta":[],"product_brand":[],"product_cat":[373,380,374],"product_tag":[],"class_list":{"0":"post-20695","1":"product","2":"type-product","3":"status-publish","4":"has-post-thumbnail","6":"product_cat-dom-a-zahrada","7":"product_cat-lezadla-a-hojdacie-siete","8":"product_cat-zahradny-nabytok","9":"product_shipping_class-lezadla","11":"first","12":"instock","13":"featured","14":"taxable","15":"shipping-taxable","16":"purchasable","17":"product-type-variable"},"yoast_head":"<!-- This site is optimized with the Yoast SEO plugin v27.2 - https:\/\/yoast.com\/product\/yoast-seo-wordpress\/ -->\n<title>Le\u017eadlo typ 02 | Ecoprogress<\/title>\n<meta name=\"description\" content=\"Le\u017eadlo typ 02 je nevyhnutn\u00fdm kusom n\u00e1bytku pre dokonal\u00fd odpo\u010dinok v ka\u017edej z\u00e1hrade a perfektn\u00fdm doplnkom k pouli\u010dn\u00e9mu a parkov\u00e9mu mobili\u00e1ru.\" \/>\n<meta name=\"robots\" content=\"index, follow, max-snippet:-1, max-image-preview:large, max-video-preview:-1\" \/>\n<link rel=\"canonical\" href=\"https:\/\/ecoprogress.eu\/de\/produkt\/lezadlo-typ-02\/\" \/>\n<meta property=\"og:locale\" content=\"de_DE\" \/>\n<meta property=\"og:type\" content=\"article\" \/>\n<meta property=\"og:title\" content=\"Le\u017eadlo typ 02 | Ecoprogress\" \/>\n<meta property=\"og:description\" content=\"Le\u017eadlo typ 02 je nevyhnutn\u00fdm kusom n\u00e1bytku pre dokonal\u00fd odpo\u010dinok v ka\u017edej z\u00e1hrade a perfektn\u00fdm doplnkom k pouli\u010dn\u00e9mu a parkov\u00e9mu mobili\u00e1ru.\" \/>\n<meta property=\"og:url\" content=\"https:\/\/ecoprogress.eu\/de\/produkt\/lezadlo-typ-02\/\" \/>\n<meta property=\"og:site_name\" content=\"Ecoprogress\" \/>\n<meta property=\"article:modified_time\" content=\"2022-12-14T09:46:38+00:00\" \/>\n<meta property=\"og:image\" content=\"https:\/\/ecoprogress.eu\/wp-content\/uploads\/lezadlo2.jpg\" \/>\n\t<meta property=\"og:image:width\" content=\"800\" \/>\n\t<meta property=\"og:image:height\" content=\"600\" \/>\n\t<meta property=\"og:image:type\" content=\"image\/jpeg\" \/>\n<meta name=\"twitter:card\" content=\"summary_large_image\" \/>\n<meta name=\"twitter:label1\" content=\"Gesch\u00e4tzte Lesezeit\" \/>\n\t<meta name=\"twitter:data1\" content=\"1\u00a0Minute\" \/>\n<script type=\"application\/ld+json\" class=\"yoast-schema-graph\">{\"@context\":\"https:\/\/schema.org\",\"@graph\":[{\"@type\":\"WebPage\",\"@id\":\"https:\/\/ecoprogress.eu\/de\/produkt\/lezadlo-typ-02\/\",\"url\":\"https:\/\/ecoprogress.eu\/de\/produkt\/lezadlo-typ-02\/\",\"name\":\"Le\u017eadlo typ 02 | Ecoprogress\",\"isPartOf\":{\"@id\":\"https:\/\/ecoprogress.eu\/de\/#website\"},\"primaryImageOfPage\":{\"@id\":\"https:\/\/ecoprogress.eu\/de\/produkt\/lezadlo-typ-02\/#primaryimage\"},\"image\":{\"@id\":\"https:\/\/ecoprogress.eu\/de\/produkt\/lezadlo-typ-02\/#primaryimage\"},\"thumbnailUrl\":\"https:\/\/ecoprogress.eu\/wp-content\/uploads\/lezadlo2.jpg\",\"datePublished\":\"2022-08-12T11:41:44+00:00\",\"dateModified\":\"2022-12-14T09:46:38+00:00\",\"description\":\"Le\u017eadlo typ 02 je nevyhnutn\u00fdm kusom n\u00e1bytku pre dokonal\u00fd odpo\u010dinok v ka\u017edej z\u00e1hrade a perfektn\u00fdm doplnkom k pouli\u010dn\u00e9mu a parkov\u00e9mu mobili\u00e1ru.\",\"breadcrumb\":{\"@id\":\"https:\/\/ecoprogress.eu\/de\/produkt\/lezadlo-typ-02\/#breadcrumb\"},\"inLanguage\":\"de\",\"potentialAction\":[{\"@type\":\"ReadAction\",\"target\":[\"https:\/\/ecoprogress.eu\/de\/produkt\/lezadlo-typ-02\/\"]}]},{\"@type\":\"ImageObject\",\"inLanguage\":\"de\",\"@id\":\"https:\/\/ecoprogress.eu\/de\/produkt\/lezadlo-typ-02\/#primaryimage\",\"url\":\"https:\/\/ecoprogress.eu\/wp-content\/uploads\/lezadlo2.jpg\",\"contentUrl\":\"https:\/\/ecoprogress.eu\/wp-content\/uploads\/lezadlo2.jpg\",\"width\":800,\"height\":600},{\"@type\":\"BreadcrumbList\",\"@id\":\"https:\/\/ecoprogress.eu\/de\/produkt\/lezadlo-typ-02\/#breadcrumb\",\"itemListElement\":[{\"@type\":\"ListItem\",\"position\":1,\"name\":\"Produkte\",\"item\":\"https:\/\/ecoprogress.eu\/de\/produkte\/\"},{\"@type\":\"ListItem\",\"position\":2,\"name\":\"Le\u017eadlo typ 02\"}]},{\"@type\":\"WebSite\",\"@id\":\"https:\/\/ecoprogress.eu\/de\/#website\",\"url\":\"https:\/\/ecoprogress.eu\/de\/\",\"name\":\"Ecoprogress\",\"description\":\"\",\"publisher\":{\"@id\":\"https:\/\/ecoprogress.eu\/de\/#organization\"},\"potentialAction\":[{\"@type\":\"SearchAction\",\"target\":{\"@type\":\"EntryPoint\",\"urlTemplate\":\"https:\/\/ecoprogress.eu\/de\/?s={search_term_string}\"},\"query-input\":{\"@type\":\"PropertyValueSpecification\",\"valueRequired\":true,\"valueName\":\"search_term_string\"}}],\"inLanguage\":\"de\"},{\"@type\":\"Organization\",\"@id\":\"https:\/\/ecoprogress.eu\/de\/#organization\",\"name\":\"Ecoprogress\",\"url\":\"https:\/\/ecoprogress.eu\/de\/\",\"logo\":{\"@type\":\"ImageObject\",\"inLanguage\":\"de\",\"@id\":\"https:\/\/ecoprogress.eu\/de\/#\/schema\/logo\/image\/\",\"url\":\"https:\/\/ecoprogress.eu\/wp-content\/uploads\/logo-2.svg\",\"contentUrl\":\"https:\/\/ecoprogress.eu\/wp-content\/uploads\/logo-2.svg\",\"width\":318,\"height\":349,\"caption\":\"Ecoprogress\"},\"image\":{\"@id\":\"https:\/\/ecoprogress.eu\/de\/#\/schema\/logo\/image\/\"}}]}<\/script>\n<!-- \/ Yoast SEO plugin. -->","yoast_head_json":{"title":"Le\u017eadlo typ 02 | Ecoprogress","description":"Le\u017eadlo typ 02 je nevyhnutn\u00fdm kusom n\u00e1bytku pre dokonal\u00fd odpo\u010dinok v ka\u017edej z\u00e1hrade a perfektn\u00fdm doplnkom k pouli\u010dn\u00e9mu a parkov\u00e9mu mobili\u00e1ru.","robots":{"index":"index","follow":"follow","max-snippet":"max-snippet:-1","max-image-preview":"max-image-preview:large","max-video-preview":"max-video-preview:-1"},"canonical":"https:\/\/ecoprogress.eu\/de\/produkt\/lezadlo-typ-02\/","og_locale":"de_DE","og_type":"article","og_title":"Le\u017eadlo typ 02 | Ecoprogress","og_description":"Le\u017eadlo typ 02 je nevyhnutn\u00fdm kusom n\u00e1bytku pre dokonal\u00fd odpo\u010dinok v ka\u017edej z\u00e1hrade a perfektn\u00fdm doplnkom k pouli\u010dn\u00e9mu a parkov\u00e9mu mobili\u00e1ru.","og_url":"https:\/\/ecoprogress.eu\/de\/produkt\/lezadlo-typ-02\/","og_site_name":"Ecoprogress","article_modified_time":"2022-12-14T09:46:38+00:00","og_image":[{"width":800,"height":600,"url":"https:\/\/ecoprogress.eu\/wp-content\/uploads\/lezadlo2.jpg","type":"image\/jpeg"}],"twitter_card":"summary_large_image","twitter_misc":{"Gesch\u00e4tzte Lesezeit":"1\u00a0Minute"},"schema":{"@context":"https:\/\/schema.org","@graph":[{"@type":"WebPage","@id":"https:\/\/ecoprogress.eu\/de\/produkt\/lezadlo-typ-02\/","url":"https:\/\/ecoprogress.eu\/de\/produkt\/lezadlo-typ-02\/","name":"Le\u017eadlo typ 02 | Ecoprogress","isPartOf":{"@id":"https:\/\/ecoprogress.eu\/de\/#website"},"primaryImageOfPage":{"@id":"https:\/\/ecoprogress.eu\/de\/produkt\/lezadlo-typ-02\/#primaryimage"},"image":{"@id":"https:\/\/ecoprogress.eu\/de\/produkt\/lezadlo-typ-02\/#primaryimage"},"thumbnailUrl":"https:\/\/ecoprogress.eu\/wp-content\/uploads\/lezadlo2.jpg","datePublished":"2022-08-12T11:41:44+00:00","dateModified":"2022-12-14T09:46:38+00:00","description":"Le\u017eadlo typ 02 je nevyhnutn\u00fdm kusom n\u00e1bytku pre dokonal\u00fd odpo\u010dinok v ka\u017edej z\u00e1hrade a perfektn\u00fdm doplnkom k pouli\u010dn\u00e9mu a parkov\u00e9mu mobili\u00e1ru.","breadcrumb":{"@id":"https:\/\/ecoprogress.eu\/de\/produkt\/lezadlo-typ-02\/#breadcrumb"},"inLanguage":"de","potentialAction":[{"@type":"ReadAction","target":["https:\/\/ecoprogress.eu\/de\/produkt\/lezadlo-typ-02\/"]}]},{"@type":"ImageObject","inLanguage":"de","@id":"https:\/\/ecoprogress.eu\/de\/produkt\/lezadlo-typ-02\/#primaryimage","url":"https:\/\/ecoprogress.eu\/wp-content\/uploads\/lezadlo2.jpg","contentUrl":"https:\/\/ecoprogress.eu\/wp-content\/uploads\/lezadlo2.jpg","width":800,"height":600},{"@type":"BreadcrumbList","@id":"https:\/\/ecoprogress.eu\/de\/produkt\/lezadlo-typ-02\/#breadcrumb","itemListElement":[{"@type":"ListItem","position":1,"name":"Produkte","item":"https:\/\/ecoprogress.eu\/de\/produkte\/"},{"@type":"ListItem","position":2,"name":"Le\u017eadlo typ 02"}]},{"@type":"WebSite","@id":"https:\/\/ecoprogress.eu\/de\/#website","url":"https:\/\/ecoprogress.eu\/de\/","name":"Ecoprogress","description":"","publisher":{"@id":"https:\/\/ecoprogress.eu\/de\/#organization"},"potentialAction":[{"@type":"SearchAction","target":{"@type":"EntryPoint","urlTemplate":"https:\/\/ecoprogress.eu\/de\/?s={search_term_string}"},"query-input":{"@type":"PropertyValueSpecification","valueRequired":true,"valueName":"search_term_string"}}],"inLanguage":"de"},{"@type":"Organization","@id":"https:\/\/ecoprogress.eu\/de\/#organization","name":"Ecoprogress","url":"https:\/\/ecoprogress.eu\/de\/","logo":{"@type":"ImageObject","inLanguage":"de","@id":"https:\/\/ecoprogress.eu\/de\/#\/schema\/logo\/image\/","url":"https:\/\/ecoprogress.eu\/wp-content\/uploads\/logo-2.svg","contentUrl":"https:\/\/ecoprogress.eu\/wp-content\/uploads\/logo-2.svg","width":318,"height":349,"caption":"Ecoprogress"},"image":{"@id":"https:\/\/ecoprogress.eu\/de\/#\/schema\/logo\/image\/"}}]}},"_links":{"self":[{"href":"https:\/\/ecoprogress.eu\/de\/wp-json\/wp\/v2\/product\/20695","targetHints":{"allow":["GET"]}}],"collection":[{"href":"https:\/\/ecoprogress.eu\/de\/wp-json\/wp\/v2\/product"}],"about":[{"href":"https:\/\/ecoprogress.eu\/de\/wp-json\/wp\/v2\/types\/product"}],"version-history":[{"count":0,"href":"https:\/\/ecoprogress.eu\/de\/wp-json\/wp\/v2\/product\/20695\/revisions"}],"wp:featuredmedia":[{"embeddable":true,"href":"https:\/\/ecoprogress.eu\/de\/wp-json\/wp\/v2\/media\/22139"}],"wp:attachment":[{"href":"https:\/\/ecoprogress.eu\/de\/wp-json\/wp\/v2\/media?parent=20695"}],"wp:term":[{"taxonomy":"product_brand","embeddable":true,"href":"https:\/\/ecoprogress.eu\/de\/wp-json\/wp\/v2\/product_brand?post=20695"},{"taxonomy":"product_cat","embeddable":true,"href":"https:\/\/ecoprogress.eu\/de\/wp-json\/wp\/v2\/product_cat?post=20695"},{"taxonomy":"product_tag","embeddable":true,"href":"https:\/\/ecoprogress.eu\/de\/wp-json\/wp\/v2\/product_tag?post=20695"}],"curies":[{"name":"wp","href":"https:\/\/api.w.org\/{rel}","templated":true}]}}