{"id":20905,"date":"2022-08-15T11:04:49","date_gmt":"2022-08-15T09:04:49","guid":{"rendered":"https:\/\/ecoprogress.eu\/?post_type=product&#038;p=20905"},"modified":"2025-02-26T14:16:27","modified_gmt":"2025-02-26T13:16:27","slug":"vesiak-na-bicykle-typ-04-pre-6-bicyklov","status":"publish","type":"product","link":"https:\/\/ecoprogress.eu\/de\/produkt\/vesiak-na-bicykle-typ-04-pre-6-bicyklov\/","title":{"rendered":"Ve\u0161iak na bicykle typ 04 pre 06 bicyklov"},"content":{"rendered":"<p>Dodanie 4-6 t\u00fd\u017ed\u0148ov (pod\u013ea stavu skladov\u00fdch z\u00e1sob)<\/p>\n\n<table id=\"tablepress-555\" class=\"tablepress tablepress-id-555\">\n<tbody class=\"row-striping row-hover\">\n<tr class=\"row-1\">\n\t<td class=\"column-1\">po\u010det stanov\u00edsk<\/td><td class=\"column-2\">6<\/td>\n<\/tr>\n<tr class=\"row-2\">\n\t<td class=\"column-1\">\u0161\u00edrka ve\u0161iaku<\/td><td class=\"column-2\">198,50 cm cm, profil upev\u0148ovac\u00ed 30 x 30 x 1,5 mm<\/td>\n<\/tr>\n<tr class=\"row-3\">\n\t<td class=\"column-1\">v\u00fd\u0161ka<\/td><td class=\"column-2\">50 cm<\/td>\n<\/tr>\n<tr class=\"row-4\">\n\t<td class=\"column-1\">priemer <\/td><td class=\"column-2\">\u00d8 18 mm<\/td>\n<\/tr>\n<tr class=\"row-5\">\n\t<td class=\"column-1\">hr\u00fabka<\/td><td class=\"column-2\">2 mm<\/td>\n<\/tr>\n<tr class=\"row-6\">\n\t<td class=\"column-1\">\u0161\u00edrka medzi stanoviskami <\/td><td class=\"column-2\">33 cm<\/td>\n<\/tr>\n<tr class=\"row-7\">\n\t<td class=\"column-1\">materi\u00e1l<\/td><td class=\"column-2\">pozinkovan\u00e1 oce\u013e<\/td>\n<\/tr>\n<tr class=\"row-8\">\n\t<td class=\"column-1\">d\u013a\u017eka<\/td><td class=\"column-2\">180 cm, profil 25 x 25 x1,5 mm<\/td>\n<\/tr>\n<tr class=\"row-9\">\n\t<td class=\"column-1\">\u0161\u00edrka stanoviska<\/td><td class=\"column-2\">29 x 2,6 cala (6,6), kompatibiln\u00e9 s brzdov\u00fdmi kot\u00fa\u010dmi do \u00d8 203 mm<\/td>\n<\/tr>\n<tr class=\"row-10\">\n\t<td class=\"column-1\">sp\u00f4sob ukotvenia<\/td><td class=\"column-2\">do steny<\/td>\n<\/tr>\n<tr class=\"row-11\">\n\t<td class=\"column-1\">sp\u00f4sob mont\u00e1\u017ee<\/td><td class=\"column-2\">8 rozpern\u00fdch skrutiek \u00d8 12x60 mm pre skrutky \u00d8 8x80 mm <\/td>\n<\/tr>\n<\/tbody>\n<\/table>\n\n","protected":false},"excerpt":{"rendered":"<p>Ve\u0161iak na bicykle typ 4 pre 6 bicyklov je p<span class=\"Y2IQFc\" lang=\"sk\">r\u00e9miov\u00fd ve\u0161iak s jednoduchou a pohodlnou mont\u00e1\u017eou na stenu. Hlavnou v\u00fdhodou tejto verzie ve\u0161iaka je zn\u00ed\u017eenie po\u010dtu upev\u0148ovac\u00edch bodov v stene pri zachovan\u00ed vhodnej nosnosti ve\u0161iaka. Ve\u0161iak je nastavite\u013en\u00fd vertik\u00e1lne aj horizont\u00e1lne &#8211; umo\u017e\u0148uje nastavi\u0165 polohu stojanov pod\u013ea vlastn\u00fdch preferenci\u00ed. Ve\u0161iak je dostupn\u00fd aj s dr\u017eiakom, ktor\u00fd v\u00e1m umo\u017en\u00ed pripevni\u0165 bicykle na r\u00e1m.<\/span><\/p>\n","protected":false},"featured_media":22231,"template":"","meta":[],"product_brand":[],"product_cat":[381],"product_tag":[],"class_list":{"0":"post-20905","1":"product","2":"type-product","3":"status-publish","4":"has-post-thumbnail","6":"product_cat-vesiaky-na-bicykle","7":"product_shipping_class-stojany","9":"first","10":"instock","11":"taxable","12":"shipping-taxable","13":"purchasable","14":"product-type-variable"},"yoast_head":"<!-- This site is optimized with the Yoast SEO plugin v27.2 - https:\/\/yoast.com\/product\/yoast-seo-wordpress\/ -->\n<title>Ve\u0161iak na bicykle typ 04 pre 06 bicyklov | Ecoprogress<\/title>\n<meta name=\"description\" content=\"Ve\u0161iak na bicykle typ 04 pre 6 bicyklov je pr\u00e9miov\u00fd ve\u0161iak s jednoduchou a pohodlnou mont\u00e1\u017eou na stenu.\" \/>\n<meta name=\"robots\" content=\"index, follow, max-snippet:-1, max-image-preview:large, max-video-preview:-1\" \/>\n<link rel=\"canonical\" href=\"https:\/\/ecoprogress.eu\/de\/produkt\/vesiak-na-bicykle-typ-04-pre-6-bicyklov\/\" \/>\n<meta property=\"og:locale\" content=\"de_DE\" \/>\n<meta property=\"og:type\" content=\"article\" \/>\n<meta property=\"og:title\" content=\"Ve\u0161iak na bicykle typ 04 pre 06 bicyklov | Ecoprogress\" \/>\n<meta property=\"og:description\" content=\"Ve\u0161iak na bicykle typ 04 pre 6 bicyklov je pr\u00e9miov\u00fd ve\u0161iak s jednoduchou a pohodlnou mont\u00e1\u017eou na stenu.\" \/>\n<meta property=\"og:url\" content=\"https:\/\/ecoprogress.eu\/de\/produkt\/vesiak-na-bicykle-typ-04-pre-6-bicyklov\/\" \/>\n<meta property=\"og:site_name\" content=\"Ecoprogress\" \/>\n<meta property=\"article:modified_time\" content=\"2025-02-26T13:16:27+00:00\" \/>\n<meta property=\"og:image\" content=\"https:\/\/ecoprogress.eu\/wp-content\/uploads\/vesiak4-6.jpg\" \/>\n\t<meta property=\"og:image:width\" content=\"800\" \/>\n\t<meta property=\"og:image:height\" content=\"600\" \/>\n\t<meta property=\"og:image:type\" content=\"image\/jpeg\" \/>\n<meta name=\"twitter:card\" content=\"summary_large_image\" \/>\n<meta name=\"twitter:label1\" content=\"Gesch\u00e4tzte Lesezeit\" \/>\n\t<meta name=\"twitter:data1\" content=\"1\u00a0Minute\" \/>\n<script type=\"application\/ld+json\" class=\"yoast-schema-graph\">{\"@context\":\"https:\/\/schema.org\",\"@graph\":[{\"@type\":\"WebPage\",\"@id\":\"https:\/\/ecoprogress.eu\/de\/produkt\/vesiak-na-bicykle-typ-04-pre-6-bicyklov\/\",\"url\":\"https:\/\/ecoprogress.eu\/de\/produkt\/vesiak-na-bicykle-typ-04-pre-6-bicyklov\/\",\"name\":\"Ve\u0161iak na bicykle typ 04 pre 06 bicyklov | Ecoprogress\",\"isPartOf\":{\"@id\":\"https:\/\/ecoprogress.eu\/de\/#website\"},\"primaryImageOfPage\":{\"@id\":\"https:\/\/ecoprogress.eu\/de\/produkt\/vesiak-na-bicykle-typ-04-pre-6-bicyklov\/#primaryimage\"},\"image\":{\"@id\":\"https:\/\/ecoprogress.eu\/de\/produkt\/vesiak-na-bicykle-typ-04-pre-6-bicyklov\/#primaryimage\"},\"thumbnailUrl\":\"https:\/\/ecoprogress.eu\/wp-content\/uploads\/vesiak4-6.jpg\",\"datePublished\":\"2022-08-15T09:04:49+00:00\",\"dateModified\":\"2025-02-26T13:16:27+00:00\",\"description\":\"Ve\u0161iak na bicykle typ 04 pre 6 bicyklov je pr\u00e9miov\u00fd ve\u0161iak s jednoduchou a pohodlnou mont\u00e1\u017eou na stenu.\",\"breadcrumb\":{\"@id\":\"https:\/\/ecoprogress.eu\/de\/produkt\/vesiak-na-bicykle-typ-04-pre-6-bicyklov\/#breadcrumb\"},\"inLanguage\":\"de\",\"potentialAction\":[{\"@type\":\"ReadAction\",\"target\":[\"https:\/\/ecoprogress.eu\/de\/produkt\/vesiak-na-bicykle-typ-04-pre-6-bicyklov\/\"]}]},{\"@type\":\"ImageObject\",\"inLanguage\":\"de\",\"@id\":\"https:\/\/ecoprogress.eu\/de\/produkt\/vesiak-na-bicykle-typ-04-pre-6-bicyklov\/#primaryimage\",\"url\":\"https:\/\/ecoprogress.eu\/wp-content\/uploads\/vesiak4-6.jpg\",\"contentUrl\":\"https:\/\/ecoprogress.eu\/wp-content\/uploads\/vesiak4-6.jpg\",\"width\":800,\"height\":600},{\"@type\":\"BreadcrumbList\",\"@id\":\"https:\/\/ecoprogress.eu\/de\/produkt\/vesiak-na-bicykle-typ-04-pre-6-bicyklov\/#breadcrumb\",\"itemListElement\":[{\"@type\":\"ListItem\",\"position\":1,\"name\":\"Produkte\",\"item\":\"https:\/\/ecoprogress.eu\/de\/produkte\/\"},{\"@type\":\"ListItem\",\"position\":2,\"name\":\"Ve\u0161iak na bicykle typ 04 pre 06 bicyklov\"}]},{\"@type\":\"WebSite\",\"@id\":\"https:\/\/ecoprogress.eu\/de\/#website\",\"url\":\"https:\/\/ecoprogress.eu\/de\/\",\"name\":\"Ecoprogress\",\"description\":\"\",\"publisher\":{\"@id\":\"https:\/\/ecoprogress.eu\/de\/#organization\"},\"potentialAction\":[{\"@type\":\"SearchAction\",\"target\":{\"@type\":\"EntryPoint\",\"urlTemplate\":\"https:\/\/ecoprogress.eu\/de\/?s={search_term_string}\"},\"query-input\":{\"@type\":\"PropertyValueSpecification\",\"valueRequired\":true,\"valueName\":\"search_term_string\"}}],\"inLanguage\":\"de\"},{\"@type\":\"Organization\",\"@id\":\"https:\/\/ecoprogress.eu\/de\/#organization\",\"name\":\"Ecoprogress\",\"url\":\"https:\/\/ecoprogress.eu\/de\/\",\"logo\":{\"@type\":\"ImageObject\",\"inLanguage\":\"de\",\"@id\":\"https:\/\/ecoprogress.eu\/de\/#\/schema\/logo\/image\/\",\"url\":\"https:\/\/ecoprogress.eu\/wp-content\/uploads\/logo-2.svg\",\"contentUrl\":\"https:\/\/ecoprogress.eu\/wp-content\/uploads\/logo-2.svg\",\"width\":318,\"height\":349,\"caption\":\"Ecoprogress\"},\"image\":{\"@id\":\"https:\/\/ecoprogress.eu\/de\/#\/schema\/logo\/image\/\"}}]}<\/script>\n<!-- \/ Yoast SEO plugin. -->","yoast_head_json":{"title":"Ve\u0161iak na bicykle typ 04 pre 06 bicyklov | Ecoprogress","description":"Ve\u0161iak na bicykle typ 04 pre 6 bicyklov je pr\u00e9miov\u00fd ve\u0161iak s jednoduchou a pohodlnou mont\u00e1\u017eou na stenu.","robots":{"index":"index","follow":"follow","max-snippet":"max-snippet:-1","max-image-preview":"max-image-preview:large","max-video-preview":"max-video-preview:-1"},"canonical":"https:\/\/ecoprogress.eu\/de\/produkt\/vesiak-na-bicykle-typ-04-pre-6-bicyklov\/","og_locale":"de_DE","og_type":"article","og_title":"Ve\u0161iak na bicykle typ 04 pre 06 bicyklov | Ecoprogress","og_description":"Ve\u0161iak na bicykle typ 04 pre 6 bicyklov je pr\u00e9miov\u00fd ve\u0161iak s jednoduchou a pohodlnou mont\u00e1\u017eou na stenu.","og_url":"https:\/\/ecoprogress.eu\/de\/produkt\/vesiak-na-bicykle-typ-04-pre-6-bicyklov\/","og_site_name":"Ecoprogress","article_modified_time":"2025-02-26T13:16:27+00:00","og_image":[{"width":800,"height":600,"url":"https:\/\/ecoprogress.eu\/wp-content\/uploads\/vesiak4-6.jpg","type":"image\/jpeg"}],"twitter_card":"summary_large_image","twitter_misc":{"Gesch\u00e4tzte Lesezeit":"1\u00a0Minute"},"schema":{"@context":"https:\/\/schema.org","@graph":[{"@type":"WebPage","@id":"https:\/\/ecoprogress.eu\/de\/produkt\/vesiak-na-bicykle-typ-04-pre-6-bicyklov\/","url":"https:\/\/ecoprogress.eu\/de\/produkt\/vesiak-na-bicykle-typ-04-pre-6-bicyklov\/","name":"Ve\u0161iak na bicykle typ 04 pre 06 bicyklov | Ecoprogress","isPartOf":{"@id":"https:\/\/ecoprogress.eu\/de\/#website"},"primaryImageOfPage":{"@id":"https:\/\/ecoprogress.eu\/de\/produkt\/vesiak-na-bicykle-typ-04-pre-6-bicyklov\/#primaryimage"},"image":{"@id":"https:\/\/ecoprogress.eu\/de\/produkt\/vesiak-na-bicykle-typ-04-pre-6-bicyklov\/#primaryimage"},"thumbnailUrl":"https:\/\/ecoprogress.eu\/wp-content\/uploads\/vesiak4-6.jpg","datePublished":"2022-08-15T09:04:49+00:00","dateModified":"2025-02-26T13:16:27+00:00","description":"Ve\u0161iak na bicykle typ 04 pre 6 bicyklov je pr\u00e9miov\u00fd ve\u0161iak s jednoduchou a pohodlnou mont\u00e1\u017eou na stenu.","breadcrumb":{"@id":"https:\/\/ecoprogress.eu\/de\/produkt\/vesiak-na-bicykle-typ-04-pre-6-bicyklov\/#breadcrumb"},"inLanguage":"de","potentialAction":[{"@type":"ReadAction","target":["https:\/\/ecoprogress.eu\/de\/produkt\/vesiak-na-bicykle-typ-04-pre-6-bicyklov\/"]}]},{"@type":"ImageObject","inLanguage":"de","@id":"https:\/\/ecoprogress.eu\/de\/produkt\/vesiak-na-bicykle-typ-04-pre-6-bicyklov\/#primaryimage","url":"https:\/\/ecoprogress.eu\/wp-content\/uploads\/vesiak4-6.jpg","contentUrl":"https:\/\/ecoprogress.eu\/wp-content\/uploads\/vesiak4-6.jpg","width":800,"height":600},{"@type":"BreadcrumbList","@id":"https:\/\/ecoprogress.eu\/de\/produkt\/vesiak-na-bicykle-typ-04-pre-6-bicyklov\/#breadcrumb","itemListElement":[{"@type":"ListItem","position":1,"name":"Produkte","item":"https:\/\/ecoprogress.eu\/de\/produkte\/"},{"@type":"ListItem","position":2,"name":"Ve\u0161iak na bicykle typ 04 pre 06 bicyklov"}]},{"@type":"WebSite","@id":"https:\/\/ecoprogress.eu\/de\/#website","url":"https:\/\/ecoprogress.eu\/de\/","name":"Ecoprogress","description":"","publisher":{"@id":"https:\/\/ecoprogress.eu\/de\/#organization"},"potentialAction":[{"@type":"SearchAction","target":{"@type":"EntryPoint","urlTemplate":"https:\/\/ecoprogress.eu\/de\/?s={search_term_string}"},"query-input":{"@type":"PropertyValueSpecification","valueRequired":true,"valueName":"search_term_string"}}],"inLanguage":"de"},{"@type":"Organization","@id":"https:\/\/ecoprogress.eu\/de\/#organization","name":"Ecoprogress","url":"https:\/\/ecoprogress.eu\/de\/","logo":{"@type":"ImageObject","inLanguage":"de","@id":"https:\/\/ecoprogress.eu\/de\/#\/schema\/logo\/image\/","url":"https:\/\/ecoprogress.eu\/wp-content\/uploads\/logo-2.svg","contentUrl":"https:\/\/ecoprogress.eu\/wp-content\/uploads\/logo-2.svg","width":318,"height":349,"caption":"Ecoprogress"},"image":{"@id":"https:\/\/ecoprogress.eu\/de\/#\/schema\/logo\/image\/"}}]}},"_links":{"self":[{"href":"https:\/\/ecoprogress.eu\/de\/wp-json\/wp\/v2\/product\/20905","targetHints":{"allow":["GET"]}}],"collection":[{"href":"https:\/\/ecoprogress.eu\/de\/wp-json\/wp\/v2\/product"}],"about":[{"href":"https:\/\/ecoprogress.eu\/de\/wp-json\/wp\/v2\/types\/product"}],"version-history":[{"count":2,"href":"https:\/\/ecoprogress.eu\/de\/wp-json\/wp\/v2\/product\/20905\/revisions"}],"predecessor-version":[{"id":53439,"href":"https:\/\/ecoprogress.eu\/de\/wp-json\/wp\/v2\/product\/20905\/revisions\/53439"}],"wp:featuredmedia":[{"embeddable":true,"href":"https:\/\/ecoprogress.eu\/de\/wp-json\/wp\/v2\/media\/22231"}],"wp:attachment":[{"href":"https:\/\/ecoprogress.eu\/de\/wp-json\/wp\/v2\/media?parent=20905"}],"wp:term":[{"taxonomy":"product_brand","embeddable":true,"href":"https:\/\/ecoprogress.eu\/de\/wp-json\/wp\/v2\/product_brand?post=20905"},{"taxonomy":"product_cat","embeddable":true,"href":"https:\/\/ecoprogress.eu\/de\/wp-json\/wp\/v2\/product_cat?post=20905"},{"taxonomy":"product_tag","embeddable":true,"href":"https:\/\/ecoprogress.eu\/de\/wp-json\/wp\/v2\/product_tag?post=20905"}],"curies":[{"name":"wp","href":"https:\/\/api.w.org\/{rel}","templated":true}]}}