{"id":21026,"date":"2022-08-15T13:33:20","date_gmt":"2022-08-15T11:33:20","guid":{"rendered":"https:\/\/ecoprogress.eu\/?post_type=product&#038;p=21026"},"modified":"2025-02-27T14:14:16","modified_gmt":"2025-02-27T13:14:16","slug":"vesiak-na-bicykle-typ-10-pre-8-bicyklov","status":"publish","type":"product","link":"https:\/\/ecoprogress.eu\/de\/produkt\/vesiak-na-bicykle-typ-10-pre-8-bicyklov\/","title":{"rendered":"Ve\u0161iak na bicykle typ 10 pre 08 bicyklov"},"content":{"rendered":"<p>Dodanie 4-6 t\u00fd\u017ed\u0148ov (pod\u013ea stavu skladov\u00fdch z\u00e1sob)<\/p>\n\n<table id=\"tablepress-573\" class=\"tablepress tablepress-id-573\">\n<tbody class=\"row-striping row-hover\">\n<tr class=\"row-1\">\n\t<td class=\"column-1\">po\u010det stanov\u00edsk<\/td><td class=\"column-2\">8<\/td>\n<\/tr>\n<tr class=\"row-2\">\n\t<td class=\"column-1\">v\u00fd\u0161ka<\/td><td class=\"column-2\">276 cm<\/td>\n<\/tr>\n<tr class=\"row-3\">\n\t<td class=\"column-1\">h\u013abka <\/td><td class=\"column-2\">36 cm<\/td>\n<\/tr>\n<tr class=\"row-4\">\n\t<td class=\"column-1\">materi\u00e1l<\/td><td class=\"column-2\">37 cm<\/td>\n<\/tr>\n<tr class=\"row-5\">\n\t<td class=\"column-1\">profil<\/td><td class=\"column-2\">20 x 20 x 1,5 mm<\/td>\n<\/tr>\n<tr class=\"row-6\">\n\t<td class=\"column-1\">kryt rukov\u00e4t\u00ed<\/td><td class=\"column-2\">guma<\/td>\n<\/tr>\n<tr class=\"row-7\">\n\t<td class=\"column-1\">nosnos\u0165<\/td><td class=\"column-2\">160 kg<\/td>\n<\/tr>\n<tr class=\"row-8\">\n\t<td class=\"column-1\">vzdialenos\u0165 medzi \u00fachytmi<\/td><td class=\"column-2\">32 cm<\/td>\n<\/tr>\n<tr class=\"row-9\">\n\t<td class=\"column-1\">rozostup \u00fachytov<\/td><td class=\"column-2\">7,5 cm<\/td>\n<\/tr>\n<tr class=\"row-10\">\n\t<td class=\"column-1\">h\u013abka h\u00e1ku\/\u00fachytu<\/td><td class=\"column-2\">10 mm<\/td>\n<\/tr>\n<tr class=\"row-11\">\n\t<td class=\"column-1\">mont\u00e1\u017e<\/td><td class=\"column-2\">12 rozpern\u00e9 skrutky \u00d8 12 x 60 mm, \u00d8 8 x 80 mm <\/td>\n<\/tr>\n<\/tbody>\n<\/table>\n<!-- #tablepress-573 from cache -->\n","protected":false},"excerpt":{"rendered":"<p>Ve\u0161iak na bicykle typ 10 <span class=\"Y2IQFc\" lang=\"sk\">pre 8 bicyklov s mo\u017enos\u0165ou prisp\u00f4sobenia na \u013eubovo\u013en\u00fd po\u010det pol\u00f4h. So 6 skrutkami s priemerom 8 mm dod\u00e1va odpru\u017een\u00fdm bicyklom istotu a bezpe\u010dnos\u0165. Nastavite\u013en\u00e9 h\u00e1ky 360 stup\u0148ov s dvomi r\u00f4znymi d\u013a\u017ekami pre \u013eahk\u00e9 ulo\u017eenie bicyklov. Ide\u00e1lne do v\u00e4\u010d\u0161\u00edch bicyklov\u00fdch miestnost\u00ed a dom\u00e1cich gar\u00e1\u017e\u00ed.<\/span><\/p>\n","protected":false},"featured_media":22342,"template":"","meta":[],"product_brand":[],"product_cat":[381],"product_tag":[],"class_list":{"0":"post-21026","1":"product","2":"type-product","3":"status-publish","4":"has-post-thumbnail","6":"product_cat-vesiaky-na-bicykle","7":"product_shipping_class-stojany","9":"first","10":"instock","11":"taxable","12":"shipping-taxable","13":"purchasable","14":"product-type-variable"},"yoast_head":"<!-- This site is optimized with the Yoast SEO plugin v27.2 - https:\/\/yoast.com\/product\/yoast-seo-wordpress\/ -->\n<title>Ve\u0161iak na bicykle typ 10 pre 08 bicyklov | Ecoprogress<\/title>\n<meta name=\"description\" content=\"Ve\u0161iak na bicykle typ 10 pre 8 bicyklov s mo\u017enos\u0165ou prisp\u00f4sobenia na \u013eubovo\u013en\u00fd po\u010det pol\u00f4h. So 6 skrutkami s priemerom 8 mm dod\u00e1va odpru\u017een\u00fdm bicyklom istotu a bezpe\u010dnos\u0165.\" \/>\n<meta name=\"robots\" content=\"index, follow, max-snippet:-1, max-image-preview:large, max-video-preview:-1\" \/>\n<link rel=\"canonical\" href=\"https:\/\/ecoprogress.eu\/de\/produkt\/vesiak-na-bicykle-typ-10-pre-8-bicyklov\/\" \/>\n<meta property=\"og:locale\" content=\"de_DE\" \/>\n<meta property=\"og:type\" content=\"article\" \/>\n<meta property=\"og:title\" content=\"Ve\u0161iak na bicykle typ 10 pre 08 bicyklov | Ecoprogress\" \/>\n<meta property=\"og:description\" content=\"Ve\u0161iak na bicykle typ 10 pre 8 bicyklov s mo\u017enos\u0165ou prisp\u00f4sobenia na \u013eubovo\u013en\u00fd po\u010det pol\u00f4h. So 6 skrutkami s priemerom 8 mm dod\u00e1va odpru\u017een\u00fdm bicyklom istotu a bezpe\u010dnos\u0165.\" \/>\n<meta property=\"og:url\" content=\"https:\/\/ecoprogress.eu\/de\/produkt\/vesiak-na-bicykle-typ-10-pre-8-bicyklov\/\" \/>\n<meta property=\"og:site_name\" content=\"Ecoprogress\" \/>\n<meta property=\"article:modified_time\" content=\"2025-02-27T13:14:16+00:00\" \/>\n<meta property=\"og:image\" content=\"https:\/\/ecoprogress.eu\/wp-content\/uploads\/vesiak106-.jpg\" \/>\n\t<meta property=\"og:image:width\" content=\"800\" \/>\n\t<meta property=\"og:image:height\" content=\"600\" \/>\n\t<meta property=\"og:image:type\" content=\"image\/jpeg\" \/>\n<meta name=\"twitter:card\" content=\"summary_large_image\" \/>\n<meta name=\"twitter:label1\" content=\"Gesch\u00e4tzte Lesezeit\" \/>\n\t<meta name=\"twitter:data1\" content=\"1\u00a0Minute\" \/>\n<script type=\"application\/ld+json\" class=\"yoast-schema-graph\">{\"@context\":\"https:\/\/schema.org\",\"@graph\":[{\"@type\":\"WebPage\",\"@id\":\"https:\/\/ecoprogress.eu\/de\/produkt\/vesiak-na-bicykle-typ-10-pre-8-bicyklov\/\",\"url\":\"https:\/\/ecoprogress.eu\/de\/produkt\/vesiak-na-bicykle-typ-10-pre-8-bicyklov\/\",\"name\":\"Ve\u0161iak na bicykle typ 10 pre 08 bicyklov | Ecoprogress\",\"isPartOf\":{\"@id\":\"https:\/\/ecoprogress.eu\/de\/#website\"},\"primaryImageOfPage\":{\"@id\":\"https:\/\/ecoprogress.eu\/de\/produkt\/vesiak-na-bicykle-typ-10-pre-8-bicyklov\/#primaryimage\"},\"image\":{\"@id\":\"https:\/\/ecoprogress.eu\/de\/produkt\/vesiak-na-bicykle-typ-10-pre-8-bicyklov\/#primaryimage\"},\"thumbnailUrl\":\"https:\/\/ecoprogress.eu\/wp-content\/uploads\/vesiak106-.jpg\",\"datePublished\":\"2022-08-15T11:33:20+00:00\",\"dateModified\":\"2025-02-27T13:14:16+00:00\",\"description\":\"Ve\u0161iak na bicykle typ 10 pre 8 bicyklov s mo\u017enos\u0165ou prisp\u00f4sobenia na \u013eubovo\u013en\u00fd po\u010det pol\u00f4h. So 6 skrutkami s priemerom 8 mm dod\u00e1va odpru\u017een\u00fdm bicyklom istotu a bezpe\u010dnos\u0165.\",\"breadcrumb\":{\"@id\":\"https:\/\/ecoprogress.eu\/de\/produkt\/vesiak-na-bicykle-typ-10-pre-8-bicyklov\/#breadcrumb\"},\"inLanguage\":\"de\",\"potentialAction\":[{\"@type\":\"ReadAction\",\"target\":[\"https:\/\/ecoprogress.eu\/de\/produkt\/vesiak-na-bicykle-typ-10-pre-8-bicyklov\/\"]}]},{\"@type\":\"ImageObject\",\"inLanguage\":\"de\",\"@id\":\"https:\/\/ecoprogress.eu\/de\/produkt\/vesiak-na-bicykle-typ-10-pre-8-bicyklov\/#primaryimage\",\"url\":\"https:\/\/ecoprogress.eu\/wp-content\/uploads\/vesiak106-.jpg\",\"contentUrl\":\"https:\/\/ecoprogress.eu\/wp-content\/uploads\/vesiak106-.jpg\",\"width\":800,\"height\":600},{\"@type\":\"BreadcrumbList\",\"@id\":\"https:\/\/ecoprogress.eu\/de\/produkt\/vesiak-na-bicykle-typ-10-pre-8-bicyklov\/#breadcrumb\",\"itemListElement\":[{\"@type\":\"ListItem\",\"position\":1,\"name\":\"Produkte\",\"item\":\"https:\/\/ecoprogress.eu\/de\/produkte\/\"},{\"@type\":\"ListItem\",\"position\":2,\"name\":\"Ve\u0161iak na bicykle typ 10 pre 08 bicyklov\"}]},{\"@type\":\"WebSite\",\"@id\":\"https:\/\/ecoprogress.eu\/de\/#website\",\"url\":\"https:\/\/ecoprogress.eu\/de\/\",\"name\":\"Ecoprogress\",\"description\":\"\",\"publisher\":{\"@id\":\"https:\/\/ecoprogress.eu\/de\/#organization\"},\"potentialAction\":[{\"@type\":\"SearchAction\",\"target\":{\"@type\":\"EntryPoint\",\"urlTemplate\":\"https:\/\/ecoprogress.eu\/de\/?s={search_term_string}\"},\"query-input\":{\"@type\":\"PropertyValueSpecification\",\"valueRequired\":true,\"valueName\":\"search_term_string\"}}],\"inLanguage\":\"de\"},{\"@type\":\"Organization\",\"@id\":\"https:\/\/ecoprogress.eu\/de\/#organization\",\"name\":\"Ecoprogress\",\"url\":\"https:\/\/ecoprogress.eu\/de\/\",\"logo\":{\"@type\":\"ImageObject\",\"inLanguage\":\"de\",\"@id\":\"https:\/\/ecoprogress.eu\/de\/#\/schema\/logo\/image\/\",\"url\":\"https:\/\/ecoprogress.eu\/wp-content\/uploads\/logo-2.svg\",\"contentUrl\":\"https:\/\/ecoprogress.eu\/wp-content\/uploads\/logo-2.svg\",\"width\":318,\"height\":349,\"caption\":\"Ecoprogress\"},\"image\":{\"@id\":\"https:\/\/ecoprogress.eu\/de\/#\/schema\/logo\/image\/\"}}]}<\/script>\n<!-- \/ Yoast SEO plugin. -->","yoast_head_json":{"title":"Ve\u0161iak na bicykle typ 10 pre 08 bicyklov | Ecoprogress","description":"Ve\u0161iak na bicykle typ 10 pre 8 bicyklov s mo\u017enos\u0165ou prisp\u00f4sobenia na \u013eubovo\u013en\u00fd po\u010det pol\u00f4h. So 6 skrutkami s priemerom 8 mm dod\u00e1va odpru\u017een\u00fdm bicyklom istotu a bezpe\u010dnos\u0165.","robots":{"index":"index","follow":"follow","max-snippet":"max-snippet:-1","max-image-preview":"max-image-preview:large","max-video-preview":"max-video-preview:-1"},"canonical":"https:\/\/ecoprogress.eu\/de\/produkt\/vesiak-na-bicykle-typ-10-pre-8-bicyklov\/","og_locale":"de_DE","og_type":"article","og_title":"Ve\u0161iak na bicykle typ 10 pre 08 bicyklov | Ecoprogress","og_description":"Ve\u0161iak na bicykle typ 10 pre 8 bicyklov s mo\u017enos\u0165ou prisp\u00f4sobenia na \u013eubovo\u013en\u00fd po\u010det pol\u00f4h. So 6 skrutkami s priemerom 8 mm dod\u00e1va odpru\u017een\u00fdm bicyklom istotu a bezpe\u010dnos\u0165.","og_url":"https:\/\/ecoprogress.eu\/de\/produkt\/vesiak-na-bicykle-typ-10-pre-8-bicyklov\/","og_site_name":"Ecoprogress","article_modified_time":"2025-02-27T13:14:16+00:00","og_image":[{"width":800,"height":600,"url":"https:\/\/ecoprogress.eu\/wp-content\/uploads\/vesiak106-.jpg","type":"image\/jpeg"}],"twitter_card":"summary_large_image","twitter_misc":{"Gesch\u00e4tzte Lesezeit":"1\u00a0Minute"},"schema":{"@context":"https:\/\/schema.org","@graph":[{"@type":"WebPage","@id":"https:\/\/ecoprogress.eu\/de\/produkt\/vesiak-na-bicykle-typ-10-pre-8-bicyklov\/","url":"https:\/\/ecoprogress.eu\/de\/produkt\/vesiak-na-bicykle-typ-10-pre-8-bicyklov\/","name":"Ve\u0161iak na bicykle typ 10 pre 08 bicyklov | Ecoprogress","isPartOf":{"@id":"https:\/\/ecoprogress.eu\/de\/#website"},"primaryImageOfPage":{"@id":"https:\/\/ecoprogress.eu\/de\/produkt\/vesiak-na-bicykle-typ-10-pre-8-bicyklov\/#primaryimage"},"image":{"@id":"https:\/\/ecoprogress.eu\/de\/produkt\/vesiak-na-bicykle-typ-10-pre-8-bicyklov\/#primaryimage"},"thumbnailUrl":"https:\/\/ecoprogress.eu\/wp-content\/uploads\/vesiak106-.jpg","datePublished":"2022-08-15T11:33:20+00:00","dateModified":"2025-02-27T13:14:16+00:00","description":"Ve\u0161iak na bicykle typ 10 pre 8 bicyklov s mo\u017enos\u0165ou prisp\u00f4sobenia na \u013eubovo\u013en\u00fd po\u010det pol\u00f4h. So 6 skrutkami s priemerom 8 mm dod\u00e1va odpru\u017een\u00fdm bicyklom istotu a bezpe\u010dnos\u0165.","breadcrumb":{"@id":"https:\/\/ecoprogress.eu\/de\/produkt\/vesiak-na-bicykle-typ-10-pre-8-bicyklov\/#breadcrumb"},"inLanguage":"de","potentialAction":[{"@type":"ReadAction","target":["https:\/\/ecoprogress.eu\/de\/produkt\/vesiak-na-bicykle-typ-10-pre-8-bicyklov\/"]}]},{"@type":"ImageObject","inLanguage":"de","@id":"https:\/\/ecoprogress.eu\/de\/produkt\/vesiak-na-bicykle-typ-10-pre-8-bicyklov\/#primaryimage","url":"https:\/\/ecoprogress.eu\/wp-content\/uploads\/vesiak106-.jpg","contentUrl":"https:\/\/ecoprogress.eu\/wp-content\/uploads\/vesiak106-.jpg","width":800,"height":600},{"@type":"BreadcrumbList","@id":"https:\/\/ecoprogress.eu\/de\/produkt\/vesiak-na-bicykle-typ-10-pre-8-bicyklov\/#breadcrumb","itemListElement":[{"@type":"ListItem","position":1,"name":"Produkte","item":"https:\/\/ecoprogress.eu\/de\/produkte\/"},{"@type":"ListItem","position":2,"name":"Ve\u0161iak na bicykle typ 10 pre 08 bicyklov"}]},{"@type":"WebSite","@id":"https:\/\/ecoprogress.eu\/de\/#website","url":"https:\/\/ecoprogress.eu\/de\/","name":"Ecoprogress","description":"","publisher":{"@id":"https:\/\/ecoprogress.eu\/de\/#organization"},"potentialAction":[{"@type":"SearchAction","target":{"@type":"EntryPoint","urlTemplate":"https:\/\/ecoprogress.eu\/de\/?s={search_term_string}"},"query-input":{"@type":"PropertyValueSpecification","valueRequired":true,"valueName":"search_term_string"}}],"inLanguage":"de"},{"@type":"Organization","@id":"https:\/\/ecoprogress.eu\/de\/#organization","name":"Ecoprogress","url":"https:\/\/ecoprogress.eu\/de\/","logo":{"@type":"ImageObject","inLanguage":"de","@id":"https:\/\/ecoprogress.eu\/de\/#\/schema\/logo\/image\/","url":"https:\/\/ecoprogress.eu\/wp-content\/uploads\/logo-2.svg","contentUrl":"https:\/\/ecoprogress.eu\/wp-content\/uploads\/logo-2.svg","width":318,"height":349,"caption":"Ecoprogress"},"image":{"@id":"https:\/\/ecoprogress.eu\/de\/#\/schema\/logo\/image\/"}}]}},"_links":{"self":[{"href":"https:\/\/ecoprogress.eu\/de\/wp-json\/wp\/v2\/product\/21026","targetHints":{"allow":["GET"]}}],"collection":[{"href":"https:\/\/ecoprogress.eu\/de\/wp-json\/wp\/v2\/product"}],"about":[{"href":"https:\/\/ecoprogress.eu\/de\/wp-json\/wp\/v2\/types\/product"}],"version-history":[{"count":2,"href":"https:\/\/ecoprogress.eu\/de\/wp-json\/wp\/v2\/product\/21026\/revisions"}],"predecessor-version":[{"id":57230,"href":"https:\/\/ecoprogress.eu\/de\/wp-json\/wp\/v2\/product\/21026\/revisions\/57230"}],"wp:featuredmedia":[{"embeddable":true,"href":"https:\/\/ecoprogress.eu\/de\/wp-json\/wp\/v2\/media\/22342"}],"wp:attachment":[{"href":"https:\/\/ecoprogress.eu\/de\/wp-json\/wp\/v2\/media?parent=21026"}],"wp:term":[{"taxonomy":"product_brand","embeddable":true,"href":"https:\/\/ecoprogress.eu\/de\/wp-json\/wp\/v2\/product_brand?post=21026"},{"taxonomy":"product_cat","embeddable":true,"href":"https:\/\/ecoprogress.eu\/de\/wp-json\/wp\/v2\/product_cat?post=21026"},{"taxonomy":"product_tag","embeddable":true,"href":"https:\/\/ecoprogress.eu\/de\/wp-json\/wp\/v2\/product_tag?post=21026"}],"curies":[{"name":"wp","href":"https:\/\/api.w.org\/{rel}","templated":true}]}}