{"id":21048,"date":"2022-08-15T14:40:42","date_gmt":"2022-08-15T12:40:42","guid":{"rendered":"https:\/\/ecoprogress.eu\/?post_type=product&#038;p=21048"},"modified":"2025-02-27T14:08:28","modified_gmt":"2025-02-27T13:08:28","slug":"vesiak-na-bicykle-typ-13","status":"publish","type":"product","link":"https:\/\/ecoprogress.eu\/de\/produkt\/vesiak-na-bicykle-typ-13\/","title":{"rendered":"Ve\u0161iak na bicykle typ 13"},"content":{"rendered":"<p>Dodanie 4-6 t\u00fd\u017ed\u0148ov (pod\u013ea stavu skladov\u00fdch z\u00e1sob)<\/p>\n\n<table id=\"tablepress-577\" class=\"tablepress tablepress-id-577\">\n<tbody class=\"row-striping row-hover\">\n<tr class=\"row-1\">\n\t<td class=\"column-1\">po\u010det stanov\u00edsk<\/td><td class=\"column-2\">1<\/td>\n<\/tr>\n<tr class=\"row-2\">\n\t<td class=\"column-1\">d\u013a\u017eka ramien<\/td><td class=\"column-2\">32 cm<\/td>\n<\/tr>\n<tr class=\"row-3\">\n\t<td class=\"column-1\">materi\u00e1l ramien<\/td><td class=\"column-2\">oce\u013eov\u00e9 ty\u010de \u00d8 12 mm<\/td>\n<\/tr>\n<tr class=\"row-4\">\n\t<td class=\"column-1\">\u00fachyty<\/td><td class=\"column-2\">guma<\/td>\n<\/tr>\n<tr class=\"row-5\">\n\t<td class=\"column-1\">nosnos\u0165<\/td><td class=\"column-2\">25 kg<\/td>\n<\/tr>\n<tr class=\"row-6\">\n\t<td class=\"column-1\">materi\u00e1l<\/td><td class=\"column-2\">oce\u013e pozinkovan\u00e1<\/td>\n<\/tr>\n<tr class=\"row-7\">\n\t<td class=\"column-1\">farba<\/td><td class=\"column-2\">\u010dierna <\/td>\n<\/tr>\n<tr class=\"row-8\">\n\t<td class=\"column-1\">v\u00e1ha<\/td><td class=\"column-2\">1,6kg<\/td>\n<\/tr>\n<tr class=\"row-9\">\n\t<td class=\"column-1\">mont\u00e1\u017e<\/td><td class=\"column-2\">6 rozpern\u00fdch skrutiek \u00d8 12x60 mm pre skrutky \u00d8 8x80 mm<\/td>\n<\/tr>\n<\/tbody>\n<\/table>\n\n","protected":false},"excerpt":{"rendered":"<pre>Ve\u0161iak na bicykle typ 13 <span class=\"Y2IQFc\" lang=\"sk\">je univerz\u00e1lnym rie\u0161en\u00edm pre ulo\u017eenie ak\u00e9hoko\u013evek typu bicykla. Jeho hlavnou v\u00fdhodou s\u00fa dve nez\u00e1visl\u00e9 ramen\u00e1, ktor\u00e9 je mo\u017en\u00e9 pripevni\u0165 kdeko\u013evek na stenu a prisp\u00f4sobi\u0165 tak rozostup dr\u017eiakov vlastn\u00e9mu modelu bicykla. Dizajn ramien navy\u0161e umo\u017e\u0148uje pripevni\u0165 bicykel na ve\u0161iak. T\u00e1to vlastnos\u0165 m\u00e1 ve\u013ek\u00fd v\u00fdznam pri ukladan\u00ed bicykla do spolo\u010dnej cyklistickej miestnosti.<\/span><\/pre>\n<p>&nbsp;<\/p>\n","protected":false},"featured_media":22372,"template":"","meta":[],"product_brand":[],"product_cat":[381],"product_tag":[],"class_list":{"0":"post-21048","1":"product","2":"type-product","3":"status-publish","4":"has-post-thumbnail","6":"product_cat-vesiaky-na-bicykle","7":"product_shipping_class-stojany","9":"first","10":"instock","11":"taxable","12":"shipping-taxable","13":"purchasable","14":"product-type-simple"},"yoast_head":"<!-- This site is optimized with the Yoast SEO plugin v27.2 - https:\/\/yoast.com\/product\/yoast-seo-wordpress\/ -->\n<title>Ve\u0161iak na bicykle typ 13 | Ecoprogress<\/title>\n<meta name=\"description\" content=\"Ve\u0161iak na bicykle typ 13 je univerz\u00e1lnym rie\u0161en\u00edm pre ulo\u017eenie ak\u00e9hoko\u013evek typu bicykla. Jeho hlavnou v\u00fdhodou s\u00fa dve nez\u00e1visl\u00e9 ramen\u00e1, ktor\u00e9 je mo\u017en\u00e9 pripevni\u0165 kdeko\u013evek na stenu.\" \/>\n<meta name=\"robots\" content=\"index, follow, max-snippet:-1, max-image-preview:large, max-video-preview:-1\" \/>\n<link rel=\"canonical\" href=\"https:\/\/ecoprogress.eu\/de\/produkt\/vesiak-na-bicykle-typ-13\/\" \/>\n<meta property=\"og:locale\" content=\"de_DE\" \/>\n<meta property=\"og:type\" content=\"article\" \/>\n<meta property=\"og:title\" content=\"Ve\u0161iak na bicykle typ 13 | Ecoprogress\" \/>\n<meta property=\"og:description\" content=\"Ve\u0161iak na bicykle typ 13 je univerz\u00e1lnym rie\u0161en\u00edm pre ulo\u017eenie ak\u00e9hoko\u013evek typu bicykla. Jeho hlavnou v\u00fdhodou s\u00fa dve nez\u00e1visl\u00e9 ramen\u00e1, ktor\u00e9 je mo\u017en\u00e9 pripevni\u0165 kdeko\u013evek na stenu.\" \/>\n<meta property=\"og:url\" content=\"https:\/\/ecoprogress.eu\/de\/produkt\/vesiak-na-bicykle-typ-13\/\" \/>\n<meta property=\"og:site_name\" content=\"Ecoprogress\" \/>\n<meta property=\"article:modified_time\" content=\"2025-02-27T13:08:28+00:00\" \/>\n<meta property=\"og:image\" content=\"https:\/\/ecoprogress.eu\/wp-content\/uploads\/vesiak13-1-2.jpg\" \/>\n\t<meta property=\"og:image:width\" content=\"800\" \/>\n\t<meta property=\"og:image:height\" content=\"600\" \/>\n\t<meta property=\"og:image:type\" content=\"image\/jpeg\" \/>\n<meta name=\"twitter:card\" content=\"summary_large_image\" \/>\n<meta name=\"twitter:label1\" content=\"Gesch\u00e4tzte Lesezeit\" \/>\n\t<meta name=\"twitter:data1\" content=\"1\u00a0Minute\" \/>\n<script type=\"application\/ld+json\" class=\"yoast-schema-graph\">{\"@context\":\"https:\/\/schema.org\",\"@graph\":[{\"@type\":\"WebPage\",\"@id\":\"https:\/\/ecoprogress.eu\/de\/produkt\/vesiak-na-bicykle-typ-13\/\",\"url\":\"https:\/\/ecoprogress.eu\/de\/produkt\/vesiak-na-bicykle-typ-13\/\",\"name\":\"Ve\u0161iak na bicykle typ 13 | Ecoprogress\",\"isPartOf\":{\"@id\":\"https:\/\/ecoprogress.eu\/de\/#website\"},\"primaryImageOfPage\":{\"@id\":\"https:\/\/ecoprogress.eu\/de\/produkt\/vesiak-na-bicykle-typ-13\/#primaryimage\"},\"image\":{\"@id\":\"https:\/\/ecoprogress.eu\/de\/produkt\/vesiak-na-bicykle-typ-13\/#primaryimage\"},\"thumbnailUrl\":\"https:\/\/ecoprogress.eu\/wp-content\/uploads\/vesiak13-1-2.jpg\",\"datePublished\":\"2022-08-15T12:40:42+00:00\",\"dateModified\":\"2025-02-27T13:08:28+00:00\",\"description\":\"Ve\u0161iak na bicykle typ 13 je univerz\u00e1lnym rie\u0161en\u00edm pre ulo\u017eenie ak\u00e9hoko\u013evek typu bicykla. Jeho hlavnou v\u00fdhodou s\u00fa dve nez\u00e1visl\u00e9 ramen\u00e1, ktor\u00e9 je mo\u017en\u00e9 pripevni\u0165 kdeko\u013evek na stenu.\",\"breadcrumb\":{\"@id\":\"https:\/\/ecoprogress.eu\/de\/produkt\/vesiak-na-bicykle-typ-13\/#breadcrumb\"},\"inLanguage\":\"de\",\"potentialAction\":[{\"@type\":\"ReadAction\",\"target\":[\"https:\/\/ecoprogress.eu\/de\/produkt\/vesiak-na-bicykle-typ-13\/\"]}]},{\"@type\":\"ImageObject\",\"inLanguage\":\"de\",\"@id\":\"https:\/\/ecoprogress.eu\/de\/produkt\/vesiak-na-bicykle-typ-13\/#primaryimage\",\"url\":\"https:\/\/ecoprogress.eu\/wp-content\/uploads\/vesiak13-1-2.jpg\",\"contentUrl\":\"https:\/\/ecoprogress.eu\/wp-content\/uploads\/vesiak13-1-2.jpg\",\"width\":800,\"height\":600},{\"@type\":\"BreadcrumbList\",\"@id\":\"https:\/\/ecoprogress.eu\/de\/produkt\/vesiak-na-bicykle-typ-13\/#breadcrumb\",\"itemListElement\":[{\"@type\":\"ListItem\",\"position\":1,\"name\":\"Produkte\",\"item\":\"https:\/\/ecoprogress.eu\/de\/produkte\/\"},{\"@type\":\"ListItem\",\"position\":2,\"name\":\"Ve\u0161iak na bicykle typ 13\"}]},{\"@type\":\"WebSite\",\"@id\":\"https:\/\/ecoprogress.eu\/de\/#website\",\"url\":\"https:\/\/ecoprogress.eu\/de\/\",\"name\":\"Ecoprogress\",\"description\":\"\",\"publisher\":{\"@id\":\"https:\/\/ecoprogress.eu\/de\/#organization\"},\"potentialAction\":[{\"@type\":\"SearchAction\",\"target\":{\"@type\":\"EntryPoint\",\"urlTemplate\":\"https:\/\/ecoprogress.eu\/de\/?s={search_term_string}\"},\"query-input\":{\"@type\":\"PropertyValueSpecification\",\"valueRequired\":true,\"valueName\":\"search_term_string\"}}],\"inLanguage\":\"de\"},{\"@type\":\"Organization\",\"@id\":\"https:\/\/ecoprogress.eu\/de\/#organization\",\"name\":\"Ecoprogress\",\"url\":\"https:\/\/ecoprogress.eu\/de\/\",\"logo\":{\"@type\":\"ImageObject\",\"inLanguage\":\"de\",\"@id\":\"https:\/\/ecoprogress.eu\/de\/#\/schema\/logo\/image\/\",\"url\":\"https:\/\/ecoprogress.eu\/wp-content\/uploads\/logo-2.svg\",\"contentUrl\":\"https:\/\/ecoprogress.eu\/wp-content\/uploads\/logo-2.svg\",\"width\":318,\"height\":349,\"caption\":\"Ecoprogress\"},\"image\":{\"@id\":\"https:\/\/ecoprogress.eu\/de\/#\/schema\/logo\/image\/\"}}]}<\/script>\n<!-- \/ Yoast SEO plugin. -->","yoast_head_json":{"title":"Ve\u0161iak na bicykle typ 13 | Ecoprogress","description":"Ve\u0161iak na bicykle typ 13 je univerz\u00e1lnym rie\u0161en\u00edm pre ulo\u017eenie ak\u00e9hoko\u013evek typu bicykla. Jeho hlavnou v\u00fdhodou s\u00fa dve nez\u00e1visl\u00e9 ramen\u00e1, ktor\u00e9 je mo\u017en\u00e9 pripevni\u0165 kdeko\u013evek na stenu.","robots":{"index":"index","follow":"follow","max-snippet":"max-snippet:-1","max-image-preview":"max-image-preview:large","max-video-preview":"max-video-preview:-1"},"canonical":"https:\/\/ecoprogress.eu\/de\/produkt\/vesiak-na-bicykle-typ-13\/","og_locale":"de_DE","og_type":"article","og_title":"Ve\u0161iak na bicykle typ 13 | Ecoprogress","og_description":"Ve\u0161iak na bicykle typ 13 je univerz\u00e1lnym rie\u0161en\u00edm pre ulo\u017eenie ak\u00e9hoko\u013evek typu bicykla. Jeho hlavnou v\u00fdhodou s\u00fa dve nez\u00e1visl\u00e9 ramen\u00e1, ktor\u00e9 je mo\u017en\u00e9 pripevni\u0165 kdeko\u013evek na stenu.","og_url":"https:\/\/ecoprogress.eu\/de\/produkt\/vesiak-na-bicykle-typ-13\/","og_site_name":"Ecoprogress","article_modified_time":"2025-02-27T13:08:28+00:00","og_image":[{"width":800,"height":600,"url":"https:\/\/ecoprogress.eu\/wp-content\/uploads\/vesiak13-1-2.jpg","type":"image\/jpeg"}],"twitter_card":"summary_large_image","twitter_misc":{"Gesch\u00e4tzte Lesezeit":"1\u00a0Minute"},"schema":{"@context":"https:\/\/schema.org","@graph":[{"@type":"WebPage","@id":"https:\/\/ecoprogress.eu\/de\/produkt\/vesiak-na-bicykle-typ-13\/","url":"https:\/\/ecoprogress.eu\/de\/produkt\/vesiak-na-bicykle-typ-13\/","name":"Ve\u0161iak na bicykle typ 13 | Ecoprogress","isPartOf":{"@id":"https:\/\/ecoprogress.eu\/de\/#website"},"primaryImageOfPage":{"@id":"https:\/\/ecoprogress.eu\/de\/produkt\/vesiak-na-bicykle-typ-13\/#primaryimage"},"image":{"@id":"https:\/\/ecoprogress.eu\/de\/produkt\/vesiak-na-bicykle-typ-13\/#primaryimage"},"thumbnailUrl":"https:\/\/ecoprogress.eu\/wp-content\/uploads\/vesiak13-1-2.jpg","datePublished":"2022-08-15T12:40:42+00:00","dateModified":"2025-02-27T13:08:28+00:00","description":"Ve\u0161iak na bicykle typ 13 je univerz\u00e1lnym rie\u0161en\u00edm pre ulo\u017eenie ak\u00e9hoko\u013evek typu bicykla. Jeho hlavnou v\u00fdhodou s\u00fa dve nez\u00e1visl\u00e9 ramen\u00e1, ktor\u00e9 je mo\u017en\u00e9 pripevni\u0165 kdeko\u013evek na stenu.","breadcrumb":{"@id":"https:\/\/ecoprogress.eu\/de\/produkt\/vesiak-na-bicykle-typ-13\/#breadcrumb"},"inLanguage":"de","potentialAction":[{"@type":"ReadAction","target":["https:\/\/ecoprogress.eu\/de\/produkt\/vesiak-na-bicykle-typ-13\/"]}]},{"@type":"ImageObject","inLanguage":"de","@id":"https:\/\/ecoprogress.eu\/de\/produkt\/vesiak-na-bicykle-typ-13\/#primaryimage","url":"https:\/\/ecoprogress.eu\/wp-content\/uploads\/vesiak13-1-2.jpg","contentUrl":"https:\/\/ecoprogress.eu\/wp-content\/uploads\/vesiak13-1-2.jpg","width":800,"height":600},{"@type":"BreadcrumbList","@id":"https:\/\/ecoprogress.eu\/de\/produkt\/vesiak-na-bicykle-typ-13\/#breadcrumb","itemListElement":[{"@type":"ListItem","position":1,"name":"Produkte","item":"https:\/\/ecoprogress.eu\/de\/produkte\/"},{"@type":"ListItem","position":2,"name":"Ve\u0161iak na bicykle typ 13"}]},{"@type":"WebSite","@id":"https:\/\/ecoprogress.eu\/de\/#website","url":"https:\/\/ecoprogress.eu\/de\/","name":"Ecoprogress","description":"","publisher":{"@id":"https:\/\/ecoprogress.eu\/de\/#organization"},"potentialAction":[{"@type":"SearchAction","target":{"@type":"EntryPoint","urlTemplate":"https:\/\/ecoprogress.eu\/de\/?s={search_term_string}"},"query-input":{"@type":"PropertyValueSpecification","valueRequired":true,"valueName":"search_term_string"}}],"inLanguage":"de"},{"@type":"Organization","@id":"https:\/\/ecoprogress.eu\/de\/#organization","name":"Ecoprogress","url":"https:\/\/ecoprogress.eu\/de\/","logo":{"@type":"ImageObject","inLanguage":"de","@id":"https:\/\/ecoprogress.eu\/de\/#\/schema\/logo\/image\/","url":"https:\/\/ecoprogress.eu\/wp-content\/uploads\/logo-2.svg","contentUrl":"https:\/\/ecoprogress.eu\/wp-content\/uploads\/logo-2.svg","width":318,"height":349,"caption":"Ecoprogress"},"image":{"@id":"https:\/\/ecoprogress.eu\/de\/#\/schema\/logo\/image\/"}}]}},"_links":{"self":[{"href":"https:\/\/ecoprogress.eu\/de\/wp-json\/wp\/v2\/product\/21048","targetHints":{"allow":["GET"]}}],"collection":[{"href":"https:\/\/ecoprogress.eu\/de\/wp-json\/wp\/v2\/product"}],"about":[{"href":"https:\/\/ecoprogress.eu\/de\/wp-json\/wp\/v2\/types\/product"}],"version-history":[{"count":1,"href":"https:\/\/ecoprogress.eu\/de\/wp-json\/wp\/v2\/product\/21048\/revisions"}],"predecessor-version":[{"id":53459,"href":"https:\/\/ecoprogress.eu\/de\/wp-json\/wp\/v2\/product\/21048\/revisions\/53459"}],"wp:featuredmedia":[{"embeddable":true,"href":"https:\/\/ecoprogress.eu\/de\/wp-json\/wp\/v2\/media\/22372"}],"wp:attachment":[{"href":"https:\/\/ecoprogress.eu\/de\/wp-json\/wp\/v2\/media?parent=21048"}],"wp:term":[{"taxonomy":"product_brand","embeddable":true,"href":"https:\/\/ecoprogress.eu\/de\/wp-json\/wp\/v2\/product_brand?post=21048"},{"taxonomy":"product_cat","embeddable":true,"href":"https:\/\/ecoprogress.eu\/de\/wp-json\/wp\/v2\/product_cat?post=21048"},{"taxonomy":"product_tag","embeddable":true,"href":"https:\/\/ecoprogress.eu\/de\/wp-json\/wp\/v2\/product_tag?post=21048"}],"curies":[{"name":"wp","href":"https:\/\/api.w.org\/{rel}","templated":true}]}}