{"id":21392,"date":"2022-08-16T11:58:29","date_gmt":"2022-08-16T09:58:29","guid":{"rendered":"https:\/\/ecoprogress.eu\/?post_type=product&#038;p=21392"},"modified":"2025-02-27T13:46:50","modified_gmt":"2025-02-27T12:46:50","slug":"vystavny-stojan-typ-02","status":"publish","type":"product","link":"https:\/\/ecoprogress.eu\/de\/produkt\/vystavny-stojan-typ-02\/","title":{"rendered":"V\u00fdstavn\u00fd stojan typ 02"},"content":{"rendered":"<p>Dodanie 4-6 t\u00fd\u017ed\u0148ov (pod\u013ea stavu skladov\u00fdch z\u00e1sob)<\/p>\n\n<table id=\"tablepress-583\" class=\"tablepress tablepress-id-583\">\n<tbody class=\"row-striping row-hover\">\n<tr class=\"row-1\">\n\t<td class=\"column-1\">po\u010det stanov\u00edsk<\/td><td class=\"column-2\">10<\/td>\n<\/tr>\n<tr class=\"row-2\">\n\t<td class=\"column-1\">\u0161\u00edrka stojana<\/td><td class=\"column-2\">107 cm<\/td>\n<\/tr>\n<tr class=\"row-3\">\n\t<td class=\"column-1\">v\u00fd\u0161ka<\/td><td class=\"column-2\">176 cm<\/td>\n<\/tr>\n<tr class=\"row-4\">\n\t<td class=\"column-1\">prierez r\u00fary<\/td><td class=\"column-2\">18 mm<\/td>\n<\/tr>\n<tr class=\"row-5\">\n\t<td class=\"column-1\">profil stojana<\/td><td class=\"column-2\">25 x 25 x 1,5 mm<\/td>\n<\/tr>\n<tr class=\"row-6\">\n\t<td class=\"column-1\">pl\u00e1\u0161\u0165 stojana<\/td><td class=\"column-2\">ma\u013eovan\u00fd pr\u00e1\u0161kovou farbou<\/td>\n<\/tr>\n<tr class=\"row-7\">\n\t<td class=\"column-1\">d\u013a\u017eka trubice (dr\u017eiaka):<\/td><td class=\"column-2\">30 cm<\/td>\n<\/tr>\n<tr class=\"row-8\">\n\t<td class=\"column-1\">kryt rukov\u00e4t\u00ed<\/td><td class=\"column-2\">guma<\/td>\n<\/tr>\n<tr class=\"row-9\">\n\t<td class=\"column-1\">podstavec stojana<\/td><td class=\"column-2\">50 cm<\/td>\n<\/tr>\n<tr class=\"row-10\">\n\t<td class=\"column-1\">farba<\/td><td class=\"column-2\">strieborn\u00e1<\/td>\n<\/tr>\n<\/tbody>\n<\/table>\n<!-- #tablepress-583 from cache -->\n","protected":false},"excerpt":{"rendered":"<pre>V\u00fdstavn\u00fd stojan typ 2 je ur\u010den\u00fd na vystavenie a prezent\u00e1ciu ly\u017eiarskeho vybavenia v predajniach. Umo\u017e\u0148uje odpru\u017eenie 10 p\u00e1rov ly\u017e\u00ed bez oh\u013eadu na ich ve\u013ekos\u0165. Bezpe\u010dnos\u0165 a pohodlie prezentovan\u00fdch ly\u017e\u00ed zais\u0165uj\u00fa gumen\u00e9 kryty na podper\u00e1ch stojanov.<\/pre>\n<p>&nbsp;<\/p>\n","protected":false},"featured_media":32889,"template":"","meta":[],"product_brand":[],"product_cat":[393],"product_tag":[],"class_list":{"0":"post-21392","1":"product","2":"type-product","3":"status-publish","4":"has-post-thumbnail","6":"product_cat-vystavne-stojany","7":"product_shipping_class-stojany","9":"first","10":"instock","11":"taxable","12":"shipping-taxable","13":"purchasable","14":"product-type-simple"},"yoast_head":"<!-- This site is optimized with the Yoast SEO plugin v27.2 - https:\/\/yoast.com\/product\/yoast-seo-wordpress\/ -->\n<title>V\u00fdstavn\u00fd stojan typ 02 | Ecoprogress<\/title>\n<meta name=\"description\" content=\"V\u00fdstavn\u00fd stojan typ 02 je ur\u010den\u00fd na vystavenie a prezent\u00e1ciu ly\u017eiarskeho vybavenia v predajniach.\" \/>\n<meta name=\"robots\" content=\"index, follow, max-snippet:-1, max-image-preview:large, max-video-preview:-1\" \/>\n<link rel=\"canonical\" href=\"https:\/\/ecoprogress.eu\/de\/produkt\/vystavny-stojan-typ-02\/\" \/>\n<meta property=\"og:locale\" content=\"de_DE\" \/>\n<meta property=\"og:type\" content=\"article\" \/>\n<meta property=\"og:title\" content=\"V\u00fdstavn\u00fd stojan typ 02 | Ecoprogress\" \/>\n<meta property=\"og:description\" content=\"V\u00fdstavn\u00fd stojan typ 02 je ur\u010den\u00fd na vystavenie a prezent\u00e1ciu ly\u017eiarskeho vybavenia v predajniach.\" \/>\n<meta property=\"og:url\" content=\"https:\/\/ecoprogress.eu\/de\/produkt\/vystavny-stojan-typ-02\/\" \/>\n<meta property=\"og:site_name\" content=\"Ecoprogress\" \/>\n<meta property=\"article:modified_time\" content=\"2025-02-27T12:46:50+00:00\" \/>\n<meta property=\"og:image\" content=\"https:\/\/ecoprogress.eu\/wp-content\/uploads\/vystavny2-e1667832867417.jpg\" \/>\n\t<meta property=\"og:image:width\" content=\"800\" \/>\n\t<meta property=\"og:image:height\" content=\"548\" \/>\n\t<meta property=\"og:image:type\" content=\"image\/jpeg\" \/>\n<meta name=\"twitter:card\" content=\"summary_large_image\" \/>\n<meta name=\"twitter:label1\" content=\"Gesch\u00e4tzte Lesezeit\" \/>\n\t<meta name=\"twitter:data1\" content=\"1\u00a0Minute\" \/>\n<script type=\"application\/ld+json\" class=\"yoast-schema-graph\">{\"@context\":\"https:\/\/schema.org\",\"@graph\":[{\"@type\":\"WebPage\",\"@id\":\"https:\/\/ecoprogress.eu\/de\/produkt\/vystavny-stojan-typ-02\/\",\"url\":\"https:\/\/ecoprogress.eu\/de\/produkt\/vystavny-stojan-typ-02\/\",\"name\":\"V\u00fdstavn\u00fd stojan typ 02 | Ecoprogress\",\"isPartOf\":{\"@id\":\"https:\/\/ecoprogress.eu\/de\/#website\"},\"primaryImageOfPage\":{\"@id\":\"https:\/\/ecoprogress.eu\/de\/produkt\/vystavny-stojan-typ-02\/#primaryimage\"},\"image\":{\"@id\":\"https:\/\/ecoprogress.eu\/de\/produkt\/vystavny-stojan-typ-02\/#primaryimage\"},\"thumbnailUrl\":\"https:\/\/ecoprogress.eu\/wp-content\/uploads\/vystavny2-e1667832867417.jpg\",\"datePublished\":\"2022-08-16T09:58:29+00:00\",\"dateModified\":\"2025-02-27T12:46:50+00:00\",\"description\":\"V\u00fdstavn\u00fd stojan typ 02 je ur\u010den\u00fd na vystavenie a prezent\u00e1ciu ly\u017eiarskeho vybavenia v predajniach.\",\"breadcrumb\":{\"@id\":\"https:\/\/ecoprogress.eu\/de\/produkt\/vystavny-stojan-typ-02\/#breadcrumb\"},\"inLanguage\":\"de\",\"potentialAction\":[{\"@type\":\"ReadAction\",\"target\":[\"https:\/\/ecoprogress.eu\/de\/produkt\/vystavny-stojan-typ-02\/\"]}]},{\"@type\":\"ImageObject\",\"inLanguage\":\"de\",\"@id\":\"https:\/\/ecoprogress.eu\/de\/produkt\/vystavny-stojan-typ-02\/#primaryimage\",\"url\":\"https:\/\/ecoprogress.eu\/wp-content\/uploads\/vystavny2-e1667832867417.jpg\",\"contentUrl\":\"https:\/\/ecoprogress.eu\/wp-content\/uploads\/vystavny2-e1667832867417.jpg\",\"width\":800,\"height\":548},{\"@type\":\"BreadcrumbList\",\"@id\":\"https:\/\/ecoprogress.eu\/de\/produkt\/vystavny-stojan-typ-02\/#breadcrumb\",\"itemListElement\":[{\"@type\":\"ListItem\",\"position\":1,\"name\":\"Produkte\",\"item\":\"https:\/\/ecoprogress.eu\/de\/produkte\/\"},{\"@type\":\"ListItem\",\"position\":2,\"name\":\"V\u00fdstavn\u00fd stojan typ 02\"}]},{\"@type\":\"WebSite\",\"@id\":\"https:\/\/ecoprogress.eu\/de\/#website\",\"url\":\"https:\/\/ecoprogress.eu\/de\/\",\"name\":\"Ecoprogress\",\"description\":\"\",\"publisher\":{\"@id\":\"https:\/\/ecoprogress.eu\/de\/#organization\"},\"potentialAction\":[{\"@type\":\"SearchAction\",\"target\":{\"@type\":\"EntryPoint\",\"urlTemplate\":\"https:\/\/ecoprogress.eu\/de\/?s={search_term_string}\"},\"query-input\":{\"@type\":\"PropertyValueSpecification\",\"valueRequired\":true,\"valueName\":\"search_term_string\"}}],\"inLanguage\":\"de\"},{\"@type\":\"Organization\",\"@id\":\"https:\/\/ecoprogress.eu\/de\/#organization\",\"name\":\"Ecoprogress\",\"url\":\"https:\/\/ecoprogress.eu\/de\/\",\"logo\":{\"@type\":\"ImageObject\",\"inLanguage\":\"de\",\"@id\":\"https:\/\/ecoprogress.eu\/de\/#\/schema\/logo\/image\/\",\"url\":\"https:\/\/ecoprogress.eu\/wp-content\/uploads\/logo-2.svg\",\"contentUrl\":\"https:\/\/ecoprogress.eu\/wp-content\/uploads\/logo-2.svg\",\"width\":318,\"height\":349,\"caption\":\"Ecoprogress\"},\"image\":{\"@id\":\"https:\/\/ecoprogress.eu\/de\/#\/schema\/logo\/image\/\"}}]}<\/script>\n<!-- \/ Yoast SEO plugin. -->","yoast_head_json":{"title":"V\u00fdstavn\u00fd stojan typ 02 | Ecoprogress","description":"V\u00fdstavn\u00fd stojan typ 02 je ur\u010den\u00fd na vystavenie a prezent\u00e1ciu ly\u017eiarskeho vybavenia v predajniach.","robots":{"index":"index","follow":"follow","max-snippet":"max-snippet:-1","max-image-preview":"max-image-preview:large","max-video-preview":"max-video-preview:-1"},"canonical":"https:\/\/ecoprogress.eu\/de\/produkt\/vystavny-stojan-typ-02\/","og_locale":"de_DE","og_type":"article","og_title":"V\u00fdstavn\u00fd stojan typ 02 | Ecoprogress","og_description":"V\u00fdstavn\u00fd stojan typ 02 je ur\u010den\u00fd na vystavenie a prezent\u00e1ciu ly\u017eiarskeho vybavenia v predajniach.","og_url":"https:\/\/ecoprogress.eu\/de\/produkt\/vystavny-stojan-typ-02\/","og_site_name":"Ecoprogress","article_modified_time":"2025-02-27T12:46:50+00:00","og_image":[{"width":800,"height":548,"url":"https:\/\/ecoprogress.eu\/wp-content\/uploads\/vystavny2-e1667832867417.jpg","type":"image\/jpeg"}],"twitter_card":"summary_large_image","twitter_misc":{"Gesch\u00e4tzte Lesezeit":"1\u00a0Minute"},"schema":{"@context":"https:\/\/schema.org","@graph":[{"@type":"WebPage","@id":"https:\/\/ecoprogress.eu\/de\/produkt\/vystavny-stojan-typ-02\/","url":"https:\/\/ecoprogress.eu\/de\/produkt\/vystavny-stojan-typ-02\/","name":"V\u00fdstavn\u00fd stojan typ 02 | Ecoprogress","isPartOf":{"@id":"https:\/\/ecoprogress.eu\/de\/#website"},"primaryImageOfPage":{"@id":"https:\/\/ecoprogress.eu\/de\/produkt\/vystavny-stojan-typ-02\/#primaryimage"},"image":{"@id":"https:\/\/ecoprogress.eu\/de\/produkt\/vystavny-stojan-typ-02\/#primaryimage"},"thumbnailUrl":"https:\/\/ecoprogress.eu\/wp-content\/uploads\/vystavny2-e1667832867417.jpg","datePublished":"2022-08-16T09:58:29+00:00","dateModified":"2025-02-27T12:46:50+00:00","description":"V\u00fdstavn\u00fd stojan typ 02 je ur\u010den\u00fd na vystavenie a prezent\u00e1ciu ly\u017eiarskeho vybavenia v predajniach.","breadcrumb":{"@id":"https:\/\/ecoprogress.eu\/de\/produkt\/vystavny-stojan-typ-02\/#breadcrumb"},"inLanguage":"de","potentialAction":[{"@type":"ReadAction","target":["https:\/\/ecoprogress.eu\/de\/produkt\/vystavny-stojan-typ-02\/"]}]},{"@type":"ImageObject","inLanguage":"de","@id":"https:\/\/ecoprogress.eu\/de\/produkt\/vystavny-stojan-typ-02\/#primaryimage","url":"https:\/\/ecoprogress.eu\/wp-content\/uploads\/vystavny2-e1667832867417.jpg","contentUrl":"https:\/\/ecoprogress.eu\/wp-content\/uploads\/vystavny2-e1667832867417.jpg","width":800,"height":548},{"@type":"BreadcrumbList","@id":"https:\/\/ecoprogress.eu\/de\/produkt\/vystavny-stojan-typ-02\/#breadcrumb","itemListElement":[{"@type":"ListItem","position":1,"name":"Produkte","item":"https:\/\/ecoprogress.eu\/de\/produkte\/"},{"@type":"ListItem","position":2,"name":"V\u00fdstavn\u00fd stojan typ 02"}]},{"@type":"WebSite","@id":"https:\/\/ecoprogress.eu\/de\/#website","url":"https:\/\/ecoprogress.eu\/de\/","name":"Ecoprogress","description":"","publisher":{"@id":"https:\/\/ecoprogress.eu\/de\/#organization"},"potentialAction":[{"@type":"SearchAction","target":{"@type":"EntryPoint","urlTemplate":"https:\/\/ecoprogress.eu\/de\/?s={search_term_string}"},"query-input":{"@type":"PropertyValueSpecification","valueRequired":true,"valueName":"search_term_string"}}],"inLanguage":"de"},{"@type":"Organization","@id":"https:\/\/ecoprogress.eu\/de\/#organization","name":"Ecoprogress","url":"https:\/\/ecoprogress.eu\/de\/","logo":{"@type":"ImageObject","inLanguage":"de","@id":"https:\/\/ecoprogress.eu\/de\/#\/schema\/logo\/image\/","url":"https:\/\/ecoprogress.eu\/wp-content\/uploads\/logo-2.svg","contentUrl":"https:\/\/ecoprogress.eu\/wp-content\/uploads\/logo-2.svg","width":318,"height":349,"caption":"Ecoprogress"},"image":{"@id":"https:\/\/ecoprogress.eu\/de\/#\/schema\/logo\/image\/"}}]}},"_links":{"self":[{"href":"https:\/\/ecoprogress.eu\/de\/wp-json\/wp\/v2\/product\/21392","targetHints":{"allow":["GET"]}}],"collection":[{"href":"https:\/\/ecoprogress.eu\/de\/wp-json\/wp\/v2\/product"}],"about":[{"href":"https:\/\/ecoprogress.eu\/de\/wp-json\/wp\/v2\/types\/product"}],"version-history":[{"count":1,"href":"https:\/\/ecoprogress.eu\/de\/wp-json\/wp\/v2\/product\/21392\/revisions"}],"predecessor-version":[{"id":57218,"href":"https:\/\/ecoprogress.eu\/de\/wp-json\/wp\/v2\/product\/21392\/revisions\/57218"}],"wp:featuredmedia":[{"embeddable":true,"href":"https:\/\/ecoprogress.eu\/de\/wp-json\/wp\/v2\/media\/32889"}],"wp:attachment":[{"href":"https:\/\/ecoprogress.eu\/de\/wp-json\/wp\/v2\/media?parent=21392"}],"wp:term":[{"taxonomy":"product_brand","embeddable":true,"href":"https:\/\/ecoprogress.eu\/de\/wp-json\/wp\/v2\/product_brand?post=21392"},{"taxonomy":"product_cat","embeddable":true,"href":"https:\/\/ecoprogress.eu\/de\/wp-json\/wp\/v2\/product_cat?post=21392"},{"taxonomy":"product_tag","embeddable":true,"href":"https:\/\/ecoprogress.eu\/de\/wp-json\/wp\/v2\/product_tag?post=21392"}],"curies":[{"name":"wp","href":"https:\/\/api.w.org\/{rel}","templated":true}]}}