{"id":31742,"date":"2022-09-12T10:25:37","date_gmt":"2022-09-12T08:25:37","guid":{"rendered":"https:\/\/ecoprogress.eu\/?post_type=product&#038;p=31742"},"modified":"2023-09-14T13:00:33","modified_gmt":"2023-09-14T11:00:33","slug":"betonovy-odpadkovy-kos-typ-08","status":"publish","type":"product","link":"https:\/\/ecoprogress.eu\/de\/produkt\/betonovy-odpadkovy-kos-typ-08\/","title":{"rendered":"Bet\u00f3nov\u00fd odpadkov\u00fd k\u00f4\u0161 typ 08"},"content":{"rendered":"<p>Dodanie 4-6 t\u00fd\u017ed\u0148ov (pod\u013ea stavu skladov\u00fdch z\u00e1sob)<\/p>\n\n<table id=\"tablepress-977\" class=\"tablepress tablepress-id-977\">\n<tbody class=\"row-striping row-hover\">\n<tr class=\"row-1\">\n\t<td class=\"column-1\">\u00d8<\/td><td class=\"column-2\">50 cm<\/td>\n<\/tr>\n<tr class=\"row-2\">\n\t<td class=\"column-1\">v\u00fd\u0161ka<\/td><td class=\"column-2\">101,5 cm<\/td>\n<\/tr>\n<tr class=\"row-3\">\n\t<td class=\"column-1\">v\u00e1ha<\/td><td class=\"column-2\">180 kg<\/td>\n<\/tr>\n<tr class=\"row-4\">\n\t<td class=\"column-1\">objem<\/td><td class=\"column-2\">70<\/td>\n<\/tr>\n<tr class=\"row-5\">\n\t<td class=\"column-1\">materi\u00e1l<\/td><td class=\"column-2\">bet\u00f3n a oce\u013e<\/td>\n<\/tr>\n<\/tbody>\n<\/table>\n<!-- #tablepress-977 from cache -->\n","protected":false},"excerpt":{"rendered":"<p>Bet\u00f3nov\u00fd odpadkov\u00fd k\u00f4\u0161 typ 8 z obna\u017een\u00e9ho kameniva s ocelov\u00fdmi elementami a odn\u00edmate\u013en\u00fdm pozinkovan\u00fdm kontajnerom.<\/p>\n","protected":false},"featured_media":31748,"template":"","meta":[],"product_brand":[],"product_cat":[558,530,177,155,188,181],"product_tag":[],"class_list":{"0":"post-31742","1":"product","2":"type-product","3":"status-publish","4":"has-post-thumbnail","6":"product_cat-betonove","7":"product_cat-betonovy-mobiliar","8":"product_cat-kose-park-a-ulica","9":"product_cat-malaurbanistickaarchitektura","10":"product_cat-ovalne","11":"product_cat-s-popolnikom","12":"product_shipping_class-beton-do-150kg","14":"first","15":"instock","16":"taxable","17":"shipping-taxable","18":"purchasable","19":"product-type-variable"},"yoast_head":"<!-- This site is optimized with the Yoast SEO plugin v27.2 - https:\/\/yoast.com\/product\/yoast-seo-wordpress\/ -->\n<title>Bet\u00f3nov\u00fd odpadkov\u00fd k\u00f4\u0161 typ 08 | Ecoprogress<\/title>\n<meta name=\"description\" content=\"Bet\u00f3nov\u00fd odpadkov\u00fd k\u00f4\u0161 typ 08 z obna\u017een\u00e9ho kameniva s ocelov\u00fdmi komponentami a odn\u00edmate\u013en\u00fdm pozinkovan\u00fdm kontajnerom.\" \/>\n<meta name=\"robots\" content=\"index, follow, max-snippet:-1, max-image-preview:large, max-video-preview:-1\" \/>\n<link rel=\"canonical\" href=\"https:\/\/ecoprogress.eu\/de\/produkt\/betonovy-odpadkovy-kos-typ-08\/\" \/>\n<meta property=\"og:locale\" content=\"de_DE\" \/>\n<meta property=\"og:type\" content=\"article\" \/>\n<meta property=\"og:title\" content=\"Bet\u00f3nov\u00fd odpadkov\u00fd k\u00f4\u0161 typ 08 | Ecoprogress\" \/>\n<meta property=\"og:description\" content=\"Bet\u00f3nov\u00fd odpadkov\u00fd k\u00f4\u0161 typ 08 z obna\u017een\u00e9ho kameniva s ocelov\u00fdmi komponentami a odn\u00edmate\u013en\u00fdm pozinkovan\u00fdm kontajnerom.\" \/>\n<meta property=\"og:url\" content=\"https:\/\/ecoprogress.eu\/de\/produkt\/betonovy-odpadkovy-kos-typ-08\/\" \/>\n<meta property=\"og:site_name\" content=\"Ecoprogress\" \/>\n<meta property=\"article:modified_time\" content=\"2023-09-14T11:00:33+00:00\" \/>\n<meta property=\"og:image\" content=\"https:\/\/ecoprogress.eu\/wp-content\/uploads\/kosbet8.jpeg\" \/>\n\t<meta property=\"og:image:width\" content=\"1293\" \/>\n\t<meta property=\"og:image:height\" content=\"1067\" \/>\n\t<meta property=\"og:image:type\" content=\"image\/jpeg\" \/>\n<meta name=\"twitter:card\" content=\"summary_large_image\" \/>\n<meta name=\"twitter:label1\" content=\"Gesch\u00e4tzte Lesezeit\" \/>\n\t<meta name=\"twitter:data1\" content=\"1\u00a0Minute\" \/>\n<script type=\"application\/ld+json\" class=\"yoast-schema-graph\">{\"@context\":\"https:\/\/schema.org\",\"@graph\":[{\"@type\":\"WebPage\",\"@id\":\"https:\/\/ecoprogress.eu\/de\/produkt\/betonovy-odpadkovy-kos-typ-08\/\",\"url\":\"https:\/\/ecoprogress.eu\/de\/produkt\/betonovy-odpadkovy-kos-typ-08\/\",\"name\":\"Bet\u00f3nov\u00fd odpadkov\u00fd k\u00f4\u0161 typ 08 | Ecoprogress\",\"isPartOf\":{\"@id\":\"https:\/\/ecoprogress.eu\/de\/#website\"},\"primaryImageOfPage\":{\"@id\":\"https:\/\/ecoprogress.eu\/de\/produkt\/betonovy-odpadkovy-kos-typ-08\/#primaryimage\"},\"image\":{\"@id\":\"https:\/\/ecoprogress.eu\/de\/produkt\/betonovy-odpadkovy-kos-typ-08\/#primaryimage\"},\"thumbnailUrl\":\"https:\/\/ecoprogress.eu\/wp-content\/uploads\/kosbet8.jpeg\",\"datePublished\":\"2022-09-12T08:25:37+00:00\",\"dateModified\":\"2023-09-14T11:00:33+00:00\",\"description\":\"Bet\u00f3nov\u00fd odpadkov\u00fd k\u00f4\u0161 typ 08 z obna\u017een\u00e9ho kameniva s ocelov\u00fdmi komponentami a odn\u00edmate\u013en\u00fdm pozinkovan\u00fdm kontajnerom.\",\"breadcrumb\":{\"@id\":\"https:\/\/ecoprogress.eu\/de\/produkt\/betonovy-odpadkovy-kos-typ-08\/#breadcrumb\"},\"inLanguage\":\"de\",\"potentialAction\":[{\"@type\":\"ReadAction\",\"target\":[\"https:\/\/ecoprogress.eu\/de\/produkt\/betonovy-odpadkovy-kos-typ-08\/\"]}]},{\"@type\":\"ImageObject\",\"inLanguage\":\"de\",\"@id\":\"https:\/\/ecoprogress.eu\/de\/produkt\/betonovy-odpadkovy-kos-typ-08\/#primaryimage\",\"url\":\"https:\/\/ecoprogress.eu\/wp-content\/uploads\/kosbet8.jpeg\",\"contentUrl\":\"https:\/\/ecoprogress.eu\/wp-content\/uploads\/kosbet8.jpeg\",\"width\":1293,\"height\":1067},{\"@type\":\"BreadcrumbList\",\"@id\":\"https:\/\/ecoprogress.eu\/de\/produkt\/betonovy-odpadkovy-kos-typ-08\/#breadcrumb\",\"itemListElement\":[{\"@type\":\"ListItem\",\"position\":1,\"name\":\"Produkte\",\"item\":\"https:\/\/ecoprogress.eu\/de\/produkte\/\"},{\"@type\":\"ListItem\",\"position\":2,\"name\":\"Bet\u00f3nov\u00fd odpadkov\u00fd k\u00f4\u0161 typ 08\"}]},{\"@type\":\"WebSite\",\"@id\":\"https:\/\/ecoprogress.eu\/de\/#website\",\"url\":\"https:\/\/ecoprogress.eu\/de\/\",\"name\":\"Ecoprogress\",\"description\":\"\",\"publisher\":{\"@id\":\"https:\/\/ecoprogress.eu\/de\/#organization\"},\"potentialAction\":[{\"@type\":\"SearchAction\",\"target\":{\"@type\":\"EntryPoint\",\"urlTemplate\":\"https:\/\/ecoprogress.eu\/de\/?s={search_term_string}\"},\"query-input\":{\"@type\":\"PropertyValueSpecification\",\"valueRequired\":true,\"valueName\":\"search_term_string\"}}],\"inLanguage\":\"de\"},{\"@type\":\"Organization\",\"@id\":\"https:\/\/ecoprogress.eu\/de\/#organization\",\"name\":\"Ecoprogress\",\"url\":\"https:\/\/ecoprogress.eu\/de\/\",\"logo\":{\"@type\":\"ImageObject\",\"inLanguage\":\"de\",\"@id\":\"https:\/\/ecoprogress.eu\/de\/#\/schema\/logo\/image\/\",\"url\":\"https:\/\/ecoprogress.eu\/wp-content\/uploads\/logo-2.svg\",\"contentUrl\":\"https:\/\/ecoprogress.eu\/wp-content\/uploads\/logo-2.svg\",\"width\":318,\"height\":349,\"caption\":\"Ecoprogress\"},\"image\":{\"@id\":\"https:\/\/ecoprogress.eu\/de\/#\/schema\/logo\/image\/\"}}]}<\/script>\n<!-- \/ Yoast SEO plugin. -->","yoast_head_json":{"title":"Bet\u00f3nov\u00fd odpadkov\u00fd k\u00f4\u0161 typ 08 | Ecoprogress","description":"Bet\u00f3nov\u00fd odpadkov\u00fd k\u00f4\u0161 typ 08 z obna\u017een\u00e9ho kameniva s ocelov\u00fdmi komponentami a odn\u00edmate\u013en\u00fdm pozinkovan\u00fdm kontajnerom.","robots":{"index":"index","follow":"follow","max-snippet":"max-snippet:-1","max-image-preview":"max-image-preview:large","max-video-preview":"max-video-preview:-1"},"canonical":"https:\/\/ecoprogress.eu\/de\/produkt\/betonovy-odpadkovy-kos-typ-08\/","og_locale":"de_DE","og_type":"article","og_title":"Bet\u00f3nov\u00fd odpadkov\u00fd k\u00f4\u0161 typ 08 | Ecoprogress","og_description":"Bet\u00f3nov\u00fd odpadkov\u00fd k\u00f4\u0161 typ 08 z obna\u017een\u00e9ho kameniva s ocelov\u00fdmi komponentami a odn\u00edmate\u013en\u00fdm pozinkovan\u00fdm kontajnerom.","og_url":"https:\/\/ecoprogress.eu\/de\/produkt\/betonovy-odpadkovy-kos-typ-08\/","og_site_name":"Ecoprogress","article_modified_time":"2023-09-14T11:00:33+00:00","og_image":[{"width":1293,"height":1067,"url":"https:\/\/ecoprogress.eu\/wp-content\/uploads\/kosbet8.jpeg","type":"image\/jpeg"}],"twitter_card":"summary_large_image","twitter_misc":{"Gesch\u00e4tzte Lesezeit":"1\u00a0Minute"},"schema":{"@context":"https:\/\/schema.org","@graph":[{"@type":"WebPage","@id":"https:\/\/ecoprogress.eu\/de\/produkt\/betonovy-odpadkovy-kos-typ-08\/","url":"https:\/\/ecoprogress.eu\/de\/produkt\/betonovy-odpadkovy-kos-typ-08\/","name":"Bet\u00f3nov\u00fd odpadkov\u00fd k\u00f4\u0161 typ 08 | Ecoprogress","isPartOf":{"@id":"https:\/\/ecoprogress.eu\/de\/#website"},"primaryImageOfPage":{"@id":"https:\/\/ecoprogress.eu\/de\/produkt\/betonovy-odpadkovy-kos-typ-08\/#primaryimage"},"image":{"@id":"https:\/\/ecoprogress.eu\/de\/produkt\/betonovy-odpadkovy-kos-typ-08\/#primaryimage"},"thumbnailUrl":"https:\/\/ecoprogress.eu\/wp-content\/uploads\/kosbet8.jpeg","datePublished":"2022-09-12T08:25:37+00:00","dateModified":"2023-09-14T11:00:33+00:00","description":"Bet\u00f3nov\u00fd odpadkov\u00fd k\u00f4\u0161 typ 08 z obna\u017een\u00e9ho kameniva s ocelov\u00fdmi komponentami a odn\u00edmate\u013en\u00fdm pozinkovan\u00fdm kontajnerom.","breadcrumb":{"@id":"https:\/\/ecoprogress.eu\/de\/produkt\/betonovy-odpadkovy-kos-typ-08\/#breadcrumb"},"inLanguage":"de","potentialAction":[{"@type":"ReadAction","target":["https:\/\/ecoprogress.eu\/de\/produkt\/betonovy-odpadkovy-kos-typ-08\/"]}]},{"@type":"ImageObject","inLanguage":"de","@id":"https:\/\/ecoprogress.eu\/de\/produkt\/betonovy-odpadkovy-kos-typ-08\/#primaryimage","url":"https:\/\/ecoprogress.eu\/wp-content\/uploads\/kosbet8.jpeg","contentUrl":"https:\/\/ecoprogress.eu\/wp-content\/uploads\/kosbet8.jpeg","width":1293,"height":1067},{"@type":"BreadcrumbList","@id":"https:\/\/ecoprogress.eu\/de\/produkt\/betonovy-odpadkovy-kos-typ-08\/#breadcrumb","itemListElement":[{"@type":"ListItem","position":1,"name":"Produkte","item":"https:\/\/ecoprogress.eu\/de\/produkte\/"},{"@type":"ListItem","position":2,"name":"Bet\u00f3nov\u00fd odpadkov\u00fd k\u00f4\u0161 typ 08"}]},{"@type":"WebSite","@id":"https:\/\/ecoprogress.eu\/de\/#website","url":"https:\/\/ecoprogress.eu\/de\/","name":"Ecoprogress","description":"","publisher":{"@id":"https:\/\/ecoprogress.eu\/de\/#organization"},"potentialAction":[{"@type":"SearchAction","target":{"@type":"EntryPoint","urlTemplate":"https:\/\/ecoprogress.eu\/de\/?s={search_term_string}"},"query-input":{"@type":"PropertyValueSpecification","valueRequired":true,"valueName":"search_term_string"}}],"inLanguage":"de"},{"@type":"Organization","@id":"https:\/\/ecoprogress.eu\/de\/#organization","name":"Ecoprogress","url":"https:\/\/ecoprogress.eu\/de\/","logo":{"@type":"ImageObject","inLanguage":"de","@id":"https:\/\/ecoprogress.eu\/de\/#\/schema\/logo\/image\/","url":"https:\/\/ecoprogress.eu\/wp-content\/uploads\/logo-2.svg","contentUrl":"https:\/\/ecoprogress.eu\/wp-content\/uploads\/logo-2.svg","width":318,"height":349,"caption":"Ecoprogress"},"image":{"@id":"https:\/\/ecoprogress.eu\/de\/#\/schema\/logo\/image\/"}}]}},"_links":{"self":[{"href":"https:\/\/ecoprogress.eu\/de\/wp-json\/wp\/v2\/product\/31742","targetHints":{"allow":["GET"]}}],"collection":[{"href":"https:\/\/ecoprogress.eu\/de\/wp-json\/wp\/v2\/product"}],"about":[{"href":"https:\/\/ecoprogress.eu\/de\/wp-json\/wp\/v2\/types\/product"}],"version-history":[{"count":0,"href":"https:\/\/ecoprogress.eu\/de\/wp-json\/wp\/v2\/product\/31742\/revisions"}],"wp:featuredmedia":[{"embeddable":true,"href":"https:\/\/ecoprogress.eu\/de\/wp-json\/wp\/v2\/media\/31748"}],"wp:attachment":[{"href":"https:\/\/ecoprogress.eu\/de\/wp-json\/wp\/v2\/media?parent=31742"}],"wp:term":[{"taxonomy":"product_brand","embeddable":true,"href":"https:\/\/ecoprogress.eu\/de\/wp-json\/wp\/v2\/product_brand?post=31742"},{"taxonomy":"product_cat","embeddable":true,"href":"https:\/\/ecoprogress.eu\/de\/wp-json\/wp\/v2\/product_cat?post=31742"},{"taxonomy":"product_tag","embeddable":true,"href":"https:\/\/ecoprogress.eu\/de\/wp-json\/wp\/v2\/product_tag?post=31742"}],"curies":[{"name":"wp","href":"https:\/\/api.w.org\/{rel}","templated":true}]}}