{"id":31826,"date":"2022-09-12T14:16:17","date_gmt":"2022-09-12T12:16:17","guid":{"rendered":"https:\/\/ecoprogress.eu\/?post_type=product&#038;p=31826"},"modified":"2023-09-14T12:56:35","modified_gmt":"2023-09-14T10:56:35","slug":"betonovy-odpadkovy-kos-typ-14","status":"publish","type":"product","link":"https:\/\/ecoprogress.eu\/de\/produkt\/betonovy-odpadkovy-kos-typ-14\/","title":{"rendered":"Bet\u00f3nov\u00fd odpadkov\u00fd k\u00f4\u0161 typ 14"},"content":{"rendered":"<p>Dodanie 4-6 t\u00fd\u017ed\u0148ov (pod\u013ea stavu skladov\u00fdch z\u00e1sob)<\/p>\n\n<table id=\"tablepress-989\" class=\"tablepress tablepress-id-989\">\n<tbody class=\"row-striping row-hover\">\n<tr class=\"row-1\">\n\t<td class=\"column-1\">\u0161\u00edrka<\/td><td class=\"column-2\">39 cm<\/td>\n<\/tr>\n<tr class=\"row-2\">\n\t<td class=\"column-1\">v\u00fd\u0161ka<\/td><td class=\"column-2\">85 cm<\/td>\n<\/tr>\n<tr class=\"row-3\">\n\t<td class=\"column-1\">h\u013abka<\/td><td class=\"column-2\">39 cm<\/td>\n<\/tr>\n<tr class=\"row-4\">\n\t<td class=\"column-1\">v\u00e1ha<\/td><td class=\"column-2\">145 kg<\/td>\n<\/tr>\n<tr class=\"row-5\">\n\t<td class=\"column-1\">objem<\/td><td class=\"column-2\">35 l<\/td>\n<\/tr>\n<tr class=\"row-6\">\n\t<td class=\"column-1\">materi\u00e1l<\/td><td class=\"column-2\">bet\u00f3n a oce\u013e<\/td>\n<\/tr>\n<\/tbody>\n<\/table>\n<!-- #tablepress-989 from cache -->\n","protected":false},"excerpt":{"rendered":"<p>Bet\u00f3nov\u00fd odpadkov\u00fd k\u00f4\u0161 typ 14 kompletne z le\u0161ten\u00e9ho kameniva s ocelov\u00fdmi elementami.<\/p>\n","protected":false},"featured_media":31838,"template":"","meta":[],"product_brand":[],"product_cat":[558,530,177,155,187],"product_tag":[],"class_list":{"0":"post-31826","1":"product","2":"type-product","3":"status-publish","4":"has-post-thumbnail","6":"product_cat-betonove","7":"product_cat-betonovy-mobiliar","8":"product_cat-kose-park-a-ulica","9":"product_cat-malaurbanistickaarchitektura","10":"product_cat-obdlznikove","11":"product_shipping_class-beton-do-150kg","13":"first","14":"instock","15":"taxable","16":"shipping-taxable","17":"purchasable","18":"product-type-variable"},"yoast_head":"<!-- This site is optimized with the Yoast SEO plugin v27.2 - https:\/\/yoast.com\/product\/yoast-seo-wordpress\/ -->\n<title>Bet\u00f3nov\u00fd odpadkov\u00fd k\u00f4\u0161 typ 14 | Ecoprogress<\/title>\n<meta name=\"description\" content=\"Bet\u00f3nov\u00fd odpadkov\u00fd k\u00f4\u0161 typ 14 komletne z le\u0161ten\u00e9ho kameniva s ocelov\u00fdmi elementami.\" \/>\n<meta name=\"robots\" content=\"index, follow, max-snippet:-1, max-image-preview:large, max-video-preview:-1\" \/>\n<link rel=\"canonical\" href=\"https:\/\/ecoprogress.eu\/de\/produkt\/betonovy-odpadkovy-kos-typ-14\/\" \/>\n<meta property=\"og:locale\" content=\"de_DE\" \/>\n<meta property=\"og:type\" content=\"article\" \/>\n<meta property=\"og:title\" content=\"Bet\u00f3nov\u00fd odpadkov\u00fd k\u00f4\u0161 typ 14 | Ecoprogress\" \/>\n<meta property=\"og:description\" content=\"Bet\u00f3nov\u00fd odpadkov\u00fd k\u00f4\u0161 typ 14 komletne z le\u0161ten\u00e9ho kameniva s ocelov\u00fdmi elementami.\" \/>\n<meta property=\"og:url\" content=\"https:\/\/ecoprogress.eu\/de\/produkt\/betonovy-odpadkovy-kos-typ-14\/\" \/>\n<meta property=\"og:site_name\" content=\"Ecoprogress\" \/>\n<meta property=\"article:modified_time\" content=\"2023-09-14T10:56:35+00:00\" \/>\n<meta property=\"og:image\" content=\"https:\/\/ecoprogress.eu\/wp-content\/uploads\/kosbet14-.jpg\" \/>\n\t<meta property=\"og:image:width\" content=\"1024\" \/>\n\t<meta property=\"og:image:height\" content=\"723\" \/>\n\t<meta property=\"og:image:type\" content=\"image\/jpeg\" \/>\n<meta name=\"twitter:card\" content=\"summary_large_image\" \/>\n<meta name=\"twitter:label1\" content=\"Gesch\u00e4tzte Lesezeit\" \/>\n\t<meta name=\"twitter:data1\" content=\"1\u00a0Minute\" \/>\n<script type=\"application\/ld+json\" class=\"yoast-schema-graph\">{\"@context\":\"https:\/\/schema.org\",\"@graph\":[{\"@type\":\"WebPage\",\"@id\":\"https:\/\/ecoprogress.eu\/de\/produkt\/betonovy-odpadkovy-kos-typ-14\/\",\"url\":\"https:\/\/ecoprogress.eu\/de\/produkt\/betonovy-odpadkovy-kos-typ-14\/\",\"name\":\"Bet\u00f3nov\u00fd odpadkov\u00fd k\u00f4\u0161 typ 14 | Ecoprogress\",\"isPartOf\":{\"@id\":\"https:\/\/ecoprogress.eu\/de\/#website\"},\"primaryImageOfPage\":{\"@id\":\"https:\/\/ecoprogress.eu\/de\/produkt\/betonovy-odpadkovy-kos-typ-14\/#primaryimage\"},\"image\":{\"@id\":\"https:\/\/ecoprogress.eu\/de\/produkt\/betonovy-odpadkovy-kos-typ-14\/#primaryimage\"},\"thumbnailUrl\":\"https:\/\/ecoprogress.eu\/wp-content\/uploads\/kosbet14-.jpg\",\"datePublished\":\"2022-09-12T12:16:17+00:00\",\"dateModified\":\"2023-09-14T10:56:35+00:00\",\"description\":\"Bet\u00f3nov\u00fd odpadkov\u00fd k\u00f4\u0161 typ 14 komletne z le\u0161ten\u00e9ho kameniva s ocelov\u00fdmi elementami.\",\"breadcrumb\":{\"@id\":\"https:\/\/ecoprogress.eu\/de\/produkt\/betonovy-odpadkovy-kos-typ-14\/#breadcrumb\"},\"inLanguage\":\"de\",\"potentialAction\":[{\"@type\":\"ReadAction\",\"target\":[\"https:\/\/ecoprogress.eu\/de\/produkt\/betonovy-odpadkovy-kos-typ-14\/\"]}]},{\"@type\":\"ImageObject\",\"inLanguage\":\"de\",\"@id\":\"https:\/\/ecoprogress.eu\/de\/produkt\/betonovy-odpadkovy-kos-typ-14\/#primaryimage\",\"url\":\"https:\/\/ecoprogress.eu\/wp-content\/uploads\/kosbet14-.jpg\",\"contentUrl\":\"https:\/\/ecoprogress.eu\/wp-content\/uploads\/kosbet14-.jpg\",\"width\":1024,\"height\":723},{\"@type\":\"BreadcrumbList\",\"@id\":\"https:\/\/ecoprogress.eu\/de\/produkt\/betonovy-odpadkovy-kos-typ-14\/#breadcrumb\",\"itemListElement\":[{\"@type\":\"ListItem\",\"position\":1,\"name\":\"Produkte\",\"item\":\"https:\/\/ecoprogress.eu\/de\/produkte\/\"},{\"@type\":\"ListItem\",\"position\":2,\"name\":\"Bet\u00f3nov\u00fd odpadkov\u00fd k\u00f4\u0161 typ 14\"}]},{\"@type\":\"WebSite\",\"@id\":\"https:\/\/ecoprogress.eu\/de\/#website\",\"url\":\"https:\/\/ecoprogress.eu\/de\/\",\"name\":\"Ecoprogress\",\"description\":\"\",\"publisher\":{\"@id\":\"https:\/\/ecoprogress.eu\/de\/#organization\"},\"potentialAction\":[{\"@type\":\"SearchAction\",\"target\":{\"@type\":\"EntryPoint\",\"urlTemplate\":\"https:\/\/ecoprogress.eu\/de\/?s={search_term_string}\"},\"query-input\":{\"@type\":\"PropertyValueSpecification\",\"valueRequired\":true,\"valueName\":\"search_term_string\"}}],\"inLanguage\":\"de\"},{\"@type\":\"Organization\",\"@id\":\"https:\/\/ecoprogress.eu\/de\/#organization\",\"name\":\"Ecoprogress\",\"url\":\"https:\/\/ecoprogress.eu\/de\/\",\"logo\":{\"@type\":\"ImageObject\",\"inLanguage\":\"de\",\"@id\":\"https:\/\/ecoprogress.eu\/de\/#\/schema\/logo\/image\/\",\"url\":\"https:\/\/ecoprogress.eu\/wp-content\/uploads\/logo-2.svg\",\"contentUrl\":\"https:\/\/ecoprogress.eu\/wp-content\/uploads\/logo-2.svg\",\"width\":318,\"height\":349,\"caption\":\"Ecoprogress\"},\"image\":{\"@id\":\"https:\/\/ecoprogress.eu\/de\/#\/schema\/logo\/image\/\"}}]}<\/script>\n<!-- \/ Yoast SEO plugin. -->","yoast_head_json":{"title":"Bet\u00f3nov\u00fd odpadkov\u00fd k\u00f4\u0161 typ 14 | Ecoprogress","description":"Bet\u00f3nov\u00fd odpadkov\u00fd k\u00f4\u0161 typ 14 komletne z le\u0161ten\u00e9ho kameniva s ocelov\u00fdmi elementami.","robots":{"index":"index","follow":"follow","max-snippet":"max-snippet:-1","max-image-preview":"max-image-preview:large","max-video-preview":"max-video-preview:-1"},"canonical":"https:\/\/ecoprogress.eu\/de\/produkt\/betonovy-odpadkovy-kos-typ-14\/","og_locale":"de_DE","og_type":"article","og_title":"Bet\u00f3nov\u00fd odpadkov\u00fd k\u00f4\u0161 typ 14 | Ecoprogress","og_description":"Bet\u00f3nov\u00fd odpadkov\u00fd k\u00f4\u0161 typ 14 komletne z le\u0161ten\u00e9ho kameniva s ocelov\u00fdmi elementami.","og_url":"https:\/\/ecoprogress.eu\/de\/produkt\/betonovy-odpadkovy-kos-typ-14\/","og_site_name":"Ecoprogress","article_modified_time":"2023-09-14T10:56:35+00:00","og_image":[{"width":1024,"height":723,"url":"https:\/\/ecoprogress.eu\/wp-content\/uploads\/kosbet14-.jpg","type":"image\/jpeg"}],"twitter_card":"summary_large_image","twitter_misc":{"Gesch\u00e4tzte Lesezeit":"1\u00a0Minute"},"schema":{"@context":"https:\/\/schema.org","@graph":[{"@type":"WebPage","@id":"https:\/\/ecoprogress.eu\/de\/produkt\/betonovy-odpadkovy-kos-typ-14\/","url":"https:\/\/ecoprogress.eu\/de\/produkt\/betonovy-odpadkovy-kos-typ-14\/","name":"Bet\u00f3nov\u00fd odpadkov\u00fd k\u00f4\u0161 typ 14 | Ecoprogress","isPartOf":{"@id":"https:\/\/ecoprogress.eu\/de\/#website"},"primaryImageOfPage":{"@id":"https:\/\/ecoprogress.eu\/de\/produkt\/betonovy-odpadkovy-kos-typ-14\/#primaryimage"},"image":{"@id":"https:\/\/ecoprogress.eu\/de\/produkt\/betonovy-odpadkovy-kos-typ-14\/#primaryimage"},"thumbnailUrl":"https:\/\/ecoprogress.eu\/wp-content\/uploads\/kosbet14-.jpg","datePublished":"2022-09-12T12:16:17+00:00","dateModified":"2023-09-14T10:56:35+00:00","description":"Bet\u00f3nov\u00fd odpadkov\u00fd k\u00f4\u0161 typ 14 komletne z le\u0161ten\u00e9ho kameniva s ocelov\u00fdmi elementami.","breadcrumb":{"@id":"https:\/\/ecoprogress.eu\/de\/produkt\/betonovy-odpadkovy-kos-typ-14\/#breadcrumb"},"inLanguage":"de","potentialAction":[{"@type":"ReadAction","target":["https:\/\/ecoprogress.eu\/de\/produkt\/betonovy-odpadkovy-kos-typ-14\/"]}]},{"@type":"ImageObject","inLanguage":"de","@id":"https:\/\/ecoprogress.eu\/de\/produkt\/betonovy-odpadkovy-kos-typ-14\/#primaryimage","url":"https:\/\/ecoprogress.eu\/wp-content\/uploads\/kosbet14-.jpg","contentUrl":"https:\/\/ecoprogress.eu\/wp-content\/uploads\/kosbet14-.jpg","width":1024,"height":723},{"@type":"BreadcrumbList","@id":"https:\/\/ecoprogress.eu\/de\/produkt\/betonovy-odpadkovy-kos-typ-14\/#breadcrumb","itemListElement":[{"@type":"ListItem","position":1,"name":"Produkte","item":"https:\/\/ecoprogress.eu\/de\/produkte\/"},{"@type":"ListItem","position":2,"name":"Bet\u00f3nov\u00fd odpadkov\u00fd k\u00f4\u0161 typ 14"}]},{"@type":"WebSite","@id":"https:\/\/ecoprogress.eu\/de\/#website","url":"https:\/\/ecoprogress.eu\/de\/","name":"Ecoprogress","description":"","publisher":{"@id":"https:\/\/ecoprogress.eu\/de\/#organization"},"potentialAction":[{"@type":"SearchAction","target":{"@type":"EntryPoint","urlTemplate":"https:\/\/ecoprogress.eu\/de\/?s={search_term_string}"},"query-input":{"@type":"PropertyValueSpecification","valueRequired":true,"valueName":"search_term_string"}}],"inLanguage":"de"},{"@type":"Organization","@id":"https:\/\/ecoprogress.eu\/de\/#organization","name":"Ecoprogress","url":"https:\/\/ecoprogress.eu\/de\/","logo":{"@type":"ImageObject","inLanguage":"de","@id":"https:\/\/ecoprogress.eu\/de\/#\/schema\/logo\/image\/","url":"https:\/\/ecoprogress.eu\/wp-content\/uploads\/logo-2.svg","contentUrl":"https:\/\/ecoprogress.eu\/wp-content\/uploads\/logo-2.svg","width":318,"height":349,"caption":"Ecoprogress"},"image":{"@id":"https:\/\/ecoprogress.eu\/de\/#\/schema\/logo\/image\/"}}]}},"_links":{"self":[{"href":"https:\/\/ecoprogress.eu\/de\/wp-json\/wp\/v2\/product\/31826","targetHints":{"allow":["GET"]}}],"collection":[{"href":"https:\/\/ecoprogress.eu\/de\/wp-json\/wp\/v2\/product"}],"about":[{"href":"https:\/\/ecoprogress.eu\/de\/wp-json\/wp\/v2\/types\/product"}],"version-history":[{"count":0,"href":"https:\/\/ecoprogress.eu\/de\/wp-json\/wp\/v2\/product\/31826\/revisions"}],"wp:featuredmedia":[{"embeddable":true,"href":"https:\/\/ecoprogress.eu\/de\/wp-json\/wp\/v2\/media\/31838"}],"wp:attachment":[{"href":"https:\/\/ecoprogress.eu\/de\/wp-json\/wp\/v2\/media?parent=31826"}],"wp:term":[{"taxonomy":"product_brand","embeddable":true,"href":"https:\/\/ecoprogress.eu\/de\/wp-json\/wp\/v2\/product_brand?post=31826"},{"taxonomy":"product_cat","embeddable":true,"href":"https:\/\/ecoprogress.eu\/de\/wp-json\/wp\/v2\/product_cat?post=31826"},{"taxonomy":"product_tag","embeddable":true,"href":"https:\/\/ecoprogress.eu\/de\/wp-json\/wp\/v2\/product_tag?post=31826"}],"curies":[{"name":"wp","href":"https:\/\/api.w.org\/{rel}","templated":true}]}}