{"id":32318,"date":"2022-09-20T12:00:46","date_gmt":"2022-09-20T10:00:46","guid":{"rendered":"https:\/\/ecoprogress.eu\/?post_type=product&#038;p=32318"},"modified":"2023-09-19T10:01:07","modified_gmt":"2023-09-19T08:01:07","slug":"servisny-stojan-typ-11","status":"publish","type":"product","link":"https:\/\/ecoprogress.eu\/de\/produkt\/servisny-stojan-typ-11\/","title":{"rendered":"Servisn\u00fd stojan typ 11"},"content":{"rendered":"<p>Na zadnej strane zariadenia je modul so 4 x z\u00e1suvkami pre nab\u00edjanie elektrobicykla (E-BIKE), 2 x nerezov\u00e9 dr\u017eiaky na nab\u00edja\u010dky a kovov\u00fd p\u00e1sik zakr\u00fdvaj\u00faci nap\u00e1jac\u00ed k\u00e1bel vych\u00e1dzaj\u00faci zo z\u00e1kladne. Stanica obsahuje a\u017e 12 r\u00f4znych druhov n\u00e1radia.<\/p>\n\n<table id=\"tablepress-1035\" class=\"tablepress tablepress-id-1035\">\n<tbody class=\"row-striping row-hover\">\n<tr class=\"row-1\">\n\t<td class=\"column-1\">rozmery<\/td><td class=\"column-2\">134\/226 x 54 x 35 cm<\/td>\n<\/tr>\n<tr class=\"row-2\">\n\t<td class=\"column-1\">nab\u00edjanie<\/td><td class=\"column-2\">4 x z\u00e1suvky (250V)<\/td>\n<\/tr>\n<tr class=\"row-3\">\n\t<td class=\"column-1\">zavesenie bicyklov<\/td><td class=\"column-2\">\u00e1no<\/td>\n<\/tr>\n<tr class=\"row-4\">\n\t<td class=\"column-1\">v\u00e1ha<\/td><td class=\"column-2\">35-50 kg<\/td>\n<\/tr>\n<\/tbody>\n<\/table>\n<!-- #tablepress-1035 from cache -->\n<p>&nbsp;<\/p>\n<p>&nbsp;<\/p>\n","protected":false},"excerpt":{"rendered":"<p>Servisn\u00fd stojan typ 11 je samoobslu\u017enou stanicou na opravu bicyklov a je prisp\u00f4soben\u00e1 na pou\u017eitie vo verejn\u00fdch priestoroch. Jeho kryt je vyroben\u00fd z nerezovej ocele s pr\u00e1\u0161kov\u00fdm alebo termoplastick\u00fdm n\u00e1terom. Zariadenie vo verzii E-BIKE sa montuje do zeme. Plechov\u00e9 prvky a nab\u00edjac\u00ed modul E-BIKE s\u00fa upevnen\u00e9 skrutkami proti kr\u00e1de\u017ei \u2013 bity na skrutky s\u00fa s\u00fa\u010das\u0165ou balenia.<\/p>\n","protected":false},"featured_media":32325,"template":"","meta":[],"product_brand":[],"product_cat":[560,561],"product_tag":[],"class_list":{"0":"post-32318","1":"product","2":"type-product","3":"status-publish","4":"has-post-thumbnail","6":"product_cat-nabijacie-servisne-stojany","7":"product_cat-nabijacie-stanice","8":"product_shipping_class-servisne-stojany","10":"first","11":"instock","12":"featured","13":"taxable","14":"shipping-taxable","15":"purchasable","16":"product-type-variable","17":"has-default-attributes"},"yoast_head":"<!-- This site is optimized with the Yoast SEO plugin v27.2 - https:\/\/yoast.com\/product\/yoast-seo-wordpress\/ -->\n<title>Servisn\u00fd stojan typ 11 | Ecoprogress<\/title>\n<meta name=\"description\" content=\"Servisn\u00fd stojan typ 11 je samoobslu\u017enou stanicou na opravu bicyklov a je prisp\u00f4soben\u00e1 na pou\u017eitie vo verejn\u00fdch priestoroch.\" \/>\n<meta name=\"robots\" content=\"index, follow, max-snippet:-1, max-image-preview:large, max-video-preview:-1\" \/>\n<link rel=\"canonical\" href=\"https:\/\/ecoprogress.eu\/de\/produkt\/servisny-stojan-typ-11\/\" \/>\n<meta property=\"og:locale\" content=\"de_DE\" \/>\n<meta property=\"og:type\" content=\"article\" \/>\n<meta property=\"og:title\" content=\"Servisn\u00fd stojan typ 11 | Ecoprogress\" \/>\n<meta property=\"og:description\" content=\"Servisn\u00fd stojan typ 11 je samoobslu\u017enou stanicou na opravu bicyklov a je prisp\u00f4soben\u00e1 na pou\u017eitie vo verejn\u00fdch priestoroch.\" \/>\n<meta property=\"og:url\" content=\"https:\/\/ecoprogress.eu\/de\/produkt\/servisny-stojan-typ-11\/\" \/>\n<meta property=\"og:site_name\" content=\"Ecoprogress\" \/>\n<meta property=\"article:modified_time\" content=\"2023-09-19T08:01:07+00:00\" \/>\n<meta property=\"og:image\" content=\"https:\/\/ecoprogress.eu\/wp-content\/uploads\/servisnystojan11.webp\" \/>\n\t<meta property=\"og:image:width\" content=\"768\" \/>\n\t<meta property=\"og:image:height\" content=\"994\" \/>\n\t<meta property=\"og:image:type\" content=\"image\/webp\" \/>\n<meta name=\"twitter:card\" content=\"summary_large_image\" \/>\n<meta name=\"twitter:label1\" content=\"Gesch\u00e4tzte Lesezeit\" \/>\n\t<meta name=\"twitter:data1\" content=\"1\u00a0Minute\" \/>\n<script type=\"application\/ld+json\" class=\"yoast-schema-graph\">{\"@context\":\"https:\/\/schema.org\",\"@graph\":[{\"@type\":\"WebPage\",\"@id\":\"https:\/\/ecoprogress.eu\/de\/produkt\/servisny-stojan-typ-11\/\",\"url\":\"https:\/\/ecoprogress.eu\/de\/produkt\/servisny-stojan-typ-11\/\",\"name\":\"Servisn\u00fd stojan typ 11 | Ecoprogress\",\"isPartOf\":{\"@id\":\"https:\/\/ecoprogress.eu\/de\/#website\"},\"primaryImageOfPage\":{\"@id\":\"https:\/\/ecoprogress.eu\/de\/produkt\/servisny-stojan-typ-11\/#primaryimage\"},\"image\":{\"@id\":\"https:\/\/ecoprogress.eu\/de\/produkt\/servisny-stojan-typ-11\/#primaryimage\"},\"thumbnailUrl\":\"https:\/\/ecoprogress.eu\/wp-content\/uploads\/servisnystojan11.webp\",\"datePublished\":\"2022-09-20T10:00:46+00:00\",\"dateModified\":\"2023-09-19T08:01:07+00:00\",\"description\":\"Servisn\u00fd stojan typ 11 je samoobslu\u017enou stanicou na opravu bicyklov a je prisp\u00f4soben\u00e1 na pou\u017eitie vo verejn\u00fdch priestoroch.\",\"breadcrumb\":{\"@id\":\"https:\/\/ecoprogress.eu\/de\/produkt\/servisny-stojan-typ-11\/#breadcrumb\"},\"inLanguage\":\"de\",\"potentialAction\":[{\"@type\":\"ReadAction\",\"target\":[\"https:\/\/ecoprogress.eu\/de\/produkt\/servisny-stojan-typ-11\/\"]}]},{\"@type\":\"ImageObject\",\"inLanguage\":\"de\",\"@id\":\"https:\/\/ecoprogress.eu\/de\/produkt\/servisny-stojan-typ-11\/#primaryimage\",\"url\":\"https:\/\/ecoprogress.eu\/wp-content\/uploads\/servisnystojan11.webp\",\"contentUrl\":\"https:\/\/ecoprogress.eu\/wp-content\/uploads\/servisnystojan11.webp\",\"width\":768,\"height\":994},{\"@type\":\"BreadcrumbList\",\"@id\":\"https:\/\/ecoprogress.eu\/de\/produkt\/servisny-stojan-typ-11\/#breadcrumb\",\"itemListElement\":[{\"@type\":\"ListItem\",\"position\":1,\"name\":\"Produkte\",\"item\":\"https:\/\/ecoprogress.eu\/de\/produkte\/\"},{\"@type\":\"ListItem\",\"position\":2,\"name\":\"Servisn\u00fd stojan typ 11\"}]},{\"@type\":\"WebSite\",\"@id\":\"https:\/\/ecoprogress.eu\/de\/#website\",\"url\":\"https:\/\/ecoprogress.eu\/de\/\",\"name\":\"Ecoprogress\",\"description\":\"\",\"publisher\":{\"@id\":\"https:\/\/ecoprogress.eu\/de\/#organization\"},\"potentialAction\":[{\"@type\":\"SearchAction\",\"target\":{\"@type\":\"EntryPoint\",\"urlTemplate\":\"https:\/\/ecoprogress.eu\/de\/?s={search_term_string}\"},\"query-input\":{\"@type\":\"PropertyValueSpecification\",\"valueRequired\":true,\"valueName\":\"search_term_string\"}}],\"inLanguage\":\"de\"},{\"@type\":\"Organization\",\"@id\":\"https:\/\/ecoprogress.eu\/de\/#organization\",\"name\":\"Ecoprogress\",\"url\":\"https:\/\/ecoprogress.eu\/de\/\",\"logo\":{\"@type\":\"ImageObject\",\"inLanguage\":\"de\",\"@id\":\"https:\/\/ecoprogress.eu\/de\/#\/schema\/logo\/image\/\",\"url\":\"https:\/\/ecoprogress.eu\/wp-content\/uploads\/logo-2.svg\",\"contentUrl\":\"https:\/\/ecoprogress.eu\/wp-content\/uploads\/logo-2.svg\",\"width\":318,\"height\":349,\"caption\":\"Ecoprogress\"},\"image\":{\"@id\":\"https:\/\/ecoprogress.eu\/de\/#\/schema\/logo\/image\/\"}}]}<\/script>\n<!-- \/ Yoast SEO plugin. -->","yoast_head_json":{"title":"Servisn\u00fd stojan typ 11 | Ecoprogress","description":"Servisn\u00fd stojan typ 11 je samoobslu\u017enou stanicou na opravu bicyklov a je prisp\u00f4soben\u00e1 na pou\u017eitie vo verejn\u00fdch priestoroch.","robots":{"index":"index","follow":"follow","max-snippet":"max-snippet:-1","max-image-preview":"max-image-preview:large","max-video-preview":"max-video-preview:-1"},"canonical":"https:\/\/ecoprogress.eu\/de\/produkt\/servisny-stojan-typ-11\/","og_locale":"de_DE","og_type":"article","og_title":"Servisn\u00fd stojan typ 11 | Ecoprogress","og_description":"Servisn\u00fd stojan typ 11 je samoobslu\u017enou stanicou na opravu bicyklov a je prisp\u00f4soben\u00e1 na pou\u017eitie vo verejn\u00fdch priestoroch.","og_url":"https:\/\/ecoprogress.eu\/de\/produkt\/servisny-stojan-typ-11\/","og_site_name":"Ecoprogress","article_modified_time":"2023-09-19T08:01:07+00:00","og_image":[{"width":768,"height":994,"url":"https:\/\/ecoprogress.eu\/wp-content\/uploads\/servisnystojan11.webp","type":"image\/webp"}],"twitter_card":"summary_large_image","twitter_misc":{"Gesch\u00e4tzte Lesezeit":"1\u00a0Minute"},"schema":{"@context":"https:\/\/schema.org","@graph":[{"@type":"WebPage","@id":"https:\/\/ecoprogress.eu\/de\/produkt\/servisny-stojan-typ-11\/","url":"https:\/\/ecoprogress.eu\/de\/produkt\/servisny-stojan-typ-11\/","name":"Servisn\u00fd stojan typ 11 | Ecoprogress","isPartOf":{"@id":"https:\/\/ecoprogress.eu\/de\/#website"},"primaryImageOfPage":{"@id":"https:\/\/ecoprogress.eu\/de\/produkt\/servisny-stojan-typ-11\/#primaryimage"},"image":{"@id":"https:\/\/ecoprogress.eu\/de\/produkt\/servisny-stojan-typ-11\/#primaryimage"},"thumbnailUrl":"https:\/\/ecoprogress.eu\/wp-content\/uploads\/servisnystojan11.webp","datePublished":"2022-09-20T10:00:46+00:00","dateModified":"2023-09-19T08:01:07+00:00","description":"Servisn\u00fd stojan typ 11 je samoobslu\u017enou stanicou na opravu bicyklov a je prisp\u00f4soben\u00e1 na pou\u017eitie vo verejn\u00fdch priestoroch.","breadcrumb":{"@id":"https:\/\/ecoprogress.eu\/de\/produkt\/servisny-stojan-typ-11\/#breadcrumb"},"inLanguage":"de","potentialAction":[{"@type":"ReadAction","target":["https:\/\/ecoprogress.eu\/de\/produkt\/servisny-stojan-typ-11\/"]}]},{"@type":"ImageObject","inLanguage":"de","@id":"https:\/\/ecoprogress.eu\/de\/produkt\/servisny-stojan-typ-11\/#primaryimage","url":"https:\/\/ecoprogress.eu\/wp-content\/uploads\/servisnystojan11.webp","contentUrl":"https:\/\/ecoprogress.eu\/wp-content\/uploads\/servisnystojan11.webp","width":768,"height":994},{"@type":"BreadcrumbList","@id":"https:\/\/ecoprogress.eu\/de\/produkt\/servisny-stojan-typ-11\/#breadcrumb","itemListElement":[{"@type":"ListItem","position":1,"name":"Produkte","item":"https:\/\/ecoprogress.eu\/de\/produkte\/"},{"@type":"ListItem","position":2,"name":"Servisn\u00fd stojan typ 11"}]},{"@type":"WebSite","@id":"https:\/\/ecoprogress.eu\/de\/#website","url":"https:\/\/ecoprogress.eu\/de\/","name":"Ecoprogress","description":"","publisher":{"@id":"https:\/\/ecoprogress.eu\/de\/#organization"},"potentialAction":[{"@type":"SearchAction","target":{"@type":"EntryPoint","urlTemplate":"https:\/\/ecoprogress.eu\/de\/?s={search_term_string}"},"query-input":{"@type":"PropertyValueSpecification","valueRequired":true,"valueName":"search_term_string"}}],"inLanguage":"de"},{"@type":"Organization","@id":"https:\/\/ecoprogress.eu\/de\/#organization","name":"Ecoprogress","url":"https:\/\/ecoprogress.eu\/de\/","logo":{"@type":"ImageObject","inLanguage":"de","@id":"https:\/\/ecoprogress.eu\/de\/#\/schema\/logo\/image\/","url":"https:\/\/ecoprogress.eu\/wp-content\/uploads\/logo-2.svg","contentUrl":"https:\/\/ecoprogress.eu\/wp-content\/uploads\/logo-2.svg","width":318,"height":349,"caption":"Ecoprogress"},"image":{"@id":"https:\/\/ecoprogress.eu\/de\/#\/schema\/logo\/image\/"}}]}},"_links":{"self":[{"href":"https:\/\/ecoprogress.eu\/de\/wp-json\/wp\/v2\/product\/32318","targetHints":{"allow":["GET"]}}],"collection":[{"href":"https:\/\/ecoprogress.eu\/de\/wp-json\/wp\/v2\/product"}],"about":[{"href":"https:\/\/ecoprogress.eu\/de\/wp-json\/wp\/v2\/types\/product"}],"version-history":[{"count":0,"href":"https:\/\/ecoprogress.eu\/de\/wp-json\/wp\/v2\/product\/32318\/revisions"}],"wp:featuredmedia":[{"embeddable":true,"href":"https:\/\/ecoprogress.eu\/de\/wp-json\/wp\/v2\/media\/32325"}],"wp:attachment":[{"href":"https:\/\/ecoprogress.eu\/de\/wp-json\/wp\/v2\/media?parent=32318"}],"wp:term":[{"taxonomy":"product_brand","embeddable":true,"href":"https:\/\/ecoprogress.eu\/de\/wp-json\/wp\/v2\/product_brand?post=32318"},{"taxonomy":"product_cat","embeddable":true,"href":"https:\/\/ecoprogress.eu\/de\/wp-json\/wp\/v2\/product_cat?post=32318"},{"taxonomy":"product_tag","embeddable":true,"href":"https:\/\/ecoprogress.eu\/de\/wp-json\/wp\/v2\/product_tag?post=32318"}],"curies":[{"name":"wp","href":"https:\/\/api.w.org\/{rel}","templated":true}]}}