{"id":32728,"date":"2022-11-06T15:21:38","date_gmt":"2022-11-06T14:21:38","guid":{"rendered":"https:\/\/ecoprogress.eu\/?post_type=product&#038;p=32728"},"modified":"2022-12-14T09:56:24","modified_gmt":"2022-12-14T08:56:24","slug":"sachove-figurky-typ-02","status":"publish","type":"product","link":"https:\/\/ecoprogress.eu\/de\/produkt\/sachove-figurky-typ-02\/","title":{"rendered":"\u0160achov\u00e9 fig\u00farky typ 02"},"content":{"rendered":"","protected":false},"excerpt":{"rendered":"<p>\u0160achov\u00e9 fig\u00farky typ 2 s\u00fa ur\u010den\u00e9 pre stoln\u00fd \u0161ach a preto s\u00fa vhodn\u00e9 k pou\u017eitiu s hrac\u00edmi stolmi.<\/p>\n","protected":false},"featured_media":33533,"template":"","meta":[],"product_brand":[],"product_cat":[562,530],"product_tag":[],"class_list":{"0":"post-32728","1":"product","2":"type-product","3":"status-publish","4":"has-post-thumbnail","6":"product_cat-betonove-hracie-stoly-stolicky-sachovnice","7":"product_cat-betonovy-mobiliar","8":"product_shipping_class-beton-do-150kg","10":"first","11":"instock","12":"taxable","13":"shipping-taxable","14":"purchasable","15":"product-type-simple"},"yoast_head":"<!-- This site is optimized with the Yoast SEO plugin v27.2 - https:\/\/yoast.com\/product\/yoast-seo-wordpress\/ -->\n<title>\u0160achov\u00e9 fig\u00farky typ 02 | Ecoprogress<\/title>\n<meta name=\"description\" content=\"\u0160achov\u00e9 fig\u00farky typ 02 s\u00fa ur\u010den\u00e9 pre stoln\u00fd \u0161ach a preto s\u00fa vhodn\u00e9 k pou\u017eitiu s hrac\u00edmi stolmi.\" \/>\n<meta name=\"robots\" content=\"index, follow, max-snippet:-1, max-image-preview:large, max-video-preview:-1\" \/>\n<link rel=\"canonical\" href=\"https:\/\/ecoprogress.eu\/de\/produkt\/sachove-figurky-typ-02\/\" \/>\n<meta property=\"og:locale\" content=\"de_DE\" \/>\n<meta property=\"og:type\" content=\"article\" \/>\n<meta property=\"og:title\" content=\"\u0160achov\u00e9 fig\u00farky typ 02 | Ecoprogress\" \/>\n<meta property=\"og:description\" content=\"\u0160achov\u00e9 fig\u00farky typ 02 s\u00fa ur\u010den\u00e9 pre stoln\u00fd \u0161ach a preto s\u00fa vhodn\u00e9 k pou\u017eitiu s hrac\u00edmi stolmi.\" \/>\n<meta property=\"og:url\" content=\"https:\/\/ecoprogress.eu\/de\/produkt\/sachove-figurky-typ-02\/\" \/>\n<meta property=\"og:site_name\" content=\"Ecoprogress\" \/>\n<meta property=\"article:modified_time\" content=\"2022-12-14T08:56:24+00:00\" \/>\n<meta property=\"og:image\" content=\"https:\/\/ecoprogress.eu\/wp-content\/uploads\/sachmaly.jpeg\" \/>\n\t<meta property=\"og:image:width\" content=\"800\" \/>\n\t<meta property=\"og:image:height\" content=\"550\" \/>\n\t<meta property=\"og:image:type\" content=\"image\/jpeg\" \/>\n<meta name=\"twitter:card\" content=\"summary_large_image\" \/>\n<script type=\"application\/ld+json\" class=\"yoast-schema-graph\">{\"@context\":\"https:\/\/schema.org\",\"@graph\":[{\"@type\":\"WebPage\",\"@id\":\"https:\/\/ecoprogress.eu\/de\/produkt\/sachove-figurky-typ-02\/\",\"url\":\"https:\/\/ecoprogress.eu\/de\/produkt\/sachove-figurky-typ-02\/\",\"name\":\"\u0160achov\u00e9 fig\u00farky typ 02 | Ecoprogress\",\"isPartOf\":{\"@id\":\"https:\/\/ecoprogress.eu\/de\/#website\"},\"primaryImageOfPage\":{\"@id\":\"https:\/\/ecoprogress.eu\/de\/produkt\/sachove-figurky-typ-02\/#primaryimage\"},\"image\":{\"@id\":\"https:\/\/ecoprogress.eu\/de\/produkt\/sachove-figurky-typ-02\/#primaryimage\"},\"thumbnailUrl\":\"https:\/\/ecoprogress.eu\/wp-content\/uploads\/sachmaly.jpeg\",\"datePublished\":\"2022-11-06T14:21:38+00:00\",\"dateModified\":\"2022-12-14T08:56:24+00:00\",\"description\":\"\u0160achov\u00e9 fig\u00farky typ 02 s\u00fa ur\u010den\u00e9 pre stoln\u00fd \u0161ach a preto s\u00fa vhodn\u00e9 k pou\u017eitiu s hrac\u00edmi stolmi.\",\"breadcrumb\":{\"@id\":\"https:\/\/ecoprogress.eu\/de\/produkt\/sachove-figurky-typ-02\/#breadcrumb\"},\"inLanguage\":\"de\",\"potentialAction\":[{\"@type\":\"ReadAction\",\"target\":[\"https:\/\/ecoprogress.eu\/de\/produkt\/sachove-figurky-typ-02\/\"]}]},{\"@type\":\"ImageObject\",\"inLanguage\":\"de\",\"@id\":\"https:\/\/ecoprogress.eu\/de\/produkt\/sachove-figurky-typ-02\/#primaryimage\",\"url\":\"https:\/\/ecoprogress.eu\/wp-content\/uploads\/sachmaly.jpeg\",\"contentUrl\":\"https:\/\/ecoprogress.eu\/wp-content\/uploads\/sachmaly.jpeg\",\"width\":800,\"height\":550},{\"@type\":\"BreadcrumbList\",\"@id\":\"https:\/\/ecoprogress.eu\/de\/produkt\/sachove-figurky-typ-02\/#breadcrumb\",\"itemListElement\":[{\"@type\":\"ListItem\",\"position\":1,\"name\":\"Produkte\",\"item\":\"https:\/\/ecoprogress.eu\/de\/produkte\/\"},{\"@type\":\"ListItem\",\"position\":2,\"name\":\"\u0160achov\u00e9 fig\u00farky typ 02\"}]},{\"@type\":\"WebSite\",\"@id\":\"https:\/\/ecoprogress.eu\/de\/#website\",\"url\":\"https:\/\/ecoprogress.eu\/de\/\",\"name\":\"Ecoprogress\",\"description\":\"\",\"publisher\":{\"@id\":\"https:\/\/ecoprogress.eu\/de\/#organization\"},\"potentialAction\":[{\"@type\":\"SearchAction\",\"target\":{\"@type\":\"EntryPoint\",\"urlTemplate\":\"https:\/\/ecoprogress.eu\/de\/?s={search_term_string}\"},\"query-input\":{\"@type\":\"PropertyValueSpecification\",\"valueRequired\":true,\"valueName\":\"search_term_string\"}}],\"inLanguage\":\"de\"},{\"@type\":\"Organization\",\"@id\":\"https:\/\/ecoprogress.eu\/de\/#organization\",\"name\":\"Ecoprogress\",\"url\":\"https:\/\/ecoprogress.eu\/de\/\",\"logo\":{\"@type\":\"ImageObject\",\"inLanguage\":\"de\",\"@id\":\"https:\/\/ecoprogress.eu\/de\/#\/schema\/logo\/image\/\",\"url\":\"https:\/\/ecoprogress.eu\/wp-content\/uploads\/logo-2.svg\",\"contentUrl\":\"https:\/\/ecoprogress.eu\/wp-content\/uploads\/logo-2.svg\",\"width\":318,\"height\":349,\"caption\":\"Ecoprogress\"},\"image\":{\"@id\":\"https:\/\/ecoprogress.eu\/de\/#\/schema\/logo\/image\/\"}}]}<\/script>\n<!-- \/ Yoast SEO plugin. -->","yoast_head_json":{"title":"\u0160achov\u00e9 fig\u00farky typ 02 | Ecoprogress","description":"\u0160achov\u00e9 fig\u00farky typ 02 s\u00fa ur\u010den\u00e9 pre stoln\u00fd \u0161ach a preto s\u00fa vhodn\u00e9 k pou\u017eitiu s hrac\u00edmi stolmi.","robots":{"index":"index","follow":"follow","max-snippet":"max-snippet:-1","max-image-preview":"max-image-preview:large","max-video-preview":"max-video-preview:-1"},"canonical":"https:\/\/ecoprogress.eu\/de\/produkt\/sachove-figurky-typ-02\/","og_locale":"de_DE","og_type":"article","og_title":"\u0160achov\u00e9 fig\u00farky typ 02 | Ecoprogress","og_description":"\u0160achov\u00e9 fig\u00farky typ 02 s\u00fa ur\u010den\u00e9 pre stoln\u00fd \u0161ach a preto s\u00fa vhodn\u00e9 k pou\u017eitiu s hrac\u00edmi stolmi.","og_url":"https:\/\/ecoprogress.eu\/de\/produkt\/sachove-figurky-typ-02\/","og_site_name":"Ecoprogress","article_modified_time":"2022-12-14T08:56:24+00:00","og_image":[{"width":800,"height":550,"url":"https:\/\/ecoprogress.eu\/wp-content\/uploads\/sachmaly.jpeg","type":"image\/jpeg"}],"twitter_card":"summary_large_image","schema":{"@context":"https:\/\/schema.org","@graph":[{"@type":"WebPage","@id":"https:\/\/ecoprogress.eu\/de\/produkt\/sachove-figurky-typ-02\/","url":"https:\/\/ecoprogress.eu\/de\/produkt\/sachove-figurky-typ-02\/","name":"\u0160achov\u00e9 fig\u00farky typ 02 | Ecoprogress","isPartOf":{"@id":"https:\/\/ecoprogress.eu\/de\/#website"},"primaryImageOfPage":{"@id":"https:\/\/ecoprogress.eu\/de\/produkt\/sachove-figurky-typ-02\/#primaryimage"},"image":{"@id":"https:\/\/ecoprogress.eu\/de\/produkt\/sachove-figurky-typ-02\/#primaryimage"},"thumbnailUrl":"https:\/\/ecoprogress.eu\/wp-content\/uploads\/sachmaly.jpeg","datePublished":"2022-11-06T14:21:38+00:00","dateModified":"2022-12-14T08:56:24+00:00","description":"\u0160achov\u00e9 fig\u00farky typ 02 s\u00fa ur\u010den\u00e9 pre stoln\u00fd \u0161ach a preto s\u00fa vhodn\u00e9 k pou\u017eitiu s hrac\u00edmi stolmi.","breadcrumb":{"@id":"https:\/\/ecoprogress.eu\/de\/produkt\/sachove-figurky-typ-02\/#breadcrumb"},"inLanguage":"de","potentialAction":[{"@type":"ReadAction","target":["https:\/\/ecoprogress.eu\/de\/produkt\/sachove-figurky-typ-02\/"]}]},{"@type":"ImageObject","inLanguage":"de","@id":"https:\/\/ecoprogress.eu\/de\/produkt\/sachove-figurky-typ-02\/#primaryimage","url":"https:\/\/ecoprogress.eu\/wp-content\/uploads\/sachmaly.jpeg","contentUrl":"https:\/\/ecoprogress.eu\/wp-content\/uploads\/sachmaly.jpeg","width":800,"height":550},{"@type":"BreadcrumbList","@id":"https:\/\/ecoprogress.eu\/de\/produkt\/sachove-figurky-typ-02\/#breadcrumb","itemListElement":[{"@type":"ListItem","position":1,"name":"Produkte","item":"https:\/\/ecoprogress.eu\/de\/produkte\/"},{"@type":"ListItem","position":2,"name":"\u0160achov\u00e9 fig\u00farky typ 02"}]},{"@type":"WebSite","@id":"https:\/\/ecoprogress.eu\/de\/#website","url":"https:\/\/ecoprogress.eu\/de\/","name":"Ecoprogress","description":"","publisher":{"@id":"https:\/\/ecoprogress.eu\/de\/#organization"},"potentialAction":[{"@type":"SearchAction","target":{"@type":"EntryPoint","urlTemplate":"https:\/\/ecoprogress.eu\/de\/?s={search_term_string}"},"query-input":{"@type":"PropertyValueSpecification","valueRequired":true,"valueName":"search_term_string"}}],"inLanguage":"de"},{"@type":"Organization","@id":"https:\/\/ecoprogress.eu\/de\/#organization","name":"Ecoprogress","url":"https:\/\/ecoprogress.eu\/de\/","logo":{"@type":"ImageObject","inLanguage":"de","@id":"https:\/\/ecoprogress.eu\/de\/#\/schema\/logo\/image\/","url":"https:\/\/ecoprogress.eu\/wp-content\/uploads\/logo-2.svg","contentUrl":"https:\/\/ecoprogress.eu\/wp-content\/uploads\/logo-2.svg","width":318,"height":349,"caption":"Ecoprogress"},"image":{"@id":"https:\/\/ecoprogress.eu\/de\/#\/schema\/logo\/image\/"}}]}},"_links":{"self":[{"href":"https:\/\/ecoprogress.eu\/de\/wp-json\/wp\/v2\/product\/32728","targetHints":{"allow":["GET"]}}],"collection":[{"href":"https:\/\/ecoprogress.eu\/de\/wp-json\/wp\/v2\/product"}],"about":[{"href":"https:\/\/ecoprogress.eu\/de\/wp-json\/wp\/v2\/types\/product"}],"version-history":[{"count":0,"href":"https:\/\/ecoprogress.eu\/de\/wp-json\/wp\/v2\/product\/32728\/revisions"}],"wp:featuredmedia":[{"embeddable":true,"href":"https:\/\/ecoprogress.eu\/de\/wp-json\/wp\/v2\/media\/33533"}],"wp:attachment":[{"href":"https:\/\/ecoprogress.eu\/de\/wp-json\/wp\/v2\/media?parent=32728"}],"wp:term":[{"taxonomy":"product_brand","embeddable":true,"href":"https:\/\/ecoprogress.eu\/de\/wp-json\/wp\/v2\/product_brand?post=32728"},{"taxonomy":"product_cat","embeddable":true,"href":"https:\/\/ecoprogress.eu\/de\/wp-json\/wp\/v2\/product_cat?post=32728"},{"taxonomy":"product_tag","embeddable":true,"href":"https:\/\/ecoprogress.eu\/de\/wp-json\/wp\/v2\/product_tag?post=32728"}],"curies":[{"name":"wp","href":"https:\/\/api.w.org\/{rel}","templated":true}]}}