{"id":33111,"date":"2022-11-14T12:56:37","date_gmt":"2022-11-14T11:56:37","guid":{"rendered":"https:\/\/ecoprogress.eu\/?post_type=product&#038;p=33111"},"modified":"2022-11-16T16:27:35","modified_gmt":"2022-11-16T15:27:35","slug":"bezpecnostna-zabrana-typ-11","status":"publish","type":"product","link":"https:\/\/ecoprogress.eu\/de\/produkt\/bezpecnostna-zabrana-typ-11\/","title":{"rendered":"Bezpe\u010dnostn\u00e1 z\u00e1brana typ 11"},"content":{"rendered":"<p>Dodanie 4-6 t\u00fd\u017ed\u0148ov (pod\u013ea stavu skladov\u00fdch z\u00e1sob)<\/p>\n\n<table id=\"tablepress-1156\" class=\"tablepress tablepress-id-1156\">\n<tbody class=\"row-striping row-hover\">\n<tr class=\"row-1\">\n\t<td class=\"column-1\">\u00d8<\/td><td class=\"column-2\">10 cm<\/td>\n<\/tr>\n<tr class=\"row-2\">\n\t<td class=\"column-1\">v\u00fd\u0161ka<\/td><td class=\"column-2\">80 cm<\/td>\n<\/tr>\n<tr class=\"row-3\">\n\t<td class=\"column-1\">v\u00e1ha<\/td><td class=\"column-2\">10 kg<\/td>\n<\/tr>\n<tr class=\"row-4\">\n\t<td class=\"column-1\">materi\u00e1l<\/td><td class=\"column-2\">oce\u013e<\/td>\n<\/tr>\n<\/tbody>\n<\/table>\n<!-- #tablepress-1156 from cache -->\n","protected":false},"excerpt":{"rendered":"<pre>Bezpe\u010dnostn\u00e1 z\u00e1brana typ 11 z ma\u013eovanej ocele (farby RAL).<\/pre>\n","protected":false},"featured_media":33370,"template":"","meta":[],"product_brand":[],"product_cat":[164],"product_tag":[],"class_list":{"0":"post-33111","1":"product","2":"type-product","3":"status-publish","4":"has-post-thumbnail","6":"product_cat-priemyselna-a-cestna-architektura","7":"product_shipping_class-beton-do-150kg","9":"first","10":"instock","11":"taxable","12":"shipping-taxable","13":"purchasable","14":"product-type-variable"},"yoast_head":"<!-- This site is optimized with the Yoast SEO plugin v27.2 - https:\/\/yoast.com\/product\/yoast-seo-wordpress\/ -->\n<title>Bezpe\u010dnostn\u00e1 z\u00e1brana typ 11 | Ecoprogress<\/title>\n<meta name=\"description\" content=\"Bezpe\u010dnostn\u00e1 z\u00e1brana typ 11 z ma\u013eovanej ocele (farby RAL).\" \/>\n<meta name=\"robots\" content=\"index, follow, max-snippet:-1, max-image-preview:large, max-video-preview:-1\" \/>\n<link rel=\"canonical\" href=\"https:\/\/ecoprogress.eu\/de\/produkt\/bezpecnostna-zabrana-typ-11\/\" \/>\n<meta property=\"og:locale\" content=\"de_DE\" \/>\n<meta property=\"og:type\" content=\"article\" \/>\n<meta property=\"og:title\" content=\"Bezpe\u010dnostn\u00e1 z\u00e1brana typ 11 | Ecoprogress\" \/>\n<meta property=\"og:description\" content=\"Bezpe\u010dnostn\u00e1 z\u00e1brana typ 11 z ma\u013eovanej ocele (farby RAL).\" \/>\n<meta property=\"og:url\" content=\"https:\/\/ecoprogress.eu\/de\/produkt\/bezpecnostna-zabrana-typ-11\/\" \/>\n<meta property=\"og:site_name\" content=\"Ecoprogress\" \/>\n<meta property=\"article:modified_time\" content=\"2022-11-16T15:27:35+00:00\" \/>\n<meta property=\"og:image\" content=\"https:\/\/ecoprogress.eu\/wp-content\/uploads\/bezpectnostnazabrana11.jpeg\" \/>\n\t<meta property=\"og:image:width\" content=\"1600\" \/>\n\t<meta property=\"og:image:height\" content=\"1067\" \/>\n\t<meta property=\"og:image:type\" content=\"image\/jpeg\" \/>\n<meta name=\"twitter:card\" content=\"summary_large_image\" \/>\n<meta name=\"twitter:label1\" content=\"Gesch\u00e4tzte Lesezeit\" \/>\n\t<meta name=\"twitter:data1\" content=\"1\u00a0Minute\" \/>\n<script type=\"application\/ld+json\" class=\"yoast-schema-graph\">{\"@context\":\"https:\/\/schema.org\",\"@graph\":[{\"@type\":\"WebPage\",\"@id\":\"https:\/\/ecoprogress.eu\/de\/produkt\/bezpecnostna-zabrana-typ-11\/\",\"url\":\"https:\/\/ecoprogress.eu\/de\/produkt\/bezpecnostna-zabrana-typ-11\/\",\"name\":\"Bezpe\u010dnostn\u00e1 z\u00e1brana typ 11 | Ecoprogress\",\"isPartOf\":{\"@id\":\"https:\/\/ecoprogress.eu\/de\/#website\"},\"primaryImageOfPage\":{\"@id\":\"https:\/\/ecoprogress.eu\/de\/produkt\/bezpecnostna-zabrana-typ-11\/#primaryimage\"},\"image\":{\"@id\":\"https:\/\/ecoprogress.eu\/de\/produkt\/bezpecnostna-zabrana-typ-11\/#primaryimage\"},\"thumbnailUrl\":\"https:\/\/ecoprogress.eu\/wp-content\/uploads\/bezpectnostnazabrana11.jpeg\",\"datePublished\":\"2022-11-14T11:56:37+00:00\",\"dateModified\":\"2022-11-16T15:27:35+00:00\",\"description\":\"Bezpe\u010dnostn\u00e1 z\u00e1brana typ 11 z ma\u013eovanej ocele (farby RAL).\",\"breadcrumb\":{\"@id\":\"https:\/\/ecoprogress.eu\/de\/produkt\/bezpecnostna-zabrana-typ-11\/#breadcrumb\"},\"inLanguage\":\"de\",\"potentialAction\":[{\"@type\":\"ReadAction\",\"target\":[\"https:\/\/ecoprogress.eu\/de\/produkt\/bezpecnostna-zabrana-typ-11\/\"]}]},{\"@type\":\"ImageObject\",\"inLanguage\":\"de\",\"@id\":\"https:\/\/ecoprogress.eu\/de\/produkt\/bezpecnostna-zabrana-typ-11\/#primaryimage\",\"url\":\"https:\/\/ecoprogress.eu\/wp-content\/uploads\/bezpectnostnazabrana11.jpeg\",\"contentUrl\":\"https:\/\/ecoprogress.eu\/wp-content\/uploads\/bezpectnostnazabrana11.jpeg\",\"width\":1600,\"height\":1067},{\"@type\":\"BreadcrumbList\",\"@id\":\"https:\/\/ecoprogress.eu\/de\/produkt\/bezpecnostna-zabrana-typ-11\/#breadcrumb\",\"itemListElement\":[{\"@type\":\"ListItem\",\"position\":1,\"name\":\"Produkte\",\"item\":\"https:\/\/ecoprogress.eu\/de\/produkte\/\"},{\"@type\":\"ListItem\",\"position\":2,\"name\":\"Bezpe\u010dnostn\u00e1 z\u00e1brana typ 11\"}]},{\"@type\":\"WebSite\",\"@id\":\"https:\/\/ecoprogress.eu\/de\/#website\",\"url\":\"https:\/\/ecoprogress.eu\/de\/\",\"name\":\"Ecoprogress\",\"description\":\"\",\"publisher\":{\"@id\":\"https:\/\/ecoprogress.eu\/de\/#organization\"},\"potentialAction\":[{\"@type\":\"SearchAction\",\"target\":{\"@type\":\"EntryPoint\",\"urlTemplate\":\"https:\/\/ecoprogress.eu\/de\/?s={search_term_string}\"},\"query-input\":{\"@type\":\"PropertyValueSpecification\",\"valueRequired\":true,\"valueName\":\"search_term_string\"}}],\"inLanguage\":\"de\"},{\"@type\":\"Organization\",\"@id\":\"https:\/\/ecoprogress.eu\/de\/#organization\",\"name\":\"Ecoprogress\",\"url\":\"https:\/\/ecoprogress.eu\/de\/\",\"logo\":{\"@type\":\"ImageObject\",\"inLanguage\":\"de\",\"@id\":\"https:\/\/ecoprogress.eu\/de\/#\/schema\/logo\/image\/\",\"url\":\"https:\/\/ecoprogress.eu\/wp-content\/uploads\/logo-2.svg\",\"contentUrl\":\"https:\/\/ecoprogress.eu\/wp-content\/uploads\/logo-2.svg\",\"width\":318,\"height\":349,\"caption\":\"Ecoprogress\"},\"image\":{\"@id\":\"https:\/\/ecoprogress.eu\/de\/#\/schema\/logo\/image\/\"}}]}<\/script>\n<!-- \/ Yoast SEO plugin. -->","yoast_head_json":{"title":"Bezpe\u010dnostn\u00e1 z\u00e1brana typ 11 | Ecoprogress","description":"Bezpe\u010dnostn\u00e1 z\u00e1brana typ 11 z ma\u013eovanej ocele (farby RAL).","robots":{"index":"index","follow":"follow","max-snippet":"max-snippet:-1","max-image-preview":"max-image-preview:large","max-video-preview":"max-video-preview:-1"},"canonical":"https:\/\/ecoprogress.eu\/de\/produkt\/bezpecnostna-zabrana-typ-11\/","og_locale":"de_DE","og_type":"article","og_title":"Bezpe\u010dnostn\u00e1 z\u00e1brana typ 11 | Ecoprogress","og_description":"Bezpe\u010dnostn\u00e1 z\u00e1brana typ 11 z ma\u013eovanej ocele (farby RAL).","og_url":"https:\/\/ecoprogress.eu\/de\/produkt\/bezpecnostna-zabrana-typ-11\/","og_site_name":"Ecoprogress","article_modified_time":"2022-11-16T15:27:35+00:00","og_image":[{"width":1600,"height":1067,"url":"https:\/\/ecoprogress.eu\/wp-content\/uploads\/bezpectnostnazabrana11.jpeg","type":"image\/jpeg"}],"twitter_card":"summary_large_image","twitter_misc":{"Gesch\u00e4tzte Lesezeit":"1\u00a0Minute"},"schema":{"@context":"https:\/\/schema.org","@graph":[{"@type":"WebPage","@id":"https:\/\/ecoprogress.eu\/de\/produkt\/bezpecnostna-zabrana-typ-11\/","url":"https:\/\/ecoprogress.eu\/de\/produkt\/bezpecnostna-zabrana-typ-11\/","name":"Bezpe\u010dnostn\u00e1 z\u00e1brana typ 11 | Ecoprogress","isPartOf":{"@id":"https:\/\/ecoprogress.eu\/de\/#website"},"primaryImageOfPage":{"@id":"https:\/\/ecoprogress.eu\/de\/produkt\/bezpecnostna-zabrana-typ-11\/#primaryimage"},"image":{"@id":"https:\/\/ecoprogress.eu\/de\/produkt\/bezpecnostna-zabrana-typ-11\/#primaryimage"},"thumbnailUrl":"https:\/\/ecoprogress.eu\/wp-content\/uploads\/bezpectnostnazabrana11.jpeg","datePublished":"2022-11-14T11:56:37+00:00","dateModified":"2022-11-16T15:27:35+00:00","description":"Bezpe\u010dnostn\u00e1 z\u00e1brana typ 11 z ma\u013eovanej ocele (farby RAL).","breadcrumb":{"@id":"https:\/\/ecoprogress.eu\/de\/produkt\/bezpecnostna-zabrana-typ-11\/#breadcrumb"},"inLanguage":"de","potentialAction":[{"@type":"ReadAction","target":["https:\/\/ecoprogress.eu\/de\/produkt\/bezpecnostna-zabrana-typ-11\/"]}]},{"@type":"ImageObject","inLanguage":"de","@id":"https:\/\/ecoprogress.eu\/de\/produkt\/bezpecnostna-zabrana-typ-11\/#primaryimage","url":"https:\/\/ecoprogress.eu\/wp-content\/uploads\/bezpectnostnazabrana11.jpeg","contentUrl":"https:\/\/ecoprogress.eu\/wp-content\/uploads\/bezpectnostnazabrana11.jpeg","width":1600,"height":1067},{"@type":"BreadcrumbList","@id":"https:\/\/ecoprogress.eu\/de\/produkt\/bezpecnostna-zabrana-typ-11\/#breadcrumb","itemListElement":[{"@type":"ListItem","position":1,"name":"Produkte","item":"https:\/\/ecoprogress.eu\/de\/produkte\/"},{"@type":"ListItem","position":2,"name":"Bezpe\u010dnostn\u00e1 z\u00e1brana typ 11"}]},{"@type":"WebSite","@id":"https:\/\/ecoprogress.eu\/de\/#website","url":"https:\/\/ecoprogress.eu\/de\/","name":"Ecoprogress","description":"","publisher":{"@id":"https:\/\/ecoprogress.eu\/de\/#organization"},"potentialAction":[{"@type":"SearchAction","target":{"@type":"EntryPoint","urlTemplate":"https:\/\/ecoprogress.eu\/de\/?s={search_term_string}"},"query-input":{"@type":"PropertyValueSpecification","valueRequired":true,"valueName":"search_term_string"}}],"inLanguage":"de"},{"@type":"Organization","@id":"https:\/\/ecoprogress.eu\/de\/#organization","name":"Ecoprogress","url":"https:\/\/ecoprogress.eu\/de\/","logo":{"@type":"ImageObject","inLanguage":"de","@id":"https:\/\/ecoprogress.eu\/de\/#\/schema\/logo\/image\/","url":"https:\/\/ecoprogress.eu\/wp-content\/uploads\/logo-2.svg","contentUrl":"https:\/\/ecoprogress.eu\/wp-content\/uploads\/logo-2.svg","width":318,"height":349,"caption":"Ecoprogress"},"image":{"@id":"https:\/\/ecoprogress.eu\/de\/#\/schema\/logo\/image\/"}}]}},"_links":{"self":[{"href":"https:\/\/ecoprogress.eu\/de\/wp-json\/wp\/v2\/product\/33111","targetHints":{"allow":["GET"]}}],"collection":[{"href":"https:\/\/ecoprogress.eu\/de\/wp-json\/wp\/v2\/product"}],"about":[{"href":"https:\/\/ecoprogress.eu\/de\/wp-json\/wp\/v2\/types\/product"}],"version-history":[{"count":0,"href":"https:\/\/ecoprogress.eu\/de\/wp-json\/wp\/v2\/product\/33111\/revisions"}],"wp:featuredmedia":[{"embeddable":true,"href":"https:\/\/ecoprogress.eu\/de\/wp-json\/wp\/v2\/media\/33370"}],"wp:attachment":[{"href":"https:\/\/ecoprogress.eu\/de\/wp-json\/wp\/v2\/media?parent=33111"}],"wp:term":[{"taxonomy":"product_brand","embeddable":true,"href":"https:\/\/ecoprogress.eu\/de\/wp-json\/wp\/v2\/product_brand?post=33111"},{"taxonomy":"product_cat","embeddable":true,"href":"https:\/\/ecoprogress.eu\/de\/wp-json\/wp\/v2\/product_cat?post=33111"},{"taxonomy":"product_tag","embeddable":true,"href":"https:\/\/ecoprogress.eu\/de\/wp-json\/wp\/v2\/product_tag?post=33111"}],"curies":[{"name":"wp","href":"https:\/\/api.w.org\/{rel}","templated":true}]}}