{"id":34606,"date":"2023-01-25T15:16:54","date_gmt":"2023-01-25T14:16:54","guid":{"rendered":"https:\/\/ecoprogress.eu\/?post_type=product&#038;p=34606"},"modified":"2023-02-21T14:47:10","modified_gmt":"2023-02-21T13:47:10","slug":"stojan-na-odpocivadla-typ-01","status":"publish","type":"product","link":"https:\/\/ecoprogress.eu\/de\/produkt\/stojan-na-odpocivadla-typ-01\/","title":{"rendered":"Stojan na odpo\u010d\u00edvadl\u00e1 typ 01"},"content":{"rendered":"<p>Dodanie 4-6 t\u00fd\u017ed\u0148ov (pod\u013ea stavu skladov\u00fdch z\u00e1sob)<\/p>\n\n<table id=\"tablepress-1199\" class=\"tablepress tablepress-id-1199\">\n<tbody class=\"row-hover\">\n<tr class=\"row-1\">\n\t<td class=\"column-1\"><\/td><td class=\"column-2\">normal<\/td><td class=\"column-3\">detsk\u00fd<\/td>\n<\/tr>\n<tr class=\"row-2\">\n\t<td class=\"column-1\">v\u00fd\u0161ka <\/td><td class=\"column-2\">1180 mm<\/td><td class=\"column-3\">1040 mm<\/td>\n<\/tr>\n<tr class=\"row-3\">\n\t<td class=\"column-1\">\u0161\u00edrka <\/td><td class=\"column-2\">2500 mm<\/td><td class=\"column-3\">2500 mm<\/td>\n<\/tr>\n<tr class=\"row-4\">\n\t<td class=\"column-1\">h\u013abka <\/td><td class=\"column-2\">60 mm<\/td><td class=\"column-3\">60 mm<\/td>\n<\/tr>\n<tr class=\"row-5\">\n\t<td class=\"column-1\">materi\u00e1l<\/td><td class=\"column-2\">oce\u013e pozinkovan\u00e1 malovan\u00e1<\/td><td class=\"column-3\">oce\u013e pozinkovan\u00e1 malovan\u00e1<\/td>\n<\/tr>\n<\/tbody>\n<\/table>\n\n","protected":false},"excerpt":{"rendered":"<p>Stojan na odpo\u010d\u00edvad\u00e1 typ 01 \u010dist\u00fdm dizajnom ponu\u0301ka jednoduchy\u0301 syste\u0301m fixovania bicyklov, zaveseni\u0301m s moz\u030cnost\u030cou uzamknutia o nosny\u0301 tyc\u030covy\u0301 prvok. V pri\u0301pade kolobez\u030ciek zaveseni\u0301m o fixac\u030cne\u0301 drz\u030ciaky privarene\u0301 na kovovu\u0301 obruc\u030c s polyamidovy\u0301m pu\u0301zdrom.<\/p>\n","protected":false},"featured_media":34616,"template":"","meta":[],"product_brand":[],"product_cat":[156,583],"product_tag":[],"class_list":{"0":"post-34606","1":"product","2":"type-product","3":"status-publish","4":"has-post-thumbnail","6":"product_cat-stojany-na-bicykle","7":"product_cat-stojany-na-odpocivadla","8":"product_shipping_class-stojany","10":"first","11":"instock","12":"featured","13":"taxable","14":"shipping-taxable","15":"product-type-simple"},"yoast_head":"<!-- This site is optimized with the Yoast SEO plugin v27.2 - https:\/\/yoast.com\/product\/yoast-seo-wordpress\/ -->\n<title>Stojan na odpo\u010d\u00edvadl\u00e1 typ 01 | Ecoprogress<\/title>\n<meta name=\"description\" content=\"Stojan na odpo\u010d\u00edvad\u00e1 typ 01 \u010dist\u00fdm dizajnom pon\u00faka jednoduch\u00fd syst\u00e9m fixovania bicyklov, zavesen\u00edm s mo\u017enos\u0165ou uzamknutia o nosn\u00fd ty\u010dov\u00fd prvok.\" \/>\n<meta name=\"robots\" content=\"index, follow, max-snippet:-1, max-image-preview:large, max-video-preview:-1\" \/>\n<link rel=\"canonical\" href=\"https:\/\/ecoprogress.eu\/de\/produkt\/stojan-na-odpocivadla-typ-01\/\" \/>\n<meta property=\"og:locale\" content=\"de_DE\" \/>\n<meta property=\"og:type\" content=\"article\" \/>\n<meta property=\"og:title\" content=\"Stojan na odpo\u010d\u00edvadl\u00e1 typ 01 | Ecoprogress\" \/>\n<meta property=\"og:description\" content=\"Stojan na odpo\u010d\u00edvad\u00e1 typ 01 \u010dist\u00fdm dizajnom pon\u00faka jednoduch\u00fd syst\u00e9m fixovania bicyklov, zavesen\u00edm s mo\u017enos\u0165ou uzamknutia o nosn\u00fd ty\u010dov\u00fd prvok.\" \/>\n<meta property=\"og:url\" content=\"https:\/\/ecoprogress.eu\/de\/produkt\/stojan-na-odpocivadla-typ-01\/\" \/>\n<meta property=\"og:site_name\" content=\"Ecoprogress\" \/>\n<meta property=\"article:modified_time\" content=\"2023-02-21T13:47:10+00:00\" \/>\n<meta property=\"og:image\" content=\"https:\/\/ecoprogress.eu\/wp-content\/uploads\/My-project-1100x1100.jpg\" \/>\n\t<meta property=\"og:image:width\" content=\"1100\" \/>\n\t<meta property=\"og:image:height\" content=\"1100\" \/>\n\t<meta property=\"og:image:type\" content=\"image\/jpeg\" \/>\n<meta name=\"twitter:card\" content=\"summary_large_image\" \/>\n<meta name=\"twitter:label1\" content=\"Gesch\u00e4tzte Lesezeit\" \/>\n\t<meta name=\"twitter:data1\" content=\"1\u00a0Minute\" \/>\n<script type=\"application\/ld+json\" class=\"yoast-schema-graph\">{\"@context\":\"https:\/\/schema.org\",\"@graph\":[{\"@type\":\"WebPage\",\"@id\":\"https:\/\/ecoprogress.eu\/de\/produkt\/stojan-na-odpocivadla-typ-01\/\",\"url\":\"https:\/\/ecoprogress.eu\/de\/produkt\/stojan-na-odpocivadla-typ-01\/\",\"name\":\"Stojan na odpo\u010d\u00edvadl\u00e1 typ 01 | Ecoprogress\",\"isPartOf\":{\"@id\":\"https:\/\/ecoprogress.eu\/de\/#website\"},\"primaryImageOfPage\":{\"@id\":\"https:\/\/ecoprogress.eu\/de\/produkt\/stojan-na-odpocivadla-typ-01\/#primaryimage\"},\"image\":{\"@id\":\"https:\/\/ecoprogress.eu\/de\/produkt\/stojan-na-odpocivadla-typ-01\/#primaryimage\"},\"thumbnailUrl\":\"https:\/\/ecoprogress.eu\/wp-content\/uploads\/My-project.jpg\",\"datePublished\":\"2023-01-25T14:16:54+00:00\",\"dateModified\":\"2023-02-21T13:47:10+00:00\",\"description\":\"Stojan na odpo\u010d\u00edvad\u00e1 typ 01 \u010dist\u00fdm dizajnom pon\u00faka jednoduch\u00fd syst\u00e9m fixovania bicyklov, zavesen\u00edm s mo\u017enos\u0165ou uzamknutia o nosn\u00fd ty\u010dov\u00fd prvok.\",\"breadcrumb\":{\"@id\":\"https:\/\/ecoprogress.eu\/de\/produkt\/stojan-na-odpocivadla-typ-01\/#breadcrumb\"},\"inLanguage\":\"de\",\"potentialAction\":[{\"@type\":\"ReadAction\",\"target\":[\"https:\/\/ecoprogress.eu\/de\/produkt\/stojan-na-odpocivadla-typ-01\/\"]}]},{\"@type\":\"ImageObject\",\"inLanguage\":\"de\",\"@id\":\"https:\/\/ecoprogress.eu\/de\/produkt\/stojan-na-odpocivadla-typ-01\/#primaryimage\",\"url\":\"https:\/\/ecoprogress.eu\/wp-content\/uploads\/My-project.jpg\",\"contentUrl\":\"https:\/\/ecoprogress.eu\/wp-content\/uploads\/My-project.jpg\",\"width\":2560,\"height\":2560},{\"@type\":\"BreadcrumbList\",\"@id\":\"https:\/\/ecoprogress.eu\/de\/produkt\/stojan-na-odpocivadla-typ-01\/#breadcrumb\",\"itemListElement\":[{\"@type\":\"ListItem\",\"position\":1,\"name\":\"Produkte\",\"item\":\"https:\/\/ecoprogress.eu\/de\/produkte\/\"},{\"@type\":\"ListItem\",\"position\":2,\"name\":\"Stojan na odpo\u010d\u00edvadl\u00e1 typ 01\"}]},{\"@type\":\"WebSite\",\"@id\":\"https:\/\/ecoprogress.eu\/de\/#website\",\"url\":\"https:\/\/ecoprogress.eu\/de\/\",\"name\":\"Ecoprogress\",\"description\":\"\",\"publisher\":{\"@id\":\"https:\/\/ecoprogress.eu\/de\/#organization\"},\"potentialAction\":[{\"@type\":\"SearchAction\",\"target\":{\"@type\":\"EntryPoint\",\"urlTemplate\":\"https:\/\/ecoprogress.eu\/de\/?s={search_term_string}\"},\"query-input\":{\"@type\":\"PropertyValueSpecification\",\"valueRequired\":true,\"valueName\":\"search_term_string\"}}],\"inLanguage\":\"de\"},{\"@type\":\"Organization\",\"@id\":\"https:\/\/ecoprogress.eu\/de\/#organization\",\"name\":\"Ecoprogress\",\"url\":\"https:\/\/ecoprogress.eu\/de\/\",\"logo\":{\"@type\":\"ImageObject\",\"inLanguage\":\"de\",\"@id\":\"https:\/\/ecoprogress.eu\/de\/#\/schema\/logo\/image\/\",\"url\":\"https:\/\/ecoprogress.eu\/wp-content\/uploads\/logo-2.svg\",\"contentUrl\":\"https:\/\/ecoprogress.eu\/wp-content\/uploads\/logo-2.svg\",\"width\":318,\"height\":349,\"caption\":\"Ecoprogress\"},\"image\":{\"@id\":\"https:\/\/ecoprogress.eu\/de\/#\/schema\/logo\/image\/\"}}]}<\/script>\n<!-- \/ Yoast SEO plugin. -->","yoast_head_json":{"title":"Stojan na odpo\u010d\u00edvadl\u00e1 typ 01 | Ecoprogress","description":"Stojan na odpo\u010d\u00edvad\u00e1 typ 01 \u010dist\u00fdm dizajnom pon\u00faka jednoduch\u00fd syst\u00e9m fixovania bicyklov, zavesen\u00edm s mo\u017enos\u0165ou uzamknutia o nosn\u00fd ty\u010dov\u00fd prvok.","robots":{"index":"index","follow":"follow","max-snippet":"max-snippet:-1","max-image-preview":"max-image-preview:large","max-video-preview":"max-video-preview:-1"},"canonical":"https:\/\/ecoprogress.eu\/de\/produkt\/stojan-na-odpocivadla-typ-01\/","og_locale":"de_DE","og_type":"article","og_title":"Stojan na odpo\u010d\u00edvadl\u00e1 typ 01 | Ecoprogress","og_description":"Stojan na odpo\u010d\u00edvad\u00e1 typ 01 \u010dist\u00fdm dizajnom pon\u00faka jednoduch\u00fd syst\u00e9m fixovania bicyklov, zavesen\u00edm s mo\u017enos\u0165ou uzamknutia o nosn\u00fd ty\u010dov\u00fd prvok.","og_url":"https:\/\/ecoprogress.eu\/de\/produkt\/stojan-na-odpocivadla-typ-01\/","og_site_name":"Ecoprogress","article_modified_time":"2023-02-21T13:47:10+00:00","og_image":[{"width":1100,"height":1100,"url":"https:\/\/ecoprogress.eu\/wp-content\/uploads\/My-project-1100x1100.jpg","type":"image\/jpeg"}],"twitter_card":"summary_large_image","twitter_misc":{"Gesch\u00e4tzte Lesezeit":"1\u00a0Minute"},"schema":{"@context":"https:\/\/schema.org","@graph":[{"@type":"WebPage","@id":"https:\/\/ecoprogress.eu\/de\/produkt\/stojan-na-odpocivadla-typ-01\/","url":"https:\/\/ecoprogress.eu\/de\/produkt\/stojan-na-odpocivadla-typ-01\/","name":"Stojan na odpo\u010d\u00edvadl\u00e1 typ 01 | Ecoprogress","isPartOf":{"@id":"https:\/\/ecoprogress.eu\/de\/#website"},"primaryImageOfPage":{"@id":"https:\/\/ecoprogress.eu\/de\/produkt\/stojan-na-odpocivadla-typ-01\/#primaryimage"},"image":{"@id":"https:\/\/ecoprogress.eu\/de\/produkt\/stojan-na-odpocivadla-typ-01\/#primaryimage"},"thumbnailUrl":"https:\/\/ecoprogress.eu\/wp-content\/uploads\/My-project.jpg","datePublished":"2023-01-25T14:16:54+00:00","dateModified":"2023-02-21T13:47:10+00:00","description":"Stojan na odpo\u010d\u00edvad\u00e1 typ 01 \u010dist\u00fdm dizajnom pon\u00faka jednoduch\u00fd syst\u00e9m fixovania bicyklov, zavesen\u00edm s mo\u017enos\u0165ou uzamknutia o nosn\u00fd ty\u010dov\u00fd prvok.","breadcrumb":{"@id":"https:\/\/ecoprogress.eu\/de\/produkt\/stojan-na-odpocivadla-typ-01\/#breadcrumb"},"inLanguage":"de","potentialAction":[{"@type":"ReadAction","target":["https:\/\/ecoprogress.eu\/de\/produkt\/stojan-na-odpocivadla-typ-01\/"]}]},{"@type":"ImageObject","inLanguage":"de","@id":"https:\/\/ecoprogress.eu\/de\/produkt\/stojan-na-odpocivadla-typ-01\/#primaryimage","url":"https:\/\/ecoprogress.eu\/wp-content\/uploads\/My-project.jpg","contentUrl":"https:\/\/ecoprogress.eu\/wp-content\/uploads\/My-project.jpg","width":2560,"height":2560},{"@type":"BreadcrumbList","@id":"https:\/\/ecoprogress.eu\/de\/produkt\/stojan-na-odpocivadla-typ-01\/#breadcrumb","itemListElement":[{"@type":"ListItem","position":1,"name":"Produkte","item":"https:\/\/ecoprogress.eu\/de\/produkte\/"},{"@type":"ListItem","position":2,"name":"Stojan na odpo\u010d\u00edvadl\u00e1 typ 01"}]},{"@type":"WebSite","@id":"https:\/\/ecoprogress.eu\/de\/#website","url":"https:\/\/ecoprogress.eu\/de\/","name":"Ecoprogress","description":"","publisher":{"@id":"https:\/\/ecoprogress.eu\/de\/#organization"},"potentialAction":[{"@type":"SearchAction","target":{"@type":"EntryPoint","urlTemplate":"https:\/\/ecoprogress.eu\/de\/?s={search_term_string}"},"query-input":{"@type":"PropertyValueSpecification","valueRequired":true,"valueName":"search_term_string"}}],"inLanguage":"de"},{"@type":"Organization","@id":"https:\/\/ecoprogress.eu\/de\/#organization","name":"Ecoprogress","url":"https:\/\/ecoprogress.eu\/de\/","logo":{"@type":"ImageObject","inLanguage":"de","@id":"https:\/\/ecoprogress.eu\/de\/#\/schema\/logo\/image\/","url":"https:\/\/ecoprogress.eu\/wp-content\/uploads\/logo-2.svg","contentUrl":"https:\/\/ecoprogress.eu\/wp-content\/uploads\/logo-2.svg","width":318,"height":349,"caption":"Ecoprogress"},"image":{"@id":"https:\/\/ecoprogress.eu\/de\/#\/schema\/logo\/image\/"}}]}},"_links":{"self":[{"href":"https:\/\/ecoprogress.eu\/de\/wp-json\/wp\/v2\/product\/34606","targetHints":{"allow":["GET"]}}],"collection":[{"href":"https:\/\/ecoprogress.eu\/de\/wp-json\/wp\/v2\/product"}],"about":[{"href":"https:\/\/ecoprogress.eu\/de\/wp-json\/wp\/v2\/types\/product"}],"version-history":[{"count":0,"href":"https:\/\/ecoprogress.eu\/de\/wp-json\/wp\/v2\/product\/34606\/revisions"}],"wp:featuredmedia":[{"embeddable":true,"href":"https:\/\/ecoprogress.eu\/de\/wp-json\/wp\/v2\/media\/34616"}],"wp:attachment":[{"href":"https:\/\/ecoprogress.eu\/de\/wp-json\/wp\/v2\/media?parent=34606"}],"wp:term":[{"taxonomy":"product_brand","embeddable":true,"href":"https:\/\/ecoprogress.eu\/de\/wp-json\/wp\/v2\/product_brand?post=34606"},{"taxonomy":"product_cat","embeddable":true,"href":"https:\/\/ecoprogress.eu\/de\/wp-json\/wp\/v2\/product_cat?post=34606"},{"taxonomy":"product_tag","embeddable":true,"href":"https:\/\/ecoprogress.eu\/de\/wp-json\/wp\/v2\/product_tag?post=34606"}],"curies":[{"name":"wp","href":"https:\/\/api.w.org\/{rel}","templated":true}]}}