{"id":34625,"date":"2023-01-26T10:17:44","date_gmt":"2023-01-26T09:17:44","guid":{"rendered":"https:\/\/ecoprogress.eu\/?post_type=product&#038;p=34625"},"modified":"2024-03-07T11:38:58","modified_gmt":"2024-03-07T10:38:58","slug":"pristresok-pre-bicykle-typ-17","status":"publish","type":"product","link":"https:\/\/ecoprogress.eu\/de\/produkt\/pristresok-pre-bicykle-typ-17\/","title":{"rendered":"Pr\u00edstre\u0161ok pre bicykle typ 17"},"content":{"rendered":"<p>Dodanie 4-6 t\u00fd\u017ed\u0148ov (pod\u013ea stavu skladov\u00fdch z\u00e1sob)<\/p>\n\n<table id=\"tablepress-1203\" class=\"tablepress tablepress-id-1203\">\n<tbody class=\"row-hover\">\n<tr class=\"row-1\">\n\t<td class=\"column-1\">v\u00fd\u0161ka <\/td><td class=\"column-2\">2200 mm<\/td>\n<\/tr>\n<tr class=\"row-2\">\n\t<td class=\"column-1\">\u0161\u00edrka parkovacej plochy<\/td><td class=\"column-2\">5400\/3800 mm<\/td>\n<\/tr>\n<tr class=\"row-3\">\n\t<td class=\"column-1\">h\u013abka <\/td><td class=\"column-2\">2850 mm<\/td>\n<\/tr>\n<tr class=\"row-4\">\n\t<td class=\"column-1\">materi\u00e1l<\/td><td class=\"column-2\">drevo, kov, guma<\/td>\n<\/tr>\n<\/tbody>\n<\/table>\n\n","protected":false},"excerpt":{"rendered":"<p>Pr\u00edstre\u0161ok pre bicykle typ 17 je dreven\u00fd pr\u00edstre\u0161ok v dvoch variantoch pre 16 alebo 24 bicyklov. Dizajn pon\u00faka jednoduch\u00fd syst\u00e9m fixovania bicyklov, zavesen\u00edm s mo\u017enos\u0165ou uzamykania o nosn\u00fd ty\u010dov\u00fd prvok.<\/p>\n<p>Variant pros\u00edm zadajte do pozn\u00e1mky v procese objedn\u00e1vky.<\/p>\n","protected":false},"featured_media":34652,"template":"","meta":[],"product_brand":[],"product_cat":[585,158,755],"product_tag":[],"class_list":{"0":"post-34625","1":"product","2":"type-product","3":"status-publish","4":"has-post-thumbnail","6":"product_cat-drevene-pristresky","7":"product_cat-otvorene-pristresky","8":"product_cat-pristresky-pre-bicykle","9":"product_shipping_class-stojany","11":"first","12":"instock","13":"featured","14":"taxable","15":"shipping-taxable","16":"product-type-simple"},"yoast_head":"<!-- This site is optimized with the Yoast SEO plugin v27.2 - https:\/\/yoast.com\/product\/yoast-seo-wordpress\/ -->\n<title>Pr\u00edstre\u0161ok pre bicykle typ 17 | Ecoprogress<\/title>\n<meta name=\"description\" content=\"Pr\u00edstre\u0161ok pre bicykle typ 17 je dreven\u00fd pr\u00edstre\u0161ok v dvoch variantoch pre 16 alebo 24 bicyklov.\" \/>\n<meta name=\"robots\" content=\"index, follow, max-snippet:-1, max-image-preview:large, max-video-preview:-1\" \/>\n<link rel=\"canonical\" href=\"https:\/\/ecoprogress.eu\/de\/produkt\/pristresok-pre-bicykle-typ-17\/\" \/>\n<meta property=\"og:locale\" content=\"de_DE\" \/>\n<meta property=\"og:type\" content=\"article\" \/>\n<meta property=\"og:title\" content=\"Pr\u00edstre\u0161ok pre bicykle typ 17 | Ecoprogress\" \/>\n<meta property=\"og:description\" content=\"Pr\u00edstre\u0161ok pre bicykle typ 17 je dreven\u00fd pr\u00edstre\u0161ok v dvoch variantoch pre 16 alebo 24 bicyklov.\" \/>\n<meta property=\"og:url\" content=\"https:\/\/ecoprogress.eu\/de\/produkt\/pristresok-pre-bicykle-typ-17\/\" \/>\n<meta property=\"og:site_name\" content=\"Ecoprogress\" \/>\n<meta property=\"article:modified_time\" content=\"2024-03-07T10:38:58+00:00\" \/>\n<meta property=\"og:image\" content=\"https:\/\/ecoprogress.eu\/wp-content\/uploads\/cyklopristresok-1-scaled-e1674727901817.jpg\" \/>\n\t<meta property=\"og:image:width\" content=\"1657\" \/>\n\t<meta property=\"og:image:height\" content=\"1437\" \/>\n\t<meta property=\"og:image:type\" content=\"image\/jpeg\" \/>\n<meta name=\"twitter:card\" content=\"summary_large_image\" \/>\n<meta name=\"twitter:label1\" content=\"Gesch\u00e4tzte Lesezeit\" \/>\n\t<meta name=\"twitter:data1\" content=\"1\u00a0Minute\" \/>\n<script type=\"application\/ld+json\" class=\"yoast-schema-graph\">{\"@context\":\"https:\/\/schema.org\",\"@graph\":[{\"@type\":\"WebPage\",\"@id\":\"https:\/\/ecoprogress.eu\/de\/produkt\/pristresok-pre-bicykle-typ-17\/\",\"url\":\"https:\/\/ecoprogress.eu\/de\/produkt\/pristresok-pre-bicykle-typ-17\/\",\"name\":\"Pr\u00edstre\u0161ok pre bicykle typ 17 | Ecoprogress\",\"isPartOf\":{\"@id\":\"https:\/\/ecoprogress.eu\/de\/#website\"},\"primaryImageOfPage\":{\"@id\":\"https:\/\/ecoprogress.eu\/de\/produkt\/pristresok-pre-bicykle-typ-17\/#primaryimage\"},\"image\":{\"@id\":\"https:\/\/ecoprogress.eu\/de\/produkt\/pristresok-pre-bicykle-typ-17\/#primaryimage\"},\"thumbnailUrl\":\"https:\/\/ecoprogress.eu\/wp-content\/uploads\/cyklopristresok-1-scaled-e1674727901817.jpg\",\"datePublished\":\"2023-01-26T09:17:44+00:00\",\"dateModified\":\"2024-03-07T10:38:58+00:00\",\"description\":\"Pr\u00edstre\u0161ok pre bicykle typ 17 je dreven\u00fd pr\u00edstre\u0161ok v dvoch variantoch pre 16 alebo 24 bicyklov.\",\"breadcrumb\":{\"@id\":\"https:\/\/ecoprogress.eu\/de\/produkt\/pristresok-pre-bicykle-typ-17\/#breadcrumb\"},\"inLanguage\":\"de\",\"potentialAction\":[{\"@type\":\"ReadAction\",\"target\":[\"https:\/\/ecoprogress.eu\/de\/produkt\/pristresok-pre-bicykle-typ-17\/\"]}]},{\"@type\":\"ImageObject\",\"inLanguage\":\"de\",\"@id\":\"https:\/\/ecoprogress.eu\/de\/produkt\/pristresok-pre-bicykle-typ-17\/#primaryimage\",\"url\":\"https:\/\/ecoprogress.eu\/wp-content\/uploads\/cyklopristresok-1-scaled-e1674727901817.jpg\",\"contentUrl\":\"https:\/\/ecoprogress.eu\/wp-content\/uploads\/cyklopristresok-1-scaled-e1674727901817.jpg\",\"width\":1657,\"height\":1437},{\"@type\":\"BreadcrumbList\",\"@id\":\"https:\/\/ecoprogress.eu\/de\/produkt\/pristresok-pre-bicykle-typ-17\/#breadcrumb\",\"itemListElement\":[{\"@type\":\"ListItem\",\"position\":1,\"name\":\"Produkte\",\"item\":\"https:\/\/ecoprogress.eu\/de\/produkte\/\"},{\"@type\":\"ListItem\",\"position\":2,\"name\":\"Pr\u00edstre\u0161ok pre bicykle typ 17\"}]},{\"@type\":\"WebSite\",\"@id\":\"https:\/\/ecoprogress.eu\/de\/#website\",\"url\":\"https:\/\/ecoprogress.eu\/de\/\",\"name\":\"Ecoprogress\",\"description\":\"\",\"publisher\":{\"@id\":\"https:\/\/ecoprogress.eu\/de\/#organization\"},\"potentialAction\":[{\"@type\":\"SearchAction\",\"target\":{\"@type\":\"EntryPoint\",\"urlTemplate\":\"https:\/\/ecoprogress.eu\/de\/?s={search_term_string}\"},\"query-input\":{\"@type\":\"PropertyValueSpecification\",\"valueRequired\":true,\"valueName\":\"search_term_string\"}}],\"inLanguage\":\"de\"},{\"@type\":\"Organization\",\"@id\":\"https:\/\/ecoprogress.eu\/de\/#organization\",\"name\":\"Ecoprogress\",\"url\":\"https:\/\/ecoprogress.eu\/de\/\",\"logo\":{\"@type\":\"ImageObject\",\"inLanguage\":\"de\",\"@id\":\"https:\/\/ecoprogress.eu\/de\/#\/schema\/logo\/image\/\",\"url\":\"https:\/\/ecoprogress.eu\/wp-content\/uploads\/logo-2.svg\",\"contentUrl\":\"https:\/\/ecoprogress.eu\/wp-content\/uploads\/logo-2.svg\",\"width\":318,\"height\":349,\"caption\":\"Ecoprogress\"},\"image\":{\"@id\":\"https:\/\/ecoprogress.eu\/de\/#\/schema\/logo\/image\/\"}}]}<\/script>\n<!-- \/ Yoast SEO plugin. -->","yoast_head_json":{"title":"Pr\u00edstre\u0161ok pre bicykle typ 17 | Ecoprogress","description":"Pr\u00edstre\u0161ok pre bicykle typ 17 je dreven\u00fd pr\u00edstre\u0161ok v dvoch variantoch pre 16 alebo 24 bicyklov.","robots":{"index":"index","follow":"follow","max-snippet":"max-snippet:-1","max-image-preview":"max-image-preview:large","max-video-preview":"max-video-preview:-1"},"canonical":"https:\/\/ecoprogress.eu\/de\/produkt\/pristresok-pre-bicykle-typ-17\/","og_locale":"de_DE","og_type":"article","og_title":"Pr\u00edstre\u0161ok pre bicykle typ 17 | Ecoprogress","og_description":"Pr\u00edstre\u0161ok pre bicykle typ 17 je dreven\u00fd pr\u00edstre\u0161ok v dvoch variantoch pre 16 alebo 24 bicyklov.","og_url":"https:\/\/ecoprogress.eu\/de\/produkt\/pristresok-pre-bicykle-typ-17\/","og_site_name":"Ecoprogress","article_modified_time":"2024-03-07T10:38:58+00:00","og_image":[{"width":1657,"height":1437,"url":"https:\/\/ecoprogress.eu\/wp-content\/uploads\/cyklopristresok-1-scaled-e1674727901817.jpg","type":"image\/jpeg"}],"twitter_card":"summary_large_image","twitter_misc":{"Gesch\u00e4tzte Lesezeit":"1\u00a0Minute"},"schema":{"@context":"https:\/\/schema.org","@graph":[{"@type":"WebPage","@id":"https:\/\/ecoprogress.eu\/de\/produkt\/pristresok-pre-bicykle-typ-17\/","url":"https:\/\/ecoprogress.eu\/de\/produkt\/pristresok-pre-bicykle-typ-17\/","name":"Pr\u00edstre\u0161ok pre bicykle typ 17 | Ecoprogress","isPartOf":{"@id":"https:\/\/ecoprogress.eu\/de\/#website"},"primaryImageOfPage":{"@id":"https:\/\/ecoprogress.eu\/de\/produkt\/pristresok-pre-bicykle-typ-17\/#primaryimage"},"image":{"@id":"https:\/\/ecoprogress.eu\/de\/produkt\/pristresok-pre-bicykle-typ-17\/#primaryimage"},"thumbnailUrl":"https:\/\/ecoprogress.eu\/wp-content\/uploads\/cyklopristresok-1-scaled-e1674727901817.jpg","datePublished":"2023-01-26T09:17:44+00:00","dateModified":"2024-03-07T10:38:58+00:00","description":"Pr\u00edstre\u0161ok pre bicykle typ 17 je dreven\u00fd pr\u00edstre\u0161ok v dvoch variantoch pre 16 alebo 24 bicyklov.","breadcrumb":{"@id":"https:\/\/ecoprogress.eu\/de\/produkt\/pristresok-pre-bicykle-typ-17\/#breadcrumb"},"inLanguage":"de","potentialAction":[{"@type":"ReadAction","target":["https:\/\/ecoprogress.eu\/de\/produkt\/pristresok-pre-bicykle-typ-17\/"]}]},{"@type":"ImageObject","inLanguage":"de","@id":"https:\/\/ecoprogress.eu\/de\/produkt\/pristresok-pre-bicykle-typ-17\/#primaryimage","url":"https:\/\/ecoprogress.eu\/wp-content\/uploads\/cyklopristresok-1-scaled-e1674727901817.jpg","contentUrl":"https:\/\/ecoprogress.eu\/wp-content\/uploads\/cyklopristresok-1-scaled-e1674727901817.jpg","width":1657,"height":1437},{"@type":"BreadcrumbList","@id":"https:\/\/ecoprogress.eu\/de\/produkt\/pristresok-pre-bicykle-typ-17\/#breadcrumb","itemListElement":[{"@type":"ListItem","position":1,"name":"Produkte","item":"https:\/\/ecoprogress.eu\/de\/produkte\/"},{"@type":"ListItem","position":2,"name":"Pr\u00edstre\u0161ok pre bicykle typ 17"}]},{"@type":"WebSite","@id":"https:\/\/ecoprogress.eu\/de\/#website","url":"https:\/\/ecoprogress.eu\/de\/","name":"Ecoprogress","description":"","publisher":{"@id":"https:\/\/ecoprogress.eu\/de\/#organization"},"potentialAction":[{"@type":"SearchAction","target":{"@type":"EntryPoint","urlTemplate":"https:\/\/ecoprogress.eu\/de\/?s={search_term_string}"},"query-input":{"@type":"PropertyValueSpecification","valueRequired":true,"valueName":"search_term_string"}}],"inLanguage":"de"},{"@type":"Organization","@id":"https:\/\/ecoprogress.eu\/de\/#organization","name":"Ecoprogress","url":"https:\/\/ecoprogress.eu\/de\/","logo":{"@type":"ImageObject","inLanguage":"de","@id":"https:\/\/ecoprogress.eu\/de\/#\/schema\/logo\/image\/","url":"https:\/\/ecoprogress.eu\/wp-content\/uploads\/logo-2.svg","contentUrl":"https:\/\/ecoprogress.eu\/wp-content\/uploads\/logo-2.svg","width":318,"height":349,"caption":"Ecoprogress"},"image":{"@id":"https:\/\/ecoprogress.eu\/de\/#\/schema\/logo\/image\/"}}]}},"_links":{"self":[{"href":"https:\/\/ecoprogress.eu\/de\/wp-json\/wp\/v2\/product\/34625","targetHints":{"allow":["GET"]}}],"collection":[{"href":"https:\/\/ecoprogress.eu\/de\/wp-json\/wp\/v2\/product"}],"about":[{"href":"https:\/\/ecoprogress.eu\/de\/wp-json\/wp\/v2\/types\/product"}],"version-history":[{"count":1,"href":"https:\/\/ecoprogress.eu\/de\/wp-json\/wp\/v2\/product\/34625\/revisions"}],"predecessor-version":[{"id":52794,"href":"https:\/\/ecoprogress.eu\/de\/wp-json\/wp\/v2\/product\/34625\/revisions\/52794"}],"wp:featuredmedia":[{"embeddable":true,"href":"https:\/\/ecoprogress.eu\/de\/wp-json\/wp\/v2\/media\/34652"}],"wp:attachment":[{"href":"https:\/\/ecoprogress.eu\/de\/wp-json\/wp\/v2\/media?parent=34625"}],"wp:term":[{"taxonomy":"product_brand","embeddable":true,"href":"https:\/\/ecoprogress.eu\/de\/wp-json\/wp\/v2\/product_brand?post=34625"},{"taxonomy":"product_cat","embeddable":true,"href":"https:\/\/ecoprogress.eu\/de\/wp-json\/wp\/v2\/product_cat?post=34625"},{"taxonomy":"product_tag","embeddable":true,"href":"https:\/\/ecoprogress.eu\/de\/wp-json\/wp\/v2\/product_tag?post=34625"}],"curies":[{"name":"wp","href":"https:\/\/api.w.org\/{rel}","templated":true}]}}