{"id":36034,"date":"2023-02-20T11:01:10","date_gmt":"2023-02-20T10:01:10","guid":{"rendered":"https:\/\/ecoprogress.eu\/?post_type=product&#038;p=36034"},"modified":"2025-02-24T13:43:46","modified_gmt":"2025-02-24T12:43:46","slug":"zostava-lavicka-s-opadkovym-kosom-a-kvetinacom-typ-1","status":"publish","type":"product","link":"https:\/\/ecoprogress.eu\/de\/produkt\/zostava-lavicka-s-opadkovym-kosom-a-kvetinacom-typ-1\/","title":{"rendered":"Zostava lavi\u010dka s opadkov\u00fdm ko\u0161om a kvetin\u00e1\u010dom typ 1"},"content":{"rendered":"<p>Dodanie 4-6 t\u00fd\u017ed\u0148ov (pod\u013ea stavu skladov\u00fdch z\u00e1sob)<\/p>\n\n<table id=\"tablepress-1312\" class=\"tablepress tablepress-id-1312\">\n<tbody class=\"row-striping row-hover\">\n<tr class=\"row-1\">\n\t<td class=\"column-1\">materi\u00e1l<\/td><td class=\"column-2\">oce\u013e pozinkovan\u00e1 ma\u013eovan\u00e1, nehrdzavej\u00faca oce\u013e<\/td>\n<\/tr>\n<tr class=\"row-2\">\n\t<td class=\"column-1\">li\u0161ty<\/td><td class=\"column-2\">drevo<\/td>\n<\/tr>\n<tr class=\"row-3\">\n\t<td class=\"column-1\">\u0161\u00edrka zostavy<\/td><td class=\"column-2\">359 cm<\/td>\n<\/tr>\n<tr class=\"row-4\">\n\t<td class=\"column-1\">h\u013abka zostavy<\/td><td class=\"column-2\">38 cm<\/td>\n<\/tr>\n<\/tbody>\n<\/table>\n<!-- #tablepress-1312 from cache -->\n","protected":false},"excerpt":{"rendered":"<pre id=\"tw-target-text\" class=\"tw-data-text tw-text-large tw-ta\" dir=\"ltr\" data-placeholder=\"Preklad\">Zostava lavi\u010dka s opadkov\u00fdm ko\u0161om a kvetin\u00e1\u010dom typ 1 prin\u00e1\u0161a spojenie pr\u00edjemn\u00e9ho posedenia s praktickos\u0165ou.<\/pre>\n<pre id=\"tw-target-text\" class=\"tw-data-text tw-text-large tw-ta\" dir=\"ltr\" data-placeholder=\"Preklad\"><\/pre>\n","protected":false},"featured_media":36449,"template":"","meta":[],"product_brand":[],"product_cat":[625],"product_tag":[],"class_list":{"0":"post-36034","1":"product","2":"type-product","3":"status-publish","4":"has-post-thumbnail","6":"product_cat-zostavy-mobiliaru","7":"product_shipping_class-sady-zahdradneho-nabytku","9":"first","10":"instock","11":"featured","12":"taxable","13":"shipping-taxable","14":"purchasable","15":"product-type-variable"},"yoast_head":"<!-- This site is optimized with the Yoast SEO plugin v27.2 - https:\/\/yoast.com\/product\/yoast-seo-wordpress\/ -->\n<title>Zostava lavi\u010dka s opadkov\u00fdm ko\u0161om a kvetin\u00e1\u010dom typ 1 | Ecoprogress<\/title>\n<meta name=\"description\" content=\"Zostava lavi\u010dka s opadkov\u00fdm ko\u0161om a kvetin\u00e1\u010dom typ 1 prin\u00e1\u0161a spojenie pr\u00edjemn\u00e9ho posedenia s praktickos\u0165ou.\" \/>\n<meta name=\"robots\" content=\"index, follow, max-snippet:-1, max-image-preview:large, max-video-preview:-1\" \/>\n<link rel=\"canonical\" href=\"https:\/\/ecoprogress.eu\/de\/produkt\/zostava-lavicka-s-opadkovym-kosom-a-kvetinacom-typ-1\/\" \/>\n<meta property=\"og:locale\" content=\"de_DE\" \/>\n<meta property=\"og:type\" content=\"article\" \/>\n<meta property=\"og:title\" content=\"Zostava lavi\u010dka s opadkov\u00fdm ko\u0161om a kvetin\u00e1\u010dom typ 1 | Ecoprogress\" \/>\n<meta property=\"og:description\" content=\"Zostava lavi\u010dka s opadkov\u00fdm ko\u0161om a kvetin\u00e1\u010dom typ 1 prin\u00e1\u0161a spojenie pr\u00edjemn\u00e9ho posedenia s praktickos\u0165ou.\" \/>\n<meta property=\"og:url\" content=\"https:\/\/ecoprogress.eu\/de\/produkt\/zostava-lavicka-s-opadkovym-kosom-a-kvetinacom-typ-1\/\" \/>\n<meta property=\"og:site_name\" content=\"Ecoprogress\" \/>\n<meta property=\"article:modified_time\" content=\"2025-02-24T12:43:46+00:00\" \/>\n<meta property=\"og:image\" content=\"https:\/\/ecoprogress.eu\/wp-content\/uploads\/lavickakosoperadlo1.jpg\" \/>\n\t<meta property=\"og:image:width\" content=\"800\" \/>\n\t<meta property=\"og:image:height\" content=\"600\" \/>\n\t<meta property=\"og:image:type\" content=\"image\/jpeg\" \/>\n<meta name=\"twitter:card\" content=\"summary_large_image\" \/>\n<meta name=\"twitter:label1\" content=\"Gesch\u00e4tzte Lesezeit\" \/>\n\t<meta name=\"twitter:data1\" content=\"1\u00a0Minute\" \/>\n<script type=\"application\/ld+json\" class=\"yoast-schema-graph\">{\"@context\":\"https:\/\/schema.org\",\"@graph\":[{\"@type\":\"WebPage\",\"@id\":\"https:\/\/ecoprogress.eu\/de\/produkt\/zostava-lavicka-s-opadkovym-kosom-a-kvetinacom-typ-1\/\",\"url\":\"https:\/\/ecoprogress.eu\/de\/produkt\/zostava-lavicka-s-opadkovym-kosom-a-kvetinacom-typ-1\/\",\"name\":\"Zostava lavi\u010dka s opadkov\u00fdm ko\u0161om a kvetin\u00e1\u010dom typ 1 | Ecoprogress\",\"isPartOf\":{\"@id\":\"https:\/\/ecoprogress.eu\/de\/#website\"},\"primaryImageOfPage\":{\"@id\":\"https:\/\/ecoprogress.eu\/de\/produkt\/zostava-lavicka-s-opadkovym-kosom-a-kvetinacom-typ-1\/#primaryimage\"},\"image\":{\"@id\":\"https:\/\/ecoprogress.eu\/de\/produkt\/zostava-lavicka-s-opadkovym-kosom-a-kvetinacom-typ-1\/#primaryimage\"},\"thumbnailUrl\":\"https:\/\/ecoprogress.eu\/wp-content\/uploads\/lavickakosoperadlo1.jpg\",\"datePublished\":\"2023-02-20T10:01:10+00:00\",\"dateModified\":\"2025-02-24T12:43:46+00:00\",\"description\":\"Zostava lavi\u010dka s opadkov\u00fdm ko\u0161om a kvetin\u00e1\u010dom typ 1 prin\u00e1\u0161a spojenie pr\u00edjemn\u00e9ho posedenia s praktickos\u0165ou.\",\"breadcrumb\":{\"@id\":\"https:\/\/ecoprogress.eu\/de\/produkt\/zostava-lavicka-s-opadkovym-kosom-a-kvetinacom-typ-1\/#breadcrumb\"},\"inLanguage\":\"de\",\"potentialAction\":[{\"@type\":\"ReadAction\",\"target\":[\"https:\/\/ecoprogress.eu\/de\/produkt\/zostava-lavicka-s-opadkovym-kosom-a-kvetinacom-typ-1\/\"]}]},{\"@type\":\"ImageObject\",\"inLanguage\":\"de\",\"@id\":\"https:\/\/ecoprogress.eu\/de\/produkt\/zostava-lavicka-s-opadkovym-kosom-a-kvetinacom-typ-1\/#primaryimage\",\"url\":\"https:\/\/ecoprogress.eu\/wp-content\/uploads\/lavickakosoperadlo1.jpg\",\"contentUrl\":\"https:\/\/ecoprogress.eu\/wp-content\/uploads\/lavickakosoperadlo1.jpg\",\"width\":800,\"height\":600},{\"@type\":\"BreadcrumbList\",\"@id\":\"https:\/\/ecoprogress.eu\/de\/produkt\/zostava-lavicka-s-opadkovym-kosom-a-kvetinacom-typ-1\/#breadcrumb\",\"itemListElement\":[{\"@type\":\"ListItem\",\"position\":1,\"name\":\"Produkte\",\"item\":\"https:\/\/ecoprogress.eu\/de\/produkte\/\"},{\"@type\":\"ListItem\",\"position\":2,\"name\":\"Zostava lavi\u010dka s opadkov\u00fdm ko\u0161om a kvetin\u00e1\u010dom typ 1\"}]},{\"@type\":\"WebSite\",\"@id\":\"https:\/\/ecoprogress.eu\/de\/#website\",\"url\":\"https:\/\/ecoprogress.eu\/de\/\",\"name\":\"Ecoprogress\",\"description\":\"\",\"publisher\":{\"@id\":\"https:\/\/ecoprogress.eu\/de\/#organization\"},\"potentialAction\":[{\"@type\":\"SearchAction\",\"target\":{\"@type\":\"EntryPoint\",\"urlTemplate\":\"https:\/\/ecoprogress.eu\/de\/?s={search_term_string}\"},\"query-input\":{\"@type\":\"PropertyValueSpecification\",\"valueRequired\":true,\"valueName\":\"search_term_string\"}}],\"inLanguage\":\"de\"},{\"@type\":\"Organization\",\"@id\":\"https:\/\/ecoprogress.eu\/de\/#organization\",\"name\":\"Ecoprogress\",\"url\":\"https:\/\/ecoprogress.eu\/de\/\",\"logo\":{\"@type\":\"ImageObject\",\"inLanguage\":\"de\",\"@id\":\"https:\/\/ecoprogress.eu\/de\/#\/schema\/logo\/image\/\",\"url\":\"https:\/\/ecoprogress.eu\/wp-content\/uploads\/logo-2.svg\",\"contentUrl\":\"https:\/\/ecoprogress.eu\/wp-content\/uploads\/logo-2.svg\",\"width\":318,\"height\":349,\"caption\":\"Ecoprogress\"},\"image\":{\"@id\":\"https:\/\/ecoprogress.eu\/de\/#\/schema\/logo\/image\/\"}}]}<\/script>\n<!-- \/ Yoast SEO plugin. -->","yoast_head_json":{"title":"Zostava lavi\u010dka s opadkov\u00fdm ko\u0161om a kvetin\u00e1\u010dom typ 1 | Ecoprogress","description":"Zostava lavi\u010dka s opadkov\u00fdm ko\u0161om a kvetin\u00e1\u010dom typ 1 prin\u00e1\u0161a spojenie pr\u00edjemn\u00e9ho posedenia s praktickos\u0165ou.","robots":{"index":"index","follow":"follow","max-snippet":"max-snippet:-1","max-image-preview":"max-image-preview:large","max-video-preview":"max-video-preview:-1"},"canonical":"https:\/\/ecoprogress.eu\/de\/produkt\/zostava-lavicka-s-opadkovym-kosom-a-kvetinacom-typ-1\/","og_locale":"de_DE","og_type":"article","og_title":"Zostava lavi\u010dka s opadkov\u00fdm ko\u0161om a kvetin\u00e1\u010dom typ 1 | Ecoprogress","og_description":"Zostava lavi\u010dka s opadkov\u00fdm ko\u0161om a kvetin\u00e1\u010dom typ 1 prin\u00e1\u0161a spojenie pr\u00edjemn\u00e9ho posedenia s praktickos\u0165ou.","og_url":"https:\/\/ecoprogress.eu\/de\/produkt\/zostava-lavicka-s-opadkovym-kosom-a-kvetinacom-typ-1\/","og_site_name":"Ecoprogress","article_modified_time":"2025-02-24T12:43:46+00:00","og_image":[{"width":800,"height":600,"url":"https:\/\/ecoprogress.eu\/wp-content\/uploads\/lavickakosoperadlo1.jpg","type":"image\/jpeg"}],"twitter_card":"summary_large_image","twitter_misc":{"Gesch\u00e4tzte Lesezeit":"1\u00a0Minute"},"schema":{"@context":"https:\/\/schema.org","@graph":[{"@type":"WebPage","@id":"https:\/\/ecoprogress.eu\/de\/produkt\/zostava-lavicka-s-opadkovym-kosom-a-kvetinacom-typ-1\/","url":"https:\/\/ecoprogress.eu\/de\/produkt\/zostava-lavicka-s-opadkovym-kosom-a-kvetinacom-typ-1\/","name":"Zostava lavi\u010dka s opadkov\u00fdm ko\u0161om a kvetin\u00e1\u010dom typ 1 | Ecoprogress","isPartOf":{"@id":"https:\/\/ecoprogress.eu\/de\/#website"},"primaryImageOfPage":{"@id":"https:\/\/ecoprogress.eu\/de\/produkt\/zostava-lavicka-s-opadkovym-kosom-a-kvetinacom-typ-1\/#primaryimage"},"image":{"@id":"https:\/\/ecoprogress.eu\/de\/produkt\/zostava-lavicka-s-opadkovym-kosom-a-kvetinacom-typ-1\/#primaryimage"},"thumbnailUrl":"https:\/\/ecoprogress.eu\/wp-content\/uploads\/lavickakosoperadlo1.jpg","datePublished":"2023-02-20T10:01:10+00:00","dateModified":"2025-02-24T12:43:46+00:00","description":"Zostava lavi\u010dka s opadkov\u00fdm ko\u0161om a kvetin\u00e1\u010dom typ 1 prin\u00e1\u0161a spojenie pr\u00edjemn\u00e9ho posedenia s praktickos\u0165ou.","breadcrumb":{"@id":"https:\/\/ecoprogress.eu\/de\/produkt\/zostava-lavicka-s-opadkovym-kosom-a-kvetinacom-typ-1\/#breadcrumb"},"inLanguage":"de","potentialAction":[{"@type":"ReadAction","target":["https:\/\/ecoprogress.eu\/de\/produkt\/zostava-lavicka-s-opadkovym-kosom-a-kvetinacom-typ-1\/"]}]},{"@type":"ImageObject","inLanguage":"de","@id":"https:\/\/ecoprogress.eu\/de\/produkt\/zostava-lavicka-s-opadkovym-kosom-a-kvetinacom-typ-1\/#primaryimage","url":"https:\/\/ecoprogress.eu\/wp-content\/uploads\/lavickakosoperadlo1.jpg","contentUrl":"https:\/\/ecoprogress.eu\/wp-content\/uploads\/lavickakosoperadlo1.jpg","width":800,"height":600},{"@type":"BreadcrumbList","@id":"https:\/\/ecoprogress.eu\/de\/produkt\/zostava-lavicka-s-opadkovym-kosom-a-kvetinacom-typ-1\/#breadcrumb","itemListElement":[{"@type":"ListItem","position":1,"name":"Produkte","item":"https:\/\/ecoprogress.eu\/de\/produkte\/"},{"@type":"ListItem","position":2,"name":"Zostava lavi\u010dka s opadkov\u00fdm ko\u0161om a kvetin\u00e1\u010dom typ 1"}]},{"@type":"WebSite","@id":"https:\/\/ecoprogress.eu\/de\/#website","url":"https:\/\/ecoprogress.eu\/de\/","name":"Ecoprogress","description":"","publisher":{"@id":"https:\/\/ecoprogress.eu\/de\/#organization"},"potentialAction":[{"@type":"SearchAction","target":{"@type":"EntryPoint","urlTemplate":"https:\/\/ecoprogress.eu\/de\/?s={search_term_string}"},"query-input":{"@type":"PropertyValueSpecification","valueRequired":true,"valueName":"search_term_string"}}],"inLanguage":"de"},{"@type":"Organization","@id":"https:\/\/ecoprogress.eu\/de\/#organization","name":"Ecoprogress","url":"https:\/\/ecoprogress.eu\/de\/","logo":{"@type":"ImageObject","inLanguage":"de","@id":"https:\/\/ecoprogress.eu\/de\/#\/schema\/logo\/image\/","url":"https:\/\/ecoprogress.eu\/wp-content\/uploads\/logo-2.svg","contentUrl":"https:\/\/ecoprogress.eu\/wp-content\/uploads\/logo-2.svg","width":318,"height":349,"caption":"Ecoprogress"},"image":{"@id":"https:\/\/ecoprogress.eu\/de\/#\/schema\/logo\/image\/"}}]}},"_links":{"self":[{"href":"https:\/\/ecoprogress.eu\/de\/wp-json\/wp\/v2\/product\/36034","targetHints":{"allow":["GET"]}}],"collection":[{"href":"https:\/\/ecoprogress.eu\/de\/wp-json\/wp\/v2\/product"}],"about":[{"href":"https:\/\/ecoprogress.eu\/de\/wp-json\/wp\/v2\/types\/product"}],"version-history":[{"count":1,"href":"https:\/\/ecoprogress.eu\/de\/wp-json\/wp\/v2\/product\/36034\/revisions"}],"predecessor-version":[{"id":57150,"href":"https:\/\/ecoprogress.eu\/de\/wp-json\/wp\/v2\/product\/36034\/revisions\/57150"}],"wp:featuredmedia":[{"embeddable":true,"href":"https:\/\/ecoprogress.eu\/de\/wp-json\/wp\/v2\/media\/36449"}],"wp:attachment":[{"href":"https:\/\/ecoprogress.eu\/de\/wp-json\/wp\/v2\/media?parent=36034"}],"wp:term":[{"taxonomy":"product_brand","embeddable":true,"href":"https:\/\/ecoprogress.eu\/de\/wp-json\/wp\/v2\/product_brand?post=36034"},{"taxonomy":"product_cat","embeddable":true,"href":"https:\/\/ecoprogress.eu\/de\/wp-json\/wp\/v2\/product_cat?post=36034"},{"taxonomy":"product_tag","embeddable":true,"href":"https:\/\/ecoprogress.eu\/de\/wp-json\/wp\/v2\/product_tag?post=36034"}],"curies":[{"name":"wp","href":"https:\/\/api.w.org\/{rel}","templated":true}]}}