{"id":36822,"date":"2023-03-03T16:18:25","date_gmt":"2023-03-03T15:18:25","guid":{"rendered":"https:\/\/ecoprogress.eu\/?post_type=product&#038;p=36822"},"modified":"2023-03-10T15:20:09","modified_gmt":"2023-03-10T14:20:09","slug":"lavicka-modulova-typ-1","status":"publish","type":"product","link":"https:\/\/ecoprogress.eu\/de\/produkt\/lavicka-modulova-typ-1\/","title":{"rendered":"Lavi\u010dka modulov\u00e1 typ 01"},"content":{"rendered":"<p>Dodanie 4-6 t\u00fd\u017ed\u0148ov (pod\u013ea stavu skladov\u00fdch z\u00e1sob)<\/p>\n<p>Dve laserom vyrezan\u00e9 uzatv\u00e1racie pr\u00edruby s\u00fa pripevnen\u00e9 k bo\u010dn\u00fdm koncom lavice a zaisten\u00e9 skrutkami. Podpery s\u00fa vyroben\u00e9 z plechu s tvarovan\u00fdmi, laserom vyrezan\u00fdmi bo\u010dn\u00fdmi v\u00fdstuhami.<\/p>\n<p>Z\u00e1klad\u0148a lavi\u010dky je ur\u010den\u00e1 na ukotvenie do zeme pomocou hmo\u017ediniek.<\/p>\n<p>M\u00f4\u017ee by\u0165 vyroben\u00e1 z pozinkovanej ocele a natret\u00e1 termosetov\u00fdmi polyesterov\u00fdmi pr\u00e1\u0161kami v r\u00f4znych farb\u00e1ch RAL alebo z nehrdzavej\u00facej ocele.<\/p>\n<p><strong>Cena je za jeden modul.<\/strong><\/p>\n<p>Pre konkr\u00e9tny v\u00fdber modulov n\u00e1s pros\u00edm kontaktujte.<\/p>\n\n<table id=\"tablepress-1516\" class=\"tablepress tablepress-id-1516\">\n<tbody class=\"row-striping row-hover\">\n<tr class=\"row-1\">\n\t<td class=\"column-1\">material<\/td><td class=\"column-2\">pozinkovan\u00e1 a ma\u013eovan\u00e1 oce\u013e, nehdrzavej\u00faca oce\u013e<\/td>\n<\/tr>\n<tr class=\"row-2\">\n\t<td class=\"column-1\">\u0161\u00edrka<\/td><td class=\"column-2\">180 cm<\/td>\n<\/tr>\n<tr class=\"row-3\">\n\t<td class=\"column-1\">v\u00fd\u0161ka<\/td><td class=\"column-2\">76,9 cm<\/td>\n<\/tr>\n<tr class=\"row-4\">\n\t<td class=\"column-1\">h\u013abka<\/td><td class=\"column-2\">54 cm<\/td>\n<\/tr>\n<\/tbody>\n<\/table>\n\n","protected":false},"excerpt":{"rendered":"<p>Lavi\u010dka modulov\u00e1 typ 1 je vyroben\u00e1 z r\u00farok \u00d8 20 mm privaren\u00fdch k laserom vyrezan\u00fdm plechov\u00fdm podper\u00e1m.<\/p>\n","protected":false},"featured_media":36797,"template":"","meta":[],"product_brand":[],"product_cat":[165,628],"product_tag":[],"class_list":{"0":"post-36822","1":"product","2":"type-product","3":"status-publish","4":"has-post-thumbnail","6":"product_cat-lavicky","7":"product_cat-modulove-lavicky","8":"product_shipping_class-lavicky","10":"first","11":"instock","12":"featured","13":"taxable","14":"shipping-taxable","15":"purchasable","16":"product-type-variable"},"yoast_head":"<!-- This site is optimized with the Yoast SEO plugin v27.2 - https:\/\/yoast.com\/product\/yoast-seo-wordpress\/ -->\n<title>Lavi\u010dka modulov\u00e1 typ 01 | Ecoprogress<\/title>\n<meta name=\"description\" content=\"Lavi\u010dka modulov\u00e1 typ 1 je vyroben\u00e1 z r\u00farok \u00d8 20 mm privaren\u00fdch k laserom vyrezan\u00fdm plechov\u00fdm podper\u00e1m.\" \/>\n<meta name=\"robots\" content=\"index, follow, max-snippet:-1, max-image-preview:large, max-video-preview:-1\" \/>\n<link rel=\"canonical\" href=\"https:\/\/ecoprogress.eu\/de\/produkt\/lavicka-modulova-typ-1\/\" \/>\n<meta property=\"og:locale\" content=\"de_DE\" \/>\n<meta property=\"og:type\" content=\"article\" \/>\n<meta property=\"og:title\" content=\"Lavi\u010dka modulov\u00e1 typ 01 | Ecoprogress\" \/>\n<meta property=\"og:description\" content=\"Lavi\u010dka modulov\u00e1 typ 1 je vyroben\u00e1 z r\u00farok \u00d8 20 mm privaren\u00fdch k laserom vyrezan\u00fdm plechov\u00fdm podper\u00e1m.\" \/>\n<meta property=\"og:url\" content=\"https:\/\/ecoprogress.eu\/de\/produkt\/lavicka-modulova-typ-1\/\" \/>\n<meta property=\"og:site_name\" content=\"Ecoprogress\" \/>\n<meta property=\"article:modified_time\" content=\"2023-03-10T14:20:09+00:00\" \/>\n<meta property=\"og:image\" content=\"https:\/\/ecoprogress.eu\/wp-content\/uploads\/Garda-curvy-composition.jpg\" \/>\n\t<meta property=\"og:image:width\" content=\"1600\" \/>\n\t<meta property=\"og:image:height\" content=\"1200\" \/>\n\t<meta property=\"og:image:type\" content=\"image\/jpeg\" \/>\n<meta name=\"twitter:card\" content=\"summary_large_image\" \/>\n<meta name=\"twitter:label1\" content=\"Gesch\u00e4tzte Lesezeit\" \/>\n\t<meta name=\"twitter:data1\" content=\"1\u00a0Minute\" \/>\n<script type=\"application\/ld+json\" class=\"yoast-schema-graph\">{\"@context\":\"https:\/\/schema.org\",\"@graph\":[{\"@type\":\"WebPage\",\"@id\":\"https:\/\/ecoprogress.eu\/de\/produkt\/lavicka-modulova-typ-1\/\",\"url\":\"https:\/\/ecoprogress.eu\/de\/produkt\/lavicka-modulova-typ-1\/\",\"name\":\"Lavi\u010dka modulov\u00e1 typ 01 | Ecoprogress\",\"isPartOf\":{\"@id\":\"https:\/\/ecoprogress.eu\/de\/#website\"},\"primaryImageOfPage\":{\"@id\":\"https:\/\/ecoprogress.eu\/de\/produkt\/lavicka-modulova-typ-1\/#primaryimage\"},\"image\":{\"@id\":\"https:\/\/ecoprogress.eu\/de\/produkt\/lavicka-modulova-typ-1\/#primaryimage\"},\"thumbnailUrl\":\"https:\/\/ecoprogress.eu\/wp-content\/uploads\/Garda-curvy-composition.jpg\",\"datePublished\":\"2023-03-03T15:18:25+00:00\",\"dateModified\":\"2023-03-10T14:20:09+00:00\",\"description\":\"Lavi\u010dka modulov\u00e1 typ 1 je vyroben\u00e1 z r\u00farok \u00d8 20 mm privaren\u00fdch k laserom vyrezan\u00fdm plechov\u00fdm podper\u00e1m.\",\"breadcrumb\":{\"@id\":\"https:\/\/ecoprogress.eu\/de\/produkt\/lavicka-modulova-typ-1\/#breadcrumb\"},\"inLanguage\":\"de\",\"potentialAction\":[{\"@type\":\"ReadAction\",\"target\":[\"https:\/\/ecoprogress.eu\/de\/produkt\/lavicka-modulova-typ-1\/\"]}]},{\"@type\":\"ImageObject\",\"inLanguage\":\"de\",\"@id\":\"https:\/\/ecoprogress.eu\/de\/produkt\/lavicka-modulova-typ-1\/#primaryimage\",\"url\":\"https:\/\/ecoprogress.eu\/wp-content\/uploads\/Garda-curvy-composition.jpg\",\"contentUrl\":\"https:\/\/ecoprogress.eu\/wp-content\/uploads\/Garda-curvy-composition.jpg\",\"width\":1600,\"height\":1200},{\"@type\":\"BreadcrumbList\",\"@id\":\"https:\/\/ecoprogress.eu\/de\/produkt\/lavicka-modulova-typ-1\/#breadcrumb\",\"itemListElement\":[{\"@type\":\"ListItem\",\"position\":1,\"name\":\"Produkte\",\"item\":\"https:\/\/ecoprogress.eu\/de\/produkte\/\"},{\"@type\":\"ListItem\",\"position\":2,\"name\":\"Lavi\u010dka modulov\u00e1 typ 01\"}]},{\"@type\":\"WebSite\",\"@id\":\"https:\/\/ecoprogress.eu\/de\/#website\",\"url\":\"https:\/\/ecoprogress.eu\/de\/\",\"name\":\"Ecoprogress\",\"description\":\"\",\"publisher\":{\"@id\":\"https:\/\/ecoprogress.eu\/de\/#organization\"},\"potentialAction\":[{\"@type\":\"SearchAction\",\"target\":{\"@type\":\"EntryPoint\",\"urlTemplate\":\"https:\/\/ecoprogress.eu\/de\/?s={search_term_string}\"},\"query-input\":{\"@type\":\"PropertyValueSpecification\",\"valueRequired\":true,\"valueName\":\"search_term_string\"}}],\"inLanguage\":\"de\"},{\"@type\":\"Organization\",\"@id\":\"https:\/\/ecoprogress.eu\/de\/#organization\",\"name\":\"Ecoprogress\",\"url\":\"https:\/\/ecoprogress.eu\/de\/\",\"logo\":{\"@type\":\"ImageObject\",\"inLanguage\":\"de\",\"@id\":\"https:\/\/ecoprogress.eu\/de\/#\/schema\/logo\/image\/\",\"url\":\"https:\/\/ecoprogress.eu\/wp-content\/uploads\/logo-2.svg\",\"contentUrl\":\"https:\/\/ecoprogress.eu\/wp-content\/uploads\/logo-2.svg\",\"width\":318,\"height\":349,\"caption\":\"Ecoprogress\"},\"image\":{\"@id\":\"https:\/\/ecoprogress.eu\/de\/#\/schema\/logo\/image\/\"}}]}<\/script>\n<!-- \/ Yoast SEO plugin. -->","yoast_head_json":{"title":"Lavi\u010dka modulov\u00e1 typ 01 | Ecoprogress","description":"Lavi\u010dka modulov\u00e1 typ 1 je vyroben\u00e1 z r\u00farok \u00d8 20 mm privaren\u00fdch k laserom vyrezan\u00fdm plechov\u00fdm podper\u00e1m.","robots":{"index":"index","follow":"follow","max-snippet":"max-snippet:-1","max-image-preview":"max-image-preview:large","max-video-preview":"max-video-preview:-1"},"canonical":"https:\/\/ecoprogress.eu\/de\/produkt\/lavicka-modulova-typ-1\/","og_locale":"de_DE","og_type":"article","og_title":"Lavi\u010dka modulov\u00e1 typ 01 | Ecoprogress","og_description":"Lavi\u010dka modulov\u00e1 typ 1 je vyroben\u00e1 z r\u00farok \u00d8 20 mm privaren\u00fdch k laserom vyrezan\u00fdm plechov\u00fdm podper\u00e1m.","og_url":"https:\/\/ecoprogress.eu\/de\/produkt\/lavicka-modulova-typ-1\/","og_site_name":"Ecoprogress","article_modified_time":"2023-03-10T14:20:09+00:00","og_image":[{"width":1600,"height":1200,"url":"https:\/\/ecoprogress.eu\/wp-content\/uploads\/Garda-curvy-composition.jpg","type":"image\/jpeg"}],"twitter_card":"summary_large_image","twitter_misc":{"Gesch\u00e4tzte Lesezeit":"1\u00a0Minute"},"schema":{"@context":"https:\/\/schema.org","@graph":[{"@type":"WebPage","@id":"https:\/\/ecoprogress.eu\/de\/produkt\/lavicka-modulova-typ-1\/","url":"https:\/\/ecoprogress.eu\/de\/produkt\/lavicka-modulova-typ-1\/","name":"Lavi\u010dka modulov\u00e1 typ 01 | Ecoprogress","isPartOf":{"@id":"https:\/\/ecoprogress.eu\/de\/#website"},"primaryImageOfPage":{"@id":"https:\/\/ecoprogress.eu\/de\/produkt\/lavicka-modulova-typ-1\/#primaryimage"},"image":{"@id":"https:\/\/ecoprogress.eu\/de\/produkt\/lavicka-modulova-typ-1\/#primaryimage"},"thumbnailUrl":"https:\/\/ecoprogress.eu\/wp-content\/uploads\/Garda-curvy-composition.jpg","datePublished":"2023-03-03T15:18:25+00:00","dateModified":"2023-03-10T14:20:09+00:00","description":"Lavi\u010dka modulov\u00e1 typ 1 je vyroben\u00e1 z r\u00farok \u00d8 20 mm privaren\u00fdch k laserom vyrezan\u00fdm plechov\u00fdm podper\u00e1m.","breadcrumb":{"@id":"https:\/\/ecoprogress.eu\/de\/produkt\/lavicka-modulova-typ-1\/#breadcrumb"},"inLanguage":"de","potentialAction":[{"@type":"ReadAction","target":["https:\/\/ecoprogress.eu\/de\/produkt\/lavicka-modulova-typ-1\/"]}]},{"@type":"ImageObject","inLanguage":"de","@id":"https:\/\/ecoprogress.eu\/de\/produkt\/lavicka-modulova-typ-1\/#primaryimage","url":"https:\/\/ecoprogress.eu\/wp-content\/uploads\/Garda-curvy-composition.jpg","contentUrl":"https:\/\/ecoprogress.eu\/wp-content\/uploads\/Garda-curvy-composition.jpg","width":1600,"height":1200},{"@type":"BreadcrumbList","@id":"https:\/\/ecoprogress.eu\/de\/produkt\/lavicka-modulova-typ-1\/#breadcrumb","itemListElement":[{"@type":"ListItem","position":1,"name":"Produkte","item":"https:\/\/ecoprogress.eu\/de\/produkte\/"},{"@type":"ListItem","position":2,"name":"Lavi\u010dka modulov\u00e1 typ 01"}]},{"@type":"WebSite","@id":"https:\/\/ecoprogress.eu\/de\/#website","url":"https:\/\/ecoprogress.eu\/de\/","name":"Ecoprogress","description":"","publisher":{"@id":"https:\/\/ecoprogress.eu\/de\/#organization"},"potentialAction":[{"@type":"SearchAction","target":{"@type":"EntryPoint","urlTemplate":"https:\/\/ecoprogress.eu\/de\/?s={search_term_string}"},"query-input":{"@type":"PropertyValueSpecification","valueRequired":true,"valueName":"search_term_string"}}],"inLanguage":"de"},{"@type":"Organization","@id":"https:\/\/ecoprogress.eu\/de\/#organization","name":"Ecoprogress","url":"https:\/\/ecoprogress.eu\/de\/","logo":{"@type":"ImageObject","inLanguage":"de","@id":"https:\/\/ecoprogress.eu\/de\/#\/schema\/logo\/image\/","url":"https:\/\/ecoprogress.eu\/wp-content\/uploads\/logo-2.svg","contentUrl":"https:\/\/ecoprogress.eu\/wp-content\/uploads\/logo-2.svg","width":318,"height":349,"caption":"Ecoprogress"},"image":{"@id":"https:\/\/ecoprogress.eu\/de\/#\/schema\/logo\/image\/"}}]}},"_links":{"self":[{"href":"https:\/\/ecoprogress.eu\/de\/wp-json\/wp\/v2\/product\/36822","targetHints":{"allow":["GET"]}}],"collection":[{"href":"https:\/\/ecoprogress.eu\/de\/wp-json\/wp\/v2\/product"}],"about":[{"href":"https:\/\/ecoprogress.eu\/de\/wp-json\/wp\/v2\/types\/product"}],"version-history":[{"count":0,"href":"https:\/\/ecoprogress.eu\/de\/wp-json\/wp\/v2\/product\/36822\/revisions"}],"wp:featuredmedia":[{"embeddable":true,"href":"https:\/\/ecoprogress.eu\/de\/wp-json\/wp\/v2\/media\/36797"}],"wp:attachment":[{"href":"https:\/\/ecoprogress.eu\/de\/wp-json\/wp\/v2\/media?parent=36822"}],"wp:term":[{"taxonomy":"product_brand","embeddable":true,"href":"https:\/\/ecoprogress.eu\/de\/wp-json\/wp\/v2\/product_brand?post=36822"},{"taxonomy":"product_cat","embeddable":true,"href":"https:\/\/ecoprogress.eu\/de\/wp-json\/wp\/v2\/product_cat?post=36822"},{"taxonomy":"product_tag","embeddable":true,"href":"https:\/\/ecoprogress.eu\/de\/wp-json\/wp\/v2\/product_tag?post=36822"}],"curies":[{"name":"wp","href":"https:\/\/api.w.org\/{rel}","templated":true}]}}