{"id":36851,"date":"2023-03-03T22:14:00","date_gmt":"2023-03-03T21:14:00","guid":{"rendered":"https:\/\/ecoprogress.eu\/?post_type=product&#038;p=36851"},"modified":"2023-03-10T15:20:08","modified_gmt":"2023-03-10T14:20:08","slug":"stojan-modulovy-typ-17-pre-3","status":"publish","type":"product","link":"https:\/\/ecoprogress.eu\/de\/produkt\/stojan-modulovy-typ-17-pre-3\/","title":{"rendered":"Stojan modulov\u00fd typ 17 pre 03 bicykle"},"content":{"rendered":"<p>Dodanie 4-6 t\u00fd\u017ed\u0148ov (pod\u013ea stavu skladov\u00fdch z\u00e1sob)<\/p>\n<p>\u00daplne odn\u00edmate\u013en\u00fd, \u013eahko sa montuje priamo na mieste in\u0161tal\u00e1cie, mus\u00ed by\u0165 zapusten\u00fd do zeme. Ka\u017ed\u00fd obl\u00fak m\u00e1 dva reflexn\u00e9 p\u00e1sy kl.1 na lep\u0161iu identifik\u00e1ciu v tme. \u0160tartovac\u00ed obl\u00fak (a koncov\u00fd obl\u00fak, ak je modul\u00e1rny) je vy\u0161\u0161\u00ed a na po\u017eiadanie je mo\u017en\u00e9 pou\u017ei\u0165 tabu\u013eku 40 x 60 mm.<\/p>\n<p>Cel\u00e1 kon\u0161trukcia je pozinkovan\u00e1 a pr\u00e1\u0161kovo lakovan\u00e1 pod\u013ea \u0161tandardnej \u0161k\u00e1ly farieb RAL.<\/p>\n<p>M\u00f4\u017ee by\u0165 umiestnen\u00fd rovno alebo naklonen\u00fd a\u017e do 45\u00b0 v z\u00e1vislosti od \u00fa\u017eitkov\u00e9ho priestoru, vhodn\u00fd pre \u0161koly alebo stanice, kde s\u00fa bezpe\u010dnos\u0165 a funk\u010dnos\u0165 z\u00e1kladn\u00fdmi prvkami.<\/p>\n\n<table id=\"tablepress-1525\" class=\"tablepress tablepress-id-1525\">\n<tbody class=\"row-striping row-hover\">\n<tr class=\"row-1\">\n\t<td class=\"column-1\">materi\u00e1l<\/td><td class=\"column-2\">pozinkovan\u00e1 a ma\u013eovan\u00e1 oce\u013e<\/td>\n<\/tr>\n<tr class=\"row-2\">\n\t<td class=\"column-1\">\u0161\u00edrka<\/td><td class=\"column-2\">160 cm<\/td>\n<\/tr>\n<tr class=\"row-3\">\n\t<td class=\"column-1\">v\u00fd\u0161ka<\/td><td class=\"column-2\">128 cm<\/td>\n<\/tr>\n<tr class=\"row-4\">\n\t<td class=\"column-1\">h\u013abka<\/td><td class=\"column-2\">80 cm<\/td>\n<\/tr>\n<\/tbody>\n<\/table>\n<!-- #tablepress-1525 from cache -->\n","protected":false},"excerpt":{"rendered":"<p>Stojan modulov\u00fd typ 17 pre 3 bicykle vyroben\u00fd z r\u00farok \u00d8 48 mm a pripevnen\u00fd k z\u00e1kladni pomocou U-profilu 60 x 30.<br \/>\nM\u00f4\u017ee tvori\u0165 dlh\u00e9 parkovacie plochy.<\/p>\n","protected":false},"featured_media":36863,"template":"","meta":[],"product_brand":[],"product_cat":[219,156],"product_tag":[],"class_list":{"0":"post-36851","1":"product","2":"type-product","3":"status-publish","4":"has-post-thumbnail","6":"product_cat-modulove","7":"product_cat-stojany-na-bicykle","8":"product_shipping_class-stojany","10":"first","11":"instock","12":"taxable","13":"shipping-taxable","14":"purchasable","15":"product-type-variable"},"yoast_head":"<!-- This site is optimized with the Yoast SEO plugin v27.2 - https:\/\/yoast.com\/product\/yoast-seo-wordpress\/ -->\n<title>Stojan modulov\u00fd typ 17 pre 03 bicykle | Ecoprogress<\/title>\n<meta name=\"description\" content=\"Stojan modulov\u00fd typ 17 pre 3 bicykle vyroben\u00fd z r\u00farok \u00d8 48 mm a pripevnen\u00fd k z\u00e1kladni pomocou U-profilu 60 x 30. M\u00f4\u017ee tvori\u0165 dlh\u00e9 parkovacie plochy.\" \/>\n<meta name=\"robots\" content=\"index, follow, max-snippet:-1, max-image-preview:large, max-video-preview:-1\" \/>\n<link rel=\"canonical\" href=\"https:\/\/ecoprogress.eu\/de\/produkt\/stojan-modulovy-typ-17-pre-3\/\" \/>\n<meta property=\"og:locale\" content=\"de_DE\" \/>\n<meta property=\"og:type\" content=\"article\" \/>\n<meta property=\"og:title\" content=\"Stojan modulov\u00fd typ 17 pre 03 bicykle | Ecoprogress\" \/>\n<meta property=\"og:description\" content=\"Stojan modulov\u00fd typ 17 pre 3 bicykle vyroben\u00fd z r\u00farok \u00d8 48 mm a pripevnen\u00fd k z\u00e1kladni pomocou U-profilu 60 x 30. M\u00f4\u017ee tvori\u0165 dlh\u00e9 parkovacie plochy.\" \/>\n<meta property=\"og:url\" content=\"https:\/\/ecoprogress.eu\/de\/produkt\/stojan-modulovy-typ-17-pre-3\/\" \/>\n<meta property=\"og:site_name\" content=\"Ecoprogress\" \/>\n<meta property=\"article:modified_time\" content=\"2023-03-10T14:20:08+00:00\" \/>\n<meta property=\"og:image\" content=\"https:\/\/ecoprogress.eu\/wp-content\/uploads\/1.Portabici-Campus-5-posti-min.jpg\" \/>\n\t<meta property=\"og:image:width\" content=\"719\" \/>\n\t<meta property=\"og:image:height\" content=\"480\" \/>\n\t<meta property=\"og:image:type\" content=\"image\/jpeg\" \/>\n<meta name=\"twitter:card\" content=\"summary_large_image\" \/>\n<meta name=\"twitter:label1\" content=\"Gesch\u00e4tzte Lesezeit\" \/>\n\t<meta name=\"twitter:data1\" content=\"1\u00a0Minute\" \/>\n<script type=\"application\/ld+json\" class=\"yoast-schema-graph\">{\"@context\":\"https:\/\/schema.org\",\"@graph\":[{\"@type\":\"WebPage\",\"@id\":\"https:\/\/ecoprogress.eu\/de\/produkt\/stojan-modulovy-typ-17-pre-3\/\",\"url\":\"https:\/\/ecoprogress.eu\/de\/produkt\/stojan-modulovy-typ-17-pre-3\/\",\"name\":\"Stojan modulov\u00fd typ 17 pre 03 bicykle | Ecoprogress\",\"isPartOf\":{\"@id\":\"https:\/\/ecoprogress.eu\/de\/#website\"},\"primaryImageOfPage\":{\"@id\":\"https:\/\/ecoprogress.eu\/de\/produkt\/stojan-modulovy-typ-17-pre-3\/#primaryimage\"},\"image\":{\"@id\":\"https:\/\/ecoprogress.eu\/de\/produkt\/stojan-modulovy-typ-17-pre-3\/#primaryimage\"},\"thumbnailUrl\":\"https:\/\/ecoprogress.eu\/wp-content\/uploads\/1.Portabici-Campus-5-posti-min.jpg\",\"datePublished\":\"2023-03-03T21:14:00+00:00\",\"dateModified\":\"2023-03-10T14:20:08+00:00\",\"description\":\"Stojan modulov\u00fd typ 17 pre 3 bicykle vyroben\u00fd z r\u00farok \u00d8 48 mm a pripevnen\u00fd k z\u00e1kladni pomocou U-profilu 60 x 30. M\u00f4\u017ee tvori\u0165 dlh\u00e9 parkovacie plochy.\",\"breadcrumb\":{\"@id\":\"https:\/\/ecoprogress.eu\/de\/produkt\/stojan-modulovy-typ-17-pre-3\/#breadcrumb\"},\"inLanguage\":\"de\",\"potentialAction\":[{\"@type\":\"ReadAction\",\"target\":[\"https:\/\/ecoprogress.eu\/de\/produkt\/stojan-modulovy-typ-17-pre-3\/\"]}]},{\"@type\":\"ImageObject\",\"inLanguage\":\"de\",\"@id\":\"https:\/\/ecoprogress.eu\/de\/produkt\/stojan-modulovy-typ-17-pre-3\/#primaryimage\",\"url\":\"https:\/\/ecoprogress.eu\/wp-content\/uploads\/1.Portabici-Campus-5-posti-min.jpg\",\"contentUrl\":\"https:\/\/ecoprogress.eu\/wp-content\/uploads\/1.Portabici-Campus-5-posti-min.jpg\",\"width\":719,\"height\":480},{\"@type\":\"BreadcrumbList\",\"@id\":\"https:\/\/ecoprogress.eu\/de\/produkt\/stojan-modulovy-typ-17-pre-3\/#breadcrumb\",\"itemListElement\":[{\"@type\":\"ListItem\",\"position\":1,\"name\":\"Produkte\",\"item\":\"https:\/\/ecoprogress.eu\/de\/produkte\/\"},{\"@type\":\"ListItem\",\"position\":2,\"name\":\"Stojan modulov\u00fd typ 17 pre 03 bicykle\"}]},{\"@type\":\"WebSite\",\"@id\":\"https:\/\/ecoprogress.eu\/de\/#website\",\"url\":\"https:\/\/ecoprogress.eu\/de\/\",\"name\":\"Ecoprogress\",\"description\":\"\",\"publisher\":{\"@id\":\"https:\/\/ecoprogress.eu\/de\/#organization\"},\"potentialAction\":[{\"@type\":\"SearchAction\",\"target\":{\"@type\":\"EntryPoint\",\"urlTemplate\":\"https:\/\/ecoprogress.eu\/de\/?s={search_term_string}\"},\"query-input\":{\"@type\":\"PropertyValueSpecification\",\"valueRequired\":true,\"valueName\":\"search_term_string\"}}],\"inLanguage\":\"de\"},{\"@type\":\"Organization\",\"@id\":\"https:\/\/ecoprogress.eu\/de\/#organization\",\"name\":\"Ecoprogress\",\"url\":\"https:\/\/ecoprogress.eu\/de\/\",\"logo\":{\"@type\":\"ImageObject\",\"inLanguage\":\"de\",\"@id\":\"https:\/\/ecoprogress.eu\/de\/#\/schema\/logo\/image\/\",\"url\":\"https:\/\/ecoprogress.eu\/wp-content\/uploads\/logo-2.svg\",\"contentUrl\":\"https:\/\/ecoprogress.eu\/wp-content\/uploads\/logo-2.svg\",\"width\":318,\"height\":349,\"caption\":\"Ecoprogress\"},\"image\":{\"@id\":\"https:\/\/ecoprogress.eu\/de\/#\/schema\/logo\/image\/\"}}]}<\/script>\n<!-- \/ Yoast SEO plugin. -->","yoast_head_json":{"title":"Stojan modulov\u00fd typ 17 pre 03 bicykle | Ecoprogress","description":"Stojan modulov\u00fd typ 17 pre 3 bicykle vyroben\u00fd z r\u00farok \u00d8 48 mm a pripevnen\u00fd k z\u00e1kladni pomocou U-profilu 60 x 30. M\u00f4\u017ee tvori\u0165 dlh\u00e9 parkovacie plochy.","robots":{"index":"index","follow":"follow","max-snippet":"max-snippet:-1","max-image-preview":"max-image-preview:large","max-video-preview":"max-video-preview:-1"},"canonical":"https:\/\/ecoprogress.eu\/de\/produkt\/stojan-modulovy-typ-17-pre-3\/","og_locale":"de_DE","og_type":"article","og_title":"Stojan modulov\u00fd typ 17 pre 03 bicykle | Ecoprogress","og_description":"Stojan modulov\u00fd typ 17 pre 3 bicykle vyroben\u00fd z r\u00farok \u00d8 48 mm a pripevnen\u00fd k z\u00e1kladni pomocou U-profilu 60 x 30. M\u00f4\u017ee tvori\u0165 dlh\u00e9 parkovacie plochy.","og_url":"https:\/\/ecoprogress.eu\/de\/produkt\/stojan-modulovy-typ-17-pre-3\/","og_site_name":"Ecoprogress","article_modified_time":"2023-03-10T14:20:08+00:00","og_image":[{"width":719,"height":480,"url":"https:\/\/ecoprogress.eu\/wp-content\/uploads\/1.Portabici-Campus-5-posti-min.jpg","type":"image\/jpeg"}],"twitter_card":"summary_large_image","twitter_misc":{"Gesch\u00e4tzte Lesezeit":"1\u00a0Minute"},"schema":{"@context":"https:\/\/schema.org","@graph":[{"@type":"WebPage","@id":"https:\/\/ecoprogress.eu\/de\/produkt\/stojan-modulovy-typ-17-pre-3\/","url":"https:\/\/ecoprogress.eu\/de\/produkt\/stojan-modulovy-typ-17-pre-3\/","name":"Stojan modulov\u00fd typ 17 pre 03 bicykle | Ecoprogress","isPartOf":{"@id":"https:\/\/ecoprogress.eu\/de\/#website"},"primaryImageOfPage":{"@id":"https:\/\/ecoprogress.eu\/de\/produkt\/stojan-modulovy-typ-17-pre-3\/#primaryimage"},"image":{"@id":"https:\/\/ecoprogress.eu\/de\/produkt\/stojan-modulovy-typ-17-pre-3\/#primaryimage"},"thumbnailUrl":"https:\/\/ecoprogress.eu\/wp-content\/uploads\/1.Portabici-Campus-5-posti-min.jpg","datePublished":"2023-03-03T21:14:00+00:00","dateModified":"2023-03-10T14:20:08+00:00","description":"Stojan modulov\u00fd typ 17 pre 3 bicykle vyroben\u00fd z r\u00farok \u00d8 48 mm a pripevnen\u00fd k z\u00e1kladni pomocou U-profilu 60 x 30. M\u00f4\u017ee tvori\u0165 dlh\u00e9 parkovacie plochy.","breadcrumb":{"@id":"https:\/\/ecoprogress.eu\/de\/produkt\/stojan-modulovy-typ-17-pre-3\/#breadcrumb"},"inLanguage":"de","potentialAction":[{"@type":"ReadAction","target":["https:\/\/ecoprogress.eu\/de\/produkt\/stojan-modulovy-typ-17-pre-3\/"]}]},{"@type":"ImageObject","inLanguage":"de","@id":"https:\/\/ecoprogress.eu\/de\/produkt\/stojan-modulovy-typ-17-pre-3\/#primaryimage","url":"https:\/\/ecoprogress.eu\/wp-content\/uploads\/1.Portabici-Campus-5-posti-min.jpg","contentUrl":"https:\/\/ecoprogress.eu\/wp-content\/uploads\/1.Portabici-Campus-5-posti-min.jpg","width":719,"height":480},{"@type":"BreadcrumbList","@id":"https:\/\/ecoprogress.eu\/de\/produkt\/stojan-modulovy-typ-17-pre-3\/#breadcrumb","itemListElement":[{"@type":"ListItem","position":1,"name":"Produkte","item":"https:\/\/ecoprogress.eu\/de\/produkte\/"},{"@type":"ListItem","position":2,"name":"Stojan modulov\u00fd typ 17 pre 03 bicykle"}]},{"@type":"WebSite","@id":"https:\/\/ecoprogress.eu\/de\/#website","url":"https:\/\/ecoprogress.eu\/de\/","name":"Ecoprogress","description":"","publisher":{"@id":"https:\/\/ecoprogress.eu\/de\/#organization"},"potentialAction":[{"@type":"SearchAction","target":{"@type":"EntryPoint","urlTemplate":"https:\/\/ecoprogress.eu\/de\/?s={search_term_string}"},"query-input":{"@type":"PropertyValueSpecification","valueRequired":true,"valueName":"search_term_string"}}],"inLanguage":"de"},{"@type":"Organization","@id":"https:\/\/ecoprogress.eu\/de\/#organization","name":"Ecoprogress","url":"https:\/\/ecoprogress.eu\/de\/","logo":{"@type":"ImageObject","inLanguage":"de","@id":"https:\/\/ecoprogress.eu\/de\/#\/schema\/logo\/image\/","url":"https:\/\/ecoprogress.eu\/wp-content\/uploads\/logo-2.svg","contentUrl":"https:\/\/ecoprogress.eu\/wp-content\/uploads\/logo-2.svg","width":318,"height":349,"caption":"Ecoprogress"},"image":{"@id":"https:\/\/ecoprogress.eu\/de\/#\/schema\/logo\/image\/"}}]}},"_links":{"self":[{"href":"https:\/\/ecoprogress.eu\/de\/wp-json\/wp\/v2\/product\/36851","targetHints":{"allow":["GET"]}}],"collection":[{"href":"https:\/\/ecoprogress.eu\/de\/wp-json\/wp\/v2\/product"}],"about":[{"href":"https:\/\/ecoprogress.eu\/de\/wp-json\/wp\/v2\/types\/product"}],"version-history":[{"count":0,"href":"https:\/\/ecoprogress.eu\/de\/wp-json\/wp\/v2\/product\/36851\/revisions"}],"wp:featuredmedia":[{"embeddable":true,"href":"https:\/\/ecoprogress.eu\/de\/wp-json\/wp\/v2\/media\/36863"}],"wp:attachment":[{"href":"https:\/\/ecoprogress.eu\/de\/wp-json\/wp\/v2\/media?parent=36851"}],"wp:term":[{"taxonomy":"product_brand","embeddable":true,"href":"https:\/\/ecoprogress.eu\/de\/wp-json\/wp\/v2\/product_brand?post=36851"},{"taxonomy":"product_cat","embeddable":true,"href":"https:\/\/ecoprogress.eu\/de\/wp-json\/wp\/v2\/product_cat?post=36851"},{"taxonomy":"product_tag","embeddable":true,"href":"https:\/\/ecoprogress.eu\/de\/wp-json\/wp\/v2\/product_tag?post=36851"}],"curies":[{"name":"wp","href":"https:\/\/api.w.org\/{rel}","templated":true}]}}