{"id":36925,"date":"2023-03-06T08:59:54","date_gmt":"2023-03-06T07:59:54","guid":{"rendered":"https:\/\/ecoprogress.eu\/?post_type=product&#038;p=36925"},"modified":"2023-03-29T17:12:35","modified_gmt":"2023-03-29T15:12:35","slug":"stojan-modulovy-typ-18-pre-09-bicyklov","status":"publish","type":"product","link":"https:\/\/ecoprogress.eu\/de\/produkt\/stojan-modulovy-typ-18-pre-09-bicyklov\/","title":{"rendered":"Stojan modulov\u00fd typ 18 pre 09 bicyklov"},"content":{"rendered":"<p>Dodanie 4-6 t\u00fd\u017ed\u0148ov (pod\u013ea stavu skladov\u00fdch z\u00e1sob)<\/p>\n<p>Tento stojan sa sklad\u00e1 z nosi\u010da zlo\u017een\u00e9ho z r\u00farok \u00d8 22 mm, ktor\u00e9 s\u00fa riadne ohnut\u00e9 a privaren\u00e9 k dvom vodorovn\u00fdm oce\u013eov\u00fdm r\u00farkam \u00d8 48 mm. Na koncoch vodorovn\u00fdch r\u00farok s\u00fa privaren\u00e9 plechov\u00e9 pr\u00edruby 80 x 5, ktor\u00e9 s\u00fa nav\u0155tan\u00e9 tak, aby sa dali pripevni\u0165 k bo\u010dn\u00fdm bet\u00f3nov\u00fdm podper\u00e1m zhotoven\u00fdm z pieskovan\u00e9ho bet\u00f3nu (so z\u00e1vitov\u00fdmi puzdrami M12); upevnenie bet\u00f3nov\u00fdch podper a oce\u013eov\u00fdch pr\u00edrub sa vykon\u00e1va pomocou skrutiek z nehrdzavej\u00facej ocele TE M12 x 25.<\/p>\n<p>Stojan pre 9 bicyklov je rozdelen\u00fd na 2 \u010dasti spojen\u00e9 stredov\u00fdmi doskami, ktor\u00e9 poskytuj\u00fa lep\u0161iu oporu.<\/p>\n<p>V\u0161etky kovov\u00e9 \u010dasti s\u00fa pozinkovan\u00e9 a potiahnut\u00e9 termosetov\u00fdmi polyesterov\u00fdmi pr\u00e1\u0161kami a s\u00fa k dispoz\u00edcii v r\u00f4znych farb\u00e1ch RAL. Skrutky s\u00fa z nehrdzavej\u00facej ocele.<\/p>\n\n<table id=\"tablepress-1537\" class=\"tablepress tablepress-id-1537\">\n<tbody class=\"row-striping row-hover\">\n<tr class=\"row-1\">\n\t<td class=\"column-1\">materi\u00e1l<\/td><td class=\"column-2\">pozinkovan\u00e1 a ma\u013eovan\u00e1 oce\u013e<\/td>\n<\/tr>\n<tr class=\"row-2\">\n\t<td class=\"column-1\">\u0161\u00edrka<\/td><td class=\"column-2\">328 cm<\/td>\n<\/tr>\n<tr class=\"row-3\">\n\t<td class=\"column-1\">v\u00fd\u0161ka<\/td><td class=\"column-2\">48,9 cm<\/td>\n<\/tr>\n<tr class=\"row-4\">\n\t<td class=\"column-1\">h\u013abka<\/td><td class=\"column-2\">75,2 cm<\/td>\n<\/tr>\n<\/tbody>\n<\/table>\n<!-- #tablepress-1537 from cache -->\n","protected":false},"excerpt":{"rendered":"<p>Stojan modulov\u00fd typ 18 pre 9 bicyklov z pozinkovanej a ma\u013eovanej ocele s bet\u00f3nov\u00fdmi podperami je atrakt\u00edvnym k\u00fasom mestsk\u00e9ho mobili\u00e1ru.<\/p>\n","protected":false},"featured_media":36930,"template":"","meta":[],"product_brand":[],"product_cat":[569,530,219,156],"product_tag":[],"class_list":{"0":"post-36925","1":"product","2":"type-product","3":"status-publish","4":"has-post-thumbnail","6":"product_cat-betonove-stojany-na-bicykel","7":"product_cat-betonovy-mobiliar","8":"product_cat-modulove","9":"product_cat-stojany-na-bicykle","10":"product_shipping_class-stojany","12":"first","13":"instock","14":"taxable","15":"shipping-taxable","16":"purchasable","17":"product-type-variable"},"yoast_head":"<!-- This site is optimized with the Yoast SEO plugin v27.2 - https:\/\/yoast.com\/product\/yoast-seo-wordpress\/ -->\n<title>Stojan modulov\u00fd typ 18 pre 09 bicyklov | Ecoprogress<\/title>\n<meta name=\"description\" content=\"Stojan modulov\u00fd typ 18 pre 9 bicyklov z pozinkovanej a ma\u013eovanej ocele s bet\u00f3nov\u00fdmi podperami je atrakt\u00edvnym k\u00fasom mestsk\u00e9ho mobili\u00e1ru.\" \/>\n<meta name=\"robots\" content=\"index, follow, max-snippet:-1, max-image-preview:large, max-video-preview:-1\" \/>\n<link rel=\"canonical\" href=\"https:\/\/ecoprogress.eu\/de\/produkt\/stojan-modulovy-typ-18-pre-09-bicyklov\/\" \/>\n<meta property=\"og:locale\" content=\"de_DE\" \/>\n<meta property=\"og:type\" content=\"article\" \/>\n<meta property=\"og:title\" content=\"Stojan modulov\u00fd typ 18 pre 09 bicyklov | Ecoprogress\" \/>\n<meta property=\"og:description\" content=\"Stojan modulov\u00fd typ 18 pre 9 bicyklov z pozinkovanej a ma\u013eovanej ocele s bet\u00f3nov\u00fdmi podperami je atrakt\u00edvnym k\u00fasom mestsk\u00e9ho mobili\u00e1ru.\" \/>\n<meta property=\"og:url\" content=\"https:\/\/ecoprogress.eu\/de\/produkt\/stojan-modulovy-typ-18-pre-09-bicyklov\/\" \/>\n<meta property=\"og:site_name\" content=\"Ecoprogress\" \/>\n<meta property=\"article:modified_time\" content=\"2023-03-29T15:12:35+00:00\" \/>\n<meta property=\"og:image\" content=\"https:\/\/ecoprogress.eu\/wp-content\/uploads\/3.Portabici-Gamma-cls-5-posti-FIANCHI-TONDI.jpg\" \/>\n\t<meta property=\"og:image:width\" content=\"750\" \/>\n\t<meta property=\"og:image:height\" content=\"750\" \/>\n\t<meta property=\"og:image:type\" content=\"image\/jpeg\" \/>\n<meta name=\"twitter:card\" content=\"summary_large_image\" \/>\n<meta name=\"twitter:label1\" content=\"Gesch\u00e4tzte Lesezeit\" \/>\n\t<meta name=\"twitter:data1\" content=\"1\u00a0Minute\" \/>\n<script type=\"application\/ld+json\" class=\"yoast-schema-graph\">{\"@context\":\"https:\/\/schema.org\",\"@graph\":[{\"@type\":\"WebPage\",\"@id\":\"https:\/\/ecoprogress.eu\/de\/produkt\/stojan-modulovy-typ-18-pre-09-bicyklov\/\",\"url\":\"https:\/\/ecoprogress.eu\/de\/produkt\/stojan-modulovy-typ-18-pre-09-bicyklov\/\",\"name\":\"Stojan modulov\u00fd typ 18 pre 09 bicyklov | Ecoprogress\",\"isPartOf\":{\"@id\":\"https:\/\/ecoprogress.eu\/de\/#website\"},\"primaryImageOfPage\":{\"@id\":\"https:\/\/ecoprogress.eu\/de\/produkt\/stojan-modulovy-typ-18-pre-09-bicyklov\/#primaryimage\"},\"image\":{\"@id\":\"https:\/\/ecoprogress.eu\/de\/produkt\/stojan-modulovy-typ-18-pre-09-bicyklov\/#primaryimage\"},\"thumbnailUrl\":\"https:\/\/ecoprogress.eu\/wp-content\/uploads\/3.Portabici-Gamma-cls-5-posti-FIANCHI-TONDI.jpg\",\"datePublished\":\"2023-03-06T07:59:54+00:00\",\"dateModified\":\"2023-03-29T15:12:35+00:00\",\"description\":\"Stojan modulov\u00fd typ 18 pre 9 bicyklov z pozinkovanej a ma\u013eovanej ocele s bet\u00f3nov\u00fdmi podperami je atrakt\u00edvnym k\u00fasom mestsk\u00e9ho mobili\u00e1ru.\",\"breadcrumb\":{\"@id\":\"https:\/\/ecoprogress.eu\/de\/produkt\/stojan-modulovy-typ-18-pre-09-bicyklov\/#breadcrumb\"},\"inLanguage\":\"de\",\"potentialAction\":[{\"@type\":\"ReadAction\",\"target\":[\"https:\/\/ecoprogress.eu\/de\/produkt\/stojan-modulovy-typ-18-pre-09-bicyklov\/\"]}]},{\"@type\":\"ImageObject\",\"inLanguage\":\"de\",\"@id\":\"https:\/\/ecoprogress.eu\/de\/produkt\/stojan-modulovy-typ-18-pre-09-bicyklov\/#primaryimage\",\"url\":\"https:\/\/ecoprogress.eu\/wp-content\/uploads\/3.Portabici-Gamma-cls-5-posti-FIANCHI-TONDI.jpg\",\"contentUrl\":\"https:\/\/ecoprogress.eu\/wp-content\/uploads\/3.Portabici-Gamma-cls-5-posti-FIANCHI-TONDI.jpg\",\"width\":750,\"height\":750},{\"@type\":\"BreadcrumbList\",\"@id\":\"https:\/\/ecoprogress.eu\/de\/produkt\/stojan-modulovy-typ-18-pre-09-bicyklov\/#breadcrumb\",\"itemListElement\":[{\"@type\":\"ListItem\",\"position\":1,\"name\":\"Produkte\",\"item\":\"https:\/\/ecoprogress.eu\/de\/produkte\/\"},{\"@type\":\"ListItem\",\"position\":2,\"name\":\"Stojan modulov\u00fd typ 18 pre 09 bicyklov\"}]},{\"@type\":\"WebSite\",\"@id\":\"https:\/\/ecoprogress.eu\/de\/#website\",\"url\":\"https:\/\/ecoprogress.eu\/de\/\",\"name\":\"Ecoprogress\",\"description\":\"\",\"publisher\":{\"@id\":\"https:\/\/ecoprogress.eu\/de\/#organization\"},\"potentialAction\":[{\"@type\":\"SearchAction\",\"target\":{\"@type\":\"EntryPoint\",\"urlTemplate\":\"https:\/\/ecoprogress.eu\/de\/?s={search_term_string}\"},\"query-input\":{\"@type\":\"PropertyValueSpecification\",\"valueRequired\":true,\"valueName\":\"search_term_string\"}}],\"inLanguage\":\"de\"},{\"@type\":\"Organization\",\"@id\":\"https:\/\/ecoprogress.eu\/de\/#organization\",\"name\":\"Ecoprogress\",\"url\":\"https:\/\/ecoprogress.eu\/de\/\",\"logo\":{\"@type\":\"ImageObject\",\"inLanguage\":\"de\",\"@id\":\"https:\/\/ecoprogress.eu\/de\/#\/schema\/logo\/image\/\",\"url\":\"https:\/\/ecoprogress.eu\/wp-content\/uploads\/logo-2.svg\",\"contentUrl\":\"https:\/\/ecoprogress.eu\/wp-content\/uploads\/logo-2.svg\",\"width\":318,\"height\":349,\"caption\":\"Ecoprogress\"},\"image\":{\"@id\":\"https:\/\/ecoprogress.eu\/de\/#\/schema\/logo\/image\/\"}}]}<\/script>\n<!-- \/ Yoast SEO plugin. -->","yoast_head_json":{"title":"Stojan modulov\u00fd typ 18 pre 09 bicyklov | Ecoprogress","description":"Stojan modulov\u00fd typ 18 pre 9 bicyklov z pozinkovanej a ma\u013eovanej ocele s bet\u00f3nov\u00fdmi podperami je atrakt\u00edvnym k\u00fasom mestsk\u00e9ho mobili\u00e1ru.","robots":{"index":"index","follow":"follow","max-snippet":"max-snippet:-1","max-image-preview":"max-image-preview:large","max-video-preview":"max-video-preview:-1"},"canonical":"https:\/\/ecoprogress.eu\/de\/produkt\/stojan-modulovy-typ-18-pre-09-bicyklov\/","og_locale":"de_DE","og_type":"article","og_title":"Stojan modulov\u00fd typ 18 pre 09 bicyklov | Ecoprogress","og_description":"Stojan modulov\u00fd typ 18 pre 9 bicyklov z pozinkovanej a ma\u013eovanej ocele s bet\u00f3nov\u00fdmi podperami je atrakt\u00edvnym k\u00fasom mestsk\u00e9ho mobili\u00e1ru.","og_url":"https:\/\/ecoprogress.eu\/de\/produkt\/stojan-modulovy-typ-18-pre-09-bicyklov\/","og_site_name":"Ecoprogress","article_modified_time":"2023-03-29T15:12:35+00:00","og_image":[{"width":750,"height":750,"url":"https:\/\/ecoprogress.eu\/wp-content\/uploads\/3.Portabici-Gamma-cls-5-posti-FIANCHI-TONDI.jpg","type":"image\/jpeg"}],"twitter_card":"summary_large_image","twitter_misc":{"Gesch\u00e4tzte Lesezeit":"1\u00a0Minute"},"schema":{"@context":"https:\/\/schema.org","@graph":[{"@type":"WebPage","@id":"https:\/\/ecoprogress.eu\/de\/produkt\/stojan-modulovy-typ-18-pre-09-bicyklov\/","url":"https:\/\/ecoprogress.eu\/de\/produkt\/stojan-modulovy-typ-18-pre-09-bicyklov\/","name":"Stojan modulov\u00fd typ 18 pre 09 bicyklov | Ecoprogress","isPartOf":{"@id":"https:\/\/ecoprogress.eu\/de\/#website"},"primaryImageOfPage":{"@id":"https:\/\/ecoprogress.eu\/de\/produkt\/stojan-modulovy-typ-18-pre-09-bicyklov\/#primaryimage"},"image":{"@id":"https:\/\/ecoprogress.eu\/de\/produkt\/stojan-modulovy-typ-18-pre-09-bicyklov\/#primaryimage"},"thumbnailUrl":"https:\/\/ecoprogress.eu\/wp-content\/uploads\/3.Portabici-Gamma-cls-5-posti-FIANCHI-TONDI.jpg","datePublished":"2023-03-06T07:59:54+00:00","dateModified":"2023-03-29T15:12:35+00:00","description":"Stojan modulov\u00fd typ 18 pre 9 bicyklov z pozinkovanej a ma\u013eovanej ocele s bet\u00f3nov\u00fdmi podperami je atrakt\u00edvnym k\u00fasom mestsk\u00e9ho mobili\u00e1ru.","breadcrumb":{"@id":"https:\/\/ecoprogress.eu\/de\/produkt\/stojan-modulovy-typ-18-pre-09-bicyklov\/#breadcrumb"},"inLanguage":"de","potentialAction":[{"@type":"ReadAction","target":["https:\/\/ecoprogress.eu\/de\/produkt\/stojan-modulovy-typ-18-pre-09-bicyklov\/"]}]},{"@type":"ImageObject","inLanguage":"de","@id":"https:\/\/ecoprogress.eu\/de\/produkt\/stojan-modulovy-typ-18-pre-09-bicyklov\/#primaryimage","url":"https:\/\/ecoprogress.eu\/wp-content\/uploads\/3.Portabici-Gamma-cls-5-posti-FIANCHI-TONDI.jpg","contentUrl":"https:\/\/ecoprogress.eu\/wp-content\/uploads\/3.Portabici-Gamma-cls-5-posti-FIANCHI-TONDI.jpg","width":750,"height":750},{"@type":"BreadcrumbList","@id":"https:\/\/ecoprogress.eu\/de\/produkt\/stojan-modulovy-typ-18-pre-09-bicyklov\/#breadcrumb","itemListElement":[{"@type":"ListItem","position":1,"name":"Produkte","item":"https:\/\/ecoprogress.eu\/de\/produkte\/"},{"@type":"ListItem","position":2,"name":"Stojan modulov\u00fd typ 18 pre 09 bicyklov"}]},{"@type":"WebSite","@id":"https:\/\/ecoprogress.eu\/de\/#website","url":"https:\/\/ecoprogress.eu\/de\/","name":"Ecoprogress","description":"","publisher":{"@id":"https:\/\/ecoprogress.eu\/de\/#organization"},"potentialAction":[{"@type":"SearchAction","target":{"@type":"EntryPoint","urlTemplate":"https:\/\/ecoprogress.eu\/de\/?s={search_term_string}"},"query-input":{"@type":"PropertyValueSpecification","valueRequired":true,"valueName":"search_term_string"}}],"inLanguage":"de"},{"@type":"Organization","@id":"https:\/\/ecoprogress.eu\/de\/#organization","name":"Ecoprogress","url":"https:\/\/ecoprogress.eu\/de\/","logo":{"@type":"ImageObject","inLanguage":"de","@id":"https:\/\/ecoprogress.eu\/de\/#\/schema\/logo\/image\/","url":"https:\/\/ecoprogress.eu\/wp-content\/uploads\/logo-2.svg","contentUrl":"https:\/\/ecoprogress.eu\/wp-content\/uploads\/logo-2.svg","width":318,"height":349,"caption":"Ecoprogress"},"image":{"@id":"https:\/\/ecoprogress.eu\/de\/#\/schema\/logo\/image\/"}}]}},"_links":{"self":[{"href":"https:\/\/ecoprogress.eu\/de\/wp-json\/wp\/v2\/product\/36925","targetHints":{"allow":["GET"]}}],"collection":[{"href":"https:\/\/ecoprogress.eu\/de\/wp-json\/wp\/v2\/product"}],"about":[{"href":"https:\/\/ecoprogress.eu\/de\/wp-json\/wp\/v2\/types\/product"}],"version-history":[{"count":0,"href":"https:\/\/ecoprogress.eu\/de\/wp-json\/wp\/v2\/product\/36925\/revisions"}],"wp:featuredmedia":[{"embeddable":true,"href":"https:\/\/ecoprogress.eu\/de\/wp-json\/wp\/v2\/media\/36930"}],"wp:attachment":[{"href":"https:\/\/ecoprogress.eu\/de\/wp-json\/wp\/v2\/media?parent=36925"}],"wp:term":[{"taxonomy":"product_brand","embeddable":true,"href":"https:\/\/ecoprogress.eu\/de\/wp-json\/wp\/v2\/product_brand?post=36925"},{"taxonomy":"product_cat","embeddable":true,"href":"https:\/\/ecoprogress.eu\/de\/wp-json\/wp\/v2\/product_cat?post=36925"},{"taxonomy":"product_tag","embeddable":true,"href":"https:\/\/ecoprogress.eu\/de\/wp-json\/wp\/v2\/product_tag?post=36925"}],"curies":[{"name":"wp","href":"https:\/\/api.w.org\/{rel}","templated":true}]}}