{"id":37006,"date":"2023-03-06T10:43:32","date_gmt":"2023-03-06T09:43:32","guid":{"rendered":"https:\/\/ecoprogress.eu\/?post_type=product&#038;p=37006"},"modified":"2023-03-10T15:20:03","modified_gmt":"2023-03-10T14:20:03","slug":"fontana-typ-02","status":"publish","type":"product","link":"https:\/\/ecoprogress.eu\/de\/produkt\/fontana-typ-02\/","title":{"rendered":"Font\u00e1na typ 02"},"content":{"rendered":"<p>Dodanie 4-6 t\u00fd\u017ed\u0148ov (pod\u013ea stavu skladov\u00fdch z\u00e1sob)<\/p>\n<p>Font\u00e1na pozost\u00e1va zo \u0161tvorcovej oce\u013eovej r\u00farkovej kon\u0161trukcie s rozmermi 150 x 150 mm, vysokej 1000 mm, ktor\u00e1 je v hornej \u010dasti uzavret\u00e1 oce\u013eov\u00fdm uz\u00e1verom upevnen\u00fdm dvoma skrutkami, tak\u017ee sa d\u00e1 \u013eahko odstr\u00e1ni\u0165 na \u00fa\u010dely in\u0161tal\u00e1cie a \u00fadr\u017eby vodovodn\u00e9ho koh\u00fatika. K z\u00e1kladni je privaren\u00e1 \u0161tvorcov\u00e1 doska s rozmermi 250 x 250 mm so 4 otvormi na upevnenie kon\u0161trukcie do zeme pomocou rozpern\u00fdch hmo\u017ediniek.<\/p>\n<p>V\u0161etky oce\u013eov\u00e9 \u010dasti s\u00fa \u017eiarovo pozinkovan\u00e9 a natret\u00e9 termosetov\u00fdmi polyesterov\u00fdmi pr\u00e1\u0161kami.<\/p>\n<p>Poniklovan\u00fd mosadzn\u00fd koh\u00fatik m\u00e1 \u010dosov\u00e9 tla\u010didlo s norm\u00e1lne uzavretou vratnou pru\u017einou a je pripojen\u00fd k nerezovej r\u00farke so z\u00e1vitov\u00fdm koncom 1\/2&#8243; na pripojenie k vodovodnej sieti.<\/p>\n<p>Odtok je cel\u00fd vyroben\u00fd z lakovanej liatiny a pozost\u00e1va z dvoch \u010dast\u00ed, r\u00e1mu 450 x 265 na zapustenie do zeme (alebo na vrchole vodojemu) a mrie\u017eky s hr\u00fabkou 50 mm, ktor\u00e1 je odn\u00edmate\u013en\u00e1 na jednoduch\u00e9 \u010distenie.<\/p>\n\n<table id=\"tablepress-1552\" class=\"tablepress tablepress-id-1552\">\n<tbody class=\"row-striping row-hover\">\n<tr class=\"row-1\">\n\t<td class=\"column-1\">materi\u00e1l<\/td><td class=\"column-2\">pozinkovan\u00e1 a ma\u013eovan\u00e1 oce\u013e<\/td>\n<\/tr>\n<tr class=\"row-2\">\n\t<td class=\"column-1\">\u0161\u00edrka<\/td><td class=\"column-2\">113,4 cm<\/td>\n<\/tr>\n<tr class=\"row-3\">\n\t<td class=\"column-1\">v\u00fd\u0161ka<\/td><td class=\"column-2\">10,08 cm<\/td>\n<\/tr>\n<tr class=\"row-4\">\n\t<td class=\"column-1\">h\u013abka<\/td><td class=\"column-2\">22 cm<\/td>\n<\/tr>\n<\/tbody>\n<\/table>\n<!-- #tablepress-1552 from cache -->\n","protected":false},"excerpt":{"rendered":"<p>Font\u00e1na typ 02 je obojstrann\u00e1 font\u00e1na z oce\u013eovej kon\u0161trukcie pri\u0161om je elegantn\u00fdm doplnkom mestskej infra\u0161trukt\u00fary.<\/p>\n","protected":false},"featured_media":37009,"template":"","meta":[],"product_brand":[],"product_cat":[636],"product_tag":[],"class_list":{"0":"post-37006","1":"product","2":"type-product","3":"status-publish","4":"has-post-thumbnail","6":"product_cat-fontany","7":"product_shipping_class-stojany","9":"first","10":"instock","11":"taxable","12":"shipping-taxable","13":"purchasable","14":"product-type-simple"},"yoast_head":"<!-- This site is optimized with the Yoast SEO plugin v27.2 - https:\/\/yoast.com\/product\/yoast-seo-wordpress\/ -->\n<title>Font\u00e1na typ 02 | Ecoprogress<\/title>\n<meta name=\"robots\" content=\"index, follow, max-snippet:-1, max-image-preview:large, max-video-preview:-1\" \/>\n<link rel=\"canonical\" href=\"https:\/\/ecoprogress.eu\/de\/produkt\/fontana-typ-02\/\" \/>\n<meta property=\"og:locale\" content=\"de_DE\" \/>\n<meta property=\"og:type\" content=\"article\" \/>\n<meta property=\"og:title\" content=\"Font\u00e1na typ 02 | Ecoprogress\" \/>\n<meta property=\"og:description\" content=\"Font\u00e1na typ 02 je obojstrann\u00e1 font\u00e1na z oce\u013eovej kon\u0161trukcie pri\u0161om je elegantn\u00fdm doplnkom mestskej infra\u0161trukt\u00fary.\" \/>\n<meta property=\"og:url\" content=\"https:\/\/ecoprogress.eu\/de\/produkt\/fontana-typ-02\/\" \/>\n<meta property=\"og:site_name\" content=\"Ecoprogress\" \/>\n<meta property=\"article:modified_time\" content=\"2023-03-10T14:20:03+00:00\" \/>\n<meta property=\"og:image\" content=\"https:\/\/ecoprogress.eu\/wp-content\/uploads\/5.Fontana-Trieste-tonda-doppia.jpg\" \/>\n\t<meta property=\"og:image:width\" content=\"1556\" \/>\n\t<meta property=\"og:image:height\" content=\"1492\" \/>\n\t<meta property=\"og:image:type\" content=\"image\/jpeg\" \/>\n<meta name=\"twitter:card\" content=\"summary_large_image\" \/>\n<meta name=\"twitter:label1\" content=\"Gesch\u00e4tzte Lesezeit\" \/>\n\t<meta name=\"twitter:data1\" content=\"1\u00a0Minute\" \/>\n<script type=\"application\/ld+json\" class=\"yoast-schema-graph\">{\"@context\":\"https:\/\/schema.org\",\"@graph\":[{\"@type\":\"WebPage\",\"@id\":\"https:\/\/ecoprogress.eu\/de\/produkt\/fontana-typ-02\/\",\"url\":\"https:\/\/ecoprogress.eu\/de\/produkt\/fontana-typ-02\/\",\"name\":\"Font\u00e1na typ 02 | Ecoprogress\",\"isPartOf\":{\"@id\":\"https:\/\/ecoprogress.eu\/de\/#website\"},\"primaryImageOfPage\":{\"@id\":\"https:\/\/ecoprogress.eu\/de\/produkt\/fontana-typ-02\/#primaryimage\"},\"image\":{\"@id\":\"https:\/\/ecoprogress.eu\/de\/produkt\/fontana-typ-02\/#primaryimage\"},\"thumbnailUrl\":\"https:\/\/ecoprogress.eu\/wp-content\/uploads\/5.Fontana-Trieste-tonda-doppia.jpg\",\"datePublished\":\"2023-03-06T09:43:32+00:00\",\"dateModified\":\"2023-03-10T14:20:03+00:00\",\"breadcrumb\":{\"@id\":\"https:\/\/ecoprogress.eu\/de\/produkt\/fontana-typ-02\/#breadcrumb\"},\"inLanguage\":\"de\",\"potentialAction\":[{\"@type\":\"ReadAction\",\"target\":[\"https:\/\/ecoprogress.eu\/de\/produkt\/fontana-typ-02\/\"]}]},{\"@type\":\"ImageObject\",\"inLanguage\":\"de\",\"@id\":\"https:\/\/ecoprogress.eu\/de\/produkt\/fontana-typ-02\/#primaryimage\",\"url\":\"https:\/\/ecoprogress.eu\/wp-content\/uploads\/5.Fontana-Trieste-tonda-doppia.jpg\",\"contentUrl\":\"https:\/\/ecoprogress.eu\/wp-content\/uploads\/5.Fontana-Trieste-tonda-doppia.jpg\",\"width\":1556,\"height\":1492},{\"@type\":\"BreadcrumbList\",\"@id\":\"https:\/\/ecoprogress.eu\/de\/produkt\/fontana-typ-02\/#breadcrumb\",\"itemListElement\":[{\"@type\":\"ListItem\",\"position\":1,\"name\":\"Produkte\",\"item\":\"https:\/\/ecoprogress.eu\/de\/produkte\/\"},{\"@type\":\"ListItem\",\"position\":2,\"name\":\"Font\u00e1na typ 02\"}]},{\"@type\":\"WebSite\",\"@id\":\"https:\/\/ecoprogress.eu\/de\/#website\",\"url\":\"https:\/\/ecoprogress.eu\/de\/\",\"name\":\"Ecoprogress\",\"description\":\"\",\"publisher\":{\"@id\":\"https:\/\/ecoprogress.eu\/de\/#organization\"},\"potentialAction\":[{\"@type\":\"SearchAction\",\"target\":{\"@type\":\"EntryPoint\",\"urlTemplate\":\"https:\/\/ecoprogress.eu\/de\/?s={search_term_string}\"},\"query-input\":{\"@type\":\"PropertyValueSpecification\",\"valueRequired\":true,\"valueName\":\"search_term_string\"}}],\"inLanguage\":\"de\"},{\"@type\":\"Organization\",\"@id\":\"https:\/\/ecoprogress.eu\/de\/#organization\",\"name\":\"Ecoprogress\",\"url\":\"https:\/\/ecoprogress.eu\/de\/\",\"logo\":{\"@type\":\"ImageObject\",\"inLanguage\":\"de\",\"@id\":\"https:\/\/ecoprogress.eu\/de\/#\/schema\/logo\/image\/\",\"url\":\"https:\/\/ecoprogress.eu\/wp-content\/uploads\/logo-2.svg\",\"contentUrl\":\"https:\/\/ecoprogress.eu\/wp-content\/uploads\/logo-2.svg\",\"width\":318,\"height\":349,\"caption\":\"Ecoprogress\"},\"image\":{\"@id\":\"https:\/\/ecoprogress.eu\/de\/#\/schema\/logo\/image\/\"}}]}<\/script>\n<!-- \/ Yoast SEO plugin. -->","yoast_head_json":{"title":"Font\u00e1na typ 02 | Ecoprogress","robots":{"index":"index","follow":"follow","max-snippet":"max-snippet:-1","max-image-preview":"max-image-preview:large","max-video-preview":"max-video-preview:-1"},"canonical":"https:\/\/ecoprogress.eu\/de\/produkt\/fontana-typ-02\/","og_locale":"de_DE","og_type":"article","og_title":"Font\u00e1na typ 02 | Ecoprogress","og_description":"Font\u00e1na typ 02 je obojstrann\u00e1 font\u00e1na z oce\u013eovej kon\u0161trukcie pri\u0161om je elegantn\u00fdm doplnkom mestskej infra\u0161trukt\u00fary.","og_url":"https:\/\/ecoprogress.eu\/de\/produkt\/fontana-typ-02\/","og_site_name":"Ecoprogress","article_modified_time":"2023-03-10T14:20:03+00:00","og_image":[{"width":1556,"height":1492,"url":"https:\/\/ecoprogress.eu\/wp-content\/uploads\/5.Fontana-Trieste-tonda-doppia.jpg","type":"image\/jpeg"}],"twitter_card":"summary_large_image","twitter_misc":{"Gesch\u00e4tzte Lesezeit":"1\u00a0Minute"},"schema":{"@context":"https:\/\/schema.org","@graph":[{"@type":"WebPage","@id":"https:\/\/ecoprogress.eu\/de\/produkt\/fontana-typ-02\/","url":"https:\/\/ecoprogress.eu\/de\/produkt\/fontana-typ-02\/","name":"Font\u00e1na typ 02 | Ecoprogress","isPartOf":{"@id":"https:\/\/ecoprogress.eu\/de\/#website"},"primaryImageOfPage":{"@id":"https:\/\/ecoprogress.eu\/de\/produkt\/fontana-typ-02\/#primaryimage"},"image":{"@id":"https:\/\/ecoprogress.eu\/de\/produkt\/fontana-typ-02\/#primaryimage"},"thumbnailUrl":"https:\/\/ecoprogress.eu\/wp-content\/uploads\/5.Fontana-Trieste-tonda-doppia.jpg","datePublished":"2023-03-06T09:43:32+00:00","dateModified":"2023-03-10T14:20:03+00:00","breadcrumb":{"@id":"https:\/\/ecoprogress.eu\/de\/produkt\/fontana-typ-02\/#breadcrumb"},"inLanguage":"de","potentialAction":[{"@type":"ReadAction","target":["https:\/\/ecoprogress.eu\/de\/produkt\/fontana-typ-02\/"]}]},{"@type":"ImageObject","inLanguage":"de","@id":"https:\/\/ecoprogress.eu\/de\/produkt\/fontana-typ-02\/#primaryimage","url":"https:\/\/ecoprogress.eu\/wp-content\/uploads\/5.Fontana-Trieste-tonda-doppia.jpg","contentUrl":"https:\/\/ecoprogress.eu\/wp-content\/uploads\/5.Fontana-Trieste-tonda-doppia.jpg","width":1556,"height":1492},{"@type":"BreadcrumbList","@id":"https:\/\/ecoprogress.eu\/de\/produkt\/fontana-typ-02\/#breadcrumb","itemListElement":[{"@type":"ListItem","position":1,"name":"Produkte","item":"https:\/\/ecoprogress.eu\/de\/produkte\/"},{"@type":"ListItem","position":2,"name":"Font\u00e1na typ 02"}]},{"@type":"WebSite","@id":"https:\/\/ecoprogress.eu\/de\/#website","url":"https:\/\/ecoprogress.eu\/de\/","name":"Ecoprogress","description":"","publisher":{"@id":"https:\/\/ecoprogress.eu\/de\/#organization"},"potentialAction":[{"@type":"SearchAction","target":{"@type":"EntryPoint","urlTemplate":"https:\/\/ecoprogress.eu\/de\/?s={search_term_string}"},"query-input":{"@type":"PropertyValueSpecification","valueRequired":true,"valueName":"search_term_string"}}],"inLanguage":"de"},{"@type":"Organization","@id":"https:\/\/ecoprogress.eu\/de\/#organization","name":"Ecoprogress","url":"https:\/\/ecoprogress.eu\/de\/","logo":{"@type":"ImageObject","inLanguage":"de","@id":"https:\/\/ecoprogress.eu\/de\/#\/schema\/logo\/image\/","url":"https:\/\/ecoprogress.eu\/wp-content\/uploads\/logo-2.svg","contentUrl":"https:\/\/ecoprogress.eu\/wp-content\/uploads\/logo-2.svg","width":318,"height":349,"caption":"Ecoprogress"},"image":{"@id":"https:\/\/ecoprogress.eu\/de\/#\/schema\/logo\/image\/"}}]}},"_links":{"self":[{"href":"https:\/\/ecoprogress.eu\/de\/wp-json\/wp\/v2\/product\/37006","targetHints":{"allow":["GET"]}}],"collection":[{"href":"https:\/\/ecoprogress.eu\/de\/wp-json\/wp\/v2\/product"}],"about":[{"href":"https:\/\/ecoprogress.eu\/de\/wp-json\/wp\/v2\/types\/product"}],"version-history":[{"count":0,"href":"https:\/\/ecoprogress.eu\/de\/wp-json\/wp\/v2\/product\/37006\/revisions"}],"wp:featuredmedia":[{"embeddable":true,"href":"https:\/\/ecoprogress.eu\/de\/wp-json\/wp\/v2\/media\/37009"}],"wp:attachment":[{"href":"https:\/\/ecoprogress.eu\/de\/wp-json\/wp\/v2\/media?parent=37006"}],"wp:term":[{"taxonomy":"product_brand","embeddable":true,"href":"https:\/\/ecoprogress.eu\/de\/wp-json\/wp\/v2\/product_brand?post=37006"},{"taxonomy":"product_cat","embeddable":true,"href":"https:\/\/ecoprogress.eu\/de\/wp-json\/wp\/v2\/product_cat?post=37006"},{"taxonomy":"product_tag","embeddable":true,"href":"https:\/\/ecoprogress.eu\/de\/wp-json\/wp\/v2\/product_tag?post=37006"}],"curies":[{"name":"wp","href":"https:\/\/api.w.org\/{rel}","templated":true}]}}