{"id":37095,"date":"2023-03-06T13:15:08","date_gmt":"2023-03-06T12:15:08","guid":{"rendered":"https:\/\/ecoprogress.eu\/?post_type=product&#038;p=37095"},"modified":"2023-03-30T09:03:19","modified_gmt":"2023-03-30T07:03:19","slug":"odpadkovy-kos-segregacny-typ-22","status":"publish","type":"product","link":"https:\/\/ecoprogress.eu\/de\/produkt\/odpadkovy-kos-segregacny-typ-22\/","title":{"rendered":"Odpadkov\u00fd k\u00f4\u0161 segrega\u010dn\u00fd typ 22"},"content":{"rendered":"<p>Dodanie 4-6 t\u00fd\u017ed\u0148ov (pod\u013ea stavu skladov\u00fdch z\u00e1sob)<\/p>\n<p>Zvolen\u00e9 farby pros\u00edme nap\u00edsa\u0165 do pozn\u00e1mky v procese objedn\u00e1vky.<\/p>\n<p>Kontajnery sa dod\u00e1vaj\u00fa s kr\u00fa\u017ekom na vrecko a daj\u00fa sa odpoji\u0165 od st\u013apika a vytiahnu\u0165, aby sa u\u013eah\u010dilo vypr\u00e1zd\u0148ovanie.<br \/>\nDno je nav\u0155tan\u00e9 na odtok vody.<\/p>\n<p>Ka\u017ed\u00fd kontajner je vybaven\u00fd vekom s odn\u00edmate\u013en\u00fdm popoln\u00edkom pripevnen\u00fdm k stredov\u00e9mu st\u013apiku. St\u013apik mo\u017eno zabet\u00f3nova\u0165 alebo ukotvi\u0165 pomocou skrutiek v\u010faka pr\u00edrube \u00d8 200 mm.<\/p>\n<p>V\u0161etky kovov\u00e9 \u010dasti s\u00fa pozinkovan\u00e9 a natret\u00e9 termosetov\u00fdmi polyesterov\u00fdmi pr\u00e1\u0161kami v r\u00f4znych farb\u00e1ch RAL. Skrutky s\u00fa z nehrdzavej\u00facej ocele.<\/p>\n\n<table id=\"tablepress-1573\" class=\"tablepress tablepress-id-1573\">\n<tbody class=\"row-striping row-hover\">\n<tr class=\"row-1\">\n\t<td class=\"column-1\">materi\u00e1l<\/td><td class=\"column-2\">pozinkovan\u00e1 a ma\u013eovan\u00e1 oce\u013e<\/td>\n<\/tr>\n<tr class=\"row-2\">\n\t<td class=\"column-1\">\u0161\u00edrka<\/td><td class=\"column-2\">87,2 cm<\/td>\n<\/tr>\n<tr class=\"row-3\">\n\t<td class=\"column-1\">v\u00fd\u0161ka<\/td><td class=\"column-2\">131,7 cm<\/td>\n<\/tr>\n<tr class=\"row-4\">\n\t<td class=\"column-1\">h\u013abka<\/td><td class=\"column-2\">\u00d8 35 cm<\/td>\n<\/tr>\n<tr class=\"row-5\">\n\t<td class=\"column-1\">kapacita<\/td><td class=\"column-2\">2 x 45 l<\/td>\n<\/tr>\n<\/tbody>\n<\/table>\n\n","protected":false},"excerpt":{"rendered":"<p>Odpadkov\u00fd k\u00f4\u0161 segrega\u010dn\u00fd typ 22 z 4 valcov\u00fdch n\u00e1dob \u00d8 320 mm. N\u00e1doby s\u00fa pripevnen\u00e9 k nosn\u00e9mu st\u013apiku z oce\u013eovej r\u00farky \u00d8 80 mm; st\u013apik je na vrchu opatren\u00fd ozdobnou gu\u013eou \u00d8 90.<\/p>\n","protected":false},"featured_media":37099,"template":"","meta":[],"product_brand":[],"product_cat":[177,659,188,290],"product_tag":[],"class_list":{"0":"post-37095","1":"product","2":"type-product","3":"status-publish","4":"has-post-thumbnail","6":"product_cat-kose-park-a-ulica","7":"product_cat-ocelovy-mobiliar","8":"product_cat-ovalne","9":"product_cat-segregacne","10":"product_shipping_class-stojany","12":"first","13":"instock","14":"taxable","15":"shipping-taxable","16":"purchasable","17":"product-type-variable"},"yoast_head":"<!-- This site is optimized with the Yoast SEO plugin v27.2 - https:\/\/yoast.com\/product\/yoast-seo-wordpress\/ -->\n<title>Odpadkov\u00fd k\u00f4\u0161 segrega\u010dn\u00fd typ 22 | Ecoprogress<\/title>\n<meta name=\"description\" content=\"Odpadkov\u00fd k\u00f4\u0161 segrega\u010dn\u00fd typ 22 z 4 valcov\u00fdch n\u00e1dob \u00d8 320 mm. N\u00e1doby s\u00fa pripevnen\u00e9 k nosn\u00e9mu st\u013apiku z oce\u013eovej r\u00farky \u00d8 80 mm.\" \/>\n<meta name=\"robots\" content=\"index, follow, max-snippet:-1, max-image-preview:large, max-video-preview:-1\" \/>\n<link rel=\"canonical\" href=\"https:\/\/ecoprogress.eu\/de\/produkt\/odpadkovy-kos-segregacny-typ-22\/\" \/>\n<meta property=\"og:locale\" content=\"de_DE\" \/>\n<meta property=\"og:type\" content=\"article\" \/>\n<meta property=\"og:title\" content=\"Odpadkov\u00fd k\u00f4\u0161 segrega\u010dn\u00fd typ 22 | Ecoprogress\" \/>\n<meta property=\"og:description\" content=\"Odpadkov\u00fd k\u00f4\u0161 segrega\u010dn\u00fd typ 22 z 4 valcov\u00fdch n\u00e1dob \u00d8 320 mm. N\u00e1doby s\u00fa pripevnen\u00e9 k nosn\u00e9mu st\u013apiku z oce\u013eovej r\u00farky \u00d8 80 mm.\" \/>\n<meta property=\"og:url\" content=\"https:\/\/ecoprogress.eu\/de\/produkt\/odpadkovy-kos-segregacny-typ-22\/\" \/>\n<meta property=\"og:site_name\" content=\"Ecoprogress\" \/>\n<meta property=\"article:modified_time\" content=\"2023-03-30T07:03:19+00:00\" \/>\n<meta property=\"og:image\" content=\"https:\/\/ecoprogress.eu\/wp-content\/uploads\/4.Cestino-Siena-ecology-4-settori.jpg\" \/>\n\t<meta property=\"og:image:width\" content=\"1024\" \/>\n\t<meta property=\"og:image:height\" content=\"1594\" \/>\n\t<meta property=\"og:image:type\" content=\"image\/jpeg\" \/>\n<meta name=\"twitter:card\" content=\"summary_large_image\" \/>\n<meta name=\"twitter:label1\" content=\"Gesch\u00e4tzte Lesezeit\" \/>\n\t<meta name=\"twitter:data1\" content=\"1\u00a0Minute\" \/>\n<script type=\"application\/ld+json\" class=\"yoast-schema-graph\">{\"@context\":\"https:\/\/schema.org\",\"@graph\":[{\"@type\":\"WebPage\",\"@id\":\"https:\/\/ecoprogress.eu\/de\/produkt\/odpadkovy-kos-segregacny-typ-22\/\",\"url\":\"https:\/\/ecoprogress.eu\/de\/produkt\/odpadkovy-kos-segregacny-typ-22\/\",\"name\":\"Odpadkov\u00fd k\u00f4\u0161 segrega\u010dn\u00fd typ 22 | Ecoprogress\",\"isPartOf\":{\"@id\":\"https:\/\/ecoprogress.eu\/de\/#website\"},\"primaryImageOfPage\":{\"@id\":\"https:\/\/ecoprogress.eu\/de\/produkt\/odpadkovy-kos-segregacny-typ-22\/#primaryimage\"},\"image\":{\"@id\":\"https:\/\/ecoprogress.eu\/de\/produkt\/odpadkovy-kos-segregacny-typ-22\/#primaryimage\"},\"thumbnailUrl\":\"https:\/\/ecoprogress.eu\/wp-content\/uploads\/4.Cestino-Siena-ecology-4-settori.jpg\",\"datePublished\":\"2023-03-06T12:15:08+00:00\",\"dateModified\":\"2023-03-30T07:03:19+00:00\",\"description\":\"Odpadkov\u00fd k\u00f4\u0161 segrega\u010dn\u00fd typ 22 z 4 valcov\u00fdch n\u00e1dob \u00d8 320 mm. N\u00e1doby s\u00fa pripevnen\u00e9 k nosn\u00e9mu st\u013apiku z oce\u013eovej r\u00farky \u00d8 80 mm.\",\"breadcrumb\":{\"@id\":\"https:\/\/ecoprogress.eu\/de\/produkt\/odpadkovy-kos-segregacny-typ-22\/#breadcrumb\"},\"inLanguage\":\"de\",\"potentialAction\":[{\"@type\":\"ReadAction\",\"target\":[\"https:\/\/ecoprogress.eu\/de\/produkt\/odpadkovy-kos-segregacny-typ-22\/\"]}]},{\"@type\":\"ImageObject\",\"inLanguage\":\"de\",\"@id\":\"https:\/\/ecoprogress.eu\/de\/produkt\/odpadkovy-kos-segregacny-typ-22\/#primaryimage\",\"url\":\"https:\/\/ecoprogress.eu\/wp-content\/uploads\/4.Cestino-Siena-ecology-4-settori.jpg\",\"contentUrl\":\"https:\/\/ecoprogress.eu\/wp-content\/uploads\/4.Cestino-Siena-ecology-4-settori.jpg\",\"width\":1024,\"height\":1594},{\"@type\":\"BreadcrumbList\",\"@id\":\"https:\/\/ecoprogress.eu\/de\/produkt\/odpadkovy-kos-segregacny-typ-22\/#breadcrumb\",\"itemListElement\":[{\"@type\":\"ListItem\",\"position\":1,\"name\":\"Produkte\",\"item\":\"https:\/\/ecoprogress.eu\/de\/produkte\/\"},{\"@type\":\"ListItem\",\"position\":2,\"name\":\"Odpadkov\u00fd k\u00f4\u0161 segrega\u010dn\u00fd typ 22\"}]},{\"@type\":\"WebSite\",\"@id\":\"https:\/\/ecoprogress.eu\/de\/#website\",\"url\":\"https:\/\/ecoprogress.eu\/de\/\",\"name\":\"Ecoprogress\",\"description\":\"\",\"publisher\":{\"@id\":\"https:\/\/ecoprogress.eu\/de\/#organization\"},\"potentialAction\":[{\"@type\":\"SearchAction\",\"target\":{\"@type\":\"EntryPoint\",\"urlTemplate\":\"https:\/\/ecoprogress.eu\/de\/?s={search_term_string}\"},\"query-input\":{\"@type\":\"PropertyValueSpecification\",\"valueRequired\":true,\"valueName\":\"search_term_string\"}}],\"inLanguage\":\"de\"},{\"@type\":\"Organization\",\"@id\":\"https:\/\/ecoprogress.eu\/de\/#organization\",\"name\":\"Ecoprogress\",\"url\":\"https:\/\/ecoprogress.eu\/de\/\",\"logo\":{\"@type\":\"ImageObject\",\"inLanguage\":\"de\",\"@id\":\"https:\/\/ecoprogress.eu\/de\/#\/schema\/logo\/image\/\",\"url\":\"https:\/\/ecoprogress.eu\/wp-content\/uploads\/logo-2.svg\",\"contentUrl\":\"https:\/\/ecoprogress.eu\/wp-content\/uploads\/logo-2.svg\",\"width\":318,\"height\":349,\"caption\":\"Ecoprogress\"},\"image\":{\"@id\":\"https:\/\/ecoprogress.eu\/de\/#\/schema\/logo\/image\/\"}}]}<\/script>\n<!-- \/ Yoast SEO plugin. -->","yoast_head_json":{"title":"Odpadkov\u00fd k\u00f4\u0161 segrega\u010dn\u00fd typ 22 | Ecoprogress","description":"Odpadkov\u00fd k\u00f4\u0161 segrega\u010dn\u00fd typ 22 z 4 valcov\u00fdch n\u00e1dob \u00d8 320 mm. N\u00e1doby s\u00fa pripevnen\u00e9 k nosn\u00e9mu st\u013apiku z oce\u013eovej r\u00farky \u00d8 80 mm.","robots":{"index":"index","follow":"follow","max-snippet":"max-snippet:-1","max-image-preview":"max-image-preview:large","max-video-preview":"max-video-preview:-1"},"canonical":"https:\/\/ecoprogress.eu\/de\/produkt\/odpadkovy-kos-segregacny-typ-22\/","og_locale":"de_DE","og_type":"article","og_title":"Odpadkov\u00fd k\u00f4\u0161 segrega\u010dn\u00fd typ 22 | Ecoprogress","og_description":"Odpadkov\u00fd k\u00f4\u0161 segrega\u010dn\u00fd typ 22 z 4 valcov\u00fdch n\u00e1dob \u00d8 320 mm. N\u00e1doby s\u00fa pripevnen\u00e9 k nosn\u00e9mu st\u013apiku z oce\u013eovej r\u00farky \u00d8 80 mm.","og_url":"https:\/\/ecoprogress.eu\/de\/produkt\/odpadkovy-kos-segregacny-typ-22\/","og_site_name":"Ecoprogress","article_modified_time":"2023-03-30T07:03:19+00:00","og_image":[{"width":1024,"height":1594,"url":"https:\/\/ecoprogress.eu\/wp-content\/uploads\/4.Cestino-Siena-ecology-4-settori.jpg","type":"image\/jpeg"}],"twitter_card":"summary_large_image","twitter_misc":{"Gesch\u00e4tzte Lesezeit":"1\u00a0Minute"},"schema":{"@context":"https:\/\/schema.org","@graph":[{"@type":"WebPage","@id":"https:\/\/ecoprogress.eu\/de\/produkt\/odpadkovy-kos-segregacny-typ-22\/","url":"https:\/\/ecoprogress.eu\/de\/produkt\/odpadkovy-kos-segregacny-typ-22\/","name":"Odpadkov\u00fd k\u00f4\u0161 segrega\u010dn\u00fd typ 22 | Ecoprogress","isPartOf":{"@id":"https:\/\/ecoprogress.eu\/de\/#website"},"primaryImageOfPage":{"@id":"https:\/\/ecoprogress.eu\/de\/produkt\/odpadkovy-kos-segregacny-typ-22\/#primaryimage"},"image":{"@id":"https:\/\/ecoprogress.eu\/de\/produkt\/odpadkovy-kos-segregacny-typ-22\/#primaryimage"},"thumbnailUrl":"https:\/\/ecoprogress.eu\/wp-content\/uploads\/4.Cestino-Siena-ecology-4-settori.jpg","datePublished":"2023-03-06T12:15:08+00:00","dateModified":"2023-03-30T07:03:19+00:00","description":"Odpadkov\u00fd k\u00f4\u0161 segrega\u010dn\u00fd typ 22 z 4 valcov\u00fdch n\u00e1dob \u00d8 320 mm. N\u00e1doby s\u00fa pripevnen\u00e9 k nosn\u00e9mu st\u013apiku z oce\u013eovej r\u00farky \u00d8 80 mm.","breadcrumb":{"@id":"https:\/\/ecoprogress.eu\/de\/produkt\/odpadkovy-kos-segregacny-typ-22\/#breadcrumb"},"inLanguage":"de","potentialAction":[{"@type":"ReadAction","target":["https:\/\/ecoprogress.eu\/de\/produkt\/odpadkovy-kos-segregacny-typ-22\/"]}]},{"@type":"ImageObject","inLanguage":"de","@id":"https:\/\/ecoprogress.eu\/de\/produkt\/odpadkovy-kos-segregacny-typ-22\/#primaryimage","url":"https:\/\/ecoprogress.eu\/wp-content\/uploads\/4.Cestino-Siena-ecology-4-settori.jpg","contentUrl":"https:\/\/ecoprogress.eu\/wp-content\/uploads\/4.Cestino-Siena-ecology-4-settori.jpg","width":1024,"height":1594},{"@type":"BreadcrumbList","@id":"https:\/\/ecoprogress.eu\/de\/produkt\/odpadkovy-kos-segregacny-typ-22\/#breadcrumb","itemListElement":[{"@type":"ListItem","position":1,"name":"Produkte","item":"https:\/\/ecoprogress.eu\/de\/produkte\/"},{"@type":"ListItem","position":2,"name":"Odpadkov\u00fd k\u00f4\u0161 segrega\u010dn\u00fd typ 22"}]},{"@type":"WebSite","@id":"https:\/\/ecoprogress.eu\/de\/#website","url":"https:\/\/ecoprogress.eu\/de\/","name":"Ecoprogress","description":"","publisher":{"@id":"https:\/\/ecoprogress.eu\/de\/#organization"},"potentialAction":[{"@type":"SearchAction","target":{"@type":"EntryPoint","urlTemplate":"https:\/\/ecoprogress.eu\/de\/?s={search_term_string}"},"query-input":{"@type":"PropertyValueSpecification","valueRequired":true,"valueName":"search_term_string"}}],"inLanguage":"de"},{"@type":"Organization","@id":"https:\/\/ecoprogress.eu\/de\/#organization","name":"Ecoprogress","url":"https:\/\/ecoprogress.eu\/de\/","logo":{"@type":"ImageObject","inLanguage":"de","@id":"https:\/\/ecoprogress.eu\/de\/#\/schema\/logo\/image\/","url":"https:\/\/ecoprogress.eu\/wp-content\/uploads\/logo-2.svg","contentUrl":"https:\/\/ecoprogress.eu\/wp-content\/uploads\/logo-2.svg","width":318,"height":349,"caption":"Ecoprogress"},"image":{"@id":"https:\/\/ecoprogress.eu\/de\/#\/schema\/logo\/image\/"}}]}},"_links":{"self":[{"href":"https:\/\/ecoprogress.eu\/de\/wp-json\/wp\/v2\/product\/37095","targetHints":{"allow":["GET"]}}],"collection":[{"href":"https:\/\/ecoprogress.eu\/de\/wp-json\/wp\/v2\/product"}],"about":[{"href":"https:\/\/ecoprogress.eu\/de\/wp-json\/wp\/v2\/types\/product"}],"version-history":[{"count":0,"href":"https:\/\/ecoprogress.eu\/de\/wp-json\/wp\/v2\/product\/37095\/revisions"}],"wp:featuredmedia":[{"embeddable":true,"href":"https:\/\/ecoprogress.eu\/de\/wp-json\/wp\/v2\/media\/37099"}],"wp:attachment":[{"href":"https:\/\/ecoprogress.eu\/de\/wp-json\/wp\/v2\/media?parent=37095"}],"wp:term":[{"taxonomy":"product_brand","embeddable":true,"href":"https:\/\/ecoprogress.eu\/de\/wp-json\/wp\/v2\/product_brand?post=37095"},{"taxonomy":"product_cat","embeddable":true,"href":"https:\/\/ecoprogress.eu\/de\/wp-json\/wp\/v2\/product_cat?post=37095"},{"taxonomy":"product_tag","embeddable":true,"href":"https:\/\/ecoprogress.eu\/de\/wp-json\/wp\/v2\/product_tag?post=37095"}],"curies":[{"name":"wp","href":"https:\/\/api.w.org\/{rel}","templated":true}]}}