{"id":37144,"date":"2023-03-06T15:55:42","date_gmt":"2023-03-06T14:55:42","guid":{"rendered":"https:\/\/ecoprogress.eu\/?post_type=product&#038;p=37144"},"modified":"2023-03-10T15:19:28","modified_gmt":"2023-03-10T14:19:28","slug":"zostava-stol-s-lavickami-typ-33","status":"publish","type":"product","link":"https:\/\/ecoprogress.eu\/de\/produkt\/zostava-stol-s-lavickami-typ-33\/","title":{"rendered":"Zostava st\u00f4l s lavi\u010dkami typ 33"},"content":{"rendered":"<p>Dodanie 4-6 t\u00fd\u017ed\u0148ov (pod\u013ea stavu skladov\u00fdch z\u00e1sob)<\/p>\n<p>Na bokoch je privaren\u00fdch \u0161es\u0165 dosiek s otvormi na pripevnenie k podlahe pomocou hmo\u017ediniek, zmontovan\u00e1 kon\u0161trukcia sa st\u00e1va jedn\u00fdm telesom, aby sa zabr\u00e1nilo \u013eubovo\u013en\u00e9mu premiest\u0148ovaniu jednotliv\u00fdch prvkov.<\/p>\n<p>Sedadlo a doska stola s\u00fa vyroben\u00e9 z lamiel zo severskej borovice s rozmermi 120 \u00d7 35 mm (o\u0161etren\u00e9 vysoko fixa\u010dn\u00fdm bezchr\u00f3mov\u00fdm konzerva\u010dn\u00fdm prostriedkom v autokl\u00e1ve, ktor\u00fd chr\u00e1ni drevo pred napadnut\u00edm hubami, ples\u0148ami a poveternostn\u00fdmi vplyvmi). <\/p>\n<p>Na po\u017eiadanie je mo\u017en\u00e9 dohodn\u00fa\u0165 r\u00f4zne farby RAL kon\u0161trukcie a r\u00f4zne druhy dreva lamiel.<\/p>\n<p>Medzi jednotliv\u00fdmi sedadlami je priestor, aby bola kon\u0161trukcia pr\u00edstupn\u00e1 pre osoby na invalidnom voz\u00edku.<\/p>\n\n<table id=\"tablepress-1582\" class=\"tablepress tablepress-id-1582\">\n<tbody class=\"row-striping row-hover\">\n<tr class=\"row-1\">\n\t<td class=\"column-1\">materi\u00e1l<\/td><td class=\"column-2\">pozinkovan\u00e1 a ma\u013eovan\u00e1 oce\u013e, drevo<\/td>\n<\/tr>\n<tr class=\"row-2\">\n\t<td class=\"column-1\">\u0161\u00edrka<\/td><td class=\"column-2\">237,1 cm<\/td>\n<\/tr>\n<tr class=\"row-3\">\n\t<td class=\"column-1\">h\u013abka<\/td><td class=\"column-2\">221,7 cm<\/td>\n<\/tr>\n<tr class=\"row-4\">\n\t<td class=\"column-1\">v\u00fd\u0161ka stola<\/td><td class=\"column-2\">75 cm<\/td>\n<\/tr>\n<tr class=\"row-5\">\n\t<td class=\"column-1\">v\u00fd\u0161ka lavi\u010dky<\/td><td class=\"column-2\">45 cm<\/td>\n<\/tr>\n<\/tbody>\n<\/table>\n\n","protected":false},"excerpt":{"rendered":"<p>Zostava st\u00f4l s lavi\u010dkami typ 33 pozost\u00e1va z pozinkovanej a ma\u013eovanej oce\u013eovej kon\u0161trukcie, ktor\u00fa tvoria tri \u0161tvorcov\u00e9 r\u00farkov\u00e9 podpery 60 x 60 spojen\u00e9 s doskou stola skrutkami.<\/p>\n","protected":false},"featured_media":37155,"template":"","meta":[],"product_brand":[],"product_cat":[625],"product_tag":[],"class_list":{"0":"post-37144","1":"product","2":"type-product","3":"status-publish","4":"has-post-thumbnail","6":"product_cat-zostavy-mobiliaru","7":"product_shipping_class-sady-zahdradneho-nabytku","9":"first","10":"instock","11":"featured","12":"taxable","13":"shipping-taxable","14":"purchasable","15":"product-type-variable"},"yoast_head":"<!-- This site is optimized with the Yoast SEO plugin v27.2 - https:\/\/yoast.com\/product\/yoast-seo-wordpress\/ -->\n<title>Zostava st\u00f4l s lavi\u010dkami typ 33 | Ecoprogress<\/title>\n<meta name=\"description\" content=\"Zostava st\u00f4l s lavi\u010dkami typ 33 pozost\u00e1va z pozinkovanej a ma\u013eovanej oce\u013eovej kon\u0161trukcie, ktor\u00fa tvoria tri \u0161tvorcov\u00e9 r\u00farkov\u00e9 podpery.\" \/>\n<meta name=\"robots\" content=\"index, follow, max-snippet:-1, max-image-preview:large, max-video-preview:-1\" \/>\n<link rel=\"canonical\" href=\"https:\/\/ecoprogress.eu\/de\/produkt\/zostava-stol-s-lavickami-typ-33\/\" \/>\n<meta property=\"og:locale\" content=\"de_DE\" \/>\n<meta property=\"og:type\" content=\"article\" \/>\n<meta property=\"og:title\" content=\"Zostava st\u00f4l s lavi\u010dkami typ 33 | Ecoprogress\" \/>\n<meta property=\"og:description\" content=\"Zostava st\u00f4l s lavi\u010dkami typ 33 pozost\u00e1va z pozinkovanej a ma\u013eovanej oce\u013eovej kon\u0161trukcie, ktor\u00fa tvoria tri \u0161tvorcov\u00e9 r\u00farkov\u00e9 podpery.\" \/>\n<meta property=\"og:url\" content=\"https:\/\/ecoprogress.eu\/de\/produkt\/zostava-stol-s-lavickami-typ-33\/\" \/>\n<meta property=\"og:site_name\" content=\"Ecoprogress\" \/>\n<meta property=\"article:modified_time\" content=\"2023-03-10T14:19:28+00:00\" \/>\n<meta property=\"og:image\" content=\"https:\/\/ecoprogress.eu\/wp-content\/uploads\/Bilbao-tondo-2-min-scaled.jpg\" \/>\n\t<meta property=\"og:image:width\" content=\"2560\" \/>\n\t<meta property=\"og:image:height\" content=\"1707\" \/>\n\t<meta property=\"og:image:type\" content=\"image\/jpeg\" \/>\n<meta name=\"twitter:card\" content=\"summary_large_image\" \/>\n<meta name=\"twitter:label1\" content=\"Gesch\u00e4tzte Lesezeit\" \/>\n\t<meta name=\"twitter:data1\" content=\"1\u00a0Minute\" \/>\n<script type=\"application\/ld+json\" class=\"yoast-schema-graph\">{\"@context\":\"https:\/\/schema.org\",\"@graph\":[{\"@type\":\"WebPage\",\"@id\":\"https:\/\/ecoprogress.eu\/de\/produkt\/zostava-stol-s-lavickami-typ-33\/\",\"url\":\"https:\/\/ecoprogress.eu\/de\/produkt\/zostava-stol-s-lavickami-typ-33\/\",\"name\":\"Zostava st\u00f4l s lavi\u010dkami typ 33 | Ecoprogress\",\"isPartOf\":{\"@id\":\"https:\/\/ecoprogress.eu\/de\/#website\"},\"primaryImageOfPage\":{\"@id\":\"https:\/\/ecoprogress.eu\/de\/produkt\/zostava-stol-s-lavickami-typ-33\/#primaryimage\"},\"image\":{\"@id\":\"https:\/\/ecoprogress.eu\/de\/produkt\/zostava-stol-s-lavickami-typ-33\/#primaryimage\"},\"thumbnailUrl\":\"https:\/\/ecoprogress.eu\/wp-content\/uploads\/Bilbao-tondo-2-min-scaled.jpg\",\"datePublished\":\"2023-03-06T14:55:42+00:00\",\"dateModified\":\"2023-03-10T14:19:28+00:00\",\"description\":\"Zostava st\u00f4l s lavi\u010dkami typ 33 pozost\u00e1va z pozinkovanej a ma\u013eovanej oce\u013eovej kon\u0161trukcie, ktor\u00fa tvoria tri \u0161tvorcov\u00e9 r\u00farkov\u00e9 podpery.\",\"breadcrumb\":{\"@id\":\"https:\/\/ecoprogress.eu\/de\/produkt\/zostava-stol-s-lavickami-typ-33\/#breadcrumb\"},\"inLanguage\":\"de\",\"potentialAction\":[{\"@type\":\"ReadAction\",\"target\":[\"https:\/\/ecoprogress.eu\/de\/produkt\/zostava-stol-s-lavickami-typ-33\/\"]}]},{\"@type\":\"ImageObject\",\"inLanguage\":\"de\",\"@id\":\"https:\/\/ecoprogress.eu\/de\/produkt\/zostava-stol-s-lavickami-typ-33\/#primaryimage\",\"url\":\"https:\/\/ecoprogress.eu\/wp-content\/uploads\/Bilbao-tondo-2-min-scaled.jpg\",\"contentUrl\":\"https:\/\/ecoprogress.eu\/wp-content\/uploads\/Bilbao-tondo-2-min-scaled.jpg\",\"width\":2560,\"height\":1707},{\"@type\":\"BreadcrumbList\",\"@id\":\"https:\/\/ecoprogress.eu\/de\/produkt\/zostava-stol-s-lavickami-typ-33\/#breadcrumb\",\"itemListElement\":[{\"@type\":\"ListItem\",\"position\":1,\"name\":\"Produkte\",\"item\":\"https:\/\/ecoprogress.eu\/de\/produkte\/\"},{\"@type\":\"ListItem\",\"position\":2,\"name\":\"Zostava st\u00f4l s lavi\u010dkami typ 33\"}]},{\"@type\":\"WebSite\",\"@id\":\"https:\/\/ecoprogress.eu\/de\/#website\",\"url\":\"https:\/\/ecoprogress.eu\/de\/\",\"name\":\"Ecoprogress\",\"description\":\"\",\"publisher\":{\"@id\":\"https:\/\/ecoprogress.eu\/de\/#organization\"},\"potentialAction\":[{\"@type\":\"SearchAction\",\"target\":{\"@type\":\"EntryPoint\",\"urlTemplate\":\"https:\/\/ecoprogress.eu\/de\/?s={search_term_string}\"},\"query-input\":{\"@type\":\"PropertyValueSpecification\",\"valueRequired\":true,\"valueName\":\"search_term_string\"}}],\"inLanguage\":\"de\"},{\"@type\":\"Organization\",\"@id\":\"https:\/\/ecoprogress.eu\/de\/#organization\",\"name\":\"Ecoprogress\",\"url\":\"https:\/\/ecoprogress.eu\/de\/\",\"logo\":{\"@type\":\"ImageObject\",\"inLanguage\":\"de\",\"@id\":\"https:\/\/ecoprogress.eu\/de\/#\/schema\/logo\/image\/\",\"url\":\"https:\/\/ecoprogress.eu\/wp-content\/uploads\/logo-2.svg\",\"contentUrl\":\"https:\/\/ecoprogress.eu\/wp-content\/uploads\/logo-2.svg\",\"width\":318,\"height\":349,\"caption\":\"Ecoprogress\"},\"image\":{\"@id\":\"https:\/\/ecoprogress.eu\/de\/#\/schema\/logo\/image\/\"}}]}<\/script>\n<!-- \/ Yoast SEO plugin. -->","yoast_head_json":{"title":"Zostava st\u00f4l s lavi\u010dkami typ 33 | Ecoprogress","description":"Zostava st\u00f4l s lavi\u010dkami typ 33 pozost\u00e1va z pozinkovanej a ma\u013eovanej oce\u013eovej kon\u0161trukcie, ktor\u00fa tvoria tri \u0161tvorcov\u00e9 r\u00farkov\u00e9 podpery.","robots":{"index":"index","follow":"follow","max-snippet":"max-snippet:-1","max-image-preview":"max-image-preview:large","max-video-preview":"max-video-preview:-1"},"canonical":"https:\/\/ecoprogress.eu\/de\/produkt\/zostava-stol-s-lavickami-typ-33\/","og_locale":"de_DE","og_type":"article","og_title":"Zostava st\u00f4l s lavi\u010dkami typ 33 | Ecoprogress","og_description":"Zostava st\u00f4l s lavi\u010dkami typ 33 pozost\u00e1va z pozinkovanej a ma\u013eovanej oce\u013eovej kon\u0161trukcie, ktor\u00fa tvoria tri \u0161tvorcov\u00e9 r\u00farkov\u00e9 podpery.","og_url":"https:\/\/ecoprogress.eu\/de\/produkt\/zostava-stol-s-lavickami-typ-33\/","og_site_name":"Ecoprogress","article_modified_time":"2023-03-10T14:19:28+00:00","og_image":[{"width":2560,"height":1707,"url":"https:\/\/ecoprogress.eu\/wp-content\/uploads\/Bilbao-tondo-2-min-scaled.jpg","type":"image\/jpeg"}],"twitter_card":"summary_large_image","twitter_misc":{"Gesch\u00e4tzte Lesezeit":"1\u00a0Minute"},"schema":{"@context":"https:\/\/schema.org","@graph":[{"@type":"WebPage","@id":"https:\/\/ecoprogress.eu\/de\/produkt\/zostava-stol-s-lavickami-typ-33\/","url":"https:\/\/ecoprogress.eu\/de\/produkt\/zostava-stol-s-lavickami-typ-33\/","name":"Zostava st\u00f4l s lavi\u010dkami typ 33 | Ecoprogress","isPartOf":{"@id":"https:\/\/ecoprogress.eu\/de\/#website"},"primaryImageOfPage":{"@id":"https:\/\/ecoprogress.eu\/de\/produkt\/zostava-stol-s-lavickami-typ-33\/#primaryimage"},"image":{"@id":"https:\/\/ecoprogress.eu\/de\/produkt\/zostava-stol-s-lavickami-typ-33\/#primaryimage"},"thumbnailUrl":"https:\/\/ecoprogress.eu\/wp-content\/uploads\/Bilbao-tondo-2-min-scaled.jpg","datePublished":"2023-03-06T14:55:42+00:00","dateModified":"2023-03-10T14:19:28+00:00","description":"Zostava st\u00f4l s lavi\u010dkami typ 33 pozost\u00e1va z pozinkovanej a ma\u013eovanej oce\u013eovej kon\u0161trukcie, ktor\u00fa tvoria tri \u0161tvorcov\u00e9 r\u00farkov\u00e9 podpery.","breadcrumb":{"@id":"https:\/\/ecoprogress.eu\/de\/produkt\/zostava-stol-s-lavickami-typ-33\/#breadcrumb"},"inLanguage":"de","potentialAction":[{"@type":"ReadAction","target":["https:\/\/ecoprogress.eu\/de\/produkt\/zostava-stol-s-lavickami-typ-33\/"]}]},{"@type":"ImageObject","inLanguage":"de","@id":"https:\/\/ecoprogress.eu\/de\/produkt\/zostava-stol-s-lavickami-typ-33\/#primaryimage","url":"https:\/\/ecoprogress.eu\/wp-content\/uploads\/Bilbao-tondo-2-min-scaled.jpg","contentUrl":"https:\/\/ecoprogress.eu\/wp-content\/uploads\/Bilbao-tondo-2-min-scaled.jpg","width":2560,"height":1707},{"@type":"BreadcrumbList","@id":"https:\/\/ecoprogress.eu\/de\/produkt\/zostava-stol-s-lavickami-typ-33\/#breadcrumb","itemListElement":[{"@type":"ListItem","position":1,"name":"Produkte","item":"https:\/\/ecoprogress.eu\/de\/produkte\/"},{"@type":"ListItem","position":2,"name":"Zostava st\u00f4l s lavi\u010dkami typ 33"}]},{"@type":"WebSite","@id":"https:\/\/ecoprogress.eu\/de\/#website","url":"https:\/\/ecoprogress.eu\/de\/","name":"Ecoprogress","description":"","publisher":{"@id":"https:\/\/ecoprogress.eu\/de\/#organization"},"potentialAction":[{"@type":"SearchAction","target":{"@type":"EntryPoint","urlTemplate":"https:\/\/ecoprogress.eu\/de\/?s={search_term_string}"},"query-input":{"@type":"PropertyValueSpecification","valueRequired":true,"valueName":"search_term_string"}}],"inLanguage":"de"},{"@type":"Organization","@id":"https:\/\/ecoprogress.eu\/de\/#organization","name":"Ecoprogress","url":"https:\/\/ecoprogress.eu\/de\/","logo":{"@type":"ImageObject","inLanguage":"de","@id":"https:\/\/ecoprogress.eu\/de\/#\/schema\/logo\/image\/","url":"https:\/\/ecoprogress.eu\/wp-content\/uploads\/logo-2.svg","contentUrl":"https:\/\/ecoprogress.eu\/wp-content\/uploads\/logo-2.svg","width":318,"height":349,"caption":"Ecoprogress"},"image":{"@id":"https:\/\/ecoprogress.eu\/de\/#\/schema\/logo\/image\/"}}]}},"_links":{"self":[{"href":"https:\/\/ecoprogress.eu\/de\/wp-json\/wp\/v2\/product\/37144","targetHints":{"allow":["GET"]}}],"collection":[{"href":"https:\/\/ecoprogress.eu\/de\/wp-json\/wp\/v2\/product"}],"about":[{"href":"https:\/\/ecoprogress.eu\/de\/wp-json\/wp\/v2\/types\/product"}],"version-history":[{"count":0,"href":"https:\/\/ecoprogress.eu\/de\/wp-json\/wp\/v2\/product\/37144\/revisions"}],"wp:featuredmedia":[{"embeddable":true,"href":"https:\/\/ecoprogress.eu\/de\/wp-json\/wp\/v2\/media\/37155"}],"wp:attachment":[{"href":"https:\/\/ecoprogress.eu\/de\/wp-json\/wp\/v2\/media?parent=37144"}],"wp:term":[{"taxonomy":"product_brand","embeddable":true,"href":"https:\/\/ecoprogress.eu\/de\/wp-json\/wp\/v2\/product_brand?post=37144"},{"taxonomy":"product_cat","embeddable":true,"href":"https:\/\/ecoprogress.eu\/de\/wp-json\/wp\/v2\/product_cat?post=37144"},{"taxonomy":"product_tag","embeddable":true,"href":"https:\/\/ecoprogress.eu\/de\/wp-json\/wp\/v2\/product_tag?post=37144"}],"curies":[{"name":"wp","href":"https:\/\/api.w.org\/{rel}","templated":true}]}}