{"id":37206,"date":"2023-03-09T17:39:28","date_gmt":"2023-03-09T16:39:28","guid":{"rendered":"https:\/\/ecoprogress.eu\/?post_type=product&#038;p=37206"},"modified":"2023-03-10T15:19:27","modified_gmt":"2023-03-10T14:19:27","slug":"zostava-stol-s-lavickami-typ-34","status":"publish","type":"product","link":"https:\/\/ecoprogress.eu\/de\/produkt\/zostava-stol-s-lavickami-typ-34\/","title":{"rendered":"Zostava st\u00f4l s lavi\u010dkami typ 34"},"content":{"rendered":"<p>Dodanie 4-6 t\u00fd\u017ed\u0148ov (pod\u013ea stavu skladov\u00fdch z\u00e1sob)<\/p>\n<p>Dosky stola a sedadiel s\u00fa vyroben\u00e9 z dreven\u00fdch dosiek pripevnen\u00fdch k r\u00e1mu zo \u0161tvorcov\u00fdch r\u00farok 60 x 60 mm. Po zmontovan\u00ed sa kon\u0161trukcia st\u00e1va jedn\u00fdm telesom, tak\u017ee pou\u017e\u00edvatelia nem\u00f4\u017eu prvky premiest\u0148ova\u0165.<\/p>\n<p>Stolov\u00e9 a sedacie dosky s\u00fa zlo\u017een\u00e9 z dosiek dim. 120&#215;35 mm z tlakovo o\u0161etren\u00e9ho dreva severskej borovice alebo z pr\u00edrodn\u00e9ho dreva iroko.<br \/>\nUkotvenie \u00a0mo\u017en\u00e9 do zeme pomocou skrutiek.<\/p>\n<p>V\u0161etky kovov\u00e9 \u010dasti s\u00fa pozinkovan\u00e9 a natret\u00e9 termosetov\u00fdmi polyesterov\u00fdmi pr\u00e1\u0161kami a s\u00fa k dispoz\u00edcii v r\u00f4znych farb\u00e1ch RAL.<\/p>\n\n<table id=\"tablepress-1594\" class=\"tablepress tablepress-id-1594\">\n<tbody class=\"row-striping row-hover\">\n<tr class=\"row-1\">\n\t<td class=\"column-1\">materi\u00e1l<\/td><td class=\"column-2\">pozinkovan\u00e1 a ma\u013eovan\u00e1 oce\u013e, drevo<\/td>\n<\/tr>\n<tr class=\"row-2\">\n\t<td class=\"column-1\">\u0161\u00edrka<\/td><td class=\"column-2\">237 cm<\/td>\n<\/tr>\n<tr class=\"row-3\">\n\t<td class=\"column-1\">h\u013abka<\/td><td class=\"column-2\">237 cm<\/td>\n<\/tr>\n<tr class=\"row-4\">\n\t<td class=\"column-1\">v\u00fd\u0161ka stola<\/td><td class=\"column-2\">80 cm<\/td>\n<\/tr>\n<tr class=\"row-5\">\n\t<td class=\"column-1\">v\u00fd\u0161ka lavi\u010dky<\/td><td class=\"column-2\">45 cm<\/td>\n<\/tr>\n<\/tbody>\n<\/table>\n\n","protected":false},"excerpt":{"rendered":"<p>Zostava st\u00f4l s lavi\u010dkami typ 34 sa sklad\u00e1 z 1 stola a 4 lav\u00edc bez operadla. Kon\u0161trukciu tvor\u00ed 8 podstavcov zo \u0161tvorcov\u00fdch r\u00farok 60 x 60 mm, 4 pre st\u00f4l a 1 pre ka\u017ed\u00e9 sedadlo.<\/p>\n","protected":false},"featured_media":37212,"template":"","meta":[],"product_brand":[],"product_cat":[625],"product_tag":[],"class_list":{"0":"post-37206","1":"product","2":"type-product","3":"status-publish","4":"has-post-thumbnail","6":"product_cat-zostavy-mobiliaru","7":"product_shipping_class-sady-zahdradneho-nabytku","9":"first","10":"instock","11":"featured","12":"taxable","13":"shipping-taxable","14":"purchasable","15":"product-type-variable"},"yoast_head":"<!-- This site is optimized with the Yoast SEO plugin v27.2 - https:\/\/yoast.com\/product\/yoast-seo-wordpress\/ -->\n<title>Zostava st\u00f4l s lavi\u010dkami typ 34 | Ecoprogress<\/title>\n<meta name=\"description\" content=\"Zostava st\u00f4l s lavi\u010dkami typ 34 sa sklad\u00e1 z 1 stola a 4 lav\u00edc bez operadla. Kon\u0161trukciu tvor\u00ed 8 podstavcov zo \u0161tvorcov\u00fdch r\u00farok 60 x 60 mm, 4 pre st\u00f4l a 1 pre ka\u017ed\u00e9 sedadlo.\" \/>\n<meta name=\"robots\" content=\"index, follow, max-snippet:-1, max-image-preview:large, max-video-preview:-1\" \/>\n<link rel=\"canonical\" href=\"https:\/\/ecoprogress.eu\/de\/produkt\/zostava-stol-s-lavickami-typ-34\/\" \/>\n<meta property=\"og:locale\" content=\"de_DE\" \/>\n<meta property=\"og:type\" content=\"article\" \/>\n<meta property=\"og:title\" content=\"Zostava st\u00f4l s lavi\u010dkami typ 34 | Ecoprogress\" \/>\n<meta property=\"og:description\" content=\"Zostava st\u00f4l s lavi\u010dkami typ 34 sa sklad\u00e1 z 1 stola a 4 lav\u00edc bez operadla. Kon\u0161trukciu tvor\u00ed 8 podstavcov zo \u0161tvorcov\u00fdch r\u00farok 60 x 60 mm, 4 pre st\u00f4l a 1 pre ka\u017ed\u00e9 sedadlo.\" \/>\n<meta property=\"og:url\" content=\"https:\/\/ecoprogress.eu\/de\/produkt\/zostava-stol-s-lavickami-typ-34\/\" \/>\n<meta property=\"og:site_name\" content=\"Ecoprogress\" \/>\n<meta property=\"article:modified_time\" content=\"2023-03-10T14:19:27+00:00\" \/>\n<meta property=\"og:image\" content=\"https:\/\/ecoprogress.eu\/wp-content\/uploads\/a89a70ea-ff9e-4601-a4a2-88dacda3284b-FILEminimizer.jpg\" \/>\n\t<meta property=\"og:image:width\" content=\"480\" \/>\n\t<meta property=\"og:image:height\" content=\"640\" \/>\n\t<meta property=\"og:image:type\" content=\"image\/jpeg\" \/>\n<meta name=\"twitter:card\" content=\"summary_large_image\" \/>\n<meta name=\"twitter:label1\" content=\"Gesch\u00e4tzte Lesezeit\" \/>\n\t<meta name=\"twitter:data1\" content=\"1\u00a0Minute\" \/>\n<script type=\"application\/ld+json\" class=\"yoast-schema-graph\">{\"@context\":\"https:\/\/schema.org\",\"@graph\":[{\"@type\":\"WebPage\",\"@id\":\"https:\/\/ecoprogress.eu\/de\/produkt\/zostava-stol-s-lavickami-typ-34\/\",\"url\":\"https:\/\/ecoprogress.eu\/de\/produkt\/zostava-stol-s-lavickami-typ-34\/\",\"name\":\"Zostava st\u00f4l s lavi\u010dkami typ 34 | Ecoprogress\",\"isPartOf\":{\"@id\":\"https:\/\/ecoprogress.eu\/de\/#website\"},\"primaryImageOfPage\":{\"@id\":\"https:\/\/ecoprogress.eu\/de\/produkt\/zostava-stol-s-lavickami-typ-34\/#primaryimage\"},\"image\":{\"@id\":\"https:\/\/ecoprogress.eu\/de\/produkt\/zostava-stol-s-lavickami-typ-34\/#primaryimage\"},\"thumbnailUrl\":\"https:\/\/ecoprogress.eu\/wp-content\/uploads\/a89a70ea-ff9e-4601-a4a2-88dacda3284b-FILEminimizer.jpg\",\"datePublished\":\"2023-03-09T16:39:28+00:00\",\"dateModified\":\"2023-03-10T14:19:27+00:00\",\"description\":\"Zostava st\u00f4l s lavi\u010dkami typ 34 sa sklad\u00e1 z 1 stola a 4 lav\u00edc bez operadla. Kon\u0161trukciu tvor\u00ed 8 podstavcov zo \u0161tvorcov\u00fdch r\u00farok 60 x 60 mm, 4 pre st\u00f4l a 1 pre ka\u017ed\u00e9 sedadlo.\",\"breadcrumb\":{\"@id\":\"https:\/\/ecoprogress.eu\/de\/produkt\/zostava-stol-s-lavickami-typ-34\/#breadcrumb\"},\"inLanguage\":\"de\",\"potentialAction\":[{\"@type\":\"ReadAction\",\"target\":[\"https:\/\/ecoprogress.eu\/de\/produkt\/zostava-stol-s-lavickami-typ-34\/\"]}]},{\"@type\":\"ImageObject\",\"inLanguage\":\"de\",\"@id\":\"https:\/\/ecoprogress.eu\/de\/produkt\/zostava-stol-s-lavickami-typ-34\/#primaryimage\",\"url\":\"https:\/\/ecoprogress.eu\/wp-content\/uploads\/a89a70ea-ff9e-4601-a4a2-88dacda3284b-FILEminimizer.jpg\",\"contentUrl\":\"https:\/\/ecoprogress.eu\/wp-content\/uploads\/a89a70ea-ff9e-4601-a4a2-88dacda3284b-FILEminimizer.jpg\",\"width\":480,\"height\":640},{\"@type\":\"BreadcrumbList\",\"@id\":\"https:\/\/ecoprogress.eu\/de\/produkt\/zostava-stol-s-lavickami-typ-34\/#breadcrumb\",\"itemListElement\":[{\"@type\":\"ListItem\",\"position\":1,\"name\":\"Produkte\",\"item\":\"https:\/\/ecoprogress.eu\/de\/produkte\/\"},{\"@type\":\"ListItem\",\"position\":2,\"name\":\"Zostava st\u00f4l s lavi\u010dkami typ 34\"}]},{\"@type\":\"WebSite\",\"@id\":\"https:\/\/ecoprogress.eu\/de\/#website\",\"url\":\"https:\/\/ecoprogress.eu\/de\/\",\"name\":\"Ecoprogress\",\"description\":\"\",\"publisher\":{\"@id\":\"https:\/\/ecoprogress.eu\/de\/#organization\"},\"potentialAction\":[{\"@type\":\"SearchAction\",\"target\":{\"@type\":\"EntryPoint\",\"urlTemplate\":\"https:\/\/ecoprogress.eu\/de\/?s={search_term_string}\"},\"query-input\":{\"@type\":\"PropertyValueSpecification\",\"valueRequired\":true,\"valueName\":\"search_term_string\"}}],\"inLanguage\":\"de\"},{\"@type\":\"Organization\",\"@id\":\"https:\/\/ecoprogress.eu\/de\/#organization\",\"name\":\"Ecoprogress\",\"url\":\"https:\/\/ecoprogress.eu\/de\/\",\"logo\":{\"@type\":\"ImageObject\",\"inLanguage\":\"de\",\"@id\":\"https:\/\/ecoprogress.eu\/de\/#\/schema\/logo\/image\/\",\"url\":\"https:\/\/ecoprogress.eu\/wp-content\/uploads\/logo-2.svg\",\"contentUrl\":\"https:\/\/ecoprogress.eu\/wp-content\/uploads\/logo-2.svg\",\"width\":318,\"height\":349,\"caption\":\"Ecoprogress\"},\"image\":{\"@id\":\"https:\/\/ecoprogress.eu\/de\/#\/schema\/logo\/image\/\"}}]}<\/script>\n<!-- \/ Yoast SEO plugin. -->","yoast_head_json":{"title":"Zostava st\u00f4l s lavi\u010dkami typ 34 | Ecoprogress","description":"Zostava st\u00f4l s lavi\u010dkami typ 34 sa sklad\u00e1 z 1 stola a 4 lav\u00edc bez operadla. Kon\u0161trukciu tvor\u00ed 8 podstavcov zo \u0161tvorcov\u00fdch r\u00farok 60 x 60 mm, 4 pre st\u00f4l a 1 pre ka\u017ed\u00e9 sedadlo.","robots":{"index":"index","follow":"follow","max-snippet":"max-snippet:-1","max-image-preview":"max-image-preview:large","max-video-preview":"max-video-preview:-1"},"canonical":"https:\/\/ecoprogress.eu\/de\/produkt\/zostava-stol-s-lavickami-typ-34\/","og_locale":"de_DE","og_type":"article","og_title":"Zostava st\u00f4l s lavi\u010dkami typ 34 | Ecoprogress","og_description":"Zostava st\u00f4l s lavi\u010dkami typ 34 sa sklad\u00e1 z 1 stola a 4 lav\u00edc bez operadla. Kon\u0161trukciu tvor\u00ed 8 podstavcov zo \u0161tvorcov\u00fdch r\u00farok 60 x 60 mm, 4 pre st\u00f4l a 1 pre ka\u017ed\u00e9 sedadlo.","og_url":"https:\/\/ecoprogress.eu\/de\/produkt\/zostava-stol-s-lavickami-typ-34\/","og_site_name":"Ecoprogress","article_modified_time":"2023-03-10T14:19:27+00:00","og_image":[{"width":480,"height":640,"url":"https:\/\/ecoprogress.eu\/wp-content\/uploads\/a89a70ea-ff9e-4601-a4a2-88dacda3284b-FILEminimizer.jpg","type":"image\/jpeg"}],"twitter_card":"summary_large_image","twitter_misc":{"Gesch\u00e4tzte Lesezeit":"1\u00a0Minute"},"schema":{"@context":"https:\/\/schema.org","@graph":[{"@type":"WebPage","@id":"https:\/\/ecoprogress.eu\/de\/produkt\/zostava-stol-s-lavickami-typ-34\/","url":"https:\/\/ecoprogress.eu\/de\/produkt\/zostava-stol-s-lavickami-typ-34\/","name":"Zostava st\u00f4l s lavi\u010dkami typ 34 | Ecoprogress","isPartOf":{"@id":"https:\/\/ecoprogress.eu\/de\/#website"},"primaryImageOfPage":{"@id":"https:\/\/ecoprogress.eu\/de\/produkt\/zostava-stol-s-lavickami-typ-34\/#primaryimage"},"image":{"@id":"https:\/\/ecoprogress.eu\/de\/produkt\/zostava-stol-s-lavickami-typ-34\/#primaryimage"},"thumbnailUrl":"https:\/\/ecoprogress.eu\/wp-content\/uploads\/a89a70ea-ff9e-4601-a4a2-88dacda3284b-FILEminimizer.jpg","datePublished":"2023-03-09T16:39:28+00:00","dateModified":"2023-03-10T14:19:27+00:00","description":"Zostava st\u00f4l s lavi\u010dkami typ 34 sa sklad\u00e1 z 1 stola a 4 lav\u00edc bez operadla. Kon\u0161trukciu tvor\u00ed 8 podstavcov zo \u0161tvorcov\u00fdch r\u00farok 60 x 60 mm, 4 pre st\u00f4l a 1 pre ka\u017ed\u00e9 sedadlo.","breadcrumb":{"@id":"https:\/\/ecoprogress.eu\/de\/produkt\/zostava-stol-s-lavickami-typ-34\/#breadcrumb"},"inLanguage":"de","potentialAction":[{"@type":"ReadAction","target":["https:\/\/ecoprogress.eu\/de\/produkt\/zostava-stol-s-lavickami-typ-34\/"]}]},{"@type":"ImageObject","inLanguage":"de","@id":"https:\/\/ecoprogress.eu\/de\/produkt\/zostava-stol-s-lavickami-typ-34\/#primaryimage","url":"https:\/\/ecoprogress.eu\/wp-content\/uploads\/a89a70ea-ff9e-4601-a4a2-88dacda3284b-FILEminimizer.jpg","contentUrl":"https:\/\/ecoprogress.eu\/wp-content\/uploads\/a89a70ea-ff9e-4601-a4a2-88dacda3284b-FILEminimizer.jpg","width":480,"height":640},{"@type":"BreadcrumbList","@id":"https:\/\/ecoprogress.eu\/de\/produkt\/zostava-stol-s-lavickami-typ-34\/#breadcrumb","itemListElement":[{"@type":"ListItem","position":1,"name":"Produkte","item":"https:\/\/ecoprogress.eu\/de\/produkte\/"},{"@type":"ListItem","position":2,"name":"Zostava st\u00f4l s lavi\u010dkami typ 34"}]},{"@type":"WebSite","@id":"https:\/\/ecoprogress.eu\/de\/#website","url":"https:\/\/ecoprogress.eu\/de\/","name":"Ecoprogress","description":"","publisher":{"@id":"https:\/\/ecoprogress.eu\/de\/#organization"},"potentialAction":[{"@type":"SearchAction","target":{"@type":"EntryPoint","urlTemplate":"https:\/\/ecoprogress.eu\/de\/?s={search_term_string}"},"query-input":{"@type":"PropertyValueSpecification","valueRequired":true,"valueName":"search_term_string"}}],"inLanguage":"de"},{"@type":"Organization","@id":"https:\/\/ecoprogress.eu\/de\/#organization","name":"Ecoprogress","url":"https:\/\/ecoprogress.eu\/de\/","logo":{"@type":"ImageObject","inLanguage":"de","@id":"https:\/\/ecoprogress.eu\/de\/#\/schema\/logo\/image\/","url":"https:\/\/ecoprogress.eu\/wp-content\/uploads\/logo-2.svg","contentUrl":"https:\/\/ecoprogress.eu\/wp-content\/uploads\/logo-2.svg","width":318,"height":349,"caption":"Ecoprogress"},"image":{"@id":"https:\/\/ecoprogress.eu\/de\/#\/schema\/logo\/image\/"}}]}},"_links":{"self":[{"href":"https:\/\/ecoprogress.eu\/de\/wp-json\/wp\/v2\/product\/37206","targetHints":{"allow":["GET"]}}],"collection":[{"href":"https:\/\/ecoprogress.eu\/de\/wp-json\/wp\/v2\/product"}],"about":[{"href":"https:\/\/ecoprogress.eu\/de\/wp-json\/wp\/v2\/types\/product"}],"version-history":[{"count":0,"href":"https:\/\/ecoprogress.eu\/de\/wp-json\/wp\/v2\/product\/37206\/revisions"}],"wp:featuredmedia":[{"embeddable":true,"href":"https:\/\/ecoprogress.eu\/de\/wp-json\/wp\/v2\/media\/37212"}],"wp:attachment":[{"href":"https:\/\/ecoprogress.eu\/de\/wp-json\/wp\/v2\/media?parent=37206"}],"wp:term":[{"taxonomy":"product_brand","embeddable":true,"href":"https:\/\/ecoprogress.eu\/de\/wp-json\/wp\/v2\/product_brand?post=37206"},{"taxonomy":"product_cat","embeddable":true,"href":"https:\/\/ecoprogress.eu\/de\/wp-json\/wp\/v2\/product_cat?post=37206"},{"taxonomy":"product_tag","embeddable":true,"href":"https:\/\/ecoprogress.eu\/de\/wp-json\/wp\/v2\/product_tag?post=37206"}],"curies":[{"name":"wp","href":"https:\/\/api.w.org\/{rel}","templated":true}]}}