{"id":37255,"date":"2023-03-10T12:26:38","date_gmt":"2023-03-10T11:26:38","guid":{"rendered":"https:\/\/ecoprogress.eu\/?post_type=product&#038;p=37255"},"modified":"2023-03-10T15:19:25","modified_gmt":"2023-03-10T14:19:25","slug":"ram-okolo-stromu-typ-1","status":"publish","type":"product","link":"https:\/\/ecoprogress.eu\/de\/produkt\/ram-okolo-stromu-typ-1\/","title":{"rendered":"R\u00e1m okolo stromu typ 01"},"content":{"rendered":"<p>Dodanie 4-6 t\u00fd\u017ed\u0148ov (pod\u013ea stavu skladov\u00fdch z\u00e1sob)<\/p>\n<p>R\u00e1m m\u00e1 bo\u010dn\u00e9 hrany a v\u00fdstu\u017en\u00e9 podpery, aby sa dosiahla hr\u00fabka 25 mm (30 mm s r\u00e1mom).<br \/>\nKon\u0161trukcia je z pozinkovanej a pr\u00e1\u0161kovo lakovanej ocele, dostupnej v r\u00f4znych farb\u00e1ch RAL.<br \/>\nV z\u00e1vislosti od rozmerov ju mo\u017eno rozdeli\u0165 na 2 alebo 4 sektory.<\/p>\n\n<table id=\"tablepress-1606\" class=\"tablepress tablepress-id-1606\">\n<tbody class=\"row-striping row-hover\">\n<tr class=\"row-1\">\n\t<td class=\"column-1\">materi\u00e1l<\/td><td class=\"column-2\">pozinkovan\u00e1 a ma\u013eovan\u00e1 oce\u013e<\/td>\n<\/tr>\n<tr class=\"row-2\">\n\t<td class=\"column-1\">rozmery<\/td><td class=\"column-2\">1000 x 1000 mm, 1200 x 1200 mm, 1500 x 1500 mm, 1800 x 1800 mm, 2000 x 2000 mm<\/td>\n<\/tr>\n<\/tbody>\n<\/table>\n<!-- #tablepress-1606 from cache -->\n","protected":false},"excerpt":{"rendered":"<p>R\u00e1m okolo stromu typ 1\u00a0kompletne vyroben\u00fd z ocele FE-430, rezan\u00fd laserom pod\u013ea \u0161tandardn\u00e9ho dizajnu, \u0161tvorcov\u00e9ho tvaru pri\u010dom hr\u00fabka oce\u013eov\u00e9ho plechu je 5 mm.<\/p>\n","protected":false},"featured_media":37259,"template":"","meta":[],"product_brand":[],"product_cat":[645],"product_tag":[],"class_list":{"0":"post-37255","1":"product","2":"type-product","3":"status-publish","4":"has-post-thumbnail","6":"product_cat-ramy-okolo-stromov","7":"product_shipping_class-sady-zahdradneho-nabytku","9":"first","10":"instock","11":"featured","12":"taxable","13":"shipping-taxable","14":"purchasable","15":"product-type-variable"},"yoast_head":"<!-- This site is optimized with the Yoast SEO plugin v27.2 - https:\/\/yoast.com\/product\/yoast-seo-wordpress\/ -->\n<title>R\u00e1m okolo stromu typ 01 | Ecoprogress<\/title>\n<meta name=\"description\" content=\"R\u00e1m okolo stromu typ 1\u00a0kompletne vyroben\u00fd z ocele FE-430, rezan\u00fd laserom pod\u013ea \u0161tandardn\u00e9ho dizajnu, \u0161tvorcov\u00e9ho tvaru pri\u010dom hr\u00fabka oce\u013eov\u00e9ho plechu je 5 mm.\" \/>\n<meta name=\"robots\" content=\"index, follow, max-snippet:-1, max-image-preview:large, max-video-preview:-1\" \/>\n<link rel=\"canonical\" href=\"https:\/\/ecoprogress.eu\/de\/produkt\/ram-okolo-stromu-typ-1\/\" \/>\n<meta property=\"og:locale\" content=\"de_DE\" \/>\n<meta property=\"og:type\" content=\"article\" \/>\n<meta property=\"og:title\" content=\"R\u00e1m okolo stromu typ 01 | Ecoprogress\" \/>\n<meta property=\"og:description\" content=\"R\u00e1m okolo stromu typ 1\u00a0kompletne vyroben\u00fd z ocele FE-430, rezan\u00fd laserom pod\u013ea \u0161tandardn\u00e9ho dizajnu, \u0161tvorcov\u00e9ho tvaru pri\u010dom hr\u00fabka oce\u013eov\u00e9ho plechu je 5 mm.\" \/>\n<meta property=\"og:url\" content=\"https:\/\/ecoprogress.eu\/de\/produkt\/ram-okolo-stromu-typ-1\/\" \/>\n<meta property=\"og:site_name\" content=\"Ecoprogress\" \/>\n<meta property=\"article:modified_time\" content=\"2023-03-10T14:19:25+00:00\" \/>\n<meta property=\"og:image\" content=\"https:\/\/ecoprogress.eu\/wp-content\/uploads\/1.Griglia-AQ.jpg\" \/>\n\t<meta property=\"og:image:width\" content=\"1024\" \/>\n\t<meta property=\"og:image:height\" content=\"768\" \/>\n\t<meta property=\"og:image:type\" content=\"image\/jpeg\" \/>\n<meta name=\"twitter:card\" content=\"summary_large_image\" \/>\n<meta name=\"twitter:label1\" content=\"Gesch\u00e4tzte Lesezeit\" \/>\n\t<meta name=\"twitter:data1\" content=\"1\u00a0Minute\" \/>\n<script type=\"application\/ld+json\" class=\"yoast-schema-graph\">{\"@context\":\"https:\/\/schema.org\",\"@graph\":[{\"@type\":\"WebPage\",\"@id\":\"https:\/\/ecoprogress.eu\/de\/produkt\/ram-okolo-stromu-typ-1\/\",\"url\":\"https:\/\/ecoprogress.eu\/de\/produkt\/ram-okolo-stromu-typ-1\/\",\"name\":\"R\u00e1m okolo stromu typ 01 | Ecoprogress\",\"isPartOf\":{\"@id\":\"https:\/\/ecoprogress.eu\/de\/#website\"},\"primaryImageOfPage\":{\"@id\":\"https:\/\/ecoprogress.eu\/de\/produkt\/ram-okolo-stromu-typ-1\/#primaryimage\"},\"image\":{\"@id\":\"https:\/\/ecoprogress.eu\/de\/produkt\/ram-okolo-stromu-typ-1\/#primaryimage\"},\"thumbnailUrl\":\"https:\/\/ecoprogress.eu\/wp-content\/uploads\/1.Griglia-AQ.jpg\",\"datePublished\":\"2023-03-10T11:26:38+00:00\",\"dateModified\":\"2023-03-10T14:19:25+00:00\",\"description\":\"R\u00e1m okolo stromu typ 1\u00a0kompletne vyroben\u00fd z ocele FE-430, rezan\u00fd laserom pod\u013ea \u0161tandardn\u00e9ho dizajnu, \u0161tvorcov\u00e9ho tvaru pri\u010dom hr\u00fabka oce\u013eov\u00e9ho plechu je 5 mm.\",\"breadcrumb\":{\"@id\":\"https:\/\/ecoprogress.eu\/de\/produkt\/ram-okolo-stromu-typ-1\/#breadcrumb\"},\"inLanguage\":\"de\",\"potentialAction\":[{\"@type\":\"ReadAction\",\"target\":[\"https:\/\/ecoprogress.eu\/de\/produkt\/ram-okolo-stromu-typ-1\/\"]}]},{\"@type\":\"ImageObject\",\"inLanguage\":\"de\",\"@id\":\"https:\/\/ecoprogress.eu\/de\/produkt\/ram-okolo-stromu-typ-1\/#primaryimage\",\"url\":\"https:\/\/ecoprogress.eu\/wp-content\/uploads\/1.Griglia-AQ.jpg\",\"contentUrl\":\"https:\/\/ecoprogress.eu\/wp-content\/uploads\/1.Griglia-AQ.jpg\",\"width\":1024,\"height\":768},{\"@type\":\"BreadcrumbList\",\"@id\":\"https:\/\/ecoprogress.eu\/de\/produkt\/ram-okolo-stromu-typ-1\/#breadcrumb\",\"itemListElement\":[{\"@type\":\"ListItem\",\"position\":1,\"name\":\"Produkte\",\"item\":\"https:\/\/ecoprogress.eu\/de\/produkte\/\"},{\"@type\":\"ListItem\",\"position\":2,\"name\":\"R\u00e1m okolo stromu typ 01\"}]},{\"@type\":\"WebSite\",\"@id\":\"https:\/\/ecoprogress.eu\/de\/#website\",\"url\":\"https:\/\/ecoprogress.eu\/de\/\",\"name\":\"Ecoprogress\",\"description\":\"\",\"publisher\":{\"@id\":\"https:\/\/ecoprogress.eu\/de\/#organization\"},\"potentialAction\":[{\"@type\":\"SearchAction\",\"target\":{\"@type\":\"EntryPoint\",\"urlTemplate\":\"https:\/\/ecoprogress.eu\/de\/?s={search_term_string}\"},\"query-input\":{\"@type\":\"PropertyValueSpecification\",\"valueRequired\":true,\"valueName\":\"search_term_string\"}}],\"inLanguage\":\"de\"},{\"@type\":\"Organization\",\"@id\":\"https:\/\/ecoprogress.eu\/de\/#organization\",\"name\":\"Ecoprogress\",\"url\":\"https:\/\/ecoprogress.eu\/de\/\",\"logo\":{\"@type\":\"ImageObject\",\"inLanguage\":\"de\",\"@id\":\"https:\/\/ecoprogress.eu\/de\/#\/schema\/logo\/image\/\",\"url\":\"https:\/\/ecoprogress.eu\/wp-content\/uploads\/logo-2.svg\",\"contentUrl\":\"https:\/\/ecoprogress.eu\/wp-content\/uploads\/logo-2.svg\",\"width\":318,\"height\":349,\"caption\":\"Ecoprogress\"},\"image\":{\"@id\":\"https:\/\/ecoprogress.eu\/de\/#\/schema\/logo\/image\/\"}}]}<\/script>\n<!-- \/ Yoast SEO plugin. -->","yoast_head_json":{"title":"R\u00e1m okolo stromu typ 01 | Ecoprogress","description":"R\u00e1m okolo stromu typ 1\u00a0kompletne vyroben\u00fd z ocele FE-430, rezan\u00fd laserom pod\u013ea \u0161tandardn\u00e9ho dizajnu, \u0161tvorcov\u00e9ho tvaru pri\u010dom hr\u00fabka oce\u013eov\u00e9ho plechu je 5 mm.","robots":{"index":"index","follow":"follow","max-snippet":"max-snippet:-1","max-image-preview":"max-image-preview:large","max-video-preview":"max-video-preview:-1"},"canonical":"https:\/\/ecoprogress.eu\/de\/produkt\/ram-okolo-stromu-typ-1\/","og_locale":"de_DE","og_type":"article","og_title":"R\u00e1m okolo stromu typ 01 | Ecoprogress","og_description":"R\u00e1m okolo stromu typ 1\u00a0kompletne vyroben\u00fd z ocele FE-430, rezan\u00fd laserom pod\u013ea \u0161tandardn\u00e9ho dizajnu, \u0161tvorcov\u00e9ho tvaru pri\u010dom hr\u00fabka oce\u013eov\u00e9ho plechu je 5 mm.","og_url":"https:\/\/ecoprogress.eu\/de\/produkt\/ram-okolo-stromu-typ-1\/","og_site_name":"Ecoprogress","article_modified_time":"2023-03-10T14:19:25+00:00","og_image":[{"width":1024,"height":768,"url":"https:\/\/ecoprogress.eu\/wp-content\/uploads\/1.Griglia-AQ.jpg","type":"image\/jpeg"}],"twitter_card":"summary_large_image","twitter_misc":{"Gesch\u00e4tzte Lesezeit":"1\u00a0Minute"},"schema":{"@context":"https:\/\/schema.org","@graph":[{"@type":"WebPage","@id":"https:\/\/ecoprogress.eu\/de\/produkt\/ram-okolo-stromu-typ-1\/","url":"https:\/\/ecoprogress.eu\/de\/produkt\/ram-okolo-stromu-typ-1\/","name":"R\u00e1m okolo stromu typ 01 | Ecoprogress","isPartOf":{"@id":"https:\/\/ecoprogress.eu\/de\/#website"},"primaryImageOfPage":{"@id":"https:\/\/ecoprogress.eu\/de\/produkt\/ram-okolo-stromu-typ-1\/#primaryimage"},"image":{"@id":"https:\/\/ecoprogress.eu\/de\/produkt\/ram-okolo-stromu-typ-1\/#primaryimage"},"thumbnailUrl":"https:\/\/ecoprogress.eu\/wp-content\/uploads\/1.Griglia-AQ.jpg","datePublished":"2023-03-10T11:26:38+00:00","dateModified":"2023-03-10T14:19:25+00:00","description":"R\u00e1m okolo stromu typ 1\u00a0kompletne vyroben\u00fd z ocele FE-430, rezan\u00fd laserom pod\u013ea \u0161tandardn\u00e9ho dizajnu, \u0161tvorcov\u00e9ho tvaru pri\u010dom hr\u00fabka oce\u013eov\u00e9ho plechu je 5 mm.","breadcrumb":{"@id":"https:\/\/ecoprogress.eu\/de\/produkt\/ram-okolo-stromu-typ-1\/#breadcrumb"},"inLanguage":"de","potentialAction":[{"@type":"ReadAction","target":["https:\/\/ecoprogress.eu\/de\/produkt\/ram-okolo-stromu-typ-1\/"]}]},{"@type":"ImageObject","inLanguage":"de","@id":"https:\/\/ecoprogress.eu\/de\/produkt\/ram-okolo-stromu-typ-1\/#primaryimage","url":"https:\/\/ecoprogress.eu\/wp-content\/uploads\/1.Griglia-AQ.jpg","contentUrl":"https:\/\/ecoprogress.eu\/wp-content\/uploads\/1.Griglia-AQ.jpg","width":1024,"height":768},{"@type":"BreadcrumbList","@id":"https:\/\/ecoprogress.eu\/de\/produkt\/ram-okolo-stromu-typ-1\/#breadcrumb","itemListElement":[{"@type":"ListItem","position":1,"name":"Produkte","item":"https:\/\/ecoprogress.eu\/de\/produkte\/"},{"@type":"ListItem","position":2,"name":"R\u00e1m okolo stromu typ 01"}]},{"@type":"WebSite","@id":"https:\/\/ecoprogress.eu\/de\/#website","url":"https:\/\/ecoprogress.eu\/de\/","name":"Ecoprogress","description":"","publisher":{"@id":"https:\/\/ecoprogress.eu\/de\/#organization"},"potentialAction":[{"@type":"SearchAction","target":{"@type":"EntryPoint","urlTemplate":"https:\/\/ecoprogress.eu\/de\/?s={search_term_string}"},"query-input":{"@type":"PropertyValueSpecification","valueRequired":true,"valueName":"search_term_string"}}],"inLanguage":"de"},{"@type":"Organization","@id":"https:\/\/ecoprogress.eu\/de\/#organization","name":"Ecoprogress","url":"https:\/\/ecoprogress.eu\/de\/","logo":{"@type":"ImageObject","inLanguage":"de","@id":"https:\/\/ecoprogress.eu\/de\/#\/schema\/logo\/image\/","url":"https:\/\/ecoprogress.eu\/wp-content\/uploads\/logo-2.svg","contentUrl":"https:\/\/ecoprogress.eu\/wp-content\/uploads\/logo-2.svg","width":318,"height":349,"caption":"Ecoprogress"},"image":{"@id":"https:\/\/ecoprogress.eu\/de\/#\/schema\/logo\/image\/"}}]}},"_links":{"self":[{"href":"https:\/\/ecoprogress.eu\/de\/wp-json\/wp\/v2\/product\/37255","targetHints":{"allow":["GET"]}}],"collection":[{"href":"https:\/\/ecoprogress.eu\/de\/wp-json\/wp\/v2\/product"}],"about":[{"href":"https:\/\/ecoprogress.eu\/de\/wp-json\/wp\/v2\/types\/product"}],"version-history":[{"count":0,"href":"https:\/\/ecoprogress.eu\/de\/wp-json\/wp\/v2\/product\/37255\/revisions"}],"wp:featuredmedia":[{"embeddable":true,"href":"https:\/\/ecoprogress.eu\/de\/wp-json\/wp\/v2\/media\/37259"}],"wp:attachment":[{"href":"https:\/\/ecoprogress.eu\/de\/wp-json\/wp\/v2\/media?parent=37255"}],"wp:term":[{"taxonomy":"product_brand","embeddable":true,"href":"https:\/\/ecoprogress.eu\/de\/wp-json\/wp\/v2\/product_brand?post=37255"},{"taxonomy":"product_cat","embeddable":true,"href":"https:\/\/ecoprogress.eu\/de\/wp-json\/wp\/v2\/product_cat?post=37255"},{"taxonomy":"product_tag","embeddable":true,"href":"https:\/\/ecoprogress.eu\/de\/wp-json\/wp\/v2\/product_tag?post=37255"}],"curies":[{"name":"wp","href":"https:\/\/api.w.org\/{rel}","templated":true}]}}