{"id":37372,"date":"2023-03-10T13:41:29","date_gmt":"2023-03-10T12:41:29","guid":{"rendered":"https:\/\/ecoprogress.eu\/?post_type=product&#038;p=37372"},"modified":"2023-03-29T17:20:16","modified_gmt":"2023-03-29T15:20:16","slug":"kvetinacova-zastena","status":"publish","type":"product","link":"https:\/\/ecoprogress.eu\/de\/produkt\/kvetinacova-zastena\/","title":{"rendered":"Kvetin\u00e1\u010dov\u00e1 z\u00e1stena"},"content":{"rendered":"<p>Dodanie 4-6 t\u00fd\u017ed\u0148ov (pod\u013ea stavu skladov\u00fdch z\u00e1sob)<\/p>\n<p>Kon\u0161trukcia je vybaven\u00e1 automatick\u00fdm zavla\u017eovac\u00edm syst\u00e9mom. Kovov\u00e9 \u010dasti s\u00fa pozinkovan\u00e9 a povrchovo upraven\u00e9 pr\u00e1\u0161kovou farbou.<br \/>\nTento v\u00fdrobok je kr\u00e1snym rie\u0161en\u00edm na skr\u00e1\u0161lenie mestsk\u00fdch siv\u00fdch priestorov a na vytvorenie zdrav\u0161ieho prostredia.<\/p>\n<p>Pre bli\u017e\u0161iu \u0161pecifik\u00e1ciu jednotliv\u00fdch komponentov z\u00e1steny a cenu n\u00e1s pros\u00edm kontaktujte.<\/p>\n","protected":false},"excerpt":{"rendered":"<p>Kvetin\u00e1\u010dov\u00e1 z\u00e1stena oce\u013eovej kon\u0161tukcie bola navrhnut\u00e1 na vytv\u00e1ranie vertik\u00e1lnych z\u00e1hrad s r\u00f4znymi rozmermi a dizajnom v z\u00e1vislosti od funkcie, ktor\u00fa bude plni\u0165.<\/p>\n","protected":false},"featured_media":37379,"template":"","meta":[],"product_brand":[],"product_cat":[530,659],"product_tag":[],"class_list":{"0":"post-37372","1":"product","2":"type-product","3":"status-publish","4":"has-post-thumbnail","6":"product_cat-betonovy-mobiliar","7":"product_cat-ocelovy-mobiliar","8":"product_shipping_class-sady-zahdradneho-nabytku","10":"first","11":"outofstock","12":"featured","13":"taxable","14":"shipping-taxable","15":"product-type-simple"},"yoast_head":"<!-- This site is optimized with the Yoast SEO plugin v27.2 - https:\/\/yoast.com\/product\/yoast-seo-wordpress\/ -->\n<title>Kvetin\u00e1\u010dov\u00e1 z\u00e1stena | Ecoprogress<\/title>\n<meta name=\"description\" content=\"Kvetin\u00e1\u010dov\u00e1 z\u00e1stena oce\u013eovej kon\u0161tukcie bola navrhnut\u00e1 na vytv\u00e1ranie vertik\u00e1lnych z\u00e1hrad s r\u00f4znymi rozmermi a dizajnom v z\u00e1vislosti od funkcie, ktor\u00fa bude plni\u0165.\" \/>\n<meta name=\"robots\" content=\"index, follow, max-snippet:-1, max-image-preview:large, max-video-preview:-1\" \/>\n<link rel=\"canonical\" href=\"https:\/\/ecoprogress.eu\/de\/produkt\/kvetinacova-zastena\/\" \/>\n<meta property=\"og:locale\" content=\"de_DE\" \/>\n<meta property=\"og:type\" content=\"article\" \/>\n<meta property=\"og:title\" content=\"Kvetin\u00e1\u010dov\u00e1 z\u00e1stena | Ecoprogress\" \/>\n<meta property=\"og:description\" content=\"Kvetin\u00e1\u010dov\u00e1 z\u00e1stena oce\u013eovej kon\u0161tukcie bola navrhnut\u00e1 na vytv\u00e1ranie vertik\u00e1lnych z\u00e1hrad s r\u00f4znymi rozmermi a dizajnom v z\u00e1vislosti od funkcie, ktor\u00fa bude plni\u0165.\" \/>\n<meta property=\"og:url\" content=\"https:\/\/ecoprogress.eu\/de\/produkt\/kvetinacova-zastena\/\" \/>\n<meta property=\"og:site_name\" content=\"Ecoprogress\" \/>\n<meta property=\"article:modified_time\" content=\"2023-03-29T15:20:16+00:00\" \/>\n<meta property=\"og:image\" content=\"https:\/\/ecoprogress.eu\/wp-content\/uploads\/IMG_20180418_101441-min.jpg\" \/>\n\t<meta property=\"og:image:width\" content=\"1024\" \/>\n\t<meta property=\"og:image:height\" content=\"1365\" \/>\n\t<meta property=\"og:image:type\" content=\"image\/jpeg\" \/>\n<meta name=\"twitter:card\" content=\"summary_large_image\" \/>\n<meta name=\"twitter:label1\" content=\"Gesch\u00e4tzte Lesezeit\" \/>\n\t<meta name=\"twitter:data1\" content=\"1\u00a0Minute\" \/>\n<script type=\"application\/ld+json\" class=\"yoast-schema-graph\">{\"@context\":\"https:\/\/schema.org\",\"@graph\":[{\"@type\":\"WebPage\",\"@id\":\"https:\/\/ecoprogress.eu\/de\/produkt\/kvetinacova-zastena\/\",\"url\":\"https:\/\/ecoprogress.eu\/de\/produkt\/kvetinacova-zastena\/\",\"name\":\"Kvetin\u00e1\u010dov\u00e1 z\u00e1stena | Ecoprogress\",\"isPartOf\":{\"@id\":\"https:\/\/ecoprogress.eu\/de\/#website\"},\"primaryImageOfPage\":{\"@id\":\"https:\/\/ecoprogress.eu\/de\/produkt\/kvetinacova-zastena\/#primaryimage\"},\"image\":{\"@id\":\"https:\/\/ecoprogress.eu\/de\/produkt\/kvetinacova-zastena\/#primaryimage\"},\"thumbnailUrl\":\"https:\/\/ecoprogress.eu\/wp-content\/uploads\/IMG_20180418_101441-min.jpg\",\"datePublished\":\"2023-03-10T12:41:29+00:00\",\"dateModified\":\"2023-03-29T15:20:16+00:00\",\"description\":\"Kvetin\u00e1\u010dov\u00e1 z\u00e1stena oce\u013eovej kon\u0161tukcie bola navrhnut\u00e1 na vytv\u00e1ranie vertik\u00e1lnych z\u00e1hrad s r\u00f4znymi rozmermi a dizajnom v z\u00e1vislosti od funkcie, ktor\u00fa bude plni\u0165.\",\"breadcrumb\":{\"@id\":\"https:\/\/ecoprogress.eu\/de\/produkt\/kvetinacova-zastena\/#breadcrumb\"},\"inLanguage\":\"de\",\"potentialAction\":[{\"@type\":\"ReadAction\",\"target\":[\"https:\/\/ecoprogress.eu\/de\/produkt\/kvetinacova-zastena\/\"]}]},{\"@type\":\"ImageObject\",\"inLanguage\":\"de\",\"@id\":\"https:\/\/ecoprogress.eu\/de\/produkt\/kvetinacova-zastena\/#primaryimage\",\"url\":\"https:\/\/ecoprogress.eu\/wp-content\/uploads\/IMG_20180418_101441-min.jpg\",\"contentUrl\":\"https:\/\/ecoprogress.eu\/wp-content\/uploads\/IMG_20180418_101441-min.jpg\",\"width\":1024,\"height\":1365},{\"@type\":\"BreadcrumbList\",\"@id\":\"https:\/\/ecoprogress.eu\/de\/produkt\/kvetinacova-zastena\/#breadcrumb\",\"itemListElement\":[{\"@type\":\"ListItem\",\"position\":1,\"name\":\"Produkte\",\"item\":\"https:\/\/ecoprogress.eu\/de\/produkte\/\"},{\"@type\":\"ListItem\",\"position\":2,\"name\":\"Kvetin\u00e1\u010dov\u00e1 z\u00e1stena\"}]},{\"@type\":\"WebSite\",\"@id\":\"https:\/\/ecoprogress.eu\/de\/#website\",\"url\":\"https:\/\/ecoprogress.eu\/de\/\",\"name\":\"Ecoprogress\",\"description\":\"\",\"publisher\":{\"@id\":\"https:\/\/ecoprogress.eu\/de\/#organization\"},\"potentialAction\":[{\"@type\":\"SearchAction\",\"target\":{\"@type\":\"EntryPoint\",\"urlTemplate\":\"https:\/\/ecoprogress.eu\/de\/?s={search_term_string}\"},\"query-input\":{\"@type\":\"PropertyValueSpecification\",\"valueRequired\":true,\"valueName\":\"search_term_string\"}}],\"inLanguage\":\"de\"},{\"@type\":\"Organization\",\"@id\":\"https:\/\/ecoprogress.eu\/de\/#organization\",\"name\":\"Ecoprogress\",\"url\":\"https:\/\/ecoprogress.eu\/de\/\",\"logo\":{\"@type\":\"ImageObject\",\"inLanguage\":\"de\",\"@id\":\"https:\/\/ecoprogress.eu\/de\/#\/schema\/logo\/image\/\",\"url\":\"https:\/\/ecoprogress.eu\/wp-content\/uploads\/logo-2.svg\",\"contentUrl\":\"https:\/\/ecoprogress.eu\/wp-content\/uploads\/logo-2.svg\",\"width\":318,\"height\":349,\"caption\":\"Ecoprogress\"},\"image\":{\"@id\":\"https:\/\/ecoprogress.eu\/de\/#\/schema\/logo\/image\/\"}}]}<\/script>\n<!-- \/ Yoast SEO plugin. -->","yoast_head_json":{"title":"Kvetin\u00e1\u010dov\u00e1 z\u00e1stena | Ecoprogress","description":"Kvetin\u00e1\u010dov\u00e1 z\u00e1stena oce\u013eovej kon\u0161tukcie bola navrhnut\u00e1 na vytv\u00e1ranie vertik\u00e1lnych z\u00e1hrad s r\u00f4znymi rozmermi a dizajnom v z\u00e1vislosti od funkcie, ktor\u00fa bude plni\u0165.","robots":{"index":"index","follow":"follow","max-snippet":"max-snippet:-1","max-image-preview":"max-image-preview:large","max-video-preview":"max-video-preview:-1"},"canonical":"https:\/\/ecoprogress.eu\/de\/produkt\/kvetinacova-zastena\/","og_locale":"de_DE","og_type":"article","og_title":"Kvetin\u00e1\u010dov\u00e1 z\u00e1stena | Ecoprogress","og_description":"Kvetin\u00e1\u010dov\u00e1 z\u00e1stena oce\u013eovej kon\u0161tukcie bola navrhnut\u00e1 na vytv\u00e1ranie vertik\u00e1lnych z\u00e1hrad s r\u00f4znymi rozmermi a dizajnom v z\u00e1vislosti od funkcie, ktor\u00fa bude plni\u0165.","og_url":"https:\/\/ecoprogress.eu\/de\/produkt\/kvetinacova-zastena\/","og_site_name":"Ecoprogress","article_modified_time":"2023-03-29T15:20:16+00:00","og_image":[{"width":1024,"height":1365,"url":"https:\/\/ecoprogress.eu\/wp-content\/uploads\/IMG_20180418_101441-min.jpg","type":"image\/jpeg"}],"twitter_card":"summary_large_image","twitter_misc":{"Gesch\u00e4tzte Lesezeit":"1\u00a0Minute"},"schema":{"@context":"https:\/\/schema.org","@graph":[{"@type":"WebPage","@id":"https:\/\/ecoprogress.eu\/de\/produkt\/kvetinacova-zastena\/","url":"https:\/\/ecoprogress.eu\/de\/produkt\/kvetinacova-zastena\/","name":"Kvetin\u00e1\u010dov\u00e1 z\u00e1stena | Ecoprogress","isPartOf":{"@id":"https:\/\/ecoprogress.eu\/de\/#website"},"primaryImageOfPage":{"@id":"https:\/\/ecoprogress.eu\/de\/produkt\/kvetinacova-zastena\/#primaryimage"},"image":{"@id":"https:\/\/ecoprogress.eu\/de\/produkt\/kvetinacova-zastena\/#primaryimage"},"thumbnailUrl":"https:\/\/ecoprogress.eu\/wp-content\/uploads\/IMG_20180418_101441-min.jpg","datePublished":"2023-03-10T12:41:29+00:00","dateModified":"2023-03-29T15:20:16+00:00","description":"Kvetin\u00e1\u010dov\u00e1 z\u00e1stena oce\u013eovej kon\u0161tukcie bola navrhnut\u00e1 na vytv\u00e1ranie vertik\u00e1lnych z\u00e1hrad s r\u00f4znymi rozmermi a dizajnom v z\u00e1vislosti od funkcie, ktor\u00fa bude plni\u0165.","breadcrumb":{"@id":"https:\/\/ecoprogress.eu\/de\/produkt\/kvetinacova-zastena\/#breadcrumb"},"inLanguage":"de","potentialAction":[{"@type":"ReadAction","target":["https:\/\/ecoprogress.eu\/de\/produkt\/kvetinacova-zastena\/"]}]},{"@type":"ImageObject","inLanguage":"de","@id":"https:\/\/ecoprogress.eu\/de\/produkt\/kvetinacova-zastena\/#primaryimage","url":"https:\/\/ecoprogress.eu\/wp-content\/uploads\/IMG_20180418_101441-min.jpg","contentUrl":"https:\/\/ecoprogress.eu\/wp-content\/uploads\/IMG_20180418_101441-min.jpg","width":1024,"height":1365},{"@type":"BreadcrumbList","@id":"https:\/\/ecoprogress.eu\/de\/produkt\/kvetinacova-zastena\/#breadcrumb","itemListElement":[{"@type":"ListItem","position":1,"name":"Produkte","item":"https:\/\/ecoprogress.eu\/de\/produkte\/"},{"@type":"ListItem","position":2,"name":"Kvetin\u00e1\u010dov\u00e1 z\u00e1stena"}]},{"@type":"WebSite","@id":"https:\/\/ecoprogress.eu\/de\/#website","url":"https:\/\/ecoprogress.eu\/de\/","name":"Ecoprogress","description":"","publisher":{"@id":"https:\/\/ecoprogress.eu\/de\/#organization"},"potentialAction":[{"@type":"SearchAction","target":{"@type":"EntryPoint","urlTemplate":"https:\/\/ecoprogress.eu\/de\/?s={search_term_string}"},"query-input":{"@type":"PropertyValueSpecification","valueRequired":true,"valueName":"search_term_string"}}],"inLanguage":"de"},{"@type":"Organization","@id":"https:\/\/ecoprogress.eu\/de\/#organization","name":"Ecoprogress","url":"https:\/\/ecoprogress.eu\/de\/","logo":{"@type":"ImageObject","inLanguage":"de","@id":"https:\/\/ecoprogress.eu\/de\/#\/schema\/logo\/image\/","url":"https:\/\/ecoprogress.eu\/wp-content\/uploads\/logo-2.svg","contentUrl":"https:\/\/ecoprogress.eu\/wp-content\/uploads\/logo-2.svg","width":318,"height":349,"caption":"Ecoprogress"},"image":{"@id":"https:\/\/ecoprogress.eu\/de\/#\/schema\/logo\/image\/"}}]}},"_links":{"self":[{"href":"https:\/\/ecoprogress.eu\/de\/wp-json\/wp\/v2\/product\/37372","targetHints":{"allow":["GET"]}}],"collection":[{"href":"https:\/\/ecoprogress.eu\/de\/wp-json\/wp\/v2\/product"}],"about":[{"href":"https:\/\/ecoprogress.eu\/de\/wp-json\/wp\/v2\/types\/product"}],"version-history":[{"count":0,"href":"https:\/\/ecoprogress.eu\/de\/wp-json\/wp\/v2\/product\/37372\/revisions"}],"wp:featuredmedia":[{"embeddable":true,"href":"https:\/\/ecoprogress.eu\/de\/wp-json\/wp\/v2\/media\/37379"}],"wp:attachment":[{"href":"https:\/\/ecoprogress.eu\/de\/wp-json\/wp\/v2\/media?parent=37372"}],"wp:term":[{"taxonomy":"product_brand","embeddable":true,"href":"https:\/\/ecoprogress.eu\/de\/wp-json\/wp\/v2\/product_brand?post=37372"},{"taxonomy":"product_cat","embeddable":true,"href":"https:\/\/ecoprogress.eu\/de\/wp-json\/wp\/v2\/product_cat?post=37372"},{"taxonomy":"product_tag","embeddable":true,"href":"https:\/\/ecoprogress.eu\/de\/wp-json\/wp\/v2\/product_tag?post=37372"}],"curies":[{"name":"wp","href":"https:\/\/api.w.org\/{rel}","templated":true}]}}