{"id":37762,"date":"2023-03-24T12:44:56","date_gmt":"2023-03-24T11:44:56","guid":{"rendered":"https:\/\/ecoprogress.eu\/?post_type=product&#038;p=37762"},"modified":"2023-03-29T17:21:28","modified_gmt":"2023-03-29T15:21:28","slug":"nabijacia-stanica-typ-11","status":"publish","type":"product","link":"https:\/\/ecoprogress.eu\/de\/produkt\/nabijacia-stanica-typ-11\/","title":{"rendered":"Nab\u00edjacia stanica typ 11"},"content":{"rendered":"<p>Dodanie 4-6 t\u00fd\u017ed\u0148ov (pod\u013ea stavu skladov\u00fdch z\u00e1sob)<\/p>\n\n<table id=\"tablepress-1723\" class=\"tablepress tablepress-id-1723\">\n<tbody class=\"row-striping row-hover\">\n<tr class=\"row-1\">\n\t<td class=\"column-1\">materi\u00e1l<\/td><td class=\"column-2\">oce\u013e pozinkovan\u00e1 a ma\u013eovan\u00e1<\/td>\n<\/tr>\n<tr class=\"row-2\">\n\t<td class=\"column-1\">po\u010det stanov\u00edsk<\/td><td class=\"column-2\">9<\/td>\n<\/tr>\n<\/tbody>\n<\/table>\n<!-- #tablepress-1723 from cache -->\n","protected":false},"excerpt":{"rendered":"<p>Nab\u00edjacia stanica typ 11 je nab\u00edjacou stanicou a stojanom na kolobe\u017eky v jednom a\u017e pre 9 bicyklov. Uzamykanie je mo\u017en\u00e9 pomocou vlastn\u00e9ho z\u00e1mku z\u00e1kazn\u00edka.<\/p>\n","protected":false},"featured_media":37774,"template":"","meta":[],"product_brand":[],"product_cat":[330,659,289],"product_tag":[],"class_list":{"0":"post-37762","1":"product","2":"type-product","3":"status-publish","4":"has-post-thumbnail","6":"product_cat-elektricke-nabijacie-stanice","7":"product_cat-ocelovy-mobiliar","8":"product_cat-stojany-na-kolobezky","9":"product_shipping_class-stojany-pg","11":"first","12":"instock","13":"featured","14":"taxable","15":"shipping-taxable","16":"purchasable","17":"product-type-simple"},"yoast_head":"<!-- This site is optimized with the Yoast SEO plugin v27.2 - https:\/\/yoast.com\/product\/yoast-seo-wordpress\/ -->\n<title>Nab\u00edjacia stanica typ 11 | Ecoprogress<\/title>\n<meta name=\"description\" content=\"Nab\u00edjacia stanica typ 11 je nab\u00edjacou stanicou a stojanom na kolobe\u017eky v jednom a\u017e pre 9 bicyklov. Uzamykanie je mo\u017en\u00e9 pomocou vlastn\u00e9ho z\u00e1mku pou\u017e\u00edvate\u013ea.\" \/>\n<meta name=\"robots\" content=\"index, follow, max-snippet:-1, max-image-preview:large, max-video-preview:-1\" \/>\n<link rel=\"canonical\" href=\"https:\/\/ecoprogress.eu\/de\/produkt\/nabijacia-stanica-typ-11\/\" \/>\n<meta property=\"og:locale\" content=\"de_DE\" \/>\n<meta property=\"og:type\" content=\"article\" \/>\n<meta property=\"og:title\" content=\"Nab\u00edjacia stanica typ 11 | Ecoprogress\" \/>\n<meta property=\"og:description\" content=\"Nab\u00edjacia stanica typ 11 je nab\u00edjacou stanicou a stojanom na kolobe\u017eky v jednom a\u017e pre 9 bicyklov. Uzamykanie je mo\u017en\u00e9 pomocou vlastn\u00e9ho z\u00e1mku pou\u017e\u00edvate\u013ea.\" \/>\n<meta property=\"og:url\" content=\"https:\/\/ecoprogress.eu\/de\/produkt\/nabijacia-stanica-typ-11\/\" \/>\n<meta property=\"og:site_name\" content=\"Ecoprogress\" \/>\n<meta property=\"article:modified_time\" content=\"2023-03-29T15:21:28+00:00\" \/>\n<meta property=\"og:image\" content=\"https:\/\/ecoprogress.eu\/wp-content\/uploads\/nabijaciastanica11.jpg\" \/>\n\t<meta property=\"og:image:width\" content=\"2048\" \/>\n\t<meta property=\"og:image:height\" content=\"1536\" \/>\n\t<meta property=\"og:image:type\" content=\"image\/jpeg\" \/>\n<meta name=\"twitter:card\" content=\"summary_large_image\" \/>\n<meta name=\"twitter:label1\" content=\"Gesch\u00e4tzte Lesezeit\" \/>\n\t<meta name=\"twitter:data1\" content=\"1\u00a0Minute\" \/>\n<script type=\"application\/ld+json\" class=\"yoast-schema-graph\">{\"@context\":\"https:\/\/schema.org\",\"@graph\":[{\"@type\":\"WebPage\",\"@id\":\"https:\/\/ecoprogress.eu\/de\/produkt\/nabijacia-stanica-typ-11\/\",\"url\":\"https:\/\/ecoprogress.eu\/de\/produkt\/nabijacia-stanica-typ-11\/\",\"name\":\"Nab\u00edjacia stanica typ 11 | Ecoprogress\",\"isPartOf\":{\"@id\":\"https:\/\/ecoprogress.eu\/de\/#website\"},\"primaryImageOfPage\":{\"@id\":\"https:\/\/ecoprogress.eu\/de\/produkt\/nabijacia-stanica-typ-11\/#primaryimage\"},\"image\":{\"@id\":\"https:\/\/ecoprogress.eu\/de\/produkt\/nabijacia-stanica-typ-11\/#primaryimage\"},\"thumbnailUrl\":\"https:\/\/ecoprogress.eu\/wp-content\/uploads\/nabijaciastanica11.jpg\",\"datePublished\":\"2023-03-24T11:44:56+00:00\",\"dateModified\":\"2023-03-29T15:21:28+00:00\",\"description\":\"Nab\u00edjacia stanica typ 11 je nab\u00edjacou stanicou a stojanom na kolobe\u017eky v jednom a\u017e pre 9 bicyklov. Uzamykanie je mo\u017en\u00e9 pomocou vlastn\u00e9ho z\u00e1mku pou\u017e\u00edvate\u013ea.\",\"breadcrumb\":{\"@id\":\"https:\/\/ecoprogress.eu\/de\/produkt\/nabijacia-stanica-typ-11\/#breadcrumb\"},\"inLanguage\":\"de\",\"potentialAction\":[{\"@type\":\"ReadAction\",\"target\":[\"https:\/\/ecoprogress.eu\/de\/produkt\/nabijacia-stanica-typ-11\/\"]}]},{\"@type\":\"ImageObject\",\"inLanguage\":\"de\",\"@id\":\"https:\/\/ecoprogress.eu\/de\/produkt\/nabijacia-stanica-typ-11\/#primaryimage\",\"url\":\"https:\/\/ecoprogress.eu\/wp-content\/uploads\/nabijaciastanica11.jpg\",\"contentUrl\":\"https:\/\/ecoprogress.eu\/wp-content\/uploads\/nabijaciastanica11.jpg\",\"width\":2048,\"height\":1536},{\"@type\":\"BreadcrumbList\",\"@id\":\"https:\/\/ecoprogress.eu\/de\/produkt\/nabijacia-stanica-typ-11\/#breadcrumb\",\"itemListElement\":[{\"@type\":\"ListItem\",\"position\":1,\"name\":\"Produkte\",\"item\":\"https:\/\/ecoprogress.eu\/de\/produkte\/\"},{\"@type\":\"ListItem\",\"position\":2,\"name\":\"Nab\u00edjacia stanica typ 11\"}]},{\"@type\":\"WebSite\",\"@id\":\"https:\/\/ecoprogress.eu\/de\/#website\",\"url\":\"https:\/\/ecoprogress.eu\/de\/\",\"name\":\"Ecoprogress\",\"description\":\"\",\"publisher\":{\"@id\":\"https:\/\/ecoprogress.eu\/de\/#organization\"},\"potentialAction\":[{\"@type\":\"SearchAction\",\"target\":{\"@type\":\"EntryPoint\",\"urlTemplate\":\"https:\/\/ecoprogress.eu\/de\/?s={search_term_string}\"},\"query-input\":{\"@type\":\"PropertyValueSpecification\",\"valueRequired\":true,\"valueName\":\"search_term_string\"}}],\"inLanguage\":\"de\"},{\"@type\":\"Organization\",\"@id\":\"https:\/\/ecoprogress.eu\/de\/#organization\",\"name\":\"Ecoprogress\",\"url\":\"https:\/\/ecoprogress.eu\/de\/\",\"logo\":{\"@type\":\"ImageObject\",\"inLanguage\":\"de\",\"@id\":\"https:\/\/ecoprogress.eu\/de\/#\/schema\/logo\/image\/\",\"url\":\"https:\/\/ecoprogress.eu\/wp-content\/uploads\/logo-2.svg\",\"contentUrl\":\"https:\/\/ecoprogress.eu\/wp-content\/uploads\/logo-2.svg\",\"width\":318,\"height\":349,\"caption\":\"Ecoprogress\"},\"image\":{\"@id\":\"https:\/\/ecoprogress.eu\/de\/#\/schema\/logo\/image\/\"}}]}<\/script>\n<!-- \/ Yoast SEO plugin. -->","yoast_head_json":{"title":"Nab\u00edjacia stanica typ 11 | Ecoprogress","description":"Nab\u00edjacia stanica typ 11 je nab\u00edjacou stanicou a stojanom na kolobe\u017eky v jednom a\u017e pre 9 bicyklov. Uzamykanie je mo\u017en\u00e9 pomocou vlastn\u00e9ho z\u00e1mku pou\u017e\u00edvate\u013ea.","robots":{"index":"index","follow":"follow","max-snippet":"max-snippet:-1","max-image-preview":"max-image-preview:large","max-video-preview":"max-video-preview:-1"},"canonical":"https:\/\/ecoprogress.eu\/de\/produkt\/nabijacia-stanica-typ-11\/","og_locale":"de_DE","og_type":"article","og_title":"Nab\u00edjacia stanica typ 11 | Ecoprogress","og_description":"Nab\u00edjacia stanica typ 11 je nab\u00edjacou stanicou a stojanom na kolobe\u017eky v jednom a\u017e pre 9 bicyklov. Uzamykanie je mo\u017en\u00e9 pomocou vlastn\u00e9ho z\u00e1mku pou\u017e\u00edvate\u013ea.","og_url":"https:\/\/ecoprogress.eu\/de\/produkt\/nabijacia-stanica-typ-11\/","og_site_name":"Ecoprogress","article_modified_time":"2023-03-29T15:21:28+00:00","og_image":[{"width":2048,"height":1536,"url":"https:\/\/ecoprogress.eu\/wp-content\/uploads\/nabijaciastanica11.jpg","type":"image\/jpeg"}],"twitter_card":"summary_large_image","twitter_misc":{"Gesch\u00e4tzte Lesezeit":"1\u00a0Minute"},"schema":{"@context":"https:\/\/schema.org","@graph":[{"@type":"WebPage","@id":"https:\/\/ecoprogress.eu\/de\/produkt\/nabijacia-stanica-typ-11\/","url":"https:\/\/ecoprogress.eu\/de\/produkt\/nabijacia-stanica-typ-11\/","name":"Nab\u00edjacia stanica typ 11 | Ecoprogress","isPartOf":{"@id":"https:\/\/ecoprogress.eu\/de\/#website"},"primaryImageOfPage":{"@id":"https:\/\/ecoprogress.eu\/de\/produkt\/nabijacia-stanica-typ-11\/#primaryimage"},"image":{"@id":"https:\/\/ecoprogress.eu\/de\/produkt\/nabijacia-stanica-typ-11\/#primaryimage"},"thumbnailUrl":"https:\/\/ecoprogress.eu\/wp-content\/uploads\/nabijaciastanica11.jpg","datePublished":"2023-03-24T11:44:56+00:00","dateModified":"2023-03-29T15:21:28+00:00","description":"Nab\u00edjacia stanica typ 11 je nab\u00edjacou stanicou a stojanom na kolobe\u017eky v jednom a\u017e pre 9 bicyklov. Uzamykanie je mo\u017en\u00e9 pomocou vlastn\u00e9ho z\u00e1mku pou\u017e\u00edvate\u013ea.","breadcrumb":{"@id":"https:\/\/ecoprogress.eu\/de\/produkt\/nabijacia-stanica-typ-11\/#breadcrumb"},"inLanguage":"de","potentialAction":[{"@type":"ReadAction","target":["https:\/\/ecoprogress.eu\/de\/produkt\/nabijacia-stanica-typ-11\/"]}]},{"@type":"ImageObject","inLanguage":"de","@id":"https:\/\/ecoprogress.eu\/de\/produkt\/nabijacia-stanica-typ-11\/#primaryimage","url":"https:\/\/ecoprogress.eu\/wp-content\/uploads\/nabijaciastanica11.jpg","contentUrl":"https:\/\/ecoprogress.eu\/wp-content\/uploads\/nabijaciastanica11.jpg","width":2048,"height":1536},{"@type":"BreadcrumbList","@id":"https:\/\/ecoprogress.eu\/de\/produkt\/nabijacia-stanica-typ-11\/#breadcrumb","itemListElement":[{"@type":"ListItem","position":1,"name":"Produkte","item":"https:\/\/ecoprogress.eu\/de\/produkte\/"},{"@type":"ListItem","position":2,"name":"Nab\u00edjacia stanica typ 11"}]},{"@type":"WebSite","@id":"https:\/\/ecoprogress.eu\/de\/#website","url":"https:\/\/ecoprogress.eu\/de\/","name":"Ecoprogress","description":"","publisher":{"@id":"https:\/\/ecoprogress.eu\/de\/#organization"},"potentialAction":[{"@type":"SearchAction","target":{"@type":"EntryPoint","urlTemplate":"https:\/\/ecoprogress.eu\/de\/?s={search_term_string}"},"query-input":{"@type":"PropertyValueSpecification","valueRequired":true,"valueName":"search_term_string"}}],"inLanguage":"de"},{"@type":"Organization","@id":"https:\/\/ecoprogress.eu\/de\/#organization","name":"Ecoprogress","url":"https:\/\/ecoprogress.eu\/de\/","logo":{"@type":"ImageObject","inLanguage":"de","@id":"https:\/\/ecoprogress.eu\/de\/#\/schema\/logo\/image\/","url":"https:\/\/ecoprogress.eu\/wp-content\/uploads\/logo-2.svg","contentUrl":"https:\/\/ecoprogress.eu\/wp-content\/uploads\/logo-2.svg","width":318,"height":349,"caption":"Ecoprogress"},"image":{"@id":"https:\/\/ecoprogress.eu\/de\/#\/schema\/logo\/image\/"}}]}},"_links":{"self":[{"href":"https:\/\/ecoprogress.eu\/de\/wp-json\/wp\/v2\/product\/37762","targetHints":{"allow":["GET"]}}],"collection":[{"href":"https:\/\/ecoprogress.eu\/de\/wp-json\/wp\/v2\/product"}],"about":[{"href":"https:\/\/ecoprogress.eu\/de\/wp-json\/wp\/v2\/types\/product"}],"version-history":[{"count":0,"href":"https:\/\/ecoprogress.eu\/de\/wp-json\/wp\/v2\/product\/37762\/revisions"}],"wp:featuredmedia":[{"embeddable":true,"href":"https:\/\/ecoprogress.eu\/de\/wp-json\/wp\/v2\/media\/37774"}],"wp:attachment":[{"href":"https:\/\/ecoprogress.eu\/de\/wp-json\/wp\/v2\/media?parent=37762"}],"wp:term":[{"taxonomy":"product_brand","embeddable":true,"href":"https:\/\/ecoprogress.eu\/de\/wp-json\/wp\/v2\/product_brand?post=37762"},{"taxonomy":"product_cat","embeddable":true,"href":"https:\/\/ecoprogress.eu\/de\/wp-json\/wp\/v2\/product_cat?post=37762"},{"taxonomy":"product_tag","embeddable":true,"href":"https:\/\/ecoprogress.eu\/de\/wp-json\/wp\/v2\/product_tag?post=37762"}],"curies":[{"name":"wp","href":"https:\/\/api.w.org\/{rel}","templated":true}]}}