{"id":37854,"date":"2023-03-28T12:31:09","date_gmt":"2023-03-28T10:31:09","guid":{"rendered":"https:\/\/ecoprogress.eu\/?post_type=product&#038;p=37854"},"modified":"2023-03-29T17:23:02","modified_gmt":"2023-03-29T15:23:02","slug":"stojan-modulovy-typ-21","status":"publish","type":"product","link":"https:\/\/ecoprogress.eu\/de\/produkt\/stojan-modulovy-typ-21\/","title":{"rendered":"Stojan modulov\u00fd typ 21"},"content":{"rendered":"<p>Dodanie 4-6 t\u00fd\u017ed\u0148ov (pod\u013ea stavu skladov\u00fdch z\u00e1sob)<\/p>\n<p>M\u00f4\u017ee by\u0165 dodan\u00fd vo variante s bet\u00f3nov\u00fdmi bo\u010dnicami alebo kovov\u00fdmi obl\u00fakov\u00fdmi bo\u010dnicami a ukotvenie je pomocou skrutiek alebo mont\u00e1\u017eou do zeme.<\/p>\n<p>Oce\u013eov\u00e1 kon\u0161trukcia je pozinkovan\u00e1 a potiahnut\u00e1 termosetov\u00fdmi pr\u00e1\u0161kami a je k dispoz\u00edcii v r\u00f4znych farb\u00e1ch RAL farieb.<\/p>\n<p>Skrutky s\u00fa z nehrdzavej\u00facej ocele.<\/p>\n\n<table id=\"tablepress-1736\" class=\"tablepress tablepress-id-1736\">\n<tbody class=\"row-striping row-hover\">\n<tr class=\"row-1\">\n\t<td class=\"column-1\">materi\u00e1l<\/td><td class=\"column-2\">pozinkovan\u00e1 a ma\u013eovan\u00e1 oce\u013e<\/td>\n<\/tr>\n<tr class=\"row-2\">\n\t<td class=\"column-1\">\u0161\u00edrka<\/td><td class=\"column-2\">159,7 \/ 261,6 \/ 397,4 cm<\/td>\n<\/tr>\n<tr class=\"row-3\">\n\t<td class=\"column-1\">v\u00fd\u0161ka<\/td><td class=\"column-2\">82,6 cm<\/td>\n<\/tr>\n<tr class=\"row-4\">\n\t<td class=\"column-1\">h\u013abka<\/td><td class=\"column-2\">90,1 cm<\/td>\n<\/tr>\n<\/tbody>\n<\/table>\n<!-- #tablepress-1736 from cache -->\n","protected":false},"excerpt":{"rendered":"<p>Stojan modulov\u00fd typ 21 vo variante pre 7 alebo 11 bicyklov je obojstrann\u00fd a sklad\u00e1 sa z dr\u017eiakov kolies a horizont\u00e1lnych podpier. R\u00e1m bicykla m\u00f4\u017ee by\u0165 uzamknut\u00fd ku kovovej rukov\u00e4ti.<\/p>\n","protected":false},"featured_media":37849,"template":"","meta":[],"product_brand":[],"product_cat":[569,530,219,659,156],"product_tag":[],"class_list":{"0":"post-37854","1":"product","2":"type-product","3":"status-publish","4":"has-post-thumbnail","6":"product_cat-betonove-stojany-na-bicykel","7":"product_cat-betonovy-mobiliar","8":"product_cat-modulove","9":"product_cat-ocelovy-mobiliar","10":"product_cat-stojany-na-bicykle","11":"product_shipping_class-stojany","13":"first","14":"instock","15":"featured","16":"taxable","17":"shipping-taxable","18":"purchasable","19":"product-type-variable"},"yoast_head":"<!-- This site is optimized with the Yoast SEO plugin v27.2 - https:\/\/yoast.com\/product\/yoast-seo-wordpress\/ -->\n<title>Stojan modulov\u00fd typ 21 | Ecoprogress<\/title>\n<meta name=\"description\" content=\"Stojan modulov\u00fd typ 21 vo variante pre 7 alebo 11 bicyklov obojstrann\u00fd a sklad\u00e1 sa z dr\u017eiakov kolies a horizont\u00e1lnych podpier.\" \/>\n<meta name=\"robots\" content=\"index, follow, max-snippet:-1, max-image-preview:large, max-video-preview:-1\" \/>\n<link rel=\"canonical\" href=\"https:\/\/ecoprogress.eu\/de\/produkt\/stojan-modulovy-typ-21\/\" \/>\n<meta property=\"og:locale\" content=\"de_DE\" \/>\n<meta property=\"og:type\" content=\"article\" \/>\n<meta property=\"og:title\" content=\"Stojan modulov\u00fd typ 21 | Ecoprogress\" \/>\n<meta property=\"og:description\" content=\"Stojan modulov\u00fd typ 21 vo variante pre 7 alebo 11 bicyklov obojstrann\u00fd a sklad\u00e1 sa z dr\u017eiakov kolies a horizont\u00e1lnych podpier.\" \/>\n<meta property=\"og:url\" content=\"https:\/\/ecoprogress.eu\/de\/produkt\/stojan-modulovy-typ-21\/\" \/>\n<meta property=\"og:site_name\" content=\"Ecoprogress\" \/>\n<meta property=\"article:modified_time\" content=\"2023-03-29T15:23:02+00:00\" \/>\n<meta property=\"og:image\" content=\"https:\/\/ecoprogress.eu\/wp-content\/uploads\/PORTABICI-STRIKE-CLS-11-POSTI-BIFACCIALE.jpg\" \/>\n\t<meta property=\"og:image:width\" content=\"1693\" \/>\n\t<meta property=\"og:image:height\" content=\"1063\" \/>\n\t<meta property=\"og:image:type\" content=\"image\/jpeg\" \/>\n<meta name=\"twitter:card\" content=\"summary_large_image\" \/>\n<meta name=\"twitter:label1\" content=\"Gesch\u00e4tzte Lesezeit\" \/>\n\t<meta name=\"twitter:data1\" content=\"1\u00a0Minute\" \/>\n<script type=\"application\/ld+json\" class=\"yoast-schema-graph\">{\"@context\":\"https:\/\/schema.org\",\"@graph\":[{\"@type\":\"WebPage\",\"@id\":\"https:\/\/ecoprogress.eu\/de\/produkt\/stojan-modulovy-typ-21\/\",\"url\":\"https:\/\/ecoprogress.eu\/de\/produkt\/stojan-modulovy-typ-21\/\",\"name\":\"Stojan modulov\u00fd typ 21 | Ecoprogress\",\"isPartOf\":{\"@id\":\"https:\/\/ecoprogress.eu\/de\/#website\"},\"primaryImageOfPage\":{\"@id\":\"https:\/\/ecoprogress.eu\/de\/produkt\/stojan-modulovy-typ-21\/#primaryimage\"},\"image\":{\"@id\":\"https:\/\/ecoprogress.eu\/de\/produkt\/stojan-modulovy-typ-21\/#primaryimage\"},\"thumbnailUrl\":\"https:\/\/ecoprogress.eu\/wp-content\/uploads\/PORTABICI-STRIKE-CLS-11-POSTI-BIFACCIALE.jpg\",\"datePublished\":\"2023-03-28T10:31:09+00:00\",\"dateModified\":\"2023-03-29T15:23:02+00:00\",\"description\":\"Stojan modulov\u00fd typ 21 vo variante pre 7 alebo 11 bicyklov obojstrann\u00fd a sklad\u00e1 sa z dr\u017eiakov kolies a horizont\u00e1lnych podpier.\",\"breadcrumb\":{\"@id\":\"https:\/\/ecoprogress.eu\/de\/produkt\/stojan-modulovy-typ-21\/#breadcrumb\"},\"inLanguage\":\"de\",\"potentialAction\":[{\"@type\":\"ReadAction\",\"target\":[\"https:\/\/ecoprogress.eu\/de\/produkt\/stojan-modulovy-typ-21\/\"]}]},{\"@type\":\"ImageObject\",\"inLanguage\":\"de\",\"@id\":\"https:\/\/ecoprogress.eu\/de\/produkt\/stojan-modulovy-typ-21\/#primaryimage\",\"url\":\"https:\/\/ecoprogress.eu\/wp-content\/uploads\/PORTABICI-STRIKE-CLS-11-POSTI-BIFACCIALE.jpg\",\"contentUrl\":\"https:\/\/ecoprogress.eu\/wp-content\/uploads\/PORTABICI-STRIKE-CLS-11-POSTI-BIFACCIALE.jpg\",\"width\":1693,\"height\":1063},{\"@type\":\"BreadcrumbList\",\"@id\":\"https:\/\/ecoprogress.eu\/de\/produkt\/stojan-modulovy-typ-21\/#breadcrumb\",\"itemListElement\":[{\"@type\":\"ListItem\",\"position\":1,\"name\":\"Produkte\",\"item\":\"https:\/\/ecoprogress.eu\/de\/produkte\/\"},{\"@type\":\"ListItem\",\"position\":2,\"name\":\"Stojan modulov\u00fd typ 21\"}]},{\"@type\":\"WebSite\",\"@id\":\"https:\/\/ecoprogress.eu\/de\/#website\",\"url\":\"https:\/\/ecoprogress.eu\/de\/\",\"name\":\"Ecoprogress\",\"description\":\"\",\"publisher\":{\"@id\":\"https:\/\/ecoprogress.eu\/de\/#organization\"},\"potentialAction\":[{\"@type\":\"SearchAction\",\"target\":{\"@type\":\"EntryPoint\",\"urlTemplate\":\"https:\/\/ecoprogress.eu\/de\/?s={search_term_string}\"},\"query-input\":{\"@type\":\"PropertyValueSpecification\",\"valueRequired\":true,\"valueName\":\"search_term_string\"}}],\"inLanguage\":\"de\"},{\"@type\":\"Organization\",\"@id\":\"https:\/\/ecoprogress.eu\/de\/#organization\",\"name\":\"Ecoprogress\",\"url\":\"https:\/\/ecoprogress.eu\/de\/\",\"logo\":{\"@type\":\"ImageObject\",\"inLanguage\":\"de\",\"@id\":\"https:\/\/ecoprogress.eu\/de\/#\/schema\/logo\/image\/\",\"url\":\"https:\/\/ecoprogress.eu\/wp-content\/uploads\/logo-2.svg\",\"contentUrl\":\"https:\/\/ecoprogress.eu\/wp-content\/uploads\/logo-2.svg\",\"width\":318,\"height\":349,\"caption\":\"Ecoprogress\"},\"image\":{\"@id\":\"https:\/\/ecoprogress.eu\/de\/#\/schema\/logo\/image\/\"}}]}<\/script>\n<!-- \/ Yoast SEO plugin. -->","yoast_head_json":{"title":"Stojan modulov\u00fd typ 21 | Ecoprogress","description":"Stojan modulov\u00fd typ 21 vo variante pre 7 alebo 11 bicyklov obojstrann\u00fd a sklad\u00e1 sa z dr\u017eiakov kolies a horizont\u00e1lnych podpier.","robots":{"index":"index","follow":"follow","max-snippet":"max-snippet:-1","max-image-preview":"max-image-preview:large","max-video-preview":"max-video-preview:-1"},"canonical":"https:\/\/ecoprogress.eu\/de\/produkt\/stojan-modulovy-typ-21\/","og_locale":"de_DE","og_type":"article","og_title":"Stojan modulov\u00fd typ 21 | Ecoprogress","og_description":"Stojan modulov\u00fd typ 21 vo variante pre 7 alebo 11 bicyklov obojstrann\u00fd a sklad\u00e1 sa z dr\u017eiakov kolies a horizont\u00e1lnych podpier.","og_url":"https:\/\/ecoprogress.eu\/de\/produkt\/stojan-modulovy-typ-21\/","og_site_name":"Ecoprogress","article_modified_time":"2023-03-29T15:23:02+00:00","og_image":[{"width":1693,"height":1063,"url":"https:\/\/ecoprogress.eu\/wp-content\/uploads\/PORTABICI-STRIKE-CLS-11-POSTI-BIFACCIALE.jpg","type":"image\/jpeg"}],"twitter_card":"summary_large_image","twitter_misc":{"Gesch\u00e4tzte Lesezeit":"1\u00a0Minute"},"schema":{"@context":"https:\/\/schema.org","@graph":[{"@type":"WebPage","@id":"https:\/\/ecoprogress.eu\/de\/produkt\/stojan-modulovy-typ-21\/","url":"https:\/\/ecoprogress.eu\/de\/produkt\/stojan-modulovy-typ-21\/","name":"Stojan modulov\u00fd typ 21 | Ecoprogress","isPartOf":{"@id":"https:\/\/ecoprogress.eu\/de\/#website"},"primaryImageOfPage":{"@id":"https:\/\/ecoprogress.eu\/de\/produkt\/stojan-modulovy-typ-21\/#primaryimage"},"image":{"@id":"https:\/\/ecoprogress.eu\/de\/produkt\/stojan-modulovy-typ-21\/#primaryimage"},"thumbnailUrl":"https:\/\/ecoprogress.eu\/wp-content\/uploads\/PORTABICI-STRIKE-CLS-11-POSTI-BIFACCIALE.jpg","datePublished":"2023-03-28T10:31:09+00:00","dateModified":"2023-03-29T15:23:02+00:00","description":"Stojan modulov\u00fd typ 21 vo variante pre 7 alebo 11 bicyklov obojstrann\u00fd a sklad\u00e1 sa z dr\u017eiakov kolies a horizont\u00e1lnych podpier.","breadcrumb":{"@id":"https:\/\/ecoprogress.eu\/de\/produkt\/stojan-modulovy-typ-21\/#breadcrumb"},"inLanguage":"de","potentialAction":[{"@type":"ReadAction","target":["https:\/\/ecoprogress.eu\/de\/produkt\/stojan-modulovy-typ-21\/"]}]},{"@type":"ImageObject","inLanguage":"de","@id":"https:\/\/ecoprogress.eu\/de\/produkt\/stojan-modulovy-typ-21\/#primaryimage","url":"https:\/\/ecoprogress.eu\/wp-content\/uploads\/PORTABICI-STRIKE-CLS-11-POSTI-BIFACCIALE.jpg","contentUrl":"https:\/\/ecoprogress.eu\/wp-content\/uploads\/PORTABICI-STRIKE-CLS-11-POSTI-BIFACCIALE.jpg","width":1693,"height":1063},{"@type":"BreadcrumbList","@id":"https:\/\/ecoprogress.eu\/de\/produkt\/stojan-modulovy-typ-21\/#breadcrumb","itemListElement":[{"@type":"ListItem","position":1,"name":"Produkte","item":"https:\/\/ecoprogress.eu\/de\/produkte\/"},{"@type":"ListItem","position":2,"name":"Stojan modulov\u00fd typ 21"}]},{"@type":"WebSite","@id":"https:\/\/ecoprogress.eu\/de\/#website","url":"https:\/\/ecoprogress.eu\/de\/","name":"Ecoprogress","description":"","publisher":{"@id":"https:\/\/ecoprogress.eu\/de\/#organization"},"potentialAction":[{"@type":"SearchAction","target":{"@type":"EntryPoint","urlTemplate":"https:\/\/ecoprogress.eu\/de\/?s={search_term_string}"},"query-input":{"@type":"PropertyValueSpecification","valueRequired":true,"valueName":"search_term_string"}}],"inLanguage":"de"},{"@type":"Organization","@id":"https:\/\/ecoprogress.eu\/de\/#organization","name":"Ecoprogress","url":"https:\/\/ecoprogress.eu\/de\/","logo":{"@type":"ImageObject","inLanguage":"de","@id":"https:\/\/ecoprogress.eu\/de\/#\/schema\/logo\/image\/","url":"https:\/\/ecoprogress.eu\/wp-content\/uploads\/logo-2.svg","contentUrl":"https:\/\/ecoprogress.eu\/wp-content\/uploads\/logo-2.svg","width":318,"height":349,"caption":"Ecoprogress"},"image":{"@id":"https:\/\/ecoprogress.eu\/de\/#\/schema\/logo\/image\/"}}]}},"_links":{"self":[{"href":"https:\/\/ecoprogress.eu\/de\/wp-json\/wp\/v2\/product\/37854","targetHints":{"allow":["GET"]}}],"collection":[{"href":"https:\/\/ecoprogress.eu\/de\/wp-json\/wp\/v2\/product"}],"about":[{"href":"https:\/\/ecoprogress.eu\/de\/wp-json\/wp\/v2\/types\/product"}],"version-history":[{"count":0,"href":"https:\/\/ecoprogress.eu\/de\/wp-json\/wp\/v2\/product\/37854\/revisions"}],"wp:featuredmedia":[{"embeddable":true,"href":"https:\/\/ecoprogress.eu\/de\/wp-json\/wp\/v2\/media\/37849"}],"wp:attachment":[{"href":"https:\/\/ecoprogress.eu\/de\/wp-json\/wp\/v2\/media?parent=37854"}],"wp:term":[{"taxonomy":"product_brand","embeddable":true,"href":"https:\/\/ecoprogress.eu\/de\/wp-json\/wp\/v2\/product_brand?post=37854"},{"taxonomy":"product_cat","embeddable":true,"href":"https:\/\/ecoprogress.eu\/de\/wp-json\/wp\/v2\/product_cat?post=37854"},{"taxonomy":"product_tag","embeddable":true,"href":"https:\/\/ecoprogress.eu\/de\/wp-json\/wp\/v2\/product_tag?post=37854"}],"curies":[{"name":"wp","href":"https:\/\/api.w.org\/{rel}","templated":true}]}}