{"id":37923,"date":"2023-03-28T13:44:31","date_gmt":"2023-03-28T11:44:31","guid":{"rendered":"https:\/\/ecoprogress.eu\/?post_type=product&#038;p=37923"},"modified":"2023-03-28T13:53:45","modified_gmt":"2023-03-28T11:53:45","slug":"street-workout-konstrukcia-typ-05","status":"publish","type":"product","link":"https:\/\/ecoprogress.eu\/de\/produkt\/street-workout-konstrukcia-typ-05\/","title":{"rendered":"Street workout kon\u0161trukcia typ 05"},"content":{"rendered":"<p>Dodanie 4-6 t\u00fd\u017ed\u0148ov (pod\u013ea stavu skladov\u00fdch z\u00e1sob)<\/p>\n<p>Fitness kon\u0161trukcia z pozinkovanej a pr\u00e1\u0161kovo lakovanej ocele, zlo\u017eenej z \u00d8 121 mm vzpier a nosn\u00edkov \u00d8 48.<\/p>\n<p>Stanica umo\u017e\u0148uje r\u00f4zne cvi\u010denia:<br \/>\n&#8211; BENCH PRESS na posilnenie bru\u0161n\u00fdch svalov a hrudn\u00edka, pomocouty\u010de v hornej \u010dasti lavi\u010dky na vykon\u00e1vanie pr\u00ed\u0165ahov<br \/>\n&#8211; LADER na na\u0165ahovanie chrbta a ramiena na posil\u0148ovanie bru\u0161n\u00fdch svalov a n\u00f4h<br \/>\n&#8211; 3 ty\u010de s r\u00f4znymi v\u00fd\u0161kami na precvi\u010dovanie chrbtov\u00fdch svalov a ramien<br \/>\n&#8211; ROVNOV\u00c1\u017dNA LAVI\u010cKA na zlep\u0161enie rovnov\u00e1hy, koordin\u00e1cie a posil\u0148ovanie dolnej \u010dasti tela<\/p>\n<p>Kon\u0161trukcia je vybaven\u00e1 z\u00e1kladn\u00fdmi doskami na ukotvenie do zeme pomocou skrutiek alebo pomocou pred\u013a\u017een\u00fdch podperami na zabet\u00f3novanie v zemi.<\/p>\n<p>Farebn\u00e9 prevedenie (RAL) pros\u00edm zadajte do pozn\u00e1mky v objedn\u00e1vke.<\/p>\n\n<table id=\"tablepress-1748\" class=\"tablepress tablepress-id-1748\">\n<tbody class=\"row-striping row-hover\">\n<tr class=\"row-1\">\n\t<td class=\"column-1\">materi\u00e1l<\/td><td class=\"column-2\">pozinkovan\u00e1 a ma\u013eovan\u00e1 oce\u013e<\/td>\n<\/tr>\n<tr class=\"row-2\">\n\t<td class=\"column-1\">\u0161\u00edrka<\/td><td class=\"column-2\">420 cm<\/td>\n<\/tr>\n<tr class=\"row-3\">\n\t<td class=\"column-1\">v\u00fd\u0161ka<\/td><td class=\"column-2\">271,1 cm<\/td>\n<\/tr>\n<tr class=\"row-4\">\n\t<td class=\"column-1\">h\u013abka<\/td><td class=\"column-2\">340 cm<\/td>\n<\/tr>\n<\/tbody>\n<\/table>\n\n","protected":false},"excerpt":{"rendered":"<p>Street workout kon\u0161trukcia typ 05 s tromi hrazdami, rebrinami, n\u00edzkymi bradlami a lavi\u010dkou.<\/p>\n","protected":false},"featured_media":37930,"template":"","meta":[],"product_brand":[],"product_cat":[634],"product_tag":[],"class_list":{"0":"post-37923","1":"product","2":"type-product","3":"status-publish","4":"has-post-thumbnail","6":"product_cat-street-workout","7":"product_shipping_class-street-workout","9":"first","10":"instock","11":"featured","12":"taxable","13":"shipping-taxable","14":"purchasable","15":"product-type-simple"},"yoast_head":"<!-- This site is optimized with the Yoast SEO plugin v27.2 - https:\/\/yoast.com\/product\/yoast-seo-wordpress\/ -->\n<title>Street workout kon\u0161trukcia typ 05 | Ecoprogress<\/title>\n<meta name=\"description\" content=\"Street workout kon\u0161trukcia typ 05 s tromi hrazdami, rebrinami, n\u00edzkymi bradlami a lavi\u010dkou.\" \/>\n<meta name=\"robots\" content=\"index, follow, max-snippet:-1, max-image-preview:large, max-video-preview:-1\" \/>\n<link rel=\"canonical\" href=\"https:\/\/ecoprogress.eu\/de\/produkt\/street-workout-konstrukcia-typ-05\/\" \/>\n<meta property=\"og:locale\" content=\"de_DE\" \/>\n<meta property=\"og:type\" content=\"article\" \/>\n<meta property=\"og:title\" content=\"Street workout kon\u0161trukcia typ 05 | Ecoprogress\" \/>\n<meta property=\"og:description\" content=\"Street workout kon\u0161trukcia typ 05 s tromi hrazdami, rebrinami, n\u00edzkymi bradlami a lavi\u010dkou.\" \/>\n<meta property=\"og:url\" content=\"https:\/\/ecoprogress.eu\/de\/produkt\/street-workout-konstrukcia-typ-05\/\" \/>\n<meta property=\"og:site_name\" content=\"Ecoprogress\" \/>\n<meta property=\"article:modified_time\" content=\"2023-03-28T11:53:45+00:00\" \/>\n<meta property=\"og:image\" content=\"https:\/\/ecoprogress.eu\/wp-content\/uploads\/GHCF006-Pegaso.jpeg\" \/>\n\t<meta property=\"og:image:width\" content=\"1920\" \/>\n\t<meta property=\"og:image:height\" content=\"1080\" \/>\n\t<meta property=\"og:image:type\" content=\"image\/jpeg\" \/>\n<meta name=\"twitter:card\" content=\"summary_large_image\" \/>\n<meta name=\"twitter:label1\" content=\"Gesch\u00e4tzte Lesezeit\" \/>\n\t<meta name=\"twitter:data1\" content=\"1\u00a0Minute\" \/>\n<script type=\"application\/ld+json\" class=\"yoast-schema-graph\">{\"@context\":\"https:\/\/schema.org\",\"@graph\":[{\"@type\":\"WebPage\",\"@id\":\"https:\/\/ecoprogress.eu\/de\/produkt\/street-workout-konstrukcia-typ-05\/\",\"url\":\"https:\/\/ecoprogress.eu\/de\/produkt\/street-workout-konstrukcia-typ-05\/\",\"name\":\"Street workout kon\u0161trukcia typ 05 | Ecoprogress\",\"isPartOf\":{\"@id\":\"https:\/\/ecoprogress.eu\/de\/#website\"},\"primaryImageOfPage\":{\"@id\":\"https:\/\/ecoprogress.eu\/de\/produkt\/street-workout-konstrukcia-typ-05\/#primaryimage\"},\"image\":{\"@id\":\"https:\/\/ecoprogress.eu\/de\/produkt\/street-workout-konstrukcia-typ-05\/#primaryimage\"},\"thumbnailUrl\":\"https:\/\/ecoprogress.eu\/wp-content\/uploads\/GHCF006-Pegaso.jpeg\",\"datePublished\":\"2023-03-28T11:44:31+00:00\",\"dateModified\":\"2023-03-28T11:53:45+00:00\",\"description\":\"Street workout kon\u0161trukcia typ 05 s tromi hrazdami, rebrinami, n\u00edzkymi bradlami a lavi\u010dkou.\",\"breadcrumb\":{\"@id\":\"https:\/\/ecoprogress.eu\/de\/produkt\/street-workout-konstrukcia-typ-05\/#breadcrumb\"},\"inLanguage\":\"de\",\"potentialAction\":[{\"@type\":\"ReadAction\",\"target\":[\"https:\/\/ecoprogress.eu\/de\/produkt\/street-workout-konstrukcia-typ-05\/\"]}]},{\"@type\":\"ImageObject\",\"inLanguage\":\"de\",\"@id\":\"https:\/\/ecoprogress.eu\/de\/produkt\/street-workout-konstrukcia-typ-05\/#primaryimage\",\"url\":\"https:\/\/ecoprogress.eu\/wp-content\/uploads\/GHCF006-Pegaso.jpeg\",\"contentUrl\":\"https:\/\/ecoprogress.eu\/wp-content\/uploads\/GHCF006-Pegaso.jpeg\",\"width\":1920,\"height\":1080},{\"@type\":\"BreadcrumbList\",\"@id\":\"https:\/\/ecoprogress.eu\/de\/produkt\/street-workout-konstrukcia-typ-05\/#breadcrumb\",\"itemListElement\":[{\"@type\":\"ListItem\",\"position\":1,\"name\":\"Produkte\",\"item\":\"https:\/\/ecoprogress.eu\/de\/produkte\/\"},{\"@type\":\"ListItem\",\"position\":2,\"name\":\"Street workout kon\u0161trukcia typ 05\"}]},{\"@type\":\"WebSite\",\"@id\":\"https:\/\/ecoprogress.eu\/de\/#website\",\"url\":\"https:\/\/ecoprogress.eu\/de\/\",\"name\":\"Ecoprogress\",\"description\":\"\",\"publisher\":{\"@id\":\"https:\/\/ecoprogress.eu\/de\/#organization\"},\"potentialAction\":[{\"@type\":\"SearchAction\",\"target\":{\"@type\":\"EntryPoint\",\"urlTemplate\":\"https:\/\/ecoprogress.eu\/de\/?s={search_term_string}\"},\"query-input\":{\"@type\":\"PropertyValueSpecification\",\"valueRequired\":true,\"valueName\":\"search_term_string\"}}],\"inLanguage\":\"de\"},{\"@type\":\"Organization\",\"@id\":\"https:\/\/ecoprogress.eu\/de\/#organization\",\"name\":\"Ecoprogress\",\"url\":\"https:\/\/ecoprogress.eu\/de\/\",\"logo\":{\"@type\":\"ImageObject\",\"inLanguage\":\"de\",\"@id\":\"https:\/\/ecoprogress.eu\/de\/#\/schema\/logo\/image\/\",\"url\":\"https:\/\/ecoprogress.eu\/wp-content\/uploads\/logo-2.svg\",\"contentUrl\":\"https:\/\/ecoprogress.eu\/wp-content\/uploads\/logo-2.svg\",\"width\":318,\"height\":349,\"caption\":\"Ecoprogress\"},\"image\":{\"@id\":\"https:\/\/ecoprogress.eu\/de\/#\/schema\/logo\/image\/\"}}]}<\/script>\n<!-- \/ Yoast SEO plugin. -->","yoast_head_json":{"title":"Street workout kon\u0161trukcia typ 05 | Ecoprogress","description":"Street workout kon\u0161trukcia typ 05 s tromi hrazdami, rebrinami, n\u00edzkymi bradlami a lavi\u010dkou.","robots":{"index":"index","follow":"follow","max-snippet":"max-snippet:-1","max-image-preview":"max-image-preview:large","max-video-preview":"max-video-preview:-1"},"canonical":"https:\/\/ecoprogress.eu\/de\/produkt\/street-workout-konstrukcia-typ-05\/","og_locale":"de_DE","og_type":"article","og_title":"Street workout kon\u0161trukcia typ 05 | Ecoprogress","og_description":"Street workout kon\u0161trukcia typ 05 s tromi hrazdami, rebrinami, n\u00edzkymi bradlami a lavi\u010dkou.","og_url":"https:\/\/ecoprogress.eu\/de\/produkt\/street-workout-konstrukcia-typ-05\/","og_site_name":"Ecoprogress","article_modified_time":"2023-03-28T11:53:45+00:00","og_image":[{"width":1920,"height":1080,"url":"https:\/\/ecoprogress.eu\/wp-content\/uploads\/GHCF006-Pegaso.jpeg","type":"image\/jpeg"}],"twitter_card":"summary_large_image","twitter_misc":{"Gesch\u00e4tzte Lesezeit":"1\u00a0Minute"},"schema":{"@context":"https:\/\/schema.org","@graph":[{"@type":"WebPage","@id":"https:\/\/ecoprogress.eu\/de\/produkt\/street-workout-konstrukcia-typ-05\/","url":"https:\/\/ecoprogress.eu\/de\/produkt\/street-workout-konstrukcia-typ-05\/","name":"Street workout kon\u0161trukcia typ 05 | Ecoprogress","isPartOf":{"@id":"https:\/\/ecoprogress.eu\/de\/#website"},"primaryImageOfPage":{"@id":"https:\/\/ecoprogress.eu\/de\/produkt\/street-workout-konstrukcia-typ-05\/#primaryimage"},"image":{"@id":"https:\/\/ecoprogress.eu\/de\/produkt\/street-workout-konstrukcia-typ-05\/#primaryimage"},"thumbnailUrl":"https:\/\/ecoprogress.eu\/wp-content\/uploads\/GHCF006-Pegaso.jpeg","datePublished":"2023-03-28T11:44:31+00:00","dateModified":"2023-03-28T11:53:45+00:00","description":"Street workout kon\u0161trukcia typ 05 s tromi hrazdami, rebrinami, n\u00edzkymi bradlami a lavi\u010dkou.","breadcrumb":{"@id":"https:\/\/ecoprogress.eu\/de\/produkt\/street-workout-konstrukcia-typ-05\/#breadcrumb"},"inLanguage":"de","potentialAction":[{"@type":"ReadAction","target":["https:\/\/ecoprogress.eu\/de\/produkt\/street-workout-konstrukcia-typ-05\/"]}]},{"@type":"ImageObject","inLanguage":"de","@id":"https:\/\/ecoprogress.eu\/de\/produkt\/street-workout-konstrukcia-typ-05\/#primaryimage","url":"https:\/\/ecoprogress.eu\/wp-content\/uploads\/GHCF006-Pegaso.jpeg","contentUrl":"https:\/\/ecoprogress.eu\/wp-content\/uploads\/GHCF006-Pegaso.jpeg","width":1920,"height":1080},{"@type":"BreadcrumbList","@id":"https:\/\/ecoprogress.eu\/de\/produkt\/street-workout-konstrukcia-typ-05\/#breadcrumb","itemListElement":[{"@type":"ListItem","position":1,"name":"Produkte","item":"https:\/\/ecoprogress.eu\/de\/produkte\/"},{"@type":"ListItem","position":2,"name":"Street workout kon\u0161trukcia typ 05"}]},{"@type":"WebSite","@id":"https:\/\/ecoprogress.eu\/de\/#website","url":"https:\/\/ecoprogress.eu\/de\/","name":"Ecoprogress","description":"","publisher":{"@id":"https:\/\/ecoprogress.eu\/de\/#organization"},"potentialAction":[{"@type":"SearchAction","target":{"@type":"EntryPoint","urlTemplate":"https:\/\/ecoprogress.eu\/de\/?s={search_term_string}"},"query-input":{"@type":"PropertyValueSpecification","valueRequired":true,"valueName":"search_term_string"}}],"inLanguage":"de"},{"@type":"Organization","@id":"https:\/\/ecoprogress.eu\/de\/#organization","name":"Ecoprogress","url":"https:\/\/ecoprogress.eu\/de\/","logo":{"@type":"ImageObject","inLanguage":"de","@id":"https:\/\/ecoprogress.eu\/de\/#\/schema\/logo\/image\/","url":"https:\/\/ecoprogress.eu\/wp-content\/uploads\/logo-2.svg","contentUrl":"https:\/\/ecoprogress.eu\/wp-content\/uploads\/logo-2.svg","width":318,"height":349,"caption":"Ecoprogress"},"image":{"@id":"https:\/\/ecoprogress.eu\/de\/#\/schema\/logo\/image\/"}}]}},"_links":{"self":[{"href":"https:\/\/ecoprogress.eu\/de\/wp-json\/wp\/v2\/product\/37923","targetHints":{"allow":["GET"]}}],"collection":[{"href":"https:\/\/ecoprogress.eu\/de\/wp-json\/wp\/v2\/product"}],"about":[{"href":"https:\/\/ecoprogress.eu\/de\/wp-json\/wp\/v2\/types\/product"}],"version-history":[{"count":0,"href":"https:\/\/ecoprogress.eu\/de\/wp-json\/wp\/v2\/product\/37923\/revisions"}],"wp:featuredmedia":[{"embeddable":true,"href":"https:\/\/ecoprogress.eu\/de\/wp-json\/wp\/v2\/media\/37930"}],"wp:attachment":[{"href":"https:\/\/ecoprogress.eu\/de\/wp-json\/wp\/v2\/media?parent=37923"}],"wp:term":[{"taxonomy":"product_brand","embeddable":true,"href":"https:\/\/ecoprogress.eu\/de\/wp-json\/wp\/v2\/product_brand?post=37923"},{"taxonomy":"product_cat","embeddable":true,"href":"https:\/\/ecoprogress.eu\/de\/wp-json\/wp\/v2\/product_cat?post=37923"},{"taxonomy":"product_tag","embeddable":true,"href":"https:\/\/ecoprogress.eu\/de\/wp-json\/wp\/v2\/product_tag?post=37923"}],"curies":[{"name":"wp","href":"https:\/\/api.w.org\/{rel}","templated":true}]}}